{"id":52809,"date":"2022-09-29T18:06:11","date_gmt":"2022-09-29T15:06:11","guid":{"rendered":"https:\/\/toidupakk.ee\/toode\/suszone-mango-500-g-bez-dodatku-cukru\/"},"modified":"2026-05-14T08:31:34","modified_gmt":"2026-05-14T05:31:34","slug":"suszone-mango-500-g-bez-dodatku-cukru","status":"publish","type":"product","link":"https:\/\/toidupakk.ee\/pl\/toode\/suszone-mango-500-g-bez-dodatku-cukru\/","title":{"rendered":"Suszone mango 500 g bez dodatku cukru"},"content":{"rendered":"<h1><img fetchpriority=\"high\" decoding=\"async\" class=\"wp-image-5049 size-thumbnail alignright\" style=\"font-size: 16px; font-weight: 400;\" src=\"https:\/\/toidupakk.ee\/wp-content\/uploads\/2022\/09\/Kuivatatud-mango-5-500x500.png\" alt=\"Suszone mango na talerzu\" width=\"500\" height=\"500\" srcset=\"https:\/\/toidupakk.ee\/wp-content\/uploads\/2022\/09\/Kuivatatud-mango-5-500x500.png 500w, https:\/\/toidupakk.ee\/wp-content\/uploads\/2022\/09\/Kuivatatud-mango-5-400x400.png 400w, https:\/\/toidupakk.ee\/wp-content\/uploads\/2022\/09\/Kuivatatud-mango-5-100x100.png 100w, https:\/\/toidupakk.ee\/wp-content\/uploads\/2022\/09\/Kuivatatud-mango-5-800x800.png 800w, https:\/\/toidupakk.ee\/wp-content\/uploads\/2022\/09\/Kuivatatud-mango-5-300x300.png 300w, https:\/\/toidupakk.ee\/wp-content\/uploads\/2022\/09\/Kuivatatud-mango-5-1024x1024.png 1024w, https:\/\/toidupakk.ee\/wp-content\/uploads\/2022\/09\/Kuivatatud-mango-5-768x768.png 768w, https:\/\/toidupakk.ee\/wp-content\/uploads\/2022\/09\/Kuivatatud-mango-5.png 1080w\" sizes=\"(max-width: 500px) 100vw, 500px\" \/>Suszone mango \u2013 co to takiego?<\/h1>\n<p>Suszone mango to \u015bwietna i zdrowa alternatywa dla czekolady, cukierk\u00f3w, lod\u00f3w i innych \u0142akoci. Mango zawiera du\u017c\u0105 ilo\u015b\u0107 witaminy C i beta-karotenu, a tak\u017ce wap\u0144 i \u017celazo. Wap\u0144 pomaga w walce z osteoporoz\u0105. Cukier zawarty w suszonym mango stymuluje prac\u0119 m\u00f3zgu, a b\u0142onnik wspomaga trawienie. G\u0142\u00f3wnym sk\u0142adnikiem suszonego mango s\u0105 w\u0119glowodany. Ponadto znajdziemy w nim witaminy A i E.      <\/p>\n<h2>Czy wiesz, \u017ce do wyprodukowania 1 kilograma suszonego mango potrzeba a\u017c 10 kilogram\u00f3w \u015bwie\u017cych owoc\u00f3w?<\/h2>\n<p>Suszone mango jest wysoko cenione zar\u00f3wno przez dzieci, jak i doros\u0142ych. Ci, kt\u00f3rzy ju\u017c pr\u00f3bowali, wiedz\u0105 o czym mowa! Spr\u00f3buj, a gwarantujemy, \u017ce wkr\u00f3tce wr\u00f3cisz po wi\u0119cej!  <\/p>\n<h3>Dlaczego w og\u00f3le warto je\u015b\u0107 mango?<\/h3>\n<p>Po pierwsze dlatego, \u017ce jest niesamowicie dobre!<\/p>\n<p>Po drugie, mango jako jeden z najpopularniejszych owoc\u00f3w tropikalnych zas\u0142u\u017cy\u0142o na miano kr\u00f3la owoc\u00f3w na ca\u0142ym \u015bwiecie. Mango zacz\u0119to uprawia\u0107 w Indiach ju\u017c 4000 lat temu. Ten pyszny owoc dotar\u0142 w XVI wieku wraz z Portugalczykami z po\u0142udniowych Indii do Afryki, a stamt\u0105d na kontynent ameryka\u0144ski.   <\/p>\n<p>Owoce mango maj\u0105 r\u00f3\u017cne kolory, kszta\u0142ty i rozmiary. Kolor zale\u017cy g\u0142\u00f3wnie od stopnia dojrza\u0142o\u015bci. Mango mog\u0105 by\u0107 na przyk\u0142ad czerwone, zielone, pomara\u0144czowe lub \u017c\u00f3\u0142te.  <\/p>\n<p><img decoding=\"async\" class=\"wp-image-5047 size-thumbnail alignright\" src=\"https:\/\/toidupakk.ee\/wp-content\/uploads\/2022\/09\/Kuivatatud-mango-3-500x500.png\" alt=\"Mango w postaci suszonej\" width=\"500\" height=\"500\" srcset=\"https:\/\/toidupakk.ee\/wp-content\/uploads\/2022\/09\/Kuivatatud-mango-3-500x500.png 500w, https:\/\/toidupakk.ee\/wp-content\/uploads\/2022\/09\/Kuivatatud-mango-3-400x400.png 400w, https:\/\/toidupakk.ee\/wp-content\/uploads\/2022\/09\/Kuivatatud-mango-3-100x100.png 100w, https:\/\/toidupakk.ee\/wp-content\/uploads\/2022\/09\/Kuivatatud-mango-3-800x800.png 800w, https:\/\/toidupakk.ee\/wp-content\/uploads\/2022\/09\/Kuivatatud-mango-3-300x300.png 300w, https:\/\/toidupakk.ee\/wp-content\/uploads\/2022\/09\/Kuivatatud-mango-3-1024x1024.png 1024w, https:\/\/toidupakk.ee\/wp-content\/uploads\/2022\/09\/Kuivatatud-mango-3-768x768.png 768w, https:\/\/toidupakk.ee\/wp-content\/uploads\/2022\/09\/Kuivatatud-mango-3.png 1080w\" sizes=\"(max-width: 500px) 100vw, 500px\" \/><\/p>\n<h3>Dlaczego wi\u0119c warto je\u015b\u0107 suszone mango? Oczywi\u015bcie dlatego, \u017ce to superzdrowa przek\u0105ska, kt\u00f3rej nikt nie odm\u00f3wi. Zasmakuje nawet najwi\u0119kszemu \u0142asuchowi.  <\/h3>\n<p>W Estonii trudno o dobre \u015bwie\u017ce mango, natomiast suszone mango jest zawsze dost\u0119pne.<br \/>\nPlastry suszonego mango to zdrowa alternatywa dla cukierk\u00f3w i innych mniej zdrowych s\u0142odyczy.<\/p>\n<p><strong>Ka\u017cdego roku w Indiach dziesi\u0105tki kobiet z ogromnym apetytem zajadaj\u0105 si\u0119 jednym owocem podczas zawod\u00f3w w jedzeniu. Jakim? Oczywi\u015bcie mango. Ten pe\u0142en warto\u015bciowych sk\u0142adnik\u00f3w owoc jest ceniony na ca\u0142ym \u015bwiecie.   <\/strong><\/p>\n<p>Dzi\u0119ki bogactwu witamin i minera\u0142\u00f3w suszone mango wzbogaca nasz\u0105 codzienn\u0105 diet\u0119 i jest warto\u015bciowym dodatkiem do owsianek, jogurt\u00f3w oraz r\u00f3\u017cnych wypiek\u00f3w, a tak\u017ce cenn\u0105 przek\u0105sk\u0105 dla os\u00f3b w biegu.<\/p>\n<p><b>Warto\u015bci od\u017cywcze<\/b><\/p>\n<table class=\"table table-responsive\">\n<thead>\n<tr>\n<th>\u015aREDNIA WARTO\u015a\u0106 OD\u017bYWCZA<\/th>\n<th>100 G<\/th>\n<\/tr>\n<\/thead>\n<tbody>\n<tr>\n<td>Energia<\/td>\n<td>1547 kJ \/ 370 kcal<\/td>\n<\/tr>\n<tr>\n<td>W\u0119glowodany<\/td>\n<td>41,4 g<\/td>\n<\/tr>\n<tr>\n<td>w tym cukry<\/td>\n<td>34 g<\/td>\n<\/tr>\n<tr>\n<td>Bia\u0142ko<\/td>\n<td>1 g<\/td>\n<\/tr>\n<tr>\n<td>T\u0142uszcze<\/td>\n<td>0,1 g<\/td>\n<\/tr>\n<tr>\n<td>S\u00f3l<\/td>\n<td>0,083 g<\/td>\n<\/tr>\n<\/tbody>\n<\/table>\n<p>&nbsp;<\/p>\n<p>Zobacz wi\u0119cej zdrowych przek\u0105sek <a href=\"\/?product_cat=snakk#section-3-79\">TUTAJ<\/a><br \/>\nZobacz sprz\u0119t turystyczny <a href=\"https:\/\/toidupakk.ee\/pl\/tootekategooria\/sprzet-turystyczny\/#section-3-79\">TUTAJ<\/a><br \/>\nZnajd\u017a inspiracj\u0119 na kolejne przygody na <a href=\"https:\/\/www.instagram.com\/toidupakk\/\">Instagramie<\/a> i <a href=\"https:\/\/www.facebook.com\/Toidupakk\/\">Facebooku<\/a> Toidupakk.<\/p>\n","protected":false},"excerpt":{"rendered":"<p>Fantastyczny smak suszonego mango kryje w sobie nieziemsk\u0105 przyjemno\u015b\u0107 i nikogo nie pozostawi oboj\u0119tnym. <strong>Du\u017ce opakowanie 0,5 kg! Bez dodatku cukr\u00f3w! <\/strong><\/p>\n<ul>\n<li>Mi\u0142o\u015bnicy mango, mamy co\u015b dla was \ud83d\udc49 <strong>suszone s\u0142odkie plastry mango<\/strong><\/li>\n<li>Naturalne mango dojrzewaj\u0105ce w gor\u0105cym s\u0142o\u0144cu to idealny przysmak nawet dla najwi\u0119kszego \u0142asucha<\/li>\n<li>Zdrowa s\u0142odycz, nie zawiera dodatku cukru ani glutenu<\/li>\n<li>Idealne do podjadania prosto z paczki, ale pasuje te\u017c do jogurtu, wypiek\u00f3w lub owsianki<\/li>\n<\/ul>\n<p><strong>Sk\u0142adniki:<\/strong> mango (99,19%), przeciwutleniacz (kwas cytrynowy \u2013 0,8%), E223 (0,01% przeciwutleniacz i konserwant).<br \/>\n<strong>Waga: 500 g<\/strong><br \/>\n<strong>Najlepiej spo\u017cy\u0107 przed:<\/strong> 6 miesi\u0119cy od daty produkcji<br \/>\n<strong>Kraj pochodzenia:<\/strong> Wietnam<br \/>\n<strong>Przechowywanie:<\/strong> w ch\u0142odnym i suchym miejscu, najlepiej w lod\u00f3wce.<\/p>\n<p>\u2705 Dost\u0119pne w magazynie, szybka dostawa w 1\u20133 dni robocze<\/p>\n","protected":false},"featured_media":32743,"comment_status":"open","ping_status":"closed","template":"","meta":{"_acf_changed":false},"product_brand":[],"product_cat":[303,364,311,322],"product_tag":[],"class_list":{"0":"post-52809","1":"product","2":"type-product","3":"status-publish","4":"has-post-thumbnail","6":"product_cat-akcesoria-turystyczne","7":"product_cat-dodatki","8":"product_cat-praktyczne-pomysly-na-prezent","9":"product_cat-przekaski","11":"first","12":"instock","13":"sale","14":"taxable","15":"shipping-taxable","16":"purchasable","17":"product-type-simple"},"bundled_by":[],"bundle_stock_status":"instock","bundle_stock_quantity":43,"bundle_virtual":false,"bundle_layout":"","bundle_add_to_cart_form_location":"","bundle_editable_in_cart":false,"bundle_sold_individually_context":"","bundle_item_grouping":"","bundle_min_size":"","bundle_max_size":"","bundle_price":[],"bundled_items":[],"bundle_sell_ids":[],"acf":[],"yoast_head":"<!-- This site is optimized with the Yoast SEO plugin v27.3 - https:\/\/yoast.com\/product\/yoast-seo-wordpress\/ -->\n<title>Suszone mango 500 g bez dodatku cukru<\/title>\n<meta name=\"description\" content=\"Suszone mango to pyszny i zdrowy zamiennik cukierk\u00f3w i innych s\u0142odyczy. Ta zdrowa przek\u0105ska zasmakuje ka\u017cdemu. Bez konserwant\u00f3w i bez dodatku cukru!\" \/>\n<meta name=\"robots\" content=\"index, follow, max-snippet:-1, max-image-preview:large, max-video-preview:-1\" \/>\n<link rel=\"canonical\" href=\"https:\/\/toidupakk.ee\/pl\/toode\/suszone-mango-500-g-bez-dodatku-cukru\/\" \/>\n<meta property=\"og:locale\" content=\"pl_PL\" \/>\n<meta property=\"og:type\" content=\"article\" \/>\n<meta property=\"og:title\" content=\"Suszone mango 500 g bez dodatku cukru\" \/>\n<meta property=\"og:description\" content=\"Suszone mango to pyszny i zdrowy zamiennik cukierk\u00f3w i innych s\u0142odyczy. Ta zdrowa przek\u0105ska zasmakuje ka\u017cdemu. Bez konserwant\u00f3w i bez dodatku cukru!\" \/>\n<meta property=\"og:url\" content=\"https:\/\/toidupakk.ee\/pl\/toode\/suszone-mango-500-g-bez-dodatku-cukru\/\" \/>\n<meta property=\"og:site_name\" content=\"Toidupakk.ee - Tactical Foodpack toidupakid\" \/>\n<meta property=\"article:publisher\" content=\"https:\/\/www.facebook.com\/Toidupakk\" \/>\n<meta property=\"article:modified_time\" content=\"2026-05-14T05:31:34+00:00\" \/>\n<meta property=\"og:image\" content=\"https:\/\/toidupakk.ee\/wp-content\/uploads\/2022\/09\/Kuivatatud-mango.png\" \/>\n\t<meta property=\"og:image:width\" content=\"800\" \/>\n\t<meta property=\"og:image:height\" content=\"800\" \/>\n\t<meta property=\"og:image:type\" content=\"image\/png\" \/>\n<meta name=\"twitter:card\" content=\"summary_large_image\" \/>\n<meta name=\"twitter:label1\" content=\"Szacowany czas czytania\" \/>\n\t<meta name=\"twitter:data1\" content=\"2 minuty\" \/>\n<script type=\"application\/ld+json\" class=\"yoast-schema-graph\">{\"@context\":\"https:\\\/\\\/schema.org\",\"@graph\":[{\"@type\":\"WebPage\",\"@id\":\"https:\\\/\\\/toidupakk.ee\\\/pl\\\/toode\\\/suszone-mango-500-g-bez-dodatku-cukru\\\/\",\"url\":\"https:\\\/\\\/toidupakk.ee\\\/pl\\\/toode\\\/suszone-mango-500-g-bez-dodatku-cukru\\\/\",\"name\":\"Suszone mango 500 g bez dodatku cukru\",\"isPartOf\":{\"@id\":\"https:\\\/\\\/toidupakk.ee\\\/pl\\\/#website\"},\"primaryImageOfPage\":{\"@id\":\"https:\\\/\\\/toidupakk.ee\\\/pl\\\/toode\\\/suszone-mango-500-g-bez-dodatku-cukru\\\/#primaryimage\"},\"image\":{\"@id\":\"https:\\\/\\\/toidupakk.ee\\\/pl\\\/toode\\\/suszone-mango-500-g-bez-dodatku-cukru\\\/#primaryimage\"},\"thumbnailUrl\":\"https:\\\/\\\/toidupakk.ee\\\/wp-content\\\/uploads\\\/2022\\\/09\\\/Kuivatatud-mango.png\",\"datePublished\":\"2022-09-29T15:06:11+00:00\",\"dateModified\":\"2026-05-14T05:31:34+00:00\",\"description\":\"Suszone mango to pyszny i zdrowy zamiennik cukierk\u00f3w i innych s\u0142odyczy. Ta zdrowa przek\u0105ska zasmakuje ka\u017cdemu. Bez konserwant\u00f3w i bez dodatku cukru!\",\"breadcrumb\":{\"@id\":\"https:\\\/\\\/toidupakk.ee\\\/pl\\\/toode\\\/suszone-mango-500-g-bez-dodatku-cukru\\\/#breadcrumb\"},\"inLanguage\":\"pl-PL\",\"potentialAction\":[{\"@type\":\"ReadAction\",\"target\":[\"https:\\\/\\\/toidupakk.ee\\\/pl\\\/toode\\\/suszone-mango-500-g-bez-dodatku-cukru\\\/\"]}]},{\"@type\":\"ImageObject\",\"inLanguage\":\"pl-PL\",\"@id\":\"https:\\\/\\\/toidupakk.ee\\\/pl\\\/toode\\\/suszone-mango-500-g-bez-dodatku-cukru\\\/#primaryimage\",\"url\":\"https:\\\/\\\/toidupakk.ee\\\/wp-content\\\/uploads\\\/2022\\\/09\\\/Kuivatatud-mango.png\",\"contentUrl\":\"https:\\\/\\\/toidupakk.ee\\\/wp-content\\\/uploads\\\/2022\\\/09\\\/Kuivatatud-mango.png\",\"width\":800,\"height\":800,\"caption\":\"kuivatatud mangolaastud ilma lisatud suhkruta\"},{\"@type\":\"BreadcrumbList\",\"@id\":\"https:\\\/\\\/toidupakk.ee\\\/pl\\\/toode\\\/suszone-mango-500-g-bez-dodatku-cukru\\\/#breadcrumb\",\"itemListElement\":[{\"@type\":\"ListItem\",\"position\":1,\"name\":\"Avaleht\",\"item\":\"https:\\\/\\\/toidupakk.ee\\\/pl\\\/\"},{\"@type\":\"ListItem\",\"position\":2,\"name\":\"Sklep internetowy\",\"item\":\"https:\\\/\\\/toidupakk.ee\\\/pl\\\/sklep-internetowy\\\/\"},{\"@type\":\"ListItem\",\"position\":3,\"name\":\"Suszone mango 500 g bez dodatku cukru\"}]},{\"@type\":\"WebSite\",\"@id\":\"https:\\\/\\\/toidupakk.ee\\\/pl\\\/#website\",\"url\":\"https:\\\/\\\/toidupakk.ee\\\/pl\\\/\",\"name\":\"Toidupakk.ee - Tactical Foodpack toidupakid\",\"description\":\"Tactical Foodpack k\u00fclmkuivatatud toidupakid ja matkaeined\",\"publisher\":{\"@id\":\"https:\\\/\\\/toidupakk.ee\\\/pl\\\/#organization\"},\"potentialAction\":[{\"@type\":\"SearchAction\",\"target\":{\"@type\":\"EntryPoint\",\"urlTemplate\":\"https:\\\/\\\/toidupakk.ee\\\/pl\\\/?s={search_term_string}\"},\"query-input\":{\"@type\":\"PropertyValueSpecification\",\"valueRequired\":true,\"valueName\":\"search_term_string\"}}],\"inLanguage\":\"pl-PL\"},{\"@type\":\"Organization\",\"@id\":\"https:\\\/\\\/toidupakk.ee\\\/pl\\\/#organization\",\"name\":\"Tactical Foodpack matkaeined\",\"url\":\"https:\\\/\\\/toidupakk.ee\\\/pl\\\/\",\"logo\":{\"@type\":\"ImageObject\",\"inLanguage\":\"pl-PL\",\"@id\":\"https:\\\/\\\/toidupakk.ee\\\/pl\\\/#\\\/schema\\\/logo\\\/image\\\/\",\"url\":\"https:\\\/\\\/toidupakk.ee\\\/wp-content\\\/uploads\\\/2022\\\/01\\\/Toidupakk-matkapood-logo-transparent.png\",\"contentUrl\":\"https:\\\/\\\/toidupakk.ee\\\/wp-content\\\/uploads\\\/2022\\\/01\\\/Toidupakk-matkapood-logo-transparent.png\",\"width\":500,\"height\":500,\"caption\":\"Tactical Foodpack matkaeined\"},\"image\":{\"@id\":\"https:\\\/\\\/toidupakk.ee\\\/pl\\\/#\\\/schema\\\/logo\\\/image\\\/\"},\"sameAs\":[\"https:\\\/\\\/www.facebook.com\\\/Toidupakk\",\"https:\\\/\\\/www.instagram.com\\\/toidupakk\\\/\"]}]}<\/script>\n<!-- \/ Yoast SEO plugin. -->","yoast_head_json":{"title":"Suszone mango 500 g bez dodatku cukru","description":"Suszone mango to pyszny i zdrowy zamiennik cukierk\u00f3w i innych s\u0142odyczy. Ta zdrowa przek\u0105ska zasmakuje ka\u017cdemu. Bez konserwant\u00f3w i bez dodatku cukru!","robots":{"index":"index","follow":"follow","max-snippet":"max-snippet:-1","max-image-preview":"max-image-preview:large","max-video-preview":"max-video-preview:-1"},"canonical":"https:\/\/toidupakk.ee\/pl\/toode\/suszone-mango-500-g-bez-dodatku-cukru\/","og_locale":"pl_PL","og_type":"article","og_title":"Suszone mango 500 g bez dodatku cukru","og_description":"Suszone mango to pyszny i zdrowy zamiennik cukierk\u00f3w i innych s\u0142odyczy. Ta zdrowa przek\u0105ska zasmakuje ka\u017cdemu. Bez konserwant\u00f3w i bez dodatku cukru!","og_url":"https:\/\/toidupakk.ee\/pl\/toode\/suszone-mango-500-g-bez-dodatku-cukru\/","og_site_name":"Toidupakk.ee - Tactical Foodpack toidupakid","article_publisher":"https:\/\/www.facebook.com\/Toidupakk","article_modified_time":"2026-05-14T05:31:34+00:00","og_image":[{"width":800,"height":800,"url":"https:\/\/toidupakk.ee\/wp-content\/uploads\/2022\/09\/Kuivatatud-mango.png","type":"image\/png"}],"twitter_card":"summary_large_image","twitter_misc":{"Szacowany czas czytania":"2 minuty"},"schema":{"@context":"https:\/\/schema.org","@graph":[{"@type":"WebPage","@id":"https:\/\/toidupakk.ee\/pl\/toode\/suszone-mango-500-g-bez-dodatku-cukru\/","url":"https:\/\/toidupakk.ee\/pl\/toode\/suszone-mango-500-g-bez-dodatku-cukru\/","name":"Suszone mango 500 g bez dodatku cukru","isPartOf":{"@id":"https:\/\/toidupakk.ee\/pl\/#website"},"primaryImageOfPage":{"@id":"https:\/\/toidupakk.ee\/pl\/toode\/suszone-mango-500-g-bez-dodatku-cukru\/#primaryimage"},"image":{"@id":"https:\/\/toidupakk.ee\/pl\/toode\/suszone-mango-500-g-bez-dodatku-cukru\/#primaryimage"},"thumbnailUrl":"https:\/\/toidupakk.ee\/wp-content\/uploads\/2022\/09\/Kuivatatud-mango.png","datePublished":"2022-09-29T15:06:11+00:00","dateModified":"2026-05-14T05:31:34+00:00","description":"Suszone mango to pyszny i zdrowy zamiennik cukierk\u00f3w i innych s\u0142odyczy. Ta zdrowa przek\u0105ska zasmakuje ka\u017cdemu. Bez konserwant\u00f3w i bez dodatku cukru!","breadcrumb":{"@id":"https:\/\/toidupakk.ee\/pl\/toode\/suszone-mango-500-g-bez-dodatku-cukru\/#breadcrumb"},"inLanguage":"pl-PL","potentialAction":[{"@type":"ReadAction","target":["https:\/\/toidupakk.ee\/pl\/toode\/suszone-mango-500-g-bez-dodatku-cukru\/"]}]},{"@type":"ImageObject","inLanguage":"pl-PL","@id":"https:\/\/toidupakk.ee\/pl\/toode\/suszone-mango-500-g-bez-dodatku-cukru\/#primaryimage","url":"https:\/\/toidupakk.ee\/wp-content\/uploads\/2022\/09\/Kuivatatud-mango.png","contentUrl":"https:\/\/toidupakk.ee\/wp-content\/uploads\/2022\/09\/Kuivatatud-mango.png","width":800,"height":800,"caption":"kuivatatud mangolaastud ilma lisatud suhkruta"},{"@type":"BreadcrumbList","@id":"https:\/\/toidupakk.ee\/pl\/toode\/suszone-mango-500-g-bez-dodatku-cukru\/#breadcrumb","itemListElement":[{"@type":"ListItem","position":1,"name":"Avaleht","item":"https:\/\/toidupakk.ee\/pl\/"},{"@type":"ListItem","position":2,"name":"Sklep internetowy","item":"https:\/\/toidupakk.ee\/pl\/sklep-internetowy\/"},{"@type":"ListItem","position":3,"name":"Suszone mango 500 g bez dodatku cukru"}]},{"@type":"WebSite","@id":"https:\/\/toidupakk.ee\/pl\/#website","url":"https:\/\/toidupakk.ee\/pl\/","name":"Toidupakk.ee - Tactical Foodpack toidupakid","description":"Tactical Foodpack k\u00fclmkuivatatud toidupakid ja matkaeined","publisher":{"@id":"https:\/\/toidupakk.ee\/pl\/#organization"},"potentialAction":[{"@type":"SearchAction","target":{"@type":"EntryPoint","urlTemplate":"https:\/\/toidupakk.ee\/pl\/?s={search_term_string}"},"query-input":{"@type":"PropertyValueSpecification","valueRequired":true,"valueName":"search_term_string"}}],"inLanguage":"pl-PL"},{"@type":"Organization","@id":"https:\/\/toidupakk.ee\/pl\/#organization","name":"Tactical Foodpack matkaeined","url":"https:\/\/toidupakk.ee\/pl\/","logo":{"@type":"ImageObject","inLanguage":"pl-PL","@id":"https:\/\/toidupakk.ee\/pl\/#\/schema\/logo\/image\/","url":"https:\/\/toidupakk.ee\/wp-content\/uploads\/2022\/01\/Toidupakk-matkapood-logo-transparent.png","contentUrl":"https:\/\/toidupakk.ee\/wp-content\/uploads\/2022\/01\/Toidupakk-matkapood-logo-transparent.png","width":500,"height":500,"caption":"Tactical Foodpack matkaeined"},"image":{"@id":"https:\/\/toidupakk.ee\/pl\/#\/schema\/logo\/image\/"},"sameAs":["https:\/\/www.facebook.com\/Toidupakk","https:\/\/www.instagram.com\/toidupakk\/"]}]}},"jetpack_sharing_enabled":true,"_links":{"self":[{"href":"https:\/\/toidupakk.ee\/pl\/wp-json\/wp\/v2\/product\/52809","targetHints":{"allow":["GET"]}}],"collection":[{"href":"https:\/\/toidupakk.ee\/pl\/wp-json\/wp\/v2\/product"}],"about":[{"href":"https:\/\/toidupakk.ee\/pl\/wp-json\/wp\/v2\/types\/product"}],"replies":[{"embeddable":true,"href":"https:\/\/toidupakk.ee\/pl\/wp-json\/wp\/v2\/comments?post=52809"}],"wp:featuredmedia":[{"embeddable":true,"href":"https:\/\/toidupakk.ee\/pl\/wp-json\/wp\/v2\/media\/32743"}],"wp:attachment":[{"href":"https:\/\/toidupakk.ee\/pl\/wp-json\/wp\/v2\/media?parent=52809"}],"wp:term":[{"taxonomy":"product_brand","embeddable":true,"href":"https:\/\/toidupakk.ee\/pl\/wp-json\/wp\/v2\/product_brand?post=52809"},{"taxonomy":"product_cat","embeddable":true,"href":"https:\/\/toidupakk.ee\/pl\/wp-json\/wp\/v2\/product_cat?post=52809"},{"taxonomy":"product_tag","embeddable":true,"href":"https:\/\/toidupakk.ee\/pl\/wp-json\/wp\/v2\/product_tag?post=52809"}],"curies":[{"name":"wp","href":"https:\/\/api.w.org\/{rel}","templated":true}]}}