{"id":52803,"date":"2023-01-27T18:24:15","date_gmt":"2023-01-27T16:24:15","guid":{"rendered":"https:\/\/toidupakk.ee\/toode\/akumulatorowa-latarka-led-mission-1000\/"},"modified":"2026-04-21T12:00:26","modified_gmt":"2026-04-21T09:00:26","slug":"akumulatorowa-latarka-led-mission-1000","status":"publish","type":"product","link":"https:\/\/toidupakk.ee\/pl\/toode\/akumulatorowa-latarka-led-mission-1000\/","title":{"rendered":"Akumulatorowa latarka LED MISSION 1000"},"content":{"rendered":"<h1>Akumulatorowa latarka LED MISSION 1000 nigdy Ci\u0119 nie zawiedzie<\/h1>\n<p>Akumulatorowa latarka LED MISSION 1000 to bardzo mocne \u017ar\u00f3d\u0142o \u015bwiat\u0142a z akumulatorem, oferuj\u0105ce cztery tryby \u015bwiecenia. Tryby zmienisz wygodnie i \u0142atwo nawet w r\u0119kawiczkach. Mocny element LED o\u015bwietla drog\u0119 do 300 metr\u00f3w. Idealne narz\u0119dzie, gdy spacerujesz po lesie po zmroku, przynosisz drewno z podw\u00f3rka, polujesz, \u0142owisz ryby lub w\u0119drujesz.   <\/p>\n<h2><\/h2>\n<h2>Latarka posiada cztery tryby \u015bwiecenia:<\/h2>\n<p>Do o\u015bwietlania dalekich dystans\u00f3w idealny jest najmocniejszy tryb ze skupion\u0105 wi\u0105zk\u0105 \u015bwiat\u0142a. W tym trybie jasno\u015b\u0107 latarki wynosi a\u017c 1000 lumen\u00f3w, a czas pracy to maksymalnie 3 godziny. <\/p>\n<p>Do przemieszczania si\u0119 i pracy idealny jest tryb \u015bredni. Pozwala on u\u017cytkownikowi na wygodne poruszanie si\u0119 i prac\u0119. W trybie \u015brednim jasno\u015b\u0107 wynosi 325 lumen\u00f3w, a czas pracy to 6 godzin.  <\/p>\n<p>Do prac precyzyjnych z bliska nadaje si\u0119 tryb niski: jasno\u015b\u0107 urz\u0105dzenia wynosi wtedy 70 lumen\u00f3w, a czas pracy akumulatora to a\u017c 12 godzin.<\/p>\n<p>Latarka posiada r\u00f3wnie\u017c funkcj\u0119 stroboskopu z bia\u0142ym \u015bwiat\u0142em. Aby go aktywowa\u0107, przytrzymaj przycisk zasilania przez 3 sekundy; tak samo wy\u0142\u0105czysz t\u0119 funkcj\u0119. <\/p>\n<p>Latarka posiada funkcj\u0119 regulacji wi\u0105zki \u015bwiat\u0142a, kt\u00f3r\u0105 obs\u0142u\u017cysz wygodnie jedn\u0105 r\u0119k\u0105. Aby skupi\u0107 lub rozproszy\u0107 \u015bwiat\u0142o, przesu\u0144 g\u0142owic\u0119 latarki do przodu lub do ty\u0142u. <\/p>\n<p><img fetchpriority=\"high\" decoding=\"async\" class=\"alignright wp-image-5414 size-thumbnail\" src=\"https:\/\/toidupakk.ee\/wp-content\/uploads\/2023\/01\/Laetav-LED-taskulamp-MISSION-10002-500x500.png\" alt=\"zestaw latarki\" width=\"500\" height=\"500\" srcset=\"https:\/\/toidupakk.ee\/wp-content\/uploads\/2023\/01\/Laetav-LED-taskulamp-MISSION-10002-500x500.png 500w, https:\/\/toidupakk.ee\/wp-content\/uploads\/2023\/01\/Laetav-LED-taskulamp-MISSION-10002-400x400.png 400w, https:\/\/toidupakk.ee\/wp-content\/uploads\/2023\/01\/Laetav-LED-taskulamp-MISSION-10002-100x100.png 100w, https:\/\/toidupakk.ee\/wp-content\/uploads\/2023\/01\/Laetav-LED-taskulamp-MISSION-10002-800x800.png 800w, https:\/\/toidupakk.ee\/wp-content\/uploads\/2023\/01\/Laetav-LED-taskulamp-MISSION-10002-300x300.png 300w, https:\/\/toidupakk.ee\/wp-content\/uploads\/2023\/01\/Laetav-LED-taskulamp-MISSION-10002-1024x1024.png 1024w, https:\/\/toidupakk.ee\/wp-content\/uploads\/2023\/01\/Laetav-LED-taskulamp-MISSION-10002-768x768.png 768w, https:\/\/toidupakk.ee\/wp-content\/uploads\/2023\/01\/Laetav-LED-taskulamp-MISSION-10002.png 1080w\" sizes=\"(max-width: 500px) 100vw, 500px\" \/><\/p>\n<h2>Akumulatorowa latarka LED \u2013 tryby pracy:<\/h2>\n<p>&nbsp;<\/p>\n<p>\ud83d\udca5<strong>Tryb mocnego \u015bwiat\u0142a:<\/strong><\/p>\n<p>1000 lumen\u00f3w<\/p>\n<p>Czas pracy: 3 godziny<\/p>\n<p>&nbsp;<\/p>\n<p>\ud83d\udca5<strong>Tryb oszcz\u0119dzania baterii:<\/strong><\/p>\n<p>325 lumen\u00f3w<\/p>\n<p>Czas pracy: 6 godzin<\/p>\n<p>&nbsp;<\/p>\n<p>\ud83d\udca5<strong>Tryb super oszcz\u0119dny:<\/strong><\/p>\n<p>70 lumen\u00f3w<\/p>\n<p>Czas pracy: 12 godzin<\/p>\n<p>&nbsp;<\/p>\n<p>Obudowa latarki wykonana jest z wysokiej jako\u015bci metalu. Solidny metal chroni wypuk\u0142\u0105 soczewk\u0119 oraz akumulator przed uszkodzeniami. W razie potrzeby latarka mo\u017ce s\u0142u\u017cy\u0107 do samoobrony w sytuacjach awaryjnych. Wodoodporna konstrukcja IPX4 wytrzymuje ekstremalne warunki, takie jak burze i silny \u015bnieg.    Produkt posiada klas\u0119 wodoodporno\u015bci IPX4, co oznacza ochron\u0119 przed zachlapaniem z dowolnego kierunku.<\/p>\n<p>Latarka wykorzystuje technologi\u0119 LED, kt\u00f3ra gwarantuje, \u017ce jasno\u015b\u0107 \u015bwiat\u0142a nie spadnie z biegiem lat.<\/p>\n<p>Mocna latarka LED posiada akumulator litowy, a dzi\u0119ki mo\u017cliwo\u015bci \u0142adowania jest bardziej przyjazna dla \u015brodowiska. \u017bywotno\u015b\u0107 akumulatora to 1000 cykli \u0142adowania. W razie potrzeby mo\u017cna u\u017cy\u0107 3 baterii AAA. Przy u\u017cyciu zasilacza 1A akumulator na\u0142aduje si\u0119 w 3,5 godziny, a z zasilaczem 2A zajmie to jeszcze mniej czasu.   <\/p>\n<p>Do latarki do\u0142\u0105czony jest kabel USB-C.<\/p>\n<p><iframe title=\"Testujemy latark\u0119 MISSION 1000 (LED) #flashlight #campinggear\" src=\"https:\/\/www.youtube.com\/embed\/L8YgfiqzV-I\" width=\"452\" height=\"803\" frameborder=\"0\" allowfullscreen=\"allowfullscreen\"><\/iframe><\/p>\n<p>Znajd\u017a inspiracj\u0119 na kolejne przygody na <a href=\"https:\/\/www.instagram.com\/toidupakk\/\">Instagramie<\/a> i <a href=\"https:\/\/www.facebook.com\/Toidupakk\/\">Facebooku<\/a> Toidupakk.<\/p>\n<p>Zobacz sprz\u0119t turystyczny <a href=\"https:\/\/toidupakk.ee\/pl\/tootekategooria\/sprzet-turystyczny\/#section-3-79\">TUTAJ<\/a>.<\/p>\n","protected":false},"excerpt":{"rendered":"<p>Mocna latarka taktyczna 1000 lm o\u015bwietla do 300 m. Akumulator litowy 2000 mAh pozwala na \u015bwiecenie do 12 godzin. W sytuacjach awaryjnych mo\u017cna u\u017cy\u0107 3 baterii AAA. W ka\u017cdym gospodarstwie domowym powinna znale\u017a\u0107 si\u0119 przynajmniej jedna porz\u0105dna latarka akumulatorowa.   <\/p>\n<ul>\n<li>Z\u0142\u0105cze USB-C do \u0142adowania<\/li>\n<li>\u017bywotno\u015b\u0107 akumulatora: ok. 1000 cykli \u0142adowania <\/li>\n<li>4 tryby \u2013 mocny \u2013 \u015bredni \u2013 oszcz\u0119dny \u2013 stroboskop<\/li>\n<li>Kabel USB-C w zestawie (bez zasilacza)<\/li>\n<li>W zestawie adapter do pracy ze zwyk\u0142ymi bateriami<\/li>\n<li>Funkcja regulacji wi\u0105zki \u015bwiat\u0142a (zoom)<\/li>\n<li>Z odpinanym paskiem na nadgarstek i klipsem<\/li>\n<li>W zestawie mocne etui ochronne z poliestru do mocowania przy pasku<\/li>\n<li>Wodoodporno\u015b\u0107: odporna na zachlapania IPX4<\/li>\n<li>Latarka wysy\u0142ana w eleganckim pude\u0142ku, idealnym na prezent<\/li>\n<li>Baterie: 3 x AAA (brak w zestawie)<\/li>\n<li>Wymiary: 13,4 x 3,2 (g\u0142owica) cm<\/li>\n<li>Waga: 153 g (z akumulatorem)<\/li>\n<li>Obudowa: metal<\/li>\n<li>Etui: 100% poliester \u2013 wytrzyma\u0142e,<\/li>\n<li>super jasna dioda Luminus LED \u2013 zasilana z akumulatora lub zwyk\u0142ych baterii<\/li>\n<\/ul>\n<p>\u2705 Dost\u0119pne w magazynie, szybka dostawa w 1-3 dni robocze<br \/>\n\u2705 Kup teraz, zap\u0142a\u0107 p\u00f3\u017aniej (RRSO 0%)<\/p>\n","protected":false},"featured_media":5413,"comment_status":"open","ping_status":"closed","template":"","meta":{"_acf_changed":false},"product_brand":[],"product_cat":[303,341,317,311,301,342,304],"product_tag":[],"class_list":{"0":"post-52803","1":"product","2":"type-product","3":"status-publish","4":"has-post-thumbnail","6":"product_cat-akcesoria-turystyczne","7":"product_cat-latarki","8":"product_cat-mil-tec","9":"product_cat-praktyczne-pomysly-na-prezent","10":"product_cat-sprzet-turystyczny","11":"product_cat-swiatlo","12":"product_cat-wyposazenie-militarne","14":"first","15":"instock","16":"sale","17":"taxable","18":"shipping-taxable","19":"purchasable","20":"product-type-simple"},"bundled_by":[],"bundle_stock_status":"instock","bundle_stock_quantity":3,"bundle_virtual":false,"bundle_layout":"","bundle_add_to_cart_form_location":"","bundle_editable_in_cart":false,"bundle_sold_individually_context":"","bundle_item_grouping":"","bundle_min_size":"","bundle_max_size":"","bundle_price":[],"bundled_items":[],"bundle_sell_ids":[],"acf":[],"yoast_head":"<!-- This site is optimized with the Yoast SEO plugin v27.3 - https:\/\/yoast.com\/product\/yoast-seo-wordpress\/ -->\n<title>Akumulatorowa latarka LED MISSION 1000<\/title>\n<meta name=\"description\" content=\"akumulatorowa latarka LED \u2013 wyj\u0105tkowo mocna \u2013 o jasno\u015bci 1000 lumen\u00f3w. Akumulator 2000 mAh w zestawie, w razie potrzeby mo\u017cna u\u017cywa\u0107 r\u00f3wnie\u017c z 3 bateriami AAA.\" \/>\n<meta name=\"robots\" content=\"index, follow, max-snippet:-1, max-image-preview:large, max-video-preview:-1\" \/>\n<link rel=\"canonical\" href=\"https:\/\/toidupakk.ee\/pl\/toode\/akumulatorowa-latarka-led-mission-1000\/\" \/>\n<meta property=\"og:locale\" content=\"pl_PL\" \/>\n<meta property=\"og:type\" content=\"article\" \/>\n<meta property=\"og:title\" content=\"Akumulatorowa latarka LED MISSION 1000\" \/>\n<meta property=\"og:description\" content=\"akumulatorowa latarka LED \u2013 wyj\u0105tkowo mocna \u2013 o jasno\u015bci 1000 lumen\u00f3w. Akumulator 2000 mAh w zestawie, w razie potrzeby mo\u017cna u\u017cywa\u0107 r\u00f3wnie\u017c z 3 bateriami AAA.\" \/>\n<meta property=\"og:url\" content=\"https:\/\/toidupakk.ee\/pl\/toode\/akumulatorowa-latarka-led-mission-1000\/\" \/>\n<meta property=\"og:site_name\" content=\"Toidupakk.ee - Tactical Foodpack toidupakid\" \/>\n<meta property=\"article:publisher\" content=\"https:\/\/www.facebook.com\/Toidupakk\" \/>\n<meta property=\"article:modified_time\" content=\"2026-04-21T09:00:26+00:00\" \/>\n<meta property=\"og:image\" content=\"https:\/\/toidupakk.ee\/wp-content\/uploads\/2023\/01\/Laetav-LED-taskulamp-MISSION-10001.png\" \/>\n\t<meta property=\"og:image:width\" content=\"1080\" \/>\n\t<meta property=\"og:image:height\" content=\"1080\" \/>\n\t<meta property=\"og:image:type\" content=\"image\/png\" \/>\n<meta name=\"twitter:card\" content=\"summary_large_image\" \/>\n<meta name=\"twitter:label1\" content=\"Szacowany czas czytania\" \/>\n\t<meta name=\"twitter:data1\" content=\"2 minuty\" \/>\n<script type=\"application\/ld+json\" class=\"yoast-schema-graph\">{\"@context\":\"https:\\\/\\\/schema.org\",\"@graph\":[{\"@type\":\"WebPage\",\"@id\":\"https:\\\/\\\/toidupakk.ee\\\/pl\\\/toode\\\/akumulatorowa-latarka-led-mission-1000\\\/\",\"url\":\"https:\\\/\\\/toidupakk.ee\\\/pl\\\/toode\\\/akumulatorowa-latarka-led-mission-1000\\\/\",\"name\":\"Akumulatorowa latarka LED MISSION 1000\",\"isPartOf\":{\"@id\":\"https:\\\/\\\/toidupakk.ee\\\/pl\\\/#website\"},\"primaryImageOfPage\":{\"@id\":\"https:\\\/\\\/toidupakk.ee\\\/pl\\\/toode\\\/akumulatorowa-latarka-led-mission-1000\\\/#primaryimage\"},\"image\":{\"@id\":\"https:\\\/\\\/toidupakk.ee\\\/pl\\\/toode\\\/akumulatorowa-latarka-led-mission-1000\\\/#primaryimage\"},\"thumbnailUrl\":\"https:\\\/\\\/toidupakk.ee\\\/wp-content\\\/uploads\\\/2023\\\/01\\\/Laetav-LED-taskulamp-MISSION-10001.png\",\"datePublished\":\"2023-01-27T16:24:15+00:00\",\"dateModified\":\"2026-04-21T09:00:26+00:00\",\"description\":\"akumulatorowa latarka LED \u2013 wyj\u0105tkowo mocna \u2013 o jasno\u015bci 1000 lumen\u00f3w. Akumulator 2000 mAh w zestawie, w razie potrzeby mo\u017cna u\u017cywa\u0107 r\u00f3wnie\u017c z 3 bateriami AAA.\",\"breadcrumb\":{\"@id\":\"https:\\\/\\\/toidupakk.ee\\\/pl\\\/toode\\\/akumulatorowa-latarka-led-mission-1000\\\/#breadcrumb\"},\"inLanguage\":\"pl-PL\",\"potentialAction\":[{\"@type\":\"ReadAction\",\"target\":[\"https:\\\/\\\/toidupakk.ee\\\/pl\\\/toode\\\/akumulatorowa-latarka-led-mission-1000\\\/\"]}]},{\"@type\":\"ImageObject\",\"inLanguage\":\"pl-PL\",\"@id\":\"https:\\\/\\\/toidupakk.ee\\\/pl\\\/toode\\\/akumulatorowa-latarka-led-mission-1000\\\/#primaryimage\",\"url\":\"https:\\\/\\\/toidupakk.ee\\\/wp-content\\\/uploads\\\/2023\\\/01\\\/Laetav-LED-taskulamp-MISSION-10001.png\",\"contentUrl\":\"https:\\\/\\\/toidupakk.ee\\\/wp-content\\\/uploads\\\/2023\\\/01\\\/Laetav-LED-taskulamp-MISSION-10001.png\",\"width\":1080,\"height\":1080,\"caption\":\"Laetav LED taskulamp mission 1000\"},{\"@type\":\"BreadcrumbList\",\"@id\":\"https:\\\/\\\/toidupakk.ee\\\/pl\\\/toode\\\/akumulatorowa-latarka-led-mission-1000\\\/#breadcrumb\",\"itemListElement\":[{\"@type\":\"ListItem\",\"position\":1,\"name\":\"Avaleht\",\"item\":\"https:\\\/\\\/toidupakk.ee\\\/pl\\\/\"},{\"@type\":\"ListItem\",\"position\":2,\"name\":\"Sklep internetowy\",\"item\":\"https:\\\/\\\/toidupakk.ee\\\/pl\\\/sklep-internetowy\\\/\"},{\"@type\":\"ListItem\",\"position\":3,\"name\":\"Akumulatorowa latarka LED MISSION 1000\"}]},{\"@type\":\"WebSite\",\"@id\":\"https:\\\/\\\/toidupakk.ee\\\/pl\\\/#website\",\"url\":\"https:\\\/\\\/toidupakk.ee\\\/pl\\\/\",\"name\":\"Toidupakk.ee - Tactical Foodpack toidupakid\",\"description\":\"Tactical Foodpack k\u00fclmkuivatatud toidupakid ja matkaeined\",\"publisher\":{\"@id\":\"https:\\\/\\\/toidupakk.ee\\\/pl\\\/#organization\"},\"potentialAction\":[{\"@type\":\"SearchAction\",\"target\":{\"@type\":\"EntryPoint\",\"urlTemplate\":\"https:\\\/\\\/toidupakk.ee\\\/pl\\\/?s={search_term_string}\"},\"query-input\":{\"@type\":\"PropertyValueSpecification\",\"valueRequired\":true,\"valueName\":\"search_term_string\"}}],\"inLanguage\":\"pl-PL\"},{\"@type\":\"Organization\",\"@id\":\"https:\\\/\\\/toidupakk.ee\\\/pl\\\/#organization\",\"name\":\"Tactical Foodpack matkaeined\",\"url\":\"https:\\\/\\\/toidupakk.ee\\\/pl\\\/\",\"logo\":{\"@type\":\"ImageObject\",\"inLanguage\":\"pl-PL\",\"@id\":\"https:\\\/\\\/toidupakk.ee\\\/pl\\\/#\\\/schema\\\/logo\\\/image\\\/\",\"url\":\"https:\\\/\\\/toidupakk.ee\\\/wp-content\\\/uploads\\\/2022\\\/01\\\/Toidupakk-matkapood-logo-transparent.png\",\"contentUrl\":\"https:\\\/\\\/toidupakk.ee\\\/wp-content\\\/uploads\\\/2022\\\/01\\\/Toidupakk-matkapood-logo-transparent.png\",\"width\":500,\"height\":500,\"caption\":\"Tactical Foodpack matkaeined\"},\"image\":{\"@id\":\"https:\\\/\\\/toidupakk.ee\\\/pl\\\/#\\\/schema\\\/logo\\\/image\\\/\"},\"sameAs\":[\"https:\\\/\\\/www.facebook.com\\\/Toidupakk\",\"https:\\\/\\\/www.instagram.com\\\/toidupakk\\\/\"]}]}<\/script>\n<!-- \/ Yoast SEO plugin. -->","yoast_head_json":{"title":"Akumulatorowa latarka LED MISSION 1000","description":"akumulatorowa latarka LED \u2013 wyj\u0105tkowo mocna \u2013 o jasno\u015bci 1000 lumen\u00f3w. Akumulator 2000 mAh w zestawie, w razie potrzeby mo\u017cna u\u017cywa\u0107 r\u00f3wnie\u017c z 3 bateriami AAA.","robots":{"index":"index","follow":"follow","max-snippet":"max-snippet:-1","max-image-preview":"max-image-preview:large","max-video-preview":"max-video-preview:-1"},"canonical":"https:\/\/toidupakk.ee\/pl\/toode\/akumulatorowa-latarka-led-mission-1000\/","og_locale":"pl_PL","og_type":"article","og_title":"Akumulatorowa latarka LED MISSION 1000","og_description":"akumulatorowa latarka LED \u2013 wyj\u0105tkowo mocna \u2013 o jasno\u015bci 1000 lumen\u00f3w. Akumulator 2000 mAh w zestawie, w razie potrzeby mo\u017cna u\u017cywa\u0107 r\u00f3wnie\u017c z 3 bateriami AAA.","og_url":"https:\/\/toidupakk.ee\/pl\/toode\/akumulatorowa-latarka-led-mission-1000\/","og_site_name":"Toidupakk.ee - Tactical Foodpack toidupakid","article_publisher":"https:\/\/www.facebook.com\/Toidupakk","article_modified_time":"2026-04-21T09:00:26+00:00","og_image":[{"width":1080,"height":1080,"url":"https:\/\/toidupakk.ee\/wp-content\/uploads\/2023\/01\/Laetav-LED-taskulamp-MISSION-10001.png","type":"image\/png"}],"twitter_card":"summary_large_image","twitter_misc":{"Szacowany czas czytania":"2 minuty"},"schema":{"@context":"https:\/\/schema.org","@graph":[{"@type":"WebPage","@id":"https:\/\/toidupakk.ee\/pl\/toode\/akumulatorowa-latarka-led-mission-1000\/","url":"https:\/\/toidupakk.ee\/pl\/toode\/akumulatorowa-latarka-led-mission-1000\/","name":"Akumulatorowa latarka LED MISSION 1000","isPartOf":{"@id":"https:\/\/toidupakk.ee\/pl\/#website"},"primaryImageOfPage":{"@id":"https:\/\/toidupakk.ee\/pl\/toode\/akumulatorowa-latarka-led-mission-1000\/#primaryimage"},"image":{"@id":"https:\/\/toidupakk.ee\/pl\/toode\/akumulatorowa-latarka-led-mission-1000\/#primaryimage"},"thumbnailUrl":"https:\/\/toidupakk.ee\/wp-content\/uploads\/2023\/01\/Laetav-LED-taskulamp-MISSION-10001.png","datePublished":"2023-01-27T16:24:15+00:00","dateModified":"2026-04-21T09:00:26+00:00","description":"akumulatorowa latarka LED \u2013 wyj\u0105tkowo mocna \u2013 o jasno\u015bci 1000 lumen\u00f3w. Akumulator 2000 mAh w zestawie, w razie potrzeby mo\u017cna u\u017cywa\u0107 r\u00f3wnie\u017c z 3 bateriami AAA.","breadcrumb":{"@id":"https:\/\/toidupakk.ee\/pl\/toode\/akumulatorowa-latarka-led-mission-1000\/#breadcrumb"},"inLanguage":"pl-PL","potentialAction":[{"@type":"ReadAction","target":["https:\/\/toidupakk.ee\/pl\/toode\/akumulatorowa-latarka-led-mission-1000\/"]}]},{"@type":"ImageObject","inLanguage":"pl-PL","@id":"https:\/\/toidupakk.ee\/pl\/toode\/akumulatorowa-latarka-led-mission-1000\/#primaryimage","url":"https:\/\/toidupakk.ee\/wp-content\/uploads\/2023\/01\/Laetav-LED-taskulamp-MISSION-10001.png","contentUrl":"https:\/\/toidupakk.ee\/wp-content\/uploads\/2023\/01\/Laetav-LED-taskulamp-MISSION-10001.png","width":1080,"height":1080,"caption":"Laetav LED taskulamp mission 1000"},{"@type":"BreadcrumbList","@id":"https:\/\/toidupakk.ee\/pl\/toode\/akumulatorowa-latarka-led-mission-1000\/#breadcrumb","itemListElement":[{"@type":"ListItem","position":1,"name":"Avaleht","item":"https:\/\/toidupakk.ee\/pl\/"},{"@type":"ListItem","position":2,"name":"Sklep internetowy","item":"https:\/\/toidupakk.ee\/pl\/sklep-internetowy\/"},{"@type":"ListItem","position":3,"name":"Akumulatorowa latarka LED MISSION 1000"}]},{"@type":"WebSite","@id":"https:\/\/toidupakk.ee\/pl\/#website","url":"https:\/\/toidupakk.ee\/pl\/","name":"Toidupakk.ee - Tactical Foodpack toidupakid","description":"Tactical Foodpack k\u00fclmkuivatatud toidupakid ja matkaeined","publisher":{"@id":"https:\/\/toidupakk.ee\/pl\/#organization"},"potentialAction":[{"@type":"SearchAction","target":{"@type":"EntryPoint","urlTemplate":"https:\/\/toidupakk.ee\/pl\/?s={search_term_string}"},"query-input":{"@type":"PropertyValueSpecification","valueRequired":true,"valueName":"search_term_string"}}],"inLanguage":"pl-PL"},{"@type":"Organization","@id":"https:\/\/toidupakk.ee\/pl\/#organization","name":"Tactical Foodpack matkaeined","url":"https:\/\/toidupakk.ee\/pl\/","logo":{"@type":"ImageObject","inLanguage":"pl-PL","@id":"https:\/\/toidupakk.ee\/pl\/#\/schema\/logo\/image\/","url":"https:\/\/toidupakk.ee\/wp-content\/uploads\/2022\/01\/Toidupakk-matkapood-logo-transparent.png","contentUrl":"https:\/\/toidupakk.ee\/wp-content\/uploads\/2022\/01\/Toidupakk-matkapood-logo-transparent.png","width":500,"height":500,"caption":"Tactical Foodpack matkaeined"},"image":{"@id":"https:\/\/toidupakk.ee\/pl\/#\/schema\/logo\/image\/"},"sameAs":["https:\/\/www.facebook.com\/Toidupakk","https:\/\/www.instagram.com\/toidupakk\/"]}]}},"jetpack_sharing_enabled":true,"_links":{"self":[{"href":"https:\/\/toidupakk.ee\/pl\/wp-json\/wp\/v2\/product\/52803","targetHints":{"allow":["GET"]}}],"collection":[{"href":"https:\/\/toidupakk.ee\/pl\/wp-json\/wp\/v2\/product"}],"about":[{"href":"https:\/\/toidupakk.ee\/pl\/wp-json\/wp\/v2\/types\/product"}],"replies":[{"embeddable":true,"href":"https:\/\/toidupakk.ee\/pl\/wp-json\/wp\/v2\/comments?post=52803"}],"wp:featuredmedia":[{"embeddable":true,"href":"https:\/\/toidupakk.ee\/pl\/wp-json\/wp\/v2\/media\/5413"}],"wp:attachment":[{"href":"https:\/\/toidupakk.ee\/pl\/wp-json\/wp\/v2\/media?parent=52803"}],"wp:term":[{"taxonomy":"product_brand","embeddable":true,"href":"https:\/\/toidupakk.ee\/pl\/wp-json\/wp\/v2\/product_brand?post=52803"},{"taxonomy":"product_cat","embeddable":true,"href":"https:\/\/toidupakk.ee\/pl\/wp-json\/wp\/v2\/product_cat?post=52803"},{"taxonomy":"product_tag","embeddable":true,"href":"https:\/\/toidupakk.ee\/pl\/wp-json\/wp\/v2\/product_tag?post=52803"}],"curies":[{"name":"wp","href":"https:\/\/api.w.org\/{rel}","templated":true}]}}