{"id":52785,"date":"2022-09-21T15:23:38","date_gmt":"2022-09-21T12:23:38","guid":{"rendered":"https:\/\/toidupakk.ee\/toode\/przekaski-serowe-cheddar-40-g\/"},"modified":"2026-04-29T17:00:18","modified_gmt":"2026-04-29T14:00:18","slug":"przekaski-serowe-cheddar-40-g","status":"publish","type":"product","link":"https:\/\/toidupakk.ee\/pl\/toode\/przekaski-serowe-cheddar-40-g\/","title":{"rendered":"Przek\u0105ski serowe Cheddar 40 g"},"content":{"rendered":"<p>Chrupi\u0105ca tekstura przek\u0105sek cheddar zosta\u0142a osi\u0105gni\u0119ta dzi\u0119ki technologii liofilizacji. Idealne jako przek\u0105ska mi\u0119dzy posi\u0142kami, przysmak ze znajomymi na \u0142onie natury lub szybki k\u0119s. Po\u017cywna przek\u0105ska wspiera Twoje dzienne zapotrzebowanie na wap\u0144 i bia\u0142ko.  <\/p>\n<p><img fetchpriority=\"high\" decoding=\"async\" class=\"alignnone size-medium wp-image-3286\" src=\"https:\/\/toidupakk.ee\/wp-content\/uploads\/2022\/09\/Juustusnakid-Cheddar-kulmkuivatatud-Tactical-Foodpack-2-300x300.png\" alt=\"Opakowanie przek\u0105sek serowych Cheddar\" width=\"300\" height=\"300\" srcset=\"https:\/\/toidupakk.ee\/wp-content\/uploads\/2022\/09\/Juustusnakid-Cheddar-kulmkuivatatud-Tactical-Foodpack-2-300x300.png 300w, https:\/\/toidupakk.ee\/wp-content\/uploads\/2022\/09\/Juustusnakid-Cheddar-kulmkuivatatud-Tactical-Foodpack-2-400x400.png 400w, https:\/\/toidupakk.ee\/wp-content\/uploads\/2022\/09\/Juustusnakid-Cheddar-kulmkuivatatud-Tactical-Foodpack-2-100x100.png 100w, https:\/\/toidupakk.ee\/wp-content\/uploads\/2022\/09\/Juustusnakid-Cheddar-kulmkuivatatud-Tactical-Foodpack-2-800x800.png 800w, https:\/\/toidupakk.ee\/wp-content\/uploads\/2022\/09\/Juustusnakid-Cheddar-kulmkuivatatud-Tactical-Foodpack-2-1024x1024.png 1024w, https:\/\/toidupakk.ee\/wp-content\/uploads\/2022\/09\/Juustusnakid-Cheddar-kulmkuivatatud-Tactical-Foodpack-2-500x500.png 500w, https:\/\/toidupakk.ee\/wp-content\/uploads\/2022\/09\/Juustusnakid-Cheddar-kulmkuivatatud-Tactical-Foodpack-2-768x768.png 768w, https:\/\/toidupakk.ee\/wp-content\/uploads\/2022\/09\/Juustusnakid-Cheddar-kulmkuivatatud-Tactical-Foodpack-2.png 1080w\" sizes=\"(max-width: 300px) 100vw, 300px\" \/><\/p>\n<p>Liofilizowane przek\u0105ski serowe Cheddar od Tactical Foodpack zaspokoj\u0105 Twoj\u0105 ochot\u0119 na s\u0142one, b\u0119d\u0105c smaczn\u0105 alternatyw\u0105 dla s\u0142odyczy \u2013 pe\u0142ne smaku, chrupi\u0105ce i w 100% z prawdziwego sera! Stworzone do jedzenia prosto z paczki na szlaku lub wieczorem przy ognisku. <\/p>\n<p>Pyszna przek\u0105ska, kt\u00f3rej nie trzeba trzyma\u0107 w lod\u00f3wce. Przek\u0105ski cheddar s\u0105 w opakowaniu strunowym wielokrotnego zamkni\u0119cia. Teraz mo\u017cesz wygodnie zabra\u0107 ser na w\u0119dr\u00f3wk\u0119, kemping, ryby, polowanie, w podr\u00f3\u017c autem lub z wizyt\u0105 do znajomych.  <\/p>\n<p>UWAGA! Lifehack \u2013 przek\u0105ski serowe prawdopodobnie bardzo posmakuj\u0105 te\u017c Twojemu pupilowi. Mo\u017cesz wi\u0119c schowa\u0107 je do kieszeni, gdy idziesz z psem na spacer. <\/p>\n","protected":false},"excerpt":{"rendered":"<ul>\n<li>Pyszna przek\u0105ska do delektowania si\u0119 poza domem lub do podania go\u015bciom w domu<\/li>\n<li>Niezaprzeczalnie chrupi\u0105ce i smaczne. Mniam!<\/li>\n<li>Po\u017cywna przek\u0105ska \u2013 idealne \u017ar\u00f3d\u0142o bia\u0142ka i wapnia<\/li>\n<li>Zabierz ze sob\u0105 na w\u0119dr\u00f3wk\u0119, kemping, ryby, polowanie, podr\u00f3\u017c autem lub z wizyt\u0105 do znajomych<\/li>\n<li>Opakowanie wielokrotnego zamkni\u0119cia<\/li>\n<li>Secret lifehack! Przek\u0105ski serowe prawdopodobnie bardzo posmakuj\u0105 te\u017c Twojemu pupilowi <\/li>\n<\/ul>\n<p>&nbsp;<\/p>\n<p><strong>Sk\u0142ad:<\/strong> Mleko pasteryzowane, s\u00f3l, kultury bakterii, podpuszczka mikrobiologiczna, barwnik (karoten).<\/p>\n<p><strong>Najlepiej spo\u017cy\u0107 przed: 4 lata<\/strong><\/p>\n<p>\u2705 Dost\u0119pne w magazynie, szybka dostawa w 1\u20133 dni robocze<\/p>\n","protected":false},"featured_media":3285,"comment_status":"open","ping_status":"closed","template":"","meta":{"_acf_changed":false},"product_brand":[],"product_cat":[303,364,322,301],"product_tag":[305,338],"class_list":{"0":"post-52785","1":"product","2":"type-product","3":"status-publish","4":"has-post-thumbnail","6":"product_cat-akcesoria-turystyczne","7":"product_cat-dodatki","8":"product_cat-przekaski","9":"product_cat-sprzet-turystyczny","10":"product_tag-no_ads","11":"product_tag-tactical-foodpack","13":"first","14":"instock","15":"taxable","16":"shipping-taxable","17":"purchasable","18":"product-type-simple"},"bundled_by":[],"bundle_stock_status":"instock","bundle_stock_quantity":35,"bundle_virtual":false,"bundle_layout":"","bundle_add_to_cart_form_location":"","bundle_editable_in_cart":false,"bundle_sold_individually_context":"","bundle_item_grouping":"","bundle_min_size":"","bundle_max_size":"","bundle_price":[],"bundled_items":[],"bundle_sell_ids":[],"acf":[],"yoast_head":"<!-- This site is optimized with the Yoast SEO plugin v27.3 - https:\/\/yoast.com\/product\/yoast-seo-wordpress\/ -->\n<title>Przek\u0105ski serowe Cheddar 40 g - Toidupakk.ee - Tactical Foodpack toidupakid<\/title>\n<meta name=\"description\" content=\"Przek\u0105ski z sera cheddar to po\u017cywne przysmaki. Idealne \u017ar\u00f3d\u0142o bia\u0142ka i wapnia. Zabierz je na w\u0119dr\u00f3wk\u0119, kemping, ryby, polowanie czy podr\u00f3\u017c samochodem\" \/>\n<meta name=\"robots\" content=\"index, follow, max-snippet:-1, max-image-preview:large, max-video-preview:-1\" \/>\n<link rel=\"canonical\" href=\"https:\/\/toidupakk.ee\/pl\/toode\/przekaski-serowe-cheddar-40-g\/\" \/>\n<meta property=\"og:locale\" content=\"pl_PL\" \/>\n<meta property=\"og:type\" content=\"article\" \/>\n<meta property=\"og:title\" content=\"Przek\u0105ski serowe Cheddar 40 g - Toidupakk.ee - Tactical Foodpack toidupakid\" \/>\n<meta property=\"og:description\" content=\"Przek\u0105ski z sera cheddar to po\u017cywne przysmaki. Idealne \u017ar\u00f3d\u0142o bia\u0142ka i wapnia. Zabierz je na w\u0119dr\u00f3wk\u0119, kemping, ryby, polowanie czy podr\u00f3\u017c samochodem\" \/>\n<meta property=\"og:url\" content=\"https:\/\/toidupakk.ee\/pl\/toode\/przekaski-serowe-cheddar-40-g\/\" \/>\n<meta property=\"og:site_name\" content=\"Toidupakk.ee - Tactical Foodpack toidupakid\" \/>\n<meta property=\"article:publisher\" content=\"https:\/\/www.facebook.com\/Toidupakk\" \/>\n<meta property=\"article:modified_time\" content=\"2026-04-29T14:00:18+00:00\" \/>\n<meta property=\"og:image\" content=\"https:\/\/toidupakk.ee\/wp-content\/uploads\/2022\/09\/Juustusnakid-Cheddar-kulmkuivatatud-Tactical-Foodpack-1.png\" \/>\n\t<meta property=\"og:image:width\" content=\"1080\" \/>\n\t<meta property=\"og:image:height\" content=\"1080\" \/>\n\t<meta property=\"og:image:type\" content=\"image\/png\" \/>\n<meta name=\"twitter:card\" content=\"summary_large_image\" \/>\n<meta name=\"twitter:label1\" content=\"Szacowany czas czytania\" \/>\n\t<meta name=\"twitter:data1\" content=\"1 minuta\" \/>\n<script type=\"application\/ld+json\" class=\"yoast-schema-graph\">{\"@context\":\"https:\\\/\\\/schema.org\",\"@graph\":[{\"@type\":\"WebPage\",\"@id\":\"https:\\\/\\\/toidupakk.ee\\\/pl\\\/toode\\\/przekaski-serowe-cheddar-40-g\\\/\",\"url\":\"https:\\\/\\\/toidupakk.ee\\\/pl\\\/toode\\\/przekaski-serowe-cheddar-40-g\\\/\",\"name\":\"Przek\u0105ski serowe Cheddar 40 g - Toidupakk.ee - Tactical Foodpack toidupakid\",\"isPartOf\":{\"@id\":\"https:\\\/\\\/toidupakk.ee\\\/pl\\\/#website\"},\"primaryImageOfPage\":{\"@id\":\"https:\\\/\\\/toidupakk.ee\\\/pl\\\/toode\\\/przekaski-serowe-cheddar-40-g\\\/#primaryimage\"},\"image\":{\"@id\":\"https:\\\/\\\/toidupakk.ee\\\/pl\\\/toode\\\/przekaski-serowe-cheddar-40-g\\\/#primaryimage\"},\"thumbnailUrl\":\"https:\\\/\\\/toidupakk.ee\\\/wp-content\\\/uploads\\\/2022\\\/09\\\/Juustusnakid-Cheddar-kulmkuivatatud-Tactical-Foodpack-1.png\",\"datePublished\":\"2022-09-21T12:23:38+00:00\",\"dateModified\":\"2026-04-29T14:00:18+00:00\",\"description\":\"Przek\u0105ski z sera cheddar to po\u017cywne przysmaki. Idealne \u017ar\u00f3d\u0142o bia\u0142ka i wapnia. Zabierz je na w\u0119dr\u00f3wk\u0119, kemping, ryby, polowanie czy podr\u00f3\u017c samochodem\",\"breadcrumb\":{\"@id\":\"https:\\\/\\\/toidupakk.ee\\\/pl\\\/toode\\\/przekaski-serowe-cheddar-40-g\\\/#breadcrumb\"},\"inLanguage\":\"pl-PL\",\"potentialAction\":[{\"@type\":\"ReadAction\",\"target\":[\"https:\\\/\\\/toidupakk.ee\\\/pl\\\/toode\\\/przekaski-serowe-cheddar-40-g\\\/\"]}]},{\"@type\":\"ImageObject\",\"inLanguage\":\"pl-PL\",\"@id\":\"https:\\\/\\\/toidupakk.ee\\\/pl\\\/toode\\\/przekaski-serowe-cheddar-40-g\\\/#primaryimage\",\"url\":\"https:\\\/\\\/toidupakk.ee\\\/wp-content\\\/uploads\\\/2022\\\/09\\\/Juustusnakid-Cheddar-kulmkuivatatud-Tactical-Foodpack-1.png\",\"contentUrl\":\"https:\\\/\\\/toidupakk.ee\\\/wp-content\\\/uploads\\\/2022\\\/09\\\/Juustusnakid-Cheddar-kulmkuivatatud-Tactical-Foodpack-1.png\",\"width\":1080,\"height\":1080,\"caption\":\"Cheddar juustusn\u00e4kkide pakend\"},{\"@type\":\"BreadcrumbList\",\"@id\":\"https:\\\/\\\/toidupakk.ee\\\/pl\\\/toode\\\/przekaski-serowe-cheddar-40-g\\\/#breadcrumb\",\"itemListElement\":[{\"@type\":\"ListItem\",\"position\":1,\"name\":\"Avaleht\",\"item\":\"https:\\\/\\\/toidupakk.ee\\\/pl\\\/\"},{\"@type\":\"ListItem\",\"position\":2,\"name\":\"Sklep internetowy\",\"item\":\"https:\\\/\\\/toidupakk.ee\\\/pl\\\/sklep-internetowy\\\/\"},{\"@type\":\"ListItem\",\"position\":3,\"name\":\"Przek\u0105ski serowe Cheddar 40 g\"}]},{\"@type\":\"WebSite\",\"@id\":\"https:\\\/\\\/toidupakk.ee\\\/pl\\\/#website\",\"url\":\"https:\\\/\\\/toidupakk.ee\\\/pl\\\/\",\"name\":\"Toidupakk.ee - Tactical Foodpack toidupakid\",\"description\":\"Tactical Foodpack k\u00fclmkuivatatud toidupakid ja matkaeined\",\"publisher\":{\"@id\":\"https:\\\/\\\/toidupakk.ee\\\/pl\\\/#organization\"},\"potentialAction\":[{\"@type\":\"SearchAction\",\"target\":{\"@type\":\"EntryPoint\",\"urlTemplate\":\"https:\\\/\\\/toidupakk.ee\\\/pl\\\/?s={search_term_string}\"},\"query-input\":{\"@type\":\"PropertyValueSpecification\",\"valueRequired\":true,\"valueName\":\"search_term_string\"}}],\"inLanguage\":\"pl-PL\"},{\"@type\":\"Organization\",\"@id\":\"https:\\\/\\\/toidupakk.ee\\\/pl\\\/#organization\",\"name\":\"Tactical Foodpack matkaeined\",\"url\":\"https:\\\/\\\/toidupakk.ee\\\/pl\\\/\",\"logo\":{\"@type\":\"ImageObject\",\"inLanguage\":\"pl-PL\",\"@id\":\"https:\\\/\\\/toidupakk.ee\\\/pl\\\/#\\\/schema\\\/logo\\\/image\\\/\",\"url\":\"https:\\\/\\\/toidupakk.ee\\\/wp-content\\\/uploads\\\/2022\\\/01\\\/Toidupakk-matkapood-logo-transparent.png\",\"contentUrl\":\"https:\\\/\\\/toidupakk.ee\\\/wp-content\\\/uploads\\\/2022\\\/01\\\/Toidupakk-matkapood-logo-transparent.png\",\"width\":500,\"height\":500,\"caption\":\"Tactical Foodpack matkaeined\"},\"image\":{\"@id\":\"https:\\\/\\\/toidupakk.ee\\\/pl\\\/#\\\/schema\\\/logo\\\/image\\\/\"},\"sameAs\":[\"https:\\\/\\\/www.facebook.com\\\/Toidupakk\",\"https:\\\/\\\/www.instagram.com\\\/toidupakk\\\/\"]}]}<\/script>\n<!-- \/ Yoast SEO plugin. -->","yoast_head_json":{"title":"Przek\u0105ski serowe Cheddar 40 g - Toidupakk.ee - Tactical Foodpack toidupakid","description":"Przek\u0105ski z sera cheddar to po\u017cywne przysmaki. Idealne \u017ar\u00f3d\u0142o bia\u0142ka i wapnia. Zabierz je na w\u0119dr\u00f3wk\u0119, kemping, ryby, polowanie czy podr\u00f3\u017c samochodem","robots":{"index":"index","follow":"follow","max-snippet":"max-snippet:-1","max-image-preview":"max-image-preview:large","max-video-preview":"max-video-preview:-1"},"canonical":"https:\/\/toidupakk.ee\/pl\/toode\/przekaski-serowe-cheddar-40-g\/","og_locale":"pl_PL","og_type":"article","og_title":"Przek\u0105ski serowe Cheddar 40 g - Toidupakk.ee - Tactical Foodpack toidupakid","og_description":"Przek\u0105ski z sera cheddar to po\u017cywne przysmaki. Idealne \u017ar\u00f3d\u0142o bia\u0142ka i wapnia. Zabierz je na w\u0119dr\u00f3wk\u0119, kemping, ryby, polowanie czy podr\u00f3\u017c samochodem","og_url":"https:\/\/toidupakk.ee\/pl\/toode\/przekaski-serowe-cheddar-40-g\/","og_site_name":"Toidupakk.ee - Tactical Foodpack toidupakid","article_publisher":"https:\/\/www.facebook.com\/Toidupakk","article_modified_time":"2026-04-29T14:00:18+00:00","og_image":[{"width":1080,"height":1080,"url":"https:\/\/toidupakk.ee\/wp-content\/uploads\/2022\/09\/Juustusnakid-Cheddar-kulmkuivatatud-Tactical-Foodpack-1.png","type":"image\/png"}],"twitter_card":"summary_large_image","twitter_misc":{"Szacowany czas czytania":"1 minuta"},"schema":{"@context":"https:\/\/schema.org","@graph":[{"@type":"WebPage","@id":"https:\/\/toidupakk.ee\/pl\/toode\/przekaski-serowe-cheddar-40-g\/","url":"https:\/\/toidupakk.ee\/pl\/toode\/przekaski-serowe-cheddar-40-g\/","name":"Przek\u0105ski serowe Cheddar 40 g - Toidupakk.ee - Tactical Foodpack toidupakid","isPartOf":{"@id":"https:\/\/toidupakk.ee\/pl\/#website"},"primaryImageOfPage":{"@id":"https:\/\/toidupakk.ee\/pl\/toode\/przekaski-serowe-cheddar-40-g\/#primaryimage"},"image":{"@id":"https:\/\/toidupakk.ee\/pl\/toode\/przekaski-serowe-cheddar-40-g\/#primaryimage"},"thumbnailUrl":"https:\/\/toidupakk.ee\/wp-content\/uploads\/2022\/09\/Juustusnakid-Cheddar-kulmkuivatatud-Tactical-Foodpack-1.png","datePublished":"2022-09-21T12:23:38+00:00","dateModified":"2026-04-29T14:00:18+00:00","description":"Przek\u0105ski z sera cheddar to po\u017cywne przysmaki. Idealne \u017ar\u00f3d\u0142o bia\u0142ka i wapnia. Zabierz je na w\u0119dr\u00f3wk\u0119, kemping, ryby, polowanie czy podr\u00f3\u017c samochodem","breadcrumb":{"@id":"https:\/\/toidupakk.ee\/pl\/toode\/przekaski-serowe-cheddar-40-g\/#breadcrumb"},"inLanguage":"pl-PL","potentialAction":[{"@type":"ReadAction","target":["https:\/\/toidupakk.ee\/pl\/toode\/przekaski-serowe-cheddar-40-g\/"]}]},{"@type":"ImageObject","inLanguage":"pl-PL","@id":"https:\/\/toidupakk.ee\/pl\/toode\/przekaski-serowe-cheddar-40-g\/#primaryimage","url":"https:\/\/toidupakk.ee\/wp-content\/uploads\/2022\/09\/Juustusnakid-Cheddar-kulmkuivatatud-Tactical-Foodpack-1.png","contentUrl":"https:\/\/toidupakk.ee\/wp-content\/uploads\/2022\/09\/Juustusnakid-Cheddar-kulmkuivatatud-Tactical-Foodpack-1.png","width":1080,"height":1080,"caption":"Cheddar juustusn\u00e4kkide pakend"},{"@type":"BreadcrumbList","@id":"https:\/\/toidupakk.ee\/pl\/toode\/przekaski-serowe-cheddar-40-g\/#breadcrumb","itemListElement":[{"@type":"ListItem","position":1,"name":"Avaleht","item":"https:\/\/toidupakk.ee\/pl\/"},{"@type":"ListItem","position":2,"name":"Sklep internetowy","item":"https:\/\/toidupakk.ee\/pl\/sklep-internetowy\/"},{"@type":"ListItem","position":3,"name":"Przek\u0105ski serowe Cheddar 40 g"}]},{"@type":"WebSite","@id":"https:\/\/toidupakk.ee\/pl\/#website","url":"https:\/\/toidupakk.ee\/pl\/","name":"Toidupakk.ee - Tactical Foodpack toidupakid","description":"Tactical Foodpack k\u00fclmkuivatatud toidupakid ja matkaeined","publisher":{"@id":"https:\/\/toidupakk.ee\/pl\/#organization"},"potentialAction":[{"@type":"SearchAction","target":{"@type":"EntryPoint","urlTemplate":"https:\/\/toidupakk.ee\/pl\/?s={search_term_string}"},"query-input":{"@type":"PropertyValueSpecification","valueRequired":true,"valueName":"search_term_string"}}],"inLanguage":"pl-PL"},{"@type":"Organization","@id":"https:\/\/toidupakk.ee\/pl\/#organization","name":"Tactical Foodpack matkaeined","url":"https:\/\/toidupakk.ee\/pl\/","logo":{"@type":"ImageObject","inLanguage":"pl-PL","@id":"https:\/\/toidupakk.ee\/pl\/#\/schema\/logo\/image\/","url":"https:\/\/toidupakk.ee\/wp-content\/uploads\/2022\/01\/Toidupakk-matkapood-logo-transparent.png","contentUrl":"https:\/\/toidupakk.ee\/wp-content\/uploads\/2022\/01\/Toidupakk-matkapood-logo-transparent.png","width":500,"height":500,"caption":"Tactical Foodpack matkaeined"},"image":{"@id":"https:\/\/toidupakk.ee\/pl\/#\/schema\/logo\/image\/"},"sameAs":["https:\/\/www.facebook.com\/Toidupakk","https:\/\/www.instagram.com\/toidupakk\/"]}]}},"jetpack_sharing_enabled":true,"_links":{"self":[{"href":"https:\/\/toidupakk.ee\/pl\/wp-json\/wp\/v2\/product\/52785","targetHints":{"allow":["GET"]}}],"collection":[{"href":"https:\/\/toidupakk.ee\/pl\/wp-json\/wp\/v2\/product"}],"about":[{"href":"https:\/\/toidupakk.ee\/pl\/wp-json\/wp\/v2\/types\/product"}],"replies":[{"embeddable":true,"href":"https:\/\/toidupakk.ee\/pl\/wp-json\/wp\/v2\/comments?post=52785"}],"wp:featuredmedia":[{"embeddable":true,"href":"https:\/\/toidupakk.ee\/pl\/wp-json\/wp\/v2\/media\/3285"}],"wp:attachment":[{"href":"https:\/\/toidupakk.ee\/pl\/wp-json\/wp\/v2\/media?parent=52785"}],"wp:term":[{"taxonomy":"product_brand","embeddable":true,"href":"https:\/\/toidupakk.ee\/pl\/wp-json\/wp\/v2\/product_brand?post=52785"},{"taxonomy":"product_cat","embeddable":true,"href":"https:\/\/toidupakk.ee\/pl\/wp-json\/wp\/v2\/product_cat?post=52785"},{"taxonomy":"product_tag","embeddable":true,"href":"https:\/\/toidupakk.ee\/pl\/wp-json\/wp\/v2\/product_tag?post=52785"}],"curies":[{"name":"wp","href":"https:\/\/api.w.org\/{rel}","templated":true}]}}