{"id":52776,"date":"2022-09-12T16:38:12","date_gmt":"2022-09-12T13:38:12","guid":{"rendered":"https:\/\/toidupakk.ee\/toode\/liofilizowane-chipsy-malinowe-35-g\/"},"modified":"2026-04-04T00:01:03","modified_gmt":"2026-04-03T21:01:03","slug":"liofilizowane-chipsy-malinowe-35-g","status":"publish","type":"product","link":"https:\/\/toidupakk.ee\/pl\/toode\/liofilizowane-chipsy-malinowe-35-g\/","title":{"rendered":"Liofilizowane chipsy malinowe 35 g"},"content":{"rendered":"<p><strong>Sk\u0142adniki <\/strong><\/p>\n<p>Liofilizowany proszek malinowy.<\/p>\n<p>&nbsp;<\/p>\n<p><b>Warto\u015bci od\u017cywcze<\/b><\/p>\n<table class=\"table table-responsive\">\n<thead>\n<tr>\n<th>\u015aREDNIA WARTO\u015a\u0106 OD\u017bYWCZA<\/th>\n<th>100 G<\/th>\n<\/tr>\n<\/thead>\n<tbody>\n<tr>\n<td>Energia<\/td>\n<td>1347 kJ \/ 322 kcal<\/td>\n<\/tr>\n<tr>\n<td>W\u0119glowodany<\/td>\n<td>61,1 g<\/td>\n<\/tr>\n<tr>\n<td>w tym cukry<\/td>\n<td>45,2 g<\/td>\n<\/tr>\n<tr>\n<td>Bia\u0142ko<\/td>\n<td>3,9 g<\/td>\n<\/tr>\n<tr>\n<td>T\u0142uszcze<\/td>\n<td>1,6 g<\/td>\n<\/tr>\n<tr>\n<td>w tym kwasy t\u0142uszczowe nasycone<\/td>\n<td>0,1 g<\/td>\n<\/tr>\n<\/tbody>\n<\/table>\n<p>&nbsp;<\/p>\n<p>Zobacz wszystkie przek\u0105ski <a href=\"\/?product_cat=snakk#section-3-79\">TUTAJ<\/a><\/p>\n<p>Zobacz sprz\u0119t turystyczny <a href=\"https:\/\/toidupakk.ee\/pl\/tootekategooria\/sprzet-turystyczny\/#section-3-79\">TUTAJ<\/a><\/p>\n<p>Znajd\u017a inspiracj\u0119 na kolejne przygody na <a href=\"https:\/\/www.instagram.com\/toidupakk\/\">Instagramie<\/a> i <a href=\"https:\/\/www.facebook.com\/Toidupakk\/\">Facebooku<\/a> Toidupakk.<\/p>\n","protected":false},"excerpt":{"rendered":"<p>Liofilizowane chipsy malinowe nie zawieraj\u0105 dodanych cukr\u00f3w, co czyni je doskona\u0142\u0105 przek\u0105sk\u0105 dla du\u017cych i ma\u0142ych. Powstaj\u0105 z proszku malinowego, dzi\u0119ki czemu zachowuj\u0105 witaminy i minera\u0142y zawarte w owocach. Zachowa\u0142y si\u0119 w nich witaminy A, B i C, wap\u0144, potas, fosfor, \u017celazo oraz inne minera\u0142y obecne w malinach.  <\/p>\n<p>\u2705 Dost\u0119pne w magazynie, szybka dostawa w 1\u20133 dni robocze<\/p>\n","protected":false},"featured_media":22052,"comment_status":"open","ping_status":"closed","template":"","meta":{"_acf_changed":false},"product_brand":[],"product_cat":[303,390,322,301,380],"product_tag":[305],"class_list":{"0":"post-52776","1":"product","2":"type-product","3":"status-publish","4":"has-post-thumbnail","6":"product_cat-akcesoria-turystyczne","7":"product_cat-liofilizowane-chipsy-meki","8":"product_cat-przekaski","9":"product_cat-sprzet-turystyczny","10":"product_cat-zywnosc-turystyczna-meki","11":"product_tag-no_ads","13":"first","14":"instock","15":"taxable","16":"shipping-taxable","17":"purchasable","18":"product-type-simple"},"bundled_by":[],"bundle_stock_status":"instock","bundle_stock_quantity":14,"bundle_virtual":false,"bundle_layout":"","bundle_add_to_cart_form_location":"","bundle_editable_in_cart":false,"bundle_sold_individually_context":"","bundle_item_grouping":"","bundle_min_size":"","bundle_max_size":"","bundle_price":[],"bundled_items":[],"bundle_sell_ids":[],"acf":[],"yoast_head":"<!-- This site is optimized with the Yoast SEO plugin v27.1.1 - https:\/\/yoast.com\/product\/yoast-seo-wordpress\/ -->\n<title>Liofilizowane chipsy malinowe 35 g MEKI<\/title>\n<meta name=\"description\" content=\"Liofilizowane chipsy malinowe nie zawieraj\u0105 dodanych cukr\u00f3w, co czyni je doskona\u0142\u0105 przek\u0105sk\u0105 dla du\u017cych i ma\u0142ych.\" \/>\n<meta name=\"robots\" content=\"index, follow, max-snippet:-1, max-image-preview:large, max-video-preview:-1\" \/>\n<link rel=\"canonical\" href=\"https:\/\/toidupakk.ee\/pl\/toode\/liofilizowane-chipsy-malinowe-35-g\/\" \/>\n<meta property=\"og:locale\" content=\"pl_PL\" \/>\n<meta property=\"og:type\" content=\"article\" \/>\n<meta property=\"og:title\" content=\"Liofilizowane chipsy malinowe 35 g MEKI\" \/>\n<meta property=\"og:description\" content=\"Liofilizowane chipsy malinowe nie zawieraj\u0105 dodanych cukr\u00f3w, co czyni je doskona\u0142\u0105 przek\u0105sk\u0105 dla du\u017cych i ma\u0142ych.\" \/>\n<meta property=\"og:url\" content=\"https:\/\/toidupakk.ee\/pl\/toode\/liofilizowane-chipsy-malinowe-35-g\/\" \/>\n<meta property=\"og:site_name\" content=\"Toidupakk.ee - Tactical Foodpack toidupakid\" \/>\n<meta property=\"article:publisher\" content=\"https:\/\/www.facebook.com\/Toidupakk\" \/>\n<meta property=\"article:modified_time\" content=\"2026-04-03T21:01:03+00:00\" \/>\n<meta property=\"og:image\" content=\"https:\/\/toidupakk.ee\/wp-content\/uploads\/2022\/09\/Kulmkuivatatud-vaarikakropsud-MEKI.png\" \/>\n\t<meta property=\"og:image:width\" content=\"800\" \/>\n\t<meta property=\"og:image:height\" content=\"800\" \/>\n\t<meta property=\"og:image:type\" content=\"image\/png\" \/>\n<meta name=\"twitter:card\" content=\"summary_large_image\" \/>\n<script type=\"application\/ld+json\" class=\"yoast-schema-graph\">{\"@context\":\"https:\/\/schema.org\",\"@graph\":[{\"@type\":\"WebPage\",\"@id\":\"https:\/\/toidupakk.ee\/pl\/toode\/liofilizowane-chipsy-malinowe-35-g\/\",\"url\":\"https:\/\/toidupakk.ee\/pl\/toode\/liofilizowane-chipsy-malinowe-35-g\/\",\"name\":\"Liofilizowane chipsy malinowe 35 g MEKI\",\"isPartOf\":{\"@id\":\"https:\/\/toidupakk.ee\/pl\/#website\"},\"primaryImageOfPage\":{\"@id\":\"https:\/\/toidupakk.ee\/pl\/toode\/liofilizowane-chipsy-malinowe-35-g\/#primaryimage\"},\"image\":{\"@id\":\"https:\/\/toidupakk.ee\/pl\/toode\/liofilizowane-chipsy-malinowe-35-g\/#primaryimage\"},\"thumbnailUrl\":\"https:\/\/toidupakk.ee\/wp-content\/uploads\/2022\/09\/Kulmkuivatatud-vaarikakropsud-MEKI.png\",\"datePublished\":\"2022-09-12T13:38:12+00:00\",\"dateModified\":\"2026-04-03T21:01:03+00:00\",\"description\":\"Liofilizowane chipsy malinowe nie zawieraj\u0105 dodanych cukr\u00f3w, co czyni je doskona\u0142\u0105 przek\u0105sk\u0105 dla du\u017cych i ma\u0142ych.\",\"breadcrumb\":{\"@id\":\"https:\/\/toidupakk.ee\/pl\/toode\/liofilizowane-chipsy-malinowe-35-g\/#breadcrumb\"},\"inLanguage\":\"pl-PL\",\"potentialAction\":[{\"@type\":\"ReadAction\",\"target\":[\"https:\/\/toidupakk.ee\/pl\/toode\/liofilizowane-chipsy-malinowe-35-g\/\"]}]},{\"@type\":\"ImageObject\",\"inLanguage\":\"pl-PL\",\"@id\":\"https:\/\/toidupakk.ee\/pl\/toode\/liofilizowane-chipsy-malinowe-35-g\/#primaryimage\",\"url\":\"https:\/\/toidupakk.ee\/wp-content\/uploads\/2022\/09\/Kulmkuivatatud-vaarikakropsud-MEKI.png\",\"contentUrl\":\"https:\/\/toidupakk.ee\/wp-content\/uploads\/2022\/09\/Kulmkuivatatud-vaarikakropsud-MEKI.png\",\"width\":800,\"height\":800},{\"@type\":\"BreadcrumbList\",\"@id\":\"https:\/\/toidupakk.ee\/pl\/toode\/liofilizowane-chipsy-malinowe-35-g\/#breadcrumb\",\"itemListElement\":[{\"@type\":\"ListItem\",\"position\":1,\"name\":\"Avaleht\",\"item\":\"https:\/\/toidupakk.ee\/pl\/\"},{\"@type\":\"ListItem\",\"position\":2,\"name\":\"Sklep internetowy\",\"item\":\"https:\/\/toidupakk.ee\/pl\/sklep-internetowy\/\"},{\"@type\":\"ListItem\",\"position\":3,\"name\":\"Liofilizowane chipsy malinowe 35 g\"}]},{\"@type\":\"WebSite\",\"@id\":\"https:\/\/toidupakk.ee\/pl\/#website\",\"url\":\"https:\/\/toidupakk.ee\/pl\/\",\"name\":\"Toidupakk.ee - Tactical Foodpack toidupakid\",\"description\":\"Tactical Foodpack k\u00fclmkuivatatud toidupakid ja matkaeined\",\"publisher\":{\"@id\":\"https:\/\/toidupakk.ee\/pl\/#organization\"},\"potentialAction\":[{\"@type\":\"SearchAction\",\"target\":{\"@type\":\"EntryPoint\",\"urlTemplate\":\"https:\/\/toidupakk.ee\/pl\/?s={search_term_string}\"},\"query-input\":{\"@type\":\"PropertyValueSpecification\",\"valueRequired\":true,\"valueName\":\"search_term_string\"}}],\"inLanguage\":\"pl-PL\"},{\"@type\":\"Organization\",\"@id\":\"https:\/\/toidupakk.ee\/pl\/#organization\",\"name\":\"Tactical Foodpack matkaeined\",\"url\":\"https:\/\/toidupakk.ee\/pl\/\",\"logo\":{\"@type\":\"ImageObject\",\"inLanguage\":\"pl-PL\",\"@id\":\"https:\/\/toidupakk.ee\/pl\/#\/schema\/logo\/image\/\",\"url\":\"https:\/\/toidupakk.ee\/wp-content\/uploads\/2022\/01\/Toidupakk-matkapood-logo-transparent.png\",\"contentUrl\":\"https:\/\/toidupakk.ee\/wp-content\/uploads\/2022\/01\/Toidupakk-matkapood-logo-transparent.png\",\"width\":500,\"height\":500,\"caption\":\"Tactical Foodpack matkaeined\"},\"image\":{\"@id\":\"https:\/\/toidupakk.ee\/pl\/#\/schema\/logo\/image\/\"},\"sameAs\":[\"https:\/\/www.facebook.com\/Toidupakk\",\"https:\/\/www.instagram.com\/toidupakk\/\"]}]}<\/script>\n<!-- \/ Yoast SEO plugin. -->","yoast_head_json":{"title":"Liofilizowane chipsy malinowe 35 g MEKI","description":"Liofilizowane chipsy malinowe nie zawieraj\u0105 dodanych cukr\u00f3w, co czyni je doskona\u0142\u0105 przek\u0105sk\u0105 dla du\u017cych i ma\u0142ych.","robots":{"index":"index","follow":"follow","max-snippet":"max-snippet:-1","max-image-preview":"max-image-preview:large","max-video-preview":"max-video-preview:-1"},"canonical":"https:\/\/toidupakk.ee\/pl\/toode\/liofilizowane-chipsy-malinowe-35-g\/","og_locale":"pl_PL","og_type":"article","og_title":"Liofilizowane chipsy malinowe 35 g MEKI","og_description":"Liofilizowane chipsy malinowe nie zawieraj\u0105 dodanych cukr\u00f3w, co czyni je doskona\u0142\u0105 przek\u0105sk\u0105 dla du\u017cych i ma\u0142ych.","og_url":"https:\/\/toidupakk.ee\/pl\/toode\/liofilizowane-chipsy-malinowe-35-g\/","og_site_name":"Toidupakk.ee - Tactical Foodpack toidupakid","article_publisher":"https:\/\/www.facebook.com\/Toidupakk","article_modified_time":"2026-04-03T21:01:03+00:00","og_image":[{"width":800,"height":800,"url":"https:\/\/toidupakk.ee\/wp-content\/uploads\/2022\/09\/Kulmkuivatatud-vaarikakropsud-MEKI.png","type":"image\/png"}],"twitter_card":"summary_large_image","schema":{"@context":"https:\/\/schema.org","@graph":[{"@type":"WebPage","@id":"https:\/\/toidupakk.ee\/pl\/toode\/liofilizowane-chipsy-malinowe-35-g\/","url":"https:\/\/toidupakk.ee\/pl\/toode\/liofilizowane-chipsy-malinowe-35-g\/","name":"Liofilizowane chipsy malinowe 35 g MEKI","isPartOf":{"@id":"https:\/\/toidupakk.ee\/pl\/#website"},"primaryImageOfPage":{"@id":"https:\/\/toidupakk.ee\/pl\/toode\/liofilizowane-chipsy-malinowe-35-g\/#primaryimage"},"image":{"@id":"https:\/\/toidupakk.ee\/pl\/toode\/liofilizowane-chipsy-malinowe-35-g\/#primaryimage"},"thumbnailUrl":"https:\/\/toidupakk.ee\/wp-content\/uploads\/2022\/09\/Kulmkuivatatud-vaarikakropsud-MEKI.png","datePublished":"2022-09-12T13:38:12+00:00","dateModified":"2026-04-03T21:01:03+00:00","description":"Liofilizowane chipsy malinowe nie zawieraj\u0105 dodanych cukr\u00f3w, co czyni je doskona\u0142\u0105 przek\u0105sk\u0105 dla du\u017cych i ma\u0142ych.","breadcrumb":{"@id":"https:\/\/toidupakk.ee\/pl\/toode\/liofilizowane-chipsy-malinowe-35-g\/#breadcrumb"},"inLanguage":"pl-PL","potentialAction":[{"@type":"ReadAction","target":["https:\/\/toidupakk.ee\/pl\/toode\/liofilizowane-chipsy-malinowe-35-g\/"]}]},{"@type":"ImageObject","inLanguage":"pl-PL","@id":"https:\/\/toidupakk.ee\/pl\/toode\/liofilizowane-chipsy-malinowe-35-g\/#primaryimage","url":"https:\/\/toidupakk.ee\/wp-content\/uploads\/2022\/09\/Kulmkuivatatud-vaarikakropsud-MEKI.png","contentUrl":"https:\/\/toidupakk.ee\/wp-content\/uploads\/2022\/09\/Kulmkuivatatud-vaarikakropsud-MEKI.png","width":800,"height":800},{"@type":"BreadcrumbList","@id":"https:\/\/toidupakk.ee\/pl\/toode\/liofilizowane-chipsy-malinowe-35-g\/#breadcrumb","itemListElement":[{"@type":"ListItem","position":1,"name":"Avaleht","item":"https:\/\/toidupakk.ee\/pl\/"},{"@type":"ListItem","position":2,"name":"Sklep internetowy","item":"https:\/\/toidupakk.ee\/pl\/sklep-internetowy\/"},{"@type":"ListItem","position":3,"name":"Liofilizowane chipsy malinowe 35 g"}]},{"@type":"WebSite","@id":"https:\/\/toidupakk.ee\/pl\/#website","url":"https:\/\/toidupakk.ee\/pl\/","name":"Toidupakk.ee - Tactical Foodpack toidupakid","description":"Tactical Foodpack k\u00fclmkuivatatud toidupakid ja matkaeined","publisher":{"@id":"https:\/\/toidupakk.ee\/pl\/#organization"},"potentialAction":[{"@type":"SearchAction","target":{"@type":"EntryPoint","urlTemplate":"https:\/\/toidupakk.ee\/pl\/?s={search_term_string}"},"query-input":{"@type":"PropertyValueSpecification","valueRequired":true,"valueName":"search_term_string"}}],"inLanguage":"pl-PL"},{"@type":"Organization","@id":"https:\/\/toidupakk.ee\/pl\/#organization","name":"Tactical Foodpack matkaeined","url":"https:\/\/toidupakk.ee\/pl\/","logo":{"@type":"ImageObject","inLanguage":"pl-PL","@id":"https:\/\/toidupakk.ee\/pl\/#\/schema\/logo\/image\/","url":"https:\/\/toidupakk.ee\/wp-content\/uploads\/2022\/01\/Toidupakk-matkapood-logo-transparent.png","contentUrl":"https:\/\/toidupakk.ee\/wp-content\/uploads\/2022\/01\/Toidupakk-matkapood-logo-transparent.png","width":500,"height":500,"caption":"Tactical Foodpack matkaeined"},"image":{"@id":"https:\/\/toidupakk.ee\/pl\/#\/schema\/logo\/image\/"},"sameAs":["https:\/\/www.facebook.com\/Toidupakk","https:\/\/www.instagram.com\/toidupakk\/"]}]}},"jetpack_sharing_enabled":true,"_links":{"self":[{"href":"https:\/\/toidupakk.ee\/pl\/wp-json\/wp\/v2\/product\/52776","targetHints":{"allow":["GET"]}}],"collection":[{"href":"https:\/\/toidupakk.ee\/pl\/wp-json\/wp\/v2\/product"}],"about":[{"href":"https:\/\/toidupakk.ee\/pl\/wp-json\/wp\/v2\/types\/product"}],"replies":[{"embeddable":true,"href":"https:\/\/toidupakk.ee\/pl\/wp-json\/wp\/v2\/comments?post=52776"}],"wp:featuredmedia":[{"embeddable":true,"href":"https:\/\/toidupakk.ee\/pl\/wp-json\/wp\/v2\/media\/22052"}],"wp:attachment":[{"href":"https:\/\/toidupakk.ee\/pl\/wp-json\/wp\/v2\/media?parent=52776"}],"wp:term":[{"taxonomy":"product_brand","embeddable":true,"href":"https:\/\/toidupakk.ee\/pl\/wp-json\/wp\/v2\/product_brand?post=52776"},{"taxonomy":"product_cat","embeddable":true,"href":"https:\/\/toidupakk.ee\/pl\/wp-json\/wp\/v2\/product_cat?post=52776"},{"taxonomy":"product_tag","embeddable":true,"href":"https:\/\/toidupakk.ee\/pl\/wp-json\/wp\/v2\/product_tag?post=52776"}],"curies":[{"name":"wp","href":"https:\/\/api.w.org\/{rel}","templated":true}]}}