{"id":52775,"date":"2022-10-19T16:48:19","date_gmt":"2022-10-19T13:48:19","guid":{"rendered":"https:\/\/toidupakk.ee\/toode\/kuchenka-turystyczna-gazowa-przenosna-kuchenka-gazowa\/"},"modified":"2026-04-21T12:01:47","modified_gmt":"2026-04-21T09:01:47","slug":"kuchenka-turystyczna-gazowa-przenosna-kuchenka-gazowa","status":"publish","type":"product","link":"https:\/\/toidupakk.ee\/pl\/toode\/kuchenka-turystyczna-gazowa-przenosna-kuchenka-gazowa\/","title":{"rendered":"Kuchenka turystyczna gazowa \/ przeno\u015bna kuchenka gazowa"},"content":{"rendered":"<h1><img fetchpriority=\"high\" decoding=\"async\" class=\"alignright wp-image-31573 size-thumbnail\" src=\"https:\/\/toidupakk.ee\/wp-content\/uploads\/2022\/10\/Matkapliit-gaasiga-kaasaskantav-gaasipliit-1-500x500.png\" alt=\"ma\u0142a przeno\u015bna kuchenka turystyczna gazowa\" width=\"500\" height=\"500\" srcset=\"https:\/\/toidupakk.ee\/wp-content\/uploads\/2022\/10\/Matkapliit-gaasiga-kaasaskantav-gaasipliit-1-500x500.png 500w, https:\/\/toidupakk.ee\/wp-content\/uploads\/2022\/10\/Matkapliit-gaasiga-kaasaskantav-gaasipliit-1-400x400.png 400w, https:\/\/toidupakk.ee\/wp-content\/uploads\/2022\/10\/Matkapliit-gaasiga-kaasaskantav-gaasipliit-1-100x100.png 100w, https:\/\/toidupakk.ee\/wp-content\/uploads\/2022\/10\/Matkapliit-gaasiga-kaasaskantav-gaasipliit-1-300x300.png 300w, https:\/\/toidupakk.ee\/wp-content\/uploads\/2022\/10\/Matkapliit-gaasiga-kaasaskantav-gaasipliit-1-768x768.png 768w, https:\/\/toidupakk.ee\/wp-content\/uploads\/2022\/10\/Matkapliit-gaasiga-kaasaskantav-gaasipliit-1.png 800w\" sizes=\"(max-width: 500px) 100vw, 500px\" \/><\/h1>\n<h1>Kuchenka turystyczna gazowa dla smakoszy w podr\u00f3\u017cy<\/h1>\n<p>Kuchenka turystyczna to niezb\u0119dnik dla ka\u017cdego, kto kocha w\u0119dr\u00f3wki i kemping, niezale\u017cnie od tego, czy podr\u00f3\u017cuje samochodem, czy z plecakiem. To tak\u017ce \u015bwietne rozwi\u0105zanie do gotowania na \u015bwie\u017cym powietrzu. Obs\u0142uga kuchenki gazowej jest na tyle prosta i wygodna, \u017ce poradzi sobie z ni\u0105 ka\u017cdy. Mo\u017cesz jej u\u017cywa\u0107 z kartuszem gazowym 227 g lub z du\u017c\u0105 butl\u0105 gazow\u0105 dzi\u0119ki przy\u0142\u0105czu na w\u0105\u017c i reduktorowi. Do rozpalenia nie potrzebujesz zapa\u0142ek ani zapalniczki, poniewa\u017c kuchenka posiada wbudowany zapalnik elektryczny. Dzi\u0119ki temu przygotujesz pyszne posi\u0142ki bez wzgl\u0119du na pogod\u0119 czy wysoko\u015b\u0107, na kt\u00f3rej si\u0119 znajdujesz.     <\/p>\n<p>Kuchenka wsp\u00f3\u0142pracuje z kartuszem gazowym przeznaczonym do kuchenek turystycznych, kt\u00f3rego czas spalania wynosi od 1,2 do 3 godzin, zale\u017cnie od wielko\u015bci p\u0142omienia.<\/p>\n<p>&nbsp;<\/p>\n<p>&nbsp;<\/p>\n<h2>Kuchenka turystyczna b\u0119dzie dzia\u0142a\u0107 bezproblemowo przez lata<\/h2>\n<p>Tego typu kuchenki s\u0105 cenione za swoj\u0105 d\u0142ugowieczno\u015b\u0107. Trwa\u0142o\u015b\u0107 ka\u017cdego elementu jest starannie kontrolowana ju\u017c od pierwszych etap\u00f3w produkcji. Ka\u017cda kuchenka w naszej ofercie to zestaw najwy\u017cszej jako\u015bci komponent\u00f3w wykonanych z najwy\u017csz\u0105 staranno\u015bci\u0105. Wszystko to sprawia, \u017ce jest to niezawodna inwestycja na wiele lat.   <\/p>\n<p><img decoding=\"async\" class=\"alignright wp-image-31572 size-thumbnail\" src=\"https:\/\/toidupakk.ee\/wp-content\/uploads\/2022\/10\/Matkapliit-gaasiga-kaasaskantav-gaasipliit-3-500x500.png\" alt=\"\" width=\"500\" height=\"500\" srcset=\"https:\/\/toidupakk.ee\/wp-content\/uploads\/2022\/10\/Matkapliit-gaasiga-kaasaskantav-gaasipliit-3-500x500.png 500w, https:\/\/toidupakk.ee\/wp-content\/uploads\/2022\/10\/Matkapliit-gaasiga-kaasaskantav-gaasipliit-3-400x400.png 400w, https:\/\/toidupakk.ee\/wp-content\/uploads\/2022\/10\/Matkapliit-gaasiga-kaasaskantav-gaasipliit-3-100x100.png 100w, https:\/\/toidupakk.ee\/wp-content\/uploads\/2022\/10\/Matkapliit-gaasiga-kaasaskantav-gaasipliit-3-300x300.png 300w, https:\/\/toidupakk.ee\/wp-content\/uploads\/2022\/10\/Matkapliit-gaasiga-kaasaskantav-gaasipliit-3-768x768.png 768w, https:\/\/toidupakk.ee\/wp-content\/uploads\/2022\/10\/Matkapliit-gaasiga-kaasaskantav-gaasipliit-3.png 800w\" sizes=\"(max-width: 500px) 100vw, 500px\" \/><\/p>\n<h2>O bezpiecze\u0144stwie<\/h2>\n<p>Kuchenki turystyczne s\u0105 dok\u0142adnie testowane przed wprowadzeniem do sprzeda\u017cy i posiadaj\u0105 wszystkie niezb\u0119dne certyfikaty bezpiecze\u0144stwa. Wa\u017cne jest jednak, aby podczas u\u017cywania kuchenki w pomieszczeniach zapewni\u0107 odpowiedni\u0105 wentylacj\u0119. Dodatkowo warto wyczy\u015bci\u0107 kuchenk\u0119 po ka\u017cdym u\u017cyciu \u2013 dzi\u0119ki temu masz pewno\u015b\u0107, \u017ce resztki jedzenia i t\u0142uszczu nie stanowi\u0105 \u017cadnego zagro\u017cenia.   <\/p>\n<h3><\/h3>\n<h3>Co je\u015b\u0107 na wyprawie<\/h3>\n<p>Najpro\u015bciej zabra\u0107 ze sob\u0105 liofilizowane posi\u0142ki od Tactical Foodpack i Meki, kt\u00f3re oferuj\u0105 doznania smakowe zar\u00f3wno dla smakoszy, jak i fan\u00f3w domowego jedzenia, a opr\u00f3cz da\u0144 g\u0142\u00f3wnych tak\u017ce po\u017cywne przek\u0105ski. Oczywi\u015bcie mi\u0142o jest te\u017c wieczorem przy ognisku przygotowa\u0107 \u015bwie\u017cy posi\u0142ek, np. w\u0142asnor\u0119cznie z\u0142owion\u0105 ryb\u0119 \u2013 lekka i por\u0119czna kuchenka turystyczna b\u0119dzie idealnym towarzyszem na biwaku, wycieczce samochodowej czy pikniku. <\/p>\n<p>Zobacz wi\u0119cej kuchenek i palnik\u00f3w <a href=\"https:\/\/toidupakk.ee\/pl\/tootekategooria\/kuchenki-turystyczne\/\">TUTAJ<\/a><\/p>\n<p>Zobacz jedzenie na wypraw\u0119, kt\u00f3re warto zabra\u0107 <a href=\"https:\/\/toidupakk.ee\/pl\/sklep-internetowy\/\">TUTAJ<\/a><\/p>\n<p>Znajd\u017a inspiracj\u0119 na kolejne przygody na <a href=\"https:\/\/www.instagram.com\/toidupakk\/\">Instagramie<\/a> i <a href=\"https:\/\/www.facebook.com\/Toidupakk\/\">Facebooku<\/a> Toidupakk.<\/p>\n","protected":false},"excerpt":{"rendered":"<p><strong>Przeno\u015bna kuchenka gazowa, dzia\u0142a z ma\u0142ymi kartuszami, ale w razie potrzeby mo\u017cna j\u0105 pod\u0142\u0105czy\u0107 do du\u017cej butli gazowej. \u015awietne rozwi\u0105zanie w sytuacjach takich jak przerwa w dostawie pr\u0105du. <\/strong><\/p>\n<ul>\n<li>W zestawie znajduje si\u0119 <strong>specjalny adapter do pod\u0142\u0105czenia du\u017cej butli gazowej<\/strong>.<\/li>\n<li>Kuchenka posiada w zestawie <strong>os\u0142on\u0119 przeciwwietrzn\u0105<\/strong>, kt\u00f3ra zapewnia stabilny p\u0142omie\u0144 nawet przy wietrznej pogodzie<\/li>\n<li>\u0141atwy do czyszczenia materia\u0142 ze <strong>stali nierdzewnej<\/strong><\/li>\n<li>Wygodny system zap\u0142onu \u2013 p\u0142omie\u0144 <strong>zapala si\u0119 za pomoc\u0105 zapalnika elektrycznego<\/strong> w ka\u017cd\u0105 pogod\u0119 (automatyczny zap\u0142on piezoelektryczny)<\/li>\n<li>Moc grzewcza \u2013 <strong>2,3 kW<\/strong>. Podgrzewanie posi\u0142k\u00f3w w kilka minut <\/li>\n<li>Podp\u00f3rki pod naczynia z wypustkami antypo\u015blizgowymi, <strong>pasuj\u0105 do wi\u0119kszo\u015bci garnk\u00f3w i czajnik\u00f3w<\/strong><\/li>\n<li><strong>Automatyczny system gaszenia p\u0142omienia reaguj\u0105cy na ci\u015bnienie<\/strong> i zintegrowana kontrola bezpiecze\u0144stwa zapobiegaj\u0105ca wyciekom gazu<\/li>\n<li>\u0141atwa w transporcie \u2013 lekka i w wytrzyma\u0142ej walizce<\/li>\n<li>Czas spalania na jednym kartuszu wynosi orientacyjnie 1 h 20 min<\/li>\n<li>Rodzaj gazu: butan<\/li>\n<li>Zu\u017cycie gazu: 166 g\/h<\/li>\n<li>Kategoria gazu: opar butanu pod ci\u015bnieniem<\/li>\n<li>U\u017cywa\u0107 z <strong><a href=\"https:\/\/toidupakk.ee\/pl\/toode\/kartusz-gazowy-do-kuchenki-turystycznej-el-gaz-227-g\/\">kartuszem gazowym 227 g<\/a><\/strong><\/li>\n<\/ul>\n<p><strong>UWAGA! Zawsze u\u017cywaj w dobrze wentylowanym miejscu<\/strong><\/p>\n<p>Zestaw nie zawiera kartusza gazowego. Kartusze pasuj\u0105ce do kuchenki znajdziesz <strong><a href=\"https:\/\/toidupakk.ee\/pl\/toode\/kartusz-gazowy-do-kuchenki-turystycznej-el-gaz-227-g\/\">tutaj.<\/a><\/strong> <\/p>\n<p>\u2705 Dost\u0119pne w magazynie, szybka dostawa w 1-3 dni robocze<br \/>\n\u2705 Kup teraz, zap\u0142a\u0107 p\u00f3\u017aniej (RRSO 0%)<\/p>\n","protected":false},"featured_media":31571,"comment_status":"open","ping_status":"closed","template":"","meta":{"_acf_changed":false},"product_brand":[],"product_cat":[303,332,311,307,301],"product_tag":[],"class_list":{"0":"post-52775","1":"product","2":"type-product","3":"status-publish","4":"has-post-thumbnail","6":"product_cat-akcesoria-turystyczne","7":"product_cat-kuchenki-turystyczne","8":"product_cat-praktyczne-pomysly-na-prezent","9":"product_cat-przygotowywanie-posilkow","10":"product_cat-sprzet-turystyczny","12":"first","13":"instock","14":"sale","15":"taxable","16":"shipping-taxable","17":"purchasable","18":"product-type-simple"},"bundled_by":[],"bundle_stock_status":"instock","bundle_stock_quantity":9,"bundle_virtual":false,"bundle_layout":"","bundle_add_to_cart_form_location":"","bundle_editable_in_cart":false,"bundle_sold_individually_context":"","bundle_item_grouping":"","bundle_min_size":"","bundle_max_size":"","bundle_price":[],"bundled_items":[],"bundle_sell_ids":[],"acf":[],"yoast_head":"<!-- This site is optimized with the Yoast SEO plugin v27.3 - https:\/\/yoast.com\/product\/yoast-seo-wordpress\/ -->\n<title>Kuchenka turystyczna gazowa \/ przeno\u015bna kuchenka gazowa<\/title>\n<meta name=\"description\" content=\"Kuchenka turystyczna gazowa to przeno\u015bne urz\u0105dzenie, kt\u00f3re idealnie sprawdza si\u0119 w sytuacjach, gdy np. z powodu braku pr\u0105du nie ma mo\u017cliwo\u015bci przygotowania posi\u0142ku.\" \/>\n<meta name=\"robots\" content=\"index, follow, max-snippet:-1, max-image-preview:large, max-video-preview:-1\" \/>\n<link rel=\"canonical\" href=\"https:\/\/toidupakk.ee\/pl\/toode\/kuchenka-turystyczna-gazowa-przenosna-kuchenka-gazowa\/\" \/>\n<meta property=\"og:locale\" content=\"pl_PL\" \/>\n<meta property=\"og:type\" content=\"article\" \/>\n<meta property=\"og:title\" content=\"Kuchenka turystyczna gazowa \/ przeno\u015bna kuchenka gazowa\" \/>\n<meta property=\"og:description\" content=\"Kuchenka turystyczna gazowa to przeno\u015bne urz\u0105dzenie, kt\u00f3re idealnie sprawdza si\u0119 w sytuacjach, gdy np. z powodu braku pr\u0105du nie ma mo\u017cliwo\u015bci przygotowania posi\u0142ku.\" \/>\n<meta property=\"og:url\" content=\"https:\/\/toidupakk.ee\/pl\/toode\/kuchenka-turystyczna-gazowa-przenosna-kuchenka-gazowa\/\" \/>\n<meta property=\"og:site_name\" content=\"Toidupakk.ee - Tactical Foodpack toidupakid\" \/>\n<meta property=\"article:publisher\" content=\"https:\/\/www.facebook.com\/Toidupakk\" \/>\n<meta property=\"article:modified_time\" content=\"2026-04-21T09:01:47+00:00\" \/>\n<meta property=\"og:image\" content=\"https:\/\/toidupakk.ee\/wp-content\/uploads\/2022\/10\/Matkapliit-gaasiga-kaasaskantav-gaasipliit-2.png\" \/>\n\t<meta property=\"og:image:width\" content=\"800\" \/>\n\t<meta property=\"og:image:height\" content=\"800\" \/>\n\t<meta property=\"og:image:type\" content=\"image\/png\" \/>\n<meta name=\"twitter:card\" content=\"summary_large_image\" \/>\n<meta name=\"twitter:label1\" content=\"Szacowany czas czytania\" \/>\n\t<meta name=\"twitter:data1\" content=\"2 minuty\" \/>\n<script type=\"application\/ld+json\" class=\"yoast-schema-graph\">{\"@context\":\"https:\\\/\\\/schema.org\",\"@graph\":[{\"@type\":\"WebPage\",\"@id\":\"https:\\\/\\\/toidupakk.ee\\\/pl\\\/toode\\\/kuchenka-turystyczna-gazowa-przenosna-kuchenka-gazowa\\\/\",\"url\":\"https:\\\/\\\/toidupakk.ee\\\/pl\\\/toode\\\/kuchenka-turystyczna-gazowa-przenosna-kuchenka-gazowa\\\/\",\"name\":\"Kuchenka turystyczna gazowa \\\/ przeno\u015bna kuchenka gazowa\",\"isPartOf\":{\"@id\":\"https:\\\/\\\/toidupakk.ee\\\/pl\\\/#website\"},\"primaryImageOfPage\":{\"@id\":\"https:\\\/\\\/toidupakk.ee\\\/pl\\\/toode\\\/kuchenka-turystyczna-gazowa-przenosna-kuchenka-gazowa\\\/#primaryimage\"},\"image\":{\"@id\":\"https:\\\/\\\/toidupakk.ee\\\/pl\\\/toode\\\/kuchenka-turystyczna-gazowa-przenosna-kuchenka-gazowa\\\/#primaryimage\"},\"thumbnailUrl\":\"https:\\\/\\\/toidupakk.ee\\\/wp-content\\\/uploads\\\/2022\\\/10\\\/Matkapliit-gaasiga-kaasaskantav-gaasipliit-2.png\",\"datePublished\":\"2022-10-19T13:48:19+00:00\",\"dateModified\":\"2026-04-21T09:01:47+00:00\",\"description\":\"Kuchenka turystyczna gazowa to przeno\u015bne urz\u0105dzenie, kt\u00f3re idealnie sprawdza si\u0119 w sytuacjach, gdy np. z powodu braku pr\u0105du nie ma mo\u017cliwo\u015bci przygotowania posi\u0142ku.\",\"breadcrumb\":{\"@id\":\"https:\\\/\\\/toidupakk.ee\\\/pl\\\/toode\\\/kuchenka-turystyczna-gazowa-przenosna-kuchenka-gazowa\\\/#breadcrumb\"},\"inLanguage\":\"pl-PL\",\"potentialAction\":[{\"@type\":\"ReadAction\",\"target\":[\"https:\\\/\\\/toidupakk.ee\\\/pl\\\/toode\\\/kuchenka-turystyczna-gazowa-przenosna-kuchenka-gazowa\\\/\"]}]},{\"@type\":\"ImageObject\",\"inLanguage\":\"pl-PL\",\"@id\":\"https:\\\/\\\/toidupakk.ee\\\/pl\\\/toode\\\/kuchenka-turystyczna-gazowa-przenosna-kuchenka-gazowa\\\/#primaryimage\",\"url\":\"https:\\\/\\\/toidupakk.ee\\\/wp-content\\\/uploads\\\/2022\\\/10\\\/Matkapliit-gaasiga-kaasaskantav-gaasipliit-2.png\",\"contentUrl\":\"https:\\\/\\\/toidupakk.ee\\\/wp-content\\\/uploads\\\/2022\\\/10\\\/Matkapliit-gaasiga-kaasaskantav-gaasipliit-2.png\",\"width\":800,\"height\":800,\"caption\":\"v\u00e4ike gaasipliit\"},{\"@type\":\"BreadcrumbList\",\"@id\":\"https:\\\/\\\/toidupakk.ee\\\/pl\\\/toode\\\/kuchenka-turystyczna-gazowa-przenosna-kuchenka-gazowa\\\/#breadcrumb\",\"itemListElement\":[{\"@type\":\"ListItem\",\"position\":1,\"name\":\"Avaleht\",\"item\":\"https:\\\/\\\/toidupakk.ee\\\/pl\\\/\"},{\"@type\":\"ListItem\",\"position\":2,\"name\":\"Sklep internetowy\",\"item\":\"https:\\\/\\\/toidupakk.ee\\\/pl\\\/sklep-internetowy\\\/\"},{\"@type\":\"ListItem\",\"position\":3,\"name\":\"Kuchenka turystyczna gazowa \\\/ przeno\u015bna kuchenka gazowa\"}]},{\"@type\":\"WebSite\",\"@id\":\"https:\\\/\\\/toidupakk.ee\\\/pl\\\/#website\",\"url\":\"https:\\\/\\\/toidupakk.ee\\\/pl\\\/\",\"name\":\"Toidupakk.ee - Tactical Foodpack toidupakid\",\"description\":\"Tactical Foodpack k\u00fclmkuivatatud toidupakid ja matkaeined\",\"publisher\":{\"@id\":\"https:\\\/\\\/toidupakk.ee\\\/pl\\\/#organization\"},\"potentialAction\":[{\"@type\":\"SearchAction\",\"target\":{\"@type\":\"EntryPoint\",\"urlTemplate\":\"https:\\\/\\\/toidupakk.ee\\\/pl\\\/?s={search_term_string}\"},\"query-input\":{\"@type\":\"PropertyValueSpecification\",\"valueRequired\":true,\"valueName\":\"search_term_string\"}}],\"inLanguage\":\"pl-PL\"},{\"@type\":\"Organization\",\"@id\":\"https:\\\/\\\/toidupakk.ee\\\/pl\\\/#organization\",\"name\":\"Tactical Foodpack matkaeined\",\"url\":\"https:\\\/\\\/toidupakk.ee\\\/pl\\\/\",\"logo\":{\"@type\":\"ImageObject\",\"inLanguage\":\"pl-PL\",\"@id\":\"https:\\\/\\\/toidupakk.ee\\\/pl\\\/#\\\/schema\\\/logo\\\/image\\\/\",\"url\":\"https:\\\/\\\/toidupakk.ee\\\/wp-content\\\/uploads\\\/2022\\\/01\\\/Toidupakk-matkapood-logo-transparent.png\",\"contentUrl\":\"https:\\\/\\\/toidupakk.ee\\\/wp-content\\\/uploads\\\/2022\\\/01\\\/Toidupakk-matkapood-logo-transparent.png\",\"width\":500,\"height\":500,\"caption\":\"Tactical Foodpack matkaeined\"},\"image\":{\"@id\":\"https:\\\/\\\/toidupakk.ee\\\/pl\\\/#\\\/schema\\\/logo\\\/image\\\/\"},\"sameAs\":[\"https:\\\/\\\/www.facebook.com\\\/Toidupakk\",\"https:\\\/\\\/www.instagram.com\\\/toidupakk\\\/\"]}]}<\/script>\n<!-- \/ Yoast SEO plugin. -->","yoast_head_json":{"title":"Kuchenka turystyczna gazowa \/ przeno\u015bna kuchenka gazowa","description":"Kuchenka turystyczna gazowa to przeno\u015bne urz\u0105dzenie, kt\u00f3re idealnie sprawdza si\u0119 w sytuacjach, gdy np. z powodu braku pr\u0105du nie ma mo\u017cliwo\u015bci przygotowania posi\u0142ku.","robots":{"index":"index","follow":"follow","max-snippet":"max-snippet:-1","max-image-preview":"max-image-preview:large","max-video-preview":"max-video-preview:-1"},"canonical":"https:\/\/toidupakk.ee\/pl\/toode\/kuchenka-turystyczna-gazowa-przenosna-kuchenka-gazowa\/","og_locale":"pl_PL","og_type":"article","og_title":"Kuchenka turystyczna gazowa \/ przeno\u015bna kuchenka gazowa","og_description":"Kuchenka turystyczna gazowa to przeno\u015bne urz\u0105dzenie, kt\u00f3re idealnie sprawdza si\u0119 w sytuacjach, gdy np. z powodu braku pr\u0105du nie ma mo\u017cliwo\u015bci przygotowania posi\u0142ku.","og_url":"https:\/\/toidupakk.ee\/pl\/toode\/kuchenka-turystyczna-gazowa-przenosna-kuchenka-gazowa\/","og_site_name":"Toidupakk.ee - Tactical Foodpack toidupakid","article_publisher":"https:\/\/www.facebook.com\/Toidupakk","article_modified_time":"2026-04-21T09:01:47+00:00","og_image":[{"width":800,"height":800,"url":"https:\/\/toidupakk.ee\/wp-content\/uploads\/2022\/10\/Matkapliit-gaasiga-kaasaskantav-gaasipliit-2.png","type":"image\/png"}],"twitter_card":"summary_large_image","twitter_misc":{"Szacowany czas czytania":"2 minuty"},"schema":{"@context":"https:\/\/schema.org","@graph":[{"@type":"WebPage","@id":"https:\/\/toidupakk.ee\/pl\/toode\/kuchenka-turystyczna-gazowa-przenosna-kuchenka-gazowa\/","url":"https:\/\/toidupakk.ee\/pl\/toode\/kuchenka-turystyczna-gazowa-przenosna-kuchenka-gazowa\/","name":"Kuchenka turystyczna gazowa \/ przeno\u015bna kuchenka gazowa","isPartOf":{"@id":"https:\/\/toidupakk.ee\/pl\/#website"},"primaryImageOfPage":{"@id":"https:\/\/toidupakk.ee\/pl\/toode\/kuchenka-turystyczna-gazowa-przenosna-kuchenka-gazowa\/#primaryimage"},"image":{"@id":"https:\/\/toidupakk.ee\/pl\/toode\/kuchenka-turystyczna-gazowa-przenosna-kuchenka-gazowa\/#primaryimage"},"thumbnailUrl":"https:\/\/toidupakk.ee\/wp-content\/uploads\/2022\/10\/Matkapliit-gaasiga-kaasaskantav-gaasipliit-2.png","datePublished":"2022-10-19T13:48:19+00:00","dateModified":"2026-04-21T09:01:47+00:00","description":"Kuchenka turystyczna gazowa to przeno\u015bne urz\u0105dzenie, kt\u00f3re idealnie sprawdza si\u0119 w sytuacjach, gdy np. z powodu braku pr\u0105du nie ma mo\u017cliwo\u015bci przygotowania posi\u0142ku.","breadcrumb":{"@id":"https:\/\/toidupakk.ee\/pl\/toode\/kuchenka-turystyczna-gazowa-przenosna-kuchenka-gazowa\/#breadcrumb"},"inLanguage":"pl-PL","potentialAction":[{"@type":"ReadAction","target":["https:\/\/toidupakk.ee\/pl\/toode\/kuchenka-turystyczna-gazowa-przenosna-kuchenka-gazowa\/"]}]},{"@type":"ImageObject","inLanguage":"pl-PL","@id":"https:\/\/toidupakk.ee\/pl\/toode\/kuchenka-turystyczna-gazowa-przenosna-kuchenka-gazowa\/#primaryimage","url":"https:\/\/toidupakk.ee\/wp-content\/uploads\/2022\/10\/Matkapliit-gaasiga-kaasaskantav-gaasipliit-2.png","contentUrl":"https:\/\/toidupakk.ee\/wp-content\/uploads\/2022\/10\/Matkapliit-gaasiga-kaasaskantav-gaasipliit-2.png","width":800,"height":800,"caption":"v\u00e4ike gaasipliit"},{"@type":"BreadcrumbList","@id":"https:\/\/toidupakk.ee\/pl\/toode\/kuchenka-turystyczna-gazowa-przenosna-kuchenka-gazowa\/#breadcrumb","itemListElement":[{"@type":"ListItem","position":1,"name":"Avaleht","item":"https:\/\/toidupakk.ee\/pl\/"},{"@type":"ListItem","position":2,"name":"Sklep internetowy","item":"https:\/\/toidupakk.ee\/pl\/sklep-internetowy\/"},{"@type":"ListItem","position":3,"name":"Kuchenka turystyczna gazowa \/ przeno\u015bna kuchenka gazowa"}]},{"@type":"WebSite","@id":"https:\/\/toidupakk.ee\/pl\/#website","url":"https:\/\/toidupakk.ee\/pl\/","name":"Toidupakk.ee - Tactical Foodpack toidupakid","description":"Tactical Foodpack k\u00fclmkuivatatud toidupakid ja matkaeined","publisher":{"@id":"https:\/\/toidupakk.ee\/pl\/#organization"},"potentialAction":[{"@type":"SearchAction","target":{"@type":"EntryPoint","urlTemplate":"https:\/\/toidupakk.ee\/pl\/?s={search_term_string}"},"query-input":{"@type":"PropertyValueSpecification","valueRequired":true,"valueName":"search_term_string"}}],"inLanguage":"pl-PL"},{"@type":"Organization","@id":"https:\/\/toidupakk.ee\/pl\/#organization","name":"Tactical Foodpack matkaeined","url":"https:\/\/toidupakk.ee\/pl\/","logo":{"@type":"ImageObject","inLanguage":"pl-PL","@id":"https:\/\/toidupakk.ee\/pl\/#\/schema\/logo\/image\/","url":"https:\/\/toidupakk.ee\/wp-content\/uploads\/2022\/01\/Toidupakk-matkapood-logo-transparent.png","contentUrl":"https:\/\/toidupakk.ee\/wp-content\/uploads\/2022\/01\/Toidupakk-matkapood-logo-transparent.png","width":500,"height":500,"caption":"Tactical Foodpack matkaeined"},"image":{"@id":"https:\/\/toidupakk.ee\/pl\/#\/schema\/logo\/image\/"},"sameAs":["https:\/\/www.facebook.com\/Toidupakk","https:\/\/www.instagram.com\/toidupakk\/"]}]}},"jetpack_sharing_enabled":true,"_links":{"self":[{"href":"https:\/\/toidupakk.ee\/pl\/wp-json\/wp\/v2\/product\/52775","targetHints":{"allow":["GET"]}}],"collection":[{"href":"https:\/\/toidupakk.ee\/pl\/wp-json\/wp\/v2\/product"}],"about":[{"href":"https:\/\/toidupakk.ee\/pl\/wp-json\/wp\/v2\/types\/product"}],"replies":[{"embeddable":true,"href":"https:\/\/toidupakk.ee\/pl\/wp-json\/wp\/v2\/comments?post=52775"}],"wp:featuredmedia":[{"embeddable":true,"href":"https:\/\/toidupakk.ee\/pl\/wp-json\/wp\/v2\/media\/31571"}],"wp:attachment":[{"href":"https:\/\/toidupakk.ee\/pl\/wp-json\/wp\/v2\/media?parent=52775"}],"wp:term":[{"taxonomy":"product_brand","embeddable":true,"href":"https:\/\/toidupakk.ee\/pl\/wp-json\/wp\/v2\/product_brand?post=52775"},{"taxonomy":"product_cat","embeddable":true,"href":"https:\/\/toidupakk.ee\/pl\/wp-json\/wp\/v2\/product_cat?post=52775"},{"taxonomy":"product_tag","embeddable":true,"href":"https:\/\/toidupakk.ee\/pl\/wp-json\/wp\/v2\/product_tag?post=52775"}],"curies":[{"name":"wp","href":"https:\/\/api.w.org\/{rel}","templated":true}]}}