{"id":52765,"date":"2022-10-12T14:00:57","date_gmt":"2022-10-12T11:00:57","guid":{"rendered":"https:\/\/toidupakk.ee\/toode\/kartusz-gazowy-do-kuchenki-turystycznej-el-gaz-227-g\/"},"modified":"2026-04-29T14:31:10","modified_gmt":"2026-04-29T11:31:10","slug":"kartusz-gazowy-do-kuchenki-turystycznej-el-gaz-227-g","status":"publish","type":"product","link":"https:\/\/toidupakk.ee\/pl\/toode\/kartusz-gazowy-do-kuchenki-turystycznej-el-gaz-227-g\/","title":{"rendered":"Kartusz gazowy do kuchenki turystycznej EL GAZ 227 g"},"content":{"rendered":"<p><img fetchpriority=\"high\" decoding=\"async\" class=\"alignright wp-image-3642 size-thumbnail\" src=\"https:\/\/toidupakk.ee\/wp-content\/uploads\/2022\/10\/Matkapliidi-Gaasiballoon-227g-5-500x500.png\" alt=\"\" width=\"500\" height=\"500\" srcset=\"https:\/\/toidupakk.ee\/wp-content\/uploads\/2022\/10\/Matkapliidi-Gaasiballoon-227g-5-500x500.png 500w, https:\/\/toidupakk.ee\/wp-content\/uploads\/2022\/10\/Matkapliidi-Gaasiballoon-227g-5-400x400.png 400w, https:\/\/toidupakk.ee\/wp-content\/uploads\/2022\/10\/Matkapliidi-Gaasiballoon-227g-5-100x100.png 100w, https:\/\/toidupakk.ee\/wp-content\/uploads\/2022\/10\/Matkapliidi-Gaasiballoon-227g-5-800x800.png 800w, https:\/\/toidupakk.ee\/wp-content\/uploads\/2022\/10\/Matkapliidi-Gaasiballoon-227g-5-300x300.png 300w, https:\/\/toidupakk.ee\/wp-content\/uploads\/2022\/10\/Matkapliidi-Gaasiballoon-227g-5-1024x1024.png 1024w, https:\/\/toidupakk.ee\/wp-content\/uploads\/2022\/10\/Matkapliidi-Gaasiballoon-227g-5-768x768.png 768w, https:\/\/toidupakk.ee\/wp-content\/uploads\/2022\/10\/Matkapliidi-Gaasiballoon-227g-5.png 1080w\" sizes=\"(max-width: 500px) 100vw, 500px\" \/><\/p>\n<p>Kartusz gazowy to idealne rozwi\u0105zanie na kemping, do lasu, na polowanie czy rejs \u0142odzi\u0105. Przeznaczony do kuchenek, grzejnik\u00f3w gazowych, lamp i innych palnik\u00f3w. Przygotuj ciep\u0142y posi\u0142ek lub zagotuj wod\u0119, gdziekolwiek jeste\u015b.  <\/p>\n<p>Kartusz gazowy do kuchenki turystycznej wype\u0142niony butanem. Pojemno\u015b\u0107 227 g. <\/p>\n<p>Kartusz wype\u0142niony butanem posiada automatyczny zaw\u00f3r bezpiecze\u0144stwa CRV (Countersink Release Vent). Pasuje do wi\u0119kszo\u015bci kuchenek, palnik\u00f3w i grzejnik\u00f3w gazowych. Szybki i wygodny monta\u017c oraz demonta\u017c. \u015aredni czas spalania wynosi ok. 1,5\u20133 godz., zale\u017cnie od u\u017cytkowania. Przechowywa\u0107 w miejscu niedost\u0119pnym dla dzieci!    <\/p>\n<p>Mo\u017cna stosowa\u0107 we wszystkich urz\u0105dzeniach gazowych zgodnych z norm\u0105 EN 521 : 2019.<\/p>\n<p><a href=\"https:\/\/toidupakk.ee\/pl\/toode\/kuchenka-turystyczna-gazowa-przenosna-kuchenka-gazowa\/\"><img decoding=\"async\" class=\"alignnone wp-image-2926 size-thumbnail\" src=\"https:\/\/toidupakk.ee\/wp-content\/uploads\/2022\/07\/Matkapliidi-gaasiballoon-3-500x500.png\" alt=\"Butan Alpentech\" width=\"500\" height=\"500\" srcset=\"https:\/\/toidupakk.ee\/wp-content\/uploads\/2022\/07\/Matkapliidi-gaasiballoon-3-500x500.png 500w, https:\/\/toidupakk.ee\/wp-content\/uploads\/2022\/07\/Matkapliidi-gaasiballoon-3-400x400.png 400w, https:\/\/toidupakk.ee\/wp-content\/uploads\/2022\/07\/Matkapliidi-gaasiballoon-3-100x100.png 100w, https:\/\/toidupakk.ee\/wp-content\/uploads\/2022\/07\/Matkapliidi-gaasiballoon-3-800x800.png 800w, https:\/\/toidupakk.ee\/wp-content\/uploads\/2022\/07\/Matkapliidi-gaasiballoon-3-300x300.png 300w, https:\/\/toidupakk.ee\/wp-content\/uploads\/2022\/07\/Matkapliidi-gaasiballoon-3-1024x1024.png 1024w, https:\/\/toidupakk.ee\/wp-content\/uploads\/2022\/07\/Matkapliidi-gaasiballoon-3-768x768.png 768w, https:\/\/toidupakk.ee\/wp-content\/uploads\/2022\/07\/Matkapliidi-gaasiballoon-3.png 1080w\" sizes=\"(max-width: 500px) 100vw, 500px\" \/><\/a><\/p>\n<p>Zobacz wi\u0119cej akcesori\u00f3w turystycznych <a href=\"https:\/\/toidupakk.ee\/pl\/tootekategooria\/sprzet-turystyczny\/#section-3-79\">TUTAJ<\/a><\/p>\n<p>Znajd\u017a inspiracj\u0119 na kolejne przygody na <a href=\"https:\/\/www.instagram.com\/toidupakk\/\">Instagramie<\/a> i <a href=\"https:\/\/www.facebook.com\/Toidupakk\/\">Facebooku<\/a> Toidupakk.<\/p>\n","protected":false},"excerpt":{"rendered":"<ul>\n<li>Kartusz gazowy do kuchenek turystycznych i innych palnik\u00f3w gazowych.<\/li>\n<li>Kartusz gazowy wype\u0142niony butanem 227 g.<\/li>\n<li>Czas spalania 1,5\u20133 godz. w zale\u017cno\u015bci od wielko\u015bci p\u0142omienia.<\/li>\n<li>Z automatycznym zaworem samouszczelniaj\u0105cym.<\/li>\n<\/ul>\n<p>\u2705 Dost\u0119pne w magazynie, szybka dostawa w 1\u20133 dni robocze<\/p>\n","protected":false},"featured_media":3641,"comment_status":"open","ping_status":"closed","template":"","meta":{"_acf_changed":false},"product_brand":[],"product_cat":[303,352,332,307,301],"product_tag":[305],"class_list":{"0":"post-52765","1":"product","2":"type-product","3":"status-publish","4":"has-post-thumbnail","6":"product_cat-akcesoria-turystyczne","7":"product_cat-gazy","8":"product_cat-kuchenki-turystyczne","9":"product_cat-przygotowywanie-posilkow","10":"product_cat-sprzet-turystyczny","11":"product_tag-no_ads","13":"first","14":"instock","15":"sale","16":"taxable","17":"shipping-taxable","18":"purchasable","19":"product-type-simple"},"bundled_by":[],"bundle_stock_status":"instock","bundle_stock_quantity":38,"bundle_virtual":false,"bundle_layout":"","bundle_add_to_cart_form_location":"","bundle_editable_in_cart":false,"bundle_sold_individually_context":"","bundle_item_grouping":"","bundle_min_size":"","bundle_max_size":"","bundle_price":[],"bundled_items":[],"bundle_sell_ids":[],"acf":[],"yoast_head":"<!-- This site is optimized with the Yoast SEO plugin v27.3 - https:\/\/yoast.com\/product\/yoast-seo-wordpress\/ -->\n<title>Kartusz gazowy do kuchenki turystycznej EL GAZ 227 g<\/title>\n<meta name=\"description\" content=\"Kartusz gazowy do kuchenek i palnik\u00f3w turystycznych. Z bezpiecznym zaworem samouszczelniaj\u0105cym.\" \/>\n<meta name=\"robots\" content=\"index, follow, max-snippet:-1, max-image-preview:large, max-video-preview:-1\" \/>\n<link rel=\"canonical\" href=\"https:\/\/toidupakk.ee\/pl\/toode\/kartusz-gazowy-do-kuchenki-turystycznej-el-gaz-227-g\/\" \/>\n<meta property=\"og:locale\" content=\"pl_PL\" \/>\n<meta property=\"og:type\" content=\"article\" \/>\n<meta property=\"og:title\" content=\"Kartusz gazowy do kuchenki turystycznej EL GAZ 227 g\" \/>\n<meta property=\"og:description\" content=\"Kartusz gazowy do kuchenek i palnik\u00f3w turystycznych. Z bezpiecznym zaworem samouszczelniaj\u0105cym.\" \/>\n<meta property=\"og:url\" content=\"https:\/\/toidupakk.ee\/pl\/toode\/kartusz-gazowy-do-kuchenki-turystycznej-el-gaz-227-g\/\" \/>\n<meta property=\"og:site_name\" content=\"Toidupakk.ee - Tactical Foodpack toidupakid\" \/>\n<meta property=\"article:publisher\" content=\"https:\/\/www.facebook.com\/Toidupakk\" \/>\n<meta property=\"article:modified_time\" content=\"2026-04-29T11:31:10+00:00\" \/>\n<meta property=\"og:image\" content=\"https:\/\/toidupakk.ee\/wp-content\/uploads\/2022\/10\/Matkapliidi-Gaasiballoon-227g-4.png\" \/>\n\t<meta property=\"og:image:width\" content=\"1080\" \/>\n\t<meta property=\"og:image:height\" content=\"1080\" \/>\n\t<meta property=\"og:image:type\" content=\"image\/png\" \/>\n<meta name=\"twitter:card\" content=\"summary_large_image\" \/>\n<meta name=\"twitter:label1\" content=\"Szacowany czas czytania\" \/>\n\t<meta name=\"twitter:data1\" content=\"1 minuta\" \/>\n<script type=\"application\/ld+json\" class=\"yoast-schema-graph\">{\"@context\":\"https:\\\/\\\/schema.org\",\"@graph\":[{\"@type\":\"WebPage\",\"@id\":\"https:\\\/\\\/toidupakk.ee\\\/pl\\\/toode\\\/kartusz-gazowy-do-kuchenki-turystycznej-el-gaz-227-g\\\/\",\"url\":\"https:\\\/\\\/toidupakk.ee\\\/pl\\\/toode\\\/kartusz-gazowy-do-kuchenki-turystycznej-el-gaz-227-g\\\/\",\"name\":\"Kartusz gazowy do kuchenki turystycznej EL GAZ 227 g\",\"isPartOf\":{\"@id\":\"https:\\\/\\\/toidupakk.ee\\\/pl\\\/#website\"},\"primaryImageOfPage\":{\"@id\":\"https:\\\/\\\/toidupakk.ee\\\/pl\\\/toode\\\/kartusz-gazowy-do-kuchenki-turystycznej-el-gaz-227-g\\\/#primaryimage\"},\"image\":{\"@id\":\"https:\\\/\\\/toidupakk.ee\\\/pl\\\/toode\\\/kartusz-gazowy-do-kuchenki-turystycznej-el-gaz-227-g\\\/#primaryimage\"},\"thumbnailUrl\":\"https:\\\/\\\/toidupakk.ee\\\/wp-content\\\/uploads\\\/2022\\\/10\\\/Matkapliidi-Gaasiballoon-227g-4.png\",\"datePublished\":\"2022-10-12T11:00:57+00:00\",\"dateModified\":\"2026-04-29T11:31:10+00:00\",\"description\":\"Kartusz gazowy do kuchenek i palnik\u00f3w turystycznych. Z bezpiecznym zaworem samouszczelniaj\u0105cym.\",\"breadcrumb\":{\"@id\":\"https:\\\/\\\/toidupakk.ee\\\/pl\\\/toode\\\/kartusz-gazowy-do-kuchenki-turystycznej-el-gaz-227-g\\\/#breadcrumb\"},\"inLanguage\":\"pl-PL\",\"potentialAction\":[{\"@type\":\"ReadAction\",\"target\":[\"https:\\\/\\\/toidupakk.ee\\\/pl\\\/toode\\\/kartusz-gazowy-do-kuchenki-turystycznej-el-gaz-227-g\\\/\"]}]},{\"@type\":\"ImageObject\",\"inLanguage\":\"pl-PL\",\"@id\":\"https:\\\/\\\/toidupakk.ee\\\/pl\\\/toode\\\/kartusz-gazowy-do-kuchenki-turystycznej-el-gaz-227-g\\\/#primaryimage\",\"url\":\"https:\\\/\\\/toidupakk.ee\\\/wp-content\\\/uploads\\\/2022\\\/10\\\/Matkapliidi-Gaasiballoon-227g-4.png\",\"contentUrl\":\"https:\\\/\\\/toidupakk.ee\\\/wp-content\\\/uploads\\\/2022\\\/10\\\/Matkapliidi-Gaasiballoon-227g-4.png\",\"width\":1080,\"height\":1080,\"caption\":\"Gaasiballoon matkapliidile\"},{\"@type\":\"BreadcrumbList\",\"@id\":\"https:\\\/\\\/toidupakk.ee\\\/pl\\\/toode\\\/kartusz-gazowy-do-kuchenki-turystycznej-el-gaz-227-g\\\/#breadcrumb\",\"itemListElement\":[{\"@type\":\"ListItem\",\"position\":1,\"name\":\"Avaleht\",\"item\":\"https:\\\/\\\/toidupakk.ee\\\/pl\\\/\"},{\"@type\":\"ListItem\",\"position\":2,\"name\":\"Sklep internetowy\",\"item\":\"https:\\\/\\\/toidupakk.ee\\\/pl\\\/sklep-internetowy\\\/\"},{\"@type\":\"ListItem\",\"position\":3,\"name\":\"Kartusz gazowy do kuchenki turystycznej EL GAZ 227 g\"}]},{\"@type\":\"WebSite\",\"@id\":\"https:\\\/\\\/toidupakk.ee\\\/pl\\\/#website\",\"url\":\"https:\\\/\\\/toidupakk.ee\\\/pl\\\/\",\"name\":\"Toidupakk.ee - Tactical Foodpack toidupakid\",\"description\":\"Tactical Foodpack k\u00fclmkuivatatud toidupakid ja matkaeined\",\"publisher\":{\"@id\":\"https:\\\/\\\/toidupakk.ee\\\/pl\\\/#organization\"},\"potentialAction\":[{\"@type\":\"SearchAction\",\"target\":{\"@type\":\"EntryPoint\",\"urlTemplate\":\"https:\\\/\\\/toidupakk.ee\\\/pl\\\/?s={search_term_string}\"},\"query-input\":{\"@type\":\"PropertyValueSpecification\",\"valueRequired\":true,\"valueName\":\"search_term_string\"}}],\"inLanguage\":\"pl-PL\"},{\"@type\":\"Organization\",\"@id\":\"https:\\\/\\\/toidupakk.ee\\\/pl\\\/#organization\",\"name\":\"Tactical Foodpack matkaeined\",\"url\":\"https:\\\/\\\/toidupakk.ee\\\/pl\\\/\",\"logo\":{\"@type\":\"ImageObject\",\"inLanguage\":\"pl-PL\",\"@id\":\"https:\\\/\\\/toidupakk.ee\\\/pl\\\/#\\\/schema\\\/logo\\\/image\\\/\",\"url\":\"https:\\\/\\\/toidupakk.ee\\\/wp-content\\\/uploads\\\/2022\\\/01\\\/Toidupakk-matkapood-logo-transparent.png\",\"contentUrl\":\"https:\\\/\\\/toidupakk.ee\\\/wp-content\\\/uploads\\\/2022\\\/01\\\/Toidupakk-matkapood-logo-transparent.png\",\"width\":500,\"height\":500,\"caption\":\"Tactical Foodpack matkaeined\"},\"image\":{\"@id\":\"https:\\\/\\\/toidupakk.ee\\\/pl\\\/#\\\/schema\\\/logo\\\/image\\\/\"},\"sameAs\":[\"https:\\\/\\\/www.facebook.com\\\/Toidupakk\",\"https:\\\/\\\/www.instagram.com\\\/toidupakk\\\/\"]}]}<\/script>\n<!-- \/ Yoast SEO plugin. -->","yoast_head_json":{"title":"Kartusz gazowy do kuchenki turystycznej EL GAZ 227 g","description":"Kartusz gazowy do kuchenek i palnik\u00f3w turystycznych. Z bezpiecznym zaworem samouszczelniaj\u0105cym.","robots":{"index":"index","follow":"follow","max-snippet":"max-snippet:-1","max-image-preview":"max-image-preview:large","max-video-preview":"max-video-preview:-1"},"canonical":"https:\/\/toidupakk.ee\/pl\/toode\/kartusz-gazowy-do-kuchenki-turystycznej-el-gaz-227-g\/","og_locale":"pl_PL","og_type":"article","og_title":"Kartusz gazowy do kuchenki turystycznej EL GAZ 227 g","og_description":"Kartusz gazowy do kuchenek i palnik\u00f3w turystycznych. Z bezpiecznym zaworem samouszczelniaj\u0105cym.","og_url":"https:\/\/toidupakk.ee\/pl\/toode\/kartusz-gazowy-do-kuchenki-turystycznej-el-gaz-227-g\/","og_site_name":"Toidupakk.ee - Tactical Foodpack toidupakid","article_publisher":"https:\/\/www.facebook.com\/Toidupakk","article_modified_time":"2026-04-29T11:31:10+00:00","og_image":[{"width":1080,"height":1080,"url":"https:\/\/toidupakk.ee\/wp-content\/uploads\/2022\/10\/Matkapliidi-Gaasiballoon-227g-4.png","type":"image\/png"}],"twitter_card":"summary_large_image","twitter_misc":{"Szacowany czas czytania":"1 minuta"},"schema":{"@context":"https:\/\/schema.org","@graph":[{"@type":"WebPage","@id":"https:\/\/toidupakk.ee\/pl\/toode\/kartusz-gazowy-do-kuchenki-turystycznej-el-gaz-227-g\/","url":"https:\/\/toidupakk.ee\/pl\/toode\/kartusz-gazowy-do-kuchenki-turystycznej-el-gaz-227-g\/","name":"Kartusz gazowy do kuchenki turystycznej EL GAZ 227 g","isPartOf":{"@id":"https:\/\/toidupakk.ee\/pl\/#website"},"primaryImageOfPage":{"@id":"https:\/\/toidupakk.ee\/pl\/toode\/kartusz-gazowy-do-kuchenki-turystycznej-el-gaz-227-g\/#primaryimage"},"image":{"@id":"https:\/\/toidupakk.ee\/pl\/toode\/kartusz-gazowy-do-kuchenki-turystycznej-el-gaz-227-g\/#primaryimage"},"thumbnailUrl":"https:\/\/toidupakk.ee\/wp-content\/uploads\/2022\/10\/Matkapliidi-Gaasiballoon-227g-4.png","datePublished":"2022-10-12T11:00:57+00:00","dateModified":"2026-04-29T11:31:10+00:00","description":"Kartusz gazowy do kuchenek i palnik\u00f3w turystycznych. Z bezpiecznym zaworem samouszczelniaj\u0105cym.","breadcrumb":{"@id":"https:\/\/toidupakk.ee\/pl\/toode\/kartusz-gazowy-do-kuchenki-turystycznej-el-gaz-227-g\/#breadcrumb"},"inLanguage":"pl-PL","potentialAction":[{"@type":"ReadAction","target":["https:\/\/toidupakk.ee\/pl\/toode\/kartusz-gazowy-do-kuchenki-turystycznej-el-gaz-227-g\/"]}]},{"@type":"ImageObject","inLanguage":"pl-PL","@id":"https:\/\/toidupakk.ee\/pl\/toode\/kartusz-gazowy-do-kuchenki-turystycznej-el-gaz-227-g\/#primaryimage","url":"https:\/\/toidupakk.ee\/wp-content\/uploads\/2022\/10\/Matkapliidi-Gaasiballoon-227g-4.png","contentUrl":"https:\/\/toidupakk.ee\/wp-content\/uploads\/2022\/10\/Matkapliidi-Gaasiballoon-227g-4.png","width":1080,"height":1080,"caption":"Gaasiballoon matkapliidile"},{"@type":"BreadcrumbList","@id":"https:\/\/toidupakk.ee\/pl\/toode\/kartusz-gazowy-do-kuchenki-turystycznej-el-gaz-227-g\/#breadcrumb","itemListElement":[{"@type":"ListItem","position":1,"name":"Avaleht","item":"https:\/\/toidupakk.ee\/pl\/"},{"@type":"ListItem","position":2,"name":"Sklep internetowy","item":"https:\/\/toidupakk.ee\/pl\/sklep-internetowy\/"},{"@type":"ListItem","position":3,"name":"Kartusz gazowy do kuchenki turystycznej EL GAZ 227 g"}]},{"@type":"WebSite","@id":"https:\/\/toidupakk.ee\/pl\/#website","url":"https:\/\/toidupakk.ee\/pl\/","name":"Toidupakk.ee - Tactical Foodpack toidupakid","description":"Tactical Foodpack k\u00fclmkuivatatud toidupakid ja matkaeined","publisher":{"@id":"https:\/\/toidupakk.ee\/pl\/#organization"},"potentialAction":[{"@type":"SearchAction","target":{"@type":"EntryPoint","urlTemplate":"https:\/\/toidupakk.ee\/pl\/?s={search_term_string}"},"query-input":{"@type":"PropertyValueSpecification","valueRequired":true,"valueName":"search_term_string"}}],"inLanguage":"pl-PL"},{"@type":"Organization","@id":"https:\/\/toidupakk.ee\/pl\/#organization","name":"Tactical Foodpack matkaeined","url":"https:\/\/toidupakk.ee\/pl\/","logo":{"@type":"ImageObject","inLanguage":"pl-PL","@id":"https:\/\/toidupakk.ee\/pl\/#\/schema\/logo\/image\/","url":"https:\/\/toidupakk.ee\/wp-content\/uploads\/2022\/01\/Toidupakk-matkapood-logo-transparent.png","contentUrl":"https:\/\/toidupakk.ee\/wp-content\/uploads\/2022\/01\/Toidupakk-matkapood-logo-transparent.png","width":500,"height":500,"caption":"Tactical Foodpack matkaeined"},"image":{"@id":"https:\/\/toidupakk.ee\/pl\/#\/schema\/logo\/image\/"},"sameAs":["https:\/\/www.facebook.com\/Toidupakk","https:\/\/www.instagram.com\/toidupakk\/"]}]}},"jetpack_sharing_enabled":true,"_links":{"self":[{"href":"https:\/\/toidupakk.ee\/pl\/wp-json\/wp\/v2\/product\/52765","targetHints":{"allow":["GET"]}}],"collection":[{"href":"https:\/\/toidupakk.ee\/pl\/wp-json\/wp\/v2\/product"}],"about":[{"href":"https:\/\/toidupakk.ee\/pl\/wp-json\/wp\/v2\/types\/product"}],"replies":[{"embeddable":true,"href":"https:\/\/toidupakk.ee\/pl\/wp-json\/wp\/v2\/comments?post=52765"}],"wp:featuredmedia":[{"embeddable":true,"href":"https:\/\/toidupakk.ee\/pl\/wp-json\/wp\/v2\/media\/3641"}],"wp:attachment":[{"href":"https:\/\/toidupakk.ee\/pl\/wp-json\/wp\/v2\/media?parent=52765"}],"wp:term":[{"taxonomy":"product_brand","embeddable":true,"href":"https:\/\/toidupakk.ee\/pl\/wp-json\/wp\/v2\/product_brand?post=52765"},{"taxonomy":"product_cat","embeddable":true,"href":"https:\/\/toidupakk.ee\/pl\/wp-json\/wp\/v2\/product_cat?post=52765"},{"taxonomy":"product_tag","embeddable":true,"href":"https:\/\/toidupakk.ee\/pl\/wp-json\/wp\/v2\/product_tag?post=52765"}],"curies":[{"name":"wp","href":"https:\/\/api.w.org\/{rel}","templated":true}]}}