{"id":52760,"date":"2022-06-03T13:38:29","date_gmt":"2022-06-03T10:38:29","guid":{"rendered":"https:\/\/toidupakk.ee\/toode\/patelnia-turystyczna-sa-skladana-raczka\/"},"modified":"2026-04-29T15:30:40","modified_gmt":"2026-04-29T12:30:40","slug":"patelnia-turystyczna-sa-skladana-raczka","status":"publish","type":"product","link":"https:\/\/toidupakk.ee\/pl\/toode\/patelnia-turystyczna-sa-skladana-raczka\/","title":{"rendered":"Patelnia turystyczna sa sk\u0142adan\u0105 r\u0105czk\u0105"},"content":{"rendered":"<h1><img fetchpriority=\"high\" decoding=\"async\" class=\"alignright wp-image-2060 size-thumbnail\" src=\"https:\/\/toidupakk.ee\/wp-content\/uploads\/2022\/06\/Untitled-design-25-500x500.png\" alt=\"Widok og\u00f3lny patelni turystycznej\" width=\"500\" height=\"500\" srcset=\"https:\/\/toidupakk.ee\/wp-content\/uploads\/2022\/06\/Untitled-design-25-500x500.png 500w, https:\/\/toidupakk.ee\/wp-content\/uploads\/2022\/06\/Untitled-design-25-400x400.png 400w, https:\/\/toidupakk.ee\/wp-content\/uploads\/2022\/06\/Untitled-design-25-100x100.png 100w, https:\/\/toidupakk.ee\/wp-content\/uploads\/2022\/06\/Untitled-design-25-800x800.png 800w, https:\/\/toidupakk.ee\/wp-content\/uploads\/2022\/06\/Untitled-design-25-300x300.png 300w, https:\/\/toidupakk.ee\/wp-content\/uploads\/2022\/06\/Untitled-design-25-1024x1024.png 1024w, https:\/\/toidupakk.ee\/wp-content\/uploads\/2022\/06\/Untitled-design-25-768x768.png 768w, https:\/\/toidupakk.ee\/wp-content\/uploads\/2022\/06\/Untitled-design-25.png 1080w\" sizes=\"(max-width: 500px) 100vw, 500px\" \/><\/h1>\n<h1>Patelnia turystyczna musi by\u0107 lekka i kompaktowa<\/h1>\n<p>Na ci\u0119\u017ck\u0105 i masywn\u0105 patelni\u0119 nie ma miejsca w plecaku. Na wyprawie kluczowa jest waga i kompaktowo\u015b\u0107 sprz\u0119tu. Patelnia turystyczna powinna by\u0107 tak dobra, jak ta, kt\u00f3r\u0105 masz w domu (a nawet lepsza). Wysokiej jako\u015bci patelnia wa\u017cy niewiele. Im l\u017cejsza, tym lepiej, ale waga powinna wynosi\u0107 poni\u017cej 500 g.    <\/p>\n<p>R\u0105czka patelni musi by\u0107 odpinana lub sk\u0142adana. W plecaku nigdy nie ma nadmiaru miejsca, a sta\u0142y uchwyt po prostu by przeszkadza\u0142. Sk\u0142adana r\u0105czka powinna dawa\u0107 si\u0119 zablokowa\u0107 na czas gotowania. Pomaga to unikn\u0105\u0107 wypadk\u00f3w przy pos\u0142ugiwaniu si\u0119 gor\u0105cym naczyniem.   <\/p>\n<p>Trzeci\u0105 wa\u017cn\u0105 cech\u0105 jest to, aby jedzenie nie przywiera\u0142o do dna. Mo\u017cliwo\u015bci zmywania naczy\u0144 na szlaku s\u0105 zazwyczaj ograniczone (lub \u017cadne) i cz\u0119sto musisz radzi\u0107 sobie tylko z zimn\u0105 wod\u0105, bez p\u0142ynu lub z jej niewielk\u0105 ilo\u015bci\u0105. Wygodnie jest gotowa\u0107 na patelni, kt\u00f3r\u0105 po u\u017cyciu mo\u017cna wytrze\u0107 do czysta wilgotn\u0105 chusteczk\u0105.  <\/p>\n<p>R\u0105czka naszej patelni jest dodatkowo wyposa\u017cona w silikonowo-plastikow\u0105 os\u0142on\u0119 odporn\u0105 na topnienie. Chroni d\u0142o\u0144 przed oparzeniem i zapobiega wy\u015blizgni\u0119ciu si\u0119 patelni. <\/p>\n<p>Produkt wykonano z wysokiej jako\u015bci, lekkiego metalu. Pow\u0142oka zapobiega przywieraniu potraw podczas sma\u017cenia. Patelnia jest trwa\u0142a i odporna na rdz\u0119. Dzi\u0119ki temu ma d\u0142ug\u0105 \u017cywotno\u015b\u0107 i prawdopodobnie b\u0119dzie Twoim niezawodnym towarzyszem przez lata.   <\/p>\n<h2>Patelnia jest wygodna w u\u017cyciu z kuchenk\u0105 turystyczn\u0105 lub palnikiem gazowym<\/h2>\n<p>W ofercie naszego sklepu znajdziesz te\u017c kompaktowe kuchenki i niezb\u0119dne naczynia turystyczne. Oczywi\u015bcie dost\u0119pny jest r\u00f3wnie\u017c <a href=\"https:\/\/toidupakk.ee\/pl\/toode\/kartusz-gazowy-500-g-duza-puszka-z-gwintem-mieszanka-butanu-i-propanu-el-gaz\/\">kartusz gazowy 500 g<\/a>, kt\u00f3ry pasuje zar\u00f3wno do <a href=\"Kuchenka%20turystyczna%20Mil-Tec%20Spider\">kuchenki Mil-Tec Spider<\/a>, jak i <a href=\"https:\/\/toidupakk.ee\/tactical-foodpack\/matkapliit-mini-elektrilise-suutega\/\">kuchenki MINI z zapalark\u0105 elektryczn\u0105<\/a>. <\/p>\n<p>&nbsp;<\/p>\n<p>Zobacz wi\u0119cej akcesori\u00f3w turystycznych <a href=\"https:\/\/toidupakk.ee\/pl\/tootekategooria\/sprzet-turystyczny\/#section-3-79\">TUTAJ<\/a><\/p>\n<p>Znajd\u017a inspiracj\u0119 na kolejne przygody na <a href=\"https:\/\/www.instagram.com\/toidupakk\/\">Instagramie<\/a> i <a href=\"https:\/\/www.facebook.com\/Toidupakk\/\">Facebooku<\/a> Toidupakk.<\/p>\n","protected":false},"excerpt":{"rendered":"<p><strong>Lekka i kompaktowa patelnia turystyczna, kt\u00f3r\u0105 \u0142atwo wyczy\u015bcisz.<\/strong><\/p>\n<ul>\n<li>Zajmuje mniej miejsca w plecaku<\/li>\n<li>Sk\u0142adana r\u0105czka<\/li>\n<li>Materia\u0142: stal<\/li>\n<li>Pow\u0142oka nieprzywieraj\u0105ca<\/li>\n<li>\u015arednica: 25 cm<\/li>\n<li>G\u0142\u0119boko\u015b\u0107: 4,7 cm<\/li>\n<li>Waga: 460 g<\/li>\n<\/ul>\n<p>\u2705 Dost\u0119pne w magazynie, szybka dostawa w 1\u20133 dni robocze<\/p>\n","protected":false},"featured_media":2063,"comment_status":"open","ping_status":"closed","template":"","meta":{"_acf_changed":false},"product_brand":[],"product_cat":[303,317,307,301,354,304],"product_tag":[],"class_list":{"0":"post-52760","1":"product","2":"type-product","3":"status-publish","4":"has-post-thumbnail","6":"product_cat-akcesoria-turystyczne","7":"product_cat-mil-tec","8":"product_cat-przygotowywanie-posilkow","9":"product_cat-sprzet-turystyczny","10":"product_cat-sztucce","11":"product_cat-wyposazenie-militarne","13":"first","14":"instock","15":"sale","16":"taxable","17":"shipping-taxable","18":"purchasable","19":"product-type-simple"},"bundled_by":[],"bundle_stock_status":"instock","bundle_stock_quantity":1,"bundle_virtual":false,"bundle_layout":"","bundle_add_to_cart_form_location":"","bundle_editable_in_cart":false,"bundle_sold_individually_context":"","bundle_item_grouping":"","bundle_min_size":"","bundle_max_size":"","bundle_price":[],"bundled_items":[],"bundle_sell_ids":[],"acf":[],"yoast_head":"<!-- This site is optimized with the Yoast SEO plugin v27.3 - https:\/\/yoast.com\/product\/yoast-seo-wordpress\/ -->\n<title>Patelnia turystyczna sa sk\u0142adan\u0105 r\u0105czk\u0105 - Toidupakk.ee - Tactical Foodpack toidupakid<\/title>\n<meta name=\"description\" content=\"Patelnia turystyczna z pow\u0142ok\u0105 nieprzywieraj\u0105c\u0105 i sk\u0142adan\u0105 r\u0105czk\u0105. Wytrzyma\u0142a stalowa patelnia to idealny towarzysz w kuchni polowej.\" \/>\n<meta name=\"robots\" content=\"index, follow, max-snippet:-1, max-image-preview:large, max-video-preview:-1\" \/>\n<link rel=\"canonical\" href=\"https:\/\/toidupakk.ee\/pl\/toode\/patelnia-turystyczna-sa-skladana-raczka\/\" \/>\n<meta property=\"og:locale\" content=\"pl_PL\" \/>\n<meta property=\"og:type\" content=\"article\" \/>\n<meta property=\"og:title\" content=\"Patelnia turystyczna sa sk\u0142adan\u0105 r\u0105czk\u0105 - Toidupakk.ee - Tactical Foodpack toidupakid\" \/>\n<meta property=\"og:description\" content=\"Patelnia turystyczna z pow\u0142ok\u0105 nieprzywieraj\u0105c\u0105 i sk\u0142adan\u0105 r\u0105czk\u0105. Wytrzyma\u0142a stalowa patelnia to idealny towarzysz w kuchni polowej.\" \/>\n<meta property=\"og:url\" content=\"https:\/\/toidupakk.ee\/pl\/toode\/patelnia-turystyczna-sa-skladana-raczka\/\" \/>\n<meta property=\"og:site_name\" content=\"Toidupakk.ee - Tactical Foodpack toidupakid\" \/>\n<meta property=\"article:publisher\" content=\"https:\/\/www.facebook.com\/Toidupakk\" \/>\n<meta property=\"article:modified_time\" content=\"2026-04-29T12:30:40+00:00\" \/>\n<meta property=\"og:image\" content=\"https:\/\/toidupakk.ee\/wp-content\/uploads\/2022\/06\/Untitled-design-28.png\" \/>\n\t<meta property=\"og:image:width\" content=\"1080\" \/>\n\t<meta property=\"og:image:height\" content=\"1080\" \/>\n\t<meta property=\"og:image:type\" content=\"image\/png\" \/>\n<meta name=\"twitter:card\" content=\"summary_large_image\" \/>\n<meta name=\"twitter:label1\" content=\"Szacowany czas czytania\" \/>\n\t<meta name=\"twitter:data1\" content=\"2 minuty\" \/>\n<script type=\"application\/ld+json\" class=\"yoast-schema-graph\">{\"@context\":\"https:\\\/\\\/schema.org\",\"@graph\":[{\"@type\":\"WebPage\",\"@id\":\"https:\\\/\\\/toidupakk.ee\\\/pl\\\/toode\\\/patelnia-turystyczna-sa-skladana-raczka\\\/\",\"url\":\"https:\\\/\\\/toidupakk.ee\\\/pl\\\/toode\\\/patelnia-turystyczna-sa-skladana-raczka\\\/\",\"name\":\"Patelnia turystyczna sa sk\u0142adan\u0105 r\u0105czk\u0105 - Toidupakk.ee - Tactical Foodpack toidupakid\",\"isPartOf\":{\"@id\":\"https:\\\/\\\/toidupakk.ee\\\/pl\\\/#website\"},\"primaryImageOfPage\":{\"@id\":\"https:\\\/\\\/toidupakk.ee\\\/pl\\\/toode\\\/patelnia-turystyczna-sa-skladana-raczka\\\/#primaryimage\"},\"image\":{\"@id\":\"https:\\\/\\\/toidupakk.ee\\\/pl\\\/toode\\\/patelnia-turystyczna-sa-skladana-raczka\\\/#primaryimage\"},\"thumbnailUrl\":\"https:\\\/\\\/toidupakk.ee\\\/wp-content\\\/uploads\\\/2022\\\/06\\\/Untitled-design-28.png\",\"datePublished\":\"2022-06-03T10:38:29+00:00\",\"dateModified\":\"2026-04-29T12:30:40+00:00\",\"description\":\"Patelnia turystyczna z pow\u0142ok\u0105 nieprzywieraj\u0105c\u0105 i sk\u0142adan\u0105 r\u0105czk\u0105. Wytrzyma\u0142a stalowa patelnia to idealny towarzysz w kuchni polowej.\",\"breadcrumb\":{\"@id\":\"https:\\\/\\\/toidupakk.ee\\\/pl\\\/toode\\\/patelnia-turystyczna-sa-skladana-raczka\\\/#breadcrumb\"},\"inLanguage\":\"pl-PL\",\"potentialAction\":[{\"@type\":\"ReadAction\",\"target\":[\"https:\\\/\\\/toidupakk.ee\\\/pl\\\/toode\\\/patelnia-turystyczna-sa-skladana-raczka\\\/\"]}]},{\"@type\":\"ImageObject\",\"inLanguage\":\"pl-PL\",\"@id\":\"https:\\\/\\\/toidupakk.ee\\\/pl\\\/toode\\\/patelnia-turystyczna-sa-skladana-raczka\\\/#primaryimage\",\"url\":\"https:\\\/\\\/toidupakk.ee\\\/wp-content\\\/uploads\\\/2022\\\/06\\\/Untitled-design-28.png\",\"contentUrl\":\"https:\\\/\\\/toidupakk.ee\\\/wp-content\\\/uploads\\\/2022\\\/06\\\/Untitled-design-28.png\",\"width\":1080,\"height\":1080,\"caption\":\"Matkapann kokkuklapitav\"},{\"@type\":\"BreadcrumbList\",\"@id\":\"https:\\\/\\\/toidupakk.ee\\\/pl\\\/toode\\\/patelnia-turystyczna-sa-skladana-raczka\\\/#breadcrumb\",\"itemListElement\":[{\"@type\":\"ListItem\",\"position\":1,\"name\":\"Avaleht\",\"item\":\"https:\\\/\\\/toidupakk.ee\\\/pl\\\/\"},{\"@type\":\"ListItem\",\"position\":2,\"name\":\"Sklep internetowy\",\"item\":\"https:\\\/\\\/toidupakk.ee\\\/pl\\\/sklep-internetowy\\\/\"},{\"@type\":\"ListItem\",\"position\":3,\"name\":\"Patelnia turystyczna sa sk\u0142adan\u0105 r\u0105czk\u0105\"}]},{\"@type\":\"WebSite\",\"@id\":\"https:\\\/\\\/toidupakk.ee\\\/pl\\\/#website\",\"url\":\"https:\\\/\\\/toidupakk.ee\\\/pl\\\/\",\"name\":\"Toidupakk.ee - Tactical Foodpack toidupakid\",\"description\":\"Tactical Foodpack k\u00fclmkuivatatud toidupakid ja matkaeined\",\"publisher\":{\"@id\":\"https:\\\/\\\/toidupakk.ee\\\/pl\\\/#organization\"},\"potentialAction\":[{\"@type\":\"SearchAction\",\"target\":{\"@type\":\"EntryPoint\",\"urlTemplate\":\"https:\\\/\\\/toidupakk.ee\\\/pl\\\/?s={search_term_string}\"},\"query-input\":{\"@type\":\"PropertyValueSpecification\",\"valueRequired\":true,\"valueName\":\"search_term_string\"}}],\"inLanguage\":\"pl-PL\"},{\"@type\":\"Organization\",\"@id\":\"https:\\\/\\\/toidupakk.ee\\\/pl\\\/#organization\",\"name\":\"Tactical Foodpack matkaeined\",\"url\":\"https:\\\/\\\/toidupakk.ee\\\/pl\\\/\",\"logo\":{\"@type\":\"ImageObject\",\"inLanguage\":\"pl-PL\",\"@id\":\"https:\\\/\\\/toidupakk.ee\\\/pl\\\/#\\\/schema\\\/logo\\\/image\\\/\",\"url\":\"https:\\\/\\\/toidupakk.ee\\\/wp-content\\\/uploads\\\/2022\\\/01\\\/Toidupakk-matkapood-logo-transparent.png\",\"contentUrl\":\"https:\\\/\\\/toidupakk.ee\\\/wp-content\\\/uploads\\\/2022\\\/01\\\/Toidupakk-matkapood-logo-transparent.png\",\"width\":500,\"height\":500,\"caption\":\"Tactical Foodpack matkaeined\"},\"image\":{\"@id\":\"https:\\\/\\\/toidupakk.ee\\\/pl\\\/#\\\/schema\\\/logo\\\/image\\\/\"},\"sameAs\":[\"https:\\\/\\\/www.facebook.com\\\/Toidupakk\",\"https:\\\/\\\/www.instagram.com\\\/toidupakk\\\/\"]}]}<\/script>\n<!-- \/ Yoast SEO plugin. -->","yoast_head_json":{"title":"Patelnia turystyczna sa sk\u0142adan\u0105 r\u0105czk\u0105 - Toidupakk.ee - Tactical Foodpack toidupakid","description":"Patelnia turystyczna z pow\u0142ok\u0105 nieprzywieraj\u0105c\u0105 i sk\u0142adan\u0105 r\u0105czk\u0105. Wytrzyma\u0142a stalowa patelnia to idealny towarzysz w kuchni polowej.","robots":{"index":"index","follow":"follow","max-snippet":"max-snippet:-1","max-image-preview":"max-image-preview:large","max-video-preview":"max-video-preview:-1"},"canonical":"https:\/\/toidupakk.ee\/pl\/toode\/patelnia-turystyczna-sa-skladana-raczka\/","og_locale":"pl_PL","og_type":"article","og_title":"Patelnia turystyczna sa sk\u0142adan\u0105 r\u0105czk\u0105 - Toidupakk.ee - Tactical Foodpack toidupakid","og_description":"Patelnia turystyczna z pow\u0142ok\u0105 nieprzywieraj\u0105c\u0105 i sk\u0142adan\u0105 r\u0105czk\u0105. Wytrzyma\u0142a stalowa patelnia to idealny towarzysz w kuchni polowej.","og_url":"https:\/\/toidupakk.ee\/pl\/toode\/patelnia-turystyczna-sa-skladana-raczka\/","og_site_name":"Toidupakk.ee - Tactical Foodpack toidupakid","article_publisher":"https:\/\/www.facebook.com\/Toidupakk","article_modified_time":"2026-04-29T12:30:40+00:00","og_image":[{"width":1080,"height":1080,"url":"https:\/\/toidupakk.ee\/wp-content\/uploads\/2022\/06\/Untitled-design-28.png","type":"image\/png"}],"twitter_card":"summary_large_image","twitter_misc":{"Szacowany czas czytania":"2 minuty"},"schema":{"@context":"https:\/\/schema.org","@graph":[{"@type":"WebPage","@id":"https:\/\/toidupakk.ee\/pl\/toode\/patelnia-turystyczna-sa-skladana-raczka\/","url":"https:\/\/toidupakk.ee\/pl\/toode\/patelnia-turystyczna-sa-skladana-raczka\/","name":"Patelnia turystyczna sa sk\u0142adan\u0105 r\u0105czk\u0105 - Toidupakk.ee - Tactical Foodpack toidupakid","isPartOf":{"@id":"https:\/\/toidupakk.ee\/pl\/#website"},"primaryImageOfPage":{"@id":"https:\/\/toidupakk.ee\/pl\/toode\/patelnia-turystyczna-sa-skladana-raczka\/#primaryimage"},"image":{"@id":"https:\/\/toidupakk.ee\/pl\/toode\/patelnia-turystyczna-sa-skladana-raczka\/#primaryimage"},"thumbnailUrl":"https:\/\/toidupakk.ee\/wp-content\/uploads\/2022\/06\/Untitled-design-28.png","datePublished":"2022-06-03T10:38:29+00:00","dateModified":"2026-04-29T12:30:40+00:00","description":"Patelnia turystyczna z pow\u0142ok\u0105 nieprzywieraj\u0105c\u0105 i sk\u0142adan\u0105 r\u0105czk\u0105. Wytrzyma\u0142a stalowa patelnia to idealny towarzysz w kuchni polowej.","breadcrumb":{"@id":"https:\/\/toidupakk.ee\/pl\/toode\/patelnia-turystyczna-sa-skladana-raczka\/#breadcrumb"},"inLanguage":"pl-PL","potentialAction":[{"@type":"ReadAction","target":["https:\/\/toidupakk.ee\/pl\/toode\/patelnia-turystyczna-sa-skladana-raczka\/"]}]},{"@type":"ImageObject","inLanguage":"pl-PL","@id":"https:\/\/toidupakk.ee\/pl\/toode\/patelnia-turystyczna-sa-skladana-raczka\/#primaryimage","url":"https:\/\/toidupakk.ee\/wp-content\/uploads\/2022\/06\/Untitled-design-28.png","contentUrl":"https:\/\/toidupakk.ee\/wp-content\/uploads\/2022\/06\/Untitled-design-28.png","width":1080,"height":1080,"caption":"Matkapann kokkuklapitav"},{"@type":"BreadcrumbList","@id":"https:\/\/toidupakk.ee\/pl\/toode\/patelnia-turystyczna-sa-skladana-raczka\/#breadcrumb","itemListElement":[{"@type":"ListItem","position":1,"name":"Avaleht","item":"https:\/\/toidupakk.ee\/pl\/"},{"@type":"ListItem","position":2,"name":"Sklep internetowy","item":"https:\/\/toidupakk.ee\/pl\/sklep-internetowy\/"},{"@type":"ListItem","position":3,"name":"Patelnia turystyczna sa sk\u0142adan\u0105 r\u0105czk\u0105"}]},{"@type":"WebSite","@id":"https:\/\/toidupakk.ee\/pl\/#website","url":"https:\/\/toidupakk.ee\/pl\/","name":"Toidupakk.ee - Tactical Foodpack toidupakid","description":"Tactical Foodpack k\u00fclmkuivatatud toidupakid ja matkaeined","publisher":{"@id":"https:\/\/toidupakk.ee\/pl\/#organization"},"potentialAction":[{"@type":"SearchAction","target":{"@type":"EntryPoint","urlTemplate":"https:\/\/toidupakk.ee\/pl\/?s={search_term_string}"},"query-input":{"@type":"PropertyValueSpecification","valueRequired":true,"valueName":"search_term_string"}}],"inLanguage":"pl-PL"},{"@type":"Organization","@id":"https:\/\/toidupakk.ee\/pl\/#organization","name":"Tactical Foodpack matkaeined","url":"https:\/\/toidupakk.ee\/pl\/","logo":{"@type":"ImageObject","inLanguage":"pl-PL","@id":"https:\/\/toidupakk.ee\/pl\/#\/schema\/logo\/image\/","url":"https:\/\/toidupakk.ee\/wp-content\/uploads\/2022\/01\/Toidupakk-matkapood-logo-transparent.png","contentUrl":"https:\/\/toidupakk.ee\/wp-content\/uploads\/2022\/01\/Toidupakk-matkapood-logo-transparent.png","width":500,"height":500,"caption":"Tactical Foodpack matkaeined"},"image":{"@id":"https:\/\/toidupakk.ee\/pl\/#\/schema\/logo\/image\/"},"sameAs":["https:\/\/www.facebook.com\/Toidupakk","https:\/\/www.instagram.com\/toidupakk\/"]}]}},"jetpack_sharing_enabled":true,"_links":{"self":[{"href":"https:\/\/toidupakk.ee\/pl\/wp-json\/wp\/v2\/product\/52760","targetHints":{"allow":["GET"]}}],"collection":[{"href":"https:\/\/toidupakk.ee\/pl\/wp-json\/wp\/v2\/product"}],"about":[{"href":"https:\/\/toidupakk.ee\/pl\/wp-json\/wp\/v2\/types\/product"}],"replies":[{"embeddable":true,"href":"https:\/\/toidupakk.ee\/pl\/wp-json\/wp\/v2\/comments?post=52760"}],"wp:featuredmedia":[{"embeddable":true,"href":"https:\/\/toidupakk.ee\/pl\/wp-json\/wp\/v2\/media\/2063"}],"wp:attachment":[{"href":"https:\/\/toidupakk.ee\/pl\/wp-json\/wp\/v2\/media?parent=52760"}],"wp:term":[{"taxonomy":"product_brand","embeddable":true,"href":"https:\/\/toidupakk.ee\/pl\/wp-json\/wp\/v2\/product_brand?post=52760"},{"taxonomy":"product_cat","embeddable":true,"href":"https:\/\/toidupakk.ee\/pl\/wp-json\/wp\/v2\/product_cat?post=52760"},{"taxonomy":"product_tag","embeddable":true,"href":"https:\/\/toidupakk.ee\/pl\/wp-json\/wp\/v2\/product_tag?post=52760"}],"curies":[{"name":"wp","href":"https:\/\/api.w.org\/{rel}","templated":true}]}}