{"id":52754,"date":"2022-06-01T12:05:42","date_gmt":"2022-06-01T09:05:42","guid":{"rendered":"https:\/\/toidupakk.ee\/toode\/kuchenka-turystyczna-mini-z-zaplonem-elektrycznym\/"},"modified":"2026-04-13T21:00:22","modified_gmt":"2026-04-13T18:00:22","slug":"kuchenka-turystyczna-mini-z-zaplonem-elektrycznym","status":"publish","type":"product","link":"https:\/\/toidupakk.ee\/pl\/toode\/kuchenka-turystyczna-mini-z-zaplonem-elektrycznym\/","title":{"rendered":"Kuchenka turystyczna MINI z zap\u0142onem elektrycznym"},"content":{"rendered":"<h1><img fetchpriority=\"high\" decoding=\"async\" class=\"alignright wp-image-2041 size-thumbnail\" src=\"https:\/\/toidupakk.ee\/wp-content\/uploads\/2022\/06\/Matkapliit-MINI-elektrisuutega-5-500x500.png\" alt=\"Kuchenka turystyczna w d\u0142oni\" width=\"500\" height=\"500\" srcset=\"https:\/\/toidupakk.ee\/wp-content\/uploads\/2022\/06\/Matkapliit-MINI-elektrisuutega-5-500x500.png 500w, https:\/\/toidupakk.ee\/wp-content\/uploads\/2022\/06\/Matkapliit-MINI-elektrisuutega-5-400x400.png 400w, https:\/\/toidupakk.ee\/wp-content\/uploads\/2022\/06\/Matkapliit-MINI-elektrisuutega-5-100x100.png 100w, https:\/\/toidupakk.ee\/wp-content\/uploads\/2022\/06\/Matkapliit-MINI-elektrisuutega-5-800x800.png 800w, https:\/\/toidupakk.ee\/wp-content\/uploads\/2022\/06\/Matkapliit-MINI-elektrisuutega-5-300x300.png 300w, https:\/\/toidupakk.ee\/wp-content\/uploads\/2022\/06\/Matkapliit-MINI-elektrisuutega-5-1024x1024.png 1024w, https:\/\/toidupakk.ee\/wp-content\/uploads\/2022\/06\/Matkapliit-MINI-elektrisuutega-5-768x768.png 768w, https:\/\/toidupakk.ee\/wp-content\/uploads\/2022\/06\/Matkapliit-MINI-elektrisuutega-5.png 1080w\" sizes=\"(max-width: 500px) 100vw, 500px\" \/><\/h1>\n<h1>Kuchenka turystyczna, kt\u00f3ra zostawia mn\u00f3stwo miejsca w plecaku<\/h1>\n<p>Kuchenka turystyczna\/palnik MIL-TEC jest niezwykle kompaktowa. Zabierasz j\u0105 na wypraw\u0119 wraz z <a href=\"https:\/\/toidupakk.ee\/pl\/toode\/gaz-turystyczny-230-g-kartusz-z-gwintem\/\">kartuszem gazowym<\/a>, co pozwala szybko i wygodnie przygotowa\u0107 ciep\u0142y posi\u0142ek lub zagotowa\u0107 wod\u0119 na kaw\u0119 czy herbat\u0119. Ten miniaturowy palnik wa\u017cy zaledwie 135 g.  <\/p>\n<p>Zagotuj wod\u0119 do posi\u0142k\u00f3w <a href=\"\/?product_cat=pearoog#section-3-79\">Tactical Foodpack<\/a> lub <a href=\"https:\/\/toidupakk.ee\/pl\/tootekategooria\/zywnosc-turystyczna-meki\/\">Meki<\/a>, albo ugotuj ziemniaki \u2013 wyb\u00f3r nale\u017cy do Ciebie. Wa\u017cne, aby Tw\u00f3j ekwipunek zawiera\u0142 wysokiej jako\u015bci kuchenk\u0119 i gwintowany kartusz gazowy, kt\u00f3re idealnie do siebie pasuj\u0105. Kuchenk\u0119 MINI uruchomisz jednym klikni\u0119ciem dzi\u0119ki zapalnikowi piezoelektrycznemu.  <\/p>\n<p>Palnik gazowy zapewni Ci udan\u0105 wypraw\u0119 i nie pozwoli zg\u0142odnie\u0107. Produkt wykonano zgodnie z normami UE, pasuje do gwintowanych kartuszy EN407. Zapalnik PIEZO u\u0142atwia korzystanie z kuchenki nawet w wietrzn\u0105 i deszczow\u0105 pogod\u0119. Intensywno\u015b\u0107 p\u0142omienia jest regulowana. Palnik jest sk\u0142adany i zajmuje minimaln\u0105 ilo\u015b\u0107 miejsca. W zestawie ze specjalnym pude\u0142kiem.     <\/p>\n<p>Warto te\u017c zabra\u0107 <a href=\"https:\/\/toidupakk.ee\/tactical-foodpack\/kokkupandav-matkalaud\/\">stolik turystyczny<\/a>, <a href=\"https:\/\/toidupakk.ee\/tactical-foodpack\/matkanoude-komplekt\/\">zestaw naczy\u0144<\/a> lub \u2013 je\u015bli brakuje miejsca \u2013 <a href=\"https:\/\/toidupakk.ee\/tactical-foodpack\/matkalusikas-wildo-spork-3in1\/\">niezb\u0119dnik<\/a>, kt\u00f3rym wygodnie zjesz posi\u0142ek.<\/p>\n<p>&nbsp;<\/p>\n<h2>Dlaczego warto zabra\u0107 na wypraw\u0119 kuchenk\u0119 MINI \/ palnik?<\/h2>\n<p>U\u017cywanie kompaktowego palnika ma wiele zalet, kt\u00f3re czyni\u0105 go idealnym wyborem dla mi\u0142o\u015bnik\u00f3w outdooru. Oto g\u0142\u00f3wne powody, dla kt\u00f3rych warto go mie\u0107: <\/p>\n<hr>\n<h3><strong>1. \u0141atwo\u015b\u0107 i wygoda gotowania<\/strong><\/h3>\n<p>Palnik pozwala szybko przygotowa\u0107 ciep\u0142e posi\u0142ki i napoje, co jest kluczowe podczas d\u0142ugich w\u0119dr\u00f3wek. Ciep\u0142e jedzenie regeneruje si\u0142y, poprawia nastr\u00f3j i rozgrzewa organizm. <\/p>\n<hr>\n<h3><img decoding=\"async\" class=\"alignright wp-image-31568 size-thumbnail\" src=\"https:\/\/toidupakk.ee\/wp-content\/uploads\/2022\/06\/Matkapliit-priimus-MINI-500x500.jpg\" alt=\"palnik, czyli kuchenka turystyczna\" width=\"500\" height=\"500\" srcset=\"https:\/\/toidupakk.ee\/wp-content\/uploads\/2022\/06\/Matkapliit-priimus-MINI-500x500.jpg 500w, https:\/\/toidupakk.ee\/wp-content\/uploads\/2022\/06\/Matkapliit-priimus-MINI-400x400.jpg 400w, https:\/\/toidupakk.ee\/wp-content\/uploads\/2022\/06\/Matkapliit-priimus-MINI-100x100.jpg 100w, https:\/\/toidupakk.ee\/wp-content\/uploads\/2022\/06\/Matkapliit-priimus-MINI-300x300.jpg 300w, https:\/\/toidupakk.ee\/wp-content\/uploads\/2022\/06\/Matkapliit-priimus-MINI-768x768.jpg 768w, https:\/\/toidupakk.ee\/wp-content\/uploads\/2022\/06\/Matkapliit-priimus-MINI.jpg 800w\" sizes=\"(max-width: 500px) 100vw, 500px\" \/><\/h3>\n<h3><strong>2. Kompaktowo\u015b\u0107 i niska waga<\/strong><\/h3>\n<p>Ma\u0142y palnik jest zaprojektowany tak, by by\u0142 \u0142atwy w transporcie. Jego waga i rozmiar nie obci\u0105\u017caj\u0105 ekwipunku, wi\u0119c sprawdzi si\u0119 zar\u00f3wno na jednodniowych wycieczkach, jak i wielodniowych wyprawach. <\/p>\n<hr>\n<h3><strong>3. Szybkie i wydajne podgrzewanie<\/strong><\/h3>\n<p>Wi\u0119kszo\u015b\u0107 nowoczesnych palnik\u00f3w posiada wydajne systemy, kt\u00f3re b\u0142yskawicznie podgrzewaj\u0105 wod\u0119 lub jedzenie. Oszcz\u0119dza to czas i paliwo, co jest wa\u017cne, gdy liczy si\u0119 ka\u017cda chwila i zas\u00f3b. <\/p>\n<hr>\n<h3><strong>4. Niezawodno\u015b\u0107 w r\u00f3\u017cnych warunkach<\/strong><\/h3>\n<p>Palnik dzia\u0142a w r\u00f3\u017cnych warunkach pogodowych \u2013 w deszczu, wietrze czy zimnie. Gdy rozpalenie ogniska jest trudne, palnik zapewnia stabilny p\u0142omie\u0144, pozwalaj\u0105cy na gotowanie w ka\u017cdych okoliczno\u015bciach. <\/p>\n<hr>\n<h3><strong>5. Wszechstronno\u015b\u0107 zastosowa\u0144<\/strong><\/h3>\n<p>Opr\u00f3cz gotowania, palnik s\u0142u\u017cy do wrz\u0105tku do sterylizacji wody lub szybkiego ogrzania si\u0119. Niekt\u00f3re modele pozwalaj\u0105 na przyrz\u0105dzanie r\u00f3\u017cnych potraw, od gulasz\u00f3w po proste zupy. <\/p>\n<hr>\n<h3><strong>6. Bezpieczniejsza alternatywa dla ogniska<\/strong><\/h3>\n<p>W wielu miejscach otwarty ogie\u0144 jest zabroniony lub niebezpieczny, zw\u0142aszcza podczas suszy. Palnik to bezpieczna alternatywa, kt\u00f3ra zmniejsza ryzyko po\u017caru i jest bardziej ekologiczna. <\/p>\n<hr>\n<h3><strong>7. Oszcz\u0119dno\u015b\u0107 czasu i energii<\/strong><\/h3>\n<p>U\u017cywanie palnika eliminuje potrzeb\u0119 szukania suchego drewna czy rozpalania ogniska od zera. Dzi\u0119ki temu masz wi\u0119cej czasu na cieszenie si\u0119 wypraw\u0105. <\/p>\n<hr>\n<h3><strong>Podsumowanie<\/strong><\/h3>\n<p>Kompaktowy palnik to idealne narz\u0119dzie dla ka\u017cdego turysty, zapewniaj\u0105ce ciep\u0142y posi\u0142ek, wygod\u0119 i bezpiecze\u0144stwo. Jego lekka konstrukcja czyni go niezb\u0119dnym towarzyszem ka\u017cdej wyprawy na \u0142ono natury. <\/p>\n<p>&nbsp;<\/p>\n<p>Zobacz, jak przygotowa\u0107 posi\u0142ki turystyczne <a href=\"https:\/\/toidupakk.ee\/pl\/jak-uzywac\/\">TUTAJ<\/a><\/p>\n<p>Zobacz wszystkie akcesoria kempingowe <a href=\"https:\/\/toidupakk.ee\/pl\/tootekategooria\/sprzet-turystyczny\/#section-3-79\">TUTAJ<\/a><\/p>\n<p>Znajd\u017a inspiracj\u0119 na kolejne przygody na <a href=\"https:\/\/www.instagram.com\/toidupakk\/\">Instagramie<\/a> i <a href=\"https:\/\/www.facebook.com\/Toidupakk\/\">Facebooku<\/a> Toidupakk.<\/p>\n","protected":false},"excerpt":{"rendered":"<p><strong>Mo\u017cliwo\u015b\u0107 przygotowania ciep\u0142ej wody i jedzenia jest na szlaku kluczowa. Ciep\u0142y posi\u0142ek daje energi\u0119 do dalszej drogi. Aby cieszy\u0107 si\u0119 ciep\u0142ym jedzeniem w lesie \u2013 czy to gotowanym od podstaw, czy liofilizowanym \u2013 potrzebujesz \u017ar\u00f3d\u0142a ciep\u0142a. Polecamy zabra\u0107 ma\u0142y <a href=\"https:\/\/toidupakk.ee\/toode\/gaasiballoon-matkale-230g-keermega\/\">kartusz gazowy<\/a> i kompatybilny z nim kompaktowy palnik z zapalnikiem elektrycznym.   <\/strong><\/p>\n<ul>\n<li>Niezwykle kompaktowa, zajmuje ma\u0142o miejsca w plecaku<\/li>\n<li>Bardzo lekka, wa\u017cy tylko 135 g<\/li>\n<li>Zapalnik elektryczny \u2013 nie potrzebujesz zapa\u0142ek ani zapalniczki<\/li>\n<li>Plastikowe etui pozwala na bezpieczne i kompaktowe przechowywanie<\/li>\n<li>Zaw\u00f3r: stop aluminium<\/li>\n<li>Palnik: stal nierdzewna<\/li>\n<li>Mocowanie: stal<\/li>\n<li>Moc: 1800 W<\/li>\n<li>Wymiary po z\u0142o\u017ceniu: ok. 8 cm x 6 cm <\/li>\n<\/ul>\n<p>\u2705 Dost\u0119pne w magazynie, szybka dostawa w 1-3 dni robocze<br \/>\n\u2705 Kup teraz, zap\u0142a\u0107 p\u00f3\u017aniej (RRSO 0%)<\/p>\n","protected":false},"featured_media":2040,"comment_status":"open","ping_status":"closed","template":"","meta":{"_acf_changed":false},"product_brand":[],"product_cat":[303,332,317,307,301,304],"product_tag":[],"class_list":{"0":"post-52754","1":"product","2":"type-product","3":"status-publish","4":"has-post-thumbnail","6":"product_cat-akcesoria-turystyczne","7":"product_cat-kuchenki-turystyczne","8":"product_cat-mil-tec","9":"product_cat-przygotowywanie-posilkow","10":"product_cat-sprzet-turystyczny","11":"product_cat-wyposazenie-militarne","13":"first","14":"onbackorder","15":"sale","16":"taxable","17":"shipping-taxable","18":"purchasable","19":"product-type-simple"},"bundled_by":[],"bundle_stock_status":"onbackorder","bundle_stock_quantity":-1,"bundle_virtual":false,"bundle_layout":"","bundle_add_to_cart_form_location":"","bundle_editable_in_cart":false,"bundle_sold_individually_context":"","bundle_item_grouping":"","bundle_min_size":"","bundle_max_size":"","bundle_price":[],"bundled_items":[],"bundle_sell_ids":[],"acf":[],"yoast_head":"<!-- This site is optimized with the Yoast SEO plugin v27.3 - https:\/\/yoast.com\/product\/yoast-seo-wordpress\/ -->\n<title>Kuchenka turystyczna MINI z zap\u0142onem elektrycznym<\/title>\n<meta name=\"description\" content=\"Kuchenka turystyczna o ultrakompaktowych wymiarach, wa\u017cy tylko 135 g i zajmuje ma\u0142o miejsca w plecaku. Nie marnuj cennej przestrzeni w baga\u017cu.\" \/>\n<meta name=\"robots\" content=\"index, follow, max-snippet:-1, max-image-preview:large, max-video-preview:-1\" \/>\n<link rel=\"canonical\" href=\"https:\/\/toidupakk.ee\/pl\/toode\/kuchenka-turystyczna-mini-z-zaplonem-elektrycznym\/\" \/>\n<meta property=\"og:locale\" content=\"pl_PL\" \/>\n<meta property=\"og:type\" content=\"article\" \/>\n<meta property=\"og:title\" content=\"Kuchenka turystyczna MINI z zap\u0142onem elektrycznym\" \/>\n<meta property=\"og:description\" content=\"Kuchenka turystyczna o ultrakompaktowych wymiarach, wa\u017cy tylko 135 g i zajmuje ma\u0142o miejsca w plecaku. Nie marnuj cennej przestrzeni w baga\u017cu.\" \/>\n<meta property=\"og:url\" content=\"https:\/\/toidupakk.ee\/pl\/toode\/kuchenka-turystyczna-mini-z-zaplonem-elektrycznym\/\" \/>\n<meta property=\"og:site_name\" content=\"Toidupakk.ee - Tactical Foodpack toidupakid\" \/>\n<meta property=\"article:publisher\" content=\"https:\/\/www.facebook.com\/Toidupakk\" \/>\n<meta property=\"article:modified_time\" content=\"2026-04-13T18:00:22+00:00\" \/>\n<meta property=\"og:image\" content=\"https:\/\/toidupakk.ee\/wp-content\/uploads\/2022\/06\/Matkapliit-MINI-elektrisuutega.png\" \/>\n\t<meta property=\"og:image:width\" content=\"1080\" \/>\n\t<meta property=\"og:image:height\" content=\"1080\" \/>\n\t<meta property=\"og:image:type\" content=\"image\/png\" \/>\n<meta name=\"twitter:card\" content=\"summary_large_image\" \/>\n<meta name=\"twitter:label1\" content=\"Szacowany czas czytania\" \/>\n\t<meta name=\"twitter:data1\" content=\"3 minuty\" \/>\n<script type=\"application\/ld+json\" class=\"yoast-schema-graph\">{\"@context\":\"https:\\\/\\\/schema.org\",\"@graph\":[{\"@type\":\"WebPage\",\"@id\":\"https:\\\/\\\/toidupakk.ee\\\/pl\\\/toode\\\/kuchenka-turystyczna-mini-z-zaplonem-elektrycznym\\\/\",\"url\":\"https:\\\/\\\/toidupakk.ee\\\/pl\\\/toode\\\/kuchenka-turystyczna-mini-z-zaplonem-elektrycznym\\\/\",\"name\":\"Kuchenka turystyczna MINI z zap\u0142onem elektrycznym\",\"isPartOf\":{\"@id\":\"https:\\\/\\\/toidupakk.ee\\\/pl\\\/#website\"},\"primaryImageOfPage\":{\"@id\":\"https:\\\/\\\/toidupakk.ee\\\/pl\\\/toode\\\/kuchenka-turystyczna-mini-z-zaplonem-elektrycznym\\\/#primaryimage\"},\"image\":{\"@id\":\"https:\\\/\\\/toidupakk.ee\\\/pl\\\/toode\\\/kuchenka-turystyczna-mini-z-zaplonem-elektrycznym\\\/#primaryimage\"},\"thumbnailUrl\":\"https:\\\/\\\/toidupakk.ee\\\/wp-content\\\/uploads\\\/2022\\\/06\\\/Matkapliit-MINI-elektrisuutega.png\",\"datePublished\":\"2022-06-01T09:05:42+00:00\",\"dateModified\":\"2026-04-13T18:00:22+00:00\",\"description\":\"Kuchenka turystyczna o ultrakompaktowych wymiarach, wa\u017cy tylko 135 g i zajmuje ma\u0142o miejsca w plecaku. Nie marnuj cennej przestrzeni w baga\u017cu.\",\"breadcrumb\":{\"@id\":\"https:\\\/\\\/toidupakk.ee\\\/pl\\\/toode\\\/kuchenka-turystyczna-mini-z-zaplonem-elektrycznym\\\/#breadcrumb\"},\"inLanguage\":\"pl-PL\",\"potentialAction\":[{\"@type\":\"ReadAction\",\"target\":[\"https:\\\/\\\/toidupakk.ee\\\/pl\\\/toode\\\/kuchenka-turystyczna-mini-z-zaplonem-elektrycznym\\\/\"]}]},{\"@type\":\"ImageObject\",\"inLanguage\":\"pl-PL\",\"@id\":\"https:\\\/\\\/toidupakk.ee\\\/pl\\\/toode\\\/kuchenka-turystyczna-mini-z-zaplonem-elektrycznym\\\/#primaryimage\",\"url\":\"https:\\\/\\\/toidupakk.ee\\\/wp-content\\\/uploads\\\/2022\\\/06\\\/Matkapliit-MINI-elektrisuutega.png\",\"contentUrl\":\"https:\\\/\\\/toidupakk.ee\\\/wp-content\\\/uploads\\\/2022\\\/06\\\/Matkapliit-MINI-elektrisuutega.png\",\"width\":1080,\"height\":1080,\"caption\":\"Matkapliit elektris\u00fc\u00fctega\"},{\"@type\":\"BreadcrumbList\",\"@id\":\"https:\\\/\\\/toidupakk.ee\\\/pl\\\/toode\\\/kuchenka-turystyczna-mini-z-zaplonem-elektrycznym\\\/#breadcrumb\",\"itemListElement\":[{\"@type\":\"ListItem\",\"position\":1,\"name\":\"Avaleht\",\"item\":\"https:\\\/\\\/toidupakk.ee\\\/pl\\\/\"},{\"@type\":\"ListItem\",\"position\":2,\"name\":\"Sklep internetowy\",\"item\":\"https:\\\/\\\/toidupakk.ee\\\/pl\\\/sklep-internetowy\\\/\"},{\"@type\":\"ListItem\",\"position\":3,\"name\":\"Kuchenka turystyczna MINI z zap\u0142onem elektrycznym\"}]},{\"@type\":\"WebSite\",\"@id\":\"https:\\\/\\\/toidupakk.ee\\\/pl\\\/#website\",\"url\":\"https:\\\/\\\/toidupakk.ee\\\/pl\\\/\",\"name\":\"Toidupakk.ee - Tactical Foodpack toidupakid\",\"description\":\"Tactical Foodpack k\u00fclmkuivatatud toidupakid ja matkaeined\",\"publisher\":{\"@id\":\"https:\\\/\\\/toidupakk.ee\\\/pl\\\/#organization\"},\"potentialAction\":[{\"@type\":\"SearchAction\",\"target\":{\"@type\":\"EntryPoint\",\"urlTemplate\":\"https:\\\/\\\/toidupakk.ee\\\/pl\\\/?s={search_term_string}\"},\"query-input\":{\"@type\":\"PropertyValueSpecification\",\"valueRequired\":true,\"valueName\":\"search_term_string\"}}],\"inLanguage\":\"pl-PL\"},{\"@type\":\"Organization\",\"@id\":\"https:\\\/\\\/toidupakk.ee\\\/pl\\\/#organization\",\"name\":\"Tactical Foodpack matkaeined\",\"url\":\"https:\\\/\\\/toidupakk.ee\\\/pl\\\/\",\"logo\":{\"@type\":\"ImageObject\",\"inLanguage\":\"pl-PL\",\"@id\":\"https:\\\/\\\/toidupakk.ee\\\/pl\\\/#\\\/schema\\\/logo\\\/image\\\/\",\"url\":\"https:\\\/\\\/toidupakk.ee\\\/wp-content\\\/uploads\\\/2022\\\/01\\\/Toidupakk-matkapood-logo-transparent.png\",\"contentUrl\":\"https:\\\/\\\/toidupakk.ee\\\/wp-content\\\/uploads\\\/2022\\\/01\\\/Toidupakk-matkapood-logo-transparent.png\",\"width\":500,\"height\":500,\"caption\":\"Tactical Foodpack matkaeined\"},\"image\":{\"@id\":\"https:\\\/\\\/toidupakk.ee\\\/pl\\\/#\\\/schema\\\/logo\\\/image\\\/\"},\"sameAs\":[\"https:\\\/\\\/www.facebook.com\\\/Toidupakk\",\"https:\\\/\\\/www.instagram.com\\\/toidupakk\\\/\"]}]}<\/script>\n<!-- \/ Yoast SEO plugin. -->","yoast_head_json":{"title":"Kuchenka turystyczna MINI z zap\u0142onem elektrycznym","description":"Kuchenka turystyczna o ultrakompaktowych wymiarach, wa\u017cy tylko 135 g i zajmuje ma\u0142o miejsca w plecaku. Nie marnuj cennej przestrzeni w baga\u017cu.","robots":{"index":"index","follow":"follow","max-snippet":"max-snippet:-1","max-image-preview":"max-image-preview:large","max-video-preview":"max-video-preview:-1"},"canonical":"https:\/\/toidupakk.ee\/pl\/toode\/kuchenka-turystyczna-mini-z-zaplonem-elektrycznym\/","og_locale":"pl_PL","og_type":"article","og_title":"Kuchenka turystyczna MINI z zap\u0142onem elektrycznym","og_description":"Kuchenka turystyczna o ultrakompaktowych wymiarach, wa\u017cy tylko 135 g i zajmuje ma\u0142o miejsca w plecaku. Nie marnuj cennej przestrzeni w baga\u017cu.","og_url":"https:\/\/toidupakk.ee\/pl\/toode\/kuchenka-turystyczna-mini-z-zaplonem-elektrycznym\/","og_site_name":"Toidupakk.ee - Tactical Foodpack toidupakid","article_publisher":"https:\/\/www.facebook.com\/Toidupakk","article_modified_time":"2026-04-13T18:00:22+00:00","og_image":[{"width":1080,"height":1080,"url":"https:\/\/toidupakk.ee\/wp-content\/uploads\/2022\/06\/Matkapliit-MINI-elektrisuutega.png","type":"image\/png"}],"twitter_card":"summary_large_image","twitter_misc":{"Szacowany czas czytania":"3 minuty"},"schema":{"@context":"https:\/\/schema.org","@graph":[{"@type":"WebPage","@id":"https:\/\/toidupakk.ee\/pl\/toode\/kuchenka-turystyczna-mini-z-zaplonem-elektrycznym\/","url":"https:\/\/toidupakk.ee\/pl\/toode\/kuchenka-turystyczna-mini-z-zaplonem-elektrycznym\/","name":"Kuchenka turystyczna MINI z zap\u0142onem elektrycznym","isPartOf":{"@id":"https:\/\/toidupakk.ee\/pl\/#website"},"primaryImageOfPage":{"@id":"https:\/\/toidupakk.ee\/pl\/toode\/kuchenka-turystyczna-mini-z-zaplonem-elektrycznym\/#primaryimage"},"image":{"@id":"https:\/\/toidupakk.ee\/pl\/toode\/kuchenka-turystyczna-mini-z-zaplonem-elektrycznym\/#primaryimage"},"thumbnailUrl":"https:\/\/toidupakk.ee\/wp-content\/uploads\/2022\/06\/Matkapliit-MINI-elektrisuutega.png","datePublished":"2022-06-01T09:05:42+00:00","dateModified":"2026-04-13T18:00:22+00:00","description":"Kuchenka turystyczna o ultrakompaktowych wymiarach, wa\u017cy tylko 135 g i zajmuje ma\u0142o miejsca w plecaku. Nie marnuj cennej przestrzeni w baga\u017cu.","breadcrumb":{"@id":"https:\/\/toidupakk.ee\/pl\/toode\/kuchenka-turystyczna-mini-z-zaplonem-elektrycznym\/#breadcrumb"},"inLanguage":"pl-PL","potentialAction":[{"@type":"ReadAction","target":["https:\/\/toidupakk.ee\/pl\/toode\/kuchenka-turystyczna-mini-z-zaplonem-elektrycznym\/"]}]},{"@type":"ImageObject","inLanguage":"pl-PL","@id":"https:\/\/toidupakk.ee\/pl\/toode\/kuchenka-turystyczna-mini-z-zaplonem-elektrycznym\/#primaryimage","url":"https:\/\/toidupakk.ee\/wp-content\/uploads\/2022\/06\/Matkapliit-MINI-elektrisuutega.png","contentUrl":"https:\/\/toidupakk.ee\/wp-content\/uploads\/2022\/06\/Matkapliit-MINI-elektrisuutega.png","width":1080,"height":1080,"caption":"Matkapliit elektris\u00fc\u00fctega"},{"@type":"BreadcrumbList","@id":"https:\/\/toidupakk.ee\/pl\/toode\/kuchenka-turystyczna-mini-z-zaplonem-elektrycznym\/#breadcrumb","itemListElement":[{"@type":"ListItem","position":1,"name":"Avaleht","item":"https:\/\/toidupakk.ee\/pl\/"},{"@type":"ListItem","position":2,"name":"Sklep internetowy","item":"https:\/\/toidupakk.ee\/pl\/sklep-internetowy\/"},{"@type":"ListItem","position":3,"name":"Kuchenka turystyczna MINI z zap\u0142onem elektrycznym"}]},{"@type":"WebSite","@id":"https:\/\/toidupakk.ee\/pl\/#website","url":"https:\/\/toidupakk.ee\/pl\/","name":"Toidupakk.ee - Tactical Foodpack toidupakid","description":"Tactical Foodpack k\u00fclmkuivatatud toidupakid ja matkaeined","publisher":{"@id":"https:\/\/toidupakk.ee\/pl\/#organization"},"potentialAction":[{"@type":"SearchAction","target":{"@type":"EntryPoint","urlTemplate":"https:\/\/toidupakk.ee\/pl\/?s={search_term_string}"},"query-input":{"@type":"PropertyValueSpecification","valueRequired":true,"valueName":"search_term_string"}}],"inLanguage":"pl-PL"},{"@type":"Organization","@id":"https:\/\/toidupakk.ee\/pl\/#organization","name":"Tactical Foodpack matkaeined","url":"https:\/\/toidupakk.ee\/pl\/","logo":{"@type":"ImageObject","inLanguage":"pl-PL","@id":"https:\/\/toidupakk.ee\/pl\/#\/schema\/logo\/image\/","url":"https:\/\/toidupakk.ee\/wp-content\/uploads\/2022\/01\/Toidupakk-matkapood-logo-transparent.png","contentUrl":"https:\/\/toidupakk.ee\/wp-content\/uploads\/2022\/01\/Toidupakk-matkapood-logo-transparent.png","width":500,"height":500,"caption":"Tactical Foodpack matkaeined"},"image":{"@id":"https:\/\/toidupakk.ee\/pl\/#\/schema\/logo\/image\/"},"sameAs":["https:\/\/www.facebook.com\/Toidupakk","https:\/\/www.instagram.com\/toidupakk\/"]}]}},"jetpack_sharing_enabled":true,"_links":{"self":[{"href":"https:\/\/toidupakk.ee\/pl\/wp-json\/wp\/v2\/product\/52754","targetHints":{"allow":["GET"]}}],"collection":[{"href":"https:\/\/toidupakk.ee\/pl\/wp-json\/wp\/v2\/product"}],"about":[{"href":"https:\/\/toidupakk.ee\/pl\/wp-json\/wp\/v2\/types\/product"}],"replies":[{"embeddable":true,"href":"https:\/\/toidupakk.ee\/pl\/wp-json\/wp\/v2\/comments?post=52754"}],"wp:featuredmedia":[{"embeddable":true,"href":"https:\/\/toidupakk.ee\/pl\/wp-json\/wp\/v2\/media\/2040"}],"wp:attachment":[{"href":"https:\/\/toidupakk.ee\/pl\/wp-json\/wp\/v2\/media?parent=52754"}],"wp:term":[{"taxonomy":"product_brand","embeddable":true,"href":"https:\/\/toidupakk.ee\/pl\/wp-json\/wp\/v2\/product_brand?post=52754"},{"taxonomy":"product_cat","embeddable":true,"href":"https:\/\/toidupakk.ee\/pl\/wp-json\/wp\/v2\/product_cat?post=52754"},{"taxonomy":"product_tag","embeddable":true,"href":"https:\/\/toidupakk.ee\/pl\/wp-json\/wp\/v2\/product_tag?post=52754"}],"curies":[{"name":"wp","href":"https:\/\/api.w.org\/{rel}","templated":true}]}}