{"id":52750,"date":"2022-06-01T11:15:49","date_gmt":"2022-06-01T08:15:49","guid":{"rendered":"https:\/\/toidupakk.ee\/toode\/kuchenka-turystyczna-mil-tec-spider\/"},"modified":"2026-04-21T12:00:33","modified_gmt":"2026-04-21T09:00:33","slug":"kuchenka-turystyczna-mil-tec-spider","status":"publish","type":"product","link":"https:\/\/toidupakk.ee\/pl\/toode\/kuchenka-turystyczna-mil-tec-spider\/","title":{"rendered":"Kuchenka turystyczna Mil-Tec Spider"},"content":{"rendered":"<h1>Kuchenka turystyczna, kt\u00f3ra oszcz\u0119dza miejsce w plecaku<\/h1>\n<p>&nbsp;<\/p>\n<p>Kuchenka turystyczna Mil-Tec jest kompaktowa. Zabierasz j\u0105 na wypraw\u0119 wraz z <a href=\"https:\/\/toidupakk.ee\/tactical-foodpack\/gaasiballoon-matkale-300g-keermega\/\">kartuszem gazowym<\/a>, kt\u00f3ry wa\u017cy tylko 300 g. Sam palnik dodaje 180 g, wi\u0119c przy wadze poni\u017cej p\u00f3\u0142 kilograma w plecaku zapewniasz sobie ciep\u0142y posi\u0142ek. Zagotuj wod\u0119 do przygotowania da\u0144 <a href=\"\/?product_cat=pearoog#section-3-79\">Tactical Foodpack<\/a> lub <a href=\"https:\/\/toidupakk.ee\/pl\/tootekategooria\/zywnosc-turystyczna-meki\/\">Meki<\/a>, albo ugotuj ziemniaki \u2013 wyb\u00f3r nale\u017cy do ciebie. Wa\u017cne tylko, aby tw\u00f3j ekwipunek zawiera\u0142 wysokiej jako\u015bci kuchenk\u0119 i gwintowany kartusz gazowy, kt\u00f3re idealnie do siebie pasuj\u0105.    <\/p>\n<p>Dodatkowo warto zabra\u0107 na wyjazd <a href=\"https:\/\/toidupakk.ee\/tactical-foodpack\/kokkupandav-matkalaud\/\">stolik turystyczny<\/a>, <a href=\"https:\/\/toidupakk.ee\/tactical-foodpack\/matkanoude-komplekt\/\">zestaw naczy\u0144 turystycznych<\/a> lub, je\u015bli brakuje miejsca, <a href=\"https:\/\/toidupakk.ee\/tactical-foodpack\/matkalusikas-wildo-spork-3in1\/\">niezb\u0119dnik<\/a>, kt\u00f3rym wygodnie zjesz posi\u0142ek.<\/p>\n<p>&nbsp;<\/p>\n<p>Zobacz, jak przygotowa\u0107 posi\u0142ki turystyczne <a href=\"https:\/\/toidupakk.ee\/pl\/jak-uzywac\/\">TUTAJ<\/a><\/p>\n<p>&nbsp;<\/p>\n<p>Zobacz wszystkie akcesoria kempingowe <a href=\"https:\/\/toidupakk.ee\/pl\/tootekategooria\/sprzet-turystyczny\/#section-3-79\">TUTAJ<\/a><\/p>\n<p>Znajd\u017a inspiracj\u0119 na kolejne przygody na <a href=\"https:\/\/www.instagram.com\/toidupakk\/\">Instagramie<\/a> i <a href=\"https:\/\/www.facebook.com\/Toidupakk\/\">Facebooku<\/a> Toidupakk.<\/p>\n<p>&nbsp;<\/p>\n","protected":false},"excerpt":{"rendered":"<p>Aby\u015b m\u00f3g\u0142 cieszy\u0107 si\u0119 na szlaku ciep\u0142ym posi\u0142kiem, czy to przygotowanym od zera, czy pysznym daniem liofilizowanym, musisz go jako\u015b podgrza\u0107. Ciep\u0142e jedzenie daje energi\u0119 i si\u0142\u0119 do dalszej drogi. W tym celu mo\u017cesz zabra\u0107 ma\u0142y <a href=\"https:\/\/toidupakk.ee\/tactical-foodpack\/gaasiballoon-matkale-300g-keermega\/\">kartusz gazowy<\/a> i \u0142atwo kompatybilny z nim palnik gazowy\/kuchenk\u0119 turystyczn\u0105.  <\/p>\n<ul>\n<li>Zaw\u00f3r: stop aluminium<\/li>\n<li>Palnik: stal nierdzewna<\/li>\n<li>Mocowanie: stal<\/li>\n<li>Waga: 180 g<\/li>\n<li>Moc: 1800 W<\/li>\n<li>Wymiary po z\u0142o\u017ceniu: ok. 10,5 cm x 8 cm <\/li>\n<\/ul>\n<p>\u2705 Dost\u0119pne w magazynie, szybka dostawa w 1\u20133 dni robocze<\/p>\n","protected":false},"featured_media":2035,"comment_status":"open","ping_status":"closed","template":"","meta":{"_acf_changed":false},"product_brand":[],"product_cat":[303,332,317,307,301,304],"product_tag":[],"class_list":{"0":"post-52750","1":"product","2":"type-product","3":"status-publish","4":"has-post-thumbnail","6":"product_cat-akcesoria-turystyczne","7":"product_cat-kuchenki-turystyczne","8":"product_cat-mil-tec","9":"product_cat-przygotowywanie-posilkow","10":"product_cat-sprzet-turystyczny","11":"product_cat-wyposazenie-militarne","13":"first","14":"onbackorder","15":"sale","16":"taxable","17":"shipping-taxable","18":"purchasable","19":"product-type-simple"},"bundled_by":[],"bundle_stock_status":"onbackorder","bundle_stock_quantity":-1,"bundle_virtual":false,"bundle_layout":"","bundle_add_to_cart_form_location":"","bundle_editable_in_cart":false,"bundle_sold_individually_context":"","bundle_item_grouping":"","bundle_min_size":"","bundle_max_size":"","bundle_price":[],"bundled_items":[],"bundle_sell_ids":[],"acf":[],"yoast_head":"<!-- This site is optimized with the Yoast SEO plugin v27.3 - https:\/\/yoast.com\/product\/yoast-seo-wordpress\/ -->\n<title>Kuchenka turystyczna Mil-Tec Spider<\/title>\n<meta name=\"description\" content=\"Kuchenka turystyczna MIL-TEC Spider to niezast\u0105piony towarzysz w terenie. Kompaktowa kuchenka pozwala na wygodne przygotowanie ciep\u0142ego posi\u0142ku w dowolnym miejscu.\" \/>\n<meta name=\"robots\" content=\"index, follow, max-snippet:-1, max-image-preview:large, max-video-preview:-1\" \/>\n<link rel=\"canonical\" href=\"https:\/\/toidupakk.ee\/pl\/toode\/kuchenka-turystyczna-mil-tec-spider\/\" \/>\n<meta property=\"og:locale\" content=\"pl_PL\" \/>\n<meta property=\"og:type\" content=\"article\" \/>\n<meta property=\"og:title\" content=\"Kuchenka turystyczna Mil-Tec Spider\" \/>\n<meta property=\"og:description\" content=\"Kuchenka turystyczna MIL-TEC Spider to niezast\u0105piony towarzysz w terenie. Kompaktowa kuchenka pozwala na wygodne przygotowanie ciep\u0142ego posi\u0142ku w dowolnym miejscu.\" \/>\n<meta property=\"og:url\" content=\"https:\/\/toidupakk.ee\/pl\/toode\/kuchenka-turystyczna-mil-tec-spider\/\" \/>\n<meta property=\"og:site_name\" content=\"Toidupakk.ee - Tactical Foodpack toidupakid\" \/>\n<meta property=\"article:publisher\" content=\"https:\/\/www.facebook.com\/Toidupakk\" \/>\n<meta property=\"article:modified_time\" content=\"2026-04-21T09:00:33+00:00\" \/>\n<meta property=\"og:image\" content=\"https:\/\/toidupakk.ee\/wp-content\/uploads\/2022\/06\/Matkapliit-Mil-Tec-Spider-3.png\" \/>\n\t<meta property=\"og:image:width\" content=\"1080\" \/>\n\t<meta property=\"og:image:height\" content=\"1080\" \/>\n\t<meta property=\"og:image:type\" content=\"image\/png\" \/>\n<meta name=\"twitter:card\" content=\"summary_large_image\" \/>\n<meta name=\"twitter:label1\" content=\"Szacowany czas czytania\" \/>\n\t<meta name=\"twitter:data1\" content=\"1 minuta\" \/>\n<script type=\"application\/ld+json\" class=\"yoast-schema-graph\">{\"@context\":\"https:\\\/\\\/schema.org\",\"@graph\":[{\"@type\":\"WebPage\",\"@id\":\"https:\\\/\\\/toidupakk.ee\\\/pl\\\/toode\\\/kuchenka-turystyczna-mil-tec-spider\\\/\",\"url\":\"https:\\\/\\\/toidupakk.ee\\\/pl\\\/toode\\\/kuchenka-turystyczna-mil-tec-spider\\\/\",\"name\":\"Kuchenka turystyczna Mil-Tec Spider\",\"isPartOf\":{\"@id\":\"https:\\\/\\\/toidupakk.ee\\\/pl\\\/#website\"},\"primaryImageOfPage\":{\"@id\":\"https:\\\/\\\/toidupakk.ee\\\/pl\\\/toode\\\/kuchenka-turystyczna-mil-tec-spider\\\/#primaryimage\"},\"image\":{\"@id\":\"https:\\\/\\\/toidupakk.ee\\\/pl\\\/toode\\\/kuchenka-turystyczna-mil-tec-spider\\\/#primaryimage\"},\"thumbnailUrl\":\"https:\\\/\\\/toidupakk.ee\\\/wp-content\\\/uploads\\\/2022\\\/06\\\/Matkapliit-Mil-Tec-Spider-3.png\",\"datePublished\":\"2022-06-01T08:15:49+00:00\",\"dateModified\":\"2026-04-21T09:00:33+00:00\",\"description\":\"Kuchenka turystyczna MIL-TEC Spider to niezast\u0105piony towarzysz w terenie. Kompaktowa kuchenka pozwala na wygodne przygotowanie ciep\u0142ego posi\u0142ku w dowolnym miejscu.\",\"breadcrumb\":{\"@id\":\"https:\\\/\\\/toidupakk.ee\\\/pl\\\/toode\\\/kuchenka-turystyczna-mil-tec-spider\\\/#breadcrumb\"},\"inLanguage\":\"pl-PL\",\"potentialAction\":[{\"@type\":\"ReadAction\",\"target\":[\"https:\\\/\\\/toidupakk.ee\\\/pl\\\/toode\\\/kuchenka-turystyczna-mil-tec-spider\\\/\"]}]},{\"@type\":\"ImageObject\",\"inLanguage\":\"pl-PL\",\"@id\":\"https:\\\/\\\/toidupakk.ee\\\/pl\\\/toode\\\/kuchenka-turystyczna-mil-tec-spider\\\/#primaryimage\",\"url\":\"https:\\\/\\\/toidupakk.ee\\\/wp-content\\\/uploads\\\/2022\\\/06\\\/Matkapliit-Mil-Tec-Spider-3.png\",\"contentUrl\":\"https:\\\/\\\/toidupakk.ee\\\/wp-content\\\/uploads\\\/2022\\\/06\\\/Matkapliit-Mil-Tec-Spider-3.png\",\"width\":1080,\"height\":1080,\"caption\":\"Matkapliit tootepilt\"},{\"@type\":\"BreadcrumbList\",\"@id\":\"https:\\\/\\\/toidupakk.ee\\\/pl\\\/toode\\\/kuchenka-turystyczna-mil-tec-spider\\\/#breadcrumb\",\"itemListElement\":[{\"@type\":\"ListItem\",\"position\":1,\"name\":\"Avaleht\",\"item\":\"https:\\\/\\\/toidupakk.ee\\\/pl\\\/\"},{\"@type\":\"ListItem\",\"position\":2,\"name\":\"Sklep internetowy\",\"item\":\"https:\\\/\\\/toidupakk.ee\\\/pl\\\/sklep-internetowy\\\/\"},{\"@type\":\"ListItem\",\"position\":3,\"name\":\"Kuchenka turystyczna Mil-Tec Spider\"}]},{\"@type\":\"WebSite\",\"@id\":\"https:\\\/\\\/toidupakk.ee\\\/pl\\\/#website\",\"url\":\"https:\\\/\\\/toidupakk.ee\\\/pl\\\/\",\"name\":\"Toidupakk.ee - Tactical Foodpack toidupakid\",\"description\":\"Tactical Foodpack k\u00fclmkuivatatud toidupakid ja matkaeined\",\"publisher\":{\"@id\":\"https:\\\/\\\/toidupakk.ee\\\/pl\\\/#organization\"},\"potentialAction\":[{\"@type\":\"SearchAction\",\"target\":{\"@type\":\"EntryPoint\",\"urlTemplate\":\"https:\\\/\\\/toidupakk.ee\\\/pl\\\/?s={search_term_string}\"},\"query-input\":{\"@type\":\"PropertyValueSpecification\",\"valueRequired\":true,\"valueName\":\"search_term_string\"}}],\"inLanguage\":\"pl-PL\"},{\"@type\":\"Organization\",\"@id\":\"https:\\\/\\\/toidupakk.ee\\\/pl\\\/#organization\",\"name\":\"Tactical Foodpack matkaeined\",\"url\":\"https:\\\/\\\/toidupakk.ee\\\/pl\\\/\",\"logo\":{\"@type\":\"ImageObject\",\"inLanguage\":\"pl-PL\",\"@id\":\"https:\\\/\\\/toidupakk.ee\\\/pl\\\/#\\\/schema\\\/logo\\\/image\\\/\",\"url\":\"https:\\\/\\\/toidupakk.ee\\\/wp-content\\\/uploads\\\/2022\\\/01\\\/Toidupakk-matkapood-logo-transparent.png\",\"contentUrl\":\"https:\\\/\\\/toidupakk.ee\\\/wp-content\\\/uploads\\\/2022\\\/01\\\/Toidupakk-matkapood-logo-transparent.png\",\"width\":500,\"height\":500,\"caption\":\"Tactical Foodpack matkaeined\"},\"image\":{\"@id\":\"https:\\\/\\\/toidupakk.ee\\\/pl\\\/#\\\/schema\\\/logo\\\/image\\\/\"},\"sameAs\":[\"https:\\\/\\\/www.facebook.com\\\/Toidupakk\",\"https:\\\/\\\/www.instagram.com\\\/toidupakk\\\/\"]}]}<\/script>\n<!-- \/ Yoast SEO plugin. -->","yoast_head_json":{"title":"Kuchenka turystyczna Mil-Tec Spider","description":"Kuchenka turystyczna MIL-TEC Spider to niezast\u0105piony towarzysz w terenie. Kompaktowa kuchenka pozwala na wygodne przygotowanie ciep\u0142ego posi\u0142ku w dowolnym miejscu.","robots":{"index":"index","follow":"follow","max-snippet":"max-snippet:-1","max-image-preview":"max-image-preview:large","max-video-preview":"max-video-preview:-1"},"canonical":"https:\/\/toidupakk.ee\/pl\/toode\/kuchenka-turystyczna-mil-tec-spider\/","og_locale":"pl_PL","og_type":"article","og_title":"Kuchenka turystyczna Mil-Tec Spider","og_description":"Kuchenka turystyczna MIL-TEC Spider to niezast\u0105piony towarzysz w terenie. Kompaktowa kuchenka pozwala na wygodne przygotowanie ciep\u0142ego posi\u0142ku w dowolnym miejscu.","og_url":"https:\/\/toidupakk.ee\/pl\/toode\/kuchenka-turystyczna-mil-tec-spider\/","og_site_name":"Toidupakk.ee - Tactical Foodpack toidupakid","article_publisher":"https:\/\/www.facebook.com\/Toidupakk","article_modified_time":"2026-04-21T09:00:33+00:00","og_image":[{"width":1080,"height":1080,"url":"https:\/\/toidupakk.ee\/wp-content\/uploads\/2022\/06\/Matkapliit-Mil-Tec-Spider-3.png","type":"image\/png"}],"twitter_card":"summary_large_image","twitter_misc":{"Szacowany czas czytania":"1 minuta"},"schema":{"@context":"https:\/\/schema.org","@graph":[{"@type":"WebPage","@id":"https:\/\/toidupakk.ee\/pl\/toode\/kuchenka-turystyczna-mil-tec-spider\/","url":"https:\/\/toidupakk.ee\/pl\/toode\/kuchenka-turystyczna-mil-tec-spider\/","name":"Kuchenka turystyczna Mil-Tec Spider","isPartOf":{"@id":"https:\/\/toidupakk.ee\/pl\/#website"},"primaryImageOfPage":{"@id":"https:\/\/toidupakk.ee\/pl\/toode\/kuchenka-turystyczna-mil-tec-spider\/#primaryimage"},"image":{"@id":"https:\/\/toidupakk.ee\/pl\/toode\/kuchenka-turystyczna-mil-tec-spider\/#primaryimage"},"thumbnailUrl":"https:\/\/toidupakk.ee\/wp-content\/uploads\/2022\/06\/Matkapliit-Mil-Tec-Spider-3.png","datePublished":"2022-06-01T08:15:49+00:00","dateModified":"2026-04-21T09:00:33+00:00","description":"Kuchenka turystyczna MIL-TEC Spider to niezast\u0105piony towarzysz w terenie. Kompaktowa kuchenka pozwala na wygodne przygotowanie ciep\u0142ego posi\u0142ku w dowolnym miejscu.","breadcrumb":{"@id":"https:\/\/toidupakk.ee\/pl\/toode\/kuchenka-turystyczna-mil-tec-spider\/#breadcrumb"},"inLanguage":"pl-PL","potentialAction":[{"@type":"ReadAction","target":["https:\/\/toidupakk.ee\/pl\/toode\/kuchenka-turystyczna-mil-tec-spider\/"]}]},{"@type":"ImageObject","inLanguage":"pl-PL","@id":"https:\/\/toidupakk.ee\/pl\/toode\/kuchenka-turystyczna-mil-tec-spider\/#primaryimage","url":"https:\/\/toidupakk.ee\/wp-content\/uploads\/2022\/06\/Matkapliit-Mil-Tec-Spider-3.png","contentUrl":"https:\/\/toidupakk.ee\/wp-content\/uploads\/2022\/06\/Matkapliit-Mil-Tec-Spider-3.png","width":1080,"height":1080,"caption":"Matkapliit tootepilt"},{"@type":"BreadcrumbList","@id":"https:\/\/toidupakk.ee\/pl\/toode\/kuchenka-turystyczna-mil-tec-spider\/#breadcrumb","itemListElement":[{"@type":"ListItem","position":1,"name":"Avaleht","item":"https:\/\/toidupakk.ee\/pl\/"},{"@type":"ListItem","position":2,"name":"Sklep internetowy","item":"https:\/\/toidupakk.ee\/pl\/sklep-internetowy\/"},{"@type":"ListItem","position":3,"name":"Kuchenka turystyczna Mil-Tec Spider"}]},{"@type":"WebSite","@id":"https:\/\/toidupakk.ee\/pl\/#website","url":"https:\/\/toidupakk.ee\/pl\/","name":"Toidupakk.ee - Tactical Foodpack toidupakid","description":"Tactical Foodpack k\u00fclmkuivatatud toidupakid ja matkaeined","publisher":{"@id":"https:\/\/toidupakk.ee\/pl\/#organization"},"potentialAction":[{"@type":"SearchAction","target":{"@type":"EntryPoint","urlTemplate":"https:\/\/toidupakk.ee\/pl\/?s={search_term_string}"},"query-input":{"@type":"PropertyValueSpecification","valueRequired":true,"valueName":"search_term_string"}}],"inLanguage":"pl-PL"},{"@type":"Organization","@id":"https:\/\/toidupakk.ee\/pl\/#organization","name":"Tactical Foodpack matkaeined","url":"https:\/\/toidupakk.ee\/pl\/","logo":{"@type":"ImageObject","inLanguage":"pl-PL","@id":"https:\/\/toidupakk.ee\/pl\/#\/schema\/logo\/image\/","url":"https:\/\/toidupakk.ee\/wp-content\/uploads\/2022\/01\/Toidupakk-matkapood-logo-transparent.png","contentUrl":"https:\/\/toidupakk.ee\/wp-content\/uploads\/2022\/01\/Toidupakk-matkapood-logo-transparent.png","width":500,"height":500,"caption":"Tactical Foodpack matkaeined"},"image":{"@id":"https:\/\/toidupakk.ee\/pl\/#\/schema\/logo\/image\/"},"sameAs":["https:\/\/www.facebook.com\/Toidupakk","https:\/\/www.instagram.com\/toidupakk\/"]}]}},"jetpack_sharing_enabled":true,"_links":{"self":[{"href":"https:\/\/toidupakk.ee\/pl\/wp-json\/wp\/v2\/product\/52750","targetHints":{"allow":["GET"]}}],"collection":[{"href":"https:\/\/toidupakk.ee\/pl\/wp-json\/wp\/v2\/product"}],"about":[{"href":"https:\/\/toidupakk.ee\/pl\/wp-json\/wp\/v2\/types\/product"}],"replies":[{"embeddable":true,"href":"https:\/\/toidupakk.ee\/pl\/wp-json\/wp\/v2\/comments?post=52750"}],"wp:featuredmedia":[{"embeddable":true,"href":"https:\/\/toidupakk.ee\/pl\/wp-json\/wp\/v2\/media\/2035"}],"wp:attachment":[{"href":"https:\/\/toidupakk.ee\/pl\/wp-json\/wp\/v2\/media?parent=52750"}],"wp:term":[{"taxonomy":"product_brand","embeddable":true,"href":"https:\/\/toidupakk.ee\/pl\/wp-json\/wp\/v2\/product_brand?post=52750"},{"taxonomy":"product_cat","embeddable":true,"href":"https:\/\/toidupakk.ee\/pl\/wp-json\/wp\/v2\/product_cat?post=52750"},{"taxonomy":"product_tag","embeddable":true,"href":"https:\/\/toidupakk.ee\/pl\/wp-json\/wp\/v2\/product_tag?post=52750"}],"curies":[{"name":"wp","href":"https:\/\/api.w.org\/{rel}","templated":true}]}}