{"id":52740,"date":"2022-04-18T14:52:30","date_gmt":"2022-04-18T11:52:30","guid":{"rendered":"https:\/\/toidupakk.ee\/toode\/liofilizowane-kulki-ciasteczkowe-68-g\/"},"modified":"2026-04-16T04:30:18","modified_gmt":"2026-04-16T01:30:18","slug":"liofilizowane-kulki-ciasteczkowe-68-g","status":"publish","type":"product","link":"https:\/\/toidupakk.ee\/pl\/toode\/liofilizowane-kulki-ciasteczkowe-68-g\/","title":{"rendered":"Liofilizowane kulki ciasteczkowe 68 g"},"content":{"rendered":"<table class=\"woocommerce-product-attributes shop_attributes\">\n<tbody>\n<tr class=\"woocommerce-product-attributes-item woocommerce-product-attributes-item--energy_per_serving\">\n<th class=\"woocommerce-product-attributes-item__label\">Energia na porcj\u0119<\/th>\n<td class=\"woocommerce-product-attributes-item__value\">1174 kJ \/ 280 kcal<\/td>\n<\/tr>\n<tr class=\"woocommerce-product-attributes-item woocommerce-product-attributes-item--energy_per_100g\">\n<th class=\"woocommerce-product-attributes-item__label\">Energia na 100 g<\/th>\n<td class=\"woocommerce-product-attributes-item__value\">1726 kJ \/ 411 kcal<\/td>\n<\/tr>\n<tr class=\"woocommerce-product-attributes-item woocommerce-product-attributes-item--fat_per_serving\">\n<th class=\"woocommerce-product-attributes-item__label\">T\u0142uszcz na porcj\u0119<\/th>\n<td class=\"woocommerce-product-attributes-item__value\">17,9 g<\/td>\n<\/tr>\n<tr class=\"woocommerce-product-attributes-item woocommerce-product-attributes-item--fat_per_100g\">\n<th class=\"woocommerce-product-attributes-item__label\">T\u0142uszcz na 100 g<\/th>\n<td class=\"woocommerce-product-attributes-item__value\">26,4 g<\/td>\n<\/tr>\n<tr class=\"woocommerce-product-attributes-item woocommerce-product-attributes-item--saturated_fat_per_serving\">\n<th class=\"woocommerce-product-attributes-item__label\">W tym kwasy nasycone na porcj\u0119<\/th>\n<td class=\"woocommerce-product-attributes-item__value\">14,7 g<\/td>\n<\/tr>\n<tr class=\"woocommerce-product-attributes-item woocommerce-product-attributes-item--saturated_fat_per_100g\">\n<th class=\"woocommerce-product-attributes-item__label\">W tym kwasy nasycone na 100 g<\/th>\n<td class=\"woocommerce-product-attributes-item__value\">21,6 g<\/td>\n<\/tr>\n<tr class=\"woocommerce-product-attributes-item woocommerce-product-attributes-item--carbohydrates_per_serving\">\n<th class=\"woocommerce-product-attributes-item__label\">W\u0119glowodany na porcj\u0119<\/th>\n<td class=\"woocommerce-product-attributes-item__value\">28,5 g<\/td>\n<\/tr>\n<tr class=\"woocommerce-product-attributes-item woocommerce-product-attributes-item--carbohydrates_per_100g\">\n<th class=\"woocommerce-product-attributes-item__label\">W\u0119glowodany na 100 g<\/th>\n<td class=\"woocommerce-product-attributes-item__value\">42 g<\/td>\n<\/tr>\n<tr class=\"woocommerce-product-attributes-item woocommerce-product-attributes-item--carbohydrates_sugar_per_serving\">\n<th class=\"woocommerce-product-attributes-item__label\">W tym cukry na porcj\u0119<\/th>\n<td class=\"woocommerce-product-attributes-item__value\">17,1 g<\/td>\n<\/tr>\n<tr class=\"woocommerce-product-attributes-item woocommerce-product-attributes-item--carbohydrates_sugar_per_100g\">\n<th class=\"woocommerce-product-attributes-item__label\">W tym cukry na 100 g<\/th>\n<td class=\"woocommerce-product-attributes-item__value\">25,2 g<\/td>\n<\/tr>\n<tr class=\"woocommerce-product-attributes-item woocommerce-product-attributes-item--protein_per_serving\">\n<th class=\"woocommerce-product-attributes-item__label\">Bia\u0142ko na porcj\u0119<\/th>\n<td class=\"woocommerce-product-attributes-item__value\">9,8 g<\/td>\n<\/tr>\n<tr class=\"woocommerce-product-attributes-item woocommerce-product-attributes-item--protein_per_100g\">\n<th class=\"woocommerce-product-attributes-item__label\">Bia\u0142ko na 100 g<\/th>\n<td class=\"woocommerce-product-attributes-item__value\">14,4 g<\/td>\n<\/tr>\n<tr class=\"woocommerce-product-attributes-item woocommerce-product-attributes-item--salt_per_serving\">\n<th class=\"woocommerce-product-attributes-item__label\">S\u00f3l na porcj\u0119<\/th>\n<td class=\"woocommerce-product-attributes-item__value\">0,01 g<\/td>\n<\/tr>\n<tr class=\"woocommerce-product-attributes-item woocommerce-product-attributes-item--salt_per_100g\">\n<th class=\"woocommerce-product-attributes-item__label\">S\u00f3l na 100 g<\/th>\n<td class=\"woocommerce-product-attributes-item__value\">0,01 g<\/td>\n<\/tr>\n<\/tbody>\n<\/table>\n<p><img fetchpriority=\"high\" decoding=\"async\" class=\"size-medium wp-image-1850 alignleft\" src=\"https:\/\/toidupakk.ee\/wp-content\/uploads\/2022\/04\/Rummipallid-kulmkuivatatud-Tactical-Foodpack-5-300x300.png\" alt=\"\" width=\"300\" height=\"300\" srcset=\"https:\/\/toidupakk.ee\/wp-content\/uploads\/2022\/04\/Rummipallid-kulmkuivatatud-Tactical-Foodpack-5-300x300.png 300w, https:\/\/toidupakk.ee\/wp-content\/uploads\/2022\/04\/Rummipallid-kulmkuivatatud-Tactical-Foodpack-5-400x400.png 400w, https:\/\/toidupakk.ee\/wp-content\/uploads\/2022\/04\/Rummipallid-kulmkuivatatud-Tactical-Foodpack-5-100x100.png 100w, https:\/\/toidupakk.ee\/wp-content\/uploads\/2022\/04\/Rummipallid-kulmkuivatatud-Tactical-Foodpack-5-800x800.png 800w, https:\/\/toidupakk.ee\/wp-content\/uploads\/2022\/04\/Rummipallid-kulmkuivatatud-Tactical-Foodpack-5-1024x1024.png 1024w, https:\/\/toidupakk.ee\/wp-content\/uploads\/2022\/04\/Rummipallid-kulmkuivatatud-Tactical-Foodpack-5-500x500.png 500w, https:\/\/toidupakk.ee\/wp-content\/uploads\/2022\/04\/Rummipallid-kulmkuivatatud-Tactical-Foodpack-5-768x768.png 768w, https:\/\/toidupakk.ee\/wp-content\/uploads\/2022\/04\/Rummipallid-kulmkuivatatud-Tactical-Foodpack-5.png 1080w\" sizes=\"(max-width: 300px) 100vw, 300px\" \/> <img decoding=\"async\" class=\"size-medium wp-image-1846 alignleft\" src=\"https:\/\/toidupakk.ee\/wp-content\/uploads\/2022\/04\/Rummipallid-kulmkuivatatud-Tactical-Foodpack-1-300x300.png\" alt=\"Mamy jaja\" width=\"300\" height=\"300\" srcset=\"https:\/\/toidupakk.ee\/wp-content\/uploads\/2022\/04\/Rummipallid-kulmkuivatatud-Tactical-Foodpack-1-300x300.png 300w, https:\/\/toidupakk.ee\/wp-content\/uploads\/2022\/04\/Rummipallid-kulmkuivatatud-Tactical-Foodpack-1-400x400.png 400w, https:\/\/toidupakk.ee\/wp-content\/uploads\/2022\/04\/Rummipallid-kulmkuivatatud-Tactical-Foodpack-1-100x100.png 100w, https:\/\/toidupakk.ee\/wp-content\/uploads\/2022\/04\/Rummipallid-kulmkuivatatud-Tactical-Foodpack-1-800x800.png 800w, https:\/\/toidupakk.ee\/wp-content\/uploads\/2022\/04\/Rummipallid-kulmkuivatatud-Tactical-Foodpack-1-1024x1024.png 1024w, https:\/\/toidupakk.ee\/wp-content\/uploads\/2022\/04\/Rummipallid-kulmkuivatatud-Tactical-Foodpack-1-500x500.png 500w, https:\/\/toidupakk.ee\/wp-content\/uploads\/2022\/04\/Rummipallid-kulmkuivatatud-Tactical-Foodpack-1-768x768.png 768w, https:\/\/toidupakk.ee\/wp-content\/uploads\/2022\/04\/Rummipallid-kulmkuivatatud-Tactical-Foodpack-1.png 1080w\" sizes=\"(max-width: 300px) 100vw, 300px\" \/><\/p>\n","protected":false},"excerpt":{"rendered":"<ul>\n<li>Potocznie zwane bajaderkami lub kuleczkami ciasteczkowymi z kakao<\/li>\n<li>Te kulki ciasteczkowe to s\u0142odkie wspomnienie z dzieci\u0144stwa. Pami\u0119tasz, jak miesza\u0142e\u015b pokruszone ciastka, cukier, kakao i roztopione mas\u0142o, toczy\u0142e\u015b z nich ma\u0142e kuleczki i wk\u0142ada\u0142e\u015b do lod\u00f3wki? Zrobili\u015bmy to samo, ale dodatkowo je liofilizowali\u015bmy, aby zapewni\u0107 im d\u0142u\u017csz\u0105 trwa\u0142o\u015b\u0107.  <\/li>\n<\/ul>\n<p><span class=\"font14\"><strong>Sk\u0142ad: Jaja<\/strong><\/span><strong><span class=\"font5\">, <\/span><span class=\"font14\">m\u0105ka<\/span><\/strong><span class=\"font5\">, kakao, <\/span><strong><span class=\"font14\">mas\u0142o<\/span><span class=\"font5\">, <\/span><span class=\"font14\">\u015bmietana<\/span><\/strong><span class=\"font5\"><strong>,<\/strong> cukier<\/span><\/p>\n<p><strong>Najlepiej spo\u017cy\u0107 przed<\/strong>: 8 lat od daty produkcji<\/p>\n<p>\u2705 Dost\u0119pne w magazynie, szybka dostawa w 1\u20133 dni robocze<\/p>\n","protected":false},"featured_media":1859,"comment_status":"open","ping_status":"closed","template":"","meta":{"_acf_changed":false},"product_brand":[],"product_cat":[303,364,322,301],"product_tag":[305,338],"class_list":{"0":"post-52740","1":"product","2":"type-product","3":"status-publish","4":"has-post-thumbnail","6":"product_cat-akcesoria-turystyczne","7":"product_cat-dodatki","8":"product_cat-przekaski","9":"product_cat-sprzet-turystyczny","10":"product_tag-no_ads","11":"product_tag-tactical-foodpack","13":"first","14":"instock","15":"taxable","16":"shipping-taxable","17":"purchasable","18":"product-type-simple"},"bundled_by":[],"bundle_stock_status":"instock","bundle_stock_quantity":29,"bundle_virtual":false,"bundle_layout":"","bundle_add_to_cart_form_location":"","bundle_editable_in_cart":false,"bundle_sold_individually_context":"","bundle_item_grouping":"","bundle_min_size":"","bundle_max_size":"","bundle_price":[],"bundled_items":[],"bundle_sell_ids":[],"acf":[],"yoast_head":"<!-- This site is optimized with the Yoast SEO plugin v27.3 - https:\/\/yoast.com\/product\/yoast-seo-wordpress\/ -->\n<title>Liofilizowane kulki ciasteczkowe 68 g - Toidupakk.ee - Tactical Foodpack toidupakid<\/title>\n<meta name=\"description\" content=\"Pami\u0119tasz, jak miesza\u0142e\u015b pokruszone ciastka, cukier, kakao i roztopione mas\u0142o, toczy\u0142e\u015b z nich ma\u0142e kuleczki i wk\u0142ada\u0142e\u015b do lod\u00f3wki?\" \/>\n<meta name=\"robots\" content=\"index, follow, max-snippet:-1, max-image-preview:large, max-video-preview:-1\" \/>\n<link rel=\"canonical\" href=\"https:\/\/toidupakk.ee\/pl\/toode\/liofilizowane-kulki-ciasteczkowe-68-g\/\" \/>\n<meta property=\"og:locale\" content=\"pl_PL\" \/>\n<meta property=\"og:type\" content=\"article\" \/>\n<meta property=\"og:title\" content=\"Liofilizowane kulki ciasteczkowe 68 g - Toidupakk.ee - Tactical Foodpack toidupakid\" \/>\n<meta property=\"og:description\" content=\"Pami\u0119tasz, jak miesza\u0142e\u015b pokruszone ciastka, cukier, kakao i roztopione mas\u0142o, toczy\u0142e\u015b z nich ma\u0142e kuleczki i wk\u0142ada\u0142e\u015b do lod\u00f3wki?\" \/>\n<meta property=\"og:url\" content=\"https:\/\/toidupakk.ee\/pl\/toode\/liofilizowane-kulki-ciasteczkowe-68-g\/\" \/>\n<meta property=\"og:site_name\" content=\"Toidupakk.ee - Tactical Foodpack toidupakid\" \/>\n<meta property=\"article:publisher\" content=\"https:\/\/www.facebook.com\/Toidupakk\" \/>\n<meta property=\"article:modified_time\" content=\"2026-04-16T01:30:18+00:00\" \/>\n<meta property=\"og:image\" content=\"https:\/\/toidupakk.ee\/wp-content\/uploads\/2022\/04\/Kulmkuivatatud-kupsisepallid-2.png\" \/>\n\t<meta property=\"og:image:width\" content=\"1080\" \/>\n\t<meta property=\"og:image:height\" content=\"1080\" \/>\n\t<meta property=\"og:image:type\" content=\"image\/png\" \/>\n<meta name=\"twitter:card\" content=\"summary_large_image\" \/>\n<script type=\"application\/ld+json\" class=\"yoast-schema-graph\">{\"@context\":\"https:\\\/\\\/schema.org\",\"@graph\":[{\"@type\":\"WebPage\",\"@id\":\"https:\\\/\\\/toidupakk.ee\\\/pl\\\/toode\\\/liofilizowane-kulki-ciasteczkowe-68-g\\\/\",\"url\":\"https:\\\/\\\/toidupakk.ee\\\/pl\\\/toode\\\/liofilizowane-kulki-ciasteczkowe-68-g\\\/\",\"name\":\"Liofilizowane kulki ciasteczkowe 68 g - Toidupakk.ee - Tactical Foodpack toidupakid\",\"isPartOf\":{\"@id\":\"https:\\\/\\\/toidupakk.ee\\\/pl\\\/#website\"},\"primaryImageOfPage\":{\"@id\":\"https:\\\/\\\/toidupakk.ee\\\/pl\\\/toode\\\/liofilizowane-kulki-ciasteczkowe-68-g\\\/#primaryimage\"},\"image\":{\"@id\":\"https:\\\/\\\/toidupakk.ee\\\/pl\\\/toode\\\/liofilizowane-kulki-ciasteczkowe-68-g\\\/#primaryimage\"},\"thumbnailUrl\":\"https:\\\/\\\/toidupakk.ee\\\/wp-content\\\/uploads\\\/2022\\\/04\\\/Kulmkuivatatud-kupsisepallid-2.png\",\"datePublished\":\"2022-04-18T11:52:30+00:00\",\"dateModified\":\"2026-04-16T01:30:18+00:00\",\"description\":\"Pami\u0119tasz, jak miesza\u0142e\u015b pokruszone ciastka, cukier, kakao i roztopione mas\u0142o, toczy\u0142e\u015b z nich ma\u0142e kuleczki i wk\u0142ada\u0142e\u015b do lod\u00f3wki?\",\"breadcrumb\":{\"@id\":\"https:\\\/\\\/toidupakk.ee\\\/pl\\\/toode\\\/liofilizowane-kulki-ciasteczkowe-68-g\\\/#breadcrumb\"},\"inLanguage\":\"pl-PL\",\"potentialAction\":[{\"@type\":\"ReadAction\",\"target\":[\"https:\\\/\\\/toidupakk.ee\\\/pl\\\/toode\\\/liofilizowane-kulki-ciasteczkowe-68-g\\\/\"]}]},{\"@type\":\"ImageObject\",\"inLanguage\":\"pl-PL\",\"@id\":\"https:\\\/\\\/toidupakk.ee\\\/pl\\\/toode\\\/liofilizowane-kulki-ciasteczkowe-68-g\\\/#primaryimage\",\"url\":\"https:\\\/\\\/toidupakk.ee\\\/wp-content\\\/uploads\\\/2022\\\/04\\\/Kulmkuivatatud-kupsisepallid-2.png\",\"contentUrl\":\"https:\\\/\\\/toidupakk.ee\\\/wp-content\\\/uploads\\\/2022\\\/04\\\/Kulmkuivatatud-kupsisepallid-2.png\",\"width\":1080,\"height\":1080,\"caption\":\"K\u00fcpsisepallid k\u00fclmkuivatatud\"},{\"@type\":\"BreadcrumbList\",\"@id\":\"https:\\\/\\\/toidupakk.ee\\\/pl\\\/toode\\\/liofilizowane-kulki-ciasteczkowe-68-g\\\/#breadcrumb\",\"itemListElement\":[{\"@type\":\"ListItem\",\"position\":1,\"name\":\"Avaleht\",\"item\":\"https:\\\/\\\/toidupakk.ee\\\/pl\\\/\"},{\"@type\":\"ListItem\",\"position\":2,\"name\":\"Sklep internetowy\",\"item\":\"https:\\\/\\\/toidupakk.ee\\\/pl\\\/sklep-internetowy\\\/\"},{\"@type\":\"ListItem\",\"position\":3,\"name\":\"Liofilizowane kulki ciasteczkowe 68 g\"}]},{\"@type\":\"WebSite\",\"@id\":\"https:\\\/\\\/toidupakk.ee\\\/pl\\\/#website\",\"url\":\"https:\\\/\\\/toidupakk.ee\\\/pl\\\/\",\"name\":\"Toidupakk.ee - Tactical Foodpack toidupakid\",\"description\":\"Tactical Foodpack k\u00fclmkuivatatud toidupakid ja matkaeined\",\"publisher\":{\"@id\":\"https:\\\/\\\/toidupakk.ee\\\/pl\\\/#organization\"},\"potentialAction\":[{\"@type\":\"SearchAction\",\"target\":{\"@type\":\"EntryPoint\",\"urlTemplate\":\"https:\\\/\\\/toidupakk.ee\\\/pl\\\/?s={search_term_string}\"},\"query-input\":{\"@type\":\"PropertyValueSpecification\",\"valueRequired\":true,\"valueName\":\"search_term_string\"}}],\"inLanguage\":\"pl-PL\"},{\"@type\":\"Organization\",\"@id\":\"https:\\\/\\\/toidupakk.ee\\\/pl\\\/#organization\",\"name\":\"Tactical Foodpack matkaeined\",\"url\":\"https:\\\/\\\/toidupakk.ee\\\/pl\\\/\",\"logo\":{\"@type\":\"ImageObject\",\"inLanguage\":\"pl-PL\",\"@id\":\"https:\\\/\\\/toidupakk.ee\\\/pl\\\/#\\\/schema\\\/logo\\\/image\\\/\",\"url\":\"https:\\\/\\\/toidupakk.ee\\\/wp-content\\\/uploads\\\/2022\\\/01\\\/Toidupakk-matkapood-logo-transparent.png\",\"contentUrl\":\"https:\\\/\\\/toidupakk.ee\\\/wp-content\\\/uploads\\\/2022\\\/01\\\/Toidupakk-matkapood-logo-transparent.png\",\"width\":500,\"height\":500,\"caption\":\"Tactical Foodpack matkaeined\"},\"image\":{\"@id\":\"https:\\\/\\\/toidupakk.ee\\\/pl\\\/#\\\/schema\\\/logo\\\/image\\\/\"},\"sameAs\":[\"https:\\\/\\\/www.facebook.com\\\/Toidupakk\",\"https:\\\/\\\/www.instagram.com\\\/toidupakk\\\/\"]}]}<\/script>\n<!-- \/ Yoast SEO plugin. -->","yoast_head_json":{"title":"Liofilizowane kulki ciasteczkowe 68 g - Toidupakk.ee - Tactical Foodpack toidupakid","description":"Pami\u0119tasz, jak miesza\u0142e\u015b pokruszone ciastka, cukier, kakao i roztopione mas\u0142o, toczy\u0142e\u015b z nich ma\u0142e kuleczki i wk\u0142ada\u0142e\u015b do lod\u00f3wki?","robots":{"index":"index","follow":"follow","max-snippet":"max-snippet:-1","max-image-preview":"max-image-preview:large","max-video-preview":"max-video-preview:-1"},"canonical":"https:\/\/toidupakk.ee\/pl\/toode\/liofilizowane-kulki-ciasteczkowe-68-g\/","og_locale":"pl_PL","og_type":"article","og_title":"Liofilizowane kulki ciasteczkowe 68 g - Toidupakk.ee - Tactical Foodpack toidupakid","og_description":"Pami\u0119tasz, jak miesza\u0142e\u015b pokruszone ciastka, cukier, kakao i roztopione mas\u0142o, toczy\u0142e\u015b z nich ma\u0142e kuleczki i wk\u0142ada\u0142e\u015b do lod\u00f3wki?","og_url":"https:\/\/toidupakk.ee\/pl\/toode\/liofilizowane-kulki-ciasteczkowe-68-g\/","og_site_name":"Toidupakk.ee - Tactical Foodpack toidupakid","article_publisher":"https:\/\/www.facebook.com\/Toidupakk","article_modified_time":"2026-04-16T01:30:18+00:00","og_image":[{"width":1080,"height":1080,"url":"https:\/\/toidupakk.ee\/wp-content\/uploads\/2022\/04\/Kulmkuivatatud-kupsisepallid-2.png","type":"image\/png"}],"twitter_card":"summary_large_image","schema":{"@context":"https:\/\/schema.org","@graph":[{"@type":"WebPage","@id":"https:\/\/toidupakk.ee\/pl\/toode\/liofilizowane-kulki-ciasteczkowe-68-g\/","url":"https:\/\/toidupakk.ee\/pl\/toode\/liofilizowane-kulki-ciasteczkowe-68-g\/","name":"Liofilizowane kulki ciasteczkowe 68 g - Toidupakk.ee - Tactical Foodpack toidupakid","isPartOf":{"@id":"https:\/\/toidupakk.ee\/pl\/#website"},"primaryImageOfPage":{"@id":"https:\/\/toidupakk.ee\/pl\/toode\/liofilizowane-kulki-ciasteczkowe-68-g\/#primaryimage"},"image":{"@id":"https:\/\/toidupakk.ee\/pl\/toode\/liofilizowane-kulki-ciasteczkowe-68-g\/#primaryimage"},"thumbnailUrl":"https:\/\/toidupakk.ee\/wp-content\/uploads\/2022\/04\/Kulmkuivatatud-kupsisepallid-2.png","datePublished":"2022-04-18T11:52:30+00:00","dateModified":"2026-04-16T01:30:18+00:00","description":"Pami\u0119tasz, jak miesza\u0142e\u015b pokruszone ciastka, cukier, kakao i roztopione mas\u0142o, toczy\u0142e\u015b z nich ma\u0142e kuleczki i wk\u0142ada\u0142e\u015b do lod\u00f3wki?","breadcrumb":{"@id":"https:\/\/toidupakk.ee\/pl\/toode\/liofilizowane-kulki-ciasteczkowe-68-g\/#breadcrumb"},"inLanguage":"pl-PL","potentialAction":[{"@type":"ReadAction","target":["https:\/\/toidupakk.ee\/pl\/toode\/liofilizowane-kulki-ciasteczkowe-68-g\/"]}]},{"@type":"ImageObject","inLanguage":"pl-PL","@id":"https:\/\/toidupakk.ee\/pl\/toode\/liofilizowane-kulki-ciasteczkowe-68-g\/#primaryimage","url":"https:\/\/toidupakk.ee\/wp-content\/uploads\/2022\/04\/Kulmkuivatatud-kupsisepallid-2.png","contentUrl":"https:\/\/toidupakk.ee\/wp-content\/uploads\/2022\/04\/Kulmkuivatatud-kupsisepallid-2.png","width":1080,"height":1080,"caption":"K\u00fcpsisepallid k\u00fclmkuivatatud"},{"@type":"BreadcrumbList","@id":"https:\/\/toidupakk.ee\/pl\/toode\/liofilizowane-kulki-ciasteczkowe-68-g\/#breadcrumb","itemListElement":[{"@type":"ListItem","position":1,"name":"Avaleht","item":"https:\/\/toidupakk.ee\/pl\/"},{"@type":"ListItem","position":2,"name":"Sklep internetowy","item":"https:\/\/toidupakk.ee\/pl\/sklep-internetowy\/"},{"@type":"ListItem","position":3,"name":"Liofilizowane kulki ciasteczkowe 68 g"}]},{"@type":"WebSite","@id":"https:\/\/toidupakk.ee\/pl\/#website","url":"https:\/\/toidupakk.ee\/pl\/","name":"Toidupakk.ee - Tactical Foodpack toidupakid","description":"Tactical Foodpack k\u00fclmkuivatatud toidupakid ja matkaeined","publisher":{"@id":"https:\/\/toidupakk.ee\/pl\/#organization"},"potentialAction":[{"@type":"SearchAction","target":{"@type":"EntryPoint","urlTemplate":"https:\/\/toidupakk.ee\/pl\/?s={search_term_string}"},"query-input":{"@type":"PropertyValueSpecification","valueRequired":true,"valueName":"search_term_string"}}],"inLanguage":"pl-PL"},{"@type":"Organization","@id":"https:\/\/toidupakk.ee\/pl\/#organization","name":"Tactical Foodpack matkaeined","url":"https:\/\/toidupakk.ee\/pl\/","logo":{"@type":"ImageObject","inLanguage":"pl-PL","@id":"https:\/\/toidupakk.ee\/pl\/#\/schema\/logo\/image\/","url":"https:\/\/toidupakk.ee\/wp-content\/uploads\/2022\/01\/Toidupakk-matkapood-logo-transparent.png","contentUrl":"https:\/\/toidupakk.ee\/wp-content\/uploads\/2022\/01\/Toidupakk-matkapood-logo-transparent.png","width":500,"height":500,"caption":"Tactical Foodpack matkaeined"},"image":{"@id":"https:\/\/toidupakk.ee\/pl\/#\/schema\/logo\/image\/"},"sameAs":["https:\/\/www.facebook.com\/Toidupakk","https:\/\/www.instagram.com\/toidupakk\/"]}]}},"jetpack_sharing_enabled":true,"_links":{"self":[{"href":"https:\/\/toidupakk.ee\/pl\/wp-json\/wp\/v2\/product\/52740","targetHints":{"allow":["GET"]}}],"collection":[{"href":"https:\/\/toidupakk.ee\/pl\/wp-json\/wp\/v2\/product"}],"about":[{"href":"https:\/\/toidupakk.ee\/pl\/wp-json\/wp\/v2\/types\/product"}],"replies":[{"embeddable":true,"href":"https:\/\/toidupakk.ee\/pl\/wp-json\/wp\/v2\/comments?post=52740"}],"wp:featuredmedia":[{"embeddable":true,"href":"https:\/\/toidupakk.ee\/pl\/wp-json\/wp\/v2\/media\/1859"}],"wp:attachment":[{"href":"https:\/\/toidupakk.ee\/pl\/wp-json\/wp\/v2\/media?parent=52740"}],"wp:term":[{"taxonomy":"product_brand","embeddable":true,"href":"https:\/\/toidupakk.ee\/pl\/wp-json\/wp\/v2\/product_brand?post=52740"},{"taxonomy":"product_cat","embeddable":true,"href":"https:\/\/toidupakk.ee\/pl\/wp-json\/wp\/v2\/product_cat?post=52740"},{"taxonomy":"product_tag","embeddable":true,"href":"https:\/\/toidupakk.ee\/pl\/wp-json\/wp\/v2\/product_tag?post=52740"}],"curies":[{"name":"wp","href":"https:\/\/api.w.org\/{rel}","templated":true}]}}