{"id":52732,"date":"2022-04-18T14:39:15","date_gmt":"2022-04-18T11:39:15","guid":{"rendered":"https:\/\/toidupakk.ee\/toode\/liofilizowane-batony-kama\/"},"modified":"2026-04-21T12:01:51","modified_gmt":"2026-04-21T09:01:51","slug":"liofilizowane-batony-kama","status":"publish","type":"product","link":"https:\/\/toidupakk.ee\/pl\/toode\/liofilizowane-batony-kama\/","title":{"rendered":"Liofilizowane batony kama"},"content":{"rendered":"<table class=\"woocommerce-product-attributes shop_attributes\">\n<tbody>\n<tr class=\"woocommerce-product-attributes-item woocommerce-product-attributes-item--energy_per_serving\">\n<th class=\"woocommerce-product-attributes-item__label\">Energia na porcj\u0119<\/th>\n<td class=\"woocommerce-product-attributes-item__value\">848 kJ \/ 202 kcal<\/td>\n<\/tr>\n<tr class=\"woocommerce-product-attributes-item woocommerce-product-attributes-item--energy_per_100g\">\n<th class=\"woocommerce-product-attributes-item__label\">Energia na 100 g<\/th>\n<td class=\"woocommerce-product-attributes-item__value\">1570 kJ \/ 374 kcal<\/td>\n<\/tr>\n<tr class=\"woocommerce-product-attributes-item woocommerce-product-attributes-item--fat_per_serving\">\n<th class=\"woocommerce-product-attributes-item__label\">T\u0142uszcz na porcj\u0119<\/th>\n<td class=\"woocommerce-product-attributes-item__value\">10,9 g<\/td>\n<\/tr>\n<tr class=\"woocommerce-product-attributes-item woocommerce-product-attributes-item--fat_per_100g\">\n<th class=\"woocommerce-product-attributes-item__label\">T\u0142uszcz na 100 g<\/th>\n<td class=\"woocommerce-product-attributes-item__value\">20,2 g<\/td>\n<\/tr>\n<tr class=\"woocommerce-product-attributes-item woocommerce-product-attributes-item--saturated_fat_per_serving\">\n<th class=\"woocommerce-product-attributes-item__label\">Kwasy t\u0142uszczowe nasycone na porcj\u0119<\/th>\n<td class=\"woocommerce-product-attributes-item__value\">0,8 g<\/td>\n<\/tr>\n<tr class=\"woocommerce-product-attributes-item woocommerce-product-attributes-item--saturated_fat_per_100g\">\n<th class=\"woocommerce-product-attributes-item__label\">Kwasy t\u0142uszczowe nasycone na 100 g<\/th>\n<td class=\"woocommerce-product-attributes-item__value\">1,5 g<\/td>\n<\/tr>\n<tr class=\"woocommerce-product-attributes-item woocommerce-product-attributes-item--carbohydrates_per_serving\">\n<th class=\"woocommerce-product-attributes-item__label\">W\u0119glowodany na porcj\u0119<\/th>\n<td class=\"woocommerce-product-attributes-item__value\">21 g<\/td>\n<\/tr>\n<tr class=\"woocommerce-product-attributes-item woocommerce-product-attributes-item--carbohydrates_per_100g\">\n<th class=\"woocommerce-product-attributes-item__label\">W\u0119glowodany na 100 g<\/th>\n<td class=\"woocommerce-product-attributes-item__value\">38,9 g<\/td>\n<\/tr>\n<tr class=\"woocommerce-product-attributes-item woocommerce-product-attributes-item--carbohydrates_sugar_per_serving\">\n<th class=\"woocommerce-product-attributes-item__label\">W tym cukry na porcj\u0119<\/th>\n<td class=\"woocommerce-product-attributes-item__value\">3,4 g<\/td>\n<\/tr>\n<tr class=\"woocommerce-product-attributes-item woocommerce-product-attributes-item--carbohydrates_sugar_per_100g\">\n<th class=\"woocommerce-product-attributes-item__label\">W tym cukry na 100 g<\/th>\n<td class=\"woocommerce-product-attributes-item__value\">4,3 g<\/td>\n<\/tr>\n<tr class=\"woocommerce-product-attributes-item woocommerce-product-attributes-item--fibre_per_serving\">\n<th class=\"woocommerce-product-attributes-item__label\">B\u0142onnik na porcj\u0119<\/th>\n<td class=\"woocommerce-product-attributes-item__value\">4,8 g<\/td>\n<\/tr>\n<tr class=\"woocommerce-product-attributes-item woocommerce-product-attributes-item--fibre_per_100g\">\n<th class=\"woocommerce-product-attributes-item__label\">B\u0142onnik na 100 g<\/th>\n<td class=\"woocommerce-product-attributes-item__value\">8,9 g<\/td>\n<\/tr>\n<tr class=\"woocommerce-product-attributes-item woocommerce-product-attributes-item--protein_per_serving\">\n<th class=\"woocommerce-product-attributes-item__label\">Bia\u0142ko na porcj\u0119<\/th>\n<td class=\"woocommerce-product-attributes-item__value\">4,8 g<\/td>\n<\/tr>\n<tr class=\"woocommerce-product-attributes-item woocommerce-product-attributes-item--protein_per_100g\">\n<th class=\"woocommerce-product-attributes-item__label\">Bia\u0142ko na 100 g<\/th>\n<td class=\"woocommerce-product-attributes-item__value\">8,9 g<\/td>\n<\/tr>\n<tr class=\"woocommerce-product-attributes-item woocommerce-product-attributes-item--salt_per_serving\">\n<th class=\"woocommerce-product-attributes-item__label\">S\u00f3l na porcj\u0119<\/th>\n<td class=\"woocommerce-product-attributes-item__value\">0,06 g<\/td>\n<\/tr>\n<tr class=\"woocommerce-product-attributes-item woocommerce-product-attributes-item--salt_per_100g\">\n<th class=\"woocommerce-product-attributes-item__label\">S\u00f3l na 100 g<\/th>\n<td class=\"woocommerce-product-attributes-item__value\">0,11 g<\/td>\n<\/tr>\n<\/tbody>\n<\/table>\n<p><img fetchpriority=\"high\" decoding=\"async\" class=\"size-medium wp-image-1850 alignleft\" src=\"https:\/\/toidupakk.ee\/wp-content\/uploads\/2022\/04\/Rummipallid-kulmkuivatatud-Tactical-Foodpack-5-300x300.png\" alt=\"\" width=\"300\" height=\"300\" srcset=\"https:\/\/toidupakk.ee\/wp-content\/uploads\/2022\/04\/Rummipallid-kulmkuivatatud-Tactical-Foodpack-5-300x300.png 300w, https:\/\/toidupakk.ee\/wp-content\/uploads\/2022\/04\/Rummipallid-kulmkuivatatud-Tactical-Foodpack-5-400x400.png 400w, https:\/\/toidupakk.ee\/wp-content\/uploads\/2022\/04\/Rummipallid-kulmkuivatatud-Tactical-Foodpack-5-100x100.png 100w, https:\/\/toidupakk.ee\/wp-content\/uploads\/2022\/04\/Rummipallid-kulmkuivatatud-Tactical-Foodpack-5-800x800.png 800w, https:\/\/toidupakk.ee\/wp-content\/uploads\/2022\/04\/Rummipallid-kulmkuivatatud-Tactical-Foodpack-5-1024x1024.png 1024w, https:\/\/toidupakk.ee\/wp-content\/uploads\/2022\/04\/Rummipallid-kulmkuivatatud-Tactical-Foodpack-5-500x500.png 500w, https:\/\/toidupakk.ee\/wp-content\/uploads\/2022\/04\/Rummipallid-kulmkuivatatud-Tactical-Foodpack-5-768x768.png 768w, https:\/\/toidupakk.ee\/wp-content\/uploads\/2022\/04\/Rummipallid-kulmkuivatatud-Tactical-Foodpack-5.png 1080w\" sizes=\"(max-width: 300px) 100vw, 300px\" \/> <img decoding=\"async\" class=\"size-medium wp-image-1846 alignleft\" src=\"https:\/\/toidupakk.ee\/wp-content\/uploads\/2022\/04\/Rummipallid-kulmkuivatatud-Tactical-Foodpack-1-300x300.png\" alt=\"Mamy jaja\" width=\"300\" height=\"300\" srcset=\"https:\/\/toidupakk.ee\/wp-content\/uploads\/2022\/04\/Rummipallid-kulmkuivatatud-Tactical-Foodpack-1-300x300.png 300w, https:\/\/toidupakk.ee\/wp-content\/uploads\/2022\/04\/Rummipallid-kulmkuivatatud-Tactical-Foodpack-1-400x400.png 400w, https:\/\/toidupakk.ee\/wp-content\/uploads\/2022\/04\/Rummipallid-kulmkuivatatud-Tactical-Foodpack-1-100x100.png 100w, https:\/\/toidupakk.ee\/wp-content\/uploads\/2022\/04\/Rummipallid-kulmkuivatatud-Tactical-Foodpack-1-800x800.png 800w, https:\/\/toidupakk.ee\/wp-content\/uploads\/2022\/04\/Rummipallid-kulmkuivatatud-Tactical-Foodpack-1-1024x1024.png 1024w, https:\/\/toidupakk.ee\/wp-content\/uploads\/2022\/04\/Rummipallid-kulmkuivatatud-Tactical-Foodpack-1-500x500.png 500w, https:\/\/toidupakk.ee\/wp-content\/uploads\/2022\/04\/Rummipallid-kulmkuivatatud-Tactical-Foodpack-1-768x768.png 768w, https:\/\/toidupakk.ee\/wp-content\/uploads\/2022\/04\/Rummipallid-kulmkuivatatud-Tactical-Foodpack-1.png 1080w\" sizes=\"(max-width: 300px) 100vw, 300px\" \/><\/p>\n","protected":false},"excerpt":{"rendered":"<ul>\n<li>Idealna poranna przek\u0105ska na rozpocz\u0119cie przygody<\/li>\n<li>Kama to tradycyjny esto\u0144ski przysmak \u2013 mieszanka m\u0105ki z pra\u017conych ziaren j\u0119czmienia, \u017cyta, pszenicy i grochu. Kama jest bogata w b\u0142onnik, kt\u00f3ry syci, usuwa toksyny z organizmu i reguluje ci\u015bnienie krwi. <\/li>\n<\/ul>\n<p><span class=\"font14\"><strong>Sk\u0142ad: m\u0105ka kama 62% (\u017cyto, pszenica, j\u0119czmie\u0144, <\/strong>groch)<strong>, m\u0105ka pszenna, jaja, <\/strong>cukier<strong>, mas\u0142o, <\/strong>woda, spirytus, s\u00f3l.<\/span><\/p>\n<p><strong>Najlepiej spo\u017cy\u0107 przed<\/strong>: 8 lat od daty produkcji<\/p>\n<p>\u2705 Dost\u0119pne w magazynie, szybka dostawa w 1\u20133 dni robocze<\/p>\n","protected":false},"featured_media":1855,"comment_status":"open","ping_status":"closed","template":"","meta":{"_acf_changed":false},"product_brand":[],"product_cat":[303,364,322,301],"product_tag":[305,338],"class_list":{"0":"post-52732","1":"product","2":"type-product","3":"status-publish","4":"has-post-thumbnail","6":"product_cat-akcesoria-turystyczne","7":"product_cat-dodatki","8":"product_cat-przekaski","9":"product_cat-sprzet-turystyczny","10":"product_tag-no_ads","11":"product_tag-tactical-foodpack","13":"first","14":"instock","15":"taxable","16":"shipping-taxable","17":"purchasable","18":"product-type-simple"},"bundled_by":[],"bundle_stock_status":"instock","bundle_stock_quantity":15,"bundle_virtual":false,"bundle_layout":"","bundle_add_to_cart_form_location":"","bundle_editable_in_cart":false,"bundle_sold_individually_context":"","bundle_item_grouping":"","bundle_min_size":"","bundle_max_size":"","bundle_price":[],"bundled_items":[],"bundle_sell_ids":[],"acf":[],"yoast_head":"<!-- This site is optimized with the Yoast SEO plugin v27.3 - https:\/\/yoast.com\/product\/yoast-seo-wordpress\/ -->\n<title>Liofilizowane batony kama - Toidupakk.ee - Tactical Foodpack toidupakid<\/title>\n<meta name=\"description\" content=\"Kama to tradycyjny esto\u0144ski przysmak \u2013 mieszanka m\u0105ki z pra\u017conych ziaren j\u0119czmienia, \u017cyta, pszenicy i grochu. Kama jest bogata w b\u0142onnik...\" \/>\n<meta name=\"robots\" content=\"index, follow, max-snippet:-1, max-image-preview:large, max-video-preview:-1\" \/>\n<link rel=\"canonical\" href=\"https:\/\/toidupakk.ee\/pl\/toode\/liofilizowane-batony-kama\/\" \/>\n<meta property=\"og:locale\" content=\"pl_PL\" \/>\n<meta property=\"og:type\" content=\"article\" \/>\n<meta property=\"og:title\" content=\"Liofilizowane batony kama - Toidupakk.ee - Tactical Foodpack toidupakid\" \/>\n<meta property=\"og:description\" content=\"Kama to tradycyjny esto\u0144ski przysmak \u2013 mieszanka m\u0105ki z pra\u017conych ziaren j\u0119czmienia, \u017cyta, pszenicy i grochu. Kama jest bogata w b\u0142onnik...\" \/>\n<meta property=\"og:url\" content=\"https:\/\/toidupakk.ee\/pl\/toode\/liofilizowane-batony-kama\/\" \/>\n<meta property=\"og:site_name\" content=\"Toidupakk.ee - Tactical Foodpack toidupakid\" \/>\n<meta property=\"article:publisher\" content=\"https:\/\/www.facebook.com\/Toidupakk\" \/>\n<meta property=\"article:modified_time\" content=\"2026-04-21T09:01:51+00:00\" \/>\n<meta property=\"og:image\" content=\"https:\/\/toidupakk.ee\/wp-content\/uploads\/2022\/04\/Kulmkuivatatud-kamabatoonid-3.png\" \/>\n\t<meta property=\"og:image:width\" content=\"1080\" \/>\n\t<meta property=\"og:image:height\" content=\"1080\" \/>\n\t<meta property=\"og:image:type\" content=\"image\/png\" \/>\n<meta name=\"twitter:card\" content=\"summary_large_image\" \/>\n<script type=\"application\/ld+json\" class=\"yoast-schema-graph\">{\"@context\":\"https:\\\/\\\/schema.org\",\"@graph\":[{\"@type\":\"WebPage\",\"@id\":\"https:\\\/\\\/toidupakk.ee\\\/pl\\\/toode\\\/liofilizowane-batony-kama\\\/\",\"url\":\"https:\\\/\\\/toidupakk.ee\\\/pl\\\/toode\\\/liofilizowane-batony-kama\\\/\",\"name\":\"Liofilizowane batony kama - Toidupakk.ee - Tactical Foodpack toidupakid\",\"isPartOf\":{\"@id\":\"https:\\\/\\\/toidupakk.ee\\\/pl\\\/#website\"},\"primaryImageOfPage\":{\"@id\":\"https:\\\/\\\/toidupakk.ee\\\/pl\\\/toode\\\/liofilizowane-batony-kama\\\/#primaryimage\"},\"image\":{\"@id\":\"https:\\\/\\\/toidupakk.ee\\\/pl\\\/toode\\\/liofilizowane-batony-kama\\\/#primaryimage\"},\"thumbnailUrl\":\"https:\\\/\\\/toidupakk.ee\\\/wp-content\\\/uploads\\\/2022\\\/04\\\/Kulmkuivatatud-kamabatoonid-3.png\",\"datePublished\":\"2022-04-18T11:39:15+00:00\",\"dateModified\":\"2026-04-21T09:01:51+00:00\",\"description\":\"Kama to tradycyjny esto\u0144ski przysmak \u2013 mieszanka m\u0105ki z pra\u017conych ziaren j\u0119czmienia, \u017cyta, pszenicy i grochu. Kama jest bogata w b\u0142onnik...\",\"breadcrumb\":{\"@id\":\"https:\\\/\\\/toidupakk.ee\\\/pl\\\/toode\\\/liofilizowane-batony-kama\\\/#breadcrumb\"},\"inLanguage\":\"pl-PL\",\"potentialAction\":[{\"@type\":\"ReadAction\",\"target\":[\"https:\\\/\\\/toidupakk.ee\\\/pl\\\/toode\\\/liofilizowane-batony-kama\\\/\"]}]},{\"@type\":\"ImageObject\",\"inLanguage\":\"pl-PL\",\"@id\":\"https:\\\/\\\/toidupakk.ee\\\/pl\\\/toode\\\/liofilizowane-batony-kama\\\/#primaryimage\",\"url\":\"https:\\\/\\\/toidupakk.ee\\\/wp-content\\\/uploads\\\/2022\\\/04\\\/Kulmkuivatatud-kamabatoonid-3.png\",\"contentUrl\":\"https:\\\/\\\/toidupakk.ee\\\/wp-content\\\/uploads\\\/2022\\\/04\\\/Kulmkuivatatud-kamabatoonid-3.png\",\"width\":1080,\"height\":1080,\"caption\":\"Kamabatoonid k\u00fclmkuivatatud\"},{\"@type\":\"BreadcrumbList\",\"@id\":\"https:\\\/\\\/toidupakk.ee\\\/pl\\\/toode\\\/liofilizowane-batony-kama\\\/#breadcrumb\",\"itemListElement\":[{\"@type\":\"ListItem\",\"position\":1,\"name\":\"Avaleht\",\"item\":\"https:\\\/\\\/toidupakk.ee\\\/pl\\\/\"},{\"@type\":\"ListItem\",\"position\":2,\"name\":\"Sklep internetowy\",\"item\":\"https:\\\/\\\/toidupakk.ee\\\/pl\\\/sklep-internetowy\\\/\"},{\"@type\":\"ListItem\",\"position\":3,\"name\":\"Liofilizowane batony kama\"}]},{\"@type\":\"WebSite\",\"@id\":\"https:\\\/\\\/toidupakk.ee\\\/pl\\\/#website\",\"url\":\"https:\\\/\\\/toidupakk.ee\\\/pl\\\/\",\"name\":\"Toidupakk.ee - Tactical Foodpack toidupakid\",\"description\":\"Tactical Foodpack k\u00fclmkuivatatud toidupakid ja matkaeined\",\"publisher\":{\"@id\":\"https:\\\/\\\/toidupakk.ee\\\/pl\\\/#organization\"},\"potentialAction\":[{\"@type\":\"SearchAction\",\"target\":{\"@type\":\"EntryPoint\",\"urlTemplate\":\"https:\\\/\\\/toidupakk.ee\\\/pl\\\/?s={search_term_string}\"},\"query-input\":{\"@type\":\"PropertyValueSpecification\",\"valueRequired\":true,\"valueName\":\"search_term_string\"}}],\"inLanguage\":\"pl-PL\"},{\"@type\":\"Organization\",\"@id\":\"https:\\\/\\\/toidupakk.ee\\\/pl\\\/#organization\",\"name\":\"Tactical Foodpack matkaeined\",\"url\":\"https:\\\/\\\/toidupakk.ee\\\/pl\\\/\",\"logo\":{\"@type\":\"ImageObject\",\"inLanguage\":\"pl-PL\",\"@id\":\"https:\\\/\\\/toidupakk.ee\\\/pl\\\/#\\\/schema\\\/logo\\\/image\\\/\",\"url\":\"https:\\\/\\\/toidupakk.ee\\\/wp-content\\\/uploads\\\/2022\\\/01\\\/Toidupakk-matkapood-logo-transparent.png\",\"contentUrl\":\"https:\\\/\\\/toidupakk.ee\\\/wp-content\\\/uploads\\\/2022\\\/01\\\/Toidupakk-matkapood-logo-transparent.png\",\"width\":500,\"height\":500,\"caption\":\"Tactical Foodpack matkaeined\"},\"image\":{\"@id\":\"https:\\\/\\\/toidupakk.ee\\\/pl\\\/#\\\/schema\\\/logo\\\/image\\\/\"},\"sameAs\":[\"https:\\\/\\\/www.facebook.com\\\/Toidupakk\",\"https:\\\/\\\/www.instagram.com\\\/toidupakk\\\/\"]}]}<\/script>\n<!-- \/ Yoast SEO plugin. -->","yoast_head_json":{"title":"Liofilizowane batony kama - Toidupakk.ee - Tactical Foodpack toidupakid","description":"Kama to tradycyjny esto\u0144ski przysmak \u2013 mieszanka m\u0105ki z pra\u017conych ziaren j\u0119czmienia, \u017cyta, pszenicy i grochu. Kama jest bogata w b\u0142onnik...","robots":{"index":"index","follow":"follow","max-snippet":"max-snippet:-1","max-image-preview":"max-image-preview:large","max-video-preview":"max-video-preview:-1"},"canonical":"https:\/\/toidupakk.ee\/pl\/toode\/liofilizowane-batony-kama\/","og_locale":"pl_PL","og_type":"article","og_title":"Liofilizowane batony kama - Toidupakk.ee - Tactical Foodpack toidupakid","og_description":"Kama to tradycyjny esto\u0144ski przysmak \u2013 mieszanka m\u0105ki z pra\u017conych ziaren j\u0119czmienia, \u017cyta, pszenicy i grochu. Kama jest bogata w b\u0142onnik...","og_url":"https:\/\/toidupakk.ee\/pl\/toode\/liofilizowane-batony-kama\/","og_site_name":"Toidupakk.ee - Tactical Foodpack toidupakid","article_publisher":"https:\/\/www.facebook.com\/Toidupakk","article_modified_time":"2026-04-21T09:01:51+00:00","og_image":[{"width":1080,"height":1080,"url":"https:\/\/toidupakk.ee\/wp-content\/uploads\/2022\/04\/Kulmkuivatatud-kamabatoonid-3.png","type":"image\/png"}],"twitter_card":"summary_large_image","schema":{"@context":"https:\/\/schema.org","@graph":[{"@type":"WebPage","@id":"https:\/\/toidupakk.ee\/pl\/toode\/liofilizowane-batony-kama\/","url":"https:\/\/toidupakk.ee\/pl\/toode\/liofilizowane-batony-kama\/","name":"Liofilizowane batony kama - Toidupakk.ee - Tactical Foodpack toidupakid","isPartOf":{"@id":"https:\/\/toidupakk.ee\/pl\/#website"},"primaryImageOfPage":{"@id":"https:\/\/toidupakk.ee\/pl\/toode\/liofilizowane-batony-kama\/#primaryimage"},"image":{"@id":"https:\/\/toidupakk.ee\/pl\/toode\/liofilizowane-batony-kama\/#primaryimage"},"thumbnailUrl":"https:\/\/toidupakk.ee\/wp-content\/uploads\/2022\/04\/Kulmkuivatatud-kamabatoonid-3.png","datePublished":"2022-04-18T11:39:15+00:00","dateModified":"2026-04-21T09:01:51+00:00","description":"Kama to tradycyjny esto\u0144ski przysmak \u2013 mieszanka m\u0105ki z pra\u017conych ziaren j\u0119czmienia, \u017cyta, pszenicy i grochu. Kama jest bogata w b\u0142onnik...","breadcrumb":{"@id":"https:\/\/toidupakk.ee\/pl\/toode\/liofilizowane-batony-kama\/#breadcrumb"},"inLanguage":"pl-PL","potentialAction":[{"@type":"ReadAction","target":["https:\/\/toidupakk.ee\/pl\/toode\/liofilizowane-batony-kama\/"]}]},{"@type":"ImageObject","inLanguage":"pl-PL","@id":"https:\/\/toidupakk.ee\/pl\/toode\/liofilizowane-batony-kama\/#primaryimage","url":"https:\/\/toidupakk.ee\/wp-content\/uploads\/2022\/04\/Kulmkuivatatud-kamabatoonid-3.png","contentUrl":"https:\/\/toidupakk.ee\/wp-content\/uploads\/2022\/04\/Kulmkuivatatud-kamabatoonid-3.png","width":1080,"height":1080,"caption":"Kamabatoonid k\u00fclmkuivatatud"},{"@type":"BreadcrumbList","@id":"https:\/\/toidupakk.ee\/pl\/toode\/liofilizowane-batony-kama\/#breadcrumb","itemListElement":[{"@type":"ListItem","position":1,"name":"Avaleht","item":"https:\/\/toidupakk.ee\/pl\/"},{"@type":"ListItem","position":2,"name":"Sklep internetowy","item":"https:\/\/toidupakk.ee\/pl\/sklep-internetowy\/"},{"@type":"ListItem","position":3,"name":"Liofilizowane batony kama"}]},{"@type":"WebSite","@id":"https:\/\/toidupakk.ee\/pl\/#website","url":"https:\/\/toidupakk.ee\/pl\/","name":"Toidupakk.ee - Tactical Foodpack toidupakid","description":"Tactical Foodpack k\u00fclmkuivatatud toidupakid ja matkaeined","publisher":{"@id":"https:\/\/toidupakk.ee\/pl\/#organization"},"potentialAction":[{"@type":"SearchAction","target":{"@type":"EntryPoint","urlTemplate":"https:\/\/toidupakk.ee\/pl\/?s={search_term_string}"},"query-input":{"@type":"PropertyValueSpecification","valueRequired":true,"valueName":"search_term_string"}}],"inLanguage":"pl-PL"},{"@type":"Organization","@id":"https:\/\/toidupakk.ee\/pl\/#organization","name":"Tactical Foodpack matkaeined","url":"https:\/\/toidupakk.ee\/pl\/","logo":{"@type":"ImageObject","inLanguage":"pl-PL","@id":"https:\/\/toidupakk.ee\/pl\/#\/schema\/logo\/image\/","url":"https:\/\/toidupakk.ee\/wp-content\/uploads\/2022\/01\/Toidupakk-matkapood-logo-transparent.png","contentUrl":"https:\/\/toidupakk.ee\/wp-content\/uploads\/2022\/01\/Toidupakk-matkapood-logo-transparent.png","width":500,"height":500,"caption":"Tactical Foodpack matkaeined"},"image":{"@id":"https:\/\/toidupakk.ee\/pl\/#\/schema\/logo\/image\/"},"sameAs":["https:\/\/www.facebook.com\/Toidupakk","https:\/\/www.instagram.com\/toidupakk\/"]}]}},"jetpack_sharing_enabled":true,"_links":{"self":[{"href":"https:\/\/toidupakk.ee\/pl\/wp-json\/wp\/v2\/product\/52732","targetHints":{"allow":["GET"]}}],"collection":[{"href":"https:\/\/toidupakk.ee\/pl\/wp-json\/wp\/v2\/product"}],"about":[{"href":"https:\/\/toidupakk.ee\/pl\/wp-json\/wp\/v2\/types\/product"}],"replies":[{"embeddable":true,"href":"https:\/\/toidupakk.ee\/pl\/wp-json\/wp\/v2\/comments?post=52732"}],"wp:featuredmedia":[{"embeddable":true,"href":"https:\/\/toidupakk.ee\/pl\/wp-json\/wp\/v2\/media\/1855"}],"wp:attachment":[{"href":"https:\/\/toidupakk.ee\/pl\/wp-json\/wp\/v2\/media?parent=52732"}],"wp:term":[{"taxonomy":"product_brand","embeddable":true,"href":"https:\/\/toidupakk.ee\/pl\/wp-json\/wp\/v2\/product_brand?post=52732"},{"taxonomy":"product_cat","embeddable":true,"href":"https:\/\/toidupakk.ee\/pl\/wp-json\/wp\/v2\/product_cat?post=52732"},{"taxonomy":"product_tag","embeddable":true,"href":"https:\/\/toidupakk.ee\/pl\/wp-json\/wp\/v2\/product_tag?post=52732"}],"curies":[{"name":"wp","href":"https:\/\/api.w.org\/{rel}","templated":true}]}}