{"id":52719,"date":"2022-04-11T13:15:14","date_gmt":"2022-04-11T10:15:14","guid":{"rendered":"https:\/\/toidupakk.ee\/toode\/skladany-stol-kempingowy-camp-active\/"},"modified":"2026-04-15T07:30:53","modified_gmt":"2026-04-15T04:30:53","slug":"skladany-stol-kempingowy-camp-active","status":"publish","type":"product","link":"https:\/\/toidupakk.ee\/pl\/toode\/skladany-stol-kempingowy-camp-active\/","title":{"rendered":"Sk\u0142adany st\u00f3\u0142 kempingowy Camp Active"},"content":{"rendered":"<h1>Sk\u0142adany st\u00f3\u0142 kempingowy wzniesie Twoje wyprawy na nowy poziom<\/h1>\n<p>Ultralekki aluminiowy sk\u0142adany st\u00f3\u0142 kempingowy Camp Active to niezwykle wygodny pomocnik na ka\u017cdym biwaku i pikniku. Sk\u0142ada si\u0119 do ma\u0142ych rozmiar\u00f3w i jest bardzo lekki. Dodatkowo wyposa\u017cono go w uchwyt, kt\u00f3ry jeszcze bardziej u\u0142atwia przenoszenie. Po z\u0142o\u017ceniu st\u00f3\u0142 jest p\u0142aski i zmie\u015bci si\u0119 na dnie baga\u017cnika ka\u017cdego samochodu osobowego.   <\/p>\n<p>Ten ma\u0142y stolik mo\u017ce s\u0142u\u017cy\u0107 r\u00f3wnie\u017c jako stolik pomocniczy w r\u00f3\u017cnych pomieszczeniach i sytuacjach. Czy to w pokoju dzieci\u0119cym, biurze, gara\u017cu jako dodatkowy blat, czy jako stolik dla dzieci podczas spotka\u0144. <\/p>\n<p>St\u00f3\u0142 kempingowy Camp Active ma 2 regulowane wysoko\u015bci. Wy\u017cszy wariant pozwala na wygodne spo\u017cywanie posi\u0142k\u00f3w przy krzes\u0142ach. Ni\u017cszy wariant jest przeznaczony do u\u017cytku np. na kocu piknikowym.  <\/p>\n<p>&nbsp;<\/p>\n<h2>Zastaw sk\u0142adany st\u00f3\u0142 kempingowy turystycznym jedzeniem<\/h2>\n<p>W ofercie e-sklepu Toidupakk znajdziesz <a href=\"\/?product_cat=weekpack#section-3-79\">tygodniowe zestawy zapas\u00f3w \u017cywno\u015bci<\/a> Tactical Foodpack, <a href=\"\/?product_cat=combo#section-3-79\">pakiety combo z sze\u015bcioma posi\u0142kami<\/a>, <a href=\"\/?product_cat=hommikusook#section-3-79\">pyszne \u015bniadania<\/a>, <a href=\"\/?product_cat=snakk#section-3-79\">przek\u0105ski<\/a>, a tak\u017ce pojedyncze opakowania \u017cywno\u015bci marek <a href=\"\/?product_cat=pearoog#section-3-79\">Tactical Foodpack<\/a> oraz <a href=\"https:\/\/toidupakk.ee\/pl\/tootekategooria\/zywnosc-turystyczna-meki\/\">Meki<\/a>.<br \/>\nDodatkowo zabierz ze sob\u0105 niezb\u0119dne akcesoria do jedzenia, czyli <a href=\"https:\/\/toidupakk.ee\/tactical-foodpack\/matkalusikas-wildo-spork-3in1\/\">niezb\u0119dniki<\/a>, <a href=\"https:\/\/toidupakk.ee\/tactical-foodpack\/gaasiballoon-matkale-300g-keermega\/\">kartusz gazowy<\/a> do kuchenki, odpowiedni\u0105 ilo\u015b\u0107 wody pitnej w <a href=\"https:\/\/toidupakk.ee\/tactical-foodpack\/joogipudel-mil-tec-06l\/\">butelce<\/a>, na wszelki wypadek <a href=\"https:\/\/toidupakk.ee\/tactical-foodpack\/multitooriist-mil-tec-black-cobra\/\">multitool<\/a> i zapakuj wszystkie potrzebne rzeczy do du\u017cego <a href=\"https:\/\/toidupakk.ee\/tactical-foodpack\/matka-seljakott-75l-mil-tec\/\">plecaka turystycznego<\/a>. <\/p>\n<p>Zobacz, jak przygotowa\u0107 posi\u0142ki turystyczne <a href=\"https:\/\/toidupakk.ee\/pl\/jak-uzywac\/\">TUTAJ<\/a><\/p>\n<p>Smacznej przygody!<\/p>\n<p>&nbsp;<\/p>\n<p>Zobacz wszystkie akcesoria kempingowe <a href=\"https:\/\/toidupakk.ee\/pl\/tootekategooria\/sprzet-turystyczny\/#section-3-79\">TUTAJ<\/a><\/p>\n<p>Znajd\u017a inspiracj\u0119 na kolejne przygody na <a href=\"https:\/\/www.instagram.com\/toidupakk\/\">Instagramie<\/a> i <a href=\"https:\/\/www.facebook.com\/Toidupakk\/\">Facebooku<\/a> Toidupakk.<\/p>\n","protected":false},"excerpt":{"rendered":"<p>Wznie\u015b swoje wra\u017cenia z biwakowania na nowy poziom dzi\u0119ki sk\u0142adanemu sto\u0142owi. Kolacja o zachodzie s\u0142o\u0144ca lub szybki lunch przy wygodnym stole sprawi\u0105, \u017ce wyprawa stanie si\u0119 naprawd\u0119 luksusowa! <\/p>\n<p>Ultralekki aluminiowy sk\u0142adany st\u00f3\u0142 z 2 wysoko\u015bciami.<\/p>\n<ul>\n<li>Materia\u0142: Aluminium \/ Plastik<\/li>\n<li>Nogi z regulacj\u0105 wysoko\u015bci<\/li>\n<li>Rozmiar: 75x55x60 cm po roz\u0142o\u017ceniu. Wymiary po z\u0142o\u017ceniu: 3x55x75 cm. W pozycji transportowej grubo\u015b\u0107 sto\u0142u wynosi ok. 3 cm.  <\/li>\n<li>Waga: niezwykle lekki, 2,75 kg.<\/li>\n<li>Dzi\u0119ki solidnej konstrukcji st\u00f3\u0142 jest stabilny i dobrze trzyma si\u0119 pod\u0142o\u017ca<\/li>\n<\/ul>\n<p>\u2705 Dost\u0119pne w magazynie, szybka dostawa w 1-3 dni robocze<br \/>\n\u2705 Kup teraz, zap\u0142a\u0107 p\u00f3\u017aniej (RRSO 0%)<\/p>\n","protected":false},"featured_media":1813,"comment_status":"open","ping_status":"closed","template":"","meta":{"_acf_changed":false},"product_brand":[],"product_cat":[303,314,301,375],"product_tag":[],"class_list":{"0":"post-52719","1":"product","2":"type-product","3":"status-publish","4":"has-post-thumbnail","6":"product_cat-akcesoria-turystyczne","7":"product_cat-nocowanie-w-naturze","8":"product_cat-sprzet-turystyczny","9":"product_cat-stoly-turystyczne","11":"first","12":"instock","13":"sale","14":"taxable","15":"shipping-taxable","16":"purchasable","17":"product-type-simple"},"bundled_by":[],"bundle_stock_status":"instock","bundle_stock_quantity":2,"bundle_virtual":false,"bundle_layout":"","bundle_add_to_cart_form_location":"","bundle_editable_in_cart":false,"bundle_sold_individually_context":"","bundle_item_grouping":"","bundle_min_size":"","bundle_max_size":"","bundle_price":[],"bundled_items":[],"bundle_sell_ids":[],"acf":[],"yoast_head":"<!-- This site is optimized with the Yoast SEO plugin v27.3 - https:\/\/yoast.com\/product\/yoast-seo-wordpress\/ -->\n<title>Sk\u0142adany st\u00f3\u0142 kempingowy Camp Active<\/title>\n<meta name=\"description\" content=\"Sk\u0142adany st\u00f3\u0142 kempingowy jest aluminiowy i ultralekki, sk\u0142ada si\u0119 do kompaktowych rozmiar\u00f3w, posiada regulowane nogi i wygodnie mie\u015bci si\u0119 w ka\u017cdym aucie.\" \/>\n<meta name=\"robots\" content=\"index, follow, max-snippet:-1, max-image-preview:large, max-video-preview:-1\" \/>\n<link rel=\"canonical\" href=\"https:\/\/toidupakk.ee\/pl\/toode\/skladany-stol-kempingowy-camp-active\/\" \/>\n<meta property=\"og:locale\" content=\"pl_PL\" \/>\n<meta property=\"og:type\" content=\"article\" \/>\n<meta property=\"og:title\" content=\"Sk\u0142adany st\u00f3\u0142 kempingowy Camp Active\" \/>\n<meta property=\"og:description\" content=\"Sk\u0142adany st\u00f3\u0142 kempingowy jest aluminiowy i ultralekki, sk\u0142ada si\u0119 do kompaktowych rozmiar\u00f3w, posiada regulowane nogi i wygodnie mie\u015bci si\u0119 w ka\u017cdym aucie.\" \/>\n<meta property=\"og:url\" content=\"https:\/\/toidupakk.ee\/pl\/toode\/skladany-stol-kempingowy-camp-active\/\" \/>\n<meta property=\"og:site_name\" content=\"Toidupakk.ee - Tactical Foodpack toidupakid\" \/>\n<meta property=\"article:publisher\" content=\"https:\/\/www.facebook.com\/Toidupakk\" \/>\n<meta property=\"article:modified_time\" content=\"2026-04-15T04:30:53+00:00\" \/>\n<meta property=\"og:image\" content=\"https:\/\/toidupakk.ee\/wp-content\/uploads\/2022\/04\/Kokkupandav-matkalaud-3.png\" \/>\n\t<meta property=\"og:image:width\" content=\"1080\" \/>\n\t<meta property=\"og:image:height\" content=\"1080\" \/>\n\t<meta property=\"og:image:type\" content=\"image\/png\" \/>\n<meta name=\"twitter:card\" content=\"summary_large_image\" \/>\n<meta name=\"twitter:label1\" content=\"Szacowany czas czytania\" \/>\n\t<meta name=\"twitter:data1\" content=\"1 minuta\" \/>\n<script type=\"application\/ld+json\" class=\"yoast-schema-graph\">{\"@context\":\"https:\\\/\\\/schema.org\",\"@graph\":[{\"@type\":\"WebPage\",\"@id\":\"https:\\\/\\\/toidupakk.ee\\\/pl\\\/toode\\\/skladany-stol-kempingowy-camp-active\\\/\",\"url\":\"https:\\\/\\\/toidupakk.ee\\\/pl\\\/toode\\\/skladany-stol-kempingowy-camp-active\\\/\",\"name\":\"Sk\u0142adany st\u00f3\u0142 kempingowy Camp Active\",\"isPartOf\":{\"@id\":\"https:\\\/\\\/toidupakk.ee\\\/pl\\\/#website\"},\"primaryImageOfPage\":{\"@id\":\"https:\\\/\\\/toidupakk.ee\\\/pl\\\/toode\\\/skladany-stol-kempingowy-camp-active\\\/#primaryimage\"},\"image\":{\"@id\":\"https:\\\/\\\/toidupakk.ee\\\/pl\\\/toode\\\/skladany-stol-kempingowy-camp-active\\\/#primaryimage\"},\"thumbnailUrl\":\"https:\\\/\\\/toidupakk.ee\\\/wp-content\\\/uploads\\\/2022\\\/04\\\/Kokkupandav-matkalaud-3.png\",\"datePublished\":\"2022-04-11T10:15:14+00:00\",\"dateModified\":\"2026-04-15T04:30:53+00:00\",\"description\":\"Sk\u0142adany st\u00f3\u0142 kempingowy jest aluminiowy i ultralekki, sk\u0142ada si\u0119 do kompaktowych rozmiar\u00f3w, posiada regulowane nogi i wygodnie mie\u015bci si\u0119 w ka\u017cdym aucie.\",\"breadcrumb\":{\"@id\":\"https:\\\/\\\/toidupakk.ee\\\/pl\\\/toode\\\/skladany-stol-kempingowy-camp-active\\\/#breadcrumb\"},\"inLanguage\":\"pl-PL\",\"potentialAction\":[{\"@type\":\"ReadAction\",\"target\":[\"https:\\\/\\\/toidupakk.ee\\\/pl\\\/toode\\\/skladany-stol-kempingowy-camp-active\\\/\"]}]},{\"@type\":\"ImageObject\",\"inLanguage\":\"pl-PL\",\"@id\":\"https:\\\/\\\/toidupakk.ee\\\/pl\\\/toode\\\/skladany-stol-kempingowy-camp-active\\\/#primaryimage\",\"url\":\"https:\\\/\\\/toidupakk.ee\\\/wp-content\\\/uploads\\\/2022\\\/04\\\/Kokkupandav-matkalaud-3.png\",\"contentUrl\":\"https:\\\/\\\/toidupakk.ee\\\/wp-content\\\/uploads\\\/2022\\\/04\\\/Kokkupandav-matkalaud-3.png\",\"width\":1080,\"height\":1080,\"caption\":\"matkalaud tootepilt\"},{\"@type\":\"BreadcrumbList\",\"@id\":\"https:\\\/\\\/toidupakk.ee\\\/pl\\\/toode\\\/skladany-stol-kempingowy-camp-active\\\/#breadcrumb\",\"itemListElement\":[{\"@type\":\"ListItem\",\"position\":1,\"name\":\"Avaleht\",\"item\":\"https:\\\/\\\/toidupakk.ee\\\/pl\\\/\"},{\"@type\":\"ListItem\",\"position\":2,\"name\":\"Sklep internetowy\",\"item\":\"https:\\\/\\\/toidupakk.ee\\\/pl\\\/sklep-internetowy\\\/\"},{\"@type\":\"ListItem\",\"position\":3,\"name\":\"Sk\u0142adany st\u00f3\u0142 kempingowy Camp Active\"}]},{\"@type\":\"WebSite\",\"@id\":\"https:\\\/\\\/toidupakk.ee\\\/pl\\\/#website\",\"url\":\"https:\\\/\\\/toidupakk.ee\\\/pl\\\/\",\"name\":\"Toidupakk.ee - Tactical Foodpack toidupakid\",\"description\":\"Tactical Foodpack k\u00fclmkuivatatud toidupakid ja matkaeined\",\"publisher\":{\"@id\":\"https:\\\/\\\/toidupakk.ee\\\/pl\\\/#organization\"},\"potentialAction\":[{\"@type\":\"SearchAction\",\"target\":{\"@type\":\"EntryPoint\",\"urlTemplate\":\"https:\\\/\\\/toidupakk.ee\\\/pl\\\/?s={search_term_string}\"},\"query-input\":{\"@type\":\"PropertyValueSpecification\",\"valueRequired\":true,\"valueName\":\"search_term_string\"}}],\"inLanguage\":\"pl-PL\"},{\"@type\":\"Organization\",\"@id\":\"https:\\\/\\\/toidupakk.ee\\\/pl\\\/#organization\",\"name\":\"Tactical Foodpack matkaeined\",\"url\":\"https:\\\/\\\/toidupakk.ee\\\/pl\\\/\",\"logo\":{\"@type\":\"ImageObject\",\"inLanguage\":\"pl-PL\",\"@id\":\"https:\\\/\\\/toidupakk.ee\\\/pl\\\/#\\\/schema\\\/logo\\\/image\\\/\",\"url\":\"https:\\\/\\\/toidupakk.ee\\\/wp-content\\\/uploads\\\/2022\\\/01\\\/Toidupakk-matkapood-logo-transparent.png\",\"contentUrl\":\"https:\\\/\\\/toidupakk.ee\\\/wp-content\\\/uploads\\\/2022\\\/01\\\/Toidupakk-matkapood-logo-transparent.png\",\"width\":500,\"height\":500,\"caption\":\"Tactical Foodpack matkaeined\"},\"image\":{\"@id\":\"https:\\\/\\\/toidupakk.ee\\\/pl\\\/#\\\/schema\\\/logo\\\/image\\\/\"},\"sameAs\":[\"https:\\\/\\\/www.facebook.com\\\/Toidupakk\",\"https:\\\/\\\/www.instagram.com\\\/toidupakk\\\/\"]}]}<\/script>\n<!-- \/ Yoast SEO plugin. -->","yoast_head_json":{"title":"Sk\u0142adany st\u00f3\u0142 kempingowy Camp Active","description":"Sk\u0142adany st\u00f3\u0142 kempingowy jest aluminiowy i ultralekki, sk\u0142ada si\u0119 do kompaktowych rozmiar\u00f3w, posiada regulowane nogi i wygodnie mie\u015bci si\u0119 w ka\u017cdym aucie.","robots":{"index":"index","follow":"follow","max-snippet":"max-snippet:-1","max-image-preview":"max-image-preview:large","max-video-preview":"max-video-preview:-1"},"canonical":"https:\/\/toidupakk.ee\/pl\/toode\/skladany-stol-kempingowy-camp-active\/","og_locale":"pl_PL","og_type":"article","og_title":"Sk\u0142adany st\u00f3\u0142 kempingowy Camp Active","og_description":"Sk\u0142adany st\u00f3\u0142 kempingowy jest aluminiowy i ultralekki, sk\u0142ada si\u0119 do kompaktowych rozmiar\u00f3w, posiada regulowane nogi i wygodnie mie\u015bci si\u0119 w ka\u017cdym aucie.","og_url":"https:\/\/toidupakk.ee\/pl\/toode\/skladany-stol-kempingowy-camp-active\/","og_site_name":"Toidupakk.ee - Tactical Foodpack toidupakid","article_publisher":"https:\/\/www.facebook.com\/Toidupakk","article_modified_time":"2026-04-15T04:30:53+00:00","og_image":[{"width":1080,"height":1080,"url":"https:\/\/toidupakk.ee\/wp-content\/uploads\/2022\/04\/Kokkupandav-matkalaud-3.png","type":"image\/png"}],"twitter_card":"summary_large_image","twitter_misc":{"Szacowany czas czytania":"1 minuta"},"schema":{"@context":"https:\/\/schema.org","@graph":[{"@type":"WebPage","@id":"https:\/\/toidupakk.ee\/pl\/toode\/skladany-stol-kempingowy-camp-active\/","url":"https:\/\/toidupakk.ee\/pl\/toode\/skladany-stol-kempingowy-camp-active\/","name":"Sk\u0142adany st\u00f3\u0142 kempingowy Camp Active","isPartOf":{"@id":"https:\/\/toidupakk.ee\/pl\/#website"},"primaryImageOfPage":{"@id":"https:\/\/toidupakk.ee\/pl\/toode\/skladany-stol-kempingowy-camp-active\/#primaryimage"},"image":{"@id":"https:\/\/toidupakk.ee\/pl\/toode\/skladany-stol-kempingowy-camp-active\/#primaryimage"},"thumbnailUrl":"https:\/\/toidupakk.ee\/wp-content\/uploads\/2022\/04\/Kokkupandav-matkalaud-3.png","datePublished":"2022-04-11T10:15:14+00:00","dateModified":"2026-04-15T04:30:53+00:00","description":"Sk\u0142adany st\u00f3\u0142 kempingowy jest aluminiowy i ultralekki, sk\u0142ada si\u0119 do kompaktowych rozmiar\u00f3w, posiada regulowane nogi i wygodnie mie\u015bci si\u0119 w ka\u017cdym aucie.","breadcrumb":{"@id":"https:\/\/toidupakk.ee\/pl\/toode\/skladany-stol-kempingowy-camp-active\/#breadcrumb"},"inLanguage":"pl-PL","potentialAction":[{"@type":"ReadAction","target":["https:\/\/toidupakk.ee\/pl\/toode\/skladany-stol-kempingowy-camp-active\/"]}]},{"@type":"ImageObject","inLanguage":"pl-PL","@id":"https:\/\/toidupakk.ee\/pl\/toode\/skladany-stol-kempingowy-camp-active\/#primaryimage","url":"https:\/\/toidupakk.ee\/wp-content\/uploads\/2022\/04\/Kokkupandav-matkalaud-3.png","contentUrl":"https:\/\/toidupakk.ee\/wp-content\/uploads\/2022\/04\/Kokkupandav-matkalaud-3.png","width":1080,"height":1080,"caption":"matkalaud tootepilt"},{"@type":"BreadcrumbList","@id":"https:\/\/toidupakk.ee\/pl\/toode\/skladany-stol-kempingowy-camp-active\/#breadcrumb","itemListElement":[{"@type":"ListItem","position":1,"name":"Avaleht","item":"https:\/\/toidupakk.ee\/pl\/"},{"@type":"ListItem","position":2,"name":"Sklep internetowy","item":"https:\/\/toidupakk.ee\/pl\/sklep-internetowy\/"},{"@type":"ListItem","position":3,"name":"Sk\u0142adany st\u00f3\u0142 kempingowy Camp Active"}]},{"@type":"WebSite","@id":"https:\/\/toidupakk.ee\/pl\/#website","url":"https:\/\/toidupakk.ee\/pl\/","name":"Toidupakk.ee - Tactical Foodpack toidupakid","description":"Tactical Foodpack k\u00fclmkuivatatud toidupakid ja matkaeined","publisher":{"@id":"https:\/\/toidupakk.ee\/pl\/#organization"},"potentialAction":[{"@type":"SearchAction","target":{"@type":"EntryPoint","urlTemplate":"https:\/\/toidupakk.ee\/pl\/?s={search_term_string}"},"query-input":{"@type":"PropertyValueSpecification","valueRequired":true,"valueName":"search_term_string"}}],"inLanguage":"pl-PL"},{"@type":"Organization","@id":"https:\/\/toidupakk.ee\/pl\/#organization","name":"Tactical Foodpack matkaeined","url":"https:\/\/toidupakk.ee\/pl\/","logo":{"@type":"ImageObject","inLanguage":"pl-PL","@id":"https:\/\/toidupakk.ee\/pl\/#\/schema\/logo\/image\/","url":"https:\/\/toidupakk.ee\/wp-content\/uploads\/2022\/01\/Toidupakk-matkapood-logo-transparent.png","contentUrl":"https:\/\/toidupakk.ee\/wp-content\/uploads\/2022\/01\/Toidupakk-matkapood-logo-transparent.png","width":500,"height":500,"caption":"Tactical Foodpack matkaeined"},"image":{"@id":"https:\/\/toidupakk.ee\/pl\/#\/schema\/logo\/image\/"},"sameAs":["https:\/\/www.facebook.com\/Toidupakk","https:\/\/www.instagram.com\/toidupakk\/"]}]}},"jetpack_sharing_enabled":true,"_links":{"self":[{"href":"https:\/\/toidupakk.ee\/pl\/wp-json\/wp\/v2\/product\/52719","targetHints":{"allow":["GET"]}}],"collection":[{"href":"https:\/\/toidupakk.ee\/pl\/wp-json\/wp\/v2\/product"}],"about":[{"href":"https:\/\/toidupakk.ee\/pl\/wp-json\/wp\/v2\/types\/product"}],"replies":[{"embeddable":true,"href":"https:\/\/toidupakk.ee\/pl\/wp-json\/wp\/v2\/comments?post=52719"}],"wp:featuredmedia":[{"embeddable":true,"href":"https:\/\/toidupakk.ee\/pl\/wp-json\/wp\/v2\/media\/1813"}],"wp:attachment":[{"href":"https:\/\/toidupakk.ee\/pl\/wp-json\/wp\/v2\/media?parent=52719"}],"wp:term":[{"taxonomy":"product_brand","embeddable":true,"href":"https:\/\/toidupakk.ee\/pl\/wp-json\/wp\/v2\/product_brand?post=52719"},{"taxonomy":"product_cat","embeddable":true,"href":"https:\/\/toidupakk.ee\/pl\/wp-json\/wp\/v2\/product_cat?post=52719"},{"taxonomy":"product_tag","embeddable":true,"href":"https:\/\/toidupakk.ee\/pl\/wp-json\/wp\/v2\/product_tag?post=52719"}],"curies":[{"name":"wp","href":"https:\/\/api.w.org\/{rel}","templated":true}]}}