{"id":52718,"date":"2022-05-20T15:45:28","date_gmt":"2022-05-20T12:45:28","guid":{"rendered":"https:\/\/toidupakk.ee\/toode\/swietlik-15-x-15-cm\/"},"modified":"2026-04-29T16:32:03","modified_gmt":"2026-04-29T13:32:03","slug":"swietlik-15-x-15-cm","status":"publish","type":"product","link":"https:\/\/toidupakk.ee\/pl\/toode\/swietlik-15-x-15-cm\/","title":{"rendered":"\u015awietlik 1,5 x 15 cm"},"content":{"rendered":"<h1>\u015awietlik dzia\u0142a bez pr\u0105du i baterii<\/h1>\n<p>\u015awietliki to \u017ar\u00f3d\u0142a \u015bwiat\u0142a dzia\u0142aj\u0105ce bez energii elektrycznej. Aktywuje si\u0119 je poprzez prze\u0142amanie pa\u0142eczki. Zastosowanie \u015bwietlika jest niemal nieograniczone \u2013 dzia\u0142a nawet pod wod\u0105. Jest bardzo ma\u0142y i lekki, wi\u0119c zmie\u015bci si\u0119 w ka\u017cdej torbie. Idealnie sprawdza si\u0119 w namiocie, jaskiniach czy w nag\u0142ych sytuacjach bez pr\u0105du, gdy nie masz pod r\u0119k\u0105 latarki. Warto mie\u0107 go w aucie, na \u0142odzi lub pod r\u0119k\u0105 na wszelki wypadek. Na przyk\u0142ad w razie wycieku gazu u\u017cywanie urz\u0105dze\u0144 elektrycznych jest niebezpieczne \u2013 \u015bwietlik nie wymaga nawet baterii, wi\u0119c jest wtedy najbezpieczniejsz\u0105 opcj\u0105. Jest te\u017c wodoodporny, co pozwala na badanie ciemnych miejsc pod wod\u0105 lub prac\u0119 w takich warunkach.        <\/p>\n<p><img fetchpriority=\"high\" decoding=\"async\" class=\"size-medium wp-image-2008 alignright\" src=\"https:\/\/toidupakk.ee\/wp-content\/uploads\/2022\/05\/valguspulk-1x150-1-300x300.png\" alt=\"\u015awietlik\" width=\"300\" height=\"300\" srcset=\"https:\/\/toidupakk.ee\/wp-content\/uploads\/2022\/05\/valguspulk-1x150-1-300x300.png 300w, https:\/\/toidupakk.ee\/wp-content\/uploads\/2022\/05\/valguspulk-1x150-1-400x400.png 400w, https:\/\/toidupakk.ee\/wp-content\/uploads\/2022\/05\/valguspulk-1x150-1-100x100.png 100w, https:\/\/toidupakk.ee\/wp-content\/uploads\/2022\/05\/valguspulk-1x150-1-800x800.png 800w, https:\/\/toidupakk.ee\/wp-content\/uploads\/2022\/05\/valguspulk-1x150-1-1024x1024.png 1024w, https:\/\/toidupakk.ee\/wp-content\/uploads\/2022\/05\/valguspulk-1x150-1-500x500.png 500w, https:\/\/toidupakk.ee\/wp-content\/uploads\/2022\/05\/valguspulk-1x150-1-768x768.png 768w, https:\/\/toidupakk.ee\/wp-content\/uploads\/2022\/05\/valguspulk-1x150-1.png 1080w\" sizes=\"(max-width: 300px) 100vw, 300px\" \/><\/p>\n<h2>\u015awietlik i jego zastosowanie<\/h2>\n<p>\u015awietliki s\u0142u\u017c\u0105 nawet do naprowadzania l\u0105duj\u0105cych helikopter\u00f3w. Sprawdz\u0105 si\u0119 te\u017c jako \u015bwiat\u0142a sygnalizacyjne, gdy zgubisz si\u0119 w lesie, utkniesz autem na poboczu lub znajdziesz si\u0119 w innej trudnej sytuacji po zmroku. <\/p>\n<p>Spos\u00f3b u\u017cycia:<\/p>\n<ul>\n<li>Wyjmij \u015bwietlik z opakowania<\/li>\n<li>Lekko wstrz\u0105\u015bnij<\/li>\n<li>Zegnij go delikatnie na \u015brodku, a\u017c p\u0119knie wewn\u0119trzna kapsu\u0142ka i pojawi si\u0119 \u015bwiat\u0142o<\/li>\n<\/ul>\n<p>Interesuj\u0105 Ci\u0119 posi\u0142ki turystyczne? Zobacz <a href=\"\/?product_cat=snakk#section-3-79\">TUTAJ<\/a><\/p>\n<p>Znajd\u017a inspiracj\u0119 na kolejne przygody na <a href=\"https:\/\/www.instagram.com\/toidupakk\/\">Instagramie<\/a> i <a href=\"https:\/\/www.facebook.com\/Toidupakk\/\">Facebooku<\/a> Toidupakk.<\/p>\n","protected":false},"excerpt":{"rendered":"<p><strong>\u015awietliki to \u017ar\u00f3d\u0142a \u015bwiat\u0142a dzia\u0142aj\u0105ce bez pr\u0105du. Aktywuje si\u0119 je poprzez prze\u0142amanie pa\u0142eczki. Mo\u017cesz ich wygodnie u\u017cywa\u0107 wsz\u0119dzie, nawet pod wod\u0105. Idealne na kemping, ryby, \u0142\u00f3d\u017a czy letnie festiwale.   <\/strong><\/p>\n<ul>\n<li>Wymiary: 15 x 150 mm<\/li>\n<li>Czas \u015bwiecenia: 8\u201312 h<\/li>\n<li>W opakowaniu: 1 \u015bwietlik<\/li>\n<li>Wodoodporny<\/li>\n<\/ul>\n<p>\u2705 Dost\u0119pne w magazynie, szybka dostawa w 1\u20133 dni robocze<\/p>\n","protected":false},"featured_media":53540,"comment_status":"open","ping_status":"closed","template":"","meta":{"_acf_changed":false},"product_brand":[],"product_cat":[303,317,301,397,342,304],"product_tag":[305],"class_list":{"0":"post-52718","1":"product","2":"type-product","3":"status-publish","4":"has-post-thumbnail","6":"product_cat-akcesoria-turystyczne","7":"product_cat-mil-tec","8":"product_cat-sprzet-turystyczny","9":"product_cat-swiatla-chemiczne","10":"product_cat-swiatlo","11":"product_cat-wyposazenie-militarne","12":"product_tag-no_ads","14":"first","15":"instock","16":"sale","17":"taxable","18":"shipping-taxable","19":"purchasable","20":"product-type-variable","21":"has-default-attributes"},"bundled_by":[],"bundle_stock_status":"instock","bundle_stock_quantity":null,"bundle_virtual":false,"bundle_layout":"","bundle_add_to_cart_form_location":"","bundle_editable_in_cart":false,"bundle_sold_individually_context":"","bundle_item_grouping":"","bundle_min_size":"","bundle_max_size":"","bundle_price":[],"bundled_items":[],"bundle_sell_ids":[],"acf":[],"yoast_head":"<!-- This site is optimized with the Yoast SEO plugin v27.3 - https:\/\/yoast.com\/product\/yoast-seo-wordpress\/ -->\n<title>\u015awietlik 1,5 x 15 cm<\/title>\n<meta name=\"description\" content=\"\u015awietlik to \u017ar\u00f3d\u0142o \u015bwiat\u0142a, kt\u00f3re dzia\u0142a bez energii elektrycznej. \u015awieci przez 10\u201312 h i nadaje si\u0119 do u\u017cytku nawet pod wod\u0105.\" \/>\n<meta name=\"robots\" content=\"index, follow, max-snippet:-1, max-image-preview:large, max-video-preview:-1\" \/>\n<link rel=\"canonical\" href=\"https:\/\/toidupakk.ee\/pl\/toode\/swietlik-15-x-15-cm\/\" \/>\n<meta property=\"og:locale\" content=\"pl_PL\" \/>\n<meta property=\"og:type\" content=\"article\" \/>\n<meta property=\"og:title\" content=\"\u015awietlik 1,5 x 15 cm\" \/>\n<meta property=\"og:description\" content=\"\u015awietlik to \u017ar\u00f3d\u0142o \u015bwiat\u0142a, kt\u00f3re dzia\u0142a bez energii elektrycznej. \u015awieci przez 10\u201312 h i nadaje si\u0119 do u\u017cytku nawet pod wod\u0105.\" \/>\n<meta property=\"og:url\" content=\"https:\/\/toidupakk.ee\/pl\/toode\/swietlik-15-x-15-cm\/\" \/>\n<meta property=\"og:site_name\" content=\"Toidupakk.ee - Tactical Foodpack toidupakid\" \/>\n<meta property=\"article:publisher\" content=\"https:\/\/www.facebook.com\/Toidupakk\" \/>\n<meta property=\"article:modified_time\" content=\"2026-04-29T13:32:03+00:00\" \/>\n<meta property=\"og:image\" content=\"https:\/\/toidupakk.ee\/wp-content\/uploads\/2022\/05\/Valguspulk-MIL-TEC\u00ae-3.jpg\" \/>\n\t<meta property=\"og:image:width\" content=\"1080\" \/>\n\t<meta property=\"og:image:height\" content=\"1080\" \/>\n\t<meta property=\"og:image:type\" content=\"image\/jpeg\" \/>\n<meta name=\"twitter:card\" content=\"summary_large_image\" \/>\n<meta name=\"twitter:label1\" content=\"Szacowany czas czytania\" \/>\n\t<meta name=\"twitter:data1\" content=\"1 minuta\" \/>\n<script type=\"application\/ld+json\" class=\"yoast-schema-graph\">{\"@context\":\"https:\\\/\\\/schema.org\",\"@graph\":[{\"@type\":\"WebPage\",\"@id\":\"https:\\\/\\\/toidupakk.ee\\\/pl\\\/toode\\\/swietlik-15-x-15-cm\\\/\",\"url\":\"https:\\\/\\\/toidupakk.ee\\\/pl\\\/toode\\\/swietlik-15-x-15-cm\\\/\",\"name\":\"\u015awietlik 1,5 x 15 cm\",\"isPartOf\":{\"@id\":\"https:\\\/\\\/toidupakk.ee\\\/pl\\\/#website\"},\"primaryImageOfPage\":{\"@id\":\"https:\\\/\\\/toidupakk.ee\\\/pl\\\/toode\\\/swietlik-15-x-15-cm\\\/#primaryimage\"},\"image\":{\"@id\":\"https:\\\/\\\/toidupakk.ee\\\/pl\\\/toode\\\/swietlik-15-x-15-cm\\\/#primaryimage\"},\"thumbnailUrl\":\"https:\\\/\\\/toidupakk.ee\\\/wp-content\\\/uploads\\\/2022\\\/05\\\/Valguspulk-MIL-TEC\u00ae-3.jpg\",\"datePublished\":\"2022-05-20T12:45:28+00:00\",\"dateModified\":\"2026-04-29T13:32:03+00:00\",\"description\":\"\u015awietlik to \u017ar\u00f3d\u0142o \u015bwiat\u0142a, kt\u00f3re dzia\u0142a bez energii elektrycznej. \u015awieci przez 10\u201312 h i nadaje si\u0119 do u\u017cytku nawet pod wod\u0105.\",\"breadcrumb\":{\"@id\":\"https:\\\/\\\/toidupakk.ee\\\/pl\\\/toode\\\/swietlik-15-x-15-cm\\\/#breadcrumb\"},\"inLanguage\":\"pl-PL\",\"potentialAction\":[{\"@type\":\"ReadAction\",\"target\":[\"https:\\\/\\\/toidupakk.ee\\\/pl\\\/toode\\\/swietlik-15-x-15-cm\\\/\"]}]},{\"@type\":\"ImageObject\",\"inLanguage\":\"pl-PL\",\"@id\":\"https:\\\/\\\/toidupakk.ee\\\/pl\\\/toode\\\/swietlik-15-x-15-cm\\\/#primaryimage\",\"url\":\"https:\\\/\\\/toidupakk.ee\\\/wp-content\\\/uploads\\\/2022\\\/05\\\/Valguspulk-MIL-TEC\u00ae-3.jpg\",\"contentUrl\":\"https:\\\/\\\/toidupakk.ee\\\/wp-content\\\/uploads\\\/2022\\\/05\\\/Valguspulk-MIL-TEC\u00ae-3.jpg\",\"width\":1080,\"height\":1080,\"caption\":\"valguspulkade komplekt 10 tk pakis\"},{\"@type\":\"BreadcrumbList\",\"@id\":\"https:\\\/\\\/toidupakk.ee\\\/pl\\\/toode\\\/swietlik-15-x-15-cm\\\/#breadcrumb\",\"itemListElement\":[{\"@type\":\"ListItem\",\"position\":1,\"name\":\"Avaleht\",\"item\":\"https:\\\/\\\/toidupakk.ee\\\/pl\\\/\"},{\"@type\":\"ListItem\",\"position\":2,\"name\":\"Sklep internetowy\",\"item\":\"https:\\\/\\\/toidupakk.ee\\\/pl\\\/sklep-internetowy\\\/\"},{\"@type\":\"ListItem\",\"position\":3,\"name\":\"\u015awietlik 1,5 x 15 cm\"}]},{\"@type\":\"WebSite\",\"@id\":\"https:\\\/\\\/toidupakk.ee\\\/pl\\\/#website\",\"url\":\"https:\\\/\\\/toidupakk.ee\\\/pl\\\/\",\"name\":\"Toidupakk.ee - Tactical Foodpack toidupakid\",\"description\":\"Tactical Foodpack k\u00fclmkuivatatud toidupakid ja matkaeined\",\"publisher\":{\"@id\":\"https:\\\/\\\/toidupakk.ee\\\/pl\\\/#organization\"},\"potentialAction\":[{\"@type\":\"SearchAction\",\"target\":{\"@type\":\"EntryPoint\",\"urlTemplate\":\"https:\\\/\\\/toidupakk.ee\\\/pl\\\/?s={search_term_string}\"},\"query-input\":{\"@type\":\"PropertyValueSpecification\",\"valueRequired\":true,\"valueName\":\"search_term_string\"}}],\"inLanguage\":\"pl-PL\"},{\"@type\":\"Organization\",\"@id\":\"https:\\\/\\\/toidupakk.ee\\\/pl\\\/#organization\",\"name\":\"Tactical Foodpack matkaeined\",\"url\":\"https:\\\/\\\/toidupakk.ee\\\/pl\\\/\",\"logo\":{\"@type\":\"ImageObject\",\"inLanguage\":\"pl-PL\",\"@id\":\"https:\\\/\\\/toidupakk.ee\\\/pl\\\/#\\\/schema\\\/logo\\\/image\\\/\",\"url\":\"https:\\\/\\\/toidupakk.ee\\\/wp-content\\\/uploads\\\/2022\\\/01\\\/Toidupakk-matkapood-logo-transparent.png\",\"contentUrl\":\"https:\\\/\\\/toidupakk.ee\\\/wp-content\\\/uploads\\\/2022\\\/01\\\/Toidupakk-matkapood-logo-transparent.png\",\"width\":500,\"height\":500,\"caption\":\"Tactical Foodpack matkaeined\"},\"image\":{\"@id\":\"https:\\\/\\\/toidupakk.ee\\\/pl\\\/#\\\/schema\\\/logo\\\/image\\\/\"},\"sameAs\":[\"https:\\\/\\\/www.facebook.com\\\/Toidupakk\",\"https:\\\/\\\/www.instagram.com\\\/toidupakk\\\/\"]}]}<\/script>\n<!-- \/ Yoast SEO plugin. -->","yoast_head_json":{"title":"\u015awietlik 1,5 x 15 cm","description":"\u015awietlik to \u017ar\u00f3d\u0142o \u015bwiat\u0142a, kt\u00f3re dzia\u0142a bez energii elektrycznej. \u015awieci przez 10\u201312 h i nadaje si\u0119 do u\u017cytku nawet pod wod\u0105.","robots":{"index":"index","follow":"follow","max-snippet":"max-snippet:-1","max-image-preview":"max-image-preview:large","max-video-preview":"max-video-preview:-1"},"canonical":"https:\/\/toidupakk.ee\/pl\/toode\/swietlik-15-x-15-cm\/","og_locale":"pl_PL","og_type":"article","og_title":"\u015awietlik 1,5 x 15 cm","og_description":"\u015awietlik to \u017ar\u00f3d\u0142o \u015bwiat\u0142a, kt\u00f3re dzia\u0142a bez energii elektrycznej. \u015awieci przez 10\u201312 h i nadaje si\u0119 do u\u017cytku nawet pod wod\u0105.","og_url":"https:\/\/toidupakk.ee\/pl\/toode\/swietlik-15-x-15-cm\/","og_site_name":"Toidupakk.ee - Tactical Foodpack toidupakid","article_publisher":"https:\/\/www.facebook.com\/Toidupakk","article_modified_time":"2026-04-29T13:32:03+00:00","og_image":[{"width":1080,"height":1080,"url":"https:\/\/toidupakk.ee\/wp-content\/uploads\/2022\/05\/Valguspulk-MIL-TEC\u00ae-3.jpg","type":"image\/jpeg"}],"twitter_card":"summary_large_image","twitter_misc":{"Szacowany czas czytania":"1 minuta"},"schema":{"@context":"https:\/\/schema.org","@graph":[{"@type":"WebPage","@id":"https:\/\/toidupakk.ee\/pl\/toode\/swietlik-15-x-15-cm\/","url":"https:\/\/toidupakk.ee\/pl\/toode\/swietlik-15-x-15-cm\/","name":"\u015awietlik 1,5 x 15 cm","isPartOf":{"@id":"https:\/\/toidupakk.ee\/pl\/#website"},"primaryImageOfPage":{"@id":"https:\/\/toidupakk.ee\/pl\/toode\/swietlik-15-x-15-cm\/#primaryimage"},"image":{"@id":"https:\/\/toidupakk.ee\/pl\/toode\/swietlik-15-x-15-cm\/#primaryimage"},"thumbnailUrl":"https:\/\/toidupakk.ee\/wp-content\/uploads\/2022\/05\/Valguspulk-MIL-TEC\u00ae-3.jpg","datePublished":"2022-05-20T12:45:28+00:00","dateModified":"2026-04-29T13:32:03+00:00","description":"\u015awietlik to \u017ar\u00f3d\u0142o \u015bwiat\u0142a, kt\u00f3re dzia\u0142a bez energii elektrycznej. \u015awieci przez 10\u201312 h i nadaje si\u0119 do u\u017cytku nawet pod wod\u0105.","breadcrumb":{"@id":"https:\/\/toidupakk.ee\/pl\/toode\/swietlik-15-x-15-cm\/#breadcrumb"},"inLanguage":"pl-PL","potentialAction":[{"@type":"ReadAction","target":["https:\/\/toidupakk.ee\/pl\/toode\/swietlik-15-x-15-cm\/"]}]},{"@type":"ImageObject","inLanguage":"pl-PL","@id":"https:\/\/toidupakk.ee\/pl\/toode\/swietlik-15-x-15-cm\/#primaryimage","url":"https:\/\/toidupakk.ee\/wp-content\/uploads\/2022\/05\/Valguspulk-MIL-TEC\u00ae-3.jpg","contentUrl":"https:\/\/toidupakk.ee\/wp-content\/uploads\/2022\/05\/Valguspulk-MIL-TEC\u00ae-3.jpg","width":1080,"height":1080,"caption":"valguspulkade komplekt 10 tk pakis"},{"@type":"BreadcrumbList","@id":"https:\/\/toidupakk.ee\/pl\/toode\/swietlik-15-x-15-cm\/#breadcrumb","itemListElement":[{"@type":"ListItem","position":1,"name":"Avaleht","item":"https:\/\/toidupakk.ee\/pl\/"},{"@type":"ListItem","position":2,"name":"Sklep internetowy","item":"https:\/\/toidupakk.ee\/pl\/sklep-internetowy\/"},{"@type":"ListItem","position":3,"name":"\u015awietlik 1,5 x 15 cm"}]},{"@type":"WebSite","@id":"https:\/\/toidupakk.ee\/pl\/#website","url":"https:\/\/toidupakk.ee\/pl\/","name":"Toidupakk.ee - Tactical Foodpack toidupakid","description":"Tactical Foodpack k\u00fclmkuivatatud toidupakid ja matkaeined","publisher":{"@id":"https:\/\/toidupakk.ee\/pl\/#organization"},"potentialAction":[{"@type":"SearchAction","target":{"@type":"EntryPoint","urlTemplate":"https:\/\/toidupakk.ee\/pl\/?s={search_term_string}"},"query-input":{"@type":"PropertyValueSpecification","valueRequired":true,"valueName":"search_term_string"}}],"inLanguage":"pl-PL"},{"@type":"Organization","@id":"https:\/\/toidupakk.ee\/pl\/#organization","name":"Tactical Foodpack matkaeined","url":"https:\/\/toidupakk.ee\/pl\/","logo":{"@type":"ImageObject","inLanguage":"pl-PL","@id":"https:\/\/toidupakk.ee\/pl\/#\/schema\/logo\/image\/","url":"https:\/\/toidupakk.ee\/wp-content\/uploads\/2022\/01\/Toidupakk-matkapood-logo-transparent.png","contentUrl":"https:\/\/toidupakk.ee\/wp-content\/uploads\/2022\/01\/Toidupakk-matkapood-logo-transparent.png","width":500,"height":500,"caption":"Tactical Foodpack matkaeined"},"image":{"@id":"https:\/\/toidupakk.ee\/pl\/#\/schema\/logo\/image\/"},"sameAs":["https:\/\/www.facebook.com\/Toidupakk","https:\/\/www.instagram.com\/toidupakk\/"]}]}},"jetpack_sharing_enabled":true,"_links":{"self":[{"href":"https:\/\/toidupakk.ee\/pl\/wp-json\/wp\/v2\/product\/52718","targetHints":{"allow":["GET"]}}],"collection":[{"href":"https:\/\/toidupakk.ee\/pl\/wp-json\/wp\/v2\/product"}],"about":[{"href":"https:\/\/toidupakk.ee\/pl\/wp-json\/wp\/v2\/types\/product"}],"replies":[{"embeddable":true,"href":"https:\/\/toidupakk.ee\/pl\/wp-json\/wp\/v2\/comments?post=52718"}],"wp:featuredmedia":[{"embeddable":true,"href":"https:\/\/toidupakk.ee\/pl\/wp-json\/wp\/v2\/media\/53540"}],"wp:attachment":[{"href":"https:\/\/toidupakk.ee\/pl\/wp-json\/wp\/v2\/media?parent=52718"}],"wp:term":[{"taxonomy":"product_brand","embeddable":true,"href":"https:\/\/toidupakk.ee\/pl\/wp-json\/wp\/v2\/product_brand?post=52718"},{"taxonomy":"product_cat","embeddable":true,"href":"https:\/\/toidupakk.ee\/pl\/wp-json\/wp\/v2\/product_cat?post=52718"},{"taxonomy":"product_tag","embeddable":true,"href":"https:\/\/toidupakk.ee\/pl\/wp-json\/wp\/v2\/product_tag?post=52718"}],"curies":[{"name":"wp","href":"https:\/\/api.w.org\/{rel}","templated":true}]}}