{"id":52703,"date":"2022-04-08T15:21:22","date_gmt":"2022-04-08T12:21:22","guid":{"rendered":"https:\/\/toidupakk.ee\/toode\/spork-turystyczny-wildo-3w1\/"},"modified":"2026-04-15T09:30:35","modified_gmt":"2026-04-15T06:30:35","slug":"spork-turystyczny-wildo-3w1","status":"publish","type":"product","link":"https:\/\/toidupakk.ee\/pl\/toode\/spork-turystyczny-wildo-3w1\/","title":{"rendered":"Spork turystyczny Wildo 3w1"},"content":{"rendered":"<h1>Spork turystyczny 3w1, czyli wielofunkcyjny niezb\u0119dnik<\/h1>\n<p>&nbsp;<\/p>\n<p>Spork turystyczny Wildo to wielofunkcyjny pomocnik podczas posi\u0142k\u00f3w na \u015bwie\u017cym powietrzu. Niekt\u00f3rzy nazywaj\u0105 to \u201enarz\u0119dzie\u201d r\u00f3wnie\u017c niezb\u0119dnikiem, \u0142\u0105cz\u0105cym funkcje no\u017ca, widelca i \u0142y\u017cki. <\/p>\n<p>To hybryda widelca, \u0142y\u017cki i no\u017ca \u2013 czyli 3w1. Na wyprawach i imprezach plenerowych to niezast\u0105piony pomocnik i ekologiczna alternatywa dla naczy\u0144 jednorazowych. Nie zajmuje miejsca w plecaku i jest wykonany z lekkiego, przyjaznego dla \u015brodowiska bioplastiku.  <\/p>\n<p>Je\u015bli jeszcze nie pr\u00f3bowa\u0142e\u015b, to najwy\u017cszy czas. Wildo Spork jest produkowany w Szwecji i wa\u017cy zaledwie 8,5 g. To produkt o ergonomicznym kszta\u0142cie, kt\u00f3ry bardzo wygodnie trzyma si\u0119 w d\u0142oni podczas jedzenia. Sporkiem Wildo mo\u017cesz wygodnie zje\u015b\u0107 zup\u0119, makaron, a tak\u017ce pokroi\u0107 np. kie\u0142bask\u0119 z grilla.   <\/p>\n<p>Wytrzyma\u0142y, tani i wygodny \u2013 czego chcie\u0107 wi\u0119cej?! Dzi\u0119ki otworowi na ko\u0144cu, sztuciec mo\u017cna \u0142atwo powiesi\u0107 w kuchni lub kamperze. <\/p>\n<p>&nbsp;<\/p>\n<h2>Spork turystyczny, czyli niezb\u0119dnik \u2013 do czego najlepiej go u\u017cywa\u0107?<\/h2>\n<p>Oczywi\u015bcie do jedzenia. Pytanie tylko: co je\u015b\u0107? To proste \u2013 wszystko! Wildo Spork \u015bwietnie radzi sobie z krojeniem i nabijaniem kie\u0142baski z ogniska, ale szczeg\u00f3lnie wygodnie u\u017cywa si\u0119 go do r\u00f3\u017cnych da\u0144 turystycznych, kt\u00f3re przygotowuje si\u0119 szybko i \u0142atwo. W ofercie sklepu znajdziesz <a href=\"\/?product_cat=weekpack#section-3-79\">tygodniowe zestawy zapas\u00f3w \u017cywno\u015bci<\/a> Tactical Foodpack, <a href=\"\/?product_cat=combo#section-3-79\">pakiety combo z sze\u015bcioma posi\u0142kami<\/a>, <a href=\"\/?product_cat=hommikusook#section-3-79\">pyszne \u015bniadania<\/a>, <a href=\"\/?product_cat=snakk#section-3-79\">snaki<\/a> oraz pojedyncze dania od <a href=\"\/?product_cat=pearoog#section-3-79\">Tactical Foodpack<\/a> i <a href=\"https:\/\/toidupakk.ee\/pl\/tootekategooria\/zywnosc-turystyczna-meki\/\">Meki<\/a>.    <\/p>\n<p>Wybierz swoje <a href=\"https:\/\/toidupakk.ee\/pl\/sklep-internetowy\/\">ulubione<\/a> i zacznij wcina\u0107!<\/p>\n<p>&nbsp;<\/p>\n<p>Zobacz wi\u0119cej akcesori\u00f3w turystycznych <a href=\"https:\/\/toidupakk.ee\/pl\/tootekategooria\/sprzet-turystyczny\/#section-3-79\">TUTAJ<\/a><\/p>\n<p>Znajd\u017a inspiracj\u0119 na kolejne przygody na <a href=\"https:\/\/www.instagram.com\/toidupakk\/\">Instagramie<\/a> i <a href=\"https:\/\/www.facebook.com\/Toidupakk\/\">Facebooku<\/a> Toidupakk.<\/p>\n","protected":false},"excerpt":{"rendered":"<p><strong>To hybryda widelca, \u0142y\u017cki i no\u017ca \u2013 czyli 3w1. Niezast\u0105piony pomocnik na wyprawach i imprezach plenerowych. Nie zajmuje miejsca w plecaku, wykonany z lekkiego i ekologicznego bioplastiku.  <\/strong><\/p>\n<ul>\n<li>Twarde i wytrzyma\u0142e tworzywo sztuczne<\/li>\n<li>Otw\u00f3r w uchwycie do wygodnego zawieszania<\/li>\n<li>100% wolne od BPA<\/li>\n<li>Waga: 8,5 g<\/li>\n<li>Wymiary: 16,5 x 5 x 1,5 cm<\/li>\n<\/ul>\n<p>\u2705 Dost\u0119pne w magazynie, szybka dostawa w 1\u20133 dni robocze<\/p>\n","protected":false},"featured_media":1795,"comment_status":"open","ping_status":"closed","template":"","meta":{"_acf_changed":false},"product_brand":[],"product_cat":[303,307,301,354],"product_tag":[305],"class_list":{"0":"post-52703","1":"product","2":"type-product","3":"status-publish","4":"has-post-thumbnail","6":"product_cat-akcesoria-turystyczne","7":"product_cat-przygotowywanie-posilkow","8":"product_cat-sprzet-turystyczny","9":"product_cat-sztucce","10":"product_tag-no_ads","12":"first","13":"instock","14":"taxable","15":"shipping-taxable","16":"purchasable","17":"product-type-simple"},"bundled_by":[],"bundle_stock_status":"instock","bundle_stock_quantity":111,"bundle_virtual":false,"bundle_layout":"","bundle_add_to_cart_form_location":"","bundle_editable_in_cart":false,"bundle_sold_individually_context":"","bundle_item_grouping":"","bundle_min_size":"","bundle_max_size":"","bundle_price":[],"bundled_items":[],"bundle_sell_ids":[],"acf":[],"yoast_head":"<!-- This site is optimized with the Yoast SEO plugin v27.3 - https:\/\/yoast.com\/product\/yoast-seo-wordpress\/ -->\n<title>Spork turystyczny Wildo 3w1 - Toidupakk.ee - Tactical Foodpack toidupakid<\/title>\n<meta name=\"description\" content=\"Spork turystyczny Wildo to hybryda widelca, \u0142y\u017cki i no\u017ca. Niezast\u0105piony pomocnik na wyprawach \u2013 nie zajmuje miejsca w plecaku i jest lekki.\" \/>\n<meta name=\"robots\" content=\"index, follow, max-snippet:-1, max-image-preview:large, max-video-preview:-1\" \/>\n<link rel=\"canonical\" href=\"https:\/\/toidupakk.ee\/pl\/toode\/spork-turystyczny-wildo-3w1\/\" \/>\n<meta property=\"og:locale\" content=\"pl_PL\" \/>\n<meta property=\"og:type\" content=\"article\" \/>\n<meta property=\"og:title\" content=\"Spork turystyczny Wildo 3w1 - Toidupakk.ee - Tactical Foodpack toidupakid\" \/>\n<meta property=\"og:description\" content=\"Spork turystyczny Wildo to hybryda widelca, \u0142y\u017cki i no\u017ca. Niezast\u0105piony pomocnik na wyprawach \u2013 nie zajmuje miejsca w plecaku i jest lekki.\" \/>\n<meta property=\"og:url\" content=\"https:\/\/toidupakk.ee\/pl\/toode\/spork-turystyczny-wildo-3w1\/\" \/>\n<meta property=\"og:site_name\" content=\"Toidupakk.ee - Tactical Foodpack toidupakid\" \/>\n<meta property=\"article:publisher\" content=\"https:\/\/www.facebook.com\/Toidupakk\" \/>\n<meta property=\"article:modified_time\" content=\"2026-04-15T06:30:35+00:00\" \/>\n<meta property=\"og:image\" content=\"https:\/\/toidupakk.ee\/wp-content\/uploads\/2022\/04\/4.png\" \/>\n\t<meta property=\"og:image:width\" content=\"1080\" \/>\n\t<meta property=\"og:image:height\" content=\"1080\" \/>\n\t<meta property=\"og:image:type\" content=\"image\/png\" \/>\n<meta name=\"twitter:card\" content=\"summary_large_image\" \/>\n<meta name=\"twitter:label1\" content=\"Szacowany czas czytania\" \/>\n\t<meta name=\"twitter:data1\" content=\"1 minuta\" \/>\n<script type=\"application\/ld+json\" class=\"yoast-schema-graph\">{\"@context\":\"https:\\\/\\\/schema.org\",\"@graph\":[{\"@type\":\"WebPage\",\"@id\":\"https:\\\/\\\/toidupakk.ee\\\/pl\\\/toode\\\/spork-turystyczny-wildo-3w1\\\/\",\"url\":\"https:\\\/\\\/toidupakk.ee\\\/pl\\\/toode\\\/spork-turystyczny-wildo-3w1\\\/\",\"name\":\"Spork turystyczny Wildo 3w1 - Toidupakk.ee - Tactical Foodpack toidupakid\",\"isPartOf\":{\"@id\":\"https:\\\/\\\/toidupakk.ee\\\/pl\\\/#website\"},\"primaryImageOfPage\":{\"@id\":\"https:\\\/\\\/toidupakk.ee\\\/pl\\\/toode\\\/spork-turystyczny-wildo-3w1\\\/#primaryimage\"},\"image\":{\"@id\":\"https:\\\/\\\/toidupakk.ee\\\/pl\\\/toode\\\/spork-turystyczny-wildo-3w1\\\/#primaryimage\"},\"thumbnailUrl\":\"https:\\\/\\\/toidupakk.ee\\\/wp-content\\\/uploads\\\/2022\\\/04\\\/4.png\",\"datePublished\":\"2022-04-08T12:21:22+00:00\",\"dateModified\":\"2026-04-15T06:30:35+00:00\",\"description\":\"Spork turystyczny Wildo to hybryda widelca, \u0142y\u017cki i no\u017ca. Niezast\u0105piony pomocnik na wyprawach \u2013 nie zajmuje miejsca w plecaku i jest lekki.\",\"breadcrumb\":{\"@id\":\"https:\\\/\\\/toidupakk.ee\\\/pl\\\/toode\\\/spork-turystyczny-wildo-3w1\\\/#breadcrumb\"},\"inLanguage\":\"pl-PL\",\"potentialAction\":[{\"@type\":\"ReadAction\",\"target\":[\"https:\\\/\\\/toidupakk.ee\\\/pl\\\/toode\\\/spork-turystyczny-wildo-3w1\\\/\"]}]},{\"@type\":\"ImageObject\",\"inLanguage\":\"pl-PL\",\"@id\":\"https:\\\/\\\/toidupakk.ee\\\/pl\\\/toode\\\/spork-turystyczny-wildo-3w1\\\/#primaryimage\",\"url\":\"https:\\\/\\\/toidupakk.ee\\\/wp-content\\\/uploads\\\/2022\\\/04\\\/4.png\",\"contentUrl\":\"https:\\\/\\\/toidupakk.ee\\\/wp-content\\\/uploads\\\/2022\\\/04\\\/4.png\",\"width\":1080,\"height\":1080,\"caption\":\"Matkalusikas\"},{\"@type\":\"BreadcrumbList\",\"@id\":\"https:\\\/\\\/toidupakk.ee\\\/pl\\\/toode\\\/spork-turystyczny-wildo-3w1\\\/#breadcrumb\",\"itemListElement\":[{\"@type\":\"ListItem\",\"position\":1,\"name\":\"Avaleht\",\"item\":\"https:\\\/\\\/toidupakk.ee\\\/pl\\\/\"},{\"@type\":\"ListItem\",\"position\":2,\"name\":\"Sklep internetowy\",\"item\":\"https:\\\/\\\/toidupakk.ee\\\/pl\\\/sklep-internetowy\\\/\"},{\"@type\":\"ListItem\",\"position\":3,\"name\":\"Spork turystyczny Wildo 3w1\"}]},{\"@type\":\"WebSite\",\"@id\":\"https:\\\/\\\/toidupakk.ee\\\/pl\\\/#website\",\"url\":\"https:\\\/\\\/toidupakk.ee\\\/pl\\\/\",\"name\":\"Toidupakk.ee - Tactical Foodpack toidupakid\",\"description\":\"Tactical Foodpack k\u00fclmkuivatatud toidupakid ja matkaeined\",\"publisher\":{\"@id\":\"https:\\\/\\\/toidupakk.ee\\\/pl\\\/#organization\"},\"potentialAction\":[{\"@type\":\"SearchAction\",\"target\":{\"@type\":\"EntryPoint\",\"urlTemplate\":\"https:\\\/\\\/toidupakk.ee\\\/pl\\\/?s={search_term_string}\"},\"query-input\":{\"@type\":\"PropertyValueSpecification\",\"valueRequired\":true,\"valueName\":\"search_term_string\"}}],\"inLanguage\":\"pl-PL\"},{\"@type\":\"Organization\",\"@id\":\"https:\\\/\\\/toidupakk.ee\\\/pl\\\/#organization\",\"name\":\"Tactical Foodpack matkaeined\",\"url\":\"https:\\\/\\\/toidupakk.ee\\\/pl\\\/\",\"logo\":{\"@type\":\"ImageObject\",\"inLanguage\":\"pl-PL\",\"@id\":\"https:\\\/\\\/toidupakk.ee\\\/pl\\\/#\\\/schema\\\/logo\\\/image\\\/\",\"url\":\"https:\\\/\\\/toidupakk.ee\\\/wp-content\\\/uploads\\\/2022\\\/01\\\/Toidupakk-matkapood-logo-transparent.png\",\"contentUrl\":\"https:\\\/\\\/toidupakk.ee\\\/wp-content\\\/uploads\\\/2022\\\/01\\\/Toidupakk-matkapood-logo-transparent.png\",\"width\":500,\"height\":500,\"caption\":\"Tactical Foodpack matkaeined\"},\"image\":{\"@id\":\"https:\\\/\\\/toidupakk.ee\\\/pl\\\/#\\\/schema\\\/logo\\\/image\\\/\"},\"sameAs\":[\"https:\\\/\\\/www.facebook.com\\\/Toidupakk\",\"https:\\\/\\\/www.instagram.com\\\/toidupakk\\\/\"]}]}<\/script>\n<!-- \/ Yoast SEO plugin. -->","yoast_head_json":{"title":"Spork turystyczny Wildo 3w1 - Toidupakk.ee - Tactical Foodpack toidupakid","description":"Spork turystyczny Wildo to hybryda widelca, \u0142y\u017cki i no\u017ca. Niezast\u0105piony pomocnik na wyprawach \u2013 nie zajmuje miejsca w plecaku i jest lekki.","robots":{"index":"index","follow":"follow","max-snippet":"max-snippet:-1","max-image-preview":"max-image-preview:large","max-video-preview":"max-video-preview:-1"},"canonical":"https:\/\/toidupakk.ee\/pl\/toode\/spork-turystyczny-wildo-3w1\/","og_locale":"pl_PL","og_type":"article","og_title":"Spork turystyczny Wildo 3w1 - Toidupakk.ee - Tactical Foodpack toidupakid","og_description":"Spork turystyczny Wildo to hybryda widelca, \u0142y\u017cki i no\u017ca. Niezast\u0105piony pomocnik na wyprawach \u2013 nie zajmuje miejsca w plecaku i jest lekki.","og_url":"https:\/\/toidupakk.ee\/pl\/toode\/spork-turystyczny-wildo-3w1\/","og_site_name":"Toidupakk.ee - Tactical Foodpack toidupakid","article_publisher":"https:\/\/www.facebook.com\/Toidupakk","article_modified_time":"2026-04-15T06:30:35+00:00","og_image":[{"width":1080,"height":1080,"url":"https:\/\/toidupakk.ee\/wp-content\/uploads\/2022\/04\/4.png","type":"image\/png"}],"twitter_card":"summary_large_image","twitter_misc":{"Szacowany czas czytania":"1 minuta"},"schema":{"@context":"https:\/\/schema.org","@graph":[{"@type":"WebPage","@id":"https:\/\/toidupakk.ee\/pl\/toode\/spork-turystyczny-wildo-3w1\/","url":"https:\/\/toidupakk.ee\/pl\/toode\/spork-turystyczny-wildo-3w1\/","name":"Spork turystyczny Wildo 3w1 - Toidupakk.ee - Tactical Foodpack toidupakid","isPartOf":{"@id":"https:\/\/toidupakk.ee\/pl\/#website"},"primaryImageOfPage":{"@id":"https:\/\/toidupakk.ee\/pl\/toode\/spork-turystyczny-wildo-3w1\/#primaryimage"},"image":{"@id":"https:\/\/toidupakk.ee\/pl\/toode\/spork-turystyczny-wildo-3w1\/#primaryimage"},"thumbnailUrl":"https:\/\/toidupakk.ee\/wp-content\/uploads\/2022\/04\/4.png","datePublished":"2022-04-08T12:21:22+00:00","dateModified":"2026-04-15T06:30:35+00:00","description":"Spork turystyczny Wildo to hybryda widelca, \u0142y\u017cki i no\u017ca. Niezast\u0105piony pomocnik na wyprawach \u2013 nie zajmuje miejsca w plecaku i jest lekki.","breadcrumb":{"@id":"https:\/\/toidupakk.ee\/pl\/toode\/spork-turystyczny-wildo-3w1\/#breadcrumb"},"inLanguage":"pl-PL","potentialAction":[{"@type":"ReadAction","target":["https:\/\/toidupakk.ee\/pl\/toode\/spork-turystyczny-wildo-3w1\/"]}]},{"@type":"ImageObject","inLanguage":"pl-PL","@id":"https:\/\/toidupakk.ee\/pl\/toode\/spork-turystyczny-wildo-3w1\/#primaryimage","url":"https:\/\/toidupakk.ee\/wp-content\/uploads\/2022\/04\/4.png","contentUrl":"https:\/\/toidupakk.ee\/wp-content\/uploads\/2022\/04\/4.png","width":1080,"height":1080,"caption":"Matkalusikas"},{"@type":"BreadcrumbList","@id":"https:\/\/toidupakk.ee\/pl\/toode\/spork-turystyczny-wildo-3w1\/#breadcrumb","itemListElement":[{"@type":"ListItem","position":1,"name":"Avaleht","item":"https:\/\/toidupakk.ee\/pl\/"},{"@type":"ListItem","position":2,"name":"Sklep internetowy","item":"https:\/\/toidupakk.ee\/pl\/sklep-internetowy\/"},{"@type":"ListItem","position":3,"name":"Spork turystyczny Wildo 3w1"}]},{"@type":"WebSite","@id":"https:\/\/toidupakk.ee\/pl\/#website","url":"https:\/\/toidupakk.ee\/pl\/","name":"Toidupakk.ee - Tactical Foodpack toidupakid","description":"Tactical Foodpack k\u00fclmkuivatatud toidupakid ja matkaeined","publisher":{"@id":"https:\/\/toidupakk.ee\/pl\/#organization"},"potentialAction":[{"@type":"SearchAction","target":{"@type":"EntryPoint","urlTemplate":"https:\/\/toidupakk.ee\/pl\/?s={search_term_string}"},"query-input":{"@type":"PropertyValueSpecification","valueRequired":true,"valueName":"search_term_string"}}],"inLanguage":"pl-PL"},{"@type":"Organization","@id":"https:\/\/toidupakk.ee\/pl\/#organization","name":"Tactical Foodpack matkaeined","url":"https:\/\/toidupakk.ee\/pl\/","logo":{"@type":"ImageObject","inLanguage":"pl-PL","@id":"https:\/\/toidupakk.ee\/pl\/#\/schema\/logo\/image\/","url":"https:\/\/toidupakk.ee\/wp-content\/uploads\/2022\/01\/Toidupakk-matkapood-logo-transparent.png","contentUrl":"https:\/\/toidupakk.ee\/wp-content\/uploads\/2022\/01\/Toidupakk-matkapood-logo-transparent.png","width":500,"height":500,"caption":"Tactical Foodpack matkaeined"},"image":{"@id":"https:\/\/toidupakk.ee\/pl\/#\/schema\/logo\/image\/"},"sameAs":["https:\/\/www.facebook.com\/Toidupakk","https:\/\/www.instagram.com\/toidupakk\/"]}]}},"jetpack_sharing_enabled":true,"_links":{"self":[{"href":"https:\/\/toidupakk.ee\/pl\/wp-json\/wp\/v2\/product\/52703","targetHints":{"allow":["GET"]}}],"collection":[{"href":"https:\/\/toidupakk.ee\/pl\/wp-json\/wp\/v2\/product"}],"about":[{"href":"https:\/\/toidupakk.ee\/pl\/wp-json\/wp\/v2\/types\/product"}],"replies":[{"embeddable":true,"href":"https:\/\/toidupakk.ee\/pl\/wp-json\/wp\/v2\/comments?post=52703"}],"wp:featuredmedia":[{"embeddable":true,"href":"https:\/\/toidupakk.ee\/pl\/wp-json\/wp\/v2\/media\/1795"}],"wp:attachment":[{"href":"https:\/\/toidupakk.ee\/pl\/wp-json\/wp\/v2\/media?parent=52703"}],"wp:term":[{"taxonomy":"product_brand","embeddable":true,"href":"https:\/\/toidupakk.ee\/pl\/wp-json\/wp\/v2\/product_brand?post=52703"},{"taxonomy":"product_cat","embeddable":true,"href":"https:\/\/toidupakk.ee\/pl\/wp-json\/wp\/v2\/product_cat?post=52703"},{"taxonomy":"product_tag","embeddable":true,"href":"https:\/\/toidupakk.ee\/pl\/wp-json\/wp\/v2\/product_tag?post=52703"}],"curies":[{"name":"wp","href":"https:\/\/api.w.org\/{rel}","templated":true}]}}