{"id":52702,"date":"2022-05-02T15:09:42","date_gmt":"2022-05-02T12:09:42","guid":{"rendered":"https:\/\/toidupakk.ee\/toode\/srodek-na-komary-bens-max\/"},"modified":"2026-04-04T03:00:51","modified_gmt":"2026-04-04T00:00:51","slug":"srodek-na-komary-bens-max","status":"publish","type":"product","link":"https:\/\/toidupakk.ee\/pl\/toode\/srodek-na-komary-bens-max\/","title":{"rendered":"\u015arodek na komary Ben&#8217;s Max"},"content":{"rendered":"<h1>\u015arodek na komary Ben&#8217;s Max, kt\u00f3ry naprawd\u0119 dzia\u0142a<\/h1>\n<p>\u015arodek na komary Ben&#8217;s Max zawiera maksymaln\u0105 dopuszczaln\u0105 ilo\u015b\u0107 (50%) substancji czynnej DEET (N,N-dietylo-m-toluamid), uznawanej za najskuteczniejszy dot\u0105d opracowany \u015brodek odstraszaj\u0105cy owady. W przeciwie\u0144stwie do preparat\u00f3w na bazie alkoholu, ten spray DEET jest na bazie wody, dzi\u0119ki czemu mniej \u015brodka odparowuje ze sk\u00f3ry. Odstrasza owady takie jak komary, kleszcze, strzy\u017caki jelenie i inne uci\u0105\u017cliwe insekty, kt\u00f3re mog\u0105 przenosi\u0107 borelioz\u0119, wirus Zika, wirus Zachodniego Nilu i deng\u0119 (wi\u0119kszo\u015b\u0107 z nich wyst\u0119puje g\u0142\u00f3wnie za granic\u0105). Dzi\u0119ki silnemu dzia\u0142aniu zu\u017cywa si\u0119 go bardzo ma\u0142o, a opakowanie jest wyj\u0105tkowo lekkie do noszenia w <a href=\"https:\/\/toidupakk.ee\/tactical-foodpack\/matka-seljakott-75l-mil-tec\/\">plecaku<\/a> lub gdziekolwiek indziej.   <\/p>\n<div id=\"attachment_1906\" style=\"width: 310px\" class=\"wp-caption alignnone\"><img fetchpriority=\"high\" decoding=\"async\" aria-describedby=\"caption-attachment-1906\" class=\"wp-image-1906 size-medium\" src=\"https:\/\/toidupakk.ee\/wp-content\/uploads\/2022\/05\/Saasetorje-Bens-Max-2-300x300.jpg\" alt=\"\u015brodek na owady\" width=\"300\" height=\"300\" srcset=\"https:\/\/toidupakk.ee\/wp-content\/uploads\/2022\/05\/Saasetorje-Bens-Max-2-300x300.jpg 300w, https:\/\/toidupakk.ee\/wp-content\/uploads\/2022\/05\/Saasetorje-Bens-Max-2-400x400.jpg 400w, https:\/\/toidupakk.ee\/wp-content\/uploads\/2022\/05\/Saasetorje-Bens-Max-2-100x100.jpg 100w, https:\/\/toidupakk.ee\/wp-content\/uploads\/2022\/05\/Saasetorje-Bens-Max-2-800x800.jpg 800w, https:\/\/toidupakk.ee\/wp-content\/uploads\/2022\/05\/Saasetorje-Bens-Max-2-1024x1024.jpg 1024w, https:\/\/toidupakk.ee\/wp-content\/uploads\/2022\/05\/Saasetorje-Bens-Max-2-500x500.jpg 500w, https:\/\/toidupakk.ee\/wp-content\/uploads\/2022\/05\/Saasetorje-Bens-Max-2-768x768.jpg 768w, https:\/\/toidupakk.ee\/wp-content\/uploads\/2022\/05\/Saasetorje-Bens-Max-2.jpg 1500w\" sizes=\"(max-width: 300px) 100vw, 300px\" \/><p id=\"caption-attachment-1906\" class=\"wp-caption-text\">\u015arodek na komary Ben&#8217;s 100<\/p><\/div>\n<h2>Jak u\u017cywa\u0107 \u015brodka na komary, aby by\u0142 skuteczny?<\/h2>\n<p>Rozpyl niewielk\u0105 ilo\u015b\u0107 na ubrania i sk\u00f3r\u0119, unikaj\u0105c bezpo\u015bredniego pryskania na twarz. Produkt ma lekki i przyjemny zapach, wi\u0119c wspomnienia o intensywnie i nieprzyjemnie pachn\u0105cych \u015brodkach odejd\u0105 w niepami\u0119\u0107 dzi\u0119ki Ben\u2019s Max.<br \/>\nAby skutecznie odstraszy\u0107 kleszcze i pch\u0142y, spryskaj r\u00f3wnie\u017c buty, skarpetki i spodnie. <\/p>\n<p>&nbsp;<\/p>\n<h2>Bezpiecze\u0144stwo \u015brodka na komary zale\u017cy od sposobu u\u017cycia<\/h2>\n<p>Zdejmij nasadk\u0119 ochronn\u0105 i rozpyl na d\u0142o\u0144 oko\u0142o dw\u00f3ch dawek, aby nanie\u015b\u0107 na sk\u00f3r\u0119 i ubranie, trzymaj\u0105c atomizer z dala od twarzy. Nie wdychaj podczas rozpylania! Nie stosuj na rany, otarcia ani podra\u017cnion\u0105 sk\u00f3r\u0119.  <\/p>\n<p>\u015arodek na owady Ben\u2019s Max jest bezpieczny do stosowania na sk\u00f3rze. Istniej\u0105 jednak wyj\u0105tki, jak w przypadku ka\u017cdej substancji czy leku. Dlatego nie zaleca si\u0119 stosowania produktu u dzieci poni\u017cej 10. roku \u017cycia oraz u kobiet w ci\u0105\u017cy.  <\/p>\n<h2><img decoding=\"async\" class=\"alignleft wp-image-1904 size-medium\" src=\"https:\/\/toidupakk.ee\/wp-content\/uploads\/2022\/05\/Saasetorje-Bens-Max-1-300x300.jpg\" alt=\"\u015arodek na komary Ben's Max do odstraszania owad\u00f3w\" width=\"300\" height=\"300\" srcset=\"https:\/\/toidupakk.ee\/wp-content\/uploads\/2022\/05\/Saasetorje-Bens-Max-1-300x300.jpg 300w, https:\/\/toidupakk.ee\/wp-content\/uploads\/2022\/05\/Saasetorje-Bens-Max-1-400x400.jpg 400w, https:\/\/toidupakk.ee\/wp-content\/uploads\/2022\/05\/Saasetorje-Bens-Max-1-100x100.jpg 100w, https:\/\/toidupakk.ee\/wp-content\/uploads\/2022\/05\/Saasetorje-Bens-Max-1-800x800.jpg 800w, https:\/\/toidupakk.ee\/wp-content\/uploads\/2022\/05\/Saasetorje-Bens-Max-1-1024x1024.jpg 1024w, https:\/\/toidupakk.ee\/wp-content\/uploads\/2022\/05\/Saasetorje-Bens-Max-1-500x500.jpg 500w, https:\/\/toidupakk.ee\/wp-content\/uploads\/2022\/05\/Saasetorje-Bens-Max-1-768x768.jpg 768w, https:\/\/toidupakk.ee\/wp-content\/uploads\/2022\/05\/Saasetorje-Bens-Max-1.jpg 1500w\" sizes=\"(max-width: 300px) 100vw, 300px\" \/><\/h2>\n<p>&nbsp;<\/p>\n<p>&nbsp;<\/p>\n<h2><\/h2>\n<h2><\/h2>\n<h2><\/h2>\n<h2><\/h2>\n<h2><\/h2>\n<p>&nbsp;<\/p>\n<h2><\/h2>\n<h2>\u015arodki ostro\u017cno\u015bci<\/h2>\n<ul>\n<li>Nie u\u017cywaj w okolicach oczu i ust! Po na\u0142o\u017ceniu produktu d\u0142o\u0144mi dok\u0142adnie umyj r\u0119ce. <\/li>\n<li>Nie pozwalaj dzieciom poni\u017cej 10. roku \u017cycia na samodzielne u\u017cywanie produktu. Je\u015bli chcesz zastosowa\u0107 go u dziecka, rozpyl \u015brodek na swoje d\u0142onie i posmaruj nim miejsca wymagaj\u0105ce ochrony. <\/li>\n<li>Stosuj umiarkowan\u0105 ilo\u015b\u0107 na ods\u0142oni\u0119t\u0105 sk\u00f3r\u0119. Nie u\u017cywaj pod ubraniem. <\/li>\n<li>Unikaj nadmiernego stosowania!<\/li>\n<li>Gdy ochrona nie b\u0119dzie ju\u017c potrzebna, umyj miejsca, w kt\u00f3rych u\u017cyto produktu, wod\u0105 z myd\u0142em.<\/li>\n<li>Upierz ubrania, na kt\u00f3rych u\u017cyto produktu, zanim za\u0142o\u017cysz je ponownie.<\/li>\n<li>Nie rozpylaj produktu w pomieszczeniach!<\/li>\n<\/ul>\n<p>&nbsp;<\/p>\n<p><strong>Przechowywanie<\/strong><br \/>\nPrzechowywa\u0107 w ch\u0142odnym, suchym miejscu, niedost\u0119pnym dla dzieci i zwierz\u0105t. Trzyma\u0107 z dala od \u017ar\u00f3de\u0142 ciep\u0142a i otwartego ognia. <\/p>\n<p><strong>Utylizacja<\/strong><br \/>\nNie wrzuca\u0107 do ognia ani nie dziurawi\u0107! Nie u\u017cywa\u0107 pustej butelki do innych cel\u00f3w! Puste opakowanie odda\u0107 do punktu zbi\u00f3rki odpad\u00f3w niebezpiecznych lub wyrzuci\u0107 do kosza.  <\/p>\n<p><strong>Pierwsza pomoc<\/strong><br \/>\nW przypadku dostania si\u0119 produktu do oczu przemy\u0107 du\u017c\u0105 ilo\u015bci\u0105 wody. W przypadku po\u0142kni\u0119cia niezw\u0142ocznie skontaktowa\u0107 si\u0119 z lekarzem! <\/p>\n<p>&nbsp;<\/p>\n<p>Zobacz wi\u0119cej akcesori\u00f3w turystycznych <a href=\"https:\/\/toidupakk.ee\/pl\/tootekategooria\/sprzet-turystyczny\/#section-3-79\">TUTAJ<\/a><\/p>\n<p>Zobacz wi\u0119cej \u017cywno\u015bci turystycznej <a href=\"https:\/\/toidupakk.ee\/pl\/tootekategooria\/zywnosc-turystyczna\/\">TUTAJ<\/a><\/p>\n<p>Znajd\u017a inspiracj\u0119 na kolejne przygody na <a href=\"https:\/\/www.instagram.com\/toidupakk\/\">Instagramie<\/a> i <a href=\"https:\/\/www.facebook.com\/Toidupakk\/\">Facebooku<\/a> Toidupakk.<\/p>\n","protected":false},"excerpt":{"rendered":"<p><strong>Ben&#8217;s Max jest uznawany za najskuteczniejszy dot\u0105d opracowany \u015brodek na owady. To ulubieniec w\u0119dkarzy i my\u015bliwych oraz niezast\u0105piony towarzysz ka\u017cdego mi\u0142o\u015bnika przyrody. <\/strong><\/p>\n<ul>\n<li>Do <strong>8 h ochrony przed komarami, kleszczami, strzy\u017cakami<\/strong> i innymi uci\u0105\u017cliwymi owadami<\/li>\n<li>Dzi\u0119ki wydajnej formule zu\u017cywa si\u0119 go mniej ni\u017c innych podobnych produkt\u00f3w<\/li>\n<li>37 ml<\/li>\n<li>W \u0142atwej do aplikacji butelce z atomizerem<\/li>\n<li>Na bazie wody<\/li>\n<\/ul>\n<p><img decoding=\"async\" class=\"alignnone wp-image-1909 size-full\" src=\"https:\/\/toidupakk.ee\/wp-content\/uploads\/2022\/05\/Saasetorje-Bens-Max-4-e1713251010971.png\" alt=\"\" width=\"139\" height=\"196\"><\/p>\n","protected":false},"featured_media":52708,"comment_status":"open","ping_status":"closed","template":"","meta":{"_acf_changed":false},"product_brand":[],"product_cat":[303,314,301,367],"product_tag":[],"class_list":{"0":"post-52702","1":"product","2":"type-product","3":"status-publish","4":"has-post-thumbnail","6":"product_cat-akcesoria-turystyczne","7":"product_cat-nocowanie-w-naturze","8":"product_cat-sprzet-turystyczny","9":"product_cat-srodki-na-komary-owady-i-kleszcze","11":"first","12":"outofstock","13":"taxable","14":"shipping-taxable","15":"purchasable","16":"product-type-simple"},"bundled_by":[],"bundle_stock_status":"outofstock","bundle_stock_quantity":0,"bundle_virtual":false,"bundle_layout":"","bundle_add_to_cart_form_location":"","bundle_editable_in_cart":false,"bundle_sold_individually_context":"","bundle_item_grouping":"","bundle_min_size":"","bundle_max_size":"","bundle_price":[],"bundled_items":[],"bundle_sell_ids":[],"acf":[],"yoast_head":"<!-- This site is optimized with the Yoast SEO plugin v27.1.1 - https:\/\/yoast.com\/product\/yoast-seo-wordpress\/ -->\n<title>\u015arodek na komary Ben&#039;s Max<\/title>\n<meta name=\"description\" content=\"\u015arodek na komary Ben&#039;s Max jest uznawany za najskuteczniejszy preparat na owady, jaki kiedykolwiek opracowano. To niezast\u0105piony towarzysz ka\u017cdego mi\u0142o\u015bnika przyrody.\" \/>\n<meta name=\"robots\" content=\"index, follow, max-snippet:-1, max-image-preview:large, max-video-preview:-1\" \/>\n<link rel=\"canonical\" href=\"https:\/\/toidupakk.ee\/pl\/toode\/srodek-na-komary-bens-max\/\" \/>\n<meta property=\"og:locale\" content=\"pl_PL\" \/>\n<meta property=\"og:type\" content=\"article\" \/>\n<meta property=\"og:title\" content=\"\u015arodek na komary Ben&#039;s Max\" \/>\n<meta property=\"og:description\" content=\"\u015arodek na komary Ben&#039;s Max jest uznawany za najskuteczniejszy preparat na owady, jaki kiedykolwiek opracowano. To niezast\u0105piony towarzysz ka\u017cdego mi\u0142o\u015bnika przyrody.\" \/>\n<meta property=\"og:url\" content=\"https:\/\/toidupakk.ee\/pl\/toode\/srodek-na-komary-bens-max\/\" \/>\n<meta property=\"og:site_name\" content=\"Toidupakk.ee - Tactical Foodpack toidupakid\" \/>\n<meta property=\"article:publisher\" content=\"https:\/\/www.facebook.com\/Toidupakk\" \/>\n<meta property=\"article:modified_time\" content=\"2026-04-04T00:00:51+00:00\" \/>\n<meta property=\"og:image\" content=\"https:\/\/toidupakk.ee\/wp-content\/uploads\/2022\/05\/Saasetorje-Bens-Max.png\" \/>\n\t<meta property=\"og:image:width\" content=\"1080\" \/>\n\t<meta property=\"og:image:height\" content=\"1080\" \/>\n\t<meta property=\"og:image:type\" content=\"image\/png\" \/>\n<meta name=\"twitter:card\" content=\"summary_large_image\" \/>\n<meta name=\"twitter:label1\" content=\"Szacowany czas czytania\" \/>\n\t<meta name=\"twitter:data1\" content=\"3 minuty\" \/>\n<script type=\"application\/ld+json\" class=\"yoast-schema-graph\">{\"@context\":\"https:\/\/schema.org\",\"@graph\":[{\"@type\":\"WebPage\",\"@id\":\"https:\/\/toidupakk.ee\/pl\/toode\/srodek-na-komary-bens-max\/\",\"url\":\"https:\/\/toidupakk.ee\/pl\/toode\/srodek-na-komary-bens-max\/\",\"name\":\"\u015arodek na komary Ben's Max\",\"isPartOf\":{\"@id\":\"https:\/\/toidupakk.ee\/pl\/#website\"},\"primaryImageOfPage\":{\"@id\":\"https:\/\/toidupakk.ee\/pl\/toode\/srodek-na-komary-bens-max\/#primaryimage\"},\"image\":{\"@id\":\"https:\/\/toidupakk.ee\/pl\/toode\/srodek-na-komary-bens-max\/#primaryimage\"},\"thumbnailUrl\":\"https:\/\/toidupakk.ee\/wp-content\/uploads\/2022\/05\/Saasetorje-Bens-Max.png\",\"datePublished\":\"2022-05-02T12:09:42+00:00\",\"dateModified\":\"2026-04-04T00:00:51+00:00\",\"description\":\"\u015arodek na komary Ben's Max jest uznawany za najskuteczniejszy preparat na owady, jaki kiedykolwiek opracowano. To niezast\u0105piony towarzysz ka\u017cdego mi\u0142o\u015bnika przyrody.\",\"breadcrumb\":{\"@id\":\"https:\/\/toidupakk.ee\/pl\/toode\/srodek-na-komary-bens-max\/#breadcrumb\"},\"inLanguage\":\"pl-PL\",\"potentialAction\":[{\"@type\":\"ReadAction\",\"target\":[\"https:\/\/toidupakk.ee\/pl\/toode\/srodek-na-komary-bens-max\/\"]}]},{\"@type\":\"ImageObject\",\"inLanguage\":\"pl-PL\",\"@id\":\"https:\/\/toidupakk.ee\/pl\/toode\/srodek-na-komary-bens-max\/#primaryimage\",\"url\":\"https:\/\/toidupakk.ee\/wp-content\/uploads\/2022\/05\/Saasetorje-Bens-Max.png\",\"contentUrl\":\"https:\/\/toidupakk.ee\/wp-content\/uploads\/2022\/05\/Saasetorje-Bens-Max.png\",\"width\":1080,\"height\":1080,\"caption\":\"\u015brodek na komary zdj\u0119cie produktu\"},{\"@type\":\"BreadcrumbList\",\"@id\":\"https:\/\/toidupakk.ee\/pl\/toode\/srodek-na-komary-bens-max\/#breadcrumb\",\"itemListElement\":[{\"@type\":\"ListItem\",\"position\":1,\"name\":\"Avaleht\",\"item\":\"https:\/\/toidupakk.ee\/pl\/\"},{\"@type\":\"ListItem\",\"position\":2,\"name\":\"Sklep internetowy\",\"item\":\"https:\/\/toidupakk.ee\/pl\/sklep-internetowy\/\"},{\"@type\":\"ListItem\",\"position\":3,\"name\":\"\u015arodek na komary Ben&#8217;s Max\"}]},{\"@type\":\"WebSite\",\"@id\":\"https:\/\/toidupakk.ee\/pl\/#website\",\"url\":\"https:\/\/toidupakk.ee\/pl\/\",\"name\":\"Toidupakk.ee - Tactical Foodpack toidupakid\",\"description\":\"Tactical Foodpack k\u00fclmkuivatatud toidupakid ja matkaeined\",\"publisher\":{\"@id\":\"https:\/\/toidupakk.ee\/pl\/#organization\"},\"potentialAction\":[{\"@type\":\"SearchAction\",\"target\":{\"@type\":\"EntryPoint\",\"urlTemplate\":\"https:\/\/toidupakk.ee\/pl\/?s={search_term_string}\"},\"query-input\":{\"@type\":\"PropertyValueSpecification\",\"valueRequired\":true,\"valueName\":\"search_term_string\"}}],\"inLanguage\":\"pl-PL\"},{\"@type\":\"Organization\",\"@id\":\"https:\/\/toidupakk.ee\/pl\/#organization\",\"name\":\"Tactical Foodpack matkaeined\",\"url\":\"https:\/\/toidupakk.ee\/pl\/\",\"logo\":{\"@type\":\"ImageObject\",\"inLanguage\":\"pl-PL\",\"@id\":\"https:\/\/toidupakk.ee\/pl\/#\/schema\/logo\/image\/\",\"url\":\"https:\/\/toidupakk.ee\/wp-content\/uploads\/2022\/01\/Toidupakk-matkapood-logo-transparent.png\",\"contentUrl\":\"https:\/\/toidupakk.ee\/wp-content\/uploads\/2022\/01\/Toidupakk-matkapood-logo-transparent.png\",\"width\":500,\"height\":500,\"caption\":\"Tactical Foodpack matkaeined\"},\"image\":{\"@id\":\"https:\/\/toidupakk.ee\/pl\/#\/schema\/logo\/image\/\"},\"sameAs\":[\"https:\/\/www.facebook.com\/Toidupakk\",\"https:\/\/www.instagram.com\/toidupakk\/\"]}]}<\/script>\n<!-- \/ Yoast SEO plugin. -->","yoast_head_json":{"title":"\u015arodek na komary Ben's Max","description":"\u015arodek na komary Ben's Max jest uznawany za najskuteczniejszy preparat na owady, jaki kiedykolwiek opracowano. To niezast\u0105piony towarzysz ka\u017cdego mi\u0142o\u015bnika przyrody.","robots":{"index":"index","follow":"follow","max-snippet":"max-snippet:-1","max-image-preview":"max-image-preview:large","max-video-preview":"max-video-preview:-1"},"canonical":"https:\/\/toidupakk.ee\/pl\/toode\/srodek-na-komary-bens-max\/","og_locale":"pl_PL","og_type":"article","og_title":"\u015arodek na komary Ben's Max","og_description":"\u015arodek na komary Ben's Max jest uznawany za najskuteczniejszy preparat na owady, jaki kiedykolwiek opracowano. To niezast\u0105piony towarzysz ka\u017cdego mi\u0142o\u015bnika przyrody.","og_url":"https:\/\/toidupakk.ee\/pl\/toode\/srodek-na-komary-bens-max\/","og_site_name":"Toidupakk.ee - Tactical Foodpack toidupakid","article_publisher":"https:\/\/www.facebook.com\/Toidupakk","article_modified_time":"2026-04-04T00:00:51+00:00","og_image":[{"width":1080,"height":1080,"url":"https:\/\/toidupakk.ee\/wp-content\/uploads\/2022\/05\/Saasetorje-Bens-Max.png","type":"image\/png"}],"twitter_card":"summary_large_image","twitter_misc":{"Szacowany czas czytania":"3 minuty"},"schema":{"@context":"https:\/\/schema.org","@graph":[{"@type":"WebPage","@id":"https:\/\/toidupakk.ee\/pl\/toode\/srodek-na-komary-bens-max\/","url":"https:\/\/toidupakk.ee\/pl\/toode\/srodek-na-komary-bens-max\/","name":"\u015arodek na komary Ben's Max","isPartOf":{"@id":"https:\/\/toidupakk.ee\/pl\/#website"},"primaryImageOfPage":{"@id":"https:\/\/toidupakk.ee\/pl\/toode\/srodek-na-komary-bens-max\/#primaryimage"},"image":{"@id":"https:\/\/toidupakk.ee\/pl\/toode\/srodek-na-komary-bens-max\/#primaryimage"},"thumbnailUrl":"https:\/\/toidupakk.ee\/wp-content\/uploads\/2022\/05\/Saasetorje-Bens-Max.png","datePublished":"2022-05-02T12:09:42+00:00","dateModified":"2026-04-04T00:00:51+00:00","description":"\u015arodek na komary Ben's Max jest uznawany za najskuteczniejszy preparat na owady, jaki kiedykolwiek opracowano. To niezast\u0105piony towarzysz ka\u017cdego mi\u0142o\u015bnika przyrody.","breadcrumb":{"@id":"https:\/\/toidupakk.ee\/pl\/toode\/srodek-na-komary-bens-max\/#breadcrumb"},"inLanguage":"pl-PL","potentialAction":[{"@type":"ReadAction","target":["https:\/\/toidupakk.ee\/pl\/toode\/srodek-na-komary-bens-max\/"]}]},{"@type":"ImageObject","inLanguage":"pl-PL","@id":"https:\/\/toidupakk.ee\/pl\/toode\/srodek-na-komary-bens-max\/#primaryimage","url":"https:\/\/toidupakk.ee\/wp-content\/uploads\/2022\/05\/Saasetorje-Bens-Max.png","contentUrl":"https:\/\/toidupakk.ee\/wp-content\/uploads\/2022\/05\/Saasetorje-Bens-Max.png","width":1080,"height":1080,"caption":"\u015brodek na komary zdj\u0119cie produktu"},{"@type":"BreadcrumbList","@id":"https:\/\/toidupakk.ee\/pl\/toode\/srodek-na-komary-bens-max\/#breadcrumb","itemListElement":[{"@type":"ListItem","position":1,"name":"Avaleht","item":"https:\/\/toidupakk.ee\/pl\/"},{"@type":"ListItem","position":2,"name":"Sklep internetowy","item":"https:\/\/toidupakk.ee\/pl\/sklep-internetowy\/"},{"@type":"ListItem","position":3,"name":"\u015arodek na komary Ben&#8217;s Max"}]},{"@type":"WebSite","@id":"https:\/\/toidupakk.ee\/pl\/#website","url":"https:\/\/toidupakk.ee\/pl\/","name":"Toidupakk.ee - Tactical Foodpack toidupakid","description":"Tactical Foodpack k\u00fclmkuivatatud toidupakid ja matkaeined","publisher":{"@id":"https:\/\/toidupakk.ee\/pl\/#organization"},"potentialAction":[{"@type":"SearchAction","target":{"@type":"EntryPoint","urlTemplate":"https:\/\/toidupakk.ee\/pl\/?s={search_term_string}"},"query-input":{"@type":"PropertyValueSpecification","valueRequired":true,"valueName":"search_term_string"}}],"inLanguage":"pl-PL"},{"@type":"Organization","@id":"https:\/\/toidupakk.ee\/pl\/#organization","name":"Tactical Foodpack matkaeined","url":"https:\/\/toidupakk.ee\/pl\/","logo":{"@type":"ImageObject","inLanguage":"pl-PL","@id":"https:\/\/toidupakk.ee\/pl\/#\/schema\/logo\/image\/","url":"https:\/\/toidupakk.ee\/wp-content\/uploads\/2022\/01\/Toidupakk-matkapood-logo-transparent.png","contentUrl":"https:\/\/toidupakk.ee\/wp-content\/uploads\/2022\/01\/Toidupakk-matkapood-logo-transparent.png","width":500,"height":500,"caption":"Tactical Foodpack matkaeined"},"image":{"@id":"https:\/\/toidupakk.ee\/pl\/#\/schema\/logo\/image\/"},"sameAs":["https:\/\/www.facebook.com\/Toidupakk","https:\/\/www.instagram.com\/toidupakk\/"]}]}},"jetpack_sharing_enabled":true,"_links":{"self":[{"href":"https:\/\/toidupakk.ee\/pl\/wp-json\/wp\/v2\/product\/52702","targetHints":{"allow":["GET"]}}],"collection":[{"href":"https:\/\/toidupakk.ee\/pl\/wp-json\/wp\/v2\/product"}],"about":[{"href":"https:\/\/toidupakk.ee\/pl\/wp-json\/wp\/v2\/types\/product"}],"replies":[{"embeddable":true,"href":"https:\/\/toidupakk.ee\/pl\/wp-json\/wp\/v2\/comments?post=52702"}],"wp:featuredmedia":[{"embeddable":true,"href":"https:\/\/toidupakk.ee\/pl\/wp-json\/wp\/v2\/media\/52708"}],"wp:attachment":[{"href":"https:\/\/toidupakk.ee\/pl\/wp-json\/wp\/v2\/media?parent=52702"}],"wp:term":[{"taxonomy":"product_brand","embeddable":true,"href":"https:\/\/toidupakk.ee\/pl\/wp-json\/wp\/v2\/product_brand?post=52702"},{"taxonomy":"product_cat","embeddable":true,"href":"https:\/\/toidupakk.ee\/pl\/wp-json\/wp\/v2\/product_cat?post=52702"},{"taxonomy":"product_tag","embeddable":true,"href":"https:\/\/toidupakk.ee\/pl\/wp-json\/wp\/v2\/product_tag?post=52702"}],"curies":[{"name":"wp","href":"https:\/\/api.w.org\/{rel}","templated":true}]}}