{"id":52692,"date":"2022-04-08T14:06:56","date_gmt":"2022-04-08T11:06:56","guid":{"rendered":"https:\/\/toidupakk.ee\/toode\/przenosny-grzejnik-gazowy\/"},"modified":"2026-04-15T22:30:43","modified_gmt":"2026-04-15T19:30:43","slug":"przenosny-grzejnik-gazowy","status":"publish","type":"product","link":"https:\/\/toidupakk.ee\/pl\/toode\/przenosny-grzejnik-gazowy\/","title":{"rendered":"Przeno\u015bny grzejnik gazowy"},"content":{"rendered":"<h1><img fetchpriority=\"high\" decoding=\"async\" class=\"alignright wp-image-6050 size-thumbnail\" src=\"https:\/\/toidupakk.ee\/wp-content\/uploads\/2022\/04\/Kaasaskantav-gaasisoojendi-gaasiballooniga-1-500x500.jpg\" alt=\"Grzejnik gazowy z butl\u0105\" width=\"500\" height=\"500\" srcset=\"https:\/\/toidupakk.ee\/wp-content\/uploads\/2022\/04\/Kaasaskantav-gaasisoojendi-gaasiballooniga-1-500x500.jpg 500w, https:\/\/toidupakk.ee\/wp-content\/uploads\/2022\/04\/Kaasaskantav-gaasisoojendi-gaasiballooniga-1-400x400.jpg 400w, https:\/\/toidupakk.ee\/wp-content\/uploads\/2022\/04\/Kaasaskantav-gaasisoojendi-gaasiballooniga-1-100x100.jpg 100w, https:\/\/toidupakk.ee\/wp-content\/uploads\/2022\/04\/Kaasaskantav-gaasisoojendi-gaasiballooniga-1-800x800.jpg 800w, https:\/\/toidupakk.ee\/wp-content\/uploads\/2022\/04\/Kaasaskantav-gaasisoojendi-gaasiballooniga-1-300x300.jpg 300w, https:\/\/toidupakk.ee\/wp-content\/uploads\/2022\/04\/Kaasaskantav-gaasisoojendi-gaasiballooniga-1-1024x1024.jpg 1024w, https:\/\/toidupakk.ee\/wp-content\/uploads\/2022\/04\/Kaasaskantav-gaasisoojendi-gaasiballooniga-1-768x768.jpg 768w, https:\/\/toidupakk.ee\/wp-content\/uploads\/2022\/04\/Kaasaskantav-gaasisoojendi-gaasiballooniga-1.jpg 1080w\" sizes=\"(max-width: 500px) 100vw, 500px\" \/><\/h1>\n<h1>Grzejnik gazowy jest niezast\u0105piony podczas ch\u0142odnych wypraw<\/h1>\n<p>Cho\u0107 kuchenka gazowa jest sta\u0142ym towarzyszem wypraw, podczas ch\u0142odniejszych dni warto pomy\u015ble\u0107 tak\u017ce o grzejniku gazowym. Je\u015bli w\u0119drujesz w niskich temperaturach, ma\u0142y i kompaktowy grzejnik gazowy MIL-TEC jest niezast\u0105piony do ogrzewania otwartych wiat lub domk\u00f3w my\u015bliwskich i turystycznych. Nie zalecamy urz\u0105dzenia do ogrzewania ma\u0142ych namiot\u00f3w, poniewa\u017c nale\u017cy zapewni\u0107 bezpiecze\u0144stwo przeciwpo\u017carowe i odpowiedni\u0105 wentylacj\u0119.  <\/p>\n<p>&nbsp;<\/p>\n<h2>Grzejnik gazowy jest lekki, ale wydajny<\/h2>\n<p>Sam grzejnik wa\u017cy ok. 330 g, a butla gazowa drugie tyle, co daje \u0142\u0105czn\u0105 wag\u0119 ok. 630 g. Ma\u0142e wymiary i niska waga pozwalaj\u0105 wygodnie spakowa\u0107 grzejnik wraz z butl\u0105 do <a href=\"https:\/\/toidupakk.ee\/tactical-foodpack\/matka-seljakott-75l-mil-tec\/\">plecaka turystycznego<\/a>. Do grzejnika do\u0142\u0105czona jest szczeg\u00f3\u0142owa instrukcja obs\u0142ugi i bezpiecze\u0144stwa, pokrowiec oraz n\u00f3\u017cki pod butl\u0119, kt\u00f3re zapewniaj\u0105 stabilno\u015b\u0107 na pod\u0142o\u017cu. Do odpalenia nie potrzebujesz zapa\u0142ek \u2013 posiada wbudowany zapalnik elektryczny.    <\/p>\n<p>Grzejnik gazowy wykonany jest z aluminium i wysokiej jako\u015bci stali nierdzewnej. Urz\u0105dzenie dzia\u0142a poprzez przekszta\u0142canie energii p\u0142omienia gazowego w ciep\u0142o i promieniuje je w po\u017c\u0105danym kierunku, podobnie jak piecyk. <\/p>\n<p>Wymiary ok. 15 cm x 15 cm x 14 cm.<\/p>\n<p>Grzejnik gazowy wyposa\u017cony jest w kratk\u0119 ochronn\u0105, kt\u00f3ra pomaga chroni\u0107 przed przypadkowymi oparzeniami. Moc grzewcza jest regulowana za pomoc\u0105 zaworu gazu, dzi\u0119ki czemu mo\u017cesz wybra\u0107 odpowiedni poziom ciep\u0142a, a tym samym kontrolowa\u0107 zu\u017cycie gazu. <\/p>\n<p><img decoding=\"async\" class=\"alignnone wp-image-1789 size-thumbnail\" src=\"https:\/\/toidupakk.ee\/wp-content\/uploads\/2022\/04\/Gaasisoojendi-kaasaskantav-2-500x500.jpg\" alt=\"Przeno\u015bny grzejnik gazowy\" width=\"500\" height=\"500\" srcset=\"https:\/\/toidupakk.ee\/wp-content\/uploads\/2022\/04\/Gaasisoojendi-kaasaskantav-2-500x500.jpg 500w, https:\/\/toidupakk.ee\/wp-content\/uploads\/2022\/04\/Gaasisoojendi-kaasaskantav-2-400x400.jpg 400w, https:\/\/toidupakk.ee\/wp-content\/uploads\/2022\/04\/Gaasisoojendi-kaasaskantav-2-100x100.jpg 100w, https:\/\/toidupakk.ee\/wp-content\/uploads\/2022\/04\/Gaasisoojendi-kaasaskantav-2-800x800.jpg 800w, https:\/\/toidupakk.ee\/wp-content\/uploads\/2022\/04\/Gaasisoojendi-kaasaskantav-2-300x300.jpg 300w, https:\/\/toidupakk.ee\/wp-content\/uploads\/2022\/04\/Gaasisoojendi-kaasaskantav-2-1024x1024.jpg 1024w, https:\/\/toidupakk.ee\/wp-content\/uploads\/2022\/04\/Gaasisoojendi-kaasaskantav-2-768x768.jpg 768w, https:\/\/toidupakk.ee\/wp-content\/uploads\/2022\/04\/Gaasisoojendi-kaasaskantav-2.jpg 1080w\" sizes=\"(max-width: 500px) 100vw, 500px\" \/><\/p>\n<h3>Postaw na wysok\u0105 jako\u015b\u0107 gazu<\/h3>\n<p>Gaz stosowany w grzejniku musi by\u0107 zgodny z europejsk\u0105 norm\u0105 EN417, dotycz\u0105c\u0105 jednorazowych metalowych butli na gaz p\u0142ynny. Norma ta okre\u015bla wymagania dotycz\u0105ce materia\u0142\u00f3w, konstrukcji, kontroli i znakowania butli z zaworem lub bez, przeznaczonych do u\u017cytku z urz\u0105dzeniami przeno\u015bnymi spe\u0142niaj\u0105cymi wymogi normy EN521. <\/p>\n<p>Do grzejnika najlepiej pasuje butla gazowa o wadze 200\u2013300 g z gwintowanym przy\u0142\u0105czem. Odpowiedni gaz znajdziesz tutaj. Gwintowany zaw\u00f3r zapewnia bezpiecze\u0144stwo i zapobiega nadmiernemu wyciekowi gazu podczas pod\u0142\u0105czania i od\u0142\u0105czania urz\u0105dzenia. Ten gaz turystyczny zawiera mieszank\u0119 butanu i propanu. <\/p>\n<p>&nbsp;<\/p>\n<h3>Bezpiecze\u0144stwo przede wszystkim!<\/h3>\n<ul>\n<li>U\u017cywaj wy\u0142\u0105cznie gazu okre\u015blonego w normie EN417<\/li>\n<li>Zawsze stawiaj urz\u0105dzenie na p\u0142askim pod\u0142o\u017cu<\/li>\n<li>U\u017cywaj tylko w dobrze wentylowanym i bezpiecznym pod wzgl\u0119dem po\u017carowym otoczeniu<\/li>\n<li>U\u017cywaj urz\u0105dzenia w odleg\u0142o\u015bci co najmniej 50 cm od materia\u0142\u00f3w \u0142atwopalnych i co najmniej 25 cm od \u015bcian<\/li>\n<li>Nigdy niczym nie zakrywaj grzejnika<\/li>\n<li>Grzejnik nie mo\u017ce by\u0107 u\u017cywany jako kuchenka turystyczna<\/li>\n<li>Nie dotykaj urz\u0105dzenia, gdy jest gor\u0105ce<\/li>\n<li>Zawsze ostud\u017a urz\u0105dzenie przed spakowaniem i zakr\u0119\u0107 gaz<\/li>\n<li>Trzymaj grzejnik z dala od dzieci i zwierz\u0105t domowych<\/li>\n<\/ul>\n<p>Zobacz wi\u0119cej akcesori\u00f3w turystycznych <a href=\"https:\/\/toidupakk.ee\/pl\/tootekategooria\/sprzet-turystyczny\/#section-3-79\">TUTAJ<\/a><\/p>\n<p>Znajd\u017a inspiracj\u0119 na kolejne przygody na <a href=\"https:\/\/www.instagram.com\/toidupakk\/\">Instagramie<\/a> i <a href=\"https:\/\/www.facebook.com\/Toidupakk\/\">Facebooku<\/a> Toidupakk.<\/p>\n<p>&nbsp;<\/p>\n<p>&nbsp;<\/p>\n","protected":false},"excerpt":{"rendered":"<p><strong>Grzejnik gazowy szybko i bardzo wydajnie ogrzewa ma\u0142e przestrzenie. My\u015bliwi u\u017cywaj\u0105 go do ogrzewania ambon, gdy na zewn\u0105trz jest zimno. W\u0119dkarze nad rzek\u0105 do ogrzania r\u0105k, podobnie jak tury\u015bci. Idealny do otwartych wiat i innych tego typu miejsc. Grzejnik dzia\u0142a na standardow\u0105 mieszank\u0119 butanu i propanu.    <\/strong><\/p>\n<ul>\n<li>Daje szybkie ciep\u0142o w mro\u017an\u0105 pogod\u0119<\/li>\n<li>Rozprowadza przyjemne ciep\u0142o w kilka sekund \u2013 ogrzej r\u0119ce, cia\u0142o lub p\u00f3\u0142otwart\u0105 przestrze\u0144<\/li>\n<li>Dodatkowe n\u00f3\u017cki dla stabilno\u015bci urz\u0105dzenia<\/li>\n<li>W zestawie specjalny pokrowiec na grzejnik<\/li>\n<li>Obudowa: aluminium, stal<\/li>\n<li>Zu\u017cycie gazu: \u015brednio 72 g\/h (regulowane)<\/li>\n<li>Moc: 1 kW (przy ci\u015bnieniu 1 bar)<\/li>\n<li>Zap\u0142on: wbudowany zapalnik elektryczny<\/li>\n<li>Waga: ok. 330 g <\/li>\n<li>Do grzejnika pasuj\u0105 <a href=\"https:\/\/toidupakk.ee\/pl\/tootekategooria\/gazy\/\">gwintowane butle gazowe<\/a>, kt\u00f3re znajdziesz <a href=\"https:\/\/toidupakk.ee\/pl\/tootekategooria\/gazy\/\">tutaj<\/a>.<\/li>\n<\/ul>\n<p>\u2705 Dost\u0119pne w magazynie, szybka dostawa w 1-3 dni robocze<br \/>\n\u2705 Kup teraz, zap\u0142a\u0107 p\u00f3\u017aniej (RRSO 0%)<\/p>\n","protected":false},"featured_media":1788,"comment_status":"open","ping_status":"closed","template":"","meta":{"_acf_changed":false},"product_brand":[],"product_cat":[303,383,324,317,325,311,326,301,304],"product_tag":[],"class_list":{"0":"post-52692","1":"product","2":"type-product","3":"status-publish","4":"has-post-thumbnail","6":"product_cat-akcesoria-turystyczne","7":"product_cat-cieplo","8":"product_cat-elementy-grzewcze","9":"product_cat-mil-tec","10":"product_cat-ogrzewacze-do-ciala","11":"product_cat-praktyczne-pomysly-na-prezent","12":"product_cat-produkty-zimowe","13":"product_cat-sprzet-turystyczny","14":"product_cat-wyposazenie-militarne","16":"first","17":"instock","18":"sale","19":"taxable","20":"shipping-taxable","21":"purchasable","22":"product-type-simple"},"bundled_by":[],"bundle_stock_status":"instock","bundle_stock_quantity":4,"bundle_virtual":false,"bundle_layout":"","bundle_add_to_cart_form_location":"","bundle_editable_in_cart":false,"bundle_sold_individually_context":"","bundle_item_grouping":"","bundle_min_size":"","bundle_max_size":"","bundle_price":[],"bundled_items":[],"bundle_sell_ids":[],"acf":[],"yoast_head":"<!-- This site is optimized with the Yoast SEO plugin v27.3 - https:\/\/yoast.com\/product\/yoast-seo-wordpress\/ -->\n<title>Przeno\u015bny grzejnik gazowy<\/title>\n<meta name=\"description\" content=\"Promiennikowy grzejnik gazowy Mil-Tec zasilany jest standardow\u0105 mieszank\u0105 butanu i propanu. B\u0142yskawicznie i bardzo wydajnie ogrzewa ma\u0142e pomieszczenia.\" \/>\n<meta name=\"robots\" content=\"index, follow, max-snippet:-1, max-image-preview:large, max-video-preview:-1\" \/>\n<link rel=\"canonical\" href=\"https:\/\/toidupakk.ee\/pl\/toode\/przenosny-grzejnik-gazowy\/\" \/>\n<meta property=\"og:locale\" content=\"pl_PL\" \/>\n<meta property=\"og:type\" content=\"article\" \/>\n<meta property=\"og:title\" content=\"Przeno\u015bny grzejnik gazowy\" \/>\n<meta property=\"og:description\" content=\"Promiennikowy grzejnik gazowy Mil-Tec zasilany jest standardow\u0105 mieszank\u0105 butanu i propanu. B\u0142yskawicznie i bardzo wydajnie ogrzewa ma\u0142e pomieszczenia.\" \/>\n<meta property=\"og:url\" content=\"https:\/\/toidupakk.ee\/pl\/toode\/przenosny-grzejnik-gazowy\/\" \/>\n<meta property=\"og:site_name\" content=\"Toidupakk.ee - Tactical Foodpack toidupakid\" \/>\n<meta property=\"article:publisher\" content=\"https:\/\/www.facebook.com\/Toidupakk\" \/>\n<meta property=\"article:modified_time\" content=\"2026-04-15T19:30:43+00:00\" \/>\n<meta property=\"og:image\" content=\"https:\/\/toidupakk.ee\/wp-content\/uploads\/2022\/04\/Gaasisoojendi-kaasaskantav-6.png\" \/>\n\t<meta property=\"og:image:width\" content=\"1080\" \/>\n\t<meta property=\"og:image:height\" content=\"1080\" \/>\n\t<meta property=\"og:image:type\" content=\"image\/png\" \/>\n<meta name=\"twitter:card\" content=\"summary_large_image\" \/>\n<meta name=\"twitter:label1\" content=\"Szacowany czas czytania\" \/>\n\t<meta name=\"twitter:data1\" content=\"2 minuty\" \/>\n<script type=\"application\/ld+json\" class=\"yoast-schema-graph\">{\"@context\":\"https:\\\/\\\/schema.org\",\"@graph\":[{\"@type\":\"WebPage\",\"@id\":\"https:\\\/\\\/toidupakk.ee\\\/pl\\\/toode\\\/przenosny-grzejnik-gazowy\\\/\",\"url\":\"https:\\\/\\\/toidupakk.ee\\\/pl\\\/toode\\\/przenosny-grzejnik-gazowy\\\/\",\"name\":\"Przeno\u015bny grzejnik gazowy\",\"isPartOf\":{\"@id\":\"https:\\\/\\\/toidupakk.ee\\\/pl\\\/#website\"},\"primaryImageOfPage\":{\"@id\":\"https:\\\/\\\/toidupakk.ee\\\/pl\\\/toode\\\/przenosny-grzejnik-gazowy\\\/#primaryimage\"},\"image\":{\"@id\":\"https:\\\/\\\/toidupakk.ee\\\/pl\\\/toode\\\/przenosny-grzejnik-gazowy\\\/#primaryimage\"},\"thumbnailUrl\":\"https:\\\/\\\/toidupakk.ee\\\/wp-content\\\/uploads\\\/2022\\\/04\\\/Gaasisoojendi-kaasaskantav-6.png\",\"datePublished\":\"2022-04-08T11:06:56+00:00\",\"dateModified\":\"2026-04-15T19:30:43+00:00\",\"description\":\"Promiennikowy grzejnik gazowy Mil-Tec zasilany jest standardow\u0105 mieszank\u0105 butanu i propanu. B\u0142yskawicznie i bardzo wydajnie ogrzewa ma\u0142e pomieszczenia.\",\"breadcrumb\":{\"@id\":\"https:\\\/\\\/toidupakk.ee\\\/pl\\\/toode\\\/przenosny-grzejnik-gazowy\\\/#breadcrumb\"},\"inLanguage\":\"pl-PL\",\"potentialAction\":[{\"@type\":\"ReadAction\",\"target\":[\"https:\\\/\\\/toidupakk.ee\\\/pl\\\/toode\\\/przenosny-grzejnik-gazowy\\\/\"]}]},{\"@type\":\"ImageObject\",\"inLanguage\":\"pl-PL\",\"@id\":\"https:\\\/\\\/toidupakk.ee\\\/pl\\\/toode\\\/przenosny-grzejnik-gazowy\\\/#primaryimage\",\"url\":\"https:\\\/\\\/toidupakk.ee\\\/wp-content\\\/uploads\\\/2022\\\/04\\\/Gaasisoojendi-kaasaskantav-6.png\",\"contentUrl\":\"https:\\\/\\\/toidupakk.ee\\\/wp-content\\\/uploads\\\/2022\\\/04\\\/Gaasisoojendi-kaasaskantav-6.png\",\"width\":1080,\"height\":1080,\"caption\":\"Gaasisoojendi kaasaskantav\"},{\"@type\":\"BreadcrumbList\",\"@id\":\"https:\\\/\\\/toidupakk.ee\\\/pl\\\/toode\\\/przenosny-grzejnik-gazowy\\\/#breadcrumb\",\"itemListElement\":[{\"@type\":\"ListItem\",\"position\":1,\"name\":\"Avaleht\",\"item\":\"https:\\\/\\\/toidupakk.ee\\\/pl\\\/\"},{\"@type\":\"ListItem\",\"position\":2,\"name\":\"Sklep internetowy\",\"item\":\"https:\\\/\\\/toidupakk.ee\\\/pl\\\/sklep-internetowy\\\/\"},{\"@type\":\"ListItem\",\"position\":3,\"name\":\"Przeno\u015bny grzejnik gazowy\"}]},{\"@type\":\"WebSite\",\"@id\":\"https:\\\/\\\/toidupakk.ee\\\/pl\\\/#website\",\"url\":\"https:\\\/\\\/toidupakk.ee\\\/pl\\\/\",\"name\":\"Toidupakk.ee - Tactical Foodpack toidupakid\",\"description\":\"Tactical Foodpack k\u00fclmkuivatatud toidupakid ja matkaeined\",\"publisher\":{\"@id\":\"https:\\\/\\\/toidupakk.ee\\\/pl\\\/#organization\"},\"potentialAction\":[{\"@type\":\"SearchAction\",\"target\":{\"@type\":\"EntryPoint\",\"urlTemplate\":\"https:\\\/\\\/toidupakk.ee\\\/pl\\\/?s={search_term_string}\"},\"query-input\":{\"@type\":\"PropertyValueSpecification\",\"valueRequired\":true,\"valueName\":\"search_term_string\"}}],\"inLanguage\":\"pl-PL\"},{\"@type\":\"Organization\",\"@id\":\"https:\\\/\\\/toidupakk.ee\\\/pl\\\/#organization\",\"name\":\"Tactical Foodpack matkaeined\",\"url\":\"https:\\\/\\\/toidupakk.ee\\\/pl\\\/\",\"logo\":{\"@type\":\"ImageObject\",\"inLanguage\":\"pl-PL\",\"@id\":\"https:\\\/\\\/toidupakk.ee\\\/pl\\\/#\\\/schema\\\/logo\\\/image\\\/\",\"url\":\"https:\\\/\\\/toidupakk.ee\\\/wp-content\\\/uploads\\\/2022\\\/01\\\/Toidupakk-matkapood-logo-transparent.png\",\"contentUrl\":\"https:\\\/\\\/toidupakk.ee\\\/wp-content\\\/uploads\\\/2022\\\/01\\\/Toidupakk-matkapood-logo-transparent.png\",\"width\":500,\"height\":500,\"caption\":\"Tactical Foodpack matkaeined\"},\"image\":{\"@id\":\"https:\\\/\\\/toidupakk.ee\\\/pl\\\/#\\\/schema\\\/logo\\\/image\\\/\"},\"sameAs\":[\"https:\\\/\\\/www.facebook.com\\\/Toidupakk\",\"https:\\\/\\\/www.instagram.com\\\/toidupakk\\\/\"]}]}<\/script>\n<!-- \/ Yoast SEO plugin. -->","yoast_head_json":{"title":"Przeno\u015bny grzejnik gazowy","description":"Promiennikowy grzejnik gazowy Mil-Tec zasilany jest standardow\u0105 mieszank\u0105 butanu i propanu. B\u0142yskawicznie i bardzo wydajnie ogrzewa ma\u0142e pomieszczenia.","robots":{"index":"index","follow":"follow","max-snippet":"max-snippet:-1","max-image-preview":"max-image-preview:large","max-video-preview":"max-video-preview:-1"},"canonical":"https:\/\/toidupakk.ee\/pl\/toode\/przenosny-grzejnik-gazowy\/","og_locale":"pl_PL","og_type":"article","og_title":"Przeno\u015bny grzejnik gazowy","og_description":"Promiennikowy grzejnik gazowy Mil-Tec zasilany jest standardow\u0105 mieszank\u0105 butanu i propanu. B\u0142yskawicznie i bardzo wydajnie ogrzewa ma\u0142e pomieszczenia.","og_url":"https:\/\/toidupakk.ee\/pl\/toode\/przenosny-grzejnik-gazowy\/","og_site_name":"Toidupakk.ee - Tactical Foodpack toidupakid","article_publisher":"https:\/\/www.facebook.com\/Toidupakk","article_modified_time":"2026-04-15T19:30:43+00:00","og_image":[{"width":1080,"height":1080,"url":"https:\/\/toidupakk.ee\/wp-content\/uploads\/2022\/04\/Gaasisoojendi-kaasaskantav-6.png","type":"image\/png"}],"twitter_card":"summary_large_image","twitter_misc":{"Szacowany czas czytania":"2 minuty"},"schema":{"@context":"https:\/\/schema.org","@graph":[{"@type":"WebPage","@id":"https:\/\/toidupakk.ee\/pl\/toode\/przenosny-grzejnik-gazowy\/","url":"https:\/\/toidupakk.ee\/pl\/toode\/przenosny-grzejnik-gazowy\/","name":"Przeno\u015bny grzejnik gazowy","isPartOf":{"@id":"https:\/\/toidupakk.ee\/pl\/#website"},"primaryImageOfPage":{"@id":"https:\/\/toidupakk.ee\/pl\/toode\/przenosny-grzejnik-gazowy\/#primaryimage"},"image":{"@id":"https:\/\/toidupakk.ee\/pl\/toode\/przenosny-grzejnik-gazowy\/#primaryimage"},"thumbnailUrl":"https:\/\/toidupakk.ee\/wp-content\/uploads\/2022\/04\/Gaasisoojendi-kaasaskantav-6.png","datePublished":"2022-04-08T11:06:56+00:00","dateModified":"2026-04-15T19:30:43+00:00","description":"Promiennikowy grzejnik gazowy Mil-Tec zasilany jest standardow\u0105 mieszank\u0105 butanu i propanu. B\u0142yskawicznie i bardzo wydajnie ogrzewa ma\u0142e pomieszczenia.","breadcrumb":{"@id":"https:\/\/toidupakk.ee\/pl\/toode\/przenosny-grzejnik-gazowy\/#breadcrumb"},"inLanguage":"pl-PL","potentialAction":[{"@type":"ReadAction","target":["https:\/\/toidupakk.ee\/pl\/toode\/przenosny-grzejnik-gazowy\/"]}]},{"@type":"ImageObject","inLanguage":"pl-PL","@id":"https:\/\/toidupakk.ee\/pl\/toode\/przenosny-grzejnik-gazowy\/#primaryimage","url":"https:\/\/toidupakk.ee\/wp-content\/uploads\/2022\/04\/Gaasisoojendi-kaasaskantav-6.png","contentUrl":"https:\/\/toidupakk.ee\/wp-content\/uploads\/2022\/04\/Gaasisoojendi-kaasaskantav-6.png","width":1080,"height":1080,"caption":"Gaasisoojendi kaasaskantav"},{"@type":"BreadcrumbList","@id":"https:\/\/toidupakk.ee\/pl\/toode\/przenosny-grzejnik-gazowy\/#breadcrumb","itemListElement":[{"@type":"ListItem","position":1,"name":"Avaleht","item":"https:\/\/toidupakk.ee\/pl\/"},{"@type":"ListItem","position":2,"name":"Sklep internetowy","item":"https:\/\/toidupakk.ee\/pl\/sklep-internetowy\/"},{"@type":"ListItem","position":3,"name":"Przeno\u015bny grzejnik gazowy"}]},{"@type":"WebSite","@id":"https:\/\/toidupakk.ee\/pl\/#website","url":"https:\/\/toidupakk.ee\/pl\/","name":"Toidupakk.ee - Tactical Foodpack toidupakid","description":"Tactical Foodpack k\u00fclmkuivatatud toidupakid ja matkaeined","publisher":{"@id":"https:\/\/toidupakk.ee\/pl\/#organization"},"potentialAction":[{"@type":"SearchAction","target":{"@type":"EntryPoint","urlTemplate":"https:\/\/toidupakk.ee\/pl\/?s={search_term_string}"},"query-input":{"@type":"PropertyValueSpecification","valueRequired":true,"valueName":"search_term_string"}}],"inLanguage":"pl-PL"},{"@type":"Organization","@id":"https:\/\/toidupakk.ee\/pl\/#organization","name":"Tactical Foodpack matkaeined","url":"https:\/\/toidupakk.ee\/pl\/","logo":{"@type":"ImageObject","inLanguage":"pl-PL","@id":"https:\/\/toidupakk.ee\/pl\/#\/schema\/logo\/image\/","url":"https:\/\/toidupakk.ee\/wp-content\/uploads\/2022\/01\/Toidupakk-matkapood-logo-transparent.png","contentUrl":"https:\/\/toidupakk.ee\/wp-content\/uploads\/2022\/01\/Toidupakk-matkapood-logo-transparent.png","width":500,"height":500,"caption":"Tactical Foodpack matkaeined"},"image":{"@id":"https:\/\/toidupakk.ee\/pl\/#\/schema\/logo\/image\/"},"sameAs":["https:\/\/www.facebook.com\/Toidupakk","https:\/\/www.instagram.com\/toidupakk\/"]}]}},"jetpack_sharing_enabled":true,"_links":{"self":[{"href":"https:\/\/toidupakk.ee\/pl\/wp-json\/wp\/v2\/product\/52692","targetHints":{"allow":["GET"]}}],"collection":[{"href":"https:\/\/toidupakk.ee\/pl\/wp-json\/wp\/v2\/product"}],"about":[{"href":"https:\/\/toidupakk.ee\/pl\/wp-json\/wp\/v2\/types\/product"}],"replies":[{"embeddable":true,"href":"https:\/\/toidupakk.ee\/pl\/wp-json\/wp\/v2\/comments?post=52692"}],"wp:featuredmedia":[{"embeddable":true,"href":"https:\/\/toidupakk.ee\/pl\/wp-json\/wp\/v2\/media\/1788"}],"wp:attachment":[{"href":"https:\/\/toidupakk.ee\/pl\/wp-json\/wp\/v2\/media?parent=52692"}],"wp:term":[{"taxonomy":"product_brand","embeddable":true,"href":"https:\/\/toidupakk.ee\/pl\/wp-json\/wp\/v2\/product_brand?post=52692"},{"taxonomy":"product_cat","embeddable":true,"href":"https:\/\/toidupakk.ee\/pl\/wp-json\/wp\/v2\/product_cat?post=52692"},{"taxonomy":"product_tag","embeddable":true,"href":"https:\/\/toidupakk.ee\/pl\/wp-json\/wp\/v2\/product_tag?post=52692"}],"curies":[{"name":"wp","href":"https:\/\/api.w.org\/{rel}","templated":true}]}}