{"id":52673,"date":"2022-04-06T16:40:23","date_gmt":"2022-04-06T13:40:23","guid":{"rendered":"https:\/\/toidupakk.ee\/toode\/zupa-krem-z-dyni-60-g\/"},"modified":"2026-04-14T23:31:22","modified_gmt":"2026-04-14T20:31:22","slug":"zupa-krem-z-dyni-60-g","status":"publish","type":"product","link":"https:\/\/toidupakk.ee\/pl\/toode\/zupa-krem-z-dyni-60-g\/","title":{"rendered":"Zupa krem z dyni 60 g"},"content":{"rendered":"<p>Sk\u0142adniki i w\u0142a\u015bciwo\u015bci<\/p>\n<p>Liofilizowane posi\u0142ki Meki to zdrowe, domowe dania, do kt\u00f3rych przygotowania potrzebujesz tylko wody. Dzi\u0119ki technologii liofilizacji zachowujemy warto\u015bci od\u017cywcze, zapach i smak potraw, wyd\u0142u\u017caj\u0105c ich termin przydatno\u015bci do 2 lat. Nasze jedzenie powstaje wy\u0142\u0105cznie z lokalnych sk\u0142adnik\u00f3w i nie zawiera konserwant\u00f3w.  <\/p>\n<p>Sk\u0142adniki:<br \/>\nDynia, ziemniaki, marchew, \u015aMIETANKA, SER TOPIONY, imbir, chili, cebula, czosnek, GA\u0141KA MUSZKATO\u0141OWA, curry w proszku, cukier, czarny pieprz, s\u00f3l.<br \/>\nCzas przygotowania: 8 min.<\/p>\n<table class=\"table table-responsive\">\n<thead>\n<tr>\n<th>\u015aREDNIA WARTO\u015a\u0106 OD\u017bYWCZA<\/th>\n<th>100 G<\/th>\n<\/tr>\n<\/thead>\n<tbody>\n<tr>\n<td>Energia<\/td>\n<td>2181 kJ \/ 521,5 kcal<\/td>\n<\/tr>\n<tr>\n<td>W\u0119glowodany<\/td>\n<td>62 g<\/td>\n<\/tr>\n<tr>\n<td>w tym cukry<\/td>\n<td>23,7 g<\/td>\n<\/tr>\n<tr>\n<td>Bia\u0142ko<\/td>\n<td>9,6 g<\/td>\n<\/tr>\n<tr>\n<td>T\u0142uszcze<\/td>\n<td>28,4 g<\/td>\n<\/tr>\n<tr>\n<td>w tym kwasy t\u0142uszczowe nasycone<\/td>\n<td>24,5 g<\/td>\n<\/tr>\n<\/tbody>\n<\/table>\n","protected":false},"excerpt":{"rendered":"<ul>\n<li>Wygodna do zabrania na le\u015bn\u0105 w\u0119dr\u00f3wk\u0119, wycieczk\u0119 samochodow\u0105 lub spacer na \u015bwie\u017cym powietrzu.<\/li>\n<li>Szybki posi\u0142ek gotowy wygodnie w 10 minut.<\/li>\n<li>Do posi\u0142ku wystarczy doda\u0107 tylko wod\u0119.<\/li>\n<li>Po\u017cywne lokalne danie, przygotowane w technologii liofilizacji.<\/li>\n<li>Bogata w sk\u0142adniki od\u017cywcze, syc\u0105ca i bez konserwant\u00f3w.<\/li>\n<li>Wyprodukowana g\u0142\u00f3wnie z lokalnych sk\u0142adnik\u00f3w.<\/li>\n<\/ul>\n<p>\u2705 Dost\u0119pne w magazynie, szybka dostawa w 1\u20133 dni robocze<\/p>\n","protected":false},"featured_media":1763,"comment_status":"open","ping_status":"closed","template":"","meta":{"_acf_changed":false},"product_brand":[],"product_cat":[303,301,349,396,380],"product_tag":[],"class_list":{"0":"post-52673","1":"product","2":"type-product","3":"status-publish","4":"has-post-thumbnail","6":"product_cat-akcesoria-turystyczne","7":"product_cat-sprzet-turystyczny","8":"product_cat-zupy","9":"product_cat-zupy-meki","10":"product_cat-zywnosc-turystyczna-meki","12":"first","13":"instock","14":"taxable","15":"shipping-taxable","16":"purchasable","17":"product-type-simple"},"bundled_by":[],"bundle_stock_status":"instock","bundle_stock_quantity":3,"bundle_virtual":false,"bundle_layout":"","bundle_add_to_cart_form_location":"","bundle_editable_in_cart":false,"bundle_sold_individually_context":"","bundle_item_grouping":"","bundle_min_size":"","bundle_max_size":"","bundle_price":[],"bundled_items":[],"bundle_sell_ids":[],"acf":[],"yoast_head":"<!-- This site is optimized with the Yoast SEO plugin v27.3 - https:\/\/yoast.com\/product\/yoast-seo-wordpress\/ -->\n<title>Zupa krem z dyni 60 g - Toidupakk.ee - Tactical Foodpack toidupakid<\/title>\n<meta name=\"robots\" content=\"index, follow, max-snippet:-1, max-image-preview:large, max-video-preview:-1\" \/>\n<link rel=\"canonical\" href=\"https:\/\/toidupakk.ee\/pl\/toode\/zupa-krem-z-dyni-60-g\/\" \/>\n<meta property=\"og:locale\" content=\"pl_PL\" \/>\n<meta property=\"og:type\" content=\"article\" \/>\n<meta property=\"og:title\" content=\"Zupa krem z dyni 60 g - Toidupakk.ee - Tactical Foodpack toidupakid\" \/>\n<meta property=\"og:description\" content=\"Wygodna do zabrania na le\u015bn\u0105 w\u0119dr\u00f3wk\u0119, wycieczk\u0119 samochodow\u0105 lub spacer na \u015bwie\u017cym powietrzu.  Szybki posi\u0142ek gotowy wygodnie w 10 minut.  Do posi\u0142ku wystarczy doda\u0107 tylko wod\u0119.  Po\u017cywne lokalne danie, przygotowane w technologii liofilizacji.  Bogata w sk\u0142adniki od\u017cywcze, syc\u0105ca i bez konserwant\u00f3w.  Wyprodukowana g\u0142\u00f3wnie z lokalnych sk\u0142adnik\u00f3w. \u2705 Dost\u0119pne w magazynie, szybka dostawa w 1\u20133 dni robocze\" \/>\n<meta property=\"og:url\" content=\"https:\/\/toidupakk.ee\/pl\/toode\/zupa-krem-z-dyni-60-g\/\" \/>\n<meta property=\"og:site_name\" content=\"Toidupakk.ee - Tactical Foodpack toidupakid\" \/>\n<meta property=\"article:publisher\" content=\"https:\/\/www.facebook.com\/Toidupakk\" \/>\n<meta property=\"article:modified_time\" content=\"2026-04-14T20:31:22+00:00\" \/>\n<meta property=\"og:image\" content=\"https:\/\/toidupakk.ee\/wp-content\/uploads\/2022\/04\/Korvitsapureesupp-60g.png\" \/>\n\t<meta property=\"og:image:width\" content=\"1080\" \/>\n\t<meta property=\"og:image:height\" content=\"1080\" \/>\n\t<meta property=\"og:image:type\" content=\"image\/png\" \/>\n<meta name=\"twitter:card\" content=\"summary_large_image\" \/>\n<meta name=\"twitter:label1\" content=\"Szacowany czas czytania\" \/>\n\t<meta name=\"twitter:data1\" content=\"1 minuta\" \/>\n<script type=\"application\/ld+json\" class=\"yoast-schema-graph\">{\"@context\":\"https:\\\/\\\/schema.org\",\"@graph\":[{\"@type\":\"WebPage\",\"@id\":\"https:\\\/\\\/toidupakk.ee\\\/pl\\\/toode\\\/zupa-krem-z-dyni-60-g\\\/\",\"url\":\"https:\\\/\\\/toidupakk.ee\\\/pl\\\/toode\\\/zupa-krem-z-dyni-60-g\\\/\",\"name\":\"Zupa krem z dyni 60 g - Toidupakk.ee - Tactical Foodpack toidupakid\",\"isPartOf\":{\"@id\":\"https:\\\/\\\/toidupakk.ee\\\/pl\\\/#website\"},\"primaryImageOfPage\":{\"@id\":\"https:\\\/\\\/toidupakk.ee\\\/pl\\\/toode\\\/zupa-krem-z-dyni-60-g\\\/#primaryimage\"},\"image\":{\"@id\":\"https:\\\/\\\/toidupakk.ee\\\/pl\\\/toode\\\/zupa-krem-z-dyni-60-g\\\/#primaryimage\"},\"thumbnailUrl\":\"https:\\\/\\\/toidupakk.ee\\\/wp-content\\\/uploads\\\/2022\\\/04\\\/Korvitsapureesupp-60g.png\",\"datePublished\":\"2022-04-06T13:40:23+00:00\",\"dateModified\":\"2026-04-14T20:31:22+00:00\",\"breadcrumb\":{\"@id\":\"https:\\\/\\\/toidupakk.ee\\\/pl\\\/toode\\\/zupa-krem-z-dyni-60-g\\\/#breadcrumb\"},\"inLanguage\":\"pl-PL\",\"potentialAction\":[{\"@type\":\"ReadAction\",\"target\":[\"https:\\\/\\\/toidupakk.ee\\\/pl\\\/toode\\\/zupa-krem-z-dyni-60-g\\\/\"]}]},{\"@type\":\"ImageObject\",\"inLanguage\":\"pl-PL\",\"@id\":\"https:\\\/\\\/toidupakk.ee\\\/pl\\\/toode\\\/zupa-krem-z-dyni-60-g\\\/#primaryimage\",\"url\":\"https:\\\/\\\/toidupakk.ee\\\/wp-content\\\/uploads\\\/2022\\\/04\\\/Korvitsapureesupp-60g.png\",\"contentUrl\":\"https:\\\/\\\/toidupakk.ee\\\/wp-content\\\/uploads\\\/2022\\\/04\\\/Korvitsapureesupp-60g.png\",\"width\":1080,\"height\":1080,\"caption\":\"K\u00f5rvitsap\u00fcreesupp 60g\"},{\"@type\":\"BreadcrumbList\",\"@id\":\"https:\\\/\\\/toidupakk.ee\\\/pl\\\/toode\\\/zupa-krem-z-dyni-60-g\\\/#breadcrumb\",\"itemListElement\":[{\"@type\":\"ListItem\",\"position\":1,\"name\":\"Avaleht\",\"item\":\"https:\\\/\\\/toidupakk.ee\\\/pl\\\/\"},{\"@type\":\"ListItem\",\"position\":2,\"name\":\"Sklep internetowy\",\"item\":\"https:\\\/\\\/toidupakk.ee\\\/pl\\\/sklep-internetowy\\\/\"},{\"@type\":\"ListItem\",\"position\":3,\"name\":\"Zupa krem z dyni 60 g\"}]},{\"@type\":\"WebSite\",\"@id\":\"https:\\\/\\\/toidupakk.ee\\\/pl\\\/#website\",\"url\":\"https:\\\/\\\/toidupakk.ee\\\/pl\\\/\",\"name\":\"Toidupakk.ee - Tactical Foodpack toidupakid\",\"description\":\"Tactical Foodpack k\u00fclmkuivatatud toidupakid ja matkaeined\",\"publisher\":{\"@id\":\"https:\\\/\\\/toidupakk.ee\\\/pl\\\/#organization\"},\"potentialAction\":[{\"@type\":\"SearchAction\",\"target\":{\"@type\":\"EntryPoint\",\"urlTemplate\":\"https:\\\/\\\/toidupakk.ee\\\/pl\\\/?s={search_term_string}\"},\"query-input\":{\"@type\":\"PropertyValueSpecification\",\"valueRequired\":true,\"valueName\":\"search_term_string\"}}],\"inLanguage\":\"pl-PL\"},{\"@type\":\"Organization\",\"@id\":\"https:\\\/\\\/toidupakk.ee\\\/pl\\\/#organization\",\"name\":\"Tactical Foodpack matkaeined\",\"url\":\"https:\\\/\\\/toidupakk.ee\\\/pl\\\/\",\"logo\":{\"@type\":\"ImageObject\",\"inLanguage\":\"pl-PL\",\"@id\":\"https:\\\/\\\/toidupakk.ee\\\/pl\\\/#\\\/schema\\\/logo\\\/image\\\/\",\"url\":\"https:\\\/\\\/toidupakk.ee\\\/wp-content\\\/uploads\\\/2022\\\/01\\\/Toidupakk-matkapood-logo-transparent.png\",\"contentUrl\":\"https:\\\/\\\/toidupakk.ee\\\/wp-content\\\/uploads\\\/2022\\\/01\\\/Toidupakk-matkapood-logo-transparent.png\",\"width\":500,\"height\":500,\"caption\":\"Tactical Foodpack matkaeined\"},\"image\":{\"@id\":\"https:\\\/\\\/toidupakk.ee\\\/pl\\\/#\\\/schema\\\/logo\\\/image\\\/\"},\"sameAs\":[\"https:\\\/\\\/www.facebook.com\\\/Toidupakk\",\"https:\\\/\\\/www.instagram.com\\\/toidupakk\\\/\"]}]}<\/script>\n<!-- \/ Yoast SEO plugin. -->","yoast_head_json":{"title":"Zupa krem z dyni 60 g - Toidupakk.ee - Tactical Foodpack toidupakid","robots":{"index":"index","follow":"follow","max-snippet":"max-snippet:-1","max-image-preview":"max-image-preview:large","max-video-preview":"max-video-preview:-1"},"canonical":"https:\/\/toidupakk.ee\/pl\/toode\/zupa-krem-z-dyni-60-g\/","og_locale":"pl_PL","og_type":"article","og_title":"Zupa krem z dyni 60 g - Toidupakk.ee - Tactical Foodpack toidupakid","og_description":"Wygodna do zabrania na le\u015bn\u0105 w\u0119dr\u00f3wk\u0119, wycieczk\u0119 samochodow\u0105 lub spacer na \u015bwie\u017cym powietrzu.  Szybki posi\u0142ek gotowy wygodnie w 10 minut.  Do posi\u0142ku wystarczy doda\u0107 tylko wod\u0119.  Po\u017cywne lokalne danie, przygotowane w technologii liofilizacji.  Bogata w sk\u0142adniki od\u017cywcze, syc\u0105ca i bez konserwant\u00f3w.  Wyprodukowana g\u0142\u00f3wnie z lokalnych sk\u0142adnik\u00f3w. \u2705 Dost\u0119pne w magazynie, szybka dostawa w 1\u20133 dni robocze","og_url":"https:\/\/toidupakk.ee\/pl\/toode\/zupa-krem-z-dyni-60-g\/","og_site_name":"Toidupakk.ee - Tactical Foodpack toidupakid","article_publisher":"https:\/\/www.facebook.com\/Toidupakk","article_modified_time":"2026-04-14T20:31:22+00:00","og_image":[{"width":1080,"height":1080,"url":"https:\/\/toidupakk.ee\/wp-content\/uploads\/2022\/04\/Korvitsapureesupp-60g.png","type":"image\/png"}],"twitter_card":"summary_large_image","twitter_misc":{"Szacowany czas czytania":"1 minuta"},"schema":{"@context":"https:\/\/schema.org","@graph":[{"@type":"WebPage","@id":"https:\/\/toidupakk.ee\/pl\/toode\/zupa-krem-z-dyni-60-g\/","url":"https:\/\/toidupakk.ee\/pl\/toode\/zupa-krem-z-dyni-60-g\/","name":"Zupa krem z dyni 60 g - Toidupakk.ee - Tactical Foodpack toidupakid","isPartOf":{"@id":"https:\/\/toidupakk.ee\/pl\/#website"},"primaryImageOfPage":{"@id":"https:\/\/toidupakk.ee\/pl\/toode\/zupa-krem-z-dyni-60-g\/#primaryimage"},"image":{"@id":"https:\/\/toidupakk.ee\/pl\/toode\/zupa-krem-z-dyni-60-g\/#primaryimage"},"thumbnailUrl":"https:\/\/toidupakk.ee\/wp-content\/uploads\/2022\/04\/Korvitsapureesupp-60g.png","datePublished":"2022-04-06T13:40:23+00:00","dateModified":"2026-04-14T20:31:22+00:00","breadcrumb":{"@id":"https:\/\/toidupakk.ee\/pl\/toode\/zupa-krem-z-dyni-60-g\/#breadcrumb"},"inLanguage":"pl-PL","potentialAction":[{"@type":"ReadAction","target":["https:\/\/toidupakk.ee\/pl\/toode\/zupa-krem-z-dyni-60-g\/"]}]},{"@type":"ImageObject","inLanguage":"pl-PL","@id":"https:\/\/toidupakk.ee\/pl\/toode\/zupa-krem-z-dyni-60-g\/#primaryimage","url":"https:\/\/toidupakk.ee\/wp-content\/uploads\/2022\/04\/Korvitsapureesupp-60g.png","contentUrl":"https:\/\/toidupakk.ee\/wp-content\/uploads\/2022\/04\/Korvitsapureesupp-60g.png","width":1080,"height":1080,"caption":"K\u00f5rvitsap\u00fcreesupp 60g"},{"@type":"BreadcrumbList","@id":"https:\/\/toidupakk.ee\/pl\/toode\/zupa-krem-z-dyni-60-g\/#breadcrumb","itemListElement":[{"@type":"ListItem","position":1,"name":"Avaleht","item":"https:\/\/toidupakk.ee\/pl\/"},{"@type":"ListItem","position":2,"name":"Sklep internetowy","item":"https:\/\/toidupakk.ee\/pl\/sklep-internetowy\/"},{"@type":"ListItem","position":3,"name":"Zupa krem z dyni 60 g"}]},{"@type":"WebSite","@id":"https:\/\/toidupakk.ee\/pl\/#website","url":"https:\/\/toidupakk.ee\/pl\/","name":"Toidupakk.ee - Tactical Foodpack toidupakid","description":"Tactical Foodpack k\u00fclmkuivatatud toidupakid ja matkaeined","publisher":{"@id":"https:\/\/toidupakk.ee\/pl\/#organization"},"potentialAction":[{"@type":"SearchAction","target":{"@type":"EntryPoint","urlTemplate":"https:\/\/toidupakk.ee\/pl\/?s={search_term_string}"},"query-input":{"@type":"PropertyValueSpecification","valueRequired":true,"valueName":"search_term_string"}}],"inLanguage":"pl-PL"},{"@type":"Organization","@id":"https:\/\/toidupakk.ee\/pl\/#organization","name":"Tactical Foodpack matkaeined","url":"https:\/\/toidupakk.ee\/pl\/","logo":{"@type":"ImageObject","inLanguage":"pl-PL","@id":"https:\/\/toidupakk.ee\/pl\/#\/schema\/logo\/image\/","url":"https:\/\/toidupakk.ee\/wp-content\/uploads\/2022\/01\/Toidupakk-matkapood-logo-transparent.png","contentUrl":"https:\/\/toidupakk.ee\/wp-content\/uploads\/2022\/01\/Toidupakk-matkapood-logo-transparent.png","width":500,"height":500,"caption":"Tactical Foodpack matkaeined"},"image":{"@id":"https:\/\/toidupakk.ee\/pl\/#\/schema\/logo\/image\/"},"sameAs":["https:\/\/www.facebook.com\/Toidupakk","https:\/\/www.instagram.com\/toidupakk\/"]}]}},"jetpack_sharing_enabled":true,"_links":{"self":[{"href":"https:\/\/toidupakk.ee\/pl\/wp-json\/wp\/v2\/product\/52673","targetHints":{"allow":["GET"]}}],"collection":[{"href":"https:\/\/toidupakk.ee\/pl\/wp-json\/wp\/v2\/product"}],"about":[{"href":"https:\/\/toidupakk.ee\/pl\/wp-json\/wp\/v2\/types\/product"}],"replies":[{"embeddable":true,"href":"https:\/\/toidupakk.ee\/pl\/wp-json\/wp\/v2\/comments?post=52673"}],"wp:featuredmedia":[{"embeddable":true,"href":"https:\/\/toidupakk.ee\/pl\/wp-json\/wp\/v2\/media\/1763"}],"wp:attachment":[{"href":"https:\/\/toidupakk.ee\/pl\/wp-json\/wp\/v2\/media?parent=52673"}],"wp:term":[{"taxonomy":"product_brand","embeddable":true,"href":"https:\/\/toidupakk.ee\/pl\/wp-json\/wp\/v2\/product_brand?post=52673"},{"taxonomy":"product_cat","embeddable":true,"href":"https:\/\/toidupakk.ee\/pl\/wp-json\/wp\/v2\/product_cat?post=52673"},{"taxonomy":"product_tag","embeddable":true,"href":"https:\/\/toidupakk.ee\/pl\/wp-json\/wp\/v2\/product_tag?post=52673"}],"curies":[{"name":"wp","href":"https:\/\/api.w.org\/{rel}","templated":true}]}}