{"id":52647,"date":"2022-04-05T13:18:33","date_gmt":"2022-04-05T10:18:33","guid":{"rendered":"https:\/\/toidupakk.ee\/toode\/lornetka-wstrzasoodporna-7x50\/"},"modified":"2026-04-15T10:31:35","modified_gmt":"2026-04-15T07:31:35","slug":"lornetka-wstrzasoodporna-7x50","status":"publish","type":"product","link":"https:\/\/toidupakk.ee\/pl\/toode\/lornetka-wstrzasoodporna-7x50\/","title":{"rendered":"Lornetka wstrz\u0105soodporna 7X50"},"content":{"rendered":"<h1>Wybierz m\u0105drze lornetk\u0119<\/h1>\n<p>&nbsp;<\/p>\n<p>Lornetka jest potrzebna, aby widzie\u0107 obiekty tak, jakby by\u0142y blisko. Dlatego powi\u0119kszenie, czyli zoom, jest jednym z najwa\u017cniejszych parametr\u00f3w, kt\u00f3re nale\u017cy wzi\u0105\u0107 pod uwag\u0119. W tym przypadku wi\u0119cej nie zawsze oznacza lepiej.  <\/p>\n<p>Przegl\u0105daj\u0105c lornetki, prawdopodobnie najpierw rzuc\u0105 Ci si\u0119 w oczy liczby \u2013 liczba x liczba. Pierwsza liczba oznacza powi\u0119kszenie, czyli ile razy bli\u017cej pojawi si\u0119 obiekt podczas obserwacji. Na przyk\u0142ad w przypadku lornetki 7\u00d750 oznacza to, \u017ce wszystko, na co patrzysz, wydaje si\u0119 siedem razy bli\u017csze ni\u017c go\u0142ym okiem.  <\/p>\n<p>Dla wi\u0119kszo\u015bci aktywno\u015bci powi\u0119kszenie 7x jest w zupe\u0142no\u015bci wystarczaj\u0105ce \u2013 w tym do polowa\u0144, obserwacji ptak\u00f3w czy zwyk\u0142ych obserwacji. Wa\u017cnym czynnikiem przy powi\u0119kszeniu jest stabilno\u015b\u0107 r\u0119ki trzymaj\u0105cej lornetk\u0119. Im wi\u0119ksza moc, tym trudniej ustabilizowa\u0107 obraz.  <\/p>\n<p>&nbsp;<\/p>\n<h2>Lornetka i obiektyw<\/h2>\n<p>Je\u015bli powi\u0119kszenie jest pierwsz\u0105 z dw\u00f3ch wa\u017cnych liczb, to rozmiar obiektywu jest drug\u0105. Gdy widzisz na lornetce oznaczenie 7&#215;50 mm, oznacza to, \u017ce \u015brednica obiektywu wynosi 50 mm. Im wi\u0119kszy obiektyw, tym wi\u0119cej \u015bwiat\u0142a wpada do lornetki.  <\/p>\n<h3>Pole widzenia i \u017arenica wyj\u015bciowa lornetki<\/h3>\n<p>Pole widzenia pokazuje, jak szeroki obraz wida\u0107 przez lornetk\u0119. Na przyk\u0142ad, je\u015bli patrzysz na obiekt oddalony o 1000 metr\u00f3w, szeroko\u015b\u0107 widoku, kt\u00f3ry widzisz, wynosi 123 metry. <\/p>\n<p>Je\u015bli skierujesz lornetk\u0119 w stron\u0119 \u017ar\u00f3d\u0142a \u015bwiat\u0142a i przytrzymasz j\u0105 co najmniej 30 cm od oczu, zobaczysz bia\u0142y punkt w \u015brodku ka\u017cdego obiektywu. Punkt ten jest cz\u0119sto nazywany \u017arenic\u0105 wyj\u015bciow\u0105 i odnosi si\u0119 do rzeczywistego punktu \u015bwietlnego, kt\u00f3ry dociera do oczu przez lornetk\u0119. Rozmiar tej wi\u0105zki \u015bwiat\u0142a wynika bezpo\u015brednio z dw\u00f3ch wymienionych wy\u017cej czynnik\u00f3w: powi\u0119kszenia i rozmiaru obiektywu.  <\/p>\n<p>Znaczenie \u015brednicy \u017arenicy wyj\u015bciowej jest bezpo\u015brednio zwi\u0105zane z funkcjonowaniem naszych oczu. W normalnych warunkach o\u015bwietleniowych \u017arenica oka jest zazwyczaj otwarta na oko\u0142o 2 mm. Jednak w ciemno\u015bci \u017arenica rozszerza si\u0119, aby wpu\u015bci\u0107 wi\u0119cej \u015bwiat\u0142a, a jej \u015brednica mo\u017ce osi\u0105gn\u0105\u0107 7 mm. Je\u015bli \u015brednica \u017arenicy wyj\u015bciowej lornetki jest mniejsza ni\u017c \u017arenica oka, obraz widziany przez ni\u0105 b\u0119dzie wydawa\u0142 si\u0119 ciemniejszy ni\u017c go\u0142ym okiem.   <\/p>\n<p>Przeci\u0119tny u\u017cytkownik, kt\u00f3ry korzysta z lornetki g\u0142\u00f3wnie w ci\u0105gu dnia, nie b\u0119dzie mia\u0142 problem\u00f3w z niemal \u017cadn\u0105 lornetk\u0105 dost\u0119pn\u0105 na rynku, poniewa\u017c \u017arenica wyj\u015bciowa jest wystarczaj\u0105co du\u017ca, aby skutecznie dzia\u0142a\u0107 w pe\u0142nym \u015bwietle.<\/p>\n<p>Zobacz wi\u0119cej akcesori\u00f3w turystycznych <a href=\"https:\/\/toidupakk.ee\/pl\/tootekategooria\/sprzet-turystyczny\/#section-3-79\">TUTAJ<\/a><\/p>\n<p>Znajd\u017a inspiracj\u0119 na kolejne przygody na <a href=\"https:\/\/www.instagram.com\/toidupakk\/\">Instagramie<\/a> i <a href=\"https:\/\/www.facebook.com\/Toidupakk\/\">Facebooku<\/a> Toidupakk.<\/p>\n","protected":false},"excerpt":{"rendered":"<p>Lornetka z gumow\u0105 pow\u0142ok\u0105, powi\u0119kszeniem 7x i obiektywem 50 mm. Idealna do obserwacji ptak\u00f3w, w\u0119dr\u00f3wek, biwakowania, obserwowania okolicy i innych aktywno\u015bci na \u015bwie\u017cym powietrzu. Dzi\u0119ki gumowej obudowie pewnie le\u017cy w d\u0142oni i nie \u015blizga si\u0119 w deszczu. W zestawie wygodny pokrowiec.   <\/p>\n<ul>\n<li>wysoko\u015b\u0107 18 cm<\/li>\n<li>szeroko\u015b\u0107 19 cm<\/li>\n<li>\u015brednica obiektywu 50 mm<\/li>\n<li>siedmiokrotne powi\u0119kszenie obrazu<\/li>\n<li>pole widzenia 123 m \/ 1000 m<\/li>\n<li>mo\u017cliwo\u015b\u0107 precyzyjnej regulacji dioptrii<\/li>\n<\/ul>\n<p>\u2705 Dost\u0119pne w magazynie, szybka dostawa w 1-3 dni robocze<br \/>\n\u2705 Kup teraz, zap\u0142a\u0107 p\u00f3\u017aniej (RRSO 0%)<\/p>\n","protected":false},"featured_media":1676,"comment_status":"open","ping_status":"closed","template":"","meta":{"_acf_changed":false},"product_brand":[],"product_cat":[303,395,317,311,301,304],"product_tag":[],"class_list":{"0":"post-52647","1":"product","2":"type-product","3":"status-publish","4":"has-post-thumbnail","6":"product_cat-akcesoria-turystyczne","7":"product_cat-lornetki","8":"product_cat-mil-tec","9":"product_cat-praktyczne-pomysly-na-prezent","10":"product_cat-sprzet-turystyczny","11":"product_cat-wyposazenie-militarne","13":"first","14":"instock","15":"sale","16":"taxable","17":"shipping-taxable","18":"purchasable","19":"product-type-simple"},"bundled_by":[],"bundle_stock_status":"instock","bundle_stock_quantity":1,"bundle_virtual":false,"bundle_layout":"","bundle_add_to_cart_form_location":"","bundle_editable_in_cart":false,"bundle_sold_individually_context":"","bundle_item_grouping":"","bundle_min_size":"","bundle_max_size":"","bundle_price":[],"bundled_items":[],"bundle_sell_ids":[],"acf":[],"yoast_head":"<!-- This site is optimized with the Yoast SEO plugin v27.3 - https:\/\/yoast.com\/product\/yoast-seo-wordpress\/ -->\n<title>Lornetka wstrz\u0105soodporna 7X50 - Toidupakk.ee - Tactical Foodpack toidupakid<\/title>\n<meta name=\"description\" content=\"Lornetka z powi\u0119kszeniem 7x i obiektywem 50 mm. Wstrz\u0105soodporna, a dzi\u0119ki gumowej pow\u0142oce pewnie le\u017cy w d\u0142oni i nie wy\u015blizguje si\u0119 nawet w mokrych warunkach.\" \/>\n<meta name=\"robots\" content=\"index, follow, max-snippet:-1, max-image-preview:large, max-video-preview:-1\" \/>\n<link rel=\"canonical\" href=\"https:\/\/toidupakk.ee\/pl\/toode\/lornetka-wstrzasoodporna-7x50\/\" \/>\n<meta property=\"og:locale\" content=\"pl_PL\" \/>\n<meta property=\"og:type\" content=\"article\" \/>\n<meta property=\"og:title\" content=\"Lornetka wstrz\u0105soodporna 7X50 - Toidupakk.ee - Tactical Foodpack toidupakid\" \/>\n<meta property=\"og:description\" content=\"Lornetka z powi\u0119kszeniem 7x i obiektywem 50 mm. Wstrz\u0105soodporna, a dzi\u0119ki gumowej pow\u0142oce pewnie le\u017cy w d\u0142oni i nie wy\u015blizguje si\u0119 nawet w mokrych warunkach.\" \/>\n<meta property=\"og:url\" content=\"https:\/\/toidupakk.ee\/pl\/toode\/lornetka-wstrzasoodporna-7x50\/\" \/>\n<meta property=\"og:site_name\" content=\"Toidupakk.ee - Tactical Foodpack toidupakid\" \/>\n<meta property=\"article:publisher\" content=\"https:\/\/www.facebook.com\/Toidupakk\" \/>\n<meta property=\"article:modified_time\" content=\"2026-04-15T07:31:35+00:00\" \/>\n<meta property=\"og:image\" content=\"https:\/\/toidupakk.ee\/wp-content\/uploads\/2022\/04\/Binokkel-porutuskindel-7X50-2.png\" \/>\n\t<meta property=\"og:image:width\" content=\"1080\" \/>\n\t<meta property=\"og:image:height\" content=\"1080\" \/>\n\t<meta property=\"og:image:type\" content=\"image\/png\" \/>\n<meta name=\"twitter:card\" content=\"summary_large_image\" \/>\n<meta name=\"twitter:label1\" content=\"Szacowany czas czytania\" \/>\n\t<meta name=\"twitter:data1\" content=\"2 minuty\" \/>\n<script type=\"application\/ld+json\" class=\"yoast-schema-graph\">{\"@context\":\"https:\\\/\\\/schema.org\",\"@graph\":[{\"@type\":\"WebPage\",\"@id\":\"https:\\\/\\\/toidupakk.ee\\\/pl\\\/toode\\\/lornetka-wstrzasoodporna-7x50\\\/\",\"url\":\"https:\\\/\\\/toidupakk.ee\\\/pl\\\/toode\\\/lornetka-wstrzasoodporna-7x50\\\/\",\"name\":\"Lornetka wstrz\u0105soodporna 7X50 - Toidupakk.ee - Tactical Foodpack toidupakid\",\"isPartOf\":{\"@id\":\"https:\\\/\\\/toidupakk.ee\\\/pl\\\/#website\"},\"primaryImageOfPage\":{\"@id\":\"https:\\\/\\\/toidupakk.ee\\\/pl\\\/toode\\\/lornetka-wstrzasoodporna-7x50\\\/#primaryimage\"},\"image\":{\"@id\":\"https:\\\/\\\/toidupakk.ee\\\/pl\\\/toode\\\/lornetka-wstrzasoodporna-7x50\\\/#primaryimage\"},\"thumbnailUrl\":\"https:\\\/\\\/toidupakk.ee\\\/wp-content\\\/uploads\\\/2022\\\/04\\\/Binokkel-porutuskindel-7X50-2.png\",\"datePublished\":\"2022-04-05T10:18:33+00:00\",\"dateModified\":\"2026-04-15T07:31:35+00:00\",\"description\":\"Lornetka z powi\u0119kszeniem 7x i obiektywem 50 mm. Wstrz\u0105soodporna, a dzi\u0119ki gumowej pow\u0142oce pewnie le\u017cy w d\u0142oni i nie wy\u015blizguje si\u0119 nawet w mokrych warunkach.\",\"breadcrumb\":{\"@id\":\"https:\\\/\\\/toidupakk.ee\\\/pl\\\/toode\\\/lornetka-wstrzasoodporna-7x50\\\/#breadcrumb\"},\"inLanguage\":\"pl-PL\",\"potentialAction\":[{\"@type\":\"ReadAction\",\"target\":[\"https:\\\/\\\/toidupakk.ee\\\/pl\\\/toode\\\/lornetka-wstrzasoodporna-7x50\\\/\"]}]},{\"@type\":\"ImageObject\",\"inLanguage\":\"pl-PL\",\"@id\":\"https:\\\/\\\/toidupakk.ee\\\/pl\\\/toode\\\/lornetka-wstrzasoodporna-7x50\\\/#primaryimage\",\"url\":\"https:\\\/\\\/toidupakk.ee\\\/wp-content\\\/uploads\\\/2022\\\/04\\\/Binokkel-porutuskindel-7X50-2.png\",\"contentUrl\":\"https:\\\/\\\/toidupakk.ee\\\/wp-content\\\/uploads\\\/2022\\\/04\\\/Binokkel-porutuskindel-7X50-2.png\",\"width\":1080,\"height\":1080,\"caption\":\"P\u00f5rutuskindel binokkel\"},{\"@type\":\"BreadcrumbList\",\"@id\":\"https:\\\/\\\/toidupakk.ee\\\/pl\\\/toode\\\/lornetka-wstrzasoodporna-7x50\\\/#breadcrumb\",\"itemListElement\":[{\"@type\":\"ListItem\",\"position\":1,\"name\":\"Avaleht\",\"item\":\"https:\\\/\\\/toidupakk.ee\\\/pl\\\/\"},{\"@type\":\"ListItem\",\"position\":2,\"name\":\"Sklep internetowy\",\"item\":\"https:\\\/\\\/toidupakk.ee\\\/pl\\\/sklep-internetowy\\\/\"},{\"@type\":\"ListItem\",\"position\":3,\"name\":\"Lornetka wstrz\u0105soodporna 7X50\"}]},{\"@type\":\"WebSite\",\"@id\":\"https:\\\/\\\/toidupakk.ee\\\/pl\\\/#website\",\"url\":\"https:\\\/\\\/toidupakk.ee\\\/pl\\\/\",\"name\":\"Toidupakk.ee - Tactical Foodpack toidupakid\",\"description\":\"Tactical Foodpack k\u00fclmkuivatatud toidupakid ja matkaeined\",\"publisher\":{\"@id\":\"https:\\\/\\\/toidupakk.ee\\\/pl\\\/#organization\"},\"potentialAction\":[{\"@type\":\"SearchAction\",\"target\":{\"@type\":\"EntryPoint\",\"urlTemplate\":\"https:\\\/\\\/toidupakk.ee\\\/pl\\\/?s={search_term_string}\"},\"query-input\":{\"@type\":\"PropertyValueSpecification\",\"valueRequired\":true,\"valueName\":\"search_term_string\"}}],\"inLanguage\":\"pl-PL\"},{\"@type\":\"Organization\",\"@id\":\"https:\\\/\\\/toidupakk.ee\\\/pl\\\/#organization\",\"name\":\"Tactical Foodpack matkaeined\",\"url\":\"https:\\\/\\\/toidupakk.ee\\\/pl\\\/\",\"logo\":{\"@type\":\"ImageObject\",\"inLanguage\":\"pl-PL\",\"@id\":\"https:\\\/\\\/toidupakk.ee\\\/pl\\\/#\\\/schema\\\/logo\\\/image\\\/\",\"url\":\"https:\\\/\\\/toidupakk.ee\\\/wp-content\\\/uploads\\\/2022\\\/01\\\/Toidupakk-matkapood-logo-transparent.png\",\"contentUrl\":\"https:\\\/\\\/toidupakk.ee\\\/wp-content\\\/uploads\\\/2022\\\/01\\\/Toidupakk-matkapood-logo-transparent.png\",\"width\":500,\"height\":500,\"caption\":\"Tactical Foodpack matkaeined\"},\"image\":{\"@id\":\"https:\\\/\\\/toidupakk.ee\\\/pl\\\/#\\\/schema\\\/logo\\\/image\\\/\"},\"sameAs\":[\"https:\\\/\\\/www.facebook.com\\\/Toidupakk\",\"https:\\\/\\\/www.instagram.com\\\/toidupakk\\\/\"]}]}<\/script>\n<!-- \/ Yoast SEO plugin. -->","yoast_head_json":{"title":"Lornetka wstrz\u0105soodporna 7X50 - Toidupakk.ee - Tactical Foodpack toidupakid","description":"Lornetka z powi\u0119kszeniem 7x i obiektywem 50 mm. Wstrz\u0105soodporna, a dzi\u0119ki gumowej pow\u0142oce pewnie le\u017cy w d\u0142oni i nie wy\u015blizguje si\u0119 nawet w mokrych warunkach.","robots":{"index":"index","follow":"follow","max-snippet":"max-snippet:-1","max-image-preview":"max-image-preview:large","max-video-preview":"max-video-preview:-1"},"canonical":"https:\/\/toidupakk.ee\/pl\/toode\/lornetka-wstrzasoodporna-7x50\/","og_locale":"pl_PL","og_type":"article","og_title":"Lornetka wstrz\u0105soodporna 7X50 - Toidupakk.ee - Tactical Foodpack toidupakid","og_description":"Lornetka z powi\u0119kszeniem 7x i obiektywem 50 mm. Wstrz\u0105soodporna, a dzi\u0119ki gumowej pow\u0142oce pewnie le\u017cy w d\u0142oni i nie wy\u015blizguje si\u0119 nawet w mokrych warunkach.","og_url":"https:\/\/toidupakk.ee\/pl\/toode\/lornetka-wstrzasoodporna-7x50\/","og_site_name":"Toidupakk.ee - Tactical Foodpack toidupakid","article_publisher":"https:\/\/www.facebook.com\/Toidupakk","article_modified_time":"2026-04-15T07:31:35+00:00","og_image":[{"width":1080,"height":1080,"url":"https:\/\/toidupakk.ee\/wp-content\/uploads\/2022\/04\/Binokkel-porutuskindel-7X50-2.png","type":"image\/png"}],"twitter_card":"summary_large_image","twitter_misc":{"Szacowany czas czytania":"2 minuty"},"schema":{"@context":"https:\/\/schema.org","@graph":[{"@type":"WebPage","@id":"https:\/\/toidupakk.ee\/pl\/toode\/lornetka-wstrzasoodporna-7x50\/","url":"https:\/\/toidupakk.ee\/pl\/toode\/lornetka-wstrzasoodporna-7x50\/","name":"Lornetka wstrz\u0105soodporna 7X50 - Toidupakk.ee - Tactical Foodpack toidupakid","isPartOf":{"@id":"https:\/\/toidupakk.ee\/pl\/#website"},"primaryImageOfPage":{"@id":"https:\/\/toidupakk.ee\/pl\/toode\/lornetka-wstrzasoodporna-7x50\/#primaryimage"},"image":{"@id":"https:\/\/toidupakk.ee\/pl\/toode\/lornetka-wstrzasoodporna-7x50\/#primaryimage"},"thumbnailUrl":"https:\/\/toidupakk.ee\/wp-content\/uploads\/2022\/04\/Binokkel-porutuskindel-7X50-2.png","datePublished":"2022-04-05T10:18:33+00:00","dateModified":"2026-04-15T07:31:35+00:00","description":"Lornetka z powi\u0119kszeniem 7x i obiektywem 50 mm. Wstrz\u0105soodporna, a dzi\u0119ki gumowej pow\u0142oce pewnie le\u017cy w d\u0142oni i nie wy\u015blizguje si\u0119 nawet w mokrych warunkach.","breadcrumb":{"@id":"https:\/\/toidupakk.ee\/pl\/toode\/lornetka-wstrzasoodporna-7x50\/#breadcrumb"},"inLanguage":"pl-PL","potentialAction":[{"@type":"ReadAction","target":["https:\/\/toidupakk.ee\/pl\/toode\/lornetka-wstrzasoodporna-7x50\/"]}]},{"@type":"ImageObject","inLanguage":"pl-PL","@id":"https:\/\/toidupakk.ee\/pl\/toode\/lornetka-wstrzasoodporna-7x50\/#primaryimage","url":"https:\/\/toidupakk.ee\/wp-content\/uploads\/2022\/04\/Binokkel-porutuskindel-7X50-2.png","contentUrl":"https:\/\/toidupakk.ee\/wp-content\/uploads\/2022\/04\/Binokkel-porutuskindel-7X50-2.png","width":1080,"height":1080,"caption":"P\u00f5rutuskindel binokkel"},{"@type":"BreadcrumbList","@id":"https:\/\/toidupakk.ee\/pl\/toode\/lornetka-wstrzasoodporna-7x50\/#breadcrumb","itemListElement":[{"@type":"ListItem","position":1,"name":"Avaleht","item":"https:\/\/toidupakk.ee\/pl\/"},{"@type":"ListItem","position":2,"name":"Sklep internetowy","item":"https:\/\/toidupakk.ee\/pl\/sklep-internetowy\/"},{"@type":"ListItem","position":3,"name":"Lornetka wstrz\u0105soodporna 7X50"}]},{"@type":"WebSite","@id":"https:\/\/toidupakk.ee\/pl\/#website","url":"https:\/\/toidupakk.ee\/pl\/","name":"Toidupakk.ee - Tactical Foodpack toidupakid","description":"Tactical Foodpack k\u00fclmkuivatatud toidupakid ja matkaeined","publisher":{"@id":"https:\/\/toidupakk.ee\/pl\/#organization"},"potentialAction":[{"@type":"SearchAction","target":{"@type":"EntryPoint","urlTemplate":"https:\/\/toidupakk.ee\/pl\/?s={search_term_string}"},"query-input":{"@type":"PropertyValueSpecification","valueRequired":true,"valueName":"search_term_string"}}],"inLanguage":"pl-PL"},{"@type":"Organization","@id":"https:\/\/toidupakk.ee\/pl\/#organization","name":"Tactical Foodpack matkaeined","url":"https:\/\/toidupakk.ee\/pl\/","logo":{"@type":"ImageObject","inLanguage":"pl-PL","@id":"https:\/\/toidupakk.ee\/pl\/#\/schema\/logo\/image\/","url":"https:\/\/toidupakk.ee\/wp-content\/uploads\/2022\/01\/Toidupakk-matkapood-logo-transparent.png","contentUrl":"https:\/\/toidupakk.ee\/wp-content\/uploads\/2022\/01\/Toidupakk-matkapood-logo-transparent.png","width":500,"height":500,"caption":"Tactical Foodpack matkaeined"},"image":{"@id":"https:\/\/toidupakk.ee\/pl\/#\/schema\/logo\/image\/"},"sameAs":["https:\/\/www.facebook.com\/Toidupakk","https:\/\/www.instagram.com\/toidupakk\/"]}]}},"jetpack_sharing_enabled":true,"_links":{"self":[{"href":"https:\/\/toidupakk.ee\/pl\/wp-json\/wp\/v2\/product\/52647","targetHints":{"allow":["GET"]}}],"collection":[{"href":"https:\/\/toidupakk.ee\/pl\/wp-json\/wp\/v2\/product"}],"about":[{"href":"https:\/\/toidupakk.ee\/pl\/wp-json\/wp\/v2\/types\/product"}],"replies":[{"embeddable":true,"href":"https:\/\/toidupakk.ee\/pl\/wp-json\/wp\/v2\/comments?post=52647"}],"wp:featuredmedia":[{"embeddable":true,"href":"https:\/\/toidupakk.ee\/pl\/wp-json\/wp\/v2\/media\/1676"}],"wp:attachment":[{"href":"https:\/\/toidupakk.ee\/pl\/wp-json\/wp\/v2\/media?parent=52647"}],"wp:term":[{"taxonomy":"product_brand","embeddable":true,"href":"https:\/\/toidupakk.ee\/pl\/wp-json\/wp\/v2\/product_brand?post=52647"},{"taxonomy":"product_cat","embeddable":true,"href":"https:\/\/toidupakk.ee\/pl\/wp-json\/wp\/v2\/product_cat?post=52647"},{"taxonomy":"product_tag","embeddable":true,"href":"https:\/\/toidupakk.ee\/pl\/wp-json\/wp\/v2\/product_tag?post=52647"}],"curies":[{"name":"wp","href":"https:\/\/api.w.org\/{rel}","templated":true}]}}