{"id":52636,"date":"2022-04-05T12:51:49","date_gmt":"2022-04-05T09:51:49","guid":{"rendered":"https:\/\/toidupakk.ee\/toode\/wodoodporna-lornetka-8x42\/"},"modified":"2026-04-15T04:30:47","modified_gmt":"2026-04-15T01:30:47","slug":"wodoodporna-lornetka-8x42","status":"publish","type":"product","link":"https:\/\/toidupakk.ee\/pl\/toode\/wodoodporna-lornetka-8x42\/","title":{"rendered":"Wodoodporna lornetka 8&#215;42"},"content":{"rendered":"<h1>Wybierz lornetk\u0119 m\u0105drze<\/h1>\n<p>Lornetka s\u0142u\u017cy do tego, by widzie\u0107 obiekty tak, jakby by\u0142y blisko. Dlatego powi\u0119kszenie (zoom) to jeden z najwa\u017cniejszych parametr\u00f3w, kt\u00f3re nale\u017cy wzi\u0105\u0107 pod uwag\u0119. W tym przypadku \u201ewi\u0119cej\u201d nie zawsze oznacza \u201elepiej\u201d.  <\/p>\n<p>Przygl\u0105daj\u0105c si\u0119 lornetce, pewnie najpierw rzuc\u0105 Ci si\u0119 w oczy liczby \u2013 liczba x liczba. Pierwsza z nich oznacza powi\u0119kszenie, czyli to, o ile bli\u017cszy wyda si\u0119 obiekt. Na przyk\u0142ad w lornetce 8&#215;42 oznacza to, \u017ce wszystko, na co patrzysz, wydaje si\u0119 osiem razy bli\u017csze ni\u017c go\u0142ym okiem.  <\/p>\n<p>Przy wi\u0119kszo\u015bci aktywno\u015bci powi\u0119kszenie 8x jest w zupe\u0142no\u015bci wystarczaj\u0105ce \u2013 w tym do polowa\u0144, obserwacji ptak\u00f3w czy po prostu podziwiania widok\u00f3w. Wa\u017cnym czynnikiem przy wyborze powi\u0119kszenia jest stabilno\u015b\u0107 r\u0119ki trzymaj\u0105cej lornetk\u0119. Im wi\u0119ksza moc, tym trudniej o stabilny obraz.  <\/p>\n<p><iframe style=\"width: 560px; height: 315px;\" title=\"Odtwarzacz wideo YouTube\" src=\"https:\/\/www.youtube.com\/embed\/QeYHjIAmIh4\" frameborder=\"0\" allowfullscreen=\"allowfullscreen\"><\/iframe><\/p>\n<h2>Lornetka i obiektyw<\/h2>\n<p>Je\u015bli powi\u0119kszenie to pierwsza z dw\u00f3ch wa\u017cnych liczb, to rozmiar obiektywu jest drug\u0105. Widz\u0105c na lornetce oznaczenie 8&#215;42 mm, wiesz, \u017ce \u015brednica obiektywu wynosi 42 mm. Im wi\u0119kszy obiektyw, tym wi\u0119cej \u015bwiat\u0142a wpada do \u015brodka. Przy wi\u0119kszo\u015bci zaj\u0119\u0107 w terenie rozmiar 42 mm uznaje si\u0119 za idealny.   <\/p>\n<p>&nbsp;<\/p>\n<h3>Pole widzenia i \u017arenica wyj\u015bciowa<\/h3>\n<p>Pole widzenia okre\u015bla, jak szeroki obraz widzisz przez lornetk\u0119. Na przyk\u0142ad, gdy patrzysz na obiekt oddalony o 1000 metr\u00f3w, szeroko\u015b\u0107 widoku wynosi 105 metr\u00f3w. <\/p>\n<p>Trzymaj\u0105c lornetk\u0119 skierowan\u0105 w stron\u0119 \u017ar\u00f3d\u0142a \u015bwiat\u0142a w odleg\u0142o\u015bci co najmniej 30 cm od oczu, zobaczysz bia\u0142y punkt w \u015brodku ka\u017cdego okularu. To \u017arenica wyj\u015bciowa \u2013 rzeczywisty punkt \u015bwietlny, kt\u00f3ry trafia do Twoich oczu. Rozmiar tej wi\u0105zki wynika bezpo\u015brednio z dw\u00f3ch wspomnianych czynnik\u00f3w: powi\u0119kszenia i rozmiaru obiektywu.  <\/p>\n<p>Znaczenie \u015brednicy \u017arenicy wyj\u015bciowej wi\u0105\u017ce si\u0119 bezpo\u015brednio z funkcjonowaniem naszych oczu. W normalnym \u015bwietle \u017arenica oka ma zwykle ok. 2 mm. W ciemno\u015bci otwiera si\u0119 jednak do 7 mm, by wpu\u015bci\u0107 wi\u0119cej \u015bwiat\u0142a. Je\u015bli \u015brednica \u017arenicy wyj\u015bciowej lornetki jest mniejsza ni\u017c \u017arenica oka, obraz b\u0119dzie wydawa\u0142 si\u0119 ciemniejszy ni\u017c w rzeczywisto\u015bci.   <\/p>\n<p>Przeci\u0119tny u\u017cytkownik, korzystaj\u0105cy z lornetki g\u0142\u00f3wnie w dzie\u0144, nie b\u0119dzie mia\u0142 problemu z niemal \u017cadnym modelem na rynku \u2013 \u017arenica wyj\u015bciowa jest wtedy wystarczaj\u0105co du\u017ca, by sprawnie dzia\u0142a\u0107 w pe\u0142nym \u015bwietle.<\/p>\n<p>Zobacz wi\u0119cej akcesori\u00f3w turystycznych <a href=\"https:\/\/toidupakk.ee\/pl\/tootekategooria\/sprzet-turystyczny\/#section-3-79\">TUTAJ<\/a><\/p>\n<p>Znajd\u017a inspiracj\u0119 na kolejne przygody na <a href=\"https:\/\/www.instagram.com\/toidupakk\/\">Instagramie<\/a> i <a href=\"https:\/\/www.facebook.com\/Toidupakk\/\">Facebooku<\/a> Toidupakk.<\/p>\n","protected":false},"excerpt":{"rendered":"<p><strong>Wodoodporna lornetka MIL-TEC\u00ae posiada powi\u0119kszenie 8x i obiektyw 42 mm. Hermetycznie zamkni\u0119ta obudowa z lekkich, lecz wytrzyma\u0142ych stop\u00f3w zapewnia 100% odporno\u015bci na wod\u0119, deszcz, \u015bnieg i zachlapania. Materia\u0142 jest r\u00f3wnie\u017c odporny na upadki i wstrz\u0105sy. To doskona\u0142y wyb\u00f3r dla \u017ceglarzy, mi\u0142o\u015bnik\u00f3w przyrody, ratownik\u00f3w i ka\u017cdego, kto potrzebuje niezawodnego sprz\u0119tu w trudnych warunkach pogodowych.   <\/strong><\/p>\n<ul>\n<li>\u015arednica obiektywu: 42 mm<\/li>\n<li>Powi\u0119kszenie: 8x<\/li>\n<li>Pole widzenia: 105 m \/ 1000 m<\/li>\n<li>\u0179renica wyj\u015bciowa (mm): 5,25 mm<\/li>\n<li>Regulacja dioptrii: TAK<\/li>\n<li>Precyzyjna regulacja dioptrii<\/li>\n<li>Waga: 660 g (z pokrowcem)<\/li>\n<li>Wodoodporna obudowa<\/li>\n<li>Os\u0142ona obiektywu<\/li>\n<li>Pasek do noszenia<\/li>\n<li>Pokrowiec<\/li>\n<\/ul>\n<p>\u2705 Dost\u0119pne w magazynie, szybka dostawa w 1-3 dni robocze<br \/>\n\u2705 Kup teraz, zap\u0142a\u0107 p\u00f3\u017aniej (RRSO 0%)<\/p>\n","protected":false},"featured_media":1668,"comment_status":"open","ping_status":"closed","template":"","meta":{"_acf_changed":false},"product_brand":[],"product_cat":[303,395,317,311,301,304],"product_tag":[],"class_list":{"0":"post-52636","1":"product","2":"type-product","3":"status-publish","4":"has-post-thumbnail","6":"product_cat-akcesoria-turystyczne","7":"product_cat-lornetki","8":"product_cat-mil-tec","9":"product_cat-praktyczne-pomysly-na-prezent","10":"product_cat-sprzet-turystyczny","11":"product_cat-wyposazenie-militarne","13":"first","14":"instock","15":"taxable","16":"shipping-taxable","17":"purchasable","18":"product-type-simple"},"bundled_by":[],"bundle_stock_status":"instock","bundle_stock_quantity":1,"bundle_virtual":false,"bundle_layout":"","bundle_add_to_cart_form_location":"","bundle_editable_in_cart":false,"bundle_sold_individually_context":"","bundle_item_grouping":"","bundle_min_size":"","bundle_max_size":"","bundle_price":[],"bundled_items":[],"bundle_sell_ids":[],"acf":[],"yoast_head":"<!-- This site is optimized with the Yoast SEO plugin v27.3 - https:\/\/yoast.com\/product\/yoast-seo-wordpress\/ -->\n<title>Wodoodporna lornetka 8x42<\/title>\n<meta name=\"description\" content=\"Lornetka Mil-Tec jest wodoodporna, posiada powi\u0119kszenie 8x i obiektyw 42 mm. Wytrzyma\u0142a, hermetycznie zamkni\u0119ta obudowa zapewnia 100% wodoszczelno\u015bci.\" \/>\n<meta name=\"robots\" content=\"index, follow, max-snippet:-1, max-image-preview:large, max-video-preview:-1\" \/>\n<link rel=\"canonical\" href=\"https:\/\/toidupakk.ee\/pl\/toode\/wodoodporna-lornetka-8x42\/\" \/>\n<meta property=\"og:locale\" content=\"pl_PL\" \/>\n<meta property=\"og:type\" content=\"article\" \/>\n<meta property=\"og:title\" content=\"Wodoodporna lornetka 8x42\" \/>\n<meta property=\"og:description\" content=\"Lornetka Mil-Tec jest wodoodporna, posiada powi\u0119kszenie 8x i obiektyw 42 mm. Wytrzyma\u0142a, hermetycznie zamkni\u0119ta obudowa zapewnia 100% wodoszczelno\u015bci.\" \/>\n<meta property=\"og:url\" content=\"https:\/\/toidupakk.ee\/pl\/toode\/wodoodporna-lornetka-8x42\/\" \/>\n<meta property=\"og:site_name\" content=\"Toidupakk.ee - Tactical Foodpack toidupakid\" \/>\n<meta property=\"article:publisher\" content=\"https:\/\/www.facebook.com\/Toidupakk\" \/>\n<meta property=\"article:modified_time\" content=\"2026-04-15T01:30:47+00:00\" \/>\n<meta property=\"og:image\" content=\"https:\/\/toidupakk.ee\/wp-content\/uploads\/2022\/04\/Veekindel-Binokkel-8X42-1.png\" \/>\n\t<meta property=\"og:image:width\" content=\"1080\" \/>\n\t<meta property=\"og:image:height\" content=\"1080\" \/>\n\t<meta property=\"og:image:type\" content=\"image\/png\" \/>\n<meta name=\"twitter:card\" content=\"summary_large_image\" \/>\n<meta name=\"twitter:label1\" content=\"Szacowany czas czytania\" \/>\n\t<meta name=\"twitter:data1\" content=\"2 minuty\" \/>\n<script type=\"application\/ld+json\" class=\"yoast-schema-graph\">{\"@context\":\"https:\\\/\\\/schema.org\",\"@graph\":[{\"@type\":\"WebPage\",\"@id\":\"https:\\\/\\\/toidupakk.ee\\\/pl\\\/toode\\\/wodoodporna-lornetka-8x42\\\/\",\"url\":\"https:\\\/\\\/toidupakk.ee\\\/pl\\\/toode\\\/wodoodporna-lornetka-8x42\\\/\",\"name\":\"Wodoodporna lornetka 8x42\",\"isPartOf\":{\"@id\":\"https:\\\/\\\/toidupakk.ee\\\/pl\\\/#website\"},\"primaryImageOfPage\":{\"@id\":\"https:\\\/\\\/toidupakk.ee\\\/pl\\\/toode\\\/wodoodporna-lornetka-8x42\\\/#primaryimage\"},\"image\":{\"@id\":\"https:\\\/\\\/toidupakk.ee\\\/pl\\\/toode\\\/wodoodporna-lornetka-8x42\\\/#primaryimage\"},\"thumbnailUrl\":\"https:\\\/\\\/toidupakk.ee\\\/wp-content\\\/uploads\\\/2022\\\/04\\\/Veekindel-Binokkel-8X42-1.png\",\"datePublished\":\"2022-04-05T09:51:49+00:00\",\"dateModified\":\"2026-04-15T01:30:47+00:00\",\"description\":\"Lornetka Mil-Tec jest wodoodporna, posiada powi\u0119kszenie 8x i obiektyw 42 mm. Wytrzyma\u0142a, hermetycznie zamkni\u0119ta obudowa zapewnia 100% wodoszczelno\u015bci.\",\"breadcrumb\":{\"@id\":\"https:\\\/\\\/toidupakk.ee\\\/pl\\\/toode\\\/wodoodporna-lornetka-8x42\\\/#breadcrumb\"},\"inLanguage\":\"pl-PL\",\"potentialAction\":[{\"@type\":\"ReadAction\",\"target\":[\"https:\\\/\\\/toidupakk.ee\\\/pl\\\/toode\\\/wodoodporna-lornetka-8x42\\\/\"]}]},{\"@type\":\"ImageObject\",\"inLanguage\":\"pl-PL\",\"@id\":\"https:\\\/\\\/toidupakk.ee\\\/pl\\\/toode\\\/wodoodporna-lornetka-8x42\\\/#primaryimage\",\"url\":\"https:\\\/\\\/toidupakk.ee\\\/wp-content\\\/uploads\\\/2022\\\/04\\\/Veekindel-Binokkel-8X42-1.png\",\"contentUrl\":\"https:\\\/\\\/toidupakk.ee\\\/wp-content\\\/uploads\\\/2022\\\/04\\\/Veekindel-Binokkel-8X42-1.png\",\"width\":1080,\"height\":1080,\"caption\":\"Veekindel binokkel tootepilt\"},{\"@type\":\"BreadcrumbList\",\"@id\":\"https:\\\/\\\/toidupakk.ee\\\/pl\\\/toode\\\/wodoodporna-lornetka-8x42\\\/#breadcrumb\",\"itemListElement\":[{\"@type\":\"ListItem\",\"position\":1,\"name\":\"Avaleht\",\"item\":\"https:\\\/\\\/toidupakk.ee\\\/pl\\\/\"},{\"@type\":\"ListItem\",\"position\":2,\"name\":\"Sklep internetowy\",\"item\":\"https:\\\/\\\/toidupakk.ee\\\/pl\\\/sklep-internetowy\\\/\"},{\"@type\":\"ListItem\",\"position\":3,\"name\":\"Wodoodporna lornetka 8&#215;42\"}]},{\"@type\":\"WebSite\",\"@id\":\"https:\\\/\\\/toidupakk.ee\\\/pl\\\/#website\",\"url\":\"https:\\\/\\\/toidupakk.ee\\\/pl\\\/\",\"name\":\"Toidupakk.ee - Tactical Foodpack toidupakid\",\"description\":\"Tactical Foodpack k\u00fclmkuivatatud toidupakid ja matkaeined\",\"publisher\":{\"@id\":\"https:\\\/\\\/toidupakk.ee\\\/pl\\\/#organization\"},\"potentialAction\":[{\"@type\":\"SearchAction\",\"target\":{\"@type\":\"EntryPoint\",\"urlTemplate\":\"https:\\\/\\\/toidupakk.ee\\\/pl\\\/?s={search_term_string}\"},\"query-input\":{\"@type\":\"PropertyValueSpecification\",\"valueRequired\":true,\"valueName\":\"search_term_string\"}}],\"inLanguage\":\"pl-PL\"},{\"@type\":\"Organization\",\"@id\":\"https:\\\/\\\/toidupakk.ee\\\/pl\\\/#organization\",\"name\":\"Tactical Foodpack matkaeined\",\"url\":\"https:\\\/\\\/toidupakk.ee\\\/pl\\\/\",\"logo\":{\"@type\":\"ImageObject\",\"inLanguage\":\"pl-PL\",\"@id\":\"https:\\\/\\\/toidupakk.ee\\\/pl\\\/#\\\/schema\\\/logo\\\/image\\\/\",\"url\":\"https:\\\/\\\/toidupakk.ee\\\/wp-content\\\/uploads\\\/2022\\\/01\\\/Toidupakk-matkapood-logo-transparent.png\",\"contentUrl\":\"https:\\\/\\\/toidupakk.ee\\\/wp-content\\\/uploads\\\/2022\\\/01\\\/Toidupakk-matkapood-logo-transparent.png\",\"width\":500,\"height\":500,\"caption\":\"Tactical Foodpack matkaeined\"},\"image\":{\"@id\":\"https:\\\/\\\/toidupakk.ee\\\/pl\\\/#\\\/schema\\\/logo\\\/image\\\/\"},\"sameAs\":[\"https:\\\/\\\/www.facebook.com\\\/Toidupakk\",\"https:\\\/\\\/www.instagram.com\\\/toidupakk\\\/\"]}]}<\/script>\n<!-- \/ Yoast SEO plugin. -->","yoast_head_json":{"title":"Wodoodporna lornetka 8x42","description":"Lornetka Mil-Tec jest wodoodporna, posiada powi\u0119kszenie 8x i obiektyw 42 mm. Wytrzyma\u0142a, hermetycznie zamkni\u0119ta obudowa zapewnia 100% wodoszczelno\u015bci.","robots":{"index":"index","follow":"follow","max-snippet":"max-snippet:-1","max-image-preview":"max-image-preview:large","max-video-preview":"max-video-preview:-1"},"canonical":"https:\/\/toidupakk.ee\/pl\/toode\/wodoodporna-lornetka-8x42\/","og_locale":"pl_PL","og_type":"article","og_title":"Wodoodporna lornetka 8x42","og_description":"Lornetka Mil-Tec jest wodoodporna, posiada powi\u0119kszenie 8x i obiektyw 42 mm. Wytrzyma\u0142a, hermetycznie zamkni\u0119ta obudowa zapewnia 100% wodoszczelno\u015bci.","og_url":"https:\/\/toidupakk.ee\/pl\/toode\/wodoodporna-lornetka-8x42\/","og_site_name":"Toidupakk.ee - Tactical Foodpack toidupakid","article_publisher":"https:\/\/www.facebook.com\/Toidupakk","article_modified_time":"2026-04-15T01:30:47+00:00","og_image":[{"width":1080,"height":1080,"url":"https:\/\/toidupakk.ee\/wp-content\/uploads\/2022\/04\/Veekindel-Binokkel-8X42-1.png","type":"image\/png"}],"twitter_card":"summary_large_image","twitter_misc":{"Szacowany czas czytania":"2 minuty"},"schema":{"@context":"https:\/\/schema.org","@graph":[{"@type":"WebPage","@id":"https:\/\/toidupakk.ee\/pl\/toode\/wodoodporna-lornetka-8x42\/","url":"https:\/\/toidupakk.ee\/pl\/toode\/wodoodporna-lornetka-8x42\/","name":"Wodoodporna lornetka 8x42","isPartOf":{"@id":"https:\/\/toidupakk.ee\/pl\/#website"},"primaryImageOfPage":{"@id":"https:\/\/toidupakk.ee\/pl\/toode\/wodoodporna-lornetka-8x42\/#primaryimage"},"image":{"@id":"https:\/\/toidupakk.ee\/pl\/toode\/wodoodporna-lornetka-8x42\/#primaryimage"},"thumbnailUrl":"https:\/\/toidupakk.ee\/wp-content\/uploads\/2022\/04\/Veekindel-Binokkel-8X42-1.png","datePublished":"2022-04-05T09:51:49+00:00","dateModified":"2026-04-15T01:30:47+00:00","description":"Lornetka Mil-Tec jest wodoodporna, posiada powi\u0119kszenie 8x i obiektyw 42 mm. Wytrzyma\u0142a, hermetycznie zamkni\u0119ta obudowa zapewnia 100% wodoszczelno\u015bci.","breadcrumb":{"@id":"https:\/\/toidupakk.ee\/pl\/toode\/wodoodporna-lornetka-8x42\/#breadcrumb"},"inLanguage":"pl-PL","potentialAction":[{"@type":"ReadAction","target":["https:\/\/toidupakk.ee\/pl\/toode\/wodoodporna-lornetka-8x42\/"]}]},{"@type":"ImageObject","inLanguage":"pl-PL","@id":"https:\/\/toidupakk.ee\/pl\/toode\/wodoodporna-lornetka-8x42\/#primaryimage","url":"https:\/\/toidupakk.ee\/wp-content\/uploads\/2022\/04\/Veekindel-Binokkel-8X42-1.png","contentUrl":"https:\/\/toidupakk.ee\/wp-content\/uploads\/2022\/04\/Veekindel-Binokkel-8X42-1.png","width":1080,"height":1080,"caption":"Veekindel binokkel tootepilt"},{"@type":"BreadcrumbList","@id":"https:\/\/toidupakk.ee\/pl\/toode\/wodoodporna-lornetka-8x42\/#breadcrumb","itemListElement":[{"@type":"ListItem","position":1,"name":"Avaleht","item":"https:\/\/toidupakk.ee\/pl\/"},{"@type":"ListItem","position":2,"name":"Sklep internetowy","item":"https:\/\/toidupakk.ee\/pl\/sklep-internetowy\/"},{"@type":"ListItem","position":3,"name":"Wodoodporna lornetka 8&#215;42"}]},{"@type":"WebSite","@id":"https:\/\/toidupakk.ee\/pl\/#website","url":"https:\/\/toidupakk.ee\/pl\/","name":"Toidupakk.ee - Tactical Foodpack toidupakid","description":"Tactical Foodpack k\u00fclmkuivatatud toidupakid ja matkaeined","publisher":{"@id":"https:\/\/toidupakk.ee\/pl\/#organization"},"potentialAction":[{"@type":"SearchAction","target":{"@type":"EntryPoint","urlTemplate":"https:\/\/toidupakk.ee\/pl\/?s={search_term_string}"},"query-input":{"@type":"PropertyValueSpecification","valueRequired":true,"valueName":"search_term_string"}}],"inLanguage":"pl-PL"},{"@type":"Organization","@id":"https:\/\/toidupakk.ee\/pl\/#organization","name":"Tactical Foodpack matkaeined","url":"https:\/\/toidupakk.ee\/pl\/","logo":{"@type":"ImageObject","inLanguage":"pl-PL","@id":"https:\/\/toidupakk.ee\/pl\/#\/schema\/logo\/image\/","url":"https:\/\/toidupakk.ee\/wp-content\/uploads\/2022\/01\/Toidupakk-matkapood-logo-transparent.png","contentUrl":"https:\/\/toidupakk.ee\/wp-content\/uploads\/2022\/01\/Toidupakk-matkapood-logo-transparent.png","width":500,"height":500,"caption":"Tactical Foodpack matkaeined"},"image":{"@id":"https:\/\/toidupakk.ee\/pl\/#\/schema\/logo\/image\/"},"sameAs":["https:\/\/www.facebook.com\/Toidupakk","https:\/\/www.instagram.com\/toidupakk\/"]}]}},"jetpack_sharing_enabled":true,"_links":{"self":[{"href":"https:\/\/toidupakk.ee\/pl\/wp-json\/wp\/v2\/product\/52636","targetHints":{"allow":["GET"]}}],"collection":[{"href":"https:\/\/toidupakk.ee\/pl\/wp-json\/wp\/v2\/product"}],"about":[{"href":"https:\/\/toidupakk.ee\/pl\/wp-json\/wp\/v2\/types\/product"}],"replies":[{"embeddable":true,"href":"https:\/\/toidupakk.ee\/pl\/wp-json\/wp\/v2\/comments?post=52636"}],"wp:featuredmedia":[{"embeddable":true,"href":"https:\/\/toidupakk.ee\/pl\/wp-json\/wp\/v2\/media\/1668"}],"wp:attachment":[{"href":"https:\/\/toidupakk.ee\/pl\/wp-json\/wp\/v2\/media?parent=52636"}],"wp:term":[{"taxonomy":"product_brand","embeddable":true,"href":"https:\/\/toidupakk.ee\/pl\/wp-json\/wp\/v2\/product_brand?post=52636"},{"taxonomy":"product_cat","embeddable":true,"href":"https:\/\/toidupakk.ee\/pl\/wp-json\/wp\/v2\/product_cat?post=52636"},{"taxonomy":"product_tag","embeddable":true,"href":"https:\/\/toidupakk.ee\/pl\/wp-json\/wp\/v2\/product_tag?post=52636"}],"curies":[{"name":"wp","href":"https:\/\/api.w.org\/{rel}","templated":true}]}}