{"id":52618,"date":"2022-03-11T17:43:26","date_gmt":"2022-03-11T15:43:26","guid":{"rendered":"https:\/\/toidupakk.ee\/toode\/peleryna-przeciwdeszczowa-poncho-mil-tec\/"},"modified":"2026-04-29T15:31:36","modified_gmt":"2026-04-29T12:31:36","slug":"peleryna-przeciwdeszczowa-poncho-mil-tec","status":"publish","type":"product","link":"https:\/\/toidupakk.ee\/pl\/toode\/peleryna-przeciwdeszczowa-poncho-mil-tec\/","title":{"rendered":"Peleryna przeciwdeszczowa Poncho MIL-TEC"},"content":{"rendered":"<h1>Peleryna zapewni Ci sucho\u015b\u0107 w ka\u017cdej sytuacji<\/h1>\n<p>Peleryna Mil-Tec jest uznawana za jedn\u0105 z najlepszych pod wzgl\u0119dem stosunku ceny do jako\u015bci. Wytrzyma\u0142y materia\u0142 PVC wytrzymuje do 1600 mm opad\u00f3w. Dodatkowo kaptur \u015bwietnie chroni twarz i g\u0142ow\u0119, tworz\u0105c wok\u00f3\u0142 nich rodzaj tunelu lub daszka. Peleryna jest na tyle du\u017ca, by swobodnie zakry\u0107 osob\u0119 o wzro\u015bcie niemal dw\u00f3ch metr\u00f3w.   <\/p>\n<p>&nbsp;<\/p>\n<h2>Peleryna zmienia si\u0119 w plandek\u0119?!<\/h2>\n<p>Peleryna Mil-Tec ma po bokach zatrzaski. Po ich rozpi\u0119ciu otrzymujesz wytrzyma\u0142\u0105 plandek\u0119, kt\u00f3r\u0105 mo\u017cesz roz\u0142o\u017cy\u0107 na ziemi, rozwiesi\u0107 jako daszek mi\u0119dzy drzewami lub u\u017cy\u0107 jako dodatkowy podk\u0142ad pod \u015bpiw\u00f3r w namiocie lub pod go\u0142ym niebem. Oznacza to, \u017ce zawsze masz przy sobie nie tylko peleryn\u0119, ale i spor\u0105, solidn\u0105 p\u0142acht\u0119, kt\u00f3ra w przeciwie\u0144stwie do zwyk\u0142ych plandek jest lekka i kompaktowa.  <\/p>\n<p><img fetchpriority=\"high\" decoding=\"async\" class=\"wp-image-1543 size-thumbnail alignright\" src=\"https:\/\/toidupakk.ee\/wp-content\/uploads\/2022\/03\/Vihmakeep-2-1-500x500.png\" alt=\"Peleryna wodoodporna\" width=\"500\" height=\"500\" srcset=\"https:\/\/toidupakk.ee\/wp-content\/uploads\/2022\/03\/Vihmakeep-2-1-500x500.png 500w, https:\/\/toidupakk.ee\/wp-content\/uploads\/2022\/03\/Vihmakeep-2-1-400x400.png 400w, https:\/\/toidupakk.ee\/wp-content\/uploads\/2022\/03\/Vihmakeep-2-1-100x100.png 100w, https:\/\/toidupakk.ee\/wp-content\/uploads\/2022\/03\/Vihmakeep-2-1-800x800.png 800w, https:\/\/toidupakk.ee\/wp-content\/uploads\/2022\/03\/Vihmakeep-2-1-300x300.png 300w, https:\/\/toidupakk.ee\/wp-content\/uploads\/2022\/03\/Vihmakeep-2-1-1024x1024.png 1024w, https:\/\/toidupakk.ee\/wp-content\/uploads\/2022\/03\/Vihmakeep-2-1-768x768.png 768w, https:\/\/toidupakk.ee\/wp-content\/uploads\/2022\/03\/Vihmakeep-2-1.png 1080w\" sizes=\"(max-width: 500px) 100vw, 500px\" \/><\/p>\n<h2>Wszystko si\u0119 zmie\u015bci<\/h2>\n<p>Peleryna jest szeroka, wi\u0119c bez problemu zmie\u015bcisz pod ni\u0105 plecak i os\u0142onisz niesione w r\u0119kach przedmioty. Podczas siedzenia zakrywa r\u00f3wnie\u017c nogi, co jest wa\u017cne w trakcie przerw na szlaku i sprawia, \u017ce ogl\u0105danie koncertu czy spektaklu na \u015bwie\u017cym powietrzu jest przyjemne nawet w deszczu. <\/p>\n<p>&nbsp;<\/p>\n<h3>Peleryna w wytrzyma\u0142ym pokrowcu<\/h3>\n<p>Peleryna jest zapakowana w worek transportowy z siatki poliestrowej, zapinany na mocny rzep. Posiada on p\u0119tl\u0119, kt\u00f3ra u\u0142atwia zawieszenie go na ga\u0142\u0119zi, wieszaku, przy plecaku lub na pasku.<\/p>\n<p>&nbsp;<\/p>\n<h3>Wysusz dok\u0142adnie!<\/h3>\n<p>Bardzo wa\u017cne jest, aby dok\u0142adnie wysuszy\u0107 wszelkie mokre lub wilgotne rzeczy przed ich ponownym z\u0142o\u017ceniem. Ta zasada zdecydowanie dotyczy te\u017c peleryny. Najprostszym sposobem podczas wyprawy jest rozwieszenie jej mi\u0119dzy drzewami po deszczu, ale je\u015bli musisz szybko j\u0105 z\u0142o\u017cy\u0107 i trafi do torby mokra, pami\u0119taj, by przed d\u0142u\u017cszym przechowywaniem dok\u0142adnie j\u0105 wysuszy\u0107, aby zapobiec powstawaniu ple\u015bni.  <\/p>\n<p>&nbsp;<\/p>\n<p>Zobacz wi\u0119cej akcesori\u00f3w turystycznych <a href=\"https:\/\/toidupakk.ee\/pl\/tootekategooria\/sprzet-turystyczny\/#section-3-79\">TUTAJ<\/a><\/p>\n<p>Znajd\u017a inspiracj\u0119 na kolejne przygody na <a href=\"https:\/\/www.instagram.com\/toidupakk\/\">Instagramie<\/a> i <a href=\"https:\/\/www.facebook.com\/Toidupakk\/\">Facebooku<\/a> Toidupakk.<\/p>\n","protected":false},"excerpt":{"rendered":"<p><strong>Wytrzyma\u0142a peleryna z PVC z g\u0142\u0119bokim kapturem i zatrzaskami, zapakowana w wygodny, oddychaj\u0105cy pokrowiec. Jest kompaktowa i \u0142atwo mie\u015bci si\u0119 w plecaku. Boczne zatrzaski pozwalaj\u0105 na roz\u0142o\u017cenie jej jako plandeki lub rozwieszenie jako zadaszenia. Wielofunkcyjne poncho s\u0142u\u017cy do ochrony przed deszczem oraz jako schronienie.   <\/strong><\/p>\n<ul>\n<li>Wytrzyma\u0142y, wodoodporny materia\u0142 \u2013 wodoodporno\u015b\u0107 1600 mm<\/li>\n<li>G\u0142\u0119boki kaptur chroni\u0105cy twarz przed deszczem<\/li>\n<li>Ca\u0142kowicie rozpinane zatrzaski z boku (pozwalaj\u0105 u\u017cy\u0107 peleryny jako podk\u0142adu lub zadaszenia mi\u0119dzy drzewami)<\/li>\n<li>Wygodna w przenoszeniu \u2013 zapakowana w worek z siatki<\/li>\n<li>Materia\u0142: 100% PVC<\/li>\n<li>Wymiary po roz\u0142o\u017ceniu: 203 x 127 cm<\/li>\n<li>Lekka, wa\u017cy poni\u017cej 300g \u2013 prawie nie poczujesz jej na sobie<\/li>\n<li>Kolor: czarny<\/li>\n<\/ul>\n<p>\u2705 Produkt dost\u0119pny w magazynie, szybka dostawa 1-3 dni robocze<\/p>\n","protected":false},"featured_media":1544,"comment_status":"open","ping_status":"closed","template":"","meta":{"_acf_changed":false},"product_brand":[],"product_cat":[303,318,317,319,311,301,304],"product_tag":[],"class_list":{"0":"post-52618","1":"product","2":"type-product","3":"status-publish","4":"has-post-thumbnail","6":"product_cat-akcesoria-turystyczne","7":"product_cat-kurtki","8":"product_cat-mil-tec","9":"product_cat-odziez","10":"product_cat-praktyczne-pomysly-na-prezent","11":"product_cat-sprzet-turystyczny","12":"product_cat-wyposazenie-militarne","14":"first","15":"instock","16":"sale","17":"taxable","18":"shipping-taxable","19":"purchasable","20":"product-type-simple"},"bundled_by":[],"bundle_stock_status":"instock","bundle_stock_quantity":9,"bundle_virtual":false,"bundle_layout":"","bundle_add_to_cart_form_location":"","bundle_editable_in_cart":false,"bundle_sold_individually_context":"","bundle_item_grouping":"","bundle_min_size":"","bundle_max_size":"","bundle_price":[],"bundled_items":[],"bundle_sell_ids":[],"acf":[],"yoast_head":"<!-- This site is optimized with the Yoast SEO plugin v27.3 - https:\/\/yoast.com\/product\/yoast-seo-wordpress\/ -->\n<title>Peleryna przeciwdeszczowa Poncho MIL-TEC<\/title>\n<meta name=\"description\" content=\"Peleryna przeciwdeszczowa Mil-Tec to wytrzyma\u0142e poncho z PVC z g\u0142\u0119bokim kapturem i zatrzaskami, kt\u00f3re mo\u017cna ca\u0142kowicie rozpi\u0105\u0107.\" \/>\n<meta name=\"robots\" content=\"index, follow, max-snippet:-1, max-image-preview:large, max-video-preview:-1\" \/>\n<link rel=\"canonical\" href=\"https:\/\/toidupakk.ee\/pl\/toode\/peleryna-przeciwdeszczowa-poncho-mil-tec\/\" \/>\n<meta property=\"og:locale\" content=\"pl_PL\" \/>\n<meta property=\"og:type\" content=\"article\" \/>\n<meta property=\"og:title\" content=\"Peleryna przeciwdeszczowa Poncho MIL-TEC\" \/>\n<meta property=\"og:description\" content=\"Peleryna przeciwdeszczowa Mil-Tec to wytrzyma\u0142e poncho z PVC z g\u0142\u0119bokim kapturem i zatrzaskami, kt\u00f3re mo\u017cna ca\u0142kowicie rozpi\u0105\u0107.\" \/>\n<meta property=\"og:url\" content=\"https:\/\/toidupakk.ee\/pl\/toode\/peleryna-przeciwdeszczowa-poncho-mil-tec\/\" \/>\n<meta property=\"og:site_name\" content=\"Toidupakk.ee - Tactical Foodpack toidupakid\" \/>\n<meta property=\"article:publisher\" content=\"https:\/\/www.facebook.com\/Toidupakk\" \/>\n<meta property=\"article:modified_time\" content=\"2026-04-29T12:31:36+00:00\" \/>\n<meta property=\"og:image\" content=\"https:\/\/toidupakk.ee\/wp-content\/uploads\/2022\/03\/Vihmakeep-3.png\" \/>\n\t<meta property=\"og:image:width\" content=\"1080\" \/>\n\t<meta property=\"og:image:height\" content=\"1080\" \/>\n\t<meta property=\"og:image:type\" content=\"image\/png\" \/>\n<meta name=\"twitter:card\" content=\"summary_large_image\" \/>\n<meta name=\"twitter:label1\" content=\"Szacowany czas czytania\" \/>\n\t<meta name=\"twitter:data1\" content=\"2 minuty\" \/>\n<script type=\"application\/ld+json\" class=\"yoast-schema-graph\">{\"@context\":\"https:\\\/\\\/schema.org\",\"@graph\":[{\"@type\":\"WebPage\",\"@id\":\"https:\\\/\\\/toidupakk.ee\\\/pl\\\/toode\\\/peleryna-przeciwdeszczowa-poncho-mil-tec\\\/\",\"url\":\"https:\\\/\\\/toidupakk.ee\\\/pl\\\/toode\\\/peleryna-przeciwdeszczowa-poncho-mil-tec\\\/\",\"name\":\"Peleryna przeciwdeszczowa Poncho MIL-TEC\",\"isPartOf\":{\"@id\":\"https:\\\/\\\/toidupakk.ee\\\/pl\\\/#website\"},\"primaryImageOfPage\":{\"@id\":\"https:\\\/\\\/toidupakk.ee\\\/pl\\\/toode\\\/peleryna-przeciwdeszczowa-poncho-mil-tec\\\/#primaryimage\"},\"image\":{\"@id\":\"https:\\\/\\\/toidupakk.ee\\\/pl\\\/toode\\\/peleryna-przeciwdeszczowa-poncho-mil-tec\\\/#primaryimage\"},\"thumbnailUrl\":\"https:\\\/\\\/toidupakk.ee\\\/wp-content\\\/uploads\\\/2022\\\/03\\\/Vihmakeep-3.png\",\"datePublished\":\"2022-03-11T15:43:26+00:00\",\"dateModified\":\"2026-04-29T12:31:36+00:00\",\"description\":\"Peleryna przeciwdeszczowa Mil-Tec to wytrzyma\u0142e poncho z PVC z g\u0142\u0119bokim kapturem i zatrzaskami, kt\u00f3re mo\u017cna ca\u0142kowicie rozpi\u0105\u0107.\",\"breadcrumb\":{\"@id\":\"https:\\\/\\\/toidupakk.ee\\\/pl\\\/toode\\\/peleryna-przeciwdeszczowa-poncho-mil-tec\\\/#breadcrumb\"},\"inLanguage\":\"pl-PL\",\"potentialAction\":[{\"@type\":\"ReadAction\",\"target\":[\"https:\\\/\\\/toidupakk.ee\\\/pl\\\/toode\\\/peleryna-przeciwdeszczowa-poncho-mil-tec\\\/\"]}]},{\"@type\":\"ImageObject\",\"inLanguage\":\"pl-PL\",\"@id\":\"https:\\\/\\\/toidupakk.ee\\\/pl\\\/toode\\\/peleryna-przeciwdeszczowa-poncho-mil-tec\\\/#primaryimage\",\"url\":\"https:\\\/\\\/toidupakk.ee\\\/wp-content\\\/uploads\\\/2022\\\/03\\\/Vihmakeep-3.png\",\"contentUrl\":\"https:\\\/\\\/toidupakk.ee\\\/wp-content\\\/uploads\\\/2022\\\/03\\\/Vihmakeep-3.png\",\"width\":1080,\"height\":1080,\"caption\":\"Vihmakeep Poncho Mil-Tec\"},{\"@type\":\"BreadcrumbList\",\"@id\":\"https:\\\/\\\/toidupakk.ee\\\/pl\\\/toode\\\/peleryna-przeciwdeszczowa-poncho-mil-tec\\\/#breadcrumb\",\"itemListElement\":[{\"@type\":\"ListItem\",\"position\":1,\"name\":\"Avaleht\",\"item\":\"https:\\\/\\\/toidupakk.ee\\\/pl\\\/\"},{\"@type\":\"ListItem\",\"position\":2,\"name\":\"Sklep internetowy\",\"item\":\"https:\\\/\\\/toidupakk.ee\\\/pl\\\/sklep-internetowy\\\/\"},{\"@type\":\"ListItem\",\"position\":3,\"name\":\"Peleryna przeciwdeszczowa Poncho MIL-TEC\"}]},{\"@type\":\"WebSite\",\"@id\":\"https:\\\/\\\/toidupakk.ee\\\/pl\\\/#website\",\"url\":\"https:\\\/\\\/toidupakk.ee\\\/pl\\\/\",\"name\":\"Toidupakk.ee - Tactical Foodpack toidupakid\",\"description\":\"Tactical Foodpack k\u00fclmkuivatatud toidupakid ja matkaeined\",\"publisher\":{\"@id\":\"https:\\\/\\\/toidupakk.ee\\\/pl\\\/#organization\"},\"potentialAction\":[{\"@type\":\"SearchAction\",\"target\":{\"@type\":\"EntryPoint\",\"urlTemplate\":\"https:\\\/\\\/toidupakk.ee\\\/pl\\\/?s={search_term_string}\"},\"query-input\":{\"@type\":\"PropertyValueSpecification\",\"valueRequired\":true,\"valueName\":\"search_term_string\"}}],\"inLanguage\":\"pl-PL\"},{\"@type\":\"Organization\",\"@id\":\"https:\\\/\\\/toidupakk.ee\\\/pl\\\/#organization\",\"name\":\"Tactical Foodpack matkaeined\",\"url\":\"https:\\\/\\\/toidupakk.ee\\\/pl\\\/\",\"logo\":{\"@type\":\"ImageObject\",\"inLanguage\":\"pl-PL\",\"@id\":\"https:\\\/\\\/toidupakk.ee\\\/pl\\\/#\\\/schema\\\/logo\\\/image\\\/\",\"url\":\"https:\\\/\\\/toidupakk.ee\\\/wp-content\\\/uploads\\\/2022\\\/01\\\/Toidupakk-matkapood-logo-transparent.png\",\"contentUrl\":\"https:\\\/\\\/toidupakk.ee\\\/wp-content\\\/uploads\\\/2022\\\/01\\\/Toidupakk-matkapood-logo-transparent.png\",\"width\":500,\"height\":500,\"caption\":\"Tactical Foodpack matkaeined\"},\"image\":{\"@id\":\"https:\\\/\\\/toidupakk.ee\\\/pl\\\/#\\\/schema\\\/logo\\\/image\\\/\"},\"sameAs\":[\"https:\\\/\\\/www.facebook.com\\\/Toidupakk\",\"https:\\\/\\\/www.instagram.com\\\/toidupakk\\\/\"]}]}<\/script>\n<!-- \/ Yoast SEO plugin. -->","yoast_head_json":{"title":"Peleryna przeciwdeszczowa Poncho MIL-TEC","description":"Peleryna przeciwdeszczowa Mil-Tec to wytrzyma\u0142e poncho z PVC z g\u0142\u0119bokim kapturem i zatrzaskami, kt\u00f3re mo\u017cna ca\u0142kowicie rozpi\u0105\u0107.","robots":{"index":"index","follow":"follow","max-snippet":"max-snippet:-1","max-image-preview":"max-image-preview:large","max-video-preview":"max-video-preview:-1"},"canonical":"https:\/\/toidupakk.ee\/pl\/toode\/peleryna-przeciwdeszczowa-poncho-mil-tec\/","og_locale":"pl_PL","og_type":"article","og_title":"Peleryna przeciwdeszczowa Poncho MIL-TEC","og_description":"Peleryna przeciwdeszczowa Mil-Tec to wytrzyma\u0142e poncho z PVC z g\u0142\u0119bokim kapturem i zatrzaskami, kt\u00f3re mo\u017cna ca\u0142kowicie rozpi\u0105\u0107.","og_url":"https:\/\/toidupakk.ee\/pl\/toode\/peleryna-przeciwdeszczowa-poncho-mil-tec\/","og_site_name":"Toidupakk.ee - Tactical Foodpack toidupakid","article_publisher":"https:\/\/www.facebook.com\/Toidupakk","article_modified_time":"2026-04-29T12:31:36+00:00","og_image":[{"width":1080,"height":1080,"url":"https:\/\/toidupakk.ee\/wp-content\/uploads\/2022\/03\/Vihmakeep-3.png","type":"image\/png"}],"twitter_card":"summary_large_image","twitter_misc":{"Szacowany czas czytania":"2 minuty"},"schema":{"@context":"https:\/\/schema.org","@graph":[{"@type":"WebPage","@id":"https:\/\/toidupakk.ee\/pl\/toode\/peleryna-przeciwdeszczowa-poncho-mil-tec\/","url":"https:\/\/toidupakk.ee\/pl\/toode\/peleryna-przeciwdeszczowa-poncho-mil-tec\/","name":"Peleryna przeciwdeszczowa Poncho MIL-TEC","isPartOf":{"@id":"https:\/\/toidupakk.ee\/pl\/#website"},"primaryImageOfPage":{"@id":"https:\/\/toidupakk.ee\/pl\/toode\/peleryna-przeciwdeszczowa-poncho-mil-tec\/#primaryimage"},"image":{"@id":"https:\/\/toidupakk.ee\/pl\/toode\/peleryna-przeciwdeszczowa-poncho-mil-tec\/#primaryimage"},"thumbnailUrl":"https:\/\/toidupakk.ee\/wp-content\/uploads\/2022\/03\/Vihmakeep-3.png","datePublished":"2022-03-11T15:43:26+00:00","dateModified":"2026-04-29T12:31:36+00:00","description":"Peleryna przeciwdeszczowa Mil-Tec to wytrzyma\u0142e poncho z PVC z g\u0142\u0119bokim kapturem i zatrzaskami, kt\u00f3re mo\u017cna ca\u0142kowicie rozpi\u0105\u0107.","breadcrumb":{"@id":"https:\/\/toidupakk.ee\/pl\/toode\/peleryna-przeciwdeszczowa-poncho-mil-tec\/#breadcrumb"},"inLanguage":"pl-PL","potentialAction":[{"@type":"ReadAction","target":["https:\/\/toidupakk.ee\/pl\/toode\/peleryna-przeciwdeszczowa-poncho-mil-tec\/"]}]},{"@type":"ImageObject","inLanguage":"pl-PL","@id":"https:\/\/toidupakk.ee\/pl\/toode\/peleryna-przeciwdeszczowa-poncho-mil-tec\/#primaryimage","url":"https:\/\/toidupakk.ee\/wp-content\/uploads\/2022\/03\/Vihmakeep-3.png","contentUrl":"https:\/\/toidupakk.ee\/wp-content\/uploads\/2022\/03\/Vihmakeep-3.png","width":1080,"height":1080,"caption":"Vihmakeep Poncho Mil-Tec"},{"@type":"BreadcrumbList","@id":"https:\/\/toidupakk.ee\/pl\/toode\/peleryna-przeciwdeszczowa-poncho-mil-tec\/#breadcrumb","itemListElement":[{"@type":"ListItem","position":1,"name":"Avaleht","item":"https:\/\/toidupakk.ee\/pl\/"},{"@type":"ListItem","position":2,"name":"Sklep internetowy","item":"https:\/\/toidupakk.ee\/pl\/sklep-internetowy\/"},{"@type":"ListItem","position":3,"name":"Peleryna przeciwdeszczowa Poncho MIL-TEC"}]},{"@type":"WebSite","@id":"https:\/\/toidupakk.ee\/pl\/#website","url":"https:\/\/toidupakk.ee\/pl\/","name":"Toidupakk.ee - Tactical Foodpack toidupakid","description":"Tactical Foodpack k\u00fclmkuivatatud toidupakid ja matkaeined","publisher":{"@id":"https:\/\/toidupakk.ee\/pl\/#organization"},"potentialAction":[{"@type":"SearchAction","target":{"@type":"EntryPoint","urlTemplate":"https:\/\/toidupakk.ee\/pl\/?s={search_term_string}"},"query-input":{"@type":"PropertyValueSpecification","valueRequired":true,"valueName":"search_term_string"}}],"inLanguage":"pl-PL"},{"@type":"Organization","@id":"https:\/\/toidupakk.ee\/pl\/#organization","name":"Tactical Foodpack matkaeined","url":"https:\/\/toidupakk.ee\/pl\/","logo":{"@type":"ImageObject","inLanguage":"pl-PL","@id":"https:\/\/toidupakk.ee\/pl\/#\/schema\/logo\/image\/","url":"https:\/\/toidupakk.ee\/wp-content\/uploads\/2022\/01\/Toidupakk-matkapood-logo-transparent.png","contentUrl":"https:\/\/toidupakk.ee\/wp-content\/uploads\/2022\/01\/Toidupakk-matkapood-logo-transparent.png","width":500,"height":500,"caption":"Tactical Foodpack matkaeined"},"image":{"@id":"https:\/\/toidupakk.ee\/pl\/#\/schema\/logo\/image\/"},"sameAs":["https:\/\/www.facebook.com\/Toidupakk","https:\/\/www.instagram.com\/toidupakk\/"]}]}},"jetpack_sharing_enabled":true,"_links":{"self":[{"href":"https:\/\/toidupakk.ee\/pl\/wp-json\/wp\/v2\/product\/52618","targetHints":{"allow":["GET"]}}],"collection":[{"href":"https:\/\/toidupakk.ee\/pl\/wp-json\/wp\/v2\/product"}],"about":[{"href":"https:\/\/toidupakk.ee\/pl\/wp-json\/wp\/v2\/types\/product"}],"replies":[{"embeddable":true,"href":"https:\/\/toidupakk.ee\/pl\/wp-json\/wp\/v2\/comments?post=52618"}],"wp:featuredmedia":[{"embeddable":true,"href":"https:\/\/toidupakk.ee\/pl\/wp-json\/wp\/v2\/media\/1544"}],"wp:attachment":[{"href":"https:\/\/toidupakk.ee\/pl\/wp-json\/wp\/v2\/media?parent=52618"}],"wp:term":[{"taxonomy":"product_brand","embeddable":true,"href":"https:\/\/toidupakk.ee\/pl\/wp-json\/wp\/v2\/product_brand?post=52618"},{"taxonomy":"product_cat","embeddable":true,"href":"https:\/\/toidupakk.ee\/pl\/wp-json\/wp\/v2\/product_cat?post=52618"},{"taxonomy":"product_tag","embeddable":true,"href":"https:\/\/toidupakk.ee\/pl\/wp-json\/wp\/v2\/product_tag?post=52618"}],"curies":[{"name":"wp","href":"https:\/\/api.w.org\/{rel}","templated":true}]}}