{"id":52613,"date":"2021-12-09T17:33:17","date_gmt":"2021-12-09T15:33:17","guid":{"rendered":"https:\/\/toidupakk.ee\/toode\/element-grzejny-do-worka-do-podgrzewania\/"},"modified":"2026-04-29T16:30:57","modified_gmt":"2026-04-29T13:30:57","slug":"element-grzejny-do-worka-do-podgrzewania","status":"publish","type":"product","link":"https:\/\/toidupakk.ee\/pl\/toode\/element-grzejny-do-worka-do-podgrzewania\/","title":{"rendered":"Element grzejny do worka do podgrzewania"},"content":{"rendered":"<h1><img decoding=\"async\" class=\"alignright wp-image-676 size-full\" src=\"https:\/\/toidupakk.ee\/wp-content\/uploads\/2021\/12\/TF_logo_RGB-22-16-43-849.png\" alt=\"Zielone logo Tactical Foodpack\" width=\"238\" height=\"100\"><\/h1>\n<h1>Element grzejny do worka Tactical Foodpack<\/h1>\n<p>INSTRUKCJA OBS\u0141UGI:<\/p>\n<ol>\n<li>Wyjmij element grzejny z opakowania.<\/li>\n<li>Umie\u015b\u0107 element grzejny na dnie worka.<\/li>\n<li>W\u0142\u00f3\u017c posi\u0142ek Tactical Foodpack do worka, dnem do elementu grzejnego.<\/li>\n<li>Wlej do \u015brodka ok. 150 ml wody (do zaznaczonej linii).<\/li>\n<li>Szybko zamknij strunowe zapi\u0119cie.<\/li>\n<li>Element grzejny zareaguje w ci\u0105gu 30 sekund do 3 minut \u2013 im zimniejsza woda, tym d\u0142u\u017cszy czas reakcji.<\/li>\n<li>Pozostaw jedzenie do podgrzania na 15\u201320 minut, zalecamy zamiesza\u0107 po 10 minutach.<\/li>\n<\/ol>\n<p>UWAGA! REAKCJA ELEMENTU GRZEJNEGO WYDZIELA DU\u017bO CIEP\u0141A! TRZYMAJ R\u0118CE Z DALA OD OTWOR\u00d3W WYLOTOWYCH PARY! WODA MAJ\u0104CA KONTAKT Z ELEMENTEM GRZEJNYM NIE NADAJE SI\u0118 DO SPO\u017bYCIA!   <\/p>\n<p><iframe style=\"width: 455px; height: 809px;\" title=\"Odtwarzacz wideo YouTube\" src=\"https:\/\/www.youtube.com\/embed\/tKBQGQYXoS4\" frameborder=\"0\" allowfullscreen=\"allowfullscreen\"><\/iframe><\/p>\n<p>Zobacz wszystkie <a href=\"https:\/\/toidupakk.ee\/pl\/tootekategooria\/posilki-tactical-foodpack\/\">posi\u0142ki Tactical Foodpack<\/a><\/p>\n<p>Znajd\u017a inspiracj\u0119 na kolejne przygody na <a href=\"https:\/\/www.instagram.com\/toidupakk\/\">Instagramie<\/a> i <a href=\"https:\/\/www.facebook.com\/Toidupakk\/\">Facebooku<\/a> Toidupakk.<\/p>\n","protected":false},"excerpt":{"rendered":"<ul>\n<li>Elementy grzejne mo\u017cna teraz kupi\u0107 osobno, co pozwala dba\u0107 o \u015brodowisko i oszcz\u0119dza\u0107 pieni\u0105dze.<\/li>\n<li>UWAGA! Element grzejny jest jednorazowy. Mo\u017cna go u\u017cy\u0107 tylko raz. Przeznaczony do u\u017cytku z <a href=\"https:\/\/toidupakk.ee\/tactical-foodpack\/toidu-kuumutuskott-kutteelemendiga\/\">workiem Tactical Heater Bag<\/a> (worek jest wielorazowy, do 10+ u\u017cy\u0107).  <\/li>\n<\/ul>\n<p>\u2705 Dost\u0119pne w magazynie, szybka dostawa w 1\u20133 dni robocze<\/p>\n","protected":false},"featured_media":33770,"comment_status":"open","ping_status":"closed","template":"","meta":{"_acf_changed":false},"product_brand":[],"product_cat":[303,364,314,307,301],"product_tag":[305],"class_list":{"0":"post-52613","1":"product","2":"type-product","3":"status-publish","4":"has-post-thumbnail","6":"product_cat-akcesoria-turystyczne","7":"product_cat-dodatki","8":"product_cat-nocowanie-w-naturze","9":"product_cat-przygotowywanie-posilkow","10":"product_cat-sprzet-turystyczny","11":"product_tag-no_ads","13":"first","14":"outofstock","15":"taxable","16":"shipping-taxable","17":"purchasable","18":"product-type-simple"},"bundled_by":[],"bundle_stock_status":"outofstock","bundle_stock_quantity":0,"bundle_virtual":false,"bundle_layout":"","bundle_add_to_cart_form_location":"","bundle_editable_in_cart":false,"bundle_sold_individually_context":"","bundle_item_grouping":"","bundle_min_size":"","bundle_max_size":"","bundle_price":[],"bundled_items":[],"bundle_sell_ids":[],"acf":[],"yoast_head":"<!-- This site is optimized with the Yoast SEO plugin v27.3 - https:\/\/yoast.com\/product\/yoast-seo-wordpress\/ -->\n<title>Element grzejny do worka do podgrzewania - Toidupakk.ee - Tactical Foodpack toidupakid<\/title>\n<meta name=\"description\" content=\"Element grzejny do worka Tactical Foodpack. Przygotuj gor\u0105cy posi\u0142ek bez gor\u0105cej wody, kuchenki turystycznej czy ogniska.\" \/>\n<meta name=\"robots\" content=\"index, follow, max-snippet:-1, max-image-preview:large, max-video-preview:-1\" \/>\n<link rel=\"canonical\" href=\"https:\/\/toidupakk.ee\/pl\/toode\/element-grzejny-do-worka-do-podgrzewania\/\" \/>\n<meta property=\"og:locale\" content=\"pl_PL\" \/>\n<meta property=\"og:type\" content=\"article\" \/>\n<meta property=\"og:title\" content=\"Element grzejny do worka do podgrzewania - Toidupakk.ee - Tactical Foodpack toidupakid\" \/>\n<meta property=\"og:description\" content=\"Element grzejny do worka Tactical Foodpack. Przygotuj gor\u0105cy posi\u0142ek bez gor\u0105cej wody, kuchenki turystycznej czy ogniska.\" \/>\n<meta property=\"og:url\" content=\"https:\/\/toidupakk.ee\/pl\/toode\/element-grzejny-do-worka-do-podgrzewania\/\" \/>\n<meta property=\"og:site_name\" content=\"Toidupakk.ee - Tactical Foodpack toidupakid\" \/>\n<meta property=\"article:publisher\" content=\"https:\/\/www.facebook.com\/Toidupakk\" \/>\n<meta property=\"article:modified_time\" content=\"2026-04-29T13:30:57+00:00\" \/>\n<meta property=\"og:image\" content=\"https:\/\/toidupakk.ee\/wp-content\/uploads\/2021\/12\/Kuumutuselement-toidu-kuumutamiseks-Tactical-Foodpack.png\" \/>\n\t<meta property=\"og:image:width\" content=\"800\" \/>\n\t<meta property=\"og:image:height\" content=\"800\" \/>\n\t<meta property=\"og:image:type\" content=\"image\/png\" \/>\n<meta name=\"twitter:card\" content=\"summary_large_image\" \/>\n<meta name=\"twitter:label1\" content=\"Szacowany czas czytania\" \/>\n\t<meta name=\"twitter:data1\" content=\"1 minuta\" \/>\n<script type=\"application\/ld+json\" class=\"yoast-schema-graph\">{\"@context\":\"https:\\\/\\\/schema.org\",\"@graph\":[{\"@type\":\"WebPage\",\"@id\":\"https:\\\/\\\/toidupakk.ee\\\/pl\\\/toode\\\/element-grzejny-do-worka-do-podgrzewania\\\/\",\"url\":\"https:\\\/\\\/toidupakk.ee\\\/pl\\\/toode\\\/element-grzejny-do-worka-do-podgrzewania\\\/\",\"name\":\"Element grzejny do worka do podgrzewania - Toidupakk.ee - Tactical Foodpack toidupakid\",\"isPartOf\":{\"@id\":\"https:\\\/\\\/toidupakk.ee\\\/pl\\\/#website\"},\"primaryImageOfPage\":{\"@id\":\"https:\\\/\\\/toidupakk.ee\\\/pl\\\/toode\\\/element-grzejny-do-worka-do-podgrzewania\\\/#primaryimage\"},\"image\":{\"@id\":\"https:\\\/\\\/toidupakk.ee\\\/pl\\\/toode\\\/element-grzejny-do-worka-do-podgrzewania\\\/#primaryimage\"},\"thumbnailUrl\":\"https:\\\/\\\/toidupakk.ee\\\/wp-content\\\/uploads\\\/2021\\\/12\\\/Kuumutuselement-toidu-kuumutamiseks-Tactical-Foodpack.png\",\"datePublished\":\"2021-12-09T15:33:17+00:00\",\"dateModified\":\"2026-04-29T13:30:57+00:00\",\"description\":\"Element grzejny do worka Tactical Foodpack. Przygotuj gor\u0105cy posi\u0142ek bez gor\u0105cej wody, kuchenki turystycznej czy ogniska.\",\"breadcrumb\":{\"@id\":\"https:\\\/\\\/toidupakk.ee\\\/pl\\\/toode\\\/element-grzejny-do-worka-do-podgrzewania\\\/#breadcrumb\"},\"inLanguage\":\"pl-PL\",\"potentialAction\":[{\"@type\":\"ReadAction\",\"target\":[\"https:\\\/\\\/toidupakk.ee\\\/pl\\\/toode\\\/element-grzejny-do-worka-do-podgrzewania\\\/\"]}]},{\"@type\":\"ImageObject\",\"inLanguage\":\"pl-PL\",\"@id\":\"https:\\\/\\\/toidupakk.ee\\\/pl\\\/toode\\\/element-grzejny-do-worka-do-podgrzewania\\\/#primaryimage\",\"url\":\"https:\\\/\\\/toidupakk.ee\\\/wp-content\\\/uploads\\\/2021\\\/12\\\/Kuumutuselement-toidu-kuumutamiseks-Tactical-Foodpack.png\",\"contentUrl\":\"https:\\\/\\\/toidupakk.ee\\\/wp-content\\\/uploads\\\/2021\\\/12\\\/Kuumutuselement-toidu-kuumutamiseks-Tactical-Foodpack.png\",\"width\":800,\"height\":800},{\"@type\":\"BreadcrumbList\",\"@id\":\"https:\\\/\\\/toidupakk.ee\\\/pl\\\/toode\\\/element-grzejny-do-worka-do-podgrzewania\\\/#breadcrumb\",\"itemListElement\":[{\"@type\":\"ListItem\",\"position\":1,\"name\":\"Avaleht\",\"item\":\"https:\\\/\\\/toidupakk.ee\\\/pl\\\/\"},{\"@type\":\"ListItem\",\"position\":2,\"name\":\"Sklep internetowy\",\"item\":\"https:\\\/\\\/toidupakk.ee\\\/pl\\\/sklep-internetowy\\\/\"},{\"@type\":\"ListItem\",\"position\":3,\"name\":\"Element grzejny do worka do podgrzewania\"}]},{\"@type\":\"WebSite\",\"@id\":\"https:\\\/\\\/toidupakk.ee\\\/pl\\\/#website\",\"url\":\"https:\\\/\\\/toidupakk.ee\\\/pl\\\/\",\"name\":\"Toidupakk.ee - Tactical Foodpack toidupakid\",\"description\":\"Tactical Foodpack k\u00fclmkuivatatud toidupakid ja matkaeined\",\"publisher\":{\"@id\":\"https:\\\/\\\/toidupakk.ee\\\/pl\\\/#organization\"},\"potentialAction\":[{\"@type\":\"SearchAction\",\"target\":{\"@type\":\"EntryPoint\",\"urlTemplate\":\"https:\\\/\\\/toidupakk.ee\\\/pl\\\/?s={search_term_string}\"},\"query-input\":{\"@type\":\"PropertyValueSpecification\",\"valueRequired\":true,\"valueName\":\"search_term_string\"}}],\"inLanguage\":\"pl-PL\"},{\"@type\":\"Organization\",\"@id\":\"https:\\\/\\\/toidupakk.ee\\\/pl\\\/#organization\",\"name\":\"Tactical Foodpack matkaeined\",\"url\":\"https:\\\/\\\/toidupakk.ee\\\/pl\\\/\",\"logo\":{\"@type\":\"ImageObject\",\"inLanguage\":\"pl-PL\",\"@id\":\"https:\\\/\\\/toidupakk.ee\\\/pl\\\/#\\\/schema\\\/logo\\\/image\\\/\",\"url\":\"https:\\\/\\\/toidupakk.ee\\\/wp-content\\\/uploads\\\/2022\\\/01\\\/Toidupakk-matkapood-logo-transparent.png\",\"contentUrl\":\"https:\\\/\\\/toidupakk.ee\\\/wp-content\\\/uploads\\\/2022\\\/01\\\/Toidupakk-matkapood-logo-transparent.png\",\"width\":500,\"height\":500,\"caption\":\"Tactical Foodpack matkaeined\"},\"image\":{\"@id\":\"https:\\\/\\\/toidupakk.ee\\\/pl\\\/#\\\/schema\\\/logo\\\/image\\\/\"},\"sameAs\":[\"https:\\\/\\\/www.facebook.com\\\/Toidupakk\",\"https:\\\/\\\/www.instagram.com\\\/toidupakk\\\/\"]}]}<\/script>\n<!-- \/ Yoast SEO plugin. -->","yoast_head_json":{"title":"Element grzejny do worka do podgrzewania - Toidupakk.ee - Tactical Foodpack toidupakid","description":"Element grzejny do worka Tactical Foodpack. Przygotuj gor\u0105cy posi\u0142ek bez gor\u0105cej wody, kuchenki turystycznej czy ogniska.","robots":{"index":"index","follow":"follow","max-snippet":"max-snippet:-1","max-image-preview":"max-image-preview:large","max-video-preview":"max-video-preview:-1"},"canonical":"https:\/\/toidupakk.ee\/pl\/toode\/element-grzejny-do-worka-do-podgrzewania\/","og_locale":"pl_PL","og_type":"article","og_title":"Element grzejny do worka do podgrzewania - Toidupakk.ee - Tactical Foodpack toidupakid","og_description":"Element grzejny do worka Tactical Foodpack. Przygotuj gor\u0105cy posi\u0142ek bez gor\u0105cej wody, kuchenki turystycznej czy ogniska.","og_url":"https:\/\/toidupakk.ee\/pl\/toode\/element-grzejny-do-worka-do-podgrzewania\/","og_site_name":"Toidupakk.ee - Tactical Foodpack toidupakid","article_publisher":"https:\/\/www.facebook.com\/Toidupakk","article_modified_time":"2026-04-29T13:30:57+00:00","og_image":[{"width":800,"height":800,"url":"https:\/\/toidupakk.ee\/wp-content\/uploads\/2021\/12\/Kuumutuselement-toidu-kuumutamiseks-Tactical-Foodpack.png","type":"image\/png"}],"twitter_card":"summary_large_image","twitter_misc":{"Szacowany czas czytania":"1 minuta"},"schema":{"@context":"https:\/\/schema.org","@graph":[{"@type":"WebPage","@id":"https:\/\/toidupakk.ee\/pl\/toode\/element-grzejny-do-worka-do-podgrzewania\/","url":"https:\/\/toidupakk.ee\/pl\/toode\/element-grzejny-do-worka-do-podgrzewania\/","name":"Element grzejny do worka do podgrzewania - Toidupakk.ee - Tactical Foodpack toidupakid","isPartOf":{"@id":"https:\/\/toidupakk.ee\/pl\/#website"},"primaryImageOfPage":{"@id":"https:\/\/toidupakk.ee\/pl\/toode\/element-grzejny-do-worka-do-podgrzewania\/#primaryimage"},"image":{"@id":"https:\/\/toidupakk.ee\/pl\/toode\/element-grzejny-do-worka-do-podgrzewania\/#primaryimage"},"thumbnailUrl":"https:\/\/toidupakk.ee\/wp-content\/uploads\/2021\/12\/Kuumutuselement-toidu-kuumutamiseks-Tactical-Foodpack.png","datePublished":"2021-12-09T15:33:17+00:00","dateModified":"2026-04-29T13:30:57+00:00","description":"Element grzejny do worka Tactical Foodpack. Przygotuj gor\u0105cy posi\u0142ek bez gor\u0105cej wody, kuchenki turystycznej czy ogniska.","breadcrumb":{"@id":"https:\/\/toidupakk.ee\/pl\/toode\/element-grzejny-do-worka-do-podgrzewania\/#breadcrumb"},"inLanguage":"pl-PL","potentialAction":[{"@type":"ReadAction","target":["https:\/\/toidupakk.ee\/pl\/toode\/element-grzejny-do-worka-do-podgrzewania\/"]}]},{"@type":"ImageObject","inLanguage":"pl-PL","@id":"https:\/\/toidupakk.ee\/pl\/toode\/element-grzejny-do-worka-do-podgrzewania\/#primaryimage","url":"https:\/\/toidupakk.ee\/wp-content\/uploads\/2021\/12\/Kuumutuselement-toidu-kuumutamiseks-Tactical-Foodpack.png","contentUrl":"https:\/\/toidupakk.ee\/wp-content\/uploads\/2021\/12\/Kuumutuselement-toidu-kuumutamiseks-Tactical-Foodpack.png","width":800,"height":800},{"@type":"BreadcrumbList","@id":"https:\/\/toidupakk.ee\/pl\/toode\/element-grzejny-do-worka-do-podgrzewania\/#breadcrumb","itemListElement":[{"@type":"ListItem","position":1,"name":"Avaleht","item":"https:\/\/toidupakk.ee\/pl\/"},{"@type":"ListItem","position":2,"name":"Sklep internetowy","item":"https:\/\/toidupakk.ee\/pl\/sklep-internetowy\/"},{"@type":"ListItem","position":3,"name":"Element grzejny do worka do podgrzewania"}]},{"@type":"WebSite","@id":"https:\/\/toidupakk.ee\/pl\/#website","url":"https:\/\/toidupakk.ee\/pl\/","name":"Toidupakk.ee - Tactical Foodpack toidupakid","description":"Tactical Foodpack k\u00fclmkuivatatud toidupakid ja matkaeined","publisher":{"@id":"https:\/\/toidupakk.ee\/pl\/#organization"},"potentialAction":[{"@type":"SearchAction","target":{"@type":"EntryPoint","urlTemplate":"https:\/\/toidupakk.ee\/pl\/?s={search_term_string}"},"query-input":{"@type":"PropertyValueSpecification","valueRequired":true,"valueName":"search_term_string"}}],"inLanguage":"pl-PL"},{"@type":"Organization","@id":"https:\/\/toidupakk.ee\/pl\/#organization","name":"Tactical Foodpack matkaeined","url":"https:\/\/toidupakk.ee\/pl\/","logo":{"@type":"ImageObject","inLanguage":"pl-PL","@id":"https:\/\/toidupakk.ee\/pl\/#\/schema\/logo\/image\/","url":"https:\/\/toidupakk.ee\/wp-content\/uploads\/2022\/01\/Toidupakk-matkapood-logo-transparent.png","contentUrl":"https:\/\/toidupakk.ee\/wp-content\/uploads\/2022\/01\/Toidupakk-matkapood-logo-transparent.png","width":500,"height":500,"caption":"Tactical Foodpack matkaeined"},"image":{"@id":"https:\/\/toidupakk.ee\/pl\/#\/schema\/logo\/image\/"},"sameAs":["https:\/\/www.facebook.com\/Toidupakk","https:\/\/www.instagram.com\/toidupakk\/"]}]}},"jetpack_sharing_enabled":true,"_links":{"self":[{"href":"https:\/\/toidupakk.ee\/pl\/wp-json\/wp\/v2\/product\/52613","targetHints":{"allow":["GET"]}}],"collection":[{"href":"https:\/\/toidupakk.ee\/pl\/wp-json\/wp\/v2\/product"}],"about":[{"href":"https:\/\/toidupakk.ee\/pl\/wp-json\/wp\/v2\/types\/product"}],"replies":[{"embeddable":true,"href":"https:\/\/toidupakk.ee\/pl\/wp-json\/wp\/v2\/comments?post=52613"}],"wp:featuredmedia":[{"embeddable":true,"href":"https:\/\/toidupakk.ee\/pl\/wp-json\/wp\/v2\/media\/33770"}],"wp:attachment":[{"href":"https:\/\/toidupakk.ee\/pl\/wp-json\/wp\/v2\/media?parent=52613"}],"wp:term":[{"taxonomy":"product_brand","embeddable":true,"href":"https:\/\/toidupakk.ee\/pl\/wp-json\/wp\/v2\/product_brand?post=52613"},{"taxonomy":"product_cat","embeddable":true,"href":"https:\/\/toidupakk.ee\/pl\/wp-json\/wp\/v2\/product_cat?post=52613"},{"taxonomy":"product_tag","embeddable":true,"href":"https:\/\/toidupakk.ee\/pl\/wp-json\/wp\/v2\/product_tag?post=52613"}],"curies":[{"name":"wp","href":"https:\/\/api.w.org\/{rel}","templated":true}]}}