{"id":52604,"date":"2021-12-09T14:58:57","date_gmt":"2021-12-09T12:58:57","guid":{"rendered":"https:\/\/toidupakk.ee\/toode\/zel-do-rozpalania-tactical-fire-pot-40-ml\/"},"modified":"2026-04-15T07:31:19","modified_gmt":"2026-04-15T04:31:19","slug":"zel-do-rozpalania-tactical-fire-pot-40-ml","status":"publish","type":"product","link":"https:\/\/toidupakk.ee\/pl\/toode\/zel-do-rozpalania-tactical-fire-pot-40-ml\/","title":{"rendered":"\u017bel do rozpalania Tactical Fire Pot 40 ml"},"content":{"rendered":"<p><iframe style=\"width: 560px; height: 315px;\" title=\"U\u017cycie \u017celu do rozpalania Tactical Fire Pot w lesie \u2013 film instrukta\u017cowy 2\" src=\"https:\/\/www.youtube.com\/embed\/jUJLtYaJEZI\" frameborder=\"0\" allowfullscreen=\"allowfullscreen\"><\/iframe><\/p>\n<p><strong>Spos\u00f3b u\u017cycia: <\/strong>Aby u\u017cy\u0107 \u017celu, najpierw wlej do opakowania z jedzeniem odpowiedni\u0105 ilo\u015b\u0107 zimnej wody i wymieszaj. Nast\u0119pnie otw\u00f3rz wieczko \u017celu i zapal go zapa\u0142k\u0105 lub zapalniczk\u0105. Puszka powinna znajdowa\u0107 si\u0119 na \u017caroodpornym pod\u0142o\u017cu. Rozprostuj dno opakowania Tactical Foodpack i umie\u015b\u0107 je nad ogniem, u\u017cywaj\u0105c kamieni, kawa\u0142k\u00f3w drewna lub innych odpowiednich przedmiot\u00f3w jako podstawki. Podgrzewaj posi\u0142ek, a\u017c zacznie wrze\u0107. Nast\u0119pnie mo\u017cesz zgasi\u0107 \u017cel, nak\u0142adaj\u0105c wieczko na p\u0142omie\u0144.      UWAGA! Nie pr\u00f3buj gasi\u0107 \u017celu dmuchaniem! Teraz mo\u017cesz zamkn\u0105\u0107 strunowe zapi\u0119cie opakowania, odczeka\u0107 czas wskazany na opakowaniu i zacz\u0105\u0107 je\u015b\u0107. <\/p>\n<p><strong>OSTRZE\u017bENIE!  <\/strong>Chroni\u0107 przed dzie\u0107mi! Przechowywa\u0107 pojemnik szczelnie zamkni\u0119ty. W przypadku po\u017caru u\u017cy\u0107 ga\u015bnicy. W przypadku kontaktu ze sk\u00f3r\u0105 przemy\u0107 wod\u0105. Nie spo\u017cywa\u0107! Dzia\u0142a dra\u017cni\u0105co na oczy. W przypadku dostania si\u0119 do oczu: Ostro\u017cnie p\u0142uka\u0107 wod\u0105 przez kilka minut. Wyj\u0105\u0107 soczewki kontaktowe, je\u017celi s\u0105 i mo\u017cna je \u0142atwo usun\u0105\u0107. Nadal p\u0142uka\u0107. W przypadku utrzymywania si\u0119 dzia\u0142ania dra\u017cni\u0105cego na oczy: Zasi\u0119gn\u0105\u0107 porady lekarza. Przed u\u017cyciem przeczyta\u0107 etykiet\u0119. Przechowywa\u0107 w dobrze wentylowanym miejscu.          <\/p>\n<p><iframe style=\"width: 560px; height: 315px;\" title=\"Odtwarzacz wideo YouTube\" src=\"https:\/\/www.youtube.com\/embed\/eqIgwakFOlw\" frameborder=\"0\" allowfullscreen=\"allowfullscreen\"><\/iframe><br \/>\n<iframe style=\"width: 560px; height: 315px;\" title=\"Odtwarzacz wideo YouTube\" src=\"https:\/\/www.youtube.com\/embed\/JQzzyx5izmc\" frameborder=\"0\" allowfullscreen=\"allowfullscreen\"><\/iframe><\/p>\n","protected":false},"excerpt":{"rendered":"<ul>\n<li>\u017bel do rozpalania Tactical Fire Pot idealnie nadaje si\u0119 do rozpalenia ma\u0142ego ognia, aby podgrza\u0107 posi\u0142ek Tactical Foodpack.<\/li>\n<li>Opakowania posi\u0142k\u00f3w Tactical Foodpack s\u0105 ognioodporne i pozwalaj\u0105 na podgrzewanie jedzenia bezpo\u015brednio nad p\u0142omieniem Tactical Fire Pot.<\/li>\n<li>\u017bel zawiera bioetanol i pozwala na podgrzanie do 10 posi\u0142k\u00f3w Tactical Foodpack.<\/li>\n<li>Podczas spalania \u017celu nie powstaje dym, nieprzyjemne zapachy ani popi\u00f3\u0142.<\/li>\n<li>Jest to produkt wielokrotnego u\u017cytku i odporny na warunki atmosferyczne.<\/li>\n<\/ul>\n<p>\u2705 Dost\u0119pne w magazynie, szybka dostawa w 1\u20133 dni robocze<\/p>\n","protected":false},"featured_media":656,"comment_status":"open","ping_status":"closed","template":"","meta":{"_acf_changed":false},"product_brand":[],"product_cat":[303,383,364,314,307,301,304],"product_tag":[305],"class_list":{"0":"post-52604","1":"product","2":"type-product","3":"status-publish","4":"has-post-thumbnail","6":"product_cat-akcesoria-turystyczne","7":"product_cat-cieplo","8":"product_cat-dodatki","9":"product_cat-nocowanie-w-naturze","10":"product_cat-przygotowywanie-posilkow","11":"product_cat-sprzet-turystyczny","12":"product_cat-wyposazenie-militarne","13":"product_tag-no_ads","15":"first","16":"outofstock","17":"taxable","18":"shipping-taxable","19":"purchasable","20":"product-type-simple"},"bundled_by":[],"bundle_stock_status":"outofstock","bundle_stock_quantity":0,"bundle_virtual":false,"bundle_layout":"","bundle_add_to_cart_form_location":"","bundle_editable_in_cart":false,"bundle_sold_individually_context":"","bundle_item_grouping":"","bundle_min_size":"","bundle_max_size":"","bundle_price":[],"bundled_items":[],"bundle_sell_ids":[],"acf":[],"yoast_head":"<!-- This site is optimized with the Yoast SEO plugin v27.3 - https:\/\/yoast.com\/product\/yoast-seo-wordpress\/ -->\n<title>\u017bel do rozpalania Tactical Fire Pot 40 ml<\/title>\n<meta name=\"description\" content=\"\u017bel do rozpalania Tactical Fire Pot idealnie nadaje si\u0119 do rozpalenia ma\u0142ego ognia, aby podgrza\u0107 posi\u0142ek Tactical Foodpack.\" \/>\n<meta name=\"robots\" content=\"index, follow, max-snippet:-1, max-image-preview:large, max-video-preview:-1\" \/>\n<link rel=\"canonical\" href=\"https:\/\/toidupakk.ee\/pl\/toode\/zel-do-rozpalania-tactical-fire-pot-40-ml\/\" \/>\n<meta property=\"og:locale\" content=\"pl_PL\" \/>\n<meta property=\"og:type\" content=\"article\" \/>\n<meta property=\"og:title\" content=\"\u017bel do rozpalania Tactical Fire Pot 40 ml\" \/>\n<meta property=\"og:description\" content=\"\u017bel do rozpalania Tactical Fire Pot idealnie nadaje si\u0119 do rozpalenia ma\u0142ego ognia, aby podgrza\u0107 posi\u0142ek Tactical Foodpack.\" \/>\n<meta property=\"og:url\" content=\"https:\/\/toidupakk.ee\/pl\/toode\/zel-do-rozpalania-tactical-fire-pot-40-ml\/\" \/>\n<meta property=\"og:site_name\" content=\"Toidupakk.ee - Tactical Foodpack toidupakid\" \/>\n<meta property=\"article:publisher\" content=\"https:\/\/www.facebook.com\/Toidupakk\" \/>\n<meta property=\"article:modified_time\" content=\"2026-04-15T04:31:19+00:00\" \/>\n<meta property=\"og:image\" content=\"https:\/\/toidupakk.ee\/wp-content\/uploads\/2021\/12\/Tactical_fire_pot-2_adobespark.png\" \/>\n\t<meta property=\"og:image:width\" content=\"2000\" \/>\n\t<meta property=\"og:image:height\" content=\"2000\" \/>\n\t<meta property=\"og:image:type\" content=\"image\/png\" \/>\n<meta name=\"twitter:card\" content=\"summary_large_image\" \/>\n<meta name=\"twitter:label1\" content=\"Szacowany czas czytania\" \/>\n\t<meta name=\"twitter:data1\" content=\"1 minuta\" \/>\n<script type=\"application\/ld+json\" class=\"yoast-schema-graph\">{\"@context\":\"https:\\\/\\\/schema.org\",\"@graph\":[{\"@type\":\"WebPage\",\"@id\":\"https:\\\/\\\/toidupakk.ee\\\/pl\\\/toode\\\/zel-do-rozpalania-tactical-fire-pot-40-ml\\\/\",\"url\":\"https:\\\/\\\/toidupakk.ee\\\/pl\\\/toode\\\/zel-do-rozpalania-tactical-fire-pot-40-ml\\\/\",\"name\":\"\u017bel do rozpalania Tactical Fire Pot 40 ml\",\"isPartOf\":{\"@id\":\"https:\\\/\\\/toidupakk.ee\\\/pl\\\/#website\"},\"primaryImageOfPage\":{\"@id\":\"https:\\\/\\\/toidupakk.ee\\\/pl\\\/toode\\\/zel-do-rozpalania-tactical-fire-pot-40-ml\\\/#primaryimage\"},\"image\":{\"@id\":\"https:\\\/\\\/toidupakk.ee\\\/pl\\\/toode\\\/zel-do-rozpalania-tactical-fire-pot-40-ml\\\/#primaryimage\"},\"thumbnailUrl\":\"https:\\\/\\\/toidupakk.ee\\\/wp-content\\\/uploads\\\/2021\\\/12\\\/Tactical_fire_pot-2_adobespark.png\",\"datePublished\":\"2021-12-09T12:58:57+00:00\",\"dateModified\":\"2026-04-15T04:31:19+00:00\",\"description\":\"\u017bel do rozpalania Tactical Fire Pot idealnie nadaje si\u0119 do rozpalenia ma\u0142ego ognia, aby podgrza\u0107 posi\u0142ek Tactical Foodpack.\",\"breadcrumb\":{\"@id\":\"https:\\\/\\\/toidupakk.ee\\\/pl\\\/toode\\\/zel-do-rozpalania-tactical-fire-pot-40-ml\\\/#breadcrumb\"},\"inLanguage\":\"pl-PL\",\"potentialAction\":[{\"@type\":\"ReadAction\",\"target\":[\"https:\\\/\\\/toidupakk.ee\\\/pl\\\/toode\\\/zel-do-rozpalania-tactical-fire-pot-40-ml\\\/\"]}]},{\"@type\":\"ImageObject\",\"inLanguage\":\"pl-PL\",\"@id\":\"https:\\\/\\\/toidupakk.ee\\\/pl\\\/toode\\\/zel-do-rozpalania-tactical-fire-pot-40-ml\\\/#primaryimage\",\"url\":\"https:\\\/\\\/toidupakk.ee\\\/wp-content\\\/uploads\\\/2021\\\/12\\\/Tactical_fire_pot-2_adobespark.png\",\"contentUrl\":\"https:\\\/\\\/toidupakk.ee\\\/wp-content\\\/uploads\\\/2021\\\/12\\\/Tactical_fire_pot-2_adobespark.png\",\"width\":2000,\"height\":2000,\"caption\":\"S\u00fc\u00fctegeel\"},{\"@type\":\"BreadcrumbList\",\"@id\":\"https:\\\/\\\/toidupakk.ee\\\/pl\\\/toode\\\/zel-do-rozpalania-tactical-fire-pot-40-ml\\\/#breadcrumb\",\"itemListElement\":[{\"@type\":\"ListItem\",\"position\":1,\"name\":\"Avaleht\",\"item\":\"https:\\\/\\\/toidupakk.ee\\\/pl\\\/\"},{\"@type\":\"ListItem\",\"position\":2,\"name\":\"Sklep internetowy\",\"item\":\"https:\\\/\\\/toidupakk.ee\\\/pl\\\/sklep-internetowy\\\/\"},{\"@type\":\"ListItem\",\"position\":3,\"name\":\"\u017bel do rozpalania Tactical Fire Pot 40 ml\"}]},{\"@type\":\"WebSite\",\"@id\":\"https:\\\/\\\/toidupakk.ee\\\/pl\\\/#website\",\"url\":\"https:\\\/\\\/toidupakk.ee\\\/pl\\\/\",\"name\":\"Toidupakk.ee - Tactical Foodpack toidupakid\",\"description\":\"Tactical Foodpack k\u00fclmkuivatatud toidupakid ja matkaeined\",\"publisher\":{\"@id\":\"https:\\\/\\\/toidupakk.ee\\\/pl\\\/#organization\"},\"potentialAction\":[{\"@type\":\"SearchAction\",\"target\":{\"@type\":\"EntryPoint\",\"urlTemplate\":\"https:\\\/\\\/toidupakk.ee\\\/pl\\\/?s={search_term_string}\"},\"query-input\":{\"@type\":\"PropertyValueSpecification\",\"valueRequired\":true,\"valueName\":\"search_term_string\"}}],\"inLanguage\":\"pl-PL\"},{\"@type\":\"Organization\",\"@id\":\"https:\\\/\\\/toidupakk.ee\\\/pl\\\/#organization\",\"name\":\"Tactical Foodpack matkaeined\",\"url\":\"https:\\\/\\\/toidupakk.ee\\\/pl\\\/\",\"logo\":{\"@type\":\"ImageObject\",\"inLanguage\":\"pl-PL\",\"@id\":\"https:\\\/\\\/toidupakk.ee\\\/pl\\\/#\\\/schema\\\/logo\\\/image\\\/\",\"url\":\"https:\\\/\\\/toidupakk.ee\\\/wp-content\\\/uploads\\\/2022\\\/01\\\/Toidupakk-matkapood-logo-transparent.png\",\"contentUrl\":\"https:\\\/\\\/toidupakk.ee\\\/wp-content\\\/uploads\\\/2022\\\/01\\\/Toidupakk-matkapood-logo-transparent.png\",\"width\":500,\"height\":500,\"caption\":\"Tactical Foodpack matkaeined\"},\"image\":{\"@id\":\"https:\\\/\\\/toidupakk.ee\\\/pl\\\/#\\\/schema\\\/logo\\\/image\\\/\"},\"sameAs\":[\"https:\\\/\\\/www.facebook.com\\\/Toidupakk\",\"https:\\\/\\\/www.instagram.com\\\/toidupakk\\\/\"]}]}<\/script>\n<!-- \/ Yoast SEO plugin. -->","yoast_head_json":{"title":"\u017bel do rozpalania Tactical Fire Pot 40 ml","description":"\u017bel do rozpalania Tactical Fire Pot idealnie nadaje si\u0119 do rozpalenia ma\u0142ego ognia, aby podgrza\u0107 posi\u0142ek Tactical Foodpack.","robots":{"index":"index","follow":"follow","max-snippet":"max-snippet:-1","max-image-preview":"max-image-preview:large","max-video-preview":"max-video-preview:-1"},"canonical":"https:\/\/toidupakk.ee\/pl\/toode\/zel-do-rozpalania-tactical-fire-pot-40-ml\/","og_locale":"pl_PL","og_type":"article","og_title":"\u017bel do rozpalania Tactical Fire Pot 40 ml","og_description":"\u017bel do rozpalania Tactical Fire Pot idealnie nadaje si\u0119 do rozpalenia ma\u0142ego ognia, aby podgrza\u0107 posi\u0142ek Tactical Foodpack.","og_url":"https:\/\/toidupakk.ee\/pl\/toode\/zel-do-rozpalania-tactical-fire-pot-40-ml\/","og_site_name":"Toidupakk.ee - Tactical Foodpack toidupakid","article_publisher":"https:\/\/www.facebook.com\/Toidupakk","article_modified_time":"2026-04-15T04:31:19+00:00","og_image":[{"width":2000,"height":2000,"url":"https:\/\/toidupakk.ee\/wp-content\/uploads\/2021\/12\/Tactical_fire_pot-2_adobespark.png","type":"image\/png"}],"twitter_card":"summary_large_image","twitter_misc":{"Szacowany czas czytania":"1 minuta"},"schema":{"@context":"https:\/\/schema.org","@graph":[{"@type":"WebPage","@id":"https:\/\/toidupakk.ee\/pl\/toode\/zel-do-rozpalania-tactical-fire-pot-40-ml\/","url":"https:\/\/toidupakk.ee\/pl\/toode\/zel-do-rozpalania-tactical-fire-pot-40-ml\/","name":"\u017bel do rozpalania Tactical Fire Pot 40 ml","isPartOf":{"@id":"https:\/\/toidupakk.ee\/pl\/#website"},"primaryImageOfPage":{"@id":"https:\/\/toidupakk.ee\/pl\/toode\/zel-do-rozpalania-tactical-fire-pot-40-ml\/#primaryimage"},"image":{"@id":"https:\/\/toidupakk.ee\/pl\/toode\/zel-do-rozpalania-tactical-fire-pot-40-ml\/#primaryimage"},"thumbnailUrl":"https:\/\/toidupakk.ee\/wp-content\/uploads\/2021\/12\/Tactical_fire_pot-2_adobespark.png","datePublished":"2021-12-09T12:58:57+00:00","dateModified":"2026-04-15T04:31:19+00:00","description":"\u017bel do rozpalania Tactical Fire Pot idealnie nadaje si\u0119 do rozpalenia ma\u0142ego ognia, aby podgrza\u0107 posi\u0142ek Tactical Foodpack.","breadcrumb":{"@id":"https:\/\/toidupakk.ee\/pl\/toode\/zel-do-rozpalania-tactical-fire-pot-40-ml\/#breadcrumb"},"inLanguage":"pl-PL","potentialAction":[{"@type":"ReadAction","target":["https:\/\/toidupakk.ee\/pl\/toode\/zel-do-rozpalania-tactical-fire-pot-40-ml\/"]}]},{"@type":"ImageObject","inLanguage":"pl-PL","@id":"https:\/\/toidupakk.ee\/pl\/toode\/zel-do-rozpalania-tactical-fire-pot-40-ml\/#primaryimage","url":"https:\/\/toidupakk.ee\/wp-content\/uploads\/2021\/12\/Tactical_fire_pot-2_adobespark.png","contentUrl":"https:\/\/toidupakk.ee\/wp-content\/uploads\/2021\/12\/Tactical_fire_pot-2_adobespark.png","width":2000,"height":2000,"caption":"S\u00fc\u00fctegeel"},{"@type":"BreadcrumbList","@id":"https:\/\/toidupakk.ee\/pl\/toode\/zel-do-rozpalania-tactical-fire-pot-40-ml\/#breadcrumb","itemListElement":[{"@type":"ListItem","position":1,"name":"Avaleht","item":"https:\/\/toidupakk.ee\/pl\/"},{"@type":"ListItem","position":2,"name":"Sklep internetowy","item":"https:\/\/toidupakk.ee\/pl\/sklep-internetowy\/"},{"@type":"ListItem","position":3,"name":"\u017bel do rozpalania Tactical Fire Pot 40 ml"}]},{"@type":"WebSite","@id":"https:\/\/toidupakk.ee\/pl\/#website","url":"https:\/\/toidupakk.ee\/pl\/","name":"Toidupakk.ee - Tactical Foodpack toidupakid","description":"Tactical Foodpack k\u00fclmkuivatatud toidupakid ja matkaeined","publisher":{"@id":"https:\/\/toidupakk.ee\/pl\/#organization"},"potentialAction":[{"@type":"SearchAction","target":{"@type":"EntryPoint","urlTemplate":"https:\/\/toidupakk.ee\/pl\/?s={search_term_string}"},"query-input":{"@type":"PropertyValueSpecification","valueRequired":true,"valueName":"search_term_string"}}],"inLanguage":"pl-PL"},{"@type":"Organization","@id":"https:\/\/toidupakk.ee\/pl\/#organization","name":"Tactical Foodpack matkaeined","url":"https:\/\/toidupakk.ee\/pl\/","logo":{"@type":"ImageObject","inLanguage":"pl-PL","@id":"https:\/\/toidupakk.ee\/pl\/#\/schema\/logo\/image\/","url":"https:\/\/toidupakk.ee\/wp-content\/uploads\/2022\/01\/Toidupakk-matkapood-logo-transparent.png","contentUrl":"https:\/\/toidupakk.ee\/wp-content\/uploads\/2022\/01\/Toidupakk-matkapood-logo-transparent.png","width":500,"height":500,"caption":"Tactical Foodpack matkaeined"},"image":{"@id":"https:\/\/toidupakk.ee\/pl\/#\/schema\/logo\/image\/"},"sameAs":["https:\/\/www.facebook.com\/Toidupakk","https:\/\/www.instagram.com\/toidupakk\/"]}]}},"jetpack_sharing_enabled":true,"_links":{"self":[{"href":"https:\/\/toidupakk.ee\/pl\/wp-json\/wp\/v2\/product\/52604","targetHints":{"allow":["GET"]}}],"collection":[{"href":"https:\/\/toidupakk.ee\/pl\/wp-json\/wp\/v2\/product"}],"about":[{"href":"https:\/\/toidupakk.ee\/pl\/wp-json\/wp\/v2\/types\/product"}],"replies":[{"embeddable":true,"href":"https:\/\/toidupakk.ee\/pl\/wp-json\/wp\/v2\/comments?post=52604"}],"wp:featuredmedia":[{"embeddable":true,"href":"https:\/\/toidupakk.ee\/pl\/wp-json\/wp\/v2\/media\/656"}],"wp:attachment":[{"href":"https:\/\/toidupakk.ee\/pl\/wp-json\/wp\/v2\/media?parent=52604"}],"wp:term":[{"taxonomy":"product_brand","embeddable":true,"href":"https:\/\/toidupakk.ee\/pl\/wp-json\/wp\/v2\/product_brand?post=52604"},{"taxonomy":"product_cat","embeddable":true,"href":"https:\/\/toidupakk.ee\/pl\/wp-json\/wp\/v2\/product_cat?post=52604"},{"taxonomy":"product_tag","embeddable":true,"href":"https:\/\/toidupakk.ee\/pl\/wp-json\/wp\/v2\/product_tag?post=52604"}],"curies":[{"name":"wp","href":"https:\/\/api.w.org\/{rel}","templated":true}]}}