{"id":52574,"date":"2022-03-09T13:40:01","date_gmt":"2022-03-09T11:40:01","guid":{"rendered":"https:\/\/toidupakk.ee\/toode\/multitool-mil-tec-black-cobra-pro\/"},"modified":"2026-04-16T23:31:39","modified_gmt":"2026-04-16T20:31:39","slug":"multitool-mil-tec-black-cobra-pro","status":"publish","type":"product","link":"https:\/\/toidupakk.ee\/pl\/toode\/multitool-mil-tec-black-cobra-pro\/","title":{"rendered":"Multitool Mil-Tec Black Cobra PRO"},"content":{"rendered":"<h1><img fetchpriority=\"high\" decoding=\"async\" class=\"alignright wp-image-1505 size-thumbnail\" style=\"font-size: 16px;\" src=\"https:\/\/toidupakk.ee\/wp-content\/uploads\/2022\/03\/4-500x500.jpg\" alt=\"Multitool z pude\u0142kiem na czarnym tle\" width=\"500\" height=\"500\" srcset=\"https:\/\/toidupakk.ee\/wp-content\/uploads\/2022\/03\/4-500x500.jpg 500w, https:\/\/toidupakk.ee\/wp-content\/uploads\/2022\/03\/4-400x400.jpg 400w, https:\/\/toidupakk.ee\/wp-content\/uploads\/2022\/03\/4-100x100.jpg 100w, https:\/\/toidupakk.ee\/wp-content\/uploads\/2022\/03\/4-800x800.jpg 800w, https:\/\/toidupakk.ee\/wp-content\/uploads\/2022\/03\/4-300x300.jpg 300w, https:\/\/toidupakk.ee\/wp-content\/uploads\/2022\/03\/4-1024x1024.jpg 1024w, https:\/\/toidupakk.ee\/wp-content\/uploads\/2022\/03\/4-768x768.jpg 768w, https:\/\/toidupakk.ee\/wp-content\/uploads\/2022\/03\/4.jpg 1080w\" sizes=\"(max-width: 500px) 100vw, 500px\" \/>Skrzynka z narz\u0119dziami w Twojej kieszeni<\/h1>\n<p><em>Multitool<\/em> z biegiem czasu zyskuje coraz wi\u0119ksz\u0105 popularno\u015b\u0107. To nieod\u0142\u0105czny towarzysz ka\u017cdego aktywnego m\u0119\u017cczyzny i kobiety, noszony na pasku lub w torbie. Multitool jest szczeg\u00f3lnie skuteczny w podr\u00f3\u017cy, poniewa\u017c nigdy nie wiadomo, kiedy trzeba b\u0119dzie przeci\u0105\u0107 drut lub spi\u0142owa\u0107 ga\u0142\u0105\u017a.  <\/p>\n<p>Jednocze\u015bnie multitool jest niezast\u0105piony w domu, poniewa\u017c zawiera a\u017c trzy r\u00f3\u017cne \u015brubokr\u0119ty, kombinerki, a nawet otwieracz do puszek i butelek.<\/p>\n<p>Multitool Mil-Tec Black Cobra zawiera 9 pe\u0142nowymiarowych narz\u0119dzi. Jego obudowa wykonana jest z lekkiego aluminium wyko\u0144czonego nieodblaskow\u0105 czarn\u0105 oksyd\u0105, a narz\u0119dzia wykonano z wysokiej jako\u015bci stali 2CR13. <\/p>\n<p>G\u0142\u00f3wn\u0105 si\u0142\u0105 modelu Cobra s\u0105 mocne, spr\u0119\u017cynowe kombinerki ze zintegrowanym przecinakiem do drutu, kt\u00f3re mo\u017cna szybko przygotowa\u0107 do pracy. Wszystkie 9 narz\u0119dzi jest \u0142atwych w obs\u0142udze, a solidna blokada zapewnia bezpieczne u\u017cytkowanie. Narz\u0119dzia mo\u017cna \u0142atwo z\u0142o\u017cy\u0107 jednym naci\u015bni\u0119ciem blokady.  <\/p>\n<h2>Multitool jest niezawodny, ale wymaga odrobiny piel\u0119gnacji<\/h2>\n<p>Multitoole s\u0105 bardzo trwa\u0142e, ale to, co pracuje, nieuchronnie si\u0119 zu\u017cywa. Dbaj o swoje narz\u0119dzie regularnie, aby zawsze by\u0142o ostre i gotowe do u\u017cycia. Oto kilka wskaz\u00f3wek.  <\/p>\n<h4>Czysto\u015b\u0107<\/h4>\n<p>Czyste narz\u0119dzie pozwala unikn\u0105\u0107 k\u0142opot\u00f3w. Upewnij si\u0119, \u017ce mi\u0119dzy ruchomymi cz\u0119\u015bciami nie ma piasku, ziemi ani innych zanieczyszcze\u0144. Do czyszczenia ma\u0142ych element\u00f3w idealnie nadaje si\u0119 spr\u0119\u017cone powietrze, ale pomocna b\u0119dzie te\u017c szmatka, a w razie potrzeby np. drewniana wyka\u0142aczka.  <\/p>\n<h4>Rdza<\/h4>\n<p>Mimo \u017ce multitoole s\u0105 wykonane ze stali nierdzewnej, nie s\u0105 ca\u0142kowicie odporne na korozj\u0119. Stal w pe\u0142ni odporna na korozj\u0119 nie zapewni\u0142aby odpowiedniej ostro\u015bci, dlatego nie nadaje si\u0119 do produkcji ostrzy. <\/p>\n<p>Nie oznacza to jednak, \u017ce rdza pojawia si\u0119 szybko. Je\u015bli wyczy\u015bcisz narz\u0119dzie natychmiast po u\u017cyciu oraz po kontakcie z sol\u0105 i kwasami, nic si\u0119 nie stanie. Dlatego np. po wyprawie w\u0119dkarskiej na morzu lub ci\u0119ciu ga\u0142\u0119zi z kwa\u015bnym sokiem, koniecznie dok\u0142adnie op\u0142ucz narz\u0119dzie s\u0142odk\u0105 wod\u0105.  <\/p>\n<p>&nbsp;<\/p>\n<h3>Dbaj o p\u0142ynno\u015b\u0107 ruchomych cz\u0119\u015bci<\/h3>\n<p>Aby ruchome cz\u0119\u015bci dzia\u0142a\u0142y sprawnie nawet po d\u0142u\u017cszym czasie, warto od czasu do czasu u\u017cy\u0107 oleju smarowego. Je\u015bli zauwa\u017cysz plamki korozji, mo\u017cesz nanie\u015b\u0107 ten sam olej na szmatk\u0119 i je wyczy\u015bci\u0107. <\/p>\n<p>Zobacz wi\u0119cej akcesori\u00f3w turystycznych <a href=\"https:\/\/toidupakk.ee\/pl\/tootekategooria\/sprzet-turystyczny\/#section-3-79\">TUTAJ<\/a><\/p>\n<p>Znajd\u017a inspiracj\u0119 na kolejne przygody na <a href=\"https:\/\/www.instagram.com\/toidupakk\/\">Instagramie<\/a> i <a href=\"https:\/\/www.facebook.com\/Toidupakk\/\">Facebooku<\/a> Toidupakk.<\/p>\n","protected":false},"excerpt":{"rendered":"<p><strong>Multitool <em>MIL-TEC Black Cobra PRO<\/em> to niezast\u0105pione narz\u0119dzie. Kompaktowe urz\u0105dzenie mieszcz\u0105ce si\u0119 w kieszeni lub na pasku zawiera wszystkie niezb\u0119dne narz\u0119dzia przydatne w najcz\u0119stszych sytuacjach. Miej go w kieszeni, na pasku, w aucie lub w domowej szufladzie.  <\/strong><\/p>\n<ul>\n<li><strong>9 narz\u0119dzi<\/strong> w jednym kompaktowym urz\u0105dzeniu<\/li>\n<li>wszystkie narz\u0119dzia otwierane <strong>wygodnie jedn\u0105 r\u0119k\u0105<\/strong><\/li>\n<li>Narz\u0119dzia wykonane z <strong>mocnej stali 2CR13<\/strong>, obudowa z <strong>lekkiego aluminium<\/strong><\/li>\n<li><strong>Mechanizm blokuj\u0105cy<\/strong> zapewnia bezpiecze\u0144stwo u\u017cytkowania<\/li>\n<li>W zestawie porz\u0105dne <strong>etui<\/strong> z mocowaniem do paska<\/li>\n<li><strong>Idealny na prezent<\/strong> dzi\u0119ki eleganckiemu, matowemu czarnemu pude\u0142ku<\/li>\n<li>D\u0142ugo\u015b\u0107 11 cm<\/li>\n<li>Waga 308 g<\/li>\n<li>Kolor: <strong>czarna oksyda<\/strong><\/li>\n<\/ul>\n<p>Multitool zawiera nast\u0119puj\u0105ce narz\u0119dzia:<\/p>\n<ul>\n<li>Kombinerki<\/li>\n<li>Przecinak do drutu<\/li>\n<li>Otwieracz do puszek i butelek<\/li>\n<li>Dwa p\u0142askie \u015brubokr\u0119ty i jeden krzy\u017cakowy<\/li>\n<li>Pi\u0142a<\/li>\n<li>Pilnik<\/li>\n<li>N\u00f3\u017c<\/li>\n<\/ul>\n<p><img decoding=\"async\" class=\"emoji\" role=\"img\" draggable=\"false\" src=\"https:\/\/s.w.org\/images\/core\/emoji\/17.0.2\/svg\/2705.svg\" alt=\"\u2705\">  Dost\u0119pne w magazynie, szybka dostawa w 1\u20133 dni robocze<\/p>\n","protected":false},"featured_media":1507,"comment_status":"open","ping_status":"closed","template":"","meta":{"_acf_changed":false},"product_brand":[],"product_cat":[303,317,314,311,333,301,304],"product_tag":[],"class_list":{"0":"post-52574","1":"product","2":"type-product","3":"status-publish","4":"has-post-thumbnail","6":"product_cat-akcesoria-turystyczne","7":"product_cat-mil-tec","8":"product_cat-nocowanie-w-naturze","9":"product_cat-praktyczne-pomysly-na-prezent","10":"product_cat-scyzoryki-i-noze-turystyczne","11":"product_cat-sprzet-turystyczny","12":"product_cat-wyposazenie-militarne","14":"first","15":"onbackorder","16":"sale","17":"taxable","18":"shipping-taxable","19":"purchasable","20":"product-type-simple"},"bundled_by":[],"bundle_stock_status":"onbackorder","bundle_stock_quantity":-1,"bundle_virtual":false,"bundle_layout":"","bundle_add_to_cart_form_location":"","bundle_editable_in_cart":false,"bundle_sold_individually_context":"","bundle_item_grouping":"","bundle_min_size":"","bundle_max_size":"","bundle_price":[],"bundled_items":[],"bundle_sell_ids":[],"acf":[],"yoast_head":"<!-- This site is optimized with the Yoast SEO plugin v27.3 - https:\/\/yoast.com\/product\/yoast-seo-wordpress\/ -->\n<title>Multitool Mil-Tec Black Cobra PRO<\/title>\n<meta name=\"description\" content=\"Multitool 9-cz\u0119\u015bciowy. Wytrzyma\u0142a aluminiowa obudowa z narz\u0119dziami z wysokiej jako\u015bci stali. W zestawie mocne etui na pasek. Zapakowany w eleganckie czarne pude\u0142ko prezentowe.\" \/>\n<meta name=\"robots\" content=\"index, follow, max-snippet:-1, max-image-preview:large, max-video-preview:-1\" \/>\n<link rel=\"canonical\" href=\"https:\/\/toidupakk.ee\/pl\/toode\/multitool-mil-tec-black-cobra-pro\/\" \/>\n<meta property=\"og:locale\" content=\"pl_PL\" \/>\n<meta property=\"og:type\" content=\"article\" \/>\n<meta property=\"og:title\" content=\"Multitool Mil-Tec Black Cobra PRO\" \/>\n<meta property=\"og:description\" content=\"Multitool 9-cz\u0119\u015bciowy. Wytrzyma\u0142a aluminiowa obudowa z narz\u0119dziami z wysokiej jako\u015bci stali. W zestawie mocne etui na pasek. Zapakowany w eleganckie czarne pude\u0142ko prezentowe.\" \/>\n<meta property=\"og:url\" content=\"https:\/\/toidupakk.ee\/pl\/toode\/multitool-mil-tec-black-cobra-pro\/\" \/>\n<meta property=\"og:site_name\" content=\"Toidupakk.ee - Tactical Foodpack toidupakid\" \/>\n<meta property=\"article:publisher\" content=\"https:\/\/www.facebook.com\/Toidupakk\" \/>\n<meta property=\"article:modified_time\" content=\"2026-04-16T20:31:39+00:00\" \/>\n<meta property=\"og:image\" content=\"https:\/\/toidupakk.ee\/wp-content\/uploads\/2022\/03\/1-1.png\" \/>\n\t<meta property=\"og:image:width\" content=\"1080\" \/>\n\t<meta property=\"og:image:height\" content=\"1080\" \/>\n\t<meta property=\"og:image:type\" content=\"image\/png\" \/>\n<meta name=\"twitter:card\" content=\"summary_large_image\" \/>\n<meta name=\"twitter:label1\" content=\"Szacowany czas czytania\" \/>\n\t<meta name=\"twitter:data1\" content=\"2 minuty\" \/>\n<script type=\"application\/ld+json\" class=\"yoast-schema-graph\">{\"@context\":\"https:\\\/\\\/schema.org\",\"@graph\":[{\"@type\":\"WebPage\",\"@id\":\"https:\\\/\\\/toidupakk.ee\\\/pl\\\/toode\\\/multitool-mil-tec-black-cobra-pro\\\/\",\"url\":\"https:\\\/\\\/toidupakk.ee\\\/pl\\\/toode\\\/multitool-mil-tec-black-cobra-pro\\\/\",\"name\":\"Multitool Mil-Tec Black Cobra PRO\",\"isPartOf\":{\"@id\":\"https:\\\/\\\/toidupakk.ee\\\/pl\\\/#website\"},\"primaryImageOfPage\":{\"@id\":\"https:\\\/\\\/toidupakk.ee\\\/pl\\\/toode\\\/multitool-mil-tec-black-cobra-pro\\\/#primaryimage\"},\"image\":{\"@id\":\"https:\\\/\\\/toidupakk.ee\\\/pl\\\/toode\\\/multitool-mil-tec-black-cobra-pro\\\/#primaryimage\"},\"thumbnailUrl\":\"https:\\\/\\\/toidupakk.ee\\\/wp-content\\\/uploads\\\/2022\\\/03\\\/1-1.png\",\"datePublished\":\"2022-03-09T11:40:01+00:00\",\"dateModified\":\"2026-04-16T20:31:39+00:00\",\"description\":\"Multitool 9-cz\u0119\u015bciowy. Wytrzyma\u0142a aluminiowa obudowa z narz\u0119dziami z wysokiej jako\u015bci stali. W zestawie mocne etui na pasek. Zapakowany w eleganckie czarne pude\u0142ko prezentowe.\",\"breadcrumb\":{\"@id\":\"https:\\\/\\\/toidupakk.ee\\\/pl\\\/toode\\\/multitool-mil-tec-black-cobra-pro\\\/#breadcrumb\"},\"inLanguage\":\"pl-PL\",\"potentialAction\":[{\"@type\":\"ReadAction\",\"target\":[\"https:\\\/\\\/toidupakk.ee\\\/pl\\\/toode\\\/multitool-mil-tec-black-cobra-pro\\\/\"]}]},{\"@type\":\"ImageObject\",\"inLanguage\":\"pl-PL\",\"@id\":\"https:\\\/\\\/toidupakk.ee\\\/pl\\\/toode\\\/multitool-mil-tec-black-cobra-pro\\\/#primaryimage\",\"url\":\"https:\\\/\\\/toidupakk.ee\\\/wp-content\\\/uploads\\\/2022\\\/03\\\/1-1.png\",\"contentUrl\":\"https:\\\/\\\/toidupakk.ee\\\/wp-content\\\/uploads\\\/2022\\\/03\\\/1-1.png\",\"width\":1080,\"height\":1080,\"caption\":\"Multit\u00f6\u00f6riist MIL-TEC Black Cobra Pro\"},{\"@type\":\"BreadcrumbList\",\"@id\":\"https:\\\/\\\/toidupakk.ee\\\/pl\\\/toode\\\/multitool-mil-tec-black-cobra-pro\\\/#breadcrumb\",\"itemListElement\":[{\"@type\":\"ListItem\",\"position\":1,\"name\":\"Avaleht\",\"item\":\"https:\\\/\\\/toidupakk.ee\\\/pl\\\/\"},{\"@type\":\"ListItem\",\"position\":2,\"name\":\"Sklep internetowy\",\"item\":\"https:\\\/\\\/toidupakk.ee\\\/pl\\\/sklep-internetowy\\\/\"},{\"@type\":\"ListItem\",\"position\":3,\"name\":\"Multitool Mil-Tec Black Cobra PRO\"}]},{\"@type\":\"WebSite\",\"@id\":\"https:\\\/\\\/toidupakk.ee\\\/pl\\\/#website\",\"url\":\"https:\\\/\\\/toidupakk.ee\\\/pl\\\/\",\"name\":\"Toidupakk.ee - Tactical Foodpack toidupakid\",\"description\":\"Tactical Foodpack k\u00fclmkuivatatud toidupakid ja matkaeined\",\"publisher\":{\"@id\":\"https:\\\/\\\/toidupakk.ee\\\/pl\\\/#organization\"},\"potentialAction\":[{\"@type\":\"SearchAction\",\"target\":{\"@type\":\"EntryPoint\",\"urlTemplate\":\"https:\\\/\\\/toidupakk.ee\\\/pl\\\/?s={search_term_string}\"},\"query-input\":{\"@type\":\"PropertyValueSpecification\",\"valueRequired\":true,\"valueName\":\"search_term_string\"}}],\"inLanguage\":\"pl-PL\"},{\"@type\":\"Organization\",\"@id\":\"https:\\\/\\\/toidupakk.ee\\\/pl\\\/#organization\",\"name\":\"Tactical Foodpack matkaeined\",\"url\":\"https:\\\/\\\/toidupakk.ee\\\/pl\\\/\",\"logo\":{\"@type\":\"ImageObject\",\"inLanguage\":\"pl-PL\",\"@id\":\"https:\\\/\\\/toidupakk.ee\\\/pl\\\/#\\\/schema\\\/logo\\\/image\\\/\",\"url\":\"https:\\\/\\\/toidupakk.ee\\\/wp-content\\\/uploads\\\/2022\\\/01\\\/Toidupakk-matkapood-logo-transparent.png\",\"contentUrl\":\"https:\\\/\\\/toidupakk.ee\\\/wp-content\\\/uploads\\\/2022\\\/01\\\/Toidupakk-matkapood-logo-transparent.png\",\"width\":500,\"height\":500,\"caption\":\"Tactical Foodpack matkaeined\"},\"image\":{\"@id\":\"https:\\\/\\\/toidupakk.ee\\\/pl\\\/#\\\/schema\\\/logo\\\/image\\\/\"},\"sameAs\":[\"https:\\\/\\\/www.facebook.com\\\/Toidupakk\",\"https:\\\/\\\/www.instagram.com\\\/toidupakk\\\/\"]}]}<\/script>\n<!-- \/ Yoast SEO plugin. -->","yoast_head_json":{"title":"Multitool Mil-Tec Black Cobra PRO","description":"Multitool 9-cz\u0119\u015bciowy. Wytrzyma\u0142a aluminiowa obudowa z narz\u0119dziami z wysokiej jako\u015bci stali. W zestawie mocne etui na pasek. Zapakowany w eleganckie czarne pude\u0142ko prezentowe.","robots":{"index":"index","follow":"follow","max-snippet":"max-snippet:-1","max-image-preview":"max-image-preview:large","max-video-preview":"max-video-preview:-1"},"canonical":"https:\/\/toidupakk.ee\/pl\/toode\/multitool-mil-tec-black-cobra-pro\/","og_locale":"pl_PL","og_type":"article","og_title":"Multitool Mil-Tec Black Cobra PRO","og_description":"Multitool 9-cz\u0119\u015bciowy. Wytrzyma\u0142a aluminiowa obudowa z narz\u0119dziami z wysokiej jako\u015bci stali. W zestawie mocne etui na pasek. Zapakowany w eleganckie czarne pude\u0142ko prezentowe.","og_url":"https:\/\/toidupakk.ee\/pl\/toode\/multitool-mil-tec-black-cobra-pro\/","og_site_name":"Toidupakk.ee - Tactical Foodpack toidupakid","article_publisher":"https:\/\/www.facebook.com\/Toidupakk","article_modified_time":"2026-04-16T20:31:39+00:00","og_image":[{"width":1080,"height":1080,"url":"https:\/\/toidupakk.ee\/wp-content\/uploads\/2022\/03\/1-1.png","type":"image\/png"}],"twitter_card":"summary_large_image","twitter_misc":{"Szacowany czas czytania":"2 minuty"},"schema":{"@context":"https:\/\/schema.org","@graph":[{"@type":"WebPage","@id":"https:\/\/toidupakk.ee\/pl\/toode\/multitool-mil-tec-black-cobra-pro\/","url":"https:\/\/toidupakk.ee\/pl\/toode\/multitool-mil-tec-black-cobra-pro\/","name":"Multitool Mil-Tec Black Cobra PRO","isPartOf":{"@id":"https:\/\/toidupakk.ee\/pl\/#website"},"primaryImageOfPage":{"@id":"https:\/\/toidupakk.ee\/pl\/toode\/multitool-mil-tec-black-cobra-pro\/#primaryimage"},"image":{"@id":"https:\/\/toidupakk.ee\/pl\/toode\/multitool-mil-tec-black-cobra-pro\/#primaryimage"},"thumbnailUrl":"https:\/\/toidupakk.ee\/wp-content\/uploads\/2022\/03\/1-1.png","datePublished":"2022-03-09T11:40:01+00:00","dateModified":"2026-04-16T20:31:39+00:00","description":"Multitool 9-cz\u0119\u015bciowy. Wytrzyma\u0142a aluminiowa obudowa z narz\u0119dziami z wysokiej jako\u015bci stali. W zestawie mocne etui na pasek. Zapakowany w eleganckie czarne pude\u0142ko prezentowe.","breadcrumb":{"@id":"https:\/\/toidupakk.ee\/pl\/toode\/multitool-mil-tec-black-cobra-pro\/#breadcrumb"},"inLanguage":"pl-PL","potentialAction":[{"@type":"ReadAction","target":["https:\/\/toidupakk.ee\/pl\/toode\/multitool-mil-tec-black-cobra-pro\/"]}]},{"@type":"ImageObject","inLanguage":"pl-PL","@id":"https:\/\/toidupakk.ee\/pl\/toode\/multitool-mil-tec-black-cobra-pro\/#primaryimage","url":"https:\/\/toidupakk.ee\/wp-content\/uploads\/2022\/03\/1-1.png","contentUrl":"https:\/\/toidupakk.ee\/wp-content\/uploads\/2022\/03\/1-1.png","width":1080,"height":1080,"caption":"Multit\u00f6\u00f6riist MIL-TEC Black Cobra Pro"},{"@type":"BreadcrumbList","@id":"https:\/\/toidupakk.ee\/pl\/toode\/multitool-mil-tec-black-cobra-pro\/#breadcrumb","itemListElement":[{"@type":"ListItem","position":1,"name":"Avaleht","item":"https:\/\/toidupakk.ee\/pl\/"},{"@type":"ListItem","position":2,"name":"Sklep internetowy","item":"https:\/\/toidupakk.ee\/pl\/sklep-internetowy\/"},{"@type":"ListItem","position":3,"name":"Multitool Mil-Tec Black Cobra PRO"}]},{"@type":"WebSite","@id":"https:\/\/toidupakk.ee\/pl\/#website","url":"https:\/\/toidupakk.ee\/pl\/","name":"Toidupakk.ee - Tactical Foodpack toidupakid","description":"Tactical Foodpack k\u00fclmkuivatatud toidupakid ja matkaeined","publisher":{"@id":"https:\/\/toidupakk.ee\/pl\/#organization"},"potentialAction":[{"@type":"SearchAction","target":{"@type":"EntryPoint","urlTemplate":"https:\/\/toidupakk.ee\/pl\/?s={search_term_string}"},"query-input":{"@type":"PropertyValueSpecification","valueRequired":true,"valueName":"search_term_string"}}],"inLanguage":"pl-PL"},{"@type":"Organization","@id":"https:\/\/toidupakk.ee\/pl\/#organization","name":"Tactical Foodpack matkaeined","url":"https:\/\/toidupakk.ee\/pl\/","logo":{"@type":"ImageObject","inLanguage":"pl-PL","@id":"https:\/\/toidupakk.ee\/pl\/#\/schema\/logo\/image\/","url":"https:\/\/toidupakk.ee\/wp-content\/uploads\/2022\/01\/Toidupakk-matkapood-logo-transparent.png","contentUrl":"https:\/\/toidupakk.ee\/wp-content\/uploads\/2022\/01\/Toidupakk-matkapood-logo-transparent.png","width":500,"height":500,"caption":"Tactical Foodpack matkaeined"},"image":{"@id":"https:\/\/toidupakk.ee\/pl\/#\/schema\/logo\/image\/"},"sameAs":["https:\/\/www.facebook.com\/Toidupakk","https:\/\/www.instagram.com\/toidupakk\/"]}]}},"jetpack_sharing_enabled":true,"_links":{"self":[{"href":"https:\/\/toidupakk.ee\/pl\/wp-json\/wp\/v2\/product\/52574","targetHints":{"allow":["GET"]}}],"collection":[{"href":"https:\/\/toidupakk.ee\/pl\/wp-json\/wp\/v2\/product"}],"about":[{"href":"https:\/\/toidupakk.ee\/pl\/wp-json\/wp\/v2\/types\/product"}],"replies":[{"embeddable":true,"href":"https:\/\/toidupakk.ee\/pl\/wp-json\/wp\/v2\/comments?post=52574"}],"wp:featuredmedia":[{"embeddable":true,"href":"https:\/\/toidupakk.ee\/pl\/wp-json\/wp\/v2\/media\/1507"}],"wp:attachment":[{"href":"https:\/\/toidupakk.ee\/pl\/wp-json\/wp\/v2\/media?parent=52574"}],"wp:term":[{"taxonomy":"product_brand","embeddable":true,"href":"https:\/\/toidupakk.ee\/pl\/wp-json\/wp\/v2\/product_brand?post=52574"},{"taxonomy":"product_cat","embeddable":true,"href":"https:\/\/toidupakk.ee\/pl\/wp-json\/wp\/v2\/product_cat?post=52574"},{"taxonomy":"product_tag","embeddable":true,"href":"https:\/\/toidupakk.ee\/pl\/wp-json\/wp\/v2\/product_tag?post=52574"}],"curies":[{"name":"wp","href":"https:\/\/api.w.org\/{rel}","templated":true}]}}