{"id":52540,"date":"2023-09-29T12:26:17","date_gmt":"2023-09-29T09:26:17","guid":{"rendered":"https:\/\/toidupakk.ee\/toode\/koszulka-taktyczna-z-dlugim-rekawem-quick-dry\/"},"modified":"2026-04-16T20:01:48","modified_gmt":"2026-04-16T17:01:48","slug":"koszulka-taktyczna-z-dlugim-rekawem-quick-dry","status":"publish","type":"product","link":"https:\/\/toidupakk.ee\/pl\/toode\/koszulka-taktyczna-z-dlugim-rekawem-quick-dry\/","title":{"rendered":"Koszulka taktyczna z d\u0142ugim r\u0119kawem Quick Dry"},"content":{"rendered":"<p>Koszulka taktyczna z d\u0142ugim r\u0119kawem Quick Dry jest wykonana z wysokiej jako\u015bci materia\u0142u, kt\u00f3ry zapewnia trwa\u0142o\u015b\u0107 i komfort noszenia. Dost\u0119pna w r\u00f3\u017cnych rozmiarach i kolorach. <\/p>\n<p>Informacje o piel\u0119gnacji:<\/p>\n<div class=\"mceTemp\"><\/div>\n<p><img decoding=\"async\" class=\"alignnone wp-image-13181\" src=\"https:\/\/toidupakk.ee\/wp-content\/uploads\/2023\/08\/bleach_2.png\" alt=\"\" width=\"60\" height=\"60\" srcset=\"https:\/\/toidupakk.ee\/wp-content\/uploads\/2023\/08\/bleach_2.png 120w, https:\/\/toidupakk.ee\/wp-content\/uploads\/2023\/08\/bleach_2-100x100.png 100w\" sizes=\"(max-width: 60px) 100vw, 60px\" \/> <img decoding=\"async\" class=\"alignnone wp-image-13179\" src=\"https:\/\/toidupakk.ee\/wp-content\/uploads\/2023\/08\/drying_3.png\" alt=\"\" width=\"60\" height=\"60\" srcset=\"https:\/\/toidupakk.ee\/wp-content\/uploads\/2023\/08\/drying_3.png 120w, https:\/\/toidupakk.ee\/wp-content\/uploads\/2023\/08\/drying_3-100x100.png 100w\" sizes=\"(max-width: 60px) 100vw, 60px\" \/><img decoding=\"async\" class=\"alignnone wp-image-14267\" src=\"https:\/\/toidupakk.ee\/wp-content\/uploads\/2023\/09\/professional_cleaning_3.png\" alt=\"\" width=\"60\" height=\"60\" srcset=\"https:\/\/toidupakk.ee\/wp-content\/uploads\/2023\/09\/professional_cleaning_3.png 120w, https:\/\/toidupakk.ee\/wp-content\/uploads\/2023\/09\/professional_cleaning_3-100x100.png 100w\" sizes=\"(max-width: 60px) 100vw, 60px\" \/> <img loading=\"lazy\" decoding=\"async\" class=\"alignnone wp-image-14268\" src=\"https:\/\/toidupakk.ee\/wp-content\/uploads\/2023\/09\/ironing_1.png\" alt=\"\" width=\"60\" height=\"60\" srcset=\"https:\/\/toidupakk.ee\/wp-content\/uploads\/2023\/09\/ironing_1.png 120w, https:\/\/toidupakk.ee\/wp-content\/uploads\/2023\/09\/ironing_1-100x100.png 100w\" sizes=\"(max-width: 60px) 100vw, 60px\" \/> <img loading=\"lazy\" decoding=\"async\" class=\"alignnone wp-image-14269\" src=\"https:\/\/toidupakk.ee\/wp-content\/uploads\/2023\/09\/washing_1.png\" alt=\"\" width=\"60\" height=\"60\" srcset=\"https:\/\/toidupakk.ee\/wp-content\/uploads\/2023\/09\/washing_1.png 120w, https:\/\/toidupakk.ee\/wp-content\/uploads\/2023\/09\/washing_1-100x100.png 100w\" sizes=\"(max-width: 60px) 100vw, 60px\" \/><\/p>\n<p>Sprawd\u017a inne akcesoria turystyczne <a href=\"https:\/\/toidupakk.ee\/pl\/tootekategooria\/sprzet-turystyczny\/#section-3-79\">TUTAJ<\/a><\/p>\n<p>Interesuj\u0105 Ci\u0119 posi\u0142ki turystyczne? Zobacz <a href=\"\/?product_cat=snakk#section-3-79\">TUTAJ<\/a><\/p>\n<p>Znajd\u017a inspiracj\u0119 na kolejne przygody na <a href=\"https:\/\/www.instagram.com\/toidupakk\/\">Instagramie<\/a> i <a href=\"https:\/\/www.facebook.com\/Toidupakk\/\">Facebooku<\/a> Toidupakk.<\/p>\n","protected":false},"excerpt":{"rendered":"<p><strong>Koszulka taktyczna z d\u0142ugim r\u0119kawem Quick Dry to popularny wyb\u00f3r dla os\u00f3b prowadz\u0105cych aktywny tryb \u017cycia. Ch\u0119tnie u\u017cywana przez \u017co\u0142nierzy i cz\u0142onk\u00f3w obrony terytorialnej. <\/strong><\/p>\n<ul>\n<li>Tkanina Quick Dry zapewnia odprowadzanie wilgoci z powierzchni cia\u0142a<\/li>\n<li>Przyjemnie oddychaj\u0105cy i szybkoschn\u0105cy materia\u0142<\/li>\n<li>Idealna do uprawiania sportu i rekreacji<\/li>\n<li>Mi\u0119kki materia\u0142 100% poliester<\/li>\n<li>Elastyczna tkanina zapewnia swobod\u0119 ruch\u00f3w<\/li>\n<li>Marka: 101INC<\/li>\n<li>Rozmiary: S; M; L; XL; XXL; 3XL<\/li>\n<li>Dost\u0119pne kolory: zielony, be\u017cowy, czarny i szary<\/li>\n<\/ul>\n<p><img loading=\"lazy\" decoding=\"async\" class=\"alignnone wp-image-13558\" src=\"https:\/\/toidupakk.ee\/wp-content\/uploads\/2023\/09\/101inc.png\" alt=\"Logo 101INC\" width=\"100\" height=\"93\" srcset=\"https:\/\/toidupakk.ee\/wp-content\/uploads\/2023\/09\/101inc.png 324w, https:\/\/toidupakk.ee\/wp-content\/uploads\/2023\/09\/101inc-300x278.png 300w\" sizes=\"(max-width: 100px) 100vw, 100px\" \/><\/p>\n<p>\u2705 Szybka dostawa w 1\u20133 dni robocze<\/p>\n","protected":false},"featured_media":14343,"comment_status":"open","ping_status":"closed","template":"","meta":{"_acf_changed":false},"product_brand":[],"product_cat":[303,386,319,301],"product_tag":[],"class_list":{"0":"post-52540","1":"product","2":"type-product","3":"status-publish","4":"has-post-thumbnail","6":"product_cat-akcesoria-turystyczne","7":"product_cat-koszulki","8":"product_cat-odziez","9":"product_cat-sprzet-turystyczny","11":"first","12":"instock","13":"taxable","14":"shipping-taxable","15":"purchasable","16":"product-type-variable","17":"has-default-attributes"},"bundled_by":[],"bundle_stock_status":"instock","bundle_stock_quantity":null,"bundle_virtual":false,"bundle_layout":"","bundle_add_to_cart_form_location":"","bundle_editable_in_cart":false,"bundle_sold_individually_context":"","bundle_item_grouping":"","bundle_min_size":"","bundle_max_size":"","bundle_price":[],"bundled_items":[],"bundle_sell_ids":[],"acf":[],"yoast_head":"<!-- This site is optimized with the Yoast SEO plugin v27.3 - https:\/\/yoast.com\/product\/yoast-seo-wordpress\/ -->\n<title>Koszulka taktyczna z d\u0142ugim r\u0119kawem Quick Dry<\/title>\n<meta name=\"description\" content=\"Koszulka taktyczna z d\u0142ugim r\u0119kawem Quick Dry to popularny wyb\u00f3r dla os\u00f3b aktywnych, u\u017cywana r\u00f3wnie\u017c przez \u017co\u0142nierzy i cz\u0142onk\u00f3w obrony terytorialnej.\" \/>\n<meta name=\"robots\" content=\"index, follow, max-snippet:-1, max-image-preview:large, max-video-preview:-1\" \/>\n<link rel=\"canonical\" href=\"https:\/\/toidupakk.ee\/pl\/toode\/koszulka-taktyczna-z-dlugim-rekawem-quick-dry\/\" \/>\n<meta property=\"og:locale\" content=\"pl_PL\" \/>\n<meta property=\"og:type\" content=\"article\" \/>\n<meta property=\"og:title\" content=\"Koszulka taktyczna z d\u0142ugim r\u0119kawem Quick Dry\" \/>\n<meta property=\"og:description\" content=\"Koszulka taktyczna z d\u0142ugim r\u0119kawem Quick Dry to popularny wyb\u00f3r dla os\u00f3b aktywnych, u\u017cywana r\u00f3wnie\u017c przez \u017co\u0142nierzy i cz\u0142onk\u00f3w obrony terytorialnej.\" \/>\n<meta property=\"og:url\" content=\"https:\/\/toidupakk.ee\/pl\/toode\/koszulka-taktyczna-z-dlugim-rekawem-quick-dry\/\" \/>\n<meta property=\"og:site_name\" content=\"Toidupakk.ee - Tactical Foodpack toidupakid\" \/>\n<meta property=\"article:publisher\" content=\"https:\/\/www.facebook.com\/Toidupakk\" \/>\n<meta property=\"article:modified_time\" content=\"2026-04-16T17:01:48+00:00\" \/>\n<meta property=\"og:image\" content=\"https:\/\/toidupakk.ee\/wp-content\/uploads\/2023\/09\/Taktikaline-pikkade-varrukatega-sark-Quick-Dry6.png\" \/>\n\t<meta property=\"og:image:width\" content=\"800\" \/>\n\t<meta property=\"og:image:height\" content=\"800\" \/>\n\t<meta property=\"og:image:type\" content=\"image\/png\" \/>\n<meta name=\"twitter:card\" content=\"summary_large_image\" \/>\n<script type=\"application\/ld+json\" class=\"yoast-schema-graph\">{\"@context\":\"https:\\\/\\\/schema.org\",\"@graph\":[{\"@type\":\"WebPage\",\"@id\":\"https:\\\/\\\/toidupakk.ee\\\/pl\\\/toode\\\/koszulka-taktyczna-z-dlugim-rekawem-quick-dry\\\/\",\"url\":\"https:\\\/\\\/toidupakk.ee\\\/pl\\\/toode\\\/koszulka-taktyczna-z-dlugim-rekawem-quick-dry\\\/\",\"name\":\"Koszulka taktyczna z d\u0142ugim r\u0119kawem Quick Dry\",\"isPartOf\":{\"@id\":\"https:\\\/\\\/toidupakk.ee\\\/pl\\\/#website\"},\"primaryImageOfPage\":{\"@id\":\"https:\\\/\\\/toidupakk.ee\\\/pl\\\/toode\\\/koszulka-taktyczna-z-dlugim-rekawem-quick-dry\\\/#primaryimage\"},\"image\":{\"@id\":\"https:\\\/\\\/toidupakk.ee\\\/pl\\\/toode\\\/koszulka-taktyczna-z-dlugim-rekawem-quick-dry\\\/#primaryimage\"},\"thumbnailUrl\":\"https:\\\/\\\/toidupakk.ee\\\/wp-content\\\/uploads\\\/2023\\\/09\\\/Taktikaline-pikkade-varrukatega-sark-Quick-Dry6.png\",\"datePublished\":\"2023-09-29T09:26:17+00:00\",\"dateModified\":\"2026-04-16T17:01:48+00:00\",\"description\":\"Koszulka taktyczna z d\u0142ugim r\u0119kawem Quick Dry to popularny wyb\u00f3r dla os\u00f3b aktywnych, u\u017cywana r\u00f3wnie\u017c przez \u017co\u0142nierzy i cz\u0142onk\u00f3w obrony terytorialnej.\",\"breadcrumb\":{\"@id\":\"https:\\\/\\\/toidupakk.ee\\\/pl\\\/toode\\\/koszulka-taktyczna-z-dlugim-rekawem-quick-dry\\\/#breadcrumb\"},\"inLanguage\":\"pl-PL\",\"potentialAction\":[{\"@type\":\"ReadAction\",\"target\":[\"https:\\\/\\\/toidupakk.ee\\\/pl\\\/toode\\\/koszulka-taktyczna-z-dlugim-rekawem-quick-dry\\\/\"]}]},{\"@type\":\"ImageObject\",\"inLanguage\":\"pl-PL\",\"@id\":\"https:\\\/\\\/toidupakk.ee\\\/pl\\\/toode\\\/koszulka-taktyczna-z-dlugim-rekawem-quick-dry\\\/#primaryimage\",\"url\":\"https:\\\/\\\/toidupakk.ee\\\/wp-content\\\/uploads\\\/2023\\\/09\\\/Taktikaline-pikkade-varrukatega-sark-Quick-Dry6.png\",\"contentUrl\":\"https:\\\/\\\/toidupakk.ee\\\/wp-content\\\/uploads\\\/2023\\\/09\\\/Taktikaline-pikkade-varrukatega-sark-Quick-Dry6.png\",\"width\":800,\"height\":800,\"caption\":\"Taktikaline pikkade varrukatega s\u00e4rk Quick Dry2\"},{\"@type\":\"BreadcrumbList\",\"@id\":\"https:\\\/\\\/toidupakk.ee\\\/pl\\\/toode\\\/koszulka-taktyczna-z-dlugim-rekawem-quick-dry\\\/#breadcrumb\",\"itemListElement\":[{\"@type\":\"ListItem\",\"position\":1,\"name\":\"Avaleht\",\"item\":\"https:\\\/\\\/toidupakk.ee\\\/pl\\\/\"},{\"@type\":\"ListItem\",\"position\":2,\"name\":\"Sklep internetowy\",\"item\":\"https:\\\/\\\/toidupakk.ee\\\/pl\\\/sklep-internetowy\\\/\"},{\"@type\":\"ListItem\",\"position\":3,\"name\":\"Koszulka taktyczna z d\u0142ugim r\u0119kawem Quick Dry\"}]},{\"@type\":\"WebSite\",\"@id\":\"https:\\\/\\\/toidupakk.ee\\\/pl\\\/#website\",\"url\":\"https:\\\/\\\/toidupakk.ee\\\/pl\\\/\",\"name\":\"Toidupakk.ee - Tactical Foodpack toidupakid\",\"description\":\"Tactical Foodpack k\u00fclmkuivatatud toidupakid ja matkaeined\",\"publisher\":{\"@id\":\"https:\\\/\\\/toidupakk.ee\\\/pl\\\/#organization\"},\"potentialAction\":[{\"@type\":\"SearchAction\",\"target\":{\"@type\":\"EntryPoint\",\"urlTemplate\":\"https:\\\/\\\/toidupakk.ee\\\/pl\\\/?s={search_term_string}\"},\"query-input\":{\"@type\":\"PropertyValueSpecification\",\"valueRequired\":true,\"valueName\":\"search_term_string\"}}],\"inLanguage\":\"pl-PL\"},{\"@type\":\"Organization\",\"@id\":\"https:\\\/\\\/toidupakk.ee\\\/pl\\\/#organization\",\"name\":\"Tactical Foodpack matkaeined\",\"url\":\"https:\\\/\\\/toidupakk.ee\\\/pl\\\/\",\"logo\":{\"@type\":\"ImageObject\",\"inLanguage\":\"pl-PL\",\"@id\":\"https:\\\/\\\/toidupakk.ee\\\/pl\\\/#\\\/schema\\\/logo\\\/image\\\/\",\"url\":\"https:\\\/\\\/toidupakk.ee\\\/wp-content\\\/uploads\\\/2022\\\/01\\\/Toidupakk-matkapood-logo-transparent.png\",\"contentUrl\":\"https:\\\/\\\/toidupakk.ee\\\/wp-content\\\/uploads\\\/2022\\\/01\\\/Toidupakk-matkapood-logo-transparent.png\",\"width\":500,\"height\":500,\"caption\":\"Tactical Foodpack matkaeined\"},\"image\":{\"@id\":\"https:\\\/\\\/toidupakk.ee\\\/pl\\\/#\\\/schema\\\/logo\\\/image\\\/\"},\"sameAs\":[\"https:\\\/\\\/www.facebook.com\\\/Toidupakk\",\"https:\\\/\\\/www.instagram.com\\\/toidupakk\\\/\"]}]}<\/script>\n<!-- \/ Yoast SEO plugin. -->","yoast_head_json":{"title":"Koszulka taktyczna z d\u0142ugim r\u0119kawem Quick Dry","description":"Koszulka taktyczna z d\u0142ugim r\u0119kawem Quick Dry to popularny wyb\u00f3r dla os\u00f3b aktywnych, u\u017cywana r\u00f3wnie\u017c przez \u017co\u0142nierzy i cz\u0142onk\u00f3w obrony terytorialnej.","robots":{"index":"index","follow":"follow","max-snippet":"max-snippet:-1","max-image-preview":"max-image-preview:large","max-video-preview":"max-video-preview:-1"},"canonical":"https:\/\/toidupakk.ee\/pl\/toode\/koszulka-taktyczna-z-dlugim-rekawem-quick-dry\/","og_locale":"pl_PL","og_type":"article","og_title":"Koszulka taktyczna z d\u0142ugim r\u0119kawem Quick Dry","og_description":"Koszulka taktyczna z d\u0142ugim r\u0119kawem Quick Dry to popularny wyb\u00f3r dla os\u00f3b aktywnych, u\u017cywana r\u00f3wnie\u017c przez \u017co\u0142nierzy i cz\u0142onk\u00f3w obrony terytorialnej.","og_url":"https:\/\/toidupakk.ee\/pl\/toode\/koszulka-taktyczna-z-dlugim-rekawem-quick-dry\/","og_site_name":"Toidupakk.ee - Tactical Foodpack toidupakid","article_publisher":"https:\/\/www.facebook.com\/Toidupakk","article_modified_time":"2026-04-16T17:01:48+00:00","og_image":[{"width":800,"height":800,"url":"https:\/\/toidupakk.ee\/wp-content\/uploads\/2023\/09\/Taktikaline-pikkade-varrukatega-sark-Quick-Dry6.png","type":"image\/png"}],"twitter_card":"summary_large_image","schema":{"@context":"https:\/\/schema.org","@graph":[{"@type":"WebPage","@id":"https:\/\/toidupakk.ee\/pl\/toode\/koszulka-taktyczna-z-dlugim-rekawem-quick-dry\/","url":"https:\/\/toidupakk.ee\/pl\/toode\/koszulka-taktyczna-z-dlugim-rekawem-quick-dry\/","name":"Koszulka taktyczna z d\u0142ugim r\u0119kawem Quick Dry","isPartOf":{"@id":"https:\/\/toidupakk.ee\/pl\/#website"},"primaryImageOfPage":{"@id":"https:\/\/toidupakk.ee\/pl\/toode\/koszulka-taktyczna-z-dlugim-rekawem-quick-dry\/#primaryimage"},"image":{"@id":"https:\/\/toidupakk.ee\/pl\/toode\/koszulka-taktyczna-z-dlugim-rekawem-quick-dry\/#primaryimage"},"thumbnailUrl":"https:\/\/toidupakk.ee\/wp-content\/uploads\/2023\/09\/Taktikaline-pikkade-varrukatega-sark-Quick-Dry6.png","datePublished":"2023-09-29T09:26:17+00:00","dateModified":"2026-04-16T17:01:48+00:00","description":"Koszulka taktyczna z d\u0142ugim r\u0119kawem Quick Dry to popularny wyb\u00f3r dla os\u00f3b aktywnych, u\u017cywana r\u00f3wnie\u017c przez \u017co\u0142nierzy i cz\u0142onk\u00f3w obrony terytorialnej.","breadcrumb":{"@id":"https:\/\/toidupakk.ee\/pl\/toode\/koszulka-taktyczna-z-dlugim-rekawem-quick-dry\/#breadcrumb"},"inLanguage":"pl-PL","potentialAction":[{"@type":"ReadAction","target":["https:\/\/toidupakk.ee\/pl\/toode\/koszulka-taktyczna-z-dlugim-rekawem-quick-dry\/"]}]},{"@type":"ImageObject","inLanguage":"pl-PL","@id":"https:\/\/toidupakk.ee\/pl\/toode\/koszulka-taktyczna-z-dlugim-rekawem-quick-dry\/#primaryimage","url":"https:\/\/toidupakk.ee\/wp-content\/uploads\/2023\/09\/Taktikaline-pikkade-varrukatega-sark-Quick-Dry6.png","contentUrl":"https:\/\/toidupakk.ee\/wp-content\/uploads\/2023\/09\/Taktikaline-pikkade-varrukatega-sark-Quick-Dry6.png","width":800,"height":800,"caption":"Taktikaline pikkade varrukatega s\u00e4rk Quick Dry2"},{"@type":"BreadcrumbList","@id":"https:\/\/toidupakk.ee\/pl\/toode\/koszulka-taktyczna-z-dlugim-rekawem-quick-dry\/#breadcrumb","itemListElement":[{"@type":"ListItem","position":1,"name":"Avaleht","item":"https:\/\/toidupakk.ee\/pl\/"},{"@type":"ListItem","position":2,"name":"Sklep internetowy","item":"https:\/\/toidupakk.ee\/pl\/sklep-internetowy\/"},{"@type":"ListItem","position":3,"name":"Koszulka taktyczna z d\u0142ugim r\u0119kawem Quick Dry"}]},{"@type":"WebSite","@id":"https:\/\/toidupakk.ee\/pl\/#website","url":"https:\/\/toidupakk.ee\/pl\/","name":"Toidupakk.ee - Tactical Foodpack toidupakid","description":"Tactical Foodpack k\u00fclmkuivatatud toidupakid ja matkaeined","publisher":{"@id":"https:\/\/toidupakk.ee\/pl\/#organization"},"potentialAction":[{"@type":"SearchAction","target":{"@type":"EntryPoint","urlTemplate":"https:\/\/toidupakk.ee\/pl\/?s={search_term_string}"},"query-input":{"@type":"PropertyValueSpecification","valueRequired":true,"valueName":"search_term_string"}}],"inLanguage":"pl-PL"},{"@type":"Organization","@id":"https:\/\/toidupakk.ee\/pl\/#organization","name":"Tactical Foodpack matkaeined","url":"https:\/\/toidupakk.ee\/pl\/","logo":{"@type":"ImageObject","inLanguage":"pl-PL","@id":"https:\/\/toidupakk.ee\/pl\/#\/schema\/logo\/image\/","url":"https:\/\/toidupakk.ee\/wp-content\/uploads\/2022\/01\/Toidupakk-matkapood-logo-transparent.png","contentUrl":"https:\/\/toidupakk.ee\/wp-content\/uploads\/2022\/01\/Toidupakk-matkapood-logo-transparent.png","width":500,"height":500,"caption":"Tactical Foodpack matkaeined"},"image":{"@id":"https:\/\/toidupakk.ee\/pl\/#\/schema\/logo\/image\/"},"sameAs":["https:\/\/www.facebook.com\/Toidupakk","https:\/\/www.instagram.com\/toidupakk\/"]}]}},"jetpack_sharing_enabled":true,"_links":{"self":[{"href":"https:\/\/toidupakk.ee\/pl\/wp-json\/wp\/v2\/product\/52540","targetHints":{"allow":["GET"]}}],"collection":[{"href":"https:\/\/toidupakk.ee\/pl\/wp-json\/wp\/v2\/product"}],"about":[{"href":"https:\/\/toidupakk.ee\/pl\/wp-json\/wp\/v2\/types\/product"}],"replies":[{"embeddable":true,"href":"https:\/\/toidupakk.ee\/pl\/wp-json\/wp\/v2\/comments?post=52540"}],"wp:featuredmedia":[{"embeddable":true,"href":"https:\/\/toidupakk.ee\/pl\/wp-json\/wp\/v2\/media\/14343"}],"wp:attachment":[{"href":"https:\/\/toidupakk.ee\/pl\/wp-json\/wp\/v2\/media?parent=52540"}],"wp:term":[{"taxonomy":"product_brand","embeddable":true,"href":"https:\/\/toidupakk.ee\/pl\/wp-json\/wp\/v2\/product_brand?post=52540"},{"taxonomy":"product_cat","embeddable":true,"href":"https:\/\/toidupakk.ee\/pl\/wp-json\/wp\/v2\/product_cat?post=52540"},{"taxonomy":"product_tag","embeddable":true,"href":"https:\/\/toidupakk.ee\/pl\/wp-json\/wp\/v2\/product_tag?post=52540"}],"curies":[{"name":"wp","href":"https:\/\/api.w.org\/{rel}","templated":true}]}}