{"id":52539,"date":"2022-03-09T10:13:18","date_gmt":"2022-03-09T08:13:18","guid":{"rendered":"https:\/\/toidupakk.ee\/toode\/butelka-mil-tec-06-l\/"},"modified":"2026-04-16T12:01:33","modified_gmt":"2026-04-16T09:01:33","slug":"butelka-mil-tec-06-l","status":"publish","type":"product","link":"https:\/\/toidupakk.ee\/pl\/toode\/butelka-mil-tec-06-l\/","title":{"rendered":"Butelka Mil-Tec 0,6 l"},"content":{"rendered":"<h1>Miej butelk\u0119 zawsze pod r\u0119k\u0105!<\/h1>\n<p>Woda na szlaku (i w og\u00f3le) jest kluczowa. Zapotrzebowanie na wod\u0119 zale\u017cy od masy cia\u0142a, ale og\u00f3lne zalecenie to picie \u015brednio 28\u201332 ml wody na ka\u017cdy kilogram masy cia\u0142a. Podczas aktywno\u015bci fizycznej zapotrzebowanie ro\u015bnie, poniewa\u017c prawdopodobnie bardziej si\u0119 pocisz, a woda ucieka z organizmu przez pot nawet w ni\u017cszych temperaturach, nawet je\u015bli wydaje ci si\u0119, \u017ce si\u0119 nie pocisz. Wtedy nale\u017cy zwi\u0119kszy\u0107 ilo\u015b\u0107 spo\u017cywanej wody i pi\u0107 w regularnych odst\u0119pach czasu. W ch\u0142odniejsze dni trzymaj butelk\u0119 w plecaku blisko plec\u00f3w, aby utrzyma\u0107 ciep\u0142o p\u0142ynu.    <\/p>\n<h2>Butelka w plecaku jest ci\u0119\u017cka<\/h2>\n<p>To prawda! Ale szykuj\u0105c si\u0119 do drogi, zabranie wody jest nieuniknione, bo nie wiadomo, kiedy trafi si\u0119 pierwszy punkt jej poboru. Pytanie tylko, gdy ju\u017c dotrzesz do takiego miejsca \u2013 wodospadu, \u017ar\u00f3d\u0142a czy jeziora \u2013 jak mie\u0107 pewno\u015b\u0107, \u017ce woda nadaje si\u0119 do picia?  <\/p>\n<p>Niestety nigdy nie ma stuprocentowej pewno\u015bci, a najprostszym sposobem jest zagotowanie wody nad ogniem \u2013 wysoka temperatura zabija wszystkie bakterie. W rozpaleniu ogniska pomo\u017ce ci <a href=\"https:\/\/toidupakk.ee\/tactical-foodpack\/tactical-fire-pot-suutegeel-40ml\/\">\u017cel do rozpalania Tactical Fire Pot<\/a>. <\/p>\n<p>Mo\u017cesz te\u017c zabra\u0107 ze sob\u0105 tabletki do uzdatniania wody. Prawie nic nie wa\u017c\u0105, a dzi\u0119ki nim zawsze masz pewno\u015b\u0107, \u017ce woda jest czysta. <\/p>\n<h2>Co to za materia\u0142 PCTG, z kt\u00f3rego wykonano butelk\u0119 MIL-TEC?<\/h2>\n<p>Zastosowania tworzywa PCTG s\u0105 bardzo szerokie. U\u017cywa si\u0119 go do produkcji butelek wielorazowych (r\u00f3wnie\u017c dla niemowl\u0105t), opakowa\u0144 kosmetycznych i nakr\u0119tek, a tak\u017ce w przemy\u015ble medycznym. <\/p>\n<p>Materia\u0142 jest wolny od BPA i spe\u0142nia standardy przechowywania \u017cywno\u015bci. Jego g\u0119sto\u015b\u0107 i przejrzysto\u015b\u0107 s\u0105 zbli\u017cone do szk\u0142a, a jednocze\u015bnie jest wytrzyma\u0142y i odporny na uderzenia. To czyni go idealnym towarzyszem wypraw, gdzie upuszczenie przedmiotu jest ca\u0142kiem prawdopodobne.  <\/p>\n<h3><\/h3>\n<h2>Wlej do butelki co\u015b jeszcze<\/h2>\n<p>Opr\u00f3cz wody organizm potrzebuje sk\u0142adnik\u00f3w od\u017cywczych, kt\u00f3re \u015bwietnie dostarczaj\u0105 smoothie. Smoothie <a href=\"https:\/\/toidupakk.ee\/tactical-foodpack\/marjasmuuti-core-shake-berry-blast\/\">jagodowe<\/a>, <a href=\"https:\/\/toidupakk.ee\/tactical-foodpack\/banaani-smuuti-tropical-mix\/\">bananowe<\/a> i <a href=\"https:\/\/toidupakk.ee\/tactical-foodpack\/roheline-smuuti-core-shake-fresh-green\/\">zielone<\/a> od Tactical Foodpack to dobrzy towarzysze na szlak, po treningu czy po prostu do picia. Do ich przygotowania wystarczy doda\u0107 wody. I cho\u0107 mo\u017cna je pi\u0107 prosto z opakowania, nic nie stoi na przeszkodzie, by pi\u0107 je z butelki.   <\/p>\n<p>&nbsp;<\/p>\n<h2>Wyczy\u015b\u0107<\/h2>\n<p>&nbsp;<\/p>\n<ul>\n<li>Zawsze u\u017cywaj p\u0142ynu do naczy\u0144<\/li>\n<li>U\u017cywaj szczotki do mycia, poniewa\u017c rowki wok\u00f3\u0142 otworu butelki wymagaj\u0105 dok\u0142adnego wyczyszczenia<\/li>\n<li>Dok\u0142adnie umyj r\u00f3wnie\u017c nakr\u0119tk\u0119<\/li>\n<li>Pozostaw do ca\u0142kowitego wyschni\u0119cia<\/li>\n<\/ul>\n<p>&nbsp;<\/p>\n<p>Znajd\u017a inspiracj\u0119 na kolejne przygody na <a href=\"https:\/\/www.instagram.com\/toidupakk\/\">Instagramie<\/a> i <a href=\"https:\/\/www.facebook.com\/Toidupakk\/\">Facebooku<\/a> Toidupakk.<\/p>\n","protected":false},"excerpt":{"rendered":"<p>Butelka posiada ustnik blokowany os\u0142on\u0105 oraz plastikow\u0105 zakr\u0119tk\u0119 z szerokim otworem, co u\u0142atwia nape\u0142nianie i czyszczenie. Jest lekka \u2013 pusta wa\u017cy zaledwie 145 g. Dzi\u0119ki temu idealnie nadaje si\u0119 na w\u0119dr\u00f3wk\u0119 lub si\u0142owni\u0119.<br \/>\nButelka posiada wygodn\u0105 i mocn\u0105 p\u0119tl\u0119 z zatrzaskiem, kt\u00f3r\u0105 \u0142atwo przymocujesz do torby, nadgarstka lub paska.  <\/p>\n<ul>\n<li>Pojemno\u015b\u0107: 600 ml<\/li>\n<li>Blokowany ustnik<\/li>\n<li>Os\u0142ona ustnika<\/li>\n<li>Plastikowa zakr\u0119tka<\/li>\n<li>Szeroki otw\u00f3r do nalewania i czyszczenia<\/li>\n<li>Wygodna p\u0119tla na nadgarstek<\/li>\n<li>Materia\u0142: 100% PCTG<\/li>\n<li>Wysoko\u015b\u0107: 24,5 cm<\/li>\n<li>Waga (pusta): 145 g<\/li>\n<\/ul>\n<p>\u2705 Dost\u0119pne w magazynie, szybka dostawa w 1\u20133 dni robocze<\/p>\n","protected":false},"featured_media":1481,"comment_status":"open","ping_status":"closed","template":"","meta":{"_acf_changed":false},"product_brand":[],"product_cat":[303,302,317,307,301,308],"product_tag":[],"class_list":{"0":"post-52539","1":"product","2":"type-product","3":"status-publish","4":"has-post-thumbnail","6":"product_cat-akcesoria-turystyczne","7":"product_cat-kieszenie-i-akcesoria-molle","8":"product_cat-mil-tec","9":"product_cat-przygotowywanie-posilkow","10":"product_cat-sprzet-turystyczny","11":"product_cat-termosy-i-butelki","13":"first","14":"instock","15":"taxable","16":"shipping-taxable","17":"purchasable","18":"product-type-simple"},"bundled_by":[],"bundle_stock_status":"instock","bundle_stock_quantity":7,"bundle_virtual":false,"bundle_layout":"","bundle_add_to_cart_form_location":"","bundle_editable_in_cart":false,"bundle_sold_individually_context":"","bundle_item_grouping":"","bundle_min_size":"","bundle_max_size":"","bundle_price":[],"bundled_items":[],"bundle_sell_ids":[],"acf":[],"yoast_head":"<!-- This site is optimized with the Yoast SEO plugin v27.3 - https:\/\/yoast.com\/product\/yoast-seo-wordpress\/ -->\n<title>Butelka Mil-Tec 0,6 l - Toidupakk.ee - Tactical Foodpack toidupakid<\/title>\n<meta name=\"description\" content=\"Podczas w\u0119dr\u00f3wki wa\u017cne jest spo\u017cywanie du\u017cej ilo\u015bci p\u0142yn\u00f3w. Wytrzyma\u0142a i pojemna butelka to nieod\u0142\u0105czny element pe\u0142nej przyg\u00f3d i zdrowej wyprawy.\" \/>\n<meta name=\"robots\" content=\"index, follow, max-snippet:-1, max-image-preview:large, max-video-preview:-1\" \/>\n<link rel=\"canonical\" href=\"https:\/\/toidupakk.ee\/pl\/toode\/butelka-mil-tec-06-l\/\" \/>\n<meta property=\"og:locale\" content=\"pl_PL\" \/>\n<meta property=\"og:type\" content=\"article\" \/>\n<meta property=\"og:title\" content=\"Butelka Mil-Tec 0,6 l - Toidupakk.ee - Tactical Foodpack toidupakid\" \/>\n<meta property=\"og:description\" content=\"Podczas w\u0119dr\u00f3wki wa\u017cne jest spo\u017cywanie du\u017cej ilo\u015bci p\u0142yn\u00f3w. Wytrzyma\u0142a i pojemna butelka to nieod\u0142\u0105czny element pe\u0142nej przyg\u00f3d i zdrowej wyprawy.\" \/>\n<meta property=\"og:url\" content=\"https:\/\/toidupakk.ee\/pl\/toode\/butelka-mil-tec-06-l\/\" \/>\n<meta property=\"og:site_name\" content=\"Toidupakk.ee - Tactical Foodpack toidupakid\" \/>\n<meta property=\"article:publisher\" content=\"https:\/\/www.facebook.com\/Toidupakk\" \/>\n<meta property=\"article:modified_time\" content=\"2026-04-16T09:01:33+00:00\" \/>\n<meta property=\"og:image\" content=\"https:\/\/toidupakk.ee\/wp-content\/uploads\/2022\/03\/Joogipudel-veepudel-MilTec-1.png\" \/>\n\t<meta property=\"og:image:width\" content=\"1080\" \/>\n\t<meta property=\"og:image:height\" content=\"1080\" \/>\n\t<meta property=\"og:image:type\" content=\"image\/png\" \/>\n<meta name=\"twitter:card\" content=\"summary_large_image\" \/>\n<meta name=\"twitter:label1\" content=\"Szacowany czas czytania\" \/>\n\t<meta name=\"twitter:data1\" content=\"2 minuty\" \/>\n<script type=\"application\/ld+json\" class=\"yoast-schema-graph\">{\"@context\":\"https:\\\/\\\/schema.org\",\"@graph\":[{\"@type\":\"WebPage\",\"@id\":\"https:\\\/\\\/toidupakk.ee\\\/pl\\\/toode\\\/butelka-mil-tec-06-l\\\/\",\"url\":\"https:\\\/\\\/toidupakk.ee\\\/pl\\\/toode\\\/butelka-mil-tec-06-l\\\/\",\"name\":\"Butelka Mil-Tec 0,6 l - Toidupakk.ee - Tactical Foodpack toidupakid\",\"isPartOf\":{\"@id\":\"https:\\\/\\\/toidupakk.ee\\\/pl\\\/#website\"},\"primaryImageOfPage\":{\"@id\":\"https:\\\/\\\/toidupakk.ee\\\/pl\\\/toode\\\/butelka-mil-tec-06-l\\\/#primaryimage\"},\"image\":{\"@id\":\"https:\\\/\\\/toidupakk.ee\\\/pl\\\/toode\\\/butelka-mil-tec-06-l\\\/#primaryimage\"},\"thumbnailUrl\":\"https:\\\/\\\/toidupakk.ee\\\/wp-content\\\/uploads\\\/2022\\\/03\\\/Joogipudel-veepudel-MilTec-1.png\",\"datePublished\":\"2022-03-09T08:13:18+00:00\",\"dateModified\":\"2026-04-16T09:01:33+00:00\",\"description\":\"Podczas w\u0119dr\u00f3wki wa\u017cne jest spo\u017cywanie du\u017cej ilo\u015bci p\u0142yn\u00f3w. Wytrzyma\u0142a i pojemna butelka to nieod\u0142\u0105czny element pe\u0142nej przyg\u00f3d i zdrowej wyprawy.\",\"breadcrumb\":{\"@id\":\"https:\\\/\\\/toidupakk.ee\\\/pl\\\/toode\\\/butelka-mil-tec-06-l\\\/#breadcrumb\"},\"inLanguage\":\"pl-PL\",\"potentialAction\":[{\"@type\":\"ReadAction\",\"target\":[\"https:\\\/\\\/toidupakk.ee\\\/pl\\\/toode\\\/butelka-mil-tec-06-l\\\/\"]}]},{\"@type\":\"ImageObject\",\"inLanguage\":\"pl-PL\",\"@id\":\"https:\\\/\\\/toidupakk.ee\\\/pl\\\/toode\\\/butelka-mil-tec-06-l\\\/#primaryimage\",\"url\":\"https:\\\/\\\/toidupakk.ee\\\/wp-content\\\/uploads\\\/2022\\\/03\\\/Joogipudel-veepudel-MilTec-1.png\",\"contentUrl\":\"https:\\\/\\\/toidupakk.ee\\\/wp-content\\\/uploads\\\/2022\\\/03\\\/Joogipudel-veepudel-MilTec-1.png\",\"width\":1080,\"height\":1080,\"caption\":\"Tactical joogipudel\"},{\"@type\":\"BreadcrumbList\",\"@id\":\"https:\\\/\\\/toidupakk.ee\\\/pl\\\/toode\\\/butelka-mil-tec-06-l\\\/#breadcrumb\",\"itemListElement\":[{\"@type\":\"ListItem\",\"position\":1,\"name\":\"Avaleht\",\"item\":\"https:\\\/\\\/toidupakk.ee\\\/pl\\\/\"},{\"@type\":\"ListItem\",\"position\":2,\"name\":\"Sklep internetowy\",\"item\":\"https:\\\/\\\/toidupakk.ee\\\/pl\\\/sklep-internetowy\\\/\"},{\"@type\":\"ListItem\",\"position\":3,\"name\":\"Butelka Mil-Tec 0,6 l\"}]},{\"@type\":\"WebSite\",\"@id\":\"https:\\\/\\\/toidupakk.ee\\\/pl\\\/#website\",\"url\":\"https:\\\/\\\/toidupakk.ee\\\/pl\\\/\",\"name\":\"Toidupakk.ee - Tactical Foodpack toidupakid\",\"description\":\"Tactical Foodpack k\u00fclmkuivatatud toidupakid ja matkaeined\",\"publisher\":{\"@id\":\"https:\\\/\\\/toidupakk.ee\\\/pl\\\/#organization\"},\"potentialAction\":[{\"@type\":\"SearchAction\",\"target\":{\"@type\":\"EntryPoint\",\"urlTemplate\":\"https:\\\/\\\/toidupakk.ee\\\/pl\\\/?s={search_term_string}\"},\"query-input\":{\"@type\":\"PropertyValueSpecification\",\"valueRequired\":true,\"valueName\":\"search_term_string\"}}],\"inLanguage\":\"pl-PL\"},{\"@type\":\"Organization\",\"@id\":\"https:\\\/\\\/toidupakk.ee\\\/pl\\\/#organization\",\"name\":\"Tactical Foodpack matkaeined\",\"url\":\"https:\\\/\\\/toidupakk.ee\\\/pl\\\/\",\"logo\":{\"@type\":\"ImageObject\",\"inLanguage\":\"pl-PL\",\"@id\":\"https:\\\/\\\/toidupakk.ee\\\/pl\\\/#\\\/schema\\\/logo\\\/image\\\/\",\"url\":\"https:\\\/\\\/toidupakk.ee\\\/wp-content\\\/uploads\\\/2022\\\/01\\\/Toidupakk-matkapood-logo-transparent.png\",\"contentUrl\":\"https:\\\/\\\/toidupakk.ee\\\/wp-content\\\/uploads\\\/2022\\\/01\\\/Toidupakk-matkapood-logo-transparent.png\",\"width\":500,\"height\":500,\"caption\":\"Tactical Foodpack matkaeined\"},\"image\":{\"@id\":\"https:\\\/\\\/toidupakk.ee\\\/pl\\\/#\\\/schema\\\/logo\\\/image\\\/\"},\"sameAs\":[\"https:\\\/\\\/www.facebook.com\\\/Toidupakk\",\"https:\\\/\\\/www.instagram.com\\\/toidupakk\\\/\"]}]}<\/script>\n<!-- \/ Yoast SEO plugin. -->","yoast_head_json":{"title":"Butelka Mil-Tec 0,6 l - Toidupakk.ee - Tactical Foodpack toidupakid","description":"Podczas w\u0119dr\u00f3wki wa\u017cne jest spo\u017cywanie du\u017cej ilo\u015bci p\u0142yn\u00f3w. Wytrzyma\u0142a i pojemna butelka to nieod\u0142\u0105czny element pe\u0142nej przyg\u00f3d i zdrowej wyprawy.","robots":{"index":"index","follow":"follow","max-snippet":"max-snippet:-1","max-image-preview":"max-image-preview:large","max-video-preview":"max-video-preview:-1"},"canonical":"https:\/\/toidupakk.ee\/pl\/toode\/butelka-mil-tec-06-l\/","og_locale":"pl_PL","og_type":"article","og_title":"Butelka Mil-Tec 0,6 l - Toidupakk.ee - Tactical Foodpack toidupakid","og_description":"Podczas w\u0119dr\u00f3wki wa\u017cne jest spo\u017cywanie du\u017cej ilo\u015bci p\u0142yn\u00f3w. Wytrzyma\u0142a i pojemna butelka to nieod\u0142\u0105czny element pe\u0142nej przyg\u00f3d i zdrowej wyprawy.","og_url":"https:\/\/toidupakk.ee\/pl\/toode\/butelka-mil-tec-06-l\/","og_site_name":"Toidupakk.ee - Tactical Foodpack toidupakid","article_publisher":"https:\/\/www.facebook.com\/Toidupakk","article_modified_time":"2026-04-16T09:01:33+00:00","og_image":[{"width":1080,"height":1080,"url":"https:\/\/toidupakk.ee\/wp-content\/uploads\/2022\/03\/Joogipudel-veepudel-MilTec-1.png","type":"image\/png"}],"twitter_card":"summary_large_image","twitter_misc":{"Szacowany czas czytania":"2 minuty"},"schema":{"@context":"https:\/\/schema.org","@graph":[{"@type":"WebPage","@id":"https:\/\/toidupakk.ee\/pl\/toode\/butelka-mil-tec-06-l\/","url":"https:\/\/toidupakk.ee\/pl\/toode\/butelka-mil-tec-06-l\/","name":"Butelka Mil-Tec 0,6 l - Toidupakk.ee - Tactical Foodpack toidupakid","isPartOf":{"@id":"https:\/\/toidupakk.ee\/pl\/#website"},"primaryImageOfPage":{"@id":"https:\/\/toidupakk.ee\/pl\/toode\/butelka-mil-tec-06-l\/#primaryimage"},"image":{"@id":"https:\/\/toidupakk.ee\/pl\/toode\/butelka-mil-tec-06-l\/#primaryimage"},"thumbnailUrl":"https:\/\/toidupakk.ee\/wp-content\/uploads\/2022\/03\/Joogipudel-veepudel-MilTec-1.png","datePublished":"2022-03-09T08:13:18+00:00","dateModified":"2026-04-16T09:01:33+00:00","description":"Podczas w\u0119dr\u00f3wki wa\u017cne jest spo\u017cywanie du\u017cej ilo\u015bci p\u0142yn\u00f3w. Wytrzyma\u0142a i pojemna butelka to nieod\u0142\u0105czny element pe\u0142nej przyg\u00f3d i zdrowej wyprawy.","breadcrumb":{"@id":"https:\/\/toidupakk.ee\/pl\/toode\/butelka-mil-tec-06-l\/#breadcrumb"},"inLanguage":"pl-PL","potentialAction":[{"@type":"ReadAction","target":["https:\/\/toidupakk.ee\/pl\/toode\/butelka-mil-tec-06-l\/"]}]},{"@type":"ImageObject","inLanguage":"pl-PL","@id":"https:\/\/toidupakk.ee\/pl\/toode\/butelka-mil-tec-06-l\/#primaryimage","url":"https:\/\/toidupakk.ee\/wp-content\/uploads\/2022\/03\/Joogipudel-veepudel-MilTec-1.png","contentUrl":"https:\/\/toidupakk.ee\/wp-content\/uploads\/2022\/03\/Joogipudel-veepudel-MilTec-1.png","width":1080,"height":1080,"caption":"Tactical joogipudel"},{"@type":"BreadcrumbList","@id":"https:\/\/toidupakk.ee\/pl\/toode\/butelka-mil-tec-06-l\/#breadcrumb","itemListElement":[{"@type":"ListItem","position":1,"name":"Avaleht","item":"https:\/\/toidupakk.ee\/pl\/"},{"@type":"ListItem","position":2,"name":"Sklep internetowy","item":"https:\/\/toidupakk.ee\/pl\/sklep-internetowy\/"},{"@type":"ListItem","position":3,"name":"Butelka Mil-Tec 0,6 l"}]},{"@type":"WebSite","@id":"https:\/\/toidupakk.ee\/pl\/#website","url":"https:\/\/toidupakk.ee\/pl\/","name":"Toidupakk.ee - Tactical Foodpack toidupakid","description":"Tactical Foodpack k\u00fclmkuivatatud toidupakid ja matkaeined","publisher":{"@id":"https:\/\/toidupakk.ee\/pl\/#organization"},"potentialAction":[{"@type":"SearchAction","target":{"@type":"EntryPoint","urlTemplate":"https:\/\/toidupakk.ee\/pl\/?s={search_term_string}"},"query-input":{"@type":"PropertyValueSpecification","valueRequired":true,"valueName":"search_term_string"}}],"inLanguage":"pl-PL"},{"@type":"Organization","@id":"https:\/\/toidupakk.ee\/pl\/#organization","name":"Tactical Foodpack matkaeined","url":"https:\/\/toidupakk.ee\/pl\/","logo":{"@type":"ImageObject","inLanguage":"pl-PL","@id":"https:\/\/toidupakk.ee\/pl\/#\/schema\/logo\/image\/","url":"https:\/\/toidupakk.ee\/wp-content\/uploads\/2022\/01\/Toidupakk-matkapood-logo-transparent.png","contentUrl":"https:\/\/toidupakk.ee\/wp-content\/uploads\/2022\/01\/Toidupakk-matkapood-logo-transparent.png","width":500,"height":500,"caption":"Tactical Foodpack matkaeined"},"image":{"@id":"https:\/\/toidupakk.ee\/pl\/#\/schema\/logo\/image\/"},"sameAs":["https:\/\/www.facebook.com\/Toidupakk","https:\/\/www.instagram.com\/toidupakk\/"]}]}},"jetpack_sharing_enabled":true,"_links":{"self":[{"href":"https:\/\/toidupakk.ee\/pl\/wp-json\/wp\/v2\/product\/52539","targetHints":{"allow":["GET"]}}],"collection":[{"href":"https:\/\/toidupakk.ee\/pl\/wp-json\/wp\/v2\/product"}],"about":[{"href":"https:\/\/toidupakk.ee\/pl\/wp-json\/wp\/v2\/types\/product"}],"replies":[{"embeddable":true,"href":"https:\/\/toidupakk.ee\/pl\/wp-json\/wp\/v2\/comments?post=52539"}],"wp:featuredmedia":[{"embeddable":true,"href":"https:\/\/toidupakk.ee\/pl\/wp-json\/wp\/v2\/media\/1481"}],"wp:attachment":[{"href":"https:\/\/toidupakk.ee\/pl\/wp-json\/wp\/v2\/media?parent=52539"}],"wp:term":[{"taxonomy":"product_brand","embeddable":true,"href":"https:\/\/toidupakk.ee\/pl\/wp-json\/wp\/v2\/product_brand?post=52539"},{"taxonomy":"product_cat","embeddable":true,"href":"https:\/\/toidupakk.ee\/pl\/wp-json\/wp\/v2\/product_cat?post=52539"},{"taxonomy":"product_tag","embeddable":true,"href":"https:\/\/toidupakk.ee\/pl\/wp-json\/wp\/v2\/product_tag?post=52539"}],"curies":[{"name":"wp","href":"https:\/\/api.w.org\/{rel}","templated":true}]}}