{"id":52507,"date":"2022-01-18T16:52:59","date_gmt":"2022-01-18T14:52:59","guid":{"rendered":"https:\/\/toidupakk.ee\/toode\/weekpack-juliett-2010-g-bezmiesny\/"},"modified":"2026-04-29T15:30:43","modified_gmt":"2026-04-29T12:30:43","slug":"weekpack-juliett-2010-g-bezmiesny","status":"publish","type":"product","link":"https:\/\/toidupakk.ee\/pl\/toode\/weekpack-juliett-2010-g-bezmiesny\/","title":{"rendered":"WeekPack Juliett 2010 g (bezmi\u0119sny)"},"content":{"rendered":"<h3><strong>Kiedy i dlaczego Tactical Foodpack WeekPack Juliett Ci pomo\u017ce?<\/strong><\/h3>\n<p>Tactical Foodpack WeekPack Juliett zawiera ca\u0142otygodniowy zapas bezmi\u0119snego jedzenia dla jednej osoby! Dzi\u0119ki niemu b\u0119dziesz gotowy na wyzwania w lesie, na morzu, podczas przyg\u00f3d oraz na wszelki wypadek w domu \u2013 w razie \u015bnie\u017cycy, powodzi czy awarii pr\u0105du. Zestaw 21 posi\u0142k\u00f3w to o jeden pow\u00f3d do zmartwie\u0144 mniej.  <\/p>\n<h3><strong>Zestawem WeekPack Juliett mo\u017cesz si\u0119 dzieli\u0107!<\/strong><\/h3>\n<p>Je\u015bli wyruszasz sam, bezmi\u0119sny WeekPack Juliett zapewni Ci wy\u017cywienie na ca\u0142y tydzie\u0144. Je\u015bli jednak wybierasz si\u0119 na weekendowy wypad z przyjaci\u00f3\u0142mi lub rodzin\u0105, ten zestaw wystarczy na kilka wsp\u00f3lnych posi\u0142k\u00f3w. Osoby, kt\u00f3re zabra\u0142y WeekPack na wyprawy, chwal\u0105 go po wyprawach w\u0119dkarskich, rodzinnych wakacjach czy wycieczkach rowerowych \u2013 opakowania s\u0105 wytrzyma\u0142e, zaskakuj\u0105co lekkie, a jedzenie smaczne i niezwykle proste w przygotowaniu.  <\/p>\n<p><img fetchpriority=\"high\" decoding=\"async\" class=\"alignnone size-thumbnail wp-image-34058\" src=\"https:\/\/toidupakk.ee\/wp-content\/uploads\/2022\/01\/Weekpack_JULIETT2-500x500.jpg\" alt=\"\" width=\"500\" height=\"500\" srcset=\"https:\/\/toidupakk.ee\/wp-content\/uploads\/2022\/01\/Weekpack_JULIETT2-500x500.jpg 500w, https:\/\/toidupakk.ee\/wp-content\/uploads\/2022\/01\/Weekpack_JULIETT2-400x400.jpg 400w, https:\/\/toidupakk.ee\/wp-content\/uploads\/2022\/01\/Weekpack_JULIETT2-100x100.jpg 100w\" sizes=\"(max-width: 500px) 100vw, 500px\" \/><\/p>\n<h3><strong>Sprytne \u0142\u0105czenie!<\/strong><\/h3>\n<p>Pami\u0119taj, \u017ce zawsze mo\u017cesz \u0142\u0105czy\u0107 WeekPack z innymi posi\u0142kami. Na wyprawie, rejsie czy w podr\u00f3\u017cy mo\u017cesz zje\u015b\u0107 po\u017cywne \u015bniadanie lub kolacj\u0119 z zestawu, a pozosta\u0142e posi\u0142ki zje\u015b\u0107 w restauracji lub przygotowa\u0107 ze \u015bwie\u017cych produkt\u00f3w. Pozwala to lepiej planowa\u0107 czas i oszcz\u0119dza\u0107 go na gotowaniu. Jednocze\u015bnie masz pewno\u015b\u0107, \u017ce Tw\u00f3j posi\u0142ek jest pe\u0142nowarto\u015bciowy, smaczny i lokalnej produkcji.   <\/p>\n<p>Dania maj\u0105 d\u0142ugi termin przydatno\u015bci, wi\u0119c je\u015bli co\u015b zostanie, mo\u017cesz zabra\u0107 to na kolejn\u0105 wypraw\u0119 w ci\u0105gu najbli\u017cszych 8 lat. Warto doda\u0107, \u017ce posi\u0142ki nie zawieraj\u0105 konserwant\u00f3w ani wzmacniaczy smaku. <\/p>\n<h3>Gwarantowane doznania smakowe<\/h3>\n<p class=\"\" data-start=\"240\" data-end=\"525\">Zacznij dzie\u0144 od pysznej owsianki. Wybierz syc\u0105c\u0105 <a href=\"https:\/\/toidupakk.ee\/pl\/toode\/owsianka-z-jablkiem-i-cynamonem\/\" target=\"_new\" rel=\"noopener\" data-start=\"285\" data-end=\"358\">owsiank\u0119 z jab\u0142kami<\/a>, kt\u00f3ra jest lekkim, a zarazem po\u017cywnym pocz\u0105tkiem dnia. To klasyczne \u015bniadanie da Ci odpowiedni\u0105 dawk\u0119 energii, dobry humor i si\u0142\u0119 na kolejne przygody.  <\/p>\n<p class=\"\" data-start=\"527\" data-end=\"963\">Obiad lub kolacj\u0119 zmie\u0144 w prawdziw\u0105 uczt\u0119. Zacznij np. od <a target=\"_new\" rel=\"noopener\" data-start=\"601\" data-end=\"669\">Lentils Stroganoff<\/a> \u2013 \u0142agodnego, lecz syc\u0105cego strogonowa z soczewicy z pikantn\u0105 nut\u0105 i rozgrzewaj\u0105cym dzia\u0142aniem. Nast\u0119pnie zanurz si\u0119 w bardziej wyrazistych daniach wega\u0144skich, takich jak <a href=\"https:\/\/toidupakk.ee\/toode\/bataadi-kikerherne-karri-100g\/\" target=\"_new\" rel=\"noopener\" data-start=\"802\" data-end=\"870\">Sweet Potato Curry<\/a> \u2013 kremowe i aromatyczne curry, kt\u00f3re przynosi na talerz najlepsze smaki kuchni indyjskiej.  <\/p>\n<p class=\"\" data-start=\"965\" data-end=\"1191\">Je\u015bli wolisz makarony, <a target=\"_new\" rel=\"noopener\" data-start=\"1007\" data-end=\"1083\">Spinach Mushroom Pasta<\/a> oferuje bogaty smak grzyb\u00f3w i szpinaku \u2013 idealna bomba energetyczna po aktywnym dniu.<\/p>\n<p class=\"\" data-start=\"1193\" data-end=\"1412\">Wszystkie dania s\u0105 w 100% naturalne, przygotowane metod\u0105 liofilizacji, nie zawieraj\u0105 konserwant\u00f3w i s\u0105 gotowe po dodaniu gor\u0105cej wody. Wygodne, lekkie i po\u017cywne w ka\u017cdej sytuacji \u2013 na szlaku, w pracy czy w sytuacjach kryzysowych. <\/p>\n<p class=\"\" data-start=\"1414\" data-end=\"1626\">Je\u015bli wolisz dania z mi\u0119sem lub chcesz \u0142\u0105czy\u0107 r\u00f3\u017cne opcje, sprawd\u017a <a target=\"_new\" rel=\"noopener\" data-start=\"1521\" data-end=\"1587\">WeekPack Alpha<\/a> \u2013 tygodniowy zapas jedzenia z daniami mi\u0119snymi.<\/p>\n<p data-start=\"1414\" data-end=\"1626\"><img decoding=\"async\" class=\"alignnone size-thumbnail wp-image-34057\" src=\"https:\/\/toidupakk.ee\/wp-content\/uploads\/2022\/01\/Weekpack_JULIETT-500x500.jpg\" alt=\"\" width=\"500\" height=\"500\" srcset=\"https:\/\/toidupakk.ee\/wp-content\/uploads\/2022\/01\/Weekpack_JULIETT-500x500.jpg 500w, https:\/\/toidupakk.ee\/wp-content\/uploads\/2022\/01\/Weekpack_JULIETT-400x400.jpg 400w, https:\/\/toidupakk.ee\/wp-content\/uploads\/2022\/01\/Weekpack_JULIETT-100x100.jpg 100w\" sizes=\"(max-width: 500px) 100vw, 500px\" \/><\/p>\n<p>&nbsp;<\/p>\n<p>Sprawd\u017a, jak przygotowa\u0107 posi\u0142ki <a href=\"https:\/\/toidupakk.ee\/pl\/jak-uzywac\/\">TUTAJ<\/a>.<\/p>\n<p>Znajd\u017a inspiracj\u0119 na kolejne przygody na <a href=\"https:\/\/www.instagram.com\/toidupakk\/\">Instagramie<\/a> i <a href=\"https:\/\/www.facebook.com\/Toidupakk\/\">Facebooku<\/a> Toidupakk.<\/p>\n<p>&nbsp;<\/p>\n","protected":false},"excerpt":{"rendered":"<ul>\n<li class=\"stock out-of-stock\"><span style=\"color: #003300;\"><strong>Ca\u0142otygodniowy zapas bezmi\u0119snego jedzenia dla jednej osoby<\/strong><\/span><\/li>\n<li>Wybierasz si\u0119 na w\u0119dr\u00f3wk\u0119, ryby z przyjaci\u00f3\u0142mi, w rejs lub na inn\u0105 przygod\u0119 \u2013 we\u017a Tactical Weekpack Juliett i nie martw si\u0119 o jedzenie<\/li>\n<li>Chcesz mie\u0107 w domu zapas jedzenia na wszelki wypadek, kt\u00f3ry zapewni rodzinie bezpiecze\u0144stwo podczas \u015bnie\u017cycy, powodzi czy awarii pr\u0105du<\/li>\n<li>WeekPack Juliett zawiera 21 ciep\u0142ych, bezmi\u0119snych posi\u0142k\u00f3w<\/li>\n<li>Esto\u0144skie receptury, wyprodukowano w Niemczech w fabryce Tactical Foodpack<\/li>\n<li>Aby cieszy\u0107 si\u0119 ciep\u0142ym posi\u0142kiem, wystarczy doda\u0107 wod\u0119<\/li>\n<\/ul>\n<p>Je\u015bli nie masz dost\u0119pu do gor\u0105cej wody, polecamy zaopatrzy\u0107 si\u0119 w <span style=\"color: #0000ff;\"><a href=\"https:\/\/toidupakk.ee\/tactical-foodpack\/tactical-fire-pot-suutegeel-40ml\/\">\u017cel do rozpalania<\/a><\/span>, kt\u00f3ry pozwala \u0142atwo podgrza\u0107 jedzenie w ka\u017cdych warunkach. \u017bel Tactical Fire Pot pozwala podgrza\u0107 do 10 opakowa\u0144 jedzenia. <\/p>\n<p>W przypadku braku mo\u017cliwo\u015bci u\u017cycia otwartego ognia lub zagotowania wody, do podgrzania posi\u0142ku s\u0142u\u017cy <a href=\"https:\/\/toidupakk.ee\/tactical-foodpack\/toidu-kuumutuskott-kutteelemendiga\/\">worek grzewczy z wk\u0142adem<\/a>. Pozwala on przygotowa\u0107 wszystkie dania Tactical Foodpack. Wk\u0142ad grzewczy <strong>reaguje w kontakcie z zimn\u0105 wod\u0105<\/strong>, podnosz\u0105c jej temperatur\u0119 do 100 stopni.  <\/p>\n<p>&nbsp;<\/p>\n<p><strong>Posi\u0142ki w zestawie Weekpack:<\/strong><\/p>\n<p class=\"\" data-start=\"179\" data-end=\"512\">7x Owsianka z jab\u0142kami \u2013 masa netto 90 g, warto\u015b\u0107 energetyczna na porcj\u0119 442 kcal<br \/>\n4x Curry ze s\u0142odkich ziemniak\u00f3w \u2013 masa netto 115 g, warto\u015b\u0107 energetyczna na porcj\u0119 504 kcal<br \/>\n5x Makaron z grzybami i szpinakiem \u2013 masa netto 110 g, warto\u015b\u0107 energetyczna na porcj\u0119 525 kcal<br \/>\n5x Strogonow z soczewicy \u2013 masa netto 120 g, warto\u015b\u0107 energetyczna na porcj\u0119 511 kcal<\/p>\n<p class=\"\" data-start=\"514\" data-end=\"578\">\u0141\u0105czna warto\u015b\u0107 energetyczna: 10 290 kcal<br \/>\n\u0141\u0105cznie bia\u0142ko: 282 g<\/p>\n<p><strong>Najlepiej spo\u017cy\u0107 przed: 8 lat<\/strong><\/p>\n<p>\u2705 Dost\u0119pne w magazynie, szybka dostawa w 1-3 dni robocze<br \/>\n\u2705 Kup teraz, zap\u0142a\u0107 p\u00f3\u017aniej (RRSO 0%)<\/p>\n","protected":false},"featured_media":52530,"comment_status":"open","ping_status":"closed","template":"","meta":{"_acf_changed":false},"product_brand":[],"product_cat":[303,347,337,343,358,336],"product_tag":[338],"class_list":{"0":"post-52507","1":"product","2":"type-product","3":"status-publish","4":"has-post-thumbnail","6":"product_cat-akcesoria-turystyczne","7":"product_cat-duze-zestawy-zapasow-zywnosci","8":"product_cat-posilki-tactical-foodpack","9":"product_cat-tygodniowe-zestawy-zapasow-zywnosci","10":"product_cat-zestawy-zapasow-zywnosci","11":"product_cat-zywnosc-turystyczna","12":"product_tag-tactical-foodpack","14":"first","15":"instock","16":"taxable","17":"shipping-taxable","18":"purchasable","19":"product-type-simple"},"bundled_by":[],"bundle_stock_status":"instock","bundle_stock_quantity":2,"bundle_virtual":false,"bundle_layout":"","bundle_add_to_cart_form_location":"","bundle_editable_in_cart":false,"bundle_sold_individually_context":"","bundle_item_grouping":"","bundle_min_size":"","bundle_max_size":"","bundle_price":[],"bundled_items":[],"bundle_sell_ids":[],"acf":[],"yoast_head":"<!-- This site is optimized with the Yoast SEO plugin v27.3 - https:\/\/yoast.com\/product\/yoast-seo-wordpress\/ -->\n<title>WeekPack Juliett 2010 g (bezmi\u0119sny) - Toidupakk.ee - Tactical Foodpack toidupakid<\/title>\n<meta name=\"description\" content=\"Ca\u0142otygodniowy zapas bezmi\u0119snego jedzenia WeekPack Juliett dla jednej osoby. Zabierz go na wypraw\u0119 lub uzupe\u0142nij domowe zapasy. Termin przydatno\u015bci: 8 lat.\" \/>\n<meta name=\"robots\" content=\"index, follow, max-snippet:-1, max-image-preview:large, max-video-preview:-1\" \/>\n<link rel=\"canonical\" href=\"https:\/\/toidupakk.ee\/pl\/toode\/weekpack-juliett-2010-g-bezmiesny\/\" \/>\n<meta property=\"og:locale\" content=\"pl_PL\" \/>\n<meta property=\"og:type\" content=\"article\" \/>\n<meta property=\"og:title\" content=\"WeekPack Juliett 2010 g (bezmi\u0119sny) - Toidupakk.ee - Tactical Foodpack toidupakid\" \/>\n<meta property=\"og:description\" content=\"Ca\u0142otygodniowy zapas bezmi\u0119snego jedzenia WeekPack Juliett dla jednej osoby. Zabierz go na wypraw\u0119 lub uzupe\u0142nij domowe zapasy. Termin przydatno\u015bci: 8 lat.\" \/>\n<meta property=\"og:url\" content=\"https:\/\/toidupakk.ee\/pl\/toode\/weekpack-juliett-2010-g-bezmiesny\/\" \/>\n<meta property=\"og:site_name\" content=\"Toidupakk.ee - Tactical Foodpack toidupakid\" \/>\n<meta property=\"article:publisher\" content=\"https:\/\/www.facebook.com\/Toidupakk\" \/>\n<meta property=\"article:modified_time\" content=\"2026-04-29T12:30:43+00:00\" \/>\n<meta property=\"og:image\" content=\"https:\/\/toidupakk.ee\/wp-content\/uploads\/2022\/01\/Weekpack-Juliett-Front.png\" \/>\n\t<meta property=\"og:image:width\" content=\"1920\" \/>\n\t<meta property=\"og:image:height\" content=\"1920\" \/>\n\t<meta property=\"og:image:type\" content=\"image\/png\" \/>\n<meta name=\"twitter:card\" content=\"summary_large_image\" \/>\n<meta name=\"twitter:label1\" content=\"Szacowany czas czytania\" \/>\n\t<meta name=\"twitter:data1\" content=\"2 minuty\" \/>\n<script type=\"application\/ld+json\" class=\"yoast-schema-graph\">{\"@context\":\"https:\\\/\\\/schema.org\",\"@graph\":[{\"@type\":\"WebPage\",\"@id\":\"https:\\\/\\\/toidupakk.ee\\\/pl\\\/toode\\\/weekpack-juliett-2010-g-bezmiesny\\\/\",\"url\":\"https:\\\/\\\/toidupakk.ee\\\/pl\\\/toode\\\/weekpack-juliett-2010-g-bezmiesny\\\/\",\"name\":\"WeekPack Juliett 2010 g (bezmi\u0119sny) - Toidupakk.ee - Tactical Foodpack toidupakid\",\"isPartOf\":{\"@id\":\"https:\\\/\\\/toidupakk.ee\\\/pl\\\/#website\"},\"primaryImageOfPage\":{\"@id\":\"https:\\\/\\\/toidupakk.ee\\\/pl\\\/toode\\\/weekpack-juliett-2010-g-bezmiesny\\\/#primaryimage\"},\"image\":{\"@id\":\"https:\\\/\\\/toidupakk.ee\\\/pl\\\/toode\\\/weekpack-juliett-2010-g-bezmiesny\\\/#primaryimage\"},\"thumbnailUrl\":\"https:\\\/\\\/toidupakk.ee\\\/wp-content\\\/uploads\\\/2022\\\/01\\\/Weekpack-Juliett-Front.png\",\"datePublished\":\"2022-01-18T14:52:59+00:00\",\"dateModified\":\"2026-04-29T12:30:43+00:00\",\"description\":\"Ca\u0142otygodniowy zapas bezmi\u0119snego jedzenia WeekPack Juliett dla jednej osoby. Zabierz go na wypraw\u0119 lub uzupe\u0142nij domowe zapasy. Termin przydatno\u015bci: 8 lat.\",\"breadcrumb\":{\"@id\":\"https:\\\/\\\/toidupakk.ee\\\/pl\\\/toode\\\/weekpack-juliett-2010-g-bezmiesny\\\/#breadcrumb\"},\"inLanguage\":\"pl-PL\",\"potentialAction\":[{\"@type\":\"ReadAction\",\"target\":[\"https:\\\/\\\/toidupakk.ee\\\/pl\\\/toode\\\/weekpack-juliett-2010-g-bezmiesny\\\/\"]}]},{\"@type\":\"ImageObject\",\"inLanguage\":\"pl-PL\",\"@id\":\"https:\\\/\\\/toidupakk.ee\\\/pl\\\/toode\\\/weekpack-juliett-2010-g-bezmiesny\\\/#primaryimage\",\"url\":\"https:\\\/\\\/toidupakk.ee\\\/wp-content\\\/uploads\\\/2022\\\/01\\\/Weekpack-Juliett-Front.png\",\"contentUrl\":\"https:\\\/\\\/toidupakk.ee\\\/wp-content\\\/uploads\\\/2022\\\/01\\\/Weekpack-Juliett-Front.png\",\"width\":1920,\"height\":1920},{\"@type\":\"BreadcrumbList\",\"@id\":\"https:\\\/\\\/toidupakk.ee\\\/pl\\\/toode\\\/weekpack-juliett-2010-g-bezmiesny\\\/#breadcrumb\",\"itemListElement\":[{\"@type\":\"ListItem\",\"position\":1,\"name\":\"Avaleht\",\"item\":\"https:\\\/\\\/toidupakk.ee\\\/pl\\\/\"},{\"@type\":\"ListItem\",\"position\":2,\"name\":\"Sklep internetowy\",\"item\":\"https:\\\/\\\/toidupakk.ee\\\/pl\\\/sklep-internetowy\\\/\"},{\"@type\":\"ListItem\",\"position\":3,\"name\":\"WeekPack Juliett 2010 g (bezmi\u0119sny)\"}]},{\"@type\":\"WebSite\",\"@id\":\"https:\\\/\\\/toidupakk.ee\\\/pl\\\/#website\",\"url\":\"https:\\\/\\\/toidupakk.ee\\\/pl\\\/\",\"name\":\"Toidupakk.ee - Tactical Foodpack toidupakid\",\"description\":\"Tactical Foodpack k\u00fclmkuivatatud toidupakid ja matkaeined\",\"publisher\":{\"@id\":\"https:\\\/\\\/toidupakk.ee\\\/pl\\\/#organization\"},\"potentialAction\":[{\"@type\":\"SearchAction\",\"target\":{\"@type\":\"EntryPoint\",\"urlTemplate\":\"https:\\\/\\\/toidupakk.ee\\\/pl\\\/?s={search_term_string}\"},\"query-input\":{\"@type\":\"PropertyValueSpecification\",\"valueRequired\":true,\"valueName\":\"search_term_string\"}}],\"inLanguage\":\"pl-PL\"},{\"@type\":\"Organization\",\"@id\":\"https:\\\/\\\/toidupakk.ee\\\/pl\\\/#organization\",\"name\":\"Tactical Foodpack matkaeined\",\"url\":\"https:\\\/\\\/toidupakk.ee\\\/pl\\\/\",\"logo\":{\"@type\":\"ImageObject\",\"inLanguage\":\"pl-PL\",\"@id\":\"https:\\\/\\\/toidupakk.ee\\\/pl\\\/#\\\/schema\\\/logo\\\/image\\\/\",\"url\":\"https:\\\/\\\/toidupakk.ee\\\/wp-content\\\/uploads\\\/2022\\\/01\\\/Toidupakk-matkapood-logo-transparent.png\",\"contentUrl\":\"https:\\\/\\\/toidupakk.ee\\\/wp-content\\\/uploads\\\/2022\\\/01\\\/Toidupakk-matkapood-logo-transparent.png\",\"width\":500,\"height\":500,\"caption\":\"Tactical Foodpack matkaeined\"},\"image\":{\"@id\":\"https:\\\/\\\/toidupakk.ee\\\/pl\\\/#\\\/schema\\\/logo\\\/image\\\/\"},\"sameAs\":[\"https:\\\/\\\/www.facebook.com\\\/Toidupakk\",\"https:\\\/\\\/www.instagram.com\\\/toidupakk\\\/\"]}]}<\/script>\n<!-- \/ Yoast SEO plugin. -->","yoast_head_json":{"title":"WeekPack Juliett 2010 g (bezmi\u0119sny) - Toidupakk.ee - Tactical Foodpack toidupakid","description":"Ca\u0142otygodniowy zapas bezmi\u0119snego jedzenia WeekPack Juliett dla jednej osoby. Zabierz go na wypraw\u0119 lub uzupe\u0142nij domowe zapasy. Termin przydatno\u015bci: 8 lat.","robots":{"index":"index","follow":"follow","max-snippet":"max-snippet:-1","max-image-preview":"max-image-preview:large","max-video-preview":"max-video-preview:-1"},"canonical":"https:\/\/toidupakk.ee\/pl\/toode\/weekpack-juliett-2010-g-bezmiesny\/","og_locale":"pl_PL","og_type":"article","og_title":"WeekPack Juliett 2010 g (bezmi\u0119sny) - Toidupakk.ee - Tactical Foodpack toidupakid","og_description":"Ca\u0142otygodniowy zapas bezmi\u0119snego jedzenia WeekPack Juliett dla jednej osoby. Zabierz go na wypraw\u0119 lub uzupe\u0142nij domowe zapasy. Termin przydatno\u015bci: 8 lat.","og_url":"https:\/\/toidupakk.ee\/pl\/toode\/weekpack-juliett-2010-g-bezmiesny\/","og_site_name":"Toidupakk.ee - Tactical Foodpack toidupakid","article_publisher":"https:\/\/www.facebook.com\/Toidupakk","article_modified_time":"2026-04-29T12:30:43+00:00","og_image":[{"width":1920,"height":1920,"url":"https:\/\/toidupakk.ee\/wp-content\/uploads\/2022\/01\/Weekpack-Juliett-Front.png","type":"image\/png"}],"twitter_card":"summary_large_image","twitter_misc":{"Szacowany czas czytania":"2 minuty"},"schema":{"@context":"https:\/\/schema.org","@graph":[{"@type":"WebPage","@id":"https:\/\/toidupakk.ee\/pl\/toode\/weekpack-juliett-2010-g-bezmiesny\/","url":"https:\/\/toidupakk.ee\/pl\/toode\/weekpack-juliett-2010-g-bezmiesny\/","name":"WeekPack Juliett 2010 g (bezmi\u0119sny) - Toidupakk.ee - Tactical Foodpack toidupakid","isPartOf":{"@id":"https:\/\/toidupakk.ee\/pl\/#website"},"primaryImageOfPage":{"@id":"https:\/\/toidupakk.ee\/pl\/toode\/weekpack-juliett-2010-g-bezmiesny\/#primaryimage"},"image":{"@id":"https:\/\/toidupakk.ee\/pl\/toode\/weekpack-juliett-2010-g-bezmiesny\/#primaryimage"},"thumbnailUrl":"https:\/\/toidupakk.ee\/wp-content\/uploads\/2022\/01\/Weekpack-Juliett-Front.png","datePublished":"2022-01-18T14:52:59+00:00","dateModified":"2026-04-29T12:30:43+00:00","description":"Ca\u0142otygodniowy zapas bezmi\u0119snego jedzenia WeekPack Juliett dla jednej osoby. Zabierz go na wypraw\u0119 lub uzupe\u0142nij domowe zapasy. Termin przydatno\u015bci: 8 lat.","breadcrumb":{"@id":"https:\/\/toidupakk.ee\/pl\/toode\/weekpack-juliett-2010-g-bezmiesny\/#breadcrumb"},"inLanguage":"pl-PL","potentialAction":[{"@type":"ReadAction","target":["https:\/\/toidupakk.ee\/pl\/toode\/weekpack-juliett-2010-g-bezmiesny\/"]}]},{"@type":"ImageObject","inLanguage":"pl-PL","@id":"https:\/\/toidupakk.ee\/pl\/toode\/weekpack-juliett-2010-g-bezmiesny\/#primaryimage","url":"https:\/\/toidupakk.ee\/wp-content\/uploads\/2022\/01\/Weekpack-Juliett-Front.png","contentUrl":"https:\/\/toidupakk.ee\/wp-content\/uploads\/2022\/01\/Weekpack-Juliett-Front.png","width":1920,"height":1920},{"@type":"BreadcrumbList","@id":"https:\/\/toidupakk.ee\/pl\/toode\/weekpack-juliett-2010-g-bezmiesny\/#breadcrumb","itemListElement":[{"@type":"ListItem","position":1,"name":"Avaleht","item":"https:\/\/toidupakk.ee\/pl\/"},{"@type":"ListItem","position":2,"name":"Sklep internetowy","item":"https:\/\/toidupakk.ee\/pl\/sklep-internetowy\/"},{"@type":"ListItem","position":3,"name":"WeekPack Juliett 2010 g (bezmi\u0119sny)"}]},{"@type":"WebSite","@id":"https:\/\/toidupakk.ee\/pl\/#website","url":"https:\/\/toidupakk.ee\/pl\/","name":"Toidupakk.ee - Tactical Foodpack toidupakid","description":"Tactical Foodpack k\u00fclmkuivatatud toidupakid ja matkaeined","publisher":{"@id":"https:\/\/toidupakk.ee\/pl\/#organization"},"potentialAction":[{"@type":"SearchAction","target":{"@type":"EntryPoint","urlTemplate":"https:\/\/toidupakk.ee\/pl\/?s={search_term_string}"},"query-input":{"@type":"PropertyValueSpecification","valueRequired":true,"valueName":"search_term_string"}}],"inLanguage":"pl-PL"},{"@type":"Organization","@id":"https:\/\/toidupakk.ee\/pl\/#organization","name":"Tactical Foodpack matkaeined","url":"https:\/\/toidupakk.ee\/pl\/","logo":{"@type":"ImageObject","inLanguage":"pl-PL","@id":"https:\/\/toidupakk.ee\/pl\/#\/schema\/logo\/image\/","url":"https:\/\/toidupakk.ee\/wp-content\/uploads\/2022\/01\/Toidupakk-matkapood-logo-transparent.png","contentUrl":"https:\/\/toidupakk.ee\/wp-content\/uploads\/2022\/01\/Toidupakk-matkapood-logo-transparent.png","width":500,"height":500,"caption":"Tactical Foodpack matkaeined"},"image":{"@id":"https:\/\/toidupakk.ee\/pl\/#\/schema\/logo\/image\/"},"sameAs":["https:\/\/www.facebook.com\/Toidupakk","https:\/\/www.instagram.com\/toidupakk\/"]}]}},"jetpack_sharing_enabled":true,"_links":{"self":[{"href":"https:\/\/toidupakk.ee\/pl\/wp-json\/wp\/v2\/product\/52507","targetHints":{"allow":["GET"]}}],"collection":[{"href":"https:\/\/toidupakk.ee\/pl\/wp-json\/wp\/v2\/product"}],"about":[{"href":"https:\/\/toidupakk.ee\/pl\/wp-json\/wp\/v2\/types\/product"}],"replies":[{"embeddable":true,"href":"https:\/\/toidupakk.ee\/pl\/wp-json\/wp\/v2\/comments?post=52507"}],"wp:featuredmedia":[{"embeddable":true,"href":"https:\/\/toidupakk.ee\/pl\/wp-json\/wp\/v2\/media\/52530"}],"wp:attachment":[{"href":"https:\/\/toidupakk.ee\/pl\/wp-json\/wp\/v2\/media?parent=52507"}],"wp:term":[{"taxonomy":"product_brand","embeddable":true,"href":"https:\/\/toidupakk.ee\/pl\/wp-json\/wp\/v2\/product_brand?post=52507"},{"taxonomy":"product_cat","embeddable":true,"href":"https:\/\/toidupakk.ee\/pl\/wp-json\/wp\/v2\/product_cat?post=52507"},{"taxonomy":"product_tag","embeddable":true,"href":"https:\/\/toidupakk.ee\/pl\/wp-json\/wp\/v2\/product_tag?post=52507"}],"curies":[{"name":"wp","href":"https:\/\/api.w.org\/{rel}","templated":true}]}}