{"id":52486,"date":"2021-12-09T18:03:54","date_gmt":"2021-12-09T16:03:54","guid":{"rendered":"https:\/\/toidupakk.ee\/toode\/prysznic-turystyczny\/"},"modified":"2026-04-04T03:00:50","modified_gmt":"2026-04-04T00:00:50","slug":"prysznic-turystyczny","status":"publish","type":"product","link":"https:\/\/toidupakk.ee\/pl\/toode\/prysznic-turystyczny\/","title":{"rendered":"Prysznic turystyczny"},"content":{"rendered":"<h1>Outdoor Shower<\/h1>\n<p>Wszystko, czego potrzebujesz, to 10 ml wody. Wlej wod\u0119 do torebki, \u015bci\u015bnij j\u0105 kilka razy i zacznij si\u0119 my\u0107. W opakowaniu s\u0105 2 \u015bciereczki \u2013 jedna do mycia g\u00f3rnych, a druga dolnych partii cia\u0142a. Nie wymaga sp\u0142ukiwania. Twoja sk\u00f3ra pozostanie czysta i nawil\u017cona.    <\/p>\n<p>Sk\u0142ad: Izetionian kokoilowy sodu, Pantenol, <span lang=\"et\">Substancja zapachowa<\/span><\/p>\n<p>\u015aciereczki: P<span lang=\"et\">ianka poliuretanowa<\/span><\/p>\n<p><iframe title=\"Odtwarzacz wideo YouTube\" src=\"https:\/\/www.youtube.com\/embed\/10sObDvul34\" width=\"560\" height=\"315\" frameborder=\"0\" allowfullscreen=\"allowfullscreen\"><\/iframe><\/p>\n","protected":false},"excerpt":{"rendered":"<ul>\n<li>Outdoor Shower to innowacyjny spos\u00f3b na mycie w terenie.<\/li>\n<li>To idealne i proste rozwi\u0105zanie, gdy jeste\u015b w sytuacji bez dost\u0119pu do wody i \u0142azienki.<\/li>\n<li>Przyjazny dla sk\u00f3ry, niepodra\u017cniaj\u0105cy i bez konserwant\u00f3w.<\/li>\n<li>Produkt zawiera pantenol, dzi\u0119ki czemu nadaje si\u0119 r\u00f3wnie\u017c do oczyszczania powierzchownych zadrapa\u0144 i ran.<\/li>\n<li><strong>W opakowaniu znajduj\u0105 si\u0119 2 \u015bciereczki, kt\u00f3re pieni\u0105 si\u0119 w kontakcie z wod\u0105.<\/strong><\/li>\n<li>Osobne \u015bciereczki do mycia g\u00f3rnych i dolnych partii cia\u0142a.<\/li>\n<\/ul>\n<p>\u2705 Dost\u0119pne w magazynie, szybka dostawa w 1\u20133 dni robocze<\/p>\n","protected":false},"featured_media":670,"comment_status":"open","ping_status":"closed","template":"","meta":{"_acf_changed":false},"product_brand":[],"product_cat":[303,314,301],"product_tag":[305],"class_list":{"0":"post-52486","1":"product","2":"type-product","3":"status-publish","4":"has-post-thumbnail","6":"product_cat-akcesoria-turystyczne","7":"product_cat-nocowanie-w-naturze","8":"product_cat-sprzet-turystyczny","9":"product_tag-no_ads","11":"first","12":"instock","13":"taxable","14":"shipping-taxable","15":"purchasable","16":"product-type-simple"},"bundled_by":[],"bundle_stock_status":"instock","bundle_stock_quantity":18,"bundle_virtual":false,"bundle_layout":"","bundle_add_to_cart_form_location":"","bundle_editable_in_cart":false,"bundle_sold_individually_context":"","bundle_item_grouping":"","bundle_min_size":"","bundle_max_size":"","bundle_price":[],"bundled_items":[],"bundle_sell_ids":[],"acf":[],"yoast_head":"<!-- This site is optimized with the Yoast SEO plugin v27.1.1 - https:\/\/yoast.com\/product\/yoast-seo-wordpress\/ -->\n<title>Prysznic turystyczny<\/title>\n<meta name=\"description\" content=\"Outdoor Shower to innowacyjny spos\u00f3b na mycie w terenie. To idealne i proste rozwi\u0105zanie, gdy jeste\u015b w sytuacji bez dost\u0119pu do wody i \u0142azienki.\" \/>\n<meta name=\"robots\" content=\"index, follow, max-snippet:-1, max-image-preview:large, max-video-preview:-1\" \/>\n<link rel=\"canonical\" href=\"https:\/\/toidupakk.ee\/pl\/toode\/prysznic-turystyczny\/\" \/>\n<meta property=\"og:locale\" content=\"pl_PL\" \/>\n<meta property=\"og:type\" content=\"article\" \/>\n<meta property=\"og:title\" content=\"Prysznic turystyczny\" \/>\n<meta property=\"og:description\" content=\"Outdoor Shower to innowacyjny spos\u00f3b na mycie w terenie. To idealne i proste rozwi\u0105zanie, gdy jeste\u015b w sytuacji bez dost\u0119pu do wody i \u0142azienki.\" \/>\n<meta property=\"og:url\" content=\"https:\/\/toidupakk.ee\/pl\/toode\/prysznic-turystyczny\/\" \/>\n<meta property=\"og:site_name\" content=\"Toidupakk.ee - Tactical Foodpack toidupakid\" \/>\n<meta property=\"article:publisher\" content=\"https:\/\/www.facebook.com\/Toidupakk\" \/>\n<meta property=\"article:modified_time\" content=\"2026-04-04T00:00:50+00:00\" \/>\n<meta property=\"og:image\" content=\"https:\/\/toidupakk.ee\/wp-content\/uploads\/2021\/12\/Tactical_Shower_cut_out.png\" \/>\n\t<meta property=\"og:image:width\" content=\"1920\" \/>\n\t<meta property=\"og:image:height\" content=\"1920\" \/>\n\t<meta property=\"og:image:type\" content=\"image\/png\" \/>\n<meta name=\"twitter:card\" content=\"summary_large_image\" \/>\n<script type=\"application\/ld+json\" class=\"yoast-schema-graph\">{\"@context\":\"https:\/\/schema.org\",\"@graph\":[{\"@type\":\"WebPage\",\"@id\":\"https:\/\/toidupakk.ee\/pl\/toode\/prysznic-turystyczny\/\",\"url\":\"https:\/\/toidupakk.ee\/pl\/toode\/prysznic-turystyczny\/\",\"name\":\"Prysznic turystyczny\",\"isPartOf\":{\"@id\":\"https:\/\/toidupakk.ee\/pl\/#website\"},\"primaryImageOfPage\":{\"@id\":\"https:\/\/toidupakk.ee\/pl\/toode\/prysznic-turystyczny\/#primaryimage\"},\"image\":{\"@id\":\"https:\/\/toidupakk.ee\/pl\/toode\/prysznic-turystyczny\/#primaryimage\"},\"thumbnailUrl\":\"https:\/\/toidupakk.ee\/wp-content\/uploads\/2021\/12\/Tactical_Shower_cut_out.png\",\"datePublished\":\"2021-12-09T16:03:54+00:00\",\"dateModified\":\"2026-04-04T00:00:50+00:00\",\"description\":\"Outdoor Shower to innowacyjny spos\u00f3b na mycie w terenie. To idealne i proste rozwi\u0105zanie, gdy jeste\u015b w sytuacji bez dost\u0119pu do wody i \u0142azienki.\",\"breadcrumb\":{\"@id\":\"https:\/\/toidupakk.ee\/pl\/toode\/prysznic-turystyczny\/#breadcrumb\"},\"inLanguage\":\"pl-PL\",\"potentialAction\":[{\"@type\":\"ReadAction\",\"target\":[\"https:\/\/toidupakk.ee\/pl\/toode\/prysznic-turystyczny\/\"]}]},{\"@type\":\"ImageObject\",\"inLanguage\":\"pl-PL\",\"@id\":\"https:\/\/toidupakk.ee\/pl\/toode\/prysznic-turystyczny\/#primaryimage\",\"url\":\"https:\/\/toidupakk.ee\/wp-content\/uploads\/2021\/12\/Tactical_Shower_cut_out.png\",\"contentUrl\":\"https:\/\/toidupakk.ee\/wp-content\/uploads\/2021\/12\/Tactical_Shower_cut_out.png\",\"width\":1920,\"height\":1920,\"caption\":\"Tactical shower\"},{\"@type\":\"BreadcrumbList\",\"@id\":\"https:\/\/toidupakk.ee\/pl\/toode\/prysznic-turystyczny\/#breadcrumb\",\"itemListElement\":[{\"@type\":\"ListItem\",\"position\":1,\"name\":\"Avaleht\",\"item\":\"https:\/\/toidupakk.ee\/pl\/\"},{\"@type\":\"ListItem\",\"position\":2,\"name\":\"Sklep internetowy\",\"item\":\"https:\/\/toidupakk.ee\/pl\/sklep-internetowy\/\"},{\"@type\":\"ListItem\",\"position\":3,\"name\":\"Prysznic turystyczny\"}]},{\"@type\":\"WebSite\",\"@id\":\"https:\/\/toidupakk.ee\/pl\/#website\",\"url\":\"https:\/\/toidupakk.ee\/pl\/\",\"name\":\"Toidupakk.ee - Tactical Foodpack toidupakid\",\"description\":\"Tactical Foodpack k\u00fclmkuivatatud toidupakid ja matkaeined\",\"publisher\":{\"@id\":\"https:\/\/toidupakk.ee\/pl\/#organization\"},\"potentialAction\":[{\"@type\":\"SearchAction\",\"target\":{\"@type\":\"EntryPoint\",\"urlTemplate\":\"https:\/\/toidupakk.ee\/pl\/?s={search_term_string}\"},\"query-input\":{\"@type\":\"PropertyValueSpecification\",\"valueRequired\":true,\"valueName\":\"search_term_string\"}}],\"inLanguage\":\"pl-PL\"},{\"@type\":\"Organization\",\"@id\":\"https:\/\/toidupakk.ee\/pl\/#organization\",\"name\":\"Tactical Foodpack matkaeined\",\"url\":\"https:\/\/toidupakk.ee\/pl\/\",\"logo\":{\"@type\":\"ImageObject\",\"inLanguage\":\"pl-PL\",\"@id\":\"https:\/\/toidupakk.ee\/pl\/#\/schema\/logo\/image\/\",\"url\":\"https:\/\/toidupakk.ee\/wp-content\/uploads\/2022\/01\/Toidupakk-matkapood-logo-transparent.png\",\"contentUrl\":\"https:\/\/toidupakk.ee\/wp-content\/uploads\/2022\/01\/Toidupakk-matkapood-logo-transparent.png\",\"width\":500,\"height\":500,\"caption\":\"Tactical Foodpack matkaeined\"},\"image\":{\"@id\":\"https:\/\/toidupakk.ee\/pl\/#\/schema\/logo\/image\/\"},\"sameAs\":[\"https:\/\/www.facebook.com\/Toidupakk\",\"https:\/\/www.instagram.com\/toidupakk\/\"]}]}<\/script>\n<!-- \/ Yoast SEO plugin. -->","yoast_head_json":{"title":"Prysznic turystyczny","description":"Outdoor Shower to innowacyjny spos\u00f3b na mycie w terenie. To idealne i proste rozwi\u0105zanie, gdy jeste\u015b w sytuacji bez dost\u0119pu do wody i \u0142azienki.","robots":{"index":"index","follow":"follow","max-snippet":"max-snippet:-1","max-image-preview":"max-image-preview:large","max-video-preview":"max-video-preview:-1"},"canonical":"https:\/\/toidupakk.ee\/pl\/toode\/prysznic-turystyczny\/","og_locale":"pl_PL","og_type":"article","og_title":"Prysznic turystyczny","og_description":"Outdoor Shower to innowacyjny spos\u00f3b na mycie w terenie. To idealne i proste rozwi\u0105zanie, gdy jeste\u015b w sytuacji bez dost\u0119pu do wody i \u0142azienki.","og_url":"https:\/\/toidupakk.ee\/pl\/toode\/prysznic-turystyczny\/","og_site_name":"Toidupakk.ee - Tactical Foodpack toidupakid","article_publisher":"https:\/\/www.facebook.com\/Toidupakk","article_modified_time":"2026-04-04T00:00:50+00:00","og_image":[{"width":1920,"height":1920,"url":"https:\/\/toidupakk.ee\/wp-content\/uploads\/2021\/12\/Tactical_Shower_cut_out.png","type":"image\/png"}],"twitter_card":"summary_large_image","schema":{"@context":"https:\/\/schema.org","@graph":[{"@type":"WebPage","@id":"https:\/\/toidupakk.ee\/pl\/toode\/prysznic-turystyczny\/","url":"https:\/\/toidupakk.ee\/pl\/toode\/prysznic-turystyczny\/","name":"Prysznic turystyczny","isPartOf":{"@id":"https:\/\/toidupakk.ee\/pl\/#website"},"primaryImageOfPage":{"@id":"https:\/\/toidupakk.ee\/pl\/toode\/prysznic-turystyczny\/#primaryimage"},"image":{"@id":"https:\/\/toidupakk.ee\/pl\/toode\/prysznic-turystyczny\/#primaryimage"},"thumbnailUrl":"https:\/\/toidupakk.ee\/wp-content\/uploads\/2021\/12\/Tactical_Shower_cut_out.png","datePublished":"2021-12-09T16:03:54+00:00","dateModified":"2026-04-04T00:00:50+00:00","description":"Outdoor Shower to innowacyjny spos\u00f3b na mycie w terenie. To idealne i proste rozwi\u0105zanie, gdy jeste\u015b w sytuacji bez dost\u0119pu do wody i \u0142azienki.","breadcrumb":{"@id":"https:\/\/toidupakk.ee\/pl\/toode\/prysznic-turystyczny\/#breadcrumb"},"inLanguage":"pl-PL","potentialAction":[{"@type":"ReadAction","target":["https:\/\/toidupakk.ee\/pl\/toode\/prysznic-turystyczny\/"]}]},{"@type":"ImageObject","inLanguage":"pl-PL","@id":"https:\/\/toidupakk.ee\/pl\/toode\/prysznic-turystyczny\/#primaryimage","url":"https:\/\/toidupakk.ee\/wp-content\/uploads\/2021\/12\/Tactical_Shower_cut_out.png","contentUrl":"https:\/\/toidupakk.ee\/wp-content\/uploads\/2021\/12\/Tactical_Shower_cut_out.png","width":1920,"height":1920,"caption":"Tactical shower"},{"@type":"BreadcrumbList","@id":"https:\/\/toidupakk.ee\/pl\/toode\/prysznic-turystyczny\/#breadcrumb","itemListElement":[{"@type":"ListItem","position":1,"name":"Avaleht","item":"https:\/\/toidupakk.ee\/pl\/"},{"@type":"ListItem","position":2,"name":"Sklep internetowy","item":"https:\/\/toidupakk.ee\/pl\/sklep-internetowy\/"},{"@type":"ListItem","position":3,"name":"Prysznic turystyczny"}]},{"@type":"WebSite","@id":"https:\/\/toidupakk.ee\/pl\/#website","url":"https:\/\/toidupakk.ee\/pl\/","name":"Toidupakk.ee - Tactical Foodpack toidupakid","description":"Tactical Foodpack k\u00fclmkuivatatud toidupakid ja matkaeined","publisher":{"@id":"https:\/\/toidupakk.ee\/pl\/#organization"},"potentialAction":[{"@type":"SearchAction","target":{"@type":"EntryPoint","urlTemplate":"https:\/\/toidupakk.ee\/pl\/?s={search_term_string}"},"query-input":{"@type":"PropertyValueSpecification","valueRequired":true,"valueName":"search_term_string"}}],"inLanguage":"pl-PL"},{"@type":"Organization","@id":"https:\/\/toidupakk.ee\/pl\/#organization","name":"Tactical Foodpack matkaeined","url":"https:\/\/toidupakk.ee\/pl\/","logo":{"@type":"ImageObject","inLanguage":"pl-PL","@id":"https:\/\/toidupakk.ee\/pl\/#\/schema\/logo\/image\/","url":"https:\/\/toidupakk.ee\/wp-content\/uploads\/2022\/01\/Toidupakk-matkapood-logo-transparent.png","contentUrl":"https:\/\/toidupakk.ee\/wp-content\/uploads\/2022\/01\/Toidupakk-matkapood-logo-transparent.png","width":500,"height":500,"caption":"Tactical Foodpack matkaeined"},"image":{"@id":"https:\/\/toidupakk.ee\/pl\/#\/schema\/logo\/image\/"},"sameAs":["https:\/\/www.facebook.com\/Toidupakk","https:\/\/www.instagram.com\/toidupakk\/"]}]}},"jetpack_sharing_enabled":true,"_links":{"self":[{"href":"https:\/\/toidupakk.ee\/pl\/wp-json\/wp\/v2\/product\/52486","targetHints":{"allow":["GET"]}}],"collection":[{"href":"https:\/\/toidupakk.ee\/pl\/wp-json\/wp\/v2\/product"}],"about":[{"href":"https:\/\/toidupakk.ee\/pl\/wp-json\/wp\/v2\/types\/product"}],"replies":[{"embeddable":true,"href":"https:\/\/toidupakk.ee\/pl\/wp-json\/wp\/v2\/comments?post=52486"}],"wp:featuredmedia":[{"embeddable":true,"href":"https:\/\/toidupakk.ee\/pl\/wp-json\/wp\/v2\/media\/670"}],"wp:attachment":[{"href":"https:\/\/toidupakk.ee\/pl\/wp-json\/wp\/v2\/media?parent=52486"}],"wp:term":[{"taxonomy":"product_brand","embeddable":true,"href":"https:\/\/toidupakk.ee\/pl\/wp-json\/wp\/v2\/product_brand?post=52486"},{"taxonomy":"product_cat","embeddable":true,"href":"https:\/\/toidupakk.ee\/pl\/wp-json\/wp\/v2\/product_cat?post=52486"},{"taxonomy":"product_tag","embeddable":true,"href":"https:\/\/toidupakk.ee\/pl\/wp-json\/wp\/v2\/product_tag?post=52486"}],"curies":[{"name":"wp","href":"https:\/\/api.w.org\/{rel}","templated":true}]}}