{"id":52465,"date":"2023-09-20T16:17:15","date_gmt":"2023-09-20T13:17:15","guid":{"rendered":"https:\/\/toidupakk.ee\/toode\/readywise-zestaw-zapasow-zywnosci-dania-glowne-120-posilkow-termin-przydatnosci-25-lat\/"},"modified":"2026-04-15T04:30:04","modified_gmt":"2026-04-15T01:30:04","slug":"readywise-zestaw-zapasow-zywnosci-dania-glowne-120-posilkow-termin-przydatnosci-25-lat","status":"publish","type":"product","link":"https:\/\/toidupakk.ee\/pl\/toode\/readywise-zestaw-zapasow-zywnosci-dania-glowne-120-posilkow-termin-przydatnosci-25-lat\/","title":{"rendered":"READYWISE\u00ae Zestaw zapas\u00f3w \u017cywno\u015bci &#8211; dania g\u0142\u00f3wne &#8211; 120 posi\u0142k\u00f3w &#8211; Termin przydatno\u015bci 25 lat"},"content":{"rendered":"<h1><img fetchpriority=\"high\" decoding=\"async\" class=\"alignnone wp-image-36965 size-large\" src=\"https:\/\/toidupakk.ee\/wp-content\/uploads\/2023\/09\/Readywise-120-lihtne-valmistada-683x1024.jpg\" alt=\"Przygotowanie posi\u0142k\u00f3w z zestawu ReadyWise\" width=\"683\" height=\"1024\" srcset=\"https:\/\/toidupakk.ee\/wp-content\/uploads\/2023\/09\/Readywise-120-lihtne-valmistada-683x1024.jpg 683w, https:\/\/toidupakk.ee\/wp-content\/uploads\/2023\/09\/Readywise-120-lihtne-valmistada-200x300.jpg 200w, https:\/\/toidupakk.ee\/wp-content\/uploads\/2023\/09\/Readywise-120-lihtne-valmistada-768x1152.jpg 768w, https:\/\/toidupakk.ee\/wp-content\/uploads\/2023\/09\/Readywise-120-lihtne-valmistada-800x1200.jpg 800w, https:\/\/toidupakk.ee\/wp-content\/uploads\/2023\/09\/Readywise-120-lihtne-valmistada.jpg 1024w\" sizes=\"(max-width: 683px) 100vw, 683px\" \/> <img decoding=\"async\" class=\"alignnone wp-image-36966 size-large\" src=\"https:\/\/toidupakk.ee\/wp-content\/uploads\/2023\/09\/Readywise-120-iga-prepperi-varudesse-683x1024.jpg\" alt=\"\" width=\"683\" height=\"1024\" srcset=\"https:\/\/toidupakk.ee\/wp-content\/uploads\/2023\/09\/Readywise-120-iga-prepperi-varudesse-683x1024.jpg 683w, https:\/\/toidupakk.ee\/wp-content\/uploads\/2023\/09\/Readywise-120-iga-prepperi-varudesse-200x300.jpg 200w, https:\/\/toidupakk.ee\/wp-content\/uploads\/2023\/09\/Readywise-120-iga-prepperi-varudesse-768x1152.jpg 768w, https:\/\/toidupakk.ee\/wp-content\/uploads\/2023\/09\/Readywise-120-iga-prepperi-varudesse-800x1200.jpg 800w, https:\/\/toidupakk.ee\/wp-content\/uploads\/2023\/09\/Readywise-120-iga-prepperi-varudesse.jpg 1024w\" sizes=\"(max-width: 683px) 100vw, 683px\" \/> <img decoding=\"async\" class=\"alignnone wp-image-36967 size-large\" src=\"https:\/\/toidupakk.ee\/wp-content\/uploads\/2023\/09\/Readywise-120-mis-komplektis-sisaldub-683x1024.jpg\" alt=\"Zawarto\u015b\u0107 zestawu \u017cywno\u015bci ReadyWise\" width=\"683\" height=\"1024\" srcset=\"https:\/\/toidupakk.ee\/wp-content\/uploads\/2023\/09\/Readywise-120-mis-komplektis-sisaldub-683x1024.jpg 683w, https:\/\/toidupakk.ee\/wp-content\/uploads\/2023\/09\/Readywise-120-mis-komplektis-sisaldub-200x300.jpg 200w, https:\/\/toidupakk.ee\/wp-content\/uploads\/2023\/09\/Readywise-120-mis-komplektis-sisaldub-768x1152.jpg 768w, https:\/\/toidupakk.ee\/wp-content\/uploads\/2023\/09\/Readywise-120-mis-komplektis-sisaldub-800x1200.jpg 800w, https:\/\/toidupakk.ee\/wp-content\/uploads\/2023\/09\/Readywise-120-mis-komplektis-sisaldub.jpg 1024w\" sizes=\"(max-width: 683px) 100vw, 683px\" \/> <img loading=\"lazy\" decoding=\"async\" class=\"alignnone wp-image-36968 size-large\" src=\"https:\/\/toidupakk.ee\/wp-content\/uploads\/2023\/09\/Readywise-120-maitsev-ja-toitev-683x1024.jpg\" alt=\"\" width=\"683\" height=\"1024\" srcset=\"https:\/\/toidupakk.ee\/wp-content\/uploads\/2023\/09\/Readywise-120-maitsev-ja-toitev-683x1024.jpg 683w, https:\/\/toidupakk.ee\/wp-content\/uploads\/2023\/09\/Readywise-120-maitsev-ja-toitev-200x300.jpg 200w, https:\/\/toidupakk.ee\/wp-content\/uploads\/2023\/09\/Readywise-120-maitsev-ja-toitev-768x1152.jpg 768w, https:\/\/toidupakk.ee\/wp-content\/uploads\/2023\/09\/Readywise-120-maitsev-ja-toitev-800x1200.jpg 800w, https:\/\/toidupakk.ee\/wp-content\/uploads\/2023\/09\/Readywise-120-maitsev-ja-toitev.jpg 1024w\" sizes=\"(max-width: 683px) 100vw, 683px\" \/> <img loading=\"lazy\" decoding=\"async\" class=\"alignnone wp-image-36970 size-large\" src=\"https:\/\/toidupakk.ee\/wp-content\/uploads\/2023\/09\/Readywise-120-toiduambrist-leiad-683x1024.jpg\" alt=\"\" width=\"683\" height=\"1024\" srcset=\"https:\/\/toidupakk.ee\/wp-content\/uploads\/2023\/09\/Readywise-120-toiduambrist-leiad-683x1024.jpg 683w, https:\/\/toidupakk.ee\/wp-content\/uploads\/2023\/09\/Readywise-120-toiduambrist-leiad-200x300.jpg 200w, https:\/\/toidupakk.ee\/wp-content\/uploads\/2023\/09\/Readywise-120-toiduambrist-leiad-768x1152.jpg 768w, https:\/\/toidupakk.ee\/wp-content\/uploads\/2023\/09\/Readywise-120-toiduambrist-leiad-800x1200.jpg 800w, https:\/\/toidupakk.ee\/wp-content\/uploads\/2023\/09\/Readywise-120-toiduambrist-leiad.jpg 1024w\" sizes=\"(max-width: 683px) 100vw, 683px\" \/> <img loading=\"lazy\" decoding=\"async\" class=\"alignnone wp-image-36971 size-large\" src=\"https:\/\/toidupakk.ee\/wp-content\/uploads\/2023\/09\/Readywise-120-naudi-lihtsust-683x1024.jpg\" alt=\"\" width=\"683\" height=\"1024\" srcset=\"https:\/\/toidupakk.ee\/wp-content\/uploads\/2023\/09\/Readywise-120-naudi-lihtsust-683x1024.jpg 683w, https:\/\/toidupakk.ee\/wp-content\/uploads\/2023\/09\/Readywise-120-naudi-lihtsust-200x300.jpg 200w, https:\/\/toidupakk.ee\/wp-content\/uploads\/2023\/09\/Readywise-120-naudi-lihtsust-768x1152.jpg 768w, https:\/\/toidupakk.ee\/wp-content\/uploads\/2023\/09\/Readywise-120-naudi-lihtsust-800x1200.jpg 800w, https:\/\/toidupakk.ee\/wp-content\/uploads\/2023\/09\/Readywise-120-naudi-lihtsust.jpg 1024w\" sizes=\"(max-width: 683px) 100vw, 683px\" \/><\/h1>\n<h1><img loading=\"lazy\" decoding=\"async\" class=\"alignright wp-image-8253 size-thumbnail\" src=\"https:\/\/toidupakk.ee\/wp-content\/uploads\/2023\/05\/6-500x500.png\" alt=\"Zestaw da\u0144 g\u0142\u00f3wnych ReadyWise 120 posi\u0142k\u00f3w\" width=\"500\" height=\"500\" srcset=\"https:\/\/toidupakk.ee\/wp-content\/uploads\/2023\/05\/6-500x500.png 500w, https:\/\/toidupakk.ee\/wp-content\/uploads\/2023\/05\/6-400x400.png 400w, https:\/\/toidupakk.ee\/wp-content\/uploads\/2023\/05\/6-100x100.png 100w, https:\/\/toidupakk.ee\/wp-content\/uploads\/2023\/05\/6-800x800.png 800w, https:\/\/toidupakk.ee\/wp-content\/uploads\/2023\/05\/6-300x300.png 300w, https:\/\/toidupakk.ee\/wp-content\/uploads\/2023\/05\/6-1024x1024.png 1024w, https:\/\/toidupakk.ee\/wp-content\/uploads\/2023\/05\/6-768x768.png 768w, https:\/\/toidupakk.ee\/wp-content\/uploads\/2023\/05\/6.png 1080w\" sizes=\"(max-width: 500px) 100vw, 500px\" \/><\/h1>\n<h1>READYWISE Zestaw zapas\u00f3w \u017cywno\u015bci z daniami g\u0142\u00f3wnymi &#8211; 120 posi\u0142k\u00f3w &#8211; przygotuj si\u0119 na niespodziewane sytuacje<\/h1>\n<p>Zestaw ReadyWise idealnie sprawdzi si\u0119 jako zapas kryzysowy, na wyprawy lub po prostu jako wygodna rezerwa jedzenia w domu. \u017bywno\u015b\u0107 jest odwodniona, dzi\u0119ki czemu zachowuje \u015bwie\u017co\u015b\u0107 i smak przez d\u0142ugi czas.  <strong>\u017bywno\u015b\u0107 zachowuje trwa\u0142o\u015b\u0107 do 25 lat od daty produkcji.<\/strong> Ten zestaw zawiera dania g\u0142\u00f3wne na 120 posi\u0142k\u00f3w \/ porcji.<\/p>\n<h2><\/h2>\n<h2><strong>Spos\u00f3b przygotowania<\/strong><\/h2>\n<p><strong>WYBIERZ POSI\u0141EK <\/strong>Otw\u00f3rz wodoodporne, zamykane opakowanie i wybierz ulubiony smak. Ka\u017cda ma\u0142a saszetka zawiera 4 porcje jedzenia. <\/p>\n<p><strong>DODAJ ZIMN\u0104 LUB GOR\u0104C\u0104 WOD\u0118 <\/strong>Nasze produkty przechodz\u0105 specjalny proces, aby zachowa\u0107 ich smak i tekstur\u0119. Dodaj 1 szklank\u0119 wody na porcj\u0119 i wymieszaj. Nasze posi\u0142ki mo\u017cna przygotowa\u0107 zar\u00f3wno na ciep\u0142o, jak i na zimno.   Wi\u0119kszo\u015b\u0107 da\u0144 smakuje jednak lepiej po przygotowaniu z gor\u0105c\u0105 wod\u0105.<\/p>\n<p><strong>WYMIESZAJ I SMACZNEGO <\/strong>Wsyp zawarto\u015b\u0107 torebki do wody i wymieszaj. Przykryj i odczekaj 15 minut. Je\u015bli u\u017cywasz wody o temperaturze pokojowej, odczekaj 30 minut.   Na\u0142\u00f3\u017c na talerz i gotowe!<\/p>\n<h2><\/h2>\n<h2><strong>W wiadrze z zestawem ReadyWise znajdziesz szeroki wyb\u00f3r smak\u00f3w<\/strong><\/h2>\n<p>LASAGNE Z SEREM: 8 porcji<\/p>\n<p>KREMOWY MAKARON Z WARZYWAMI: 12 porcji<\/p>\n<p>MAKARON ALFREDO: 8 porcji<\/p>\n<p>MAKARON CHILI: 8 porcji<\/p>\n<p>ZUPA Z MAKARONEM O SMAKU KURCZAKA: 12 porcji<\/p>\n<p>PYSZNA ZUPA TORTILLA: 8 porcji<\/p>\n<p>ZAPIEKANKA ZIEMNIACZANA O SMAKU KURCZAKA: 8 porcji<\/p>\n<p>RY\u017b TERIYAKI: 4 porcje<\/p>\n<p>PIECZONA ZAPIEKANKA ZIEMNIACZANA: 8 porcji<\/p>\n<p>ZUPA POMIDOROWO-BAZYLIOWA Z MAKARONEM: 12 porcji<\/p>\n<p>PYSZNY STROGONOW: 12 porcji<\/p>\n<p>RY\u017b SOUTHWEST Z FASOL\u0104: 12 porcji<\/p>\n<p>MAKARON Z SEREM: 8 porcji<\/p>\n<p>&nbsp;<\/p>\n<h2>Zalety Readywise<\/h2>\n<p><strong>Przechowywanie<\/strong>: \u017bywno\u015b\u0107 ReadyWise jest odwodniona, co oznacza, \u017ce zachowuje trwa\u0142o\u015b\u0107 przez 25 lat i jest wygodna do przechowywania w piwnicy, gara\u017cu, szafie czy np. na \u0142odzi. Wodoodporna torba chroni produkty przed wilgoci\u0105 i innymi czynnikami zewn\u0119trznymi. <\/p>\n<p><strong>Warto\u015b\u0107 od\u017cywcza<\/strong>: Posi\u0142ki ReadyWise zawieraj\u0105 znaczn\u0105 ilo\u015b\u0107 bia\u0142ka, b\u0142onnika i innych wa\u017cnych sk\u0142adnik\u00f3w od\u017cywczych. To sprawia, \u017ce s\u0105 idealnym wyborem dla os\u00f3b, kt\u00f3re chc\u0105 by\u0107 dobrze od\u017cywione i potrzebuj\u0105 szybkiego, po\u017cywnego posi\u0142ku. <\/p>\n<p><strong>Wszechstronno\u015b\u0107<\/strong>: Zestaw zapas\u00f3w ReadyWise zawiera r\u00f3\u017cne produkty odpowiednie na \u015bniadanie, obiad i kolacj\u0119. Daje to wiele mo\u017cliwo\u015bci i pozwala cieszy\u0107 si\u0119 r\u00f3\u017cnorodnymi smakami. <\/p>\n<p><strong>\u0141atwy transport<\/strong>: Zestaw ReadyWise jest kompaktowy i lekki, a wodoodporna torba u\u0142atwia jego wygodne przenoszenie.<\/p>\n<p>&nbsp;<\/p>\n<h2>READYWISE<\/h2>\n<p>ReadyWise stosuje innowacyjne podej\u015bcie, oferuj\u0105c niezawodn\u0105, prost\u0105 i przyst\u0119pn\u0105 cenowo \u017cywno\u015b\u0107 liofilizowan\u0105 na sytuacje, w kt\u00f3rych tradycyjne gotowanie jest utrudnione.<\/p>\n<p>&nbsp;<\/p>\n<p>Sprawd\u017a inne akcesoria turystyczne <a href=\"https:\/\/toidupakk.ee\/pl\/tootekategooria\/sprzet-turystyczny\/#section-3-79\">TUTAJ<\/a><\/p>\n<p>Interesuj\u0105 Ci\u0119 posi\u0142ki turystyczne? Zobacz <a href=\"\/?product_cat=snakk#section-3-79\">TUTAJ<\/a><\/p>\n<p>Znajd\u017a inspiracj\u0119 na kolejne przygody na <a href=\"https:\/\/www.instagram.com\/toidupakk\/\">Instagramie<\/a> i <a href=\"https:\/\/www.facebook.com\/Toidupakk\/\">Facebooku<\/a> Toidupakk.<\/p>\n","protected":false},"excerpt":{"rendered":"<p>Zestaw \u017cywno\u015bci ReadyWise z <strong>120 porcjami<\/strong>. To wiadro jest przeznaczone na sytuacje, w kt\u00f3rych przygotowanie posi\u0142ku mo\u017ce by\u0107 utrudnione lub niemo\u017cliwe. Zestaw zawiera 120 porcji jedzenia. Wygodny r\u00f3wnie\u017c na wyprawy, kemping czy aktywno\u015bci na \u015bwie\u017cym powietrzu. Posi\u0142ki s\u0105 zapakowane w hermetyczne torebki Mylar, kt\u00f3re zapewniaj\u0105 d\u0142ugi termin przydatno\u015bci.    <\/p>\n<ul>\n<li>Zestaw zapas\u00f3w \u017cywno\u015bci: <strong>Ka\u017cdy zestaw zawiera 120 porcji jedzenia w 13 r\u00f3\u017cnych smakach.<\/strong><\/li>\n<li>Dodaj tylko wod\u0119: preferowana jest gor\u0105ca woda, ale zimna te\u017c si\u0119 nadaje (w takim przypadku czas przygotowania b\u0119dzie po prostu d\u0142u\u017cszy)<\/li>\n<li>\u017bywno\u015b\u0107 ReadyWise <strong>zachowuje trwa\u0142o\u015b\u0107 przez 25 lat od daty produkcji<\/strong><\/li>\n<li><strong>Wodoodporna, zamykana torba<\/strong> sprawia, \u017ce zestaw jest \u0142atwy w transporcie i wygodny w u\u017cyciu.<\/li>\n<li>Waga netto posi\u0142k\u00f3w: <strong>6,17 kg (przed dodaniem wody)<\/strong><\/li>\n<li>\u0141\u0105czna <strong>kaloryczno\u015b\u0107 zestawu: 24 540 kcal<\/strong><\/li>\n<li>Wymiary wiadra: 30 cm x 25 cm x 37<\/li>\n<\/ul>\n<p>\u2705 Dost\u0119pne w magazynie, szybka dostawa w 1-3 dni robocze<br \/>\n\u2705 Kup teraz, zap\u0142a\u0107 p\u00f3\u017aniej (RRSO 0%)<\/p>\n","protected":false},"featured_media":52483,"comment_status":"open","ping_status":"closed","template":"","meta":{"_acf_changed":false},"product_brand":[],"product_cat":[303,357,347,301,358],"product_tag":[],"class_list":{"0":"post-52465","1":"product","2":"type-product","3":"status-publish","4":"has-post-thumbnail","6":"product_cat-akcesoria-turystyczne","7":"product_cat-bardzo-duze-zestawy-zapasow-zywnosci-readywise","8":"product_cat-duze-zestawy-zapasow-zywnosci","9":"product_cat-sprzet-turystyczny","10":"product_cat-zestawy-zapasow-zywnosci","12":"first","13":"instock","14":"sale","15":"taxable","16":"shipping-taxable","17":"purchasable","18":"product-type-simple"},"bundled_by":[],"bundle_stock_status":"instock","bundle_stock_quantity":5,"bundle_virtual":false,"bundle_layout":"","bundle_add_to_cart_form_location":"","bundle_editable_in_cart":false,"bundle_sold_individually_context":"","bundle_item_grouping":"","bundle_min_size":"","bundle_max_size":"","bundle_price":[],"bundled_items":[],"bundle_sell_ids":[],"acf":[],"yoast_head":"<!-- This site is optimized with the Yoast SEO plugin v27.3 - https:\/\/yoast.com\/product\/yoast-seo-wordpress\/ -->\n<title>READYWISE\u00ae Zestaw zapas\u00f3w \u017cywno\u015bci 120 porcji - termin przydatno\u015bci 25 lat<\/title>\n<meta name=\"description\" content=\"Zestaw \u017cywno\u015bci ReadyWise to wygodny i przyst\u0119pny spos\u00f3b na przygotowanie si\u0119 na niespodziewane sytuacje lub utrzymanie zapas\u00f3w na czas kryzysu.\" \/>\n<meta name=\"robots\" content=\"index, follow, max-snippet:-1, max-image-preview:large, max-video-preview:-1\" \/>\n<link rel=\"canonical\" href=\"https:\/\/toidupakk.ee\/pl\/toode\/readywise-zestaw-zapasow-zywnosci-dania-glowne-120-posilkow-termin-przydatnosci-25-lat\/\" \/>\n<meta property=\"og:locale\" content=\"pl_PL\" \/>\n<meta property=\"og:type\" content=\"article\" \/>\n<meta property=\"og:title\" content=\"READYWISE\u00ae Zestaw zapas\u00f3w \u017cywno\u015bci 120 porcji - termin przydatno\u015bci 25 lat\" \/>\n<meta property=\"og:description\" content=\"Zestaw \u017cywno\u015bci ReadyWise to wygodny i przyst\u0119pny spos\u00f3b na przygotowanie si\u0119 na niespodziewane sytuacje lub utrzymanie zapas\u00f3w na czas kryzysu.\" \/>\n<meta property=\"og:url\" content=\"https:\/\/toidupakk.ee\/pl\/toode\/readywise-zestaw-zapasow-zywnosci-dania-glowne-120-posilkow-termin-przydatnosci-25-lat\/\" \/>\n<meta property=\"og:site_name\" content=\"Toidupakk.ee - Tactical Foodpack toidupakid\" \/>\n<meta property=\"article:publisher\" content=\"https:\/\/www.facebook.com\/Toidupakk\" \/>\n<meta property=\"article:modified_time\" content=\"2026-04-15T01:30:04+00:00\" \/>\n<meta property=\"og:image\" content=\"https:\/\/toidupakk.ee\/wp-content\/uploads\/2023\/04\/readywise-pearoad-120.png\" \/>\n\t<meta property=\"og:image:width\" content=\"1080\" \/>\n\t<meta property=\"og:image:height\" content=\"1080\" \/>\n\t<meta property=\"og:image:type\" content=\"image\/png\" \/>\n<meta name=\"twitter:card\" content=\"summary_large_image\" \/>\n<meta name=\"twitter:label1\" content=\"Szacowany czas czytania\" \/>\n\t<meta name=\"twitter:data1\" content=\"2 minuty\" \/>\n<script type=\"application\/ld+json\" class=\"yoast-schema-graph\">{\"@context\":\"https:\\\/\\\/schema.org\",\"@graph\":[{\"@type\":\"WebPage\",\"@id\":\"https:\\\/\\\/toidupakk.ee\\\/pl\\\/toode\\\/readywise-zestaw-zapasow-zywnosci-dania-glowne-120-posilkow-termin-przydatnosci-25-lat\\\/\",\"url\":\"https:\\\/\\\/toidupakk.ee\\\/pl\\\/toode\\\/readywise-zestaw-zapasow-zywnosci-dania-glowne-120-posilkow-termin-przydatnosci-25-lat\\\/\",\"name\":\"READYWISE\u00ae Zestaw zapas\u00f3w \u017cywno\u015bci 120 porcji - termin przydatno\u015bci 25 lat\",\"isPartOf\":{\"@id\":\"https:\\\/\\\/toidupakk.ee\\\/pl\\\/#website\"},\"primaryImageOfPage\":{\"@id\":\"https:\\\/\\\/toidupakk.ee\\\/pl\\\/toode\\\/readywise-zestaw-zapasow-zywnosci-dania-glowne-120-posilkow-termin-przydatnosci-25-lat\\\/#primaryimage\"},\"image\":{\"@id\":\"https:\\\/\\\/toidupakk.ee\\\/pl\\\/toode\\\/readywise-zestaw-zapasow-zywnosci-dania-glowne-120-posilkow-termin-przydatnosci-25-lat\\\/#primaryimage\"},\"thumbnailUrl\":\"https:\\\/\\\/toidupakk.ee\\\/wp-content\\\/uploads\\\/2023\\\/04\\\/readywise-pearoad-120.png\",\"datePublished\":\"2023-09-20T13:17:15+00:00\",\"dateModified\":\"2026-04-15T01:30:04+00:00\",\"description\":\"Zestaw \u017cywno\u015bci ReadyWise to wygodny i przyst\u0119pny spos\u00f3b na przygotowanie si\u0119 na niespodziewane sytuacje lub utrzymanie zapas\u00f3w na czas kryzysu.\",\"breadcrumb\":{\"@id\":\"https:\\\/\\\/toidupakk.ee\\\/pl\\\/toode\\\/readywise-zestaw-zapasow-zywnosci-dania-glowne-120-posilkow-termin-przydatnosci-25-lat\\\/#breadcrumb\"},\"inLanguage\":\"pl-PL\",\"potentialAction\":[{\"@type\":\"ReadAction\",\"target\":[\"https:\\\/\\\/toidupakk.ee\\\/pl\\\/toode\\\/readywise-zestaw-zapasow-zywnosci-dania-glowne-120-posilkow-termin-przydatnosci-25-lat\\\/\"]}]},{\"@type\":\"ImageObject\",\"inLanguage\":\"pl-PL\",\"@id\":\"https:\\\/\\\/toidupakk.ee\\\/pl\\\/toode\\\/readywise-zestaw-zapasow-zywnosci-dania-glowne-120-posilkow-termin-przydatnosci-25-lat\\\/#primaryimage\",\"url\":\"https:\\\/\\\/toidupakk.ee\\\/wp-content\\\/uploads\\\/2023\\\/04\\\/readywise-pearoad-120.png\",\"contentUrl\":\"https:\\\/\\\/toidupakk.ee\\\/wp-content\\\/uploads\\\/2023\\\/04\\\/readywise-pearoad-120.png\",\"width\":1080,\"height\":1080,\"caption\":\"ReadyWise dania g\u0142\u00f3wne 120 posi\u0142k\u00f3w\"},{\"@type\":\"BreadcrumbList\",\"@id\":\"https:\\\/\\\/toidupakk.ee\\\/pl\\\/toode\\\/readywise-zestaw-zapasow-zywnosci-dania-glowne-120-posilkow-termin-przydatnosci-25-lat\\\/#breadcrumb\",\"itemListElement\":[{\"@type\":\"ListItem\",\"position\":1,\"name\":\"Avaleht\",\"item\":\"https:\\\/\\\/toidupakk.ee\\\/pl\\\/\"},{\"@type\":\"ListItem\",\"position\":2,\"name\":\"Sklep internetowy\",\"item\":\"https:\\\/\\\/toidupakk.ee\\\/pl\\\/sklep-internetowy\\\/\"},{\"@type\":\"ListItem\",\"position\":3,\"name\":\"READYWISE\u00ae Zestaw zapas\u00f3w \u017cywno\u015bci &#8211; dania g\u0142\u00f3wne &#8211; 120 posi\u0142k\u00f3w &#8211; Termin przydatno\u015bci 25 lat\"}]},{\"@type\":\"WebSite\",\"@id\":\"https:\\\/\\\/toidupakk.ee\\\/pl\\\/#website\",\"url\":\"https:\\\/\\\/toidupakk.ee\\\/pl\\\/\",\"name\":\"Toidupakk.ee - Tactical Foodpack toidupakid\",\"description\":\"Tactical Foodpack k\u00fclmkuivatatud toidupakid ja matkaeined\",\"publisher\":{\"@id\":\"https:\\\/\\\/toidupakk.ee\\\/pl\\\/#organization\"},\"potentialAction\":[{\"@type\":\"SearchAction\",\"target\":{\"@type\":\"EntryPoint\",\"urlTemplate\":\"https:\\\/\\\/toidupakk.ee\\\/pl\\\/?s={search_term_string}\"},\"query-input\":{\"@type\":\"PropertyValueSpecification\",\"valueRequired\":true,\"valueName\":\"search_term_string\"}}],\"inLanguage\":\"pl-PL\"},{\"@type\":\"Organization\",\"@id\":\"https:\\\/\\\/toidupakk.ee\\\/pl\\\/#organization\",\"name\":\"Tactical Foodpack matkaeined\",\"url\":\"https:\\\/\\\/toidupakk.ee\\\/pl\\\/\",\"logo\":{\"@type\":\"ImageObject\",\"inLanguage\":\"pl-PL\",\"@id\":\"https:\\\/\\\/toidupakk.ee\\\/pl\\\/#\\\/schema\\\/logo\\\/image\\\/\",\"url\":\"https:\\\/\\\/toidupakk.ee\\\/wp-content\\\/uploads\\\/2022\\\/01\\\/Toidupakk-matkapood-logo-transparent.png\",\"contentUrl\":\"https:\\\/\\\/toidupakk.ee\\\/wp-content\\\/uploads\\\/2022\\\/01\\\/Toidupakk-matkapood-logo-transparent.png\",\"width\":500,\"height\":500,\"caption\":\"Tactical Foodpack matkaeined\"},\"image\":{\"@id\":\"https:\\\/\\\/toidupakk.ee\\\/pl\\\/#\\\/schema\\\/logo\\\/image\\\/\"},\"sameAs\":[\"https:\\\/\\\/www.facebook.com\\\/Toidupakk\",\"https:\\\/\\\/www.instagram.com\\\/toidupakk\\\/\"]}]}<\/script>\n<!-- \/ Yoast SEO plugin. -->","yoast_head_json":{"title":"READYWISE\u00ae Zestaw zapas\u00f3w \u017cywno\u015bci 120 porcji - termin przydatno\u015bci 25 lat","description":"Zestaw \u017cywno\u015bci ReadyWise to wygodny i przyst\u0119pny spos\u00f3b na przygotowanie si\u0119 na niespodziewane sytuacje lub utrzymanie zapas\u00f3w na czas kryzysu.","robots":{"index":"index","follow":"follow","max-snippet":"max-snippet:-1","max-image-preview":"max-image-preview:large","max-video-preview":"max-video-preview:-1"},"canonical":"https:\/\/toidupakk.ee\/pl\/toode\/readywise-zestaw-zapasow-zywnosci-dania-glowne-120-posilkow-termin-przydatnosci-25-lat\/","og_locale":"pl_PL","og_type":"article","og_title":"READYWISE\u00ae Zestaw zapas\u00f3w \u017cywno\u015bci 120 porcji - termin przydatno\u015bci 25 lat","og_description":"Zestaw \u017cywno\u015bci ReadyWise to wygodny i przyst\u0119pny spos\u00f3b na przygotowanie si\u0119 na niespodziewane sytuacje lub utrzymanie zapas\u00f3w na czas kryzysu.","og_url":"https:\/\/toidupakk.ee\/pl\/toode\/readywise-zestaw-zapasow-zywnosci-dania-glowne-120-posilkow-termin-przydatnosci-25-lat\/","og_site_name":"Toidupakk.ee - Tactical Foodpack toidupakid","article_publisher":"https:\/\/www.facebook.com\/Toidupakk","article_modified_time":"2026-04-15T01:30:04+00:00","og_image":[{"width":1080,"height":1080,"url":"https:\/\/toidupakk.ee\/wp-content\/uploads\/2023\/04\/readywise-pearoad-120.png","type":"image\/png"}],"twitter_card":"summary_large_image","twitter_misc":{"Szacowany czas czytania":"2 minuty"},"schema":{"@context":"https:\/\/schema.org","@graph":[{"@type":"WebPage","@id":"https:\/\/toidupakk.ee\/pl\/toode\/readywise-zestaw-zapasow-zywnosci-dania-glowne-120-posilkow-termin-przydatnosci-25-lat\/","url":"https:\/\/toidupakk.ee\/pl\/toode\/readywise-zestaw-zapasow-zywnosci-dania-glowne-120-posilkow-termin-przydatnosci-25-lat\/","name":"READYWISE\u00ae Zestaw zapas\u00f3w \u017cywno\u015bci 120 porcji - termin przydatno\u015bci 25 lat","isPartOf":{"@id":"https:\/\/toidupakk.ee\/pl\/#website"},"primaryImageOfPage":{"@id":"https:\/\/toidupakk.ee\/pl\/toode\/readywise-zestaw-zapasow-zywnosci-dania-glowne-120-posilkow-termin-przydatnosci-25-lat\/#primaryimage"},"image":{"@id":"https:\/\/toidupakk.ee\/pl\/toode\/readywise-zestaw-zapasow-zywnosci-dania-glowne-120-posilkow-termin-przydatnosci-25-lat\/#primaryimage"},"thumbnailUrl":"https:\/\/toidupakk.ee\/wp-content\/uploads\/2023\/04\/readywise-pearoad-120.png","datePublished":"2023-09-20T13:17:15+00:00","dateModified":"2026-04-15T01:30:04+00:00","description":"Zestaw \u017cywno\u015bci ReadyWise to wygodny i przyst\u0119pny spos\u00f3b na przygotowanie si\u0119 na niespodziewane sytuacje lub utrzymanie zapas\u00f3w na czas kryzysu.","breadcrumb":{"@id":"https:\/\/toidupakk.ee\/pl\/toode\/readywise-zestaw-zapasow-zywnosci-dania-glowne-120-posilkow-termin-przydatnosci-25-lat\/#breadcrumb"},"inLanguage":"pl-PL","potentialAction":[{"@type":"ReadAction","target":["https:\/\/toidupakk.ee\/pl\/toode\/readywise-zestaw-zapasow-zywnosci-dania-glowne-120-posilkow-termin-przydatnosci-25-lat\/"]}]},{"@type":"ImageObject","inLanguage":"pl-PL","@id":"https:\/\/toidupakk.ee\/pl\/toode\/readywise-zestaw-zapasow-zywnosci-dania-glowne-120-posilkow-termin-przydatnosci-25-lat\/#primaryimage","url":"https:\/\/toidupakk.ee\/wp-content\/uploads\/2023\/04\/readywise-pearoad-120.png","contentUrl":"https:\/\/toidupakk.ee\/wp-content\/uploads\/2023\/04\/readywise-pearoad-120.png","width":1080,"height":1080,"caption":"ReadyWise dania g\u0142\u00f3wne 120 posi\u0142k\u00f3w"},{"@type":"BreadcrumbList","@id":"https:\/\/toidupakk.ee\/pl\/toode\/readywise-zestaw-zapasow-zywnosci-dania-glowne-120-posilkow-termin-przydatnosci-25-lat\/#breadcrumb","itemListElement":[{"@type":"ListItem","position":1,"name":"Avaleht","item":"https:\/\/toidupakk.ee\/pl\/"},{"@type":"ListItem","position":2,"name":"Sklep internetowy","item":"https:\/\/toidupakk.ee\/pl\/sklep-internetowy\/"},{"@type":"ListItem","position":3,"name":"READYWISE\u00ae Zestaw zapas\u00f3w \u017cywno\u015bci &#8211; dania g\u0142\u00f3wne &#8211; 120 posi\u0142k\u00f3w &#8211; Termin przydatno\u015bci 25 lat"}]},{"@type":"WebSite","@id":"https:\/\/toidupakk.ee\/pl\/#website","url":"https:\/\/toidupakk.ee\/pl\/","name":"Toidupakk.ee - Tactical Foodpack toidupakid","description":"Tactical Foodpack k\u00fclmkuivatatud toidupakid ja matkaeined","publisher":{"@id":"https:\/\/toidupakk.ee\/pl\/#organization"},"potentialAction":[{"@type":"SearchAction","target":{"@type":"EntryPoint","urlTemplate":"https:\/\/toidupakk.ee\/pl\/?s={search_term_string}"},"query-input":{"@type":"PropertyValueSpecification","valueRequired":true,"valueName":"search_term_string"}}],"inLanguage":"pl-PL"},{"@type":"Organization","@id":"https:\/\/toidupakk.ee\/pl\/#organization","name":"Tactical Foodpack matkaeined","url":"https:\/\/toidupakk.ee\/pl\/","logo":{"@type":"ImageObject","inLanguage":"pl-PL","@id":"https:\/\/toidupakk.ee\/pl\/#\/schema\/logo\/image\/","url":"https:\/\/toidupakk.ee\/wp-content\/uploads\/2022\/01\/Toidupakk-matkapood-logo-transparent.png","contentUrl":"https:\/\/toidupakk.ee\/wp-content\/uploads\/2022\/01\/Toidupakk-matkapood-logo-transparent.png","width":500,"height":500,"caption":"Tactical Foodpack matkaeined"},"image":{"@id":"https:\/\/toidupakk.ee\/pl\/#\/schema\/logo\/image\/"},"sameAs":["https:\/\/www.facebook.com\/Toidupakk","https:\/\/www.instagram.com\/toidupakk\/"]}]}},"jetpack_sharing_enabled":true,"_links":{"self":[{"href":"https:\/\/toidupakk.ee\/pl\/wp-json\/wp\/v2\/product\/52465","targetHints":{"allow":["GET"]}}],"collection":[{"href":"https:\/\/toidupakk.ee\/pl\/wp-json\/wp\/v2\/product"}],"about":[{"href":"https:\/\/toidupakk.ee\/pl\/wp-json\/wp\/v2\/types\/product"}],"replies":[{"embeddable":true,"href":"https:\/\/toidupakk.ee\/pl\/wp-json\/wp\/v2\/comments?post=52465"}],"wp:featuredmedia":[{"embeddable":true,"href":"https:\/\/toidupakk.ee\/pl\/wp-json\/wp\/v2\/media\/52483"}],"wp:attachment":[{"href":"https:\/\/toidupakk.ee\/pl\/wp-json\/wp\/v2\/media?parent=52465"}],"wp:term":[{"taxonomy":"product_brand","embeddable":true,"href":"https:\/\/toidupakk.ee\/pl\/wp-json\/wp\/v2\/product_brand?post=52465"},{"taxonomy":"product_cat","embeddable":true,"href":"https:\/\/toidupakk.ee\/pl\/wp-json\/wp\/v2\/product_cat?post=52465"},{"taxonomy":"product_tag","embeddable":true,"href":"https:\/\/toidupakk.ee\/pl\/wp-json\/wp\/v2\/product_tag?post=52465"}],"curies":[{"name":"wp","href":"https:\/\/api.w.org\/{rel}","templated":true}]}}