{"id":52419,"date":"2023-09-04T13:20:42","date_gmt":"2023-09-04T10:20:42","guid":{"rendered":"https:\/\/toidupakk.ee\/toode\/torba-podrozna-na-kolkach-136-l\/"},"modified":"2026-04-29T15:31:57","modified_gmt":"2026-04-29T12:31:57","slug":"torba-podrozna-na-kolkach-136-l","status":"publish","type":"product","link":"https:\/\/toidupakk.ee\/pl\/toode\/torba-podrozna-na-kolkach-136-l\/","title":{"rendered":"Torba podr\u00f3\u017cna na k\u00f3\u0142kach 136 l"},"content":{"rendered":"<p><img decoding=\"async\" class=\"alignright wp-image-13558\" src=\"https:\/\/toidupakk.ee\/wp-content\/uploads\/2023\/09\/101inc.png\" alt=\"Logo 101INC\" width=\"150\" height=\"139\" srcset=\"https:\/\/toidupakk.ee\/wp-content\/uploads\/2023\/09\/101inc.png 324w, https:\/\/toidupakk.ee\/wp-content\/uploads\/2023\/09\/101inc-300x278.png 300w\" sizes=\"(max-width: 150px) 100vw, 150px\" \/><\/p>\n<p class=\"my-1 text-base\">Torba podr\u00f3\u017cna na k\u00f3\u0142kach marki 101 INC\u00ae to pojemny model wykonany w 100% z poliestru. Pomie\u015bci mn\u00f3stwo rzeczy, ma wymiary 80 x 45 x 38 cm i pojemno\u015b\u0107 ok. 136 litr\u00f3w. Jej waga ca\u0142kowita to oko\u0142o 4450 gram\u00f3w, dzi\u0119ki czemu jest lekka i \u0142atwa w transporcie.  <\/p>\n<p class=\"my-1 text-base\">Dzi\u0119ki k\u00f3\u0142kom to wygodne rozwi\u0105zanie w podr\u00f3\u017cy, pozwalaj\u0105ce na sprawne przemieszczanie si\u0119 po lotniskach czy dworcach. Torba oferuje wystarczaj\u0105co du\u017co miejsca na wszystkie niezb\u0119dne przedmioty i akcesoria. <\/p>\n<p class=\"my-1 text-base\">Torba podr\u00f3\u017cna na k\u00f3\u0142kach \u0142\u0105czy funkcjonalno\u015b\u0107 ze stylem i jest doskona\u0142ym wyborem dla os\u00f3b szukaj\u0105cych wytrzyma\u0142ego i praktycznego baga\u017cu.<\/p>\n<p>Zobacz tak\u017ce inne akcesoria turystyczne <a href=\"https:\/\/toidupakk.ee\/pl\/tootekategooria\/sprzet-turystyczny\/#section-3-79\">TUTAJ<\/a><\/p>\n<p>Interesuj\u0105 Ci\u0119 posi\u0142ki turystyczne? Zobacz <a href=\"\/?product_cat=snakk#section-3-79\">TUTAJ<\/a><\/p>\n<p>Znajd\u017a inspiracj\u0119 na kolejne przygody na <a href=\"https:\/\/www.instagram.com\/toidupakk\/\">Instagramie<\/a> i <a href=\"https:\/\/www.facebook.com\/Toidupakk\/\">Facebooku<\/a> Toidupakk.<\/p>\n","protected":false},"excerpt":{"rendered":"<p><strong>Pojemna, 136-litrowa torba podr\u00f3\u017cna na k\u00f3\u0142kach wykonana z mocnego i wytrzyma\u0142ego poliestru (100%). Stylowa i praktyczna, gdy potrzebujesz zabra\u0107 du\u017co baga\u017cu. <\/strong><\/p>\n<ul>\n<li>wymiary: 80 x 45 x 38 cm<\/li>\n<li>materia\u0142: 100% poliester<\/li>\n<li>pojemno\u015b\u0107: 136 litr\u00f3w<\/li>\n<li>waga: 4450 gram\u00f3w<\/li>\n<li>Marka: 101INC\u00ae<\/li>\n<li>Kolory: czarny, be\u017cowy, zielony lub wz\u00f3r kamufla\u017cu (moro)<\/li>\n<\/ul>\n<p>\u2705 Produkt w magazynie, szybka dostawa w 1\u20133 dni robocze. UWAGA! Przed zam\u00f3wieniem zapytaj o dost\u0119pno\u015b\u0107 produktu \u2013 czasami niekt\u00f3re warianty mog\u0105 zosta\u0107 wyprzedane.<br \/>\n\u2705 Kup teraz, zap\u0142a\u0107 p\u00f3\u017aniej (RRSO 0%)<\/p>\n","protected":false},"featured_media":13055,"comment_status":"open","ping_status":"closed","template":"","meta":{"_acf_changed":false},"product_brand":[],"product_cat":[303,311,301,310,372],"product_tag":[],"class_list":{"0":"post-52419","1":"product","2":"type-product","3":"status-publish","4":"has-post-thumbnail","6":"product_cat-akcesoria-turystyczne","7":"product_cat-praktyczne-pomysly-na-prezent","8":"product_cat-sprzet-turystyczny","9":"product_cat-torby","10":"product_cat-torby-podrozne","12":"first","13":"instock","14":"sale","15":"taxable","16":"shipping-taxable","17":"purchasable","18":"product-type-variable","19":"has-default-attributes"},"bundled_by":[],"bundle_stock_status":"instock","bundle_stock_quantity":null,"bundle_virtual":false,"bundle_layout":"","bundle_add_to_cart_form_location":"","bundle_editable_in_cart":false,"bundle_sold_individually_context":"","bundle_item_grouping":"","bundle_min_size":"","bundle_max_size":"","bundle_price":[],"bundled_items":[],"bundle_sell_ids":[],"acf":[],"yoast_head":"<!-- This site is optimized with the Yoast SEO plugin v27.3 - https:\/\/yoast.com\/product\/yoast-seo-wordpress\/ -->\n<title>Torba podr\u00f3\u017cna na k\u00f3\u0142kach 136 l<\/title>\n<meta name=\"description\" content=\"Pojemna, 136-litrowa torba podr\u00f3\u017cna na k\u00f3\u0142kach to stylowy i praktyczny wyb\u00f3r, gdy musisz zabra\u0107 ze sob\u0105 mn\u00f3stwo rzeczy. Wytrzyma\u0142y materia\u0142: 100% nylon.\" \/>\n<meta name=\"robots\" content=\"index, follow, max-snippet:-1, max-image-preview:large, max-video-preview:-1\" \/>\n<link rel=\"canonical\" href=\"https:\/\/toidupakk.ee\/pl\/toode\/torba-podrozna-na-kolkach-136-l\/\" \/>\n<meta property=\"og:locale\" content=\"pl_PL\" \/>\n<meta property=\"og:type\" content=\"article\" \/>\n<meta property=\"og:title\" content=\"Torba podr\u00f3\u017cna na k\u00f3\u0142kach 136 l\" \/>\n<meta property=\"og:description\" content=\"Pojemna, 136-litrowa torba podr\u00f3\u017cna na k\u00f3\u0142kach to stylowy i praktyczny wyb\u00f3r, gdy musisz zabra\u0107 ze sob\u0105 mn\u00f3stwo rzeczy. Wytrzyma\u0142y materia\u0142: 100% nylon.\" \/>\n<meta property=\"og:url\" content=\"https:\/\/toidupakk.ee\/pl\/toode\/torba-podrozna-na-kolkach-136-l\/\" \/>\n<meta property=\"og:site_name\" content=\"Toidupakk.ee - Tactical Foodpack toidupakid\" \/>\n<meta property=\"article:publisher\" content=\"https:\/\/www.facebook.com\/Toidupakk\" \/>\n<meta property=\"article:modified_time\" content=\"2026-04-29T12:31:57+00:00\" \/>\n<meta property=\"og:image\" content=\"https:\/\/toidupakk.ee\/wp-content\/uploads\/2023\/08\/Reisikott-ratastega-136L.png\" \/>\n\t<meta property=\"og:image:width\" content=\"1080\" \/>\n\t<meta property=\"og:image:height\" content=\"1080\" \/>\n\t<meta property=\"og:image:type\" content=\"image\/png\" \/>\n<meta name=\"twitter:card\" content=\"summary_large_image\" \/>\n<meta name=\"twitter:label1\" content=\"Szacowany czas czytania\" \/>\n\t<meta name=\"twitter:data1\" content=\"1 minuta\" \/>\n<script type=\"application\/ld+json\" class=\"yoast-schema-graph\">{\"@context\":\"https:\\\/\\\/schema.org\",\"@graph\":[{\"@type\":\"WebPage\",\"@id\":\"https:\\\/\\\/toidupakk.ee\\\/pl\\\/toode\\\/torba-podrozna-na-kolkach-136-l\\\/\",\"url\":\"https:\\\/\\\/toidupakk.ee\\\/pl\\\/toode\\\/torba-podrozna-na-kolkach-136-l\\\/\",\"name\":\"Torba podr\u00f3\u017cna na k\u00f3\u0142kach 136 l\",\"isPartOf\":{\"@id\":\"https:\\\/\\\/toidupakk.ee\\\/pl\\\/#website\"},\"primaryImageOfPage\":{\"@id\":\"https:\\\/\\\/toidupakk.ee\\\/pl\\\/toode\\\/torba-podrozna-na-kolkach-136-l\\\/#primaryimage\"},\"image\":{\"@id\":\"https:\\\/\\\/toidupakk.ee\\\/pl\\\/toode\\\/torba-podrozna-na-kolkach-136-l\\\/#primaryimage\"},\"thumbnailUrl\":\"https:\\\/\\\/toidupakk.ee\\\/wp-content\\\/uploads\\\/2023\\\/08\\\/Reisikott-ratastega-136L.png\",\"datePublished\":\"2023-09-04T10:20:42+00:00\",\"dateModified\":\"2026-04-29T12:31:57+00:00\",\"description\":\"Pojemna, 136-litrowa torba podr\u00f3\u017cna na k\u00f3\u0142kach to stylowy i praktyczny wyb\u00f3r, gdy musisz zabra\u0107 ze sob\u0105 mn\u00f3stwo rzeczy. Wytrzyma\u0142y materia\u0142: 100% nylon.\",\"breadcrumb\":{\"@id\":\"https:\\\/\\\/toidupakk.ee\\\/pl\\\/toode\\\/torba-podrozna-na-kolkach-136-l\\\/#breadcrumb\"},\"inLanguage\":\"pl-PL\",\"potentialAction\":[{\"@type\":\"ReadAction\",\"target\":[\"https:\\\/\\\/toidupakk.ee\\\/pl\\\/toode\\\/torba-podrozna-na-kolkach-136-l\\\/\"]}]},{\"@type\":\"ImageObject\",\"inLanguage\":\"pl-PL\",\"@id\":\"https:\\\/\\\/toidupakk.ee\\\/pl\\\/toode\\\/torba-podrozna-na-kolkach-136-l\\\/#primaryimage\",\"url\":\"https:\\\/\\\/toidupakk.ee\\\/wp-content\\\/uploads\\\/2023\\\/08\\\/Reisikott-ratastega-136L.png\",\"contentUrl\":\"https:\\\/\\\/toidupakk.ee\\\/wp-content\\\/uploads\\\/2023\\\/08\\\/Reisikott-ratastega-136L.png\",\"width\":1080,\"height\":1080,\"caption\":\"Reisikott ratastega 136L must\"},{\"@type\":\"BreadcrumbList\",\"@id\":\"https:\\\/\\\/toidupakk.ee\\\/pl\\\/toode\\\/torba-podrozna-na-kolkach-136-l\\\/#breadcrumb\",\"itemListElement\":[{\"@type\":\"ListItem\",\"position\":1,\"name\":\"Avaleht\",\"item\":\"https:\\\/\\\/toidupakk.ee\\\/pl\\\/\"},{\"@type\":\"ListItem\",\"position\":2,\"name\":\"Sklep internetowy\",\"item\":\"https:\\\/\\\/toidupakk.ee\\\/pl\\\/sklep-internetowy\\\/\"},{\"@type\":\"ListItem\",\"position\":3,\"name\":\"Torba podr\u00f3\u017cna na k\u00f3\u0142kach 136 l\"}]},{\"@type\":\"WebSite\",\"@id\":\"https:\\\/\\\/toidupakk.ee\\\/pl\\\/#website\",\"url\":\"https:\\\/\\\/toidupakk.ee\\\/pl\\\/\",\"name\":\"Toidupakk.ee - Tactical Foodpack toidupakid\",\"description\":\"Tactical Foodpack k\u00fclmkuivatatud toidupakid ja matkaeined\",\"publisher\":{\"@id\":\"https:\\\/\\\/toidupakk.ee\\\/pl\\\/#organization\"},\"potentialAction\":[{\"@type\":\"SearchAction\",\"target\":{\"@type\":\"EntryPoint\",\"urlTemplate\":\"https:\\\/\\\/toidupakk.ee\\\/pl\\\/?s={search_term_string}\"},\"query-input\":{\"@type\":\"PropertyValueSpecification\",\"valueRequired\":true,\"valueName\":\"search_term_string\"}}],\"inLanguage\":\"pl-PL\"},{\"@type\":\"Organization\",\"@id\":\"https:\\\/\\\/toidupakk.ee\\\/pl\\\/#organization\",\"name\":\"Tactical Foodpack matkaeined\",\"url\":\"https:\\\/\\\/toidupakk.ee\\\/pl\\\/\",\"logo\":{\"@type\":\"ImageObject\",\"inLanguage\":\"pl-PL\",\"@id\":\"https:\\\/\\\/toidupakk.ee\\\/pl\\\/#\\\/schema\\\/logo\\\/image\\\/\",\"url\":\"https:\\\/\\\/toidupakk.ee\\\/wp-content\\\/uploads\\\/2022\\\/01\\\/Toidupakk-matkapood-logo-transparent.png\",\"contentUrl\":\"https:\\\/\\\/toidupakk.ee\\\/wp-content\\\/uploads\\\/2022\\\/01\\\/Toidupakk-matkapood-logo-transparent.png\",\"width\":500,\"height\":500,\"caption\":\"Tactical Foodpack matkaeined\"},\"image\":{\"@id\":\"https:\\\/\\\/toidupakk.ee\\\/pl\\\/#\\\/schema\\\/logo\\\/image\\\/\"},\"sameAs\":[\"https:\\\/\\\/www.facebook.com\\\/Toidupakk\",\"https:\\\/\\\/www.instagram.com\\\/toidupakk\\\/\"]}]}<\/script>\n<!-- \/ Yoast SEO plugin. -->","yoast_head_json":{"title":"Torba podr\u00f3\u017cna na k\u00f3\u0142kach 136 l","description":"Pojemna, 136-litrowa torba podr\u00f3\u017cna na k\u00f3\u0142kach to stylowy i praktyczny wyb\u00f3r, gdy musisz zabra\u0107 ze sob\u0105 mn\u00f3stwo rzeczy. Wytrzyma\u0142y materia\u0142: 100% nylon.","robots":{"index":"index","follow":"follow","max-snippet":"max-snippet:-1","max-image-preview":"max-image-preview:large","max-video-preview":"max-video-preview:-1"},"canonical":"https:\/\/toidupakk.ee\/pl\/toode\/torba-podrozna-na-kolkach-136-l\/","og_locale":"pl_PL","og_type":"article","og_title":"Torba podr\u00f3\u017cna na k\u00f3\u0142kach 136 l","og_description":"Pojemna, 136-litrowa torba podr\u00f3\u017cna na k\u00f3\u0142kach to stylowy i praktyczny wyb\u00f3r, gdy musisz zabra\u0107 ze sob\u0105 mn\u00f3stwo rzeczy. Wytrzyma\u0142y materia\u0142: 100% nylon.","og_url":"https:\/\/toidupakk.ee\/pl\/toode\/torba-podrozna-na-kolkach-136-l\/","og_site_name":"Toidupakk.ee - Tactical Foodpack toidupakid","article_publisher":"https:\/\/www.facebook.com\/Toidupakk","article_modified_time":"2026-04-29T12:31:57+00:00","og_image":[{"width":1080,"height":1080,"url":"https:\/\/toidupakk.ee\/wp-content\/uploads\/2023\/08\/Reisikott-ratastega-136L.png","type":"image\/png"}],"twitter_card":"summary_large_image","twitter_misc":{"Szacowany czas czytania":"1 minuta"},"schema":{"@context":"https:\/\/schema.org","@graph":[{"@type":"WebPage","@id":"https:\/\/toidupakk.ee\/pl\/toode\/torba-podrozna-na-kolkach-136-l\/","url":"https:\/\/toidupakk.ee\/pl\/toode\/torba-podrozna-na-kolkach-136-l\/","name":"Torba podr\u00f3\u017cna na k\u00f3\u0142kach 136 l","isPartOf":{"@id":"https:\/\/toidupakk.ee\/pl\/#website"},"primaryImageOfPage":{"@id":"https:\/\/toidupakk.ee\/pl\/toode\/torba-podrozna-na-kolkach-136-l\/#primaryimage"},"image":{"@id":"https:\/\/toidupakk.ee\/pl\/toode\/torba-podrozna-na-kolkach-136-l\/#primaryimage"},"thumbnailUrl":"https:\/\/toidupakk.ee\/wp-content\/uploads\/2023\/08\/Reisikott-ratastega-136L.png","datePublished":"2023-09-04T10:20:42+00:00","dateModified":"2026-04-29T12:31:57+00:00","description":"Pojemna, 136-litrowa torba podr\u00f3\u017cna na k\u00f3\u0142kach to stylowy i praktyczny wyb\u00f3r, gdy musisz zabra\u0107 ze sob\u0105 mn\u00f3stwo rzeczy. Wytrzyma\u0142y materia\u0142: 100% nylon.","breadcrumb":{"@id":"https:\/\/toidupakk.ee\/pl\/toode\/torba-podrozna-na-kolkach-136-l\/#breadcrumb"},"inLanguage":"pl-PL","potentialAction":[{"@type":"ReadAction","target":["https:\/\/toidupakk.ee\/pl\/toode\/torba-podrozna-na-kolkach-136-l\/"]}]},{"@type":"ImageObject","inLanguage":"pl-PL","@id":"https:\/\/toidupakk.ee\/pl\/toode\/torba-podrozna-na-kolkach-136-l\/#primaryimage","url":"https:\/\/toidupakk.ee\/wp-content\/uploads\/2023\/08\/Reisikott-ratastega-136L.png","contentUrl":"https:\/\/toidupakk.ee\/wp-content\/uploads\/2023\/08\/Reisikott-ratastega-136L.png","width":1080,"height":1080,"caption":"Reisikott ratastega 136L must"},{"@type":"BreadcrumbList","@id":"https:\/\/toidupakk.ee\/pl\/toode\/torba-podrozna-na-kolkach-136-l\/#breadcrumb","itemListElement":[{"@type":"ListItem","position":1,"name":"Avaleht","item":"https:\/\/toidupakk.ee\/pl\/"},{"@type":"ListItem","position":2,"name":"Sklep internetowy","item":"https:\/\/toidupakk.ee\/pl\/sklep-internetowy\/"},{"@type":"ListItem","position":3,"name":"Torba podr\u00f3\u017cna na k\u00f3\u0142kach 136 l"}]},{"@type":"WebSite","@id":"https:\/\/toidupakk.ee\/pl\/#website","url":"https:\/\/toidupakk.ee\/pl\/","name":"Toidupakk.ee - Tactical Foodpack toidupakid","description":"Tactical Foodpack k\u00fclmkuivatatud toidupakid ja matkaeined","publisher":{"@id":"https:\/\/toidupakk.ee\/pl\/#organization"},"potentialAction":[{"@type":"SearchAction","target":{"@type":"EntryPoint","urlTemplate":"https:\/\/toidupakk.ee\/pl\/?s={search_term_string}"},"query-input":{"@type":"PropertyValueSpecification","valueRequired":true,"valueName":"search_term_string"}}],"inLanguage":"pl-PL"},{"@type":"Organization","@id":"https:\/\/toidupakk.ee\/pl\/#organization","name":"Tactical Foodpack matkaeined","url":"https:\/\/toidupakk.ee\/pl\/","logo":{"@type":"ImageObject","inLanguage":"pl-PL","@id":"https:\/\/toidupakk.ee\/pl\/#\/schema\/logo\/image\/","url":"https:\/\/toidupakk.ee\/wp-content\/uploads\/2022\/01\/Toidupakk-matkapood-logo-transparent.png","contentUrl":"https:\/\/toidupakk.ee\/wp-content\/uploads\/2022\/01\/Toidupakk-matkapood-logo-transparent.png","width":500,"height":500,"caption":"Tactical Foodpack matkaeined"},"image":{"@id":"https:\/\/toidupakk.ee\/pl\/#\/schema\/logo\/image\/"},"sameAs":["https:\/\/www.facebook.com\/Toidupakk","https:\/\/www.instagram.com\/toidupakk\/"]}]}},"jetpack_sharing_enabled":true,"_links":{"self":[{"href":"https:\/\/toidupakk.ee\/pl\/wp-json\/wp\/v2\/product\/52419","targetHints":{"allow":["GET"]}}],"collection":[{"href":"https:\/\/toidupakk.ee\/pl\/wp-json\/wp\/v2\/product"}],"about":[{"href":"https:\/\/toidupakk.ee\/pl\/wp-json\/wp\/v2\/types\/product"}],"replies":[{"embeddable":true,"href":"https:\/\/toidupakk.ee\/pl\/wp-json\/wp\/v2\/comments?post=52419"}],"wp:featuredmedia":[{"embeddable":true,"href":"https:\/\/toidupakk.ee\/pl\/wp-json\/wp\/v2\/media\/13055"}],"wp:attachment":[{"href":"https:\/\/toidupakk.ee\/pl\/wp-json\/wp\/v2\/media?parent=52419"}],"wp:term":[{"taxonomy":"product_brand","embeddable":true,"href":"https:\/\/toidupakk.ee\/pl\/wp-json\/wp\/v2\/product_brand?post=52419"},{"taxonomy":"product_cat","embeddable":true,"href":"https:\/\/toidupakk.ee\/pl\/wp-json\/wp\/v2\/product_cat?post=52419"},{"taxonomy":"product_tag","embeddable":true,"href":"https:\/\/toidupakk.ee\/pl\/wp-json\/wp\/v2\/product_tag?post=52419"}],"curies":[{"name":"wp","href":"https:\/\/api.w.org\/{rel}","templated":true}]}}