{"id":52375,"date":"2023-09-04T12:46:39","date_gmt":"2023-09-04T09:46:39","guid":{"rendered":"https:\/\/toidupakk.ee\/toode\/spiwor-kansas-190-czerwony\/"},"modified":"2026-04-29T16:31:15","modified_gmt":"2026-04-29T13:31:15","slug":"spiwor-kansas-190-czerwony","status":"publish","type":"product","link":"https:\/\/toidupakk.ee\/pl\/toode\/spiwor-kansas-190-czerwony\/","title":{"rendered":"\u015apiw\u00f3r Kansas 190 (czerwony)"},"content":{"rendered":"<p>\u015apiw\u00f3r Kansas 190 to wygodny i wszechstronny \u015bpiw\u00f3r przeznaczony na trzy pory roku, kt\u00f3ry zapewni Ci ciep\u0142o nawet przy ni\u017cszych temperaturach. \u015apiw\u00f3r ma w\u0105ski i wygodny kszta\u0142t mumii, co ogranicza ilo\u015b\u0107 zb\u0119dnego powietrza wewn\u0105trz, pozwalaj\u0105c na szybkie ogrzanie go ciep\u0142em w\u0142asnego cia\u0142a. Du\u017cy kaptur zapewnia dodatkowy komfort i mo\u017cna go zaci\u0105gn\u0105\u0107 w mro\u017ane noce, aby utrzyma\u0107 ciep\u0142o g\u0142owy i unikn\u0105\u0107 przezi\u0119bienia.  <\/p>\n<p><img fetchpriority=\"high\" decoding=\"async\" class=\"size-medium wp-image-11358 alignright\" src=\"https:\/\/toidupakk.ee\/wp-content\/uploads\/2023\/07\/Magamiskott-Kansas-190-2-300x300.jpeg\" alt=\"\u015apiw\u00f3r Kansas 190 2\" width=\"300\" height=\"300\" srcset=\"https:\/\/toidupakk.ee\/wp-content\/uploads\/2023\/07\/Magamiskott-Kansas-190-2-300x300.jpeg 300w, https:\/\/toidupakk.ee\/wp-content\/uploads\/2023\/07\/Magamiskott-Kansas-190-2-400x400.jpeg 400w, https:\/\/toidupakk.ee\/wp-content\/uploads\/2023\/07\/Magamiskott-Kansas-190-2-100x100.jpeg 100w, https:\/\/toidupakk.ee\/wp-content\/uploads\/2023\/07\/Magamiskott-Kansas-190-2-800x800.jpeg 800w, https:\/\/toidupakk.ee\/wp-content\/uploads\/2023\/07\/Magamiskott-Kansas-190-2-1024x1024.jpeg 1024w, https:\/\/toidupakk.ee\/wp-content\/uploads\/2023\/07\/Magamiskott-Kansas-190-2-500x500.jpeg 500w, https:\/\/toidupakk.ee\/wp-content\/uploads\/2023\/07\/Magamiskott-Kansas-190-2-768x768.jpeg 768w, https:\/\/toidupakk.ee\/wp-content\/uploads\/2023\/07\/Magamiskott-Kansas-190-2.jpeg 1200w\" sizes=\"(max-width: 300px) 100vw, 300px\" \/><\/p>\n<p>\u015apiw\u00f3r Kansas 190 jest lekki i zajmuje ma\u0142o miejsca, dzi\u0119ki czemu jest \u0142atwy w transporcie i idealny na w\u0119dr\u00f3wki lub podr\u00f3\u017ce. Wytrzyma\u0142y materia\u0142 zewn\u0119trzny ripstop zapewnia trwa\u0142o\u015b\u0107 i wysok\u0105 odporno\u015b\u0107 na rozdarcia, gwarantuj\u0105c d\u0142ugotrwa\u0142e u\u017cytkowanie. Poliestrowa wy\u015bci\u00f3\u0142ka z mikrofibry szybko schnie i jest mi\u0119kka w dotyku, co zwi\u0119ksza komfort u\u017cytkowania.  <\/p>\n<p><img decoding=\"async\" class=\"alignnone wp-image-11348 size-medium\" src=\"https:\/\/toidupakk.ee\/wp-content\/uploads\/2023\/07\/grandcanyon-logo-300x189.png\" alt=\"\" width=\"300\" height=\"189\" srcset=\"https:\/\/toidupakk.ee\/wp-content\/uploads\/2023\/07\/grandcanyon-logo-300x189.png 300w, https:\/\/toidupakk.ee\/wp-content\/uploads\/2023\/07\/grandcanyon-logo.png 340w\" sizes=\"(max-width: 300px) 100vw, 300px\" \/><\/p>\n<p>\u015apiw\u00f3r wyposa\u017cony jest w zamek b\u0142yskawiczny na ca\u0142ej d\u0142ugo\u015bci, kt\u00f3ry pozwala na jego ca\u0142kowite rozpi\u0119cie. Dzi\u0119ki temu w ciep\u0142e noce lub w pomieszczeniach mo\u017ce s\u0142u\u017cy\u0107 jako ko\u0142dra. Dodatkowo dost\u0119pnych jest kilka wersji kolorystycznych, aby\u015b m\u00f3g\u0142 wybra\u0107 \u015bpiw\u00f3r odpowiadaj\u0105cy Twoim preferencjom.  <\/p>\n<p>Sprawd\u017a inne akcesoria turystyczne <a href=\"https:\/\/toidupakk.ee\/pl\/tootekategooria\/sprzet-turystyczny\/#section-3-79\">TUTAJ<\/a><\/p>\n<p>Interesuj\u0105 Ci\u0119 posi\u0142ki turystyczne? Zobacz <a href=\"\/?product_cat=snakk#section-3-79\">TUTAJ<\/a><\/p>\n<p>Znajd\u017a inspiracj\u0119 na kolejne przygody na <a href=\"https:\/\/www.instagram.com\/toidupakk\/\">Instagramie<\/a> i <a href=\"https:\/\/www.facebook.com\/Toidupakk\/\">Facebooku<\/a> Toidupakk.<\/p>\n","protected":false},"excerpt":{"rendered":"<p>Planujesz nocleg w namiocie przy ch\u0142odniejszej pogodzie? \u015apiw\u00f3r Kansas 190 to solidny \u015bpiw\u00f3r 3-sezonowy, kt\u00f3ry zapewni Ci ciep\u0142o nawet w ch\u0142odne dni. Ciep\u0142y i mi\u0119kki \u015bpiw\u00f3r typu mumia szybko nagrzewa si\u0119 od ciep\u0142a Twojego cia\u0142a i utrzymuje je przez d\u0142ugi czas. Mi\u0119kka wy\u015bci\u00f3\u0142ka wewn\u0119trzna z mikrofibry oraz kaptur gwarantuj\u0105 wysok\u0105 jako\u015b\u0107 snu.   <\/p>\n<p><img decoding=\"async\" class=\"alignnone wp-image-11348\" src=\"https:\/\/toidupakk.ee\/wp-content\/uploads\/2023\/07\/grandcanyon-logo.png\" alt=\"\" width=\"150\" height=\"94\" srcset=\"https:\/\/toidupakk.ee\/wp-content\/uploads\/2023\/07\/grandcanyon-logo.png 340w, https:\/\/toidupakk.ee\/wp-content\/uploads\/2023\/07\/grandcanyon-logo-300x189.png 300w\" sizes=\"(max-width: 150px) 100vw, 150px\" \/><\/p>\n<ul>\n<li><strong>Temperatura:<\/strong> extreme -16\u00b0C \/ limit 0\u00b0C \/ comfort 5\u00b0C<\/li>\n<li><strong>D\u0142ugo\u015b\u0107 \u015bpiwora:<\/strong> 210 cm<\/li>\n<li><strong>Szeroko\u015b\u0107 w ramionach:<\/strong> 80 cm<\/li>\n<li><strong>Szeroko\u015b\u0107 w nogach:<\/strong> 55 cm<\/li>\n<li><strong>Po spakowaniu:<\/strong> 27 x 42 cm<\/li>\n<li><strong>Waga:<\/strong> 1750 gram\u00f3w<\/li>\n<li><strong>Materia\u0142:<\/strong> poliester 70D 210T Rip-stop<\/li>\n<li><strong>Wype\u0142nienie:<\/strong> puste w\u0142\u00f3kno mikropoliestrowe<\/li>\n<li><strong>Zamek:<\/strong> zamek na ca\u0142ej d\u0142ugo\u015bci<\/li>\n<li><strong>Kolor:<\/strong> czerwony<\/li>\n<\/ul>\n<p>\u2705 Dost\u0119pne w magazynie, szybka dostawa w 1-3 dni robocze<br \/>\u2705 Kup teraz, zap\u0142a\u0107 p\u00f3\u017aniej (RRSO 0%)<\/p>\n","protected":false},"featured_media":13259,"comment_status":"open","ping_status":"closed","template":"","meta":{"_acf_changed":false},"product_brand":[],"product_cat":[303,314,331,301],"product_tag":[],"class_list":{"0":"post-52375","1":"product","2":"type-product","3":"status-publish","4":"has-post-thumbnail","6":"product_cat-akcesoria-turystyczne","7":"product_cat-nocowanie-w-naturze","8":"product_cat-spiwory","9":"product_cat-sprzet-turystyczny","11":"first","12":"outofstock","13":"taxable","14":"shipping-taxable","15":"purchasable","16":"product-type-simple"},"bundled_by":[],"bundle_stock_status":"outofstock","bundle_stock_quantity":0,"bundle_virtual":false,"bundle_layout":"","bundle_add_to_cart_form_location":"","bundle_editable_in_cart":false,"bundle_sold_individually_context":"","bundle_item_grouping":"","bundle_min_size":"","bundle_max_size":"","bundle_price":[],"bundled_items":[],"bundle_sell_ids":[],"acf":[],"yoast_head":"<!-- This site is optimized with the Yoast SEO plugin v27.3 - https:\/\/yoast.com\/product\/yoast-seo-wordpress\/ -->\n<title>\u015apiw\u00f3r Kansas 190 (czerwony)<\/title>\n<meta name=\"description\" content=\"\u015apiw\u00f3r Kansas 190 to \u015bpiw\u00f3r 3-sezonowy, kt\u00f3ry zapewni Ci ciep\u0142o nawet w ch\u0142odniejsze dni. Ciep\u0142y i mi\u0119kki \u015bpiw\u00f3r typu mumia z wy\u015bci\u00f3\u0142k\u0105 z mikrofibry.\" \/>\n<meta name=\"robots\" content=\"index, follow, max-snippet:-1, max-image-preview:large, max-video-preview:-1\" \/>\n<link rel=\"canonical\" href=\"https:\/\/toidupakk.ee\/pl\/toode\/spiwor-kansas-190-czerwony\/\" \/>\n<meta property=\"og:locale\" content=\"pl_PL\" \/>\n<meta property=\"og:type\" content=\"article\" \/>\n<meta property=\"og:title\" content=\"\u015apiw\u00f3r Kansas 190 (czerwony)\" \/>\n<meta property=\"og:description\" content=\"\u015apiw\u00f3r Kansas 190 to \u015bpiw\u00f3r 3-sezonowy, kt\u00f3ry zapewni Ci ciep\u0142o nawet w ch\u0142odniejsze dni. Ciep\u0142y i mi\u0119kki \u015bpiw\u00f3r typu mumia z wy\u015bci\u00f3\u0142k\u0105 z mikrofibry.\" \/>\n<meta property=\"og:url\" content=\"https:\/\/toidupakk.ee\/pl\/toode\/spiwor-kansas-190-czerwony\/\" \/>\n<meta property=\"og:site_name\" content=\"Toidupakk.ee - Tactical Foodpack toidupakid\" \/>\n<meta property=\"article:publisher\" content=\"https:\/\/www.facebook.com\/Toidupakk\" \/>\n<meta property=\"article:modified_time\" content=\"2026-04-29T13:31:15+00:00\" \/>\n<meta property=\"og:image\" content=\"https:\/\/toidupakk.ee\/wp-content\/uploads\/2023\/08\/Magamiskott-Kansas-1901.png\" \/>\n\t<meta property=\"og:image:width\" content=\"1080\" \/>\n\t<meta property=\"og:image:height\" content=\"1080\" \/>\n\t<meta property=\"og:image:type\" content=\"image\/png\" \/>\n<meta name=\"twitter:card\" content=\"summary_large_image\" \/>\n<meta name=\"twitter:label1\" content=\"Szacowany czas czytania\" \/>\n\t<meta name=\"twitter:data1\" content=\"1 minuta\" \/>\n<script type=\"application\/ld+json\" class=\"yoast-schema-graph\">{\"@context\":\"https:\\\/\\\/schema.org\",\"@graph\":[{\"@type\":\"WebPage\",\"@id\":\"https:\\\/\\\/toidupakk.ee\\\/pl\\\/toode\\\/spiwor-kansas-190-czerwony\\\/\",\"url\":\"https:\\\/\\\/toidupakk.ee\\\/pl\\\/toode\\\/spiwor-kansas-190-czerwony\\\/\",\"name\":\"\u015apiw\u00f3r Kansas 190 (czerwony)\",\"isPartOf\":{\"@id\":\"https:\\\/\\\/toidupakk.ee\\\/pl\\\/#website\"},\"primaryImageOfPage\":{\"@id\":\"https:\\\/\\\/toidupakk.ee\\\/pl\\\/toode\\\/spiwor-kansas-190-czerwony\\\/#primaryimage\"},\"image\":{\"@id\":\"https:\\\/\\\/toidupakk.ee\\\/pl\\\/toode\\\/spiwor-kansas-190-czerwony\\\/#primaryimage\"},\"thumbnailUrl\":\"https:\\\/\\\/toidupakk.ee\\\/wp-content\\\/uploads\\\/2023\\\/08\\\/Magamiskott-Kansas-1901.png\",\"datePublished\":\"2023-09-04T09:46:39+00:00\",\"dateModified\":\"2026-04-29T13:31:15+00:00\",\"description\":\"\u015apiw\u00f3r Kansas 190 to \u015bpiw\u00f3r 3-sezonowy, kt\u00f3ry zapewni Ci ciep\u0142o nawet w ch\u0142odniejsze dni. Ciep\u0142y i mi\u0119kki \u015bpiw\u00f3r typu mumia z wy\u015bci\u00f3\u0142k\u0105 z mikrofibry.\",\"breadcrumb\":{\"@id\":\"https:\\\/\\\/toidupakk.ee\\\/pl\\\/toode\\\/spiwor-kansas-190-czerwony\\\/#breadcrumb\"},\"inLanguage\":\"pl-PL\",\"potentialAction\":[{\"@type\":\"ReadAction\",\"target\":[\"https:\\\/\\\/toidupakk.ee\\\/pl\\\/toode\\\/spiwor-kansas-190-czerwony\\\/\"]}]},{\"@type\":\"ImageObject\",\"inLanguage\":\"pl-PL\",\"@id\":\"https:\\\/\\\/toidupakk.ee\\\/pl\\\/toode\\\/spiwor-kansas-190-czerwony\\\/#primaryimage\",\"url\":\"https:\\\/\\\/toidupakk.ee\\\/wp-content\\\/uploads\\\/2023\\\/08\\\/Magamiskott-Kansas-1901.png\",\"contentUrl\":\"https:\\\/\\\/toidupakk.ee\\\/wp-content\\\/uploads\\\/2023\\\/08\\\/Magamiskott-Kansas-1901.png\",\"width\":1080,\"height\":1080,\"caption\":\"Magamiskott Kansas 190 1\"},{\"@type\":\"BreadcrumbList\",\"@id\":\"https:\\\/\\\/toidupakk.ee\\\/pl\\\/toode\\\/spiwor-kansas-190-czerwony\\\/#breadcrumb\",\"itemListElement\":[{\"@type\":\"ListItem\",\"position\":1,\"name\":\"Avaleht\",\"item\":\"https:\\\/\\\/toidupakk.ee\\\/pl\\\/\"},{\"@type\":\"ListItem\",\"position\":2,\"name\":\"Sklep internetowy\",\"item\":\"https:\\\/\\\/toidupakk.ee\\\/pl\\\/sklep-internetowy\\\/\"},{\"@type\":\"ListItem\",\"position\":3,\"name\":\"\u015apiw\u00f3r Kansas 190 (czerwony)\"}]},{\"@type\":\"WebSite\",\"@id\":\"https:\\\/\\\/toidupakk.ee\\\/pl\\\/#website\",\"url\":\"https:\\\/\\\/toidupakk.ee\\\/pl\\\/\",\"name\":\"Toidupakk.ee - Tactical Foodpack toidupakid\",\"description\":\"Tactical Foodpack k\u00fclmkuivatatud toidupakid ja matkaeined\",\"publisher\":{\"@id\":\"https:\\\/\\\/toidupakk.ee\\\/pl\\\/#organization\"},\"potentialAction\":[{\"@type\":\"SearchAction\",\"target\":{\"@type\":\"EntryPoint\",\"urlTemplate\":\"https:\\\/\\\/toidupakk.ee\\\/pl\\\/?s={search_term_string}\"},\"query-input\":{\"@type\":\"PropertyValueSpecification\",\"valueRequired\":true,\"valueName\":\"search_term_string\"}}],\"inLanguage\":\"pl-PL\"},{\"@type\":\"Organization\",\"@id\":\"https:\\\/\\\/toidupakk.ee\\\/pl\\\/#organization\",\"name\":\"Tactical Foodpack matkaeined\",\"url\":\"https:\\\/\\\/toidupakk.ee\\\/pl\\\/\",\"logo\":{\"@type\":\"ImageObject\",\"inLanguage\":\"pl-PL\",\"@id\":\"https:\\\/\\\/toidupakk.ee\\\/pl\\\/#\\\/schema\\\/logo\\\/image\\\/\",\"url\":\"https:\\\/\\\/toidupakk.ee\\\/wp-content\\\/uploads\\\/2022\\\/01\\\/Toidupakk-matkapood-logo-transparent.png\",\"contentUrl\":\"https:\\\/\\\/toidupakk.ee\\\/wp-content\\\/uploads\\\/2022\\\/01\\\/Toidupakk-matkapood-logo-transparent.png\",\"width\":500,\"height\":500,\"caption\":\"Tactical Foodpack matkaeined\"},\"image\":{\"@id\":\"https:\\\/\\\/toidupakk.ee\\\/pl\\\/#\\\/schema\\\/logo\\\/image\\\/\"},\"sameAs\":[\"https:\\\/\\\/www.facebook.com\\\/Toidupakk\",\"https:\\\/\\\/www.instagram.com\\\/toidupakk\\\/\"]}]}<\/script>\n<!-- \/ Yoast SEO plugin. -->","yoast_head_json":{"title":"\u015apiw\u00f3r Kansas 190 (czerwony)","description":"\u015apiw\u00f3r Kansas 190 to \u015bpiw\u00f3r 3-sezonowy, kt\u00f3ry zapewni Ci ciep\u0142o nawet w ch\u0142odniejsze dni. Ciep\u0142y i mi\u0119kki \u015bpiw\u00f3r typu mumia z wy\u015bci\u00f3\u0142k\u0105 z mikrofibry.","robots":{"index":"index","follow":"follow","max-snippet":"max-snippet:-1","max-image-preview":"max-image-preview:large","max-video-preview":"max-video-preview:-1"},"canonical":"https:\/\/toidupakk.ee\/pl\/toode\/spiwor-kansas-190-czerwony\/","og_locale":"pl_PL","og_type":"article","og_title":"\u015apiw\u00f3r Kansas 190 (czerwony)","og_description":"\u015apiw\u00f3r Kansas 190 to \u015bpiw\u00f3r 3-sezonowy, kt\u00f3ry zapewni Ci ciep\u0142o nawet w ch\u0142odniejsze dni. Ciep\u0142y i mi\u0119kki \u015bpiw\u00f3r typu mumia z wy\u015bci\u00f3\u0142k\u0105 z mikrofibry.","og_url":"https:\/\/toidupakk.ee\/pl\/toode\/spiwor-kansas-190-czerwony\/","og_site_name":"Toidupakk.ee - Tactical Foodpack toidupakid","article_publisher":"https:\/\/www.facebook.com\/Toidupakk","article_modified_time":"2026-04-29T13:31:15+00:00","og_image":[{"width":1080,"height":1080,"url":"https:\/\/toidupakk.ee\/wp-content\/uploads\/2023\/08\/Magamiskott-Kansas-1901.png","type":"image\/png"}],"twitter_card":"summary_large_image","twitter_misc":{"Szacowany czas czytania":"1 minuta"},"schema":{"@context":"https:\/\/schema.org","@graph":[{"@type":"WebPage","@id":"https:\/\/toidupakk.ee\/pl\/toode\/spiwor-kansas-190-czerwony\/","url":"https:\/\/toidupakk.ee\/pl\/toode\/spiwor-kansas-190-czerwony\/","name":"\u015apiw\u00f3r Kansas 190 (czerwony)","isPartOf":{"@id":"https:\/\/toidupakk.ee\/pl\/#website"},"primaryImageOfPage":{"@id":"https:\/\/toidupakk.ee\/pl\/toode\/spiwor-kansas-190-czerwony\/#primaryimage"},"image":{"@id":"https:\/\/toidupakk.ee\/pl\/toode\/spiwor-kansas-190-czerwony\/#primaryimage"},"thumbnailUrl":"https:\/\/toidupakk.ee\/wp-content\/uploads\/2023\/08\/Magamiskott-Kansas-1901.png","datePublished":"2023-09-04T09:46:39+00:00","dateModified":"2026-04-29T13:31:15+00:00","description":"\u015apiw\u00f3r Kansas 190 to \u015bpiw\u00f3r 3-sezonowy, kt\u00f3ry zapewni Ci ciep\u0142o nawet w ch\u0142odniejsze dni. Ciep\u0142y i mi\u0119kki \u015bpiw\u00f3r typu mumia z wy\u015bci\u00f3\u0142k\u0105 z mikrofibry.","breadcrumb":{"@id":"https:\/\/toidupakk.ee\/pl\/toode\/spiwor-kansas-190-czerwony\/#breadcrumb"},"inLanguage":"pl-PL","potentialAction":[{"@type":"ReadAction","target":["https:\/\/toidupakk.ee\/pl\/toode\/spiwor-kansas-190-czerwony\/"]}]},{"@type":"ImageObject","inLanguage":"pl-PL","@id":"https:\/\/toidupakk.ee\/pl\/toode\/spiwor-kansas-190-czerwony\/#primaryimage","url":"https:\/\/toidupakk.ee\/wp-content\/uploads\/2023\/08\/Magamiskott-Kansas-1901.png","contentUrl":"https:\/\/toidupakk.ee\/wp-content\/uploads\/2023\/08\/Magamiskott-Kansas-1901.png","width":1080,"height":1080,"caption":"Magamiskott Kansas 190 1"},{"@type":"BreadcrumbList","@id":"https:\/\/toidupakk.ee\/pl\/toode\/spiwor-kansas-190-czerwony\/#breadcrumb","itemListElement":[{"@type":"ListItem","position":1,"name":"Avaleht","item":"https:\/\/toidupakk.ee\/pl\/"},{"@type":"ListItem","position":2,"name":"Sklep internetowy","item":"https:\/\/toidupakk.ee\/pl\/sklep-internetowy\/"},{"@type":"ListItem","position":3,"name":"\u015apiw\u00f3r Kansas 190 (czerwony)"}]},{"@type":"WebSite","@id":"https:\/\/toidupakk.ee\/pl\/#website","url":"https:\/\/toidupakk.ee\/pl\/","name":"Toidupakk.ee - Tactical Foodpack toidupakid","description":"Tactical Foodpack k\u00fclmkuivatatud toidupakid ja matkaeined","publisher":{"@id":"https:\/\/toidupakk.ee\/pl\/#organization"},"potentialAction":[{"@type":"SearchAction","target":{"@type":"EntryPoint","urlTemplate":"https:\/\/toidupakk.ee\/pl\/?s={search_term_string}"},"query-input":{"@type":"PropertyValueSpecification","valueRequired":true,"valueName":"search_term_string"}}],"inLanguage":"pl-PL"},{"@type":"Organization","@id":"https:\/\/toidupakk.ee\/pl\/#organization","name":"Tactical Foodpack matkaeined","url":"https:\/\/toidupakk.ee\/pl\/","logo":{"@type":"ImageObject","inLanguage":"pl-PL","@id":"https:\/\/toidupakk.ee\/pl\/#\/schema\/logo\/image\/","url":"https:\/\/toidupakk.ee\/wp-content\/uploads\/2022\/01\/Toidupakk-matkapood-logo-transparent.png","contentUrl":"https:\/\/toidupakk.ee\/wp-content\/uploads\/2022\/01\/Toidupakk-matkapood-logo-transparent.png","width":500,"height":500,"caption":"Tactical Foodpack matkaeined"},"image":{"@id":"https:\/\/toidupakk.ee\/pl\/#\/schema\/logo\/image\/"},"sameAs":["https:\/\/www.facebook.com\/Toidupakk","https:\/\/www.instagram.com\/toidupakk\/"]}]}},"jetpack_sharing_enabled":true,"_links":{"self":[{"href":"https:\/\/toidupakk.ee\/pl\/wp-json\/wp\/v2\/product\/52375","targetHints":{"allow":["GET"]}}],"collection":[{"href":"https:\/\/toidupakk.ee\/pl\/wp-json\/wp\/v2\/product"}],"about":[{"href":"https:\/\/toidupakk.ee\/pl\/wp-json\/wp\/v2\/types\/product"}],"replies":[{"embeddable":true,"href":"https:\/\/toidupakk.ee\/pl\/wp-json\/wp\/v2\/comments?post=52375"}],"wp:featuredmedia":[{"embeddable":true,"href":"https:\/\/toidupakk.ee\/pl\/wp-json\/wp\/v2\/media\/13259"}],"wp:attachment":[{"href":"https:\/\/toidupakk.ee\/pl\/wp-json\/wp\/v2\/media?parent=52375"}],"wp:term":[{"taxonomy":"product_brand","embeddable":true,"href":"https:\/\/toidupakk.ee\/pl\/wp-json\/wp\/v2\/product_brand?post=52375"},{"taxonomy":"product_cat","embeddable":true,"href":"https:\/\/toidupakk.ee\/pl\/wp-json\/wp\/v2\/product_cat?post=52375"},{"taxonomy":"product_tag","embeddable":true,"href":"https:\/\/toidupakk.ee\/pl\/wp-json\/wp\/v2\/product_tag?post=52375"}],"curies":[{"name":"wp","href":"https:\/\/api.w.org\/{rel}","templated":true}]}}