{"id":52370,"date":"2023-09-18T15:56:49","date_gmt":"2023-09-18T12:56:49","guid":{"rendered":"https:\/\/toidupakk.ee\/toode\/ogrzewacz-do-plecow-thermopad\/"},"modified":"2026-04-04T04:01:24","modified_gmt":"2026-04-04T01:01:24","slug":"ogrzewacz-do-plecow-thermopad","status":"publish","type":"product","link":"https:\/\/toidupakk.ee\/pl\/toode\/ogrzewacz-do-plecow-thermopad\/","title":{"rendered":"Ogrzewacz do plec\u00f3w Thermopad"},"content":{"rendered":"<h1>Ogrzewacze do plec\u00f3w Thermopad \u2013 instrukcja obs\u0142ugi<\/h1>\n<p>Otw\u00f3rz opakowanie, zdejmij papier ochronny z cz\u0119\u015bci samoprzylepnej ogrzewacza i odczekaj kilka minut na aktywacj\u0119 tlenem. Przyklej ogrzewacz do zewn\u0119trznej strony ubrania przylegaj\u0105cego do cia\u0142a. Idealne miejsce to g\u00f3rna cz\u0119\u015b\u0107 plec\u00f3w lub kark. Ogrzewacz osi\u0105ga maksymaln\u0105 temperatur\u0119 w zaledwie kilka minut.<br \/>\nPo jednorazowym u\u017cyciu wyrzu\u0107 wystyg\u0142y ogrzewacz do odpad\u00f3w zmieszanych.   <\/p>\n<p>&nbsp;<\/p>\n<p><img fetchpriority=\"high\" decoding=\"async\" class=\"alignright wp-image-14069 size-thumbnail\" src=\"https:\/\/toidupakk.ee\/wp-content\/uploads\/2023\/01\/Seljasoojendaja-Thermopad-1-500x500.png\" alt=\"Ogrzewacz do plec\u00f3w Thermopad\" width=\"500\" height=\"500\" srcset=\"https:\/\/toidupakk.ee\/wp-content\/uploads\/2023\/01\/Seljasoojendaja-Thermopad-1-500x500.png 500w, https:\/\/toidupakk.ee\/wp-content\/uploads\/2023\/01\/Seljasoojendaja-Thermopad-1-400x400.png 400w, https:\/\/toidupakk.ee\/wp-content\/uploads\/2023\/01\/Seljasoojendaja-Thermopad-1-100x100.png 100w, https:\/\/toidupakk.ee\/wp-content\/uploads\/2023\/01\/Seljasoojendaja-Thermopad-1-800x800.png 800w, https:\/\/toidupakk.ee\/wp-content\/uploads\/2023\/01\/Seljasoojendaja-Thermopad-1-300x300.png 300w, https:\/\/toidupakk.ee\/wp-content\/uploads\/2023\/01\/Seljasoojendaja-Thermopad-1-1024x1024.png 1024w, https:\/\/toidupakk.ee\/wp-content\/uploads\/2023\/01\/Seljasoojendaja-Thermopad-1-768x768.png 768w, https:\/\/toidupakk.ee\/wp-content\/uploads\/2023\/01\/Seljasoojendaja-Thermopad-1.png 1080w\" sizes=\"(max-width: 500px) 100vw, 500px\" \/><\/p>\n<h2>Instrukcja bezpiecze\u0144stwa ogrzewaczy do plec\u00f3w<\/h2>\n<p>Nie do u\u017cytku medycznego.<br \/>\nNiezalecane dla dzieci poni\u017cej 6 lat.<br \/>\nNie stosuj bezpo\u015brednio na sk\u00f3r\u0119 \u2013 ryzyko oparze\u0144 i podra\u017cnie\u0144.<br \/>\nZdejmij ogrzewacz, je\u015bli ciep\u0142o stanie si\u0119 nieprzyjemne.<br \/>\nNie niszcz opakowania.<br \/>\nUnikaj kontaktu z zawarto\u015bci\u0105 ogrzewacza.<\/p>\n<p><strong>Sk\u0142ad:<\/strong> sproszkowane \u017celazo, s\u00f3l, w\u0119giel aktywny, woda, wermikulit.<\/p>\n<p>Idealny dla narciarzy, my\u015bliwych, rowerzyst\u00f3w, a tak\u017ce os\u00f3b odwiedzaj\u0105cych jarmarki bo\u017conarodzeniowe i stadiony!<\/p>\n<p>&nbsp;<\/p>\n<p>Zobacz wi\u0119cej akcesori\u00f3w turystycznych <a href=\"https:\/\/toidupakk.ee\/pl\/tootekategooria\/sprzet-turystyczny\/#section-3-79\">TUTAJ<\/a><\/p>\n<p>Znajd\u017a inspiracj\u0119 na kolejne przygody na <a href=\"https:\/\/www.instagram.com\/toidupakk\/\">Instagramie<\/a> i <a href=\"https:\/\/www.facebook.com\/Toidupakk\/\">Facebooku<\/a> Toidupakk.<\/p>\n","protected":false},"excerpt":{"rendered":"<p><strong>Cz\u0119sto marzniesz? Ogrzewacz do plec\u00f3w Thermopad zapewni Ci ciep\u0142o przez ca\u0142y dzie\u0144. Przyklej plaster rozgrzewaj\u0105cy Thermopad na koszulk\u0119 w okolicy g\u00f3rnej cz\u0119\u015bci plec\u00f3w lub karku i ciesz si\u0119 trwa\u0142ym ciep\u0142em! Ogrzewacze do plec\u00f3w to przydatne akcesoria dla ka\u017cdego, kto potrzebuje dodatkowego ciep\u0142a w mro\u017ane dni. Ogrzewacze do plec\u00f3w Thermopad idealnie nadaj\u0105 si\u0119 do ogrzewania st\u00f3p podczas ruchu na zewn\u0105trz, pracy lub zimowych zabaw.    <\/strong><\/p>\n<ul>\n<li>Zestaw ogrzewaczy do plec\u00f3w Thermopad\u00ae \u2013 ciesz si\u0119 zimowymi aktywno\u015bciami z ciep\u0142ymi stopami<\/li>\n<li>Ogrzewacz do plec\u00f3w aktywuje si\u0119 w kontakcie z powietrzem po wyj\u0119ciu z opakowania<\/li>\n<li>Czas dzia\u0142ania do 8 godzin<\/li>\n<li>Cienki i wygodny \u2013 pasuje pod ka\u017cdy rodzaj odzie\u017cy<\/li>\n<li>Maksymalna temperatura 45\u00b0C<\/li>\n<li>Wymiary podk\u0142adki grzewczej: 9 x 24 cm<\/li>\n<\/ul>\n<p>Doskona\u0142y dla w\u0119drowc\u00f3w, os\u00f3b pracuj\u0105cych w ch\u0142odzie, w\u0119dkarzy, my\u015bliwych, rowerzyst\u00f3w i narciarzy. A tak\u017ce dla bywalc\u00f3w jarmark\u00f3w bo\u017conarodzeniowych i stadion\u00f3w! <\/p>\n<p>\u2705 Dost\u0119pne w magazynie, szybka dostawa w 1\u20133 dni robocze<\/p>\n","protected":false},"featured_media":14071,"comment_status":"open","ping_status":"closed","template":"","meta":{"_acf_changed":false},"product_brand":[],"product_cat":[303,383,325,301],"product_tag":[],"class_list":{"0":"post-52370","1":"product","2":"type-product","3":"status-publish","4":"has-post-thumbnail","6":"product_cat-akcesoria-turystyczne","7":"product_cat-cieplo","8":"product_cat-ogrzewacze-do-ciala","9":"product_cat-sprzet-turystyczny","11":"first","12":"instock","13":"taxable","14":"shipping-taxable","15":"purchasable","16":"product-type-simple"},"bundled_by":[],"bundle_stock_status":"instock","bundle_stock_quantity":11,"bundle_virtual":false,"bundle_layout":"","bundle_add_to_cart_form_location":"","bundle_editable_in_cart":false,"bundle_sold_individually_context":"","bundle_item_grouping":"","bundle_min_size":"","bundle_max_size":"","bundle_price":[],"bundled_items":[],"bundle_sell_ids":[],"acf":[],"yoast_head":"<!-- This site is optimized with the Yoast SEO plugin v27.1.1 - https:\/\/yoast.com\/product\/yoast-seo-wordpress\/ -->\n<title>Ogrzewacz do plec\u00f3w Thermopad<\/title>\n<meta name=\"description\" content=\"Ogrzewacze do plec\u00f3w Thermopad s\u0105 idealne dla ka\u017cdego, kto potrzebuje dodatkowego ciep\u0142a w mro\u017ane dni. Ogrzewacz do plec\u00f3w do aktywno\u015bci na zewn\u0105trz w niskich temperaturach.\" \/>\n<meta name=\"robots\" content=\"index, follow, max-snippet:-1, max-image-preview:large, max-video-preview:-1\" \/>\n<link rel=\"canonical\" href=\"https:\/\/toidupakk.ee\/pl\/toode\/ogrzewacz-do-plecow-thermopad\/\" \/>\n<meta property=\"og:locale\" content=\"pl_PL\" \/>\n<meta property=\"og:type\" content=\"article\" \/>\n<meta property=\"og:title\" content=\"Ogrzewacz do plec\u00f3w Thermopad\" \/>\n<meta property=\"og:description\" content=\"Ogrzewacze do plec\u00f3w Thermopad s\u0105 idealne dla ka\u017cdego, kto potrzebuje dodatkowego ciep\u0142a w mro\u017ane dni. Ogrzewacz do plec\u00f3w do aktywno\u015bci na zewn\u0105trz w niskich temperaturach.\" \/>\n<meta property=\"og:url\" content=\"https:\/\/toidupakk.ee\/pl\/toode\/ogrzewacz-do-plecow-thermopad\/\" \/>\n<meta property=\"og:site_name\" content=\"Toidupakk.ee - Tactical Foodpack toidupakid\" \/>\n<meta property=\"article:publisher\" content=\"https:\/\/www.facebook.com\/Toidupakk\" \/>\n<meta property=\"article:modified_time\" content=\"2026-04-04T01:01:24+00:00\" \/>\n<meta property=\"og:image\" content=\"https:\/\/toidupakk.ee\/wp-content\/uploads\/2023\/01\/Seljasoojendaja-Thermopad-3.png\" \/>\n\t<meta property=\"og:image:width\" content=\"1080\" \/>\n\t<meta property=\"og:image:height\" content=\"1080\" \/>\n\t<meta property=\"og:image:type\" content=\"image\/png\" \/>\n<meta name=\"twitter:card\" content=\"summary_large_image\" \/>\n<meta name=\"twitter:label1\" content=\"Szacowany czas czytania\" \/>\n\t<meta name=\"twitter:data1\" content=\"1 minuta\" \/>\n<script type=\"application\/ld+json\" class=\"yoast-schema-graph\">{\"@context\":\"https:\/\/schema.org\",\"@graph\":[{\"@type\":\"WebPage\",\"@id\":\"https:\/\/toidupakk.ee\/pl\/toode\/ogrzewacz-do-plecow-thermopad\/\",\"url\":\"https:\/\/toidupakk.ee\/pl\/toode\/ogrzewacz-do-plecow-thermopad\/\",\"name\":\"Ogrzewacz do plec\u00f3w Thermopad\",\"isPartOf\":{\"@id\":\"https:\/\/toidupakk.ee\/pl\/#website\"},\"primaryImageOfPage\":{\"@id\":\"https:\/\/toidupakk.ee\/pl\/toode\/ogrzewacz-do-plecow-thermopad\/#primaryimage\"},\"image\":{\"@id\":\"https:\/\/toidupakk.ee\/pl\/toode\/ogrzewacz-do-plecow-thermopad\/#primaryimage\"},\"thumbnailUrl\":\"https:\/\/toidupakk.ee\/wp-content\/uploads\/2023\/01\/Seljasoojendaja-Thermopad-3.png\",\"datePublished\":\"2023-09-18T12:56:49+00:00\",\"dateModified\":\"2026-04-04T01:01:24+00:00\",\"description\":\"Ogrzewacze do plec\u00f3w Thermopad s\u0105 idealne dla ka\u017cdego, kto potrzebuje dodatkowego ciep\u0142a w mro\u017ane dni. Ogrzewacz do plec\u00f3w do aktywno\u015bci na zewn\u0105trz w niskich temperaturach.\",\"breadcrumb\":{\"@id\":\"https:\/\/toidupakk.ee\/pl\/toode\/ogrzewacz-do-plecow-thermopad\/#breadcrumb\"},\"inLanguage\":\"pl-PL\",\"potentialAction\":[{\"@type\":\"ReadAction\",\"target\":[\"https:\/\/toidupakk.ee\/pl\/toode\/ogrzewacz-do-plecow-thermopad\/\"]}]},{\"@type\":\"ImageObject\",\"inLanguage\":\"pl-PL\",\"@id\":\"https:\/\/toidupakk.ee\/pl\/toode\/ogrzewacz-do-plecow-thermopad\/#primaryimage\",\"url\":\"https:\/\/toidupakk.ee\/wp-content\/uploads\/2023\/01\/Seljasoojendaja-Thermopad-3.png\",\"contentUrl\":\"https:\/\/toidupakk.ee\/wp-content\/uploads\/2023\/01\/Seljasoojendaja-Thermopad-3.png\",\"width\":1080,\"height\":1080,\"caption\":\"Seljasoojendaja Thermopad\"},{\"@type\":\"BreadcrumbList\",\"@id\":\"https:\/\/toidupakk.ee\/pl\/toode\/ogrzewacz-do-plecow-thermopad\/#breadcrumb\",\"itemListElement\":[{\"@type\":\"ListItem\",\"position\":1,\"name\":\"Avaleht\",\"item\":\"https:\/\/toidupakk.ee\/pl\/\"},{\"@type\":\"ListItem\",\"position\":2,\"name\":\"Sklep internetowy\",\"item\":\"https:\/\/toidupakk.ee\/pl\/sklep-internetowy\/\"},{\"@type\":\"ListItem\",\"position\":3,\"name\":\"Ogrzewacz do plec\u00f3w Thermopad\"}]},{\"@type\":\"WebSite\",\"@id\":\"https:\/\/toidupakk.ee\/pl\/#website\",\"url\":\"https:\/\/toidupakk.ee\/pl\/\",\"name\":\"Toidupakk.ee - Tactical Foodpack toidupakid\",\"description\":\"Tactical Foodpack k\u00fclmkuivatatud toidupakid ja matkaeined\",\"publisher\":{\"@id\":\"https:\/\/toidupakk.ee\/pl\/#organization\"},\"potentialAction\":[{\"@type\":\"SearchAction\",\"target\":{\"@type\":\"EntryPoint\",\"urlTemplate\":\"https:\/\/toidupakk.ee\/pl\/?s={search_term_string}\"},\"query-input\":{\"@type\":\"PropertyValueSpecification\",\"valueRequired\":true,\"valueName\":\"search_term_string\"}}],\"inLanguage\":\"pl-PL\"},{\"@type\":\"Organization\",\"@id\":\"https:\/\/toidupakk.ee\/pl\/#organization\",\"name\":\"Tactical Foodpack matkaeined\",\"url\":\"https:\/\/toidupakk.ee\/pl\/\",\"logo\":{\"@type\":\"ImageObject\",\"inLanguage\":\"pl-PL\",\"@id\":\"https:\/\/toidupakk.ee\/pl\/#\/schema\/logo\/image\/\",\"url\":\"https:\/\/toidupakk.ee\/wp-content\/uploads\/2022\/01\/Toidupakk-matkapood-logo-transparent.png\",\"contentUrl\":\"https:\/\/toidupakk.ee\/wp-content\/uploads\/2022\/01\/Toidupakk-matkapood-logo-transparent.png\",\"width\":500,\"height\":500,\"caption\":\"Tactical Foodpack matkaeined\"},\"image\":{\"@id\":\"https:\/\/toidupakk.ee\/pl\/#\/schema\/logo\/image\/\"},\"sameAs\":[\"https:\/\/www.facebook.com\/Toidupakk\",\"https:\/\/www.instagram.com\/toidupakk\/\"]}]}<\/script>\n<!-- \/ Yoast SEO plugin. -->","yoast_head_json":{"title":"Ogrzewacz do plec\u00f3w Thermopad","description":"Ogrzewacze do plec\u00f3w Thermopad s\u0105 idealne dla ka\u017cdego, kto potrzebuje dodatkowego ciep\u0142a w mro\u017ane dni. Ogrzewacz do plec\u00f3w do aktywno\u015bci na zewn\u0105trz w niskich temperaturach.","robots":{"index":"index","follow":"follow","max-snippet":"max-snippet:-1","max-image-preview":"max-image-preview:large","max-video-preview":"max-video-preview:-1"},"canonical":"https:\/\/toidupakk.ee\/pl\/toode\/ogrzewacz-do-plecow-thermopad\/","og_locale":"pl_PL","og_type":"article","og_title":"Ogrzewacz do plec\u00f3w Thermopad","og_description":"Ogrzewacze do plec\u00f3w Thermopad s\u0105 idealne dla ka\u017cdego, kto potrzebuje dodatkowego ciep\u0142a w mro\u017ane dni. Ogrzewacz do plec\u00f3w do aktywno\u015bci na zewn\u0105trz w niskich temperaturach.","og_url":"https:\/\/toidupakk.ee\/pl\/toode\/ogrzewacz-do-plecow-thermopad\/","og_site_name":"Toidupakk.ee - Tactical Foodpack toidupakid","article_publisher":"https:\/\/www.facebook.com\/Toidupakk","article_modified_time":"2026-04-04T01:01:24+00:00","og_image":[{"width":1080,"height":1080,"url":"https:\/\/toidupakk.ee\/wp-content\/uploads\/2023\/01\/Seljasoojendaja-Thermopad-3.png","type":"image\/png"}],"twitter_card":"summary_large_image","twitter_misc":{"Szacowany czas czytania":"1 minuta"},"schema":{"@context":"https:\/\/schema.org","@graph":[{"@type":"WebPage","@id":"https:\/\/toidupakk.ee\/pl\/toode\/ogrzewacz-do-plecow-thermopad\/","url":"https:\/\/toidupakk.ee\/pl\/toode\/ogrzewacz-do-plecow-thermopad\/","name":"Ogrzewacz do plec\u00f3w Thermopad","isPartOf":{"@id":"https:\/\/toidupakk.ee\/pl\/#website"},"primaryImageOfPage":{"@id":"https:\/\/toidupakk.ee\/pl\/toode\/ogrzewacz-do-plecow-thermopad\/#primaryimage"},"image":{"@id":"https:\/\/toidupakk.ee\/pl\/toode\/ogrzewacz-do-plecow-thermopad\/#primaryimage"},"thumbnailUrl":"https:\/\/toidupakk.ee\/wp-content\/uploads\/2023\/01\/Seljasoojendaja-Thermopad-3.png","datePublished":"2023-09-18T12:56:49+00:00","dateModified":"2026-04-04T01:01:24+00:00","description":"Ogrzewacze do plec\u00f3w Thermopad s\u0105 idealne dla ka\u017cdego, kto potrzebuje dodatkowego ciep\u0142a w mro\u017ane dni. Ogrzewacz do plec\u00f3w do aktywno\u015bci na zewn\u0105trz w niskich temperaturach.","breadcrumb":{"@id":"https:\/\/toidupakk.ee\/pl\/toode\/ogrzewacz-do-plecow-thermopad\/#breadcrumb"},"inLanguage":"pl-PL","potentialAction":[{"@type":"ReadAction","target":["https:\/\/toidupakk.ee\/pl\/toode\/ogrzewacz-do-plecow-thermopad\/"]}]},{"@type":"ImageObject","inLanguage":"pl-PL","@id":"https:\/\/toidupakk.ee\/pl\/toode\/ogrzewacz-do-plecow-thermopad\/#primaryimage","url":"https:\/\/toidupakk.ee\/wp-content\/uploads\/2023\/01\/Seljasoojendaja-Thermopad-3.png","contentUrl":"https:\/\/toidupakk.ee\/wp-content\/uploads\/2023\/01\/Seljasoojendaja-Thermopad-3.png","width":1080,"height":1080,"caption":"Seljasoojendaja Thermopad"},{"@type":"BreadcrumbList","@id":"https:\/\/toidupakk.ee\/pl\/toode\/ogrzewacz-do-plecow-thermopad\/#breadcrumb","itemListElement":[{"@type":"ListItem","position":1,"name":"Avaleht","item":"https:\/\/toidupakk.ee\/pl\/"},{"@type":"ListItem","position":2,"name":"Sklep internetowy","item":"https:\/\/toidupakk.ee\/pl\/sklep-internetowy\/"},{"@type":"ListItem","position":3,"name":"Ogrzewacz do plec\u00f3w Thermopad"}]},{"@type":"WebSite","@id":"https:\/\/toidupakk.ee\/pl\/#website","url":"https:\/\/toidupakk.ee\/pl\/","name":"Toidupakk.ee - Tactical Foodpack toidupakid","description":"Tactical Foodpack k\u00fclmkuivatatud toidupakid ja matkaeined","publisher":{"@id":"https:\/\/toidupakk.ee\/pl\/#organization"},"potentialAction":[{"@type":"SearchAction","target":{"@type":"EntryPoint","urlTemplate":"https:\/\/toidupakk.ee\/pl\/?s={search_term_string}"},"query-input":{"@type":"PropertyValueSpecification","valueRequired":true,"valueName":"search_term_string"}}],"inLanguage":"pl-PL"},{"@type":"Organization","@id":"https:\/\/toidupakk.ee\/pl\/#organization","name":"Tactical Foodpack matkaeined","url":"https:\/\/toidupakk.ee\/pl\/","logo":{"@type":"ImageObject","inLanguage":"pl-PL","@id":"https:\/\/toidupakk.ee\/pl\/#\/schema\/logo\/image\/","url":"https:\/\/toidupakk.ee\/wp-content\/uploads\/2022\/01\/Toidupakk-matkapood-logo-transparent.png","contentUrl":"https:\/\/toidupakk.ee\/wp-content\/uploads\/2022\/01\/Toidupakk-matkapood-logo-transparent.png","width":500,"height":500,"caption":"Tactical Foodpack matkaeined"},"image":{"@id":"https:\/\/toidupakk.ee\/pl\/#\/schema\/logo\/image\/"},"sameAs":["https:\/\/www.facebook.com\/Toidupakk","https:\/\/www.instagram.com\/toidupakk\/"]}]}},"jetpack_sharing_enabled":true,"_links":{"self":[{"href":"https:\/\/toidupakk.ee\/pl\/wp-json\/wp\/v2\/product\/52370","targetHints":{"allow":["GET"]}}],"collection":[{"href":"https:\/\/toidupakk.ee\/pl\/wp-json\/wp\/v2\/product"}],"about":[{"href":"https:\/\/toidupakk.ee\/pl\/wp-json\/wp\/v2\/types\/product"}],"replies":[{"embeddable":true,"href":"https:\/\/toidupakk.ee\/pl\/wp-json\/wp\/v2\/comments?post=52370"}],"wp:featuredmedia":[{"embeddable":true,"href":"https:\/\/toidupakk.ee\/pl\/wp-json\/wp\/v2\/media\/14071"}],"wp:attachment":[{"href":"https:\/\/toidupakk.ee\/pl\/wp-json\/wp\/v2\/media?parent=52370"}],"wp:term":[{"taxonomy":"product_brand","embeddable":true,"href":"https:\/\/toidupakk.ee\/pl\/wp-json\/wp\/v2\/product_brand?post=52370"},{"taxonomy":"product_cat","embeddable":true,"href":"https:\/\/toidupakk.ee\/pl\/wp-json\/wp\/v2\/product_cat?post=52370"},{"taxonomy":"product_tag","embeddable":true,"href":"https:\/\/toidupakk.ee\/pl\/wp-json\/wp\/v2\/product_tag?post=52370"}],"curies":[{"name":"wp","href":"https:\/\/api.w.org\/{rel}","templated":true}]}}