{"id":52363,"date":"2023-08-18T10:42:30","date_gmt":"2023-08-18T07:42:30","guid":{"rendered":"https:\/\/toidupakk.ee\/toode\/zestaw-przetrwania-wodoodporny\/"},"modified":"2026-04-29T16:31:38","modified_gmt":"2026-04-29T13:31:38","slug":"zestaw-przetrwania-wodoodporny","status":"publish","type":"product","link":"https:\/\/toidupakk.ee\/pl\/toode\/zestaw-przetrwania-wodoodporny\/","title":{"rendered":"Zestaw przetrwania (wodoodporny)"},"content":{"rendered":"<p><img fetchpriority=\"high\" decoding=\"async\" class=\"alignright wp-image-9905 size-thumbnail\" src=\"https:\/\/toidupakk.ee\/wp-content\/uploads\/2023\/06\/Ellujaamiskomplekt49-500x500.png\" alt=\"Zestaw przetrwania 3\" width=\"500\" height=\"500\" srcset=\"https:\/\/toidupakk.ee\/wp-content\/uploads\/2023\/06\/Ellujaamiskomplekt49-500x500.png 500w, https:\/\/toidupakk.ee\/wp-content\/uploads\/2023\/06\/Ellujaamiskomplekt49-400x400.png 400w, https:\/\/toidupakk.ee\/wp-content\/uploads\/2023\/06\/Ellujaamiskomplekt49-100x100.png 100w, https:\/\/toidupakk.ee\/wp-content\/uploads\/2023\/06\/Ellujaamiskomplekt49-800x800.png 800w, https:\/\/toidupakk.ee\/wp-content\/uploads\/2023\/06\/Ellujaamiskomplekt49-300x300.png 300w, https:\/\/toidupakk.ee\/wp-content\/uploads\/2023\/06\/Ellujaamiskomplekt49-1024x1024.png 1024w, https:\/\/toidupakk.ee\/wp-content\/uploads\/2023\/06\/Ellujaamiskomplekt49-768x768.png 768w, https:\/\/toidupakk.ee\/wp-content\/uploads\/2023\/06\/Ellujaamiskomplekt49.png 1080w\" sizes=\"(max-width: 500px) 100vw, 500px\" \/><\/p>\n<h1>Zestaw przetrwania powinien znale\u017a\u0107 si\u0119 w ka\u017cdym gospodarstwie domowym<\/h1>\n<p>Zestaw przetrwania ma na celu dostarczenie narz\u0119dzi, kt\u00f3re pomog\u0105 Ci roznieci\u0107 ogie\u0144, zadba\u0107 o bezpiecze\u0144stwo, zdoby\u0107 po\u017cywienie, zbudowa\u0107 schronienie i wezwa\u0107 pomoc w sytuacji awaryjnej. Pami\u0119taj, \u017ce elementy zestawu s\u0105 pomocne, ale ich skuteczne i bezpieczne u\u017cycie wymaga wiedzy i do\u015bwiadczenia. <\/p>\n<p>Zestaw przetrwania jest wodoodporny, co oznacza, \u017ce Tw\u00f3j sprz\u0119t jest chroniony przed wilgoci\u0105 i wod\u0105. To sprawia, \u017ce zestaw jest idealnym wyborem w sytuacjach, gdzie dominuje \u015brodowisko wodne lub istnieje ryzyko zamoczenia ekwipunku. <\/p>\n<p>Zestaw wa\u017cy 180 g, dzi\u0119ki czemu jest lekki i wygodny w przenoszeniu. Idealnie nadaje si\u0119 na w\u0119dr\u00f3wki, kemping oraz inne wymagaj\u0105ce sytuacje. <\/p>\n<p>Fosco Industries to producent znany w\u015br\u00f3d firm wytwarzaj\u0105cych wysokiej jako\u015bci sprz\u0119t outdoorowy i produkty survivalowe. Ich produkty s\u0105 niezawodne, wytrzyma\u0142e i wydajne w najbardziej ekstremalnych warunkach. <\/p>\n<p>Sprawd\u017a inne akcesoria turystyczne <a href=\"https:\/\/toidupakk.ee\/pl\/tootekategooria\/sprzet-turystyczny\/#section-3-79\">TUTAJ<\/a><\/p>\n<p>Interesuj\u0105 Ci\u0119 posi\u0142ki turystyczne? Zobacz <a href=\"\/?product_cat=snakk#section-3-79\">TUTAJ<\/a><\/p>\n<p>Znajd\u017a inspiracj\u0119 na kolejne przygody na <a href=\"https:\/\/www.instagram.com\/toidupakk\/\">Instagramie<\/a> i <a href=\"https:\/\/www.facebook.com\/Toidupakk\/\">Facebooku<\/a> Toidupakk.<\/p>\n","protected":false},"excerpt":{"rendered":"<p><strong>Zestaw przetrwania oferuje niezb\u0119dne narz\u0119dzia i akcesoria do prze\u017cycia w ekstremalnych sytuacjach. Ma na celu pom\u00f3c Ci poradzi\u0107 sobie w sytuacjach awaryjnych lub w terenie. Wa\u017cy 180 g.  <\/strong><\/p>\n<p>Zestaw przetrwania zawiera nast\u0119puj\u0105ce elementy:<\/p>\n<ul>\n<li><strong>Pi\u0142a<\/strong> do ci\u0119cia ga\u0142\u0119zi lub \u015bcinania drzew<\/li>\n<li><strong>Krzesiwo<\/strong> do rozpalania ognia<\/li>\n<li><strong>Kompas<\/strong> do orientacji w terenie<\/li>\n<li><strong>O\u0142\u00f3wek<\/strong> do robienia niezb\u0119dnych notatek<\/li>\n<li><strong>\u015awieca<\/strong> do rozpalania ognia lub sygnalizacji<\/li>\n<li><strong>Drut mocuj\u0105cy<\/strong><\/li>\n<li><strong>Wata<\/strong> do rozpalania ognia<\/li>\n<li><strong>Lusterko sygna\u0142owe<\/strong> do wezwania pomocy z du\u017cej odleg\u0142o\u015bci<\/li>\n<li><strong>Haczyki w\u0119dkarskie<\/strong> do zdobywania po\u017cywienia z rzek i jezior<\/li>\n<li><strong>Przybornik do szycia<\/strong><\/li>\n<li><strong>Gwizdek<\/strong><\/li>\n<li><strong>\u017byletka<\/strong><\/li>\n<li><strong>Instrukcja przetrwania w naturze.<\/strong> Informacje o pierwszej pomocy, okre\u015blaniu pozycji, sygnalizacji, kodzie Morse&#8217;a, rozpalaniu ognia, ochronie przed zimnem i wilgoci\u0105, zdobywaniu po\u017cywienia i wody pitnej, nawigacji, poruszaniu si\u0119 oraz orientacji wed\u0142ug kompasu i s\u0142o\u0144ca.<\/li>\n<\/ul>\n<p>\u2705 Dost\u0119pne w magazynie, szybka dostawa w 1\u20133 dni robocze<\/p>\n","protected":false},"featured_media":9903,"comment_status":"open","ping_status":"closed","template":"","meta":{"_acf_changed":false},"product_brand":[],"product_cat":[303,366,317,311,301],"product_tag":[],"class_list":{"0":"post-52363","1":"product","2":"type-product","3":"status-publish","4":"has-post-thumbnail","6":"product_cat-akcesoria-turystyczne","7":"product_cat-apteczki","8":"product_cat-mil-tec","9":"product_cat-praktyczne-pomysly-na-prezent","10":"product_cat-sprzet-turystyczny","12":"first","13":"instock","14":"taxable","15":"shipping-taxable","16":"purchasable","17":"product-type-simple"},"bundled_by":[],"bundle_stock_status":"instock","bundle_stock_quantity":10,"bundle_virtual":false,"bundle_layout":"","bundle_add_to_cart_form_location":"","bundle_editable_in_cart":false,"bundle_sold_individually_context":"","bundle_item_grouping":"","bundle_min_size":"","bundle_max_size":"","bundle_price":[],"bundled_items":[],"bundle_sell_ids":[],"acf":[],"yoast_head":"<!-- This site is optimized with the Yoast SEO plugin v27.3 - https:\/\/yoast.com\/product\/yoast-seo-wordpress\/ -->\n<title>Zestaw przetrwania (wodoodporny)<\/title>\n<meta name=\"description\" content=\"Ten zestaw przetrwania jest wodoodporny, co gwarantuje ochron\u0119 Twojego sprz\u0119tu przed zalaniem, co mo\u017ce by\u0107 kluczowe w ekstremalnych warunkach pogodowych.\" \/>\n<meta name=\"robots\" content=\"index, follow, max-snippet:-1, max-image-preview:large, max-video-preview:-1\" \/>\n<link rel=\"canonical\" href=\"https:\/\/toidupakk.ee\/pl\/toode\/zestaw-przetrwania-wodoodporny\/\" \/>\n<meta property=\"og:locale\" content=\"pl_PL\" \/>\n<meta property=\"og:type\" content=\"article\" \/>\n<meta property=\"og:title\" content=\"Zestaw przetrwania (wodoodporny)\" \/>\n<meta property=\"og:description\" content=\"Ten zestaw przetrwania jest wodoodporny, co gwarantuje ochron\u0119 Twojego sprz\u0119tu przed zalaniem, co mo\u017ce by\u0107 kluczowe w ekstremalnych warunkach pogodowych.\" \/>\n<meta property=\"og:url\" content=\"https:\/\/toidupakk.ee\/pl\/toode\/zestaw-przetrwania-wodoodporny\/\" \/>\n<meta property=\"og:site_name\" content=\"Toidupakk.ee - Tactical Foodpack toidupakid\" \/>\n<meta property=\"article:publisher\" content=\"https:\/\/www.facebook.com\/Toidupakk\" \/>\n<meta property=\"article:modified_time\" content=\"2026-04-29T13:31:38+00:00\" \/>\n<meta property=\"og:image\" content=\"https:\/\/toidupakk.ee\/wp-content\/uploads\/2023\/06\/Ellujaamiskomplekt47-1.png\" \/>\n\t<meta property=\"og:image:width\" content=\"1080\" \/>\n\t<meta property=\"og:image:height\" content=\"1080\" \/>\n\t<meta property=\"og:image:type\" content=\"image\/png\" \/>\n<meta name=\"twitter:card\" content=\"summary_large_image\" \/>\n<meta name=\"twitter:label1\" content=\"Szacowany czas czytania\" \/>\n\t<meta name=\"twitter:data1\" content=\"1 minuta\" \/>\n<script type=\"application\/ld+json\" class=\"yoast-schema-graph\">{\"@context\":\"https:\\\/\\\/schema.org\",\"@graph\":[{\"@type\":\"WebPage\",\"@id\":\"https:\\\/\\\/toidupakk.ee\\\/pl\\\/toode\\\/zestaw-przetrwania-wodoodporny\\\/\",\"url\":\"https:\\\/\\\/toidupakk.ee\\\/pl\\\/toode\\\/zestaw-przetrwania-wodoodporny\\\/\",\"name\":\"Zestaw przetrwania (wodoodporny)\",\"isPartOf\":{\"@id\":\"https:\\\/\\\/toidupakk.ee\\\/pl\\\/#website\"},\"primaryImageOfPage\":{\"@id\":\"https:\\\/\\\/toidupakk.ee\\\/pl\\\/toode\\\/zestaw-przetrwania-wodoodporny\\\/#primaryimage\"},\"image\":{\"@id\":\"https:\\\/\\\/toidupakk.ee\\\/pl\\\/toode\\\/zestaw-przetrwania-wodoodporny\\\/#primaryimage\"},\"thumbnailUrl\":\"https:\\\/\\\/toidupakk.ee\\\/wp-content\\\/uploads\\\/2023\\\/06\\\/Ellujaamiskomplekt47-1.png\",\"datePublished\":\"2023-08-18T07:42:30+00:00\",\"dateModified\":\"2026-04-29T13:31:38+00:00\",\"description\":\"Ten zestaw przetrwania jest wodoodporny, co gwarantuje ochron\u0119 Twojego sprz\u0119tu przed zalaniem, co mo\u017ce by\u0107 kluczowe w ekstremalnych warunkach pogodowych.\",\"breadcrumb\":{\"@id\":\"https:\\\/\\\/toidupakk.ee\\\/pl\\\/toode\\\/zestaw-przetrwania-wodoodporny\\\/#breadcrumb\"},\"inLanguage\":\"pl-PL\",\"potentialAction\":[{\"@type\":\"ReadAction\",\"target\":[\"https:\\\/\\\/toidupakk.ee\\\/pl\\\/toode\\\/zestaw-przetrwania-wodoodporny\\\/\"]}]},{\"@type\":\"ImageObject\",\"inLanguage\":\"pl-PL\",\"@id\":\"https:\\\/\\\/toidupakk.ee\\\/pl\\\/toode\\\/zestaw-przetrwania-wodoodporny\\\/#primaryimage\",\"url\":\"https:\\\/\\\/toidupakk.ee\\\/wp-content\\\/uploads\\\/2023\\\/06\\\/Ellujaamiskomplekt47-1.png\",\"contentUrl\":\"https:\\\/\\\/toidupakk.ee\\\/wp-content\\\/uploads\\\/2023\\\/06\\\/Ellujaamiskomplekt47-1.png\",\"width\":1080,\"height\":1080,\"caption\":\"Elluj\u00e4\u00e4miskomplekt 1\"},{\"@type\":\"BreadcrumbList\",\"@id\":\"https:\\\/\\\/toidupakk.ee\\\/pl\\\/toode\\\/zestaw-przetrwania-wodoodporny\\\/#breadcrumb\",\"itemListElement\":[{\"@type\":\"ListItem\",\"position\":1,\"name\":\"Avaleht\",\"item\":\"https:\\\/\\\/toidupakk.ee\\\/pl\\\/\"},{\"@type\":\"ListItem\",\"position\":2,\"name\":\"Sklep internetowy\",\"item\":\"https:\\\/\\\/toidupakk.ee\\\/pl\\\/sklep-internetowy\\\/\"},{\"@type\":\"ListItem\",\"position\":3,\"name\":\"Zestaw przetrwania (wodoodporny)\"}]},{\"@type\":\"WebSite\",\"@id\":\"https:\\\/\\\/toidupakk.ee\\\/pl\\\/#website\",\"url\":\"https:\\\/\\\/toidupakk.ee\\\/pl\\\/\",\"name\":\"Toidupakk.ee - Tactical Foodpack toidupakid\",\"description\":\"Tactical Foodpack k\u00fclmkuivatatud toidupakid ja matkaeined\",\"publisher\":{\"@id\":\"https:\\\/\\\/toidupakk.ee\\\/pl\\\/#organization\"},\"potentialAction\":[{\"@type\":\"SearchAction\",\"target\":{\"@type\":\"EntryPoint\",\"urlTemplate\":\"https:\\\/\\\/toidupakk.ee\\\/pl\\\/?s={search_term_string}\"},\"query-input\":{\"@type\":\"PropertyValueSpecification\",\"valueRequired\":true,\"valueName\":\"search_term_string\"}}],\"inLanguage\":\"pl-PL\"},{\"@type\":\"Organization\",\"@id\":\"https:\\\/\\\/toidupakk.ee\\\/pl\\\/#organization\",\"name\":\"Tactical Foodpack matkaeined\",\"url\":\"https:\\\/\\\/toidupakk.ee\\\/pl\\\/\",\"logo\":{\"@type\":\"ImageObject\",\"inLanguage\":\"pl-PL\",\"@id\":\"https:\\\/\\\/toidupakk.ee\\\/pl\\\/#\\\/schema\\\/logo\\\/image\\\/\",\"url\":\"https:\\\/\\\/toidupakk.ee\\\/wp-content\\\/uploads\\\/2022\\\/01\\\/Toidupakk-matkapood-logo-transparent.png\",\"contentUrl\":\"https:\\\/\\\/toidupakk.ee\\\/wp-content\\\/uploads\\\/2022\\\/01\\\/Toidupakk-matkapood-logo-transparent.png\",\"width\":500,\"height\":500,\"caption\":\"Tactical Foodpack matkaeined\"},\"image\":{\"@id\":\"https:\\\/\\\/toidupakk.ee\\\/pl\\\/#\\\/schema\\\/logo\\\/image\\\/\"},\"sameAs\":[\"https:\\\/\\\/www.facebook.com\\\/Toidupakk\",\"https:\\\/\\\/www.instagram.com\\\/toidupakk\\\/\"]}]}<\/script>\n<!-- \/ Yoast SEO plugin. -->","yoast_head_json":{"title":"Zestaw przetrwania (wodoodporny)","description":"Ten zestaw przetrwania jest wodoodporny, co gwarantuje ochron\u0119 Twojego sprz\u0119tu przed zalaniem, co mo\u017ce by\u0107 kluczowe w ekstremalnych warunkach pogodowych.","robots":{"index":"index","follow":"follow","max-snippet":"max-snippet:-1","max-image-preview":"max-image-preview:large","max-video-preview":"max-video-preview:-1"},"canonical":"https:\/\/toidupakk.ee\/pl\/toode\/zestaw-przetrwania-wodoodporny\/","og_locale":"pl_PL","og_type":"article","og_title":"Zestaw przetrwania (wodoodporny)","og_description":"Ten zestaw przetrwania jest wodoodporny, co gwarantuje ochron\u0119 Twojego sprz\u0119tu przed zalaniem, co mo\u017ce by\u0107 kluczowe w ekstremalnych warunkach pogodowych.","og_url":"https:\/\/toidupakk.ee\/pl\/toode\/zestaw-przetrwania-wodoodporny\/","og_site_name":"Toidupakk.ee - Tactical Foodpack toidupakid","article_publisher":"https:\/\/www.facebook.com\/Toidupakk","article_modified_time":"2026-04-29T13:31:38+00:00","og_image":[{"width":1080,"height":1080,"url":"https:\/\/toidupakk.ee\/wp-content\/uploads\/2023\/06\/Ellujaamiskomplekt47-1.png","type":"image\/png"}],"twitter_card":"summary_large_image","twitter_misc":{"Szacowany czas czytania":"1 minuta"},"schema":{"@context":"https:\/\/schema.org","@graph":[{"@type":"WebPage","@id":"https:\/\/toidupakk.ee\/pl\/toode\/zestaw-przetrwania-wodoodporny\/","url":"https:\/\/toidupakk.ee\/pl\/toode\/zestaw-przetrwania-wodoodporny\/","name":"Zestaw przetrwania (wodoodporny)","isPartOf":{"@id":"https:\/\/toidupakk.ee\/pl\/#website"},"primaryImageOfPage":{"@id":"https:\/\/toidupakk.ee\/pl\/toode\/zestaw-przetrwania-wodoodporny\/#primaryimage"},"image":{"@id":"https:\/\/toidupakk.ee\/pl\/toode\/zestaw-przetrwania-wodoodporny\/#primaryimage"},"thumbnailUrl":"https:\/\/toidupakk.ee\/wp-content\/uploads\/2023\/06\/Ellujaamiskomplekt47-1.png","datePublished":"2023-08-18T07:42:30+00:00","dateModified":"2026-04-29T13:31:38+00:00","description":"Ten zestaw przetrwania jest wodoodporny, co gwarantuje ochron\u0119 Twojego sprz\u0119tu przed zalaniem, co mo\u017ce by\u0107 kluczowe w ekstremalnych warunkach pogodowych.","breadcrumb":{"@id":"https:\/\/toidupakk.ee\/pl\/toode\/zestaw-przetrwania-wodoodporny\/#breadcrumb"},"inLanguage":"pl-PL","potentialAction":[{"@type":"ReadAction","target":["https:\/\/toidupakk.ee\/pl\/toode\/zestaw-przetrwania-wodoodporny\/"]}]},{"@type":"ImageObject","inLanguage":"pl-PL","@id":"https:\/\/toidupakk.ee\/pl\/toode\/zestaw-przetrwania-wodoodporny\/#primaryimage","url":"https:\/\/toidupakk.ee\/wp-content\/uploads\/2023\/06\/Ellujaamiskomplekt47-1.png","contentUrl":"https:\/\/toidupakk.ee\/wp-content\/uploads\/2023\/06\/Ellujaamiskomplekt47-1.png","width":1080,"height":1080,"caption":"Elluj\u00e4\u00e4miskomplekt 1"},{"@type":"BreadcrumbList","@id":"https:\/\/toidupakk.ee\/pl\/toode\/zestaw-przetrwania-wodoodporny\/#breadcrumb","itemListElement":[{"@type":"ListItem","position":1,"name":"Avaleht","item":"https:\/\/toidupakk.ee\/pl\/"},{"@type":"ListItem","position":2,"name":"Sklep internetowy","item":"https:\/\/toidupakk.ee\/pl\/sklep-internetowy\/"},{"@type":"ListItem","position":3,"name":"Zestaw przetrwania (wodoodporny)"}]},{"@type":"WebSite","@id":"https:\/\/toidupakk.ee\/pl\/#website","url":"https:\/\/toidupakk.ee\/pl\/","name":"Toidupakk.ee - Tactical Foodpack toidupakid","description":"Tactical Foodpack k\u00fclmkuivatatud toidupakid ja matkaeined","publisher":{"@id":"https:\/\/toidupakk.ee\/pl\/#organization"},"potentialAction":[{"@type":"SearchAction","target":{"@type":"EntryPoint","urlTemplate":"https:\/\/toidupakk.ee\/pl\/?s={search_term_string}"},"query-input":{"@type":"PropertyValueSpecification","valueRequired":true,"valueName":"search_term_string"}}],"inLanguage":"pl-PL"},{"@type":"Organization","@id":"https:\/\/toidupakk.ee\/pl\/#organization","name":"Tactical Foodpack matkaeined","url":"https:\/\/toidupakk.ee\/pl\/","logo":{"@type":"ImageObject","inLanguage":"pl-PL","@id":"https:\/\/toidupakk.ee\/pl\/#\/schema\/logo\/image\/","url":"https:\/\/toidupakk.ee\/wp-content\/uploads\/2022\/01\/Toidupakk-matkapood-logo-transparent.png","contentUrl":"https:\/\/toidupakk.ee\/wp-content\/uploads\/2022\/01\/Toidupakk-matkapood-logo-transparent.png","width":500,"height":500,"caption":"Tactical Foodpack matkaeined"},"image":{"@id":"https:\/\/toidupakk.ee\/pl\/#\/schema\/logo\/image\/"},"sameAs":["https:\/\/www.facebook.com\/Toidupakk","https:\/\/www.instagram.com\/toidupakk\/"]}]}},"jetpack_sharing_enabled":true,"_links":{"self":[{"href":"https:\/\/toidupakk.ee\/pl\/wp-json\/wp\/v2\/product\/52363","targetHints":{"allow":["GET"]}}],"collection":[{"href":"https:\/\/toidupakk.ee\/pl\/wp-json\/wp\/v2\/product"}],"about":[{"href":"https:\/\/toidupakk.ee\/pl\/wp-json\/wp\/v2\/types\/product"}],"replies":[{"embeddable":true,"href":"https:\/\/toidupakk.ee\/pl\/wp-json\/wp\/v2\/comments?post=52363"}],"wp:featuredmedia":[{"embeddable":true,"href":"https:\/\/toidupakk.ee\/pl\/wp-json\/wp\/v2\/media\/9903"}],"wp:attachment":[{"href":"https:\/\/toidupakk.ee\/pl\/wp-json\/wp\/v2\/media?parent=52363"}],"wp:term":[{"taxonomy":"product_brand","embeddable":true,"href":"https:\/\/toidupakk.ee\/pl\/wp-json\/wp\/v2\/product_brand?post=52363"},{"taxonomy":"product_cat","embeddable":true,"href":"https:\/\/toidupakk.ee\/pl\/wp-json\/wp\/v2\/product_cat?post=52363"},{"taxonomy":"product_tag","embeddable":true,"href":"https:\/\/toidupakk.ee\/pl\/wp-json\/wp\/v2\/product_tag?post=52363"}],"curies":[{"name":"wp","href":"https:\/\/api.w.org\/{rel}","templated":true}]}}