{"id":52325,"date":"2023-08-17T14:54:46","date_gmt":"2023-08-17T11:54:46","guid":{"rendered":"https:\/\/toidupakk.ee\/toode\/namiot-topeka-3\/"},"modified":"2026-04-29T15:32:00","modified_gmt":"2026-04-29T12:32:00","slug":"namiot-topeka-3","status":"publish","type":"product","link":"https:\/\/toidupakk.ee\/pl\/toode\/namiot-topeka-3\/","title":{"rendered":"Namiot Topeka 3"},"content":{"rendered":"<h1>Namiot Topeka 3<\/h1>\n<p>Topeka 3 to klasyczny namiot kopu\u0142owy, kt\u00f3ry oferuje wystarczaj\u0105co du\u017co miejsca dla trzech do czterech os\u00f3b i ich rzeczy. Posiada wiele istotnych cech, kt\u00f3re sprawiaj\u0105, \u017ce jest \u015bwietnym wyborem na w\u0119dr\u00f3wki i kemping. <\/p>\n<p><img fetchpriority=\"high\" decoding=\"async\" class=\"alignnone size-medium wp-image-11348\" src=\"https:\/\/toidupakk.ee\/wp-content\/uploads\/2023\/07\/grandcanyon-logo-300x189.png\" alt=\"\" width=\"300\" height=\"189\" srcset=\"https:\/\/toidupakk.ee\/wp-content\/uploads\/2023\/07\/grandcanyon-logo-300x189.png 300w, https:\/\/toidupakk.ee\/wp-content\/uploads\/2023\/07\/grandcanyon-logo.png 340w\" sizes=\"(max-width: 300px) 100vw, 300px\" \/><\/p>\n<h2>Konstrukcja i elementy dodatkowe namiotu<\/h2>\n<p>Jedn\u0105 z godnych uwagi cech jest przedsionek z przodu, kt\u00f3ry chroni sypialni\u0119 przed deszczem i zapewnia dodatkowe miejsce na baga\u017c lub sprz\u0119t. To idealne miejsce do przechowywania mokrych lub brudnych rzeczy, pozwalaj\u0105ce utrzyma\u0107 wn\u0119trze namiotu w sucho\u015bci i czysto\u015bci. <\/p>\n<p>Namiot Topeka 3 wykorzystuje nowy system wentylacji \u201eGrandFlow\u201d, kt\u00f3ry pozwala regulowa\u0107 klimat wewn\u0105trz w zale\u017cno\u015bci od potrzeb. Tropik mo\u017cna otwiera\u0107 etapami, zwi\u0119kszaj\u0105c przep\u0142yw powietrza, co jest szczeg\u00f3lnie przydatne podczas ciep\u0142ych nocy i upalnych dni. <\/p>\n<p>Sypialnia jest wykonana z oddychaj\u0105cego materia\u0142u z wstawkami z moskitiery, co zapewnia dobry klimat i wentylacj\u0119. Gwarantuje to przyjemny sen i \u015bwietn\u0105 cyrkulacj\u0119 powietrza w namiocie. <\/p>\n<p>Topeka 3 jest wykonana z lekkich materia\u0142\u00f3w i komponent\u00f3w, co zmniejsza wag\u0119 namiotu i wymiary po spakowaniu. Dzi\u0119ki temu mo\u017cesz nosi\u0107 mniej lub zabra\u0107 wi\u0119cej sprz\u0119tu, co sprawia, \u017ce w\u0119dr\u00f3wki i kemping s\u0105 \u0142atwiejsze i wygodniejsze. <\/p>\n<p><img decoding=\"async\" class=\"alignnone size-full wp-image-11617\" src=\"https:\/\/toidupakk.ee\/wp-content\/uploads\/2023\/07\/topeka-3-2.png\" alt=\"\" width=\"250\" height=\"250\" srcset=\"https:\/\/toidupakk.ee\/wp-content\/uploads\/2023\/07\/topeka-3-2.png 250w, https:\/\/toidupakk.ee\/wp-content\/uploads\/2023\/07\/topeka-3-2-100x100.png 100w\" sizes=\"(max-width: 250px) 100vw, 250px\" \/><\/p>\n<p>Tropik i pod\u0142oga s\u0105 wykonane z tkaniny z pow\u0142ok\u0105 poliuretanow\u0105, co zapewnia wodoodporno\u015b\u0107 nawet podczas ulewnego deszczu. Szwy s\u0105 podklejone, dzi\u0119ki czemu pozostaniesz w sucho\u015bci bez wzgl\u0119du na intensywno\u015b\u0107 opad\u00f3w. <\/p>\n<p>Topeka 3 posiada r\u00f3wnie\u017c odblaskowe odci\u0105gi, kt\u00f3re sprawiaj\u0105, \u017ce s\u0105 one lepiej widoczne w ciemno\u015bci. Pomaga to odnale\u017a\u0107 ob\u00f3z i zapobiega potykaniu si\u0119 wok\u00f3\u0142 namiotu. <\/p>\n<p>Sprawd\u017a inne akcesoria turystyczne <a href=\"https:\/\/toidupakk.ee\/pl\/tootekategooria\/sprzet-turystyczny\/#section-3-79\">TUTAJ<\/a><\/p>\n<p>Interesuj\u0105 Ci\u0119 posi\u0142ki turystyczne? Zobacz <a href=\"\/?product_cat=snakk#section-3-79\">TUTAJ<\/a><\/p>\n<p>Znajd\u017a inspiracj\u0119 na kolejne przygody na <a href=\"https:\/\/www.instagram.com\/toidupakk\/\">Instagramie<\/a> i <a href=\"https:\/\/www.facebook.com\/Toidupakk\/\">Facebooku<\/a> Toidupakk.<\/p>\n","protected":false},"excerpt":{"rendered":"<p>Topeka 3 to klasyczny namiot kopu\u0142owy dla 3\u20134 os\u00f3b i ich sprz\u0119tu. Namiot posiada przestronny przedsionek, kt\u00f3ry chroni rzeczy osobiste przed deszczem i wilgoci\u0105. System wentylacji \u201eGrandFlow\u201d zapewnia przep\u0142yw powietrza, nie wpuszczaj\u0105c do \u015brodka uci\u0105\u017cliwych owad\u00f3w. W upalne dni mo\u017cna u\u017cywa\u0107 samej sypialni. Namiot jest wykonany z lekkiej tkaniny, co u\u0142atwia jego przenoszenie. To idealny wyb\u00f3r na w\u0119dr\u00f3wki, kemping i inne wyprawy.     <\/p>\n<ul>\n<li><strong>Liczba miejsc:<\/strong> 3 do 4 os\u00f3b<\/li>\n<li><strong>Marka:<\/strong> GRAND CANYON\u00ae<\/li>\n<li><strong>Materia\u0142 tropiku:<\/strong> 100% poliester 68D (190T) \u2013 wodoodporny, wiatroszczelny, oddychaj\u0105cy<\/li>\n<li><strong>Materia\u0142 namiotu wewn\u0119trznego:<\/strong> wytrzyma\u0142a siatka (chroni przed komarami i innymi owadami)<\/li>\n<li><strong>Materia\u0142 pod\u0142ogi:<\/strong> polietylen powlekany poliuretanem<\/li>\n<li><strong>Pa\u0142\u0105ki:<\/strong> w\u0142\u00f3kno szklane<\/li>\n<li><strong>\u015aledzie:<\/strong> stal<\/li>\n<li><strong>Waga:<\/strong> 3900 gram\u00f3w<\/li>\n<li><strong>Wymiary:<\/strong> 18 x 60 cm (po spakowaniu)<\/li>\n<li><strong>Wodoodporno\u015b\u0107:<\/strong> 3000 mm tropik, 4000 mm pod\u0142oga<\/li>\n<li><strong>Dost\u0119pne kolory:<\/strong> zielony lub niebieski<\/li>\n<\/ul>\n<p>\u2705 Dost\u0119pne w magazynie, szybka dostawa w 1-3 dni robocze<br \/>\n\u2705 Kup teraz, zap\u0142a\u0107 p\u00f3\u017aniej (RRSO 0%)<\/p>\n","protected":false},"featured_media":52344,"comment_status":"open","ping_status":"closed","template":"","meta":{"_acf_changed":false},"product_brand":[],"product_cat":[303,312,314,301],"product_tag":[],"class_list":{"0":"post-52325","1":"product","2":"type-product","3":"status-publish","4":"has-post-thumbnail","6":"product_cat-akcesoria-turystyczne","7":"product_cat-namioty","8":"product_cat-nocowanie-w-naturze","9":"product_cat-sprzet-turystyczny","11":"first","12":"instock","13":"taxable","14":"shipping-taxable","15":"purchasable","16":"product-type-variable","17":"has-default-attributes"},"bundled_by":[],"bundle_stock_status":"instock","bundle_stock_quantity":null,"bundle_virtual":false,"bundle_layout":"","bundle_add_to_cart_form_location":"","bundle_editable_in_cart":false,"bundle_sold_individually_context":"","bundle_item_grouping":"","bundle_min_size":"","bundle_max_size":"","bundle_price":[],"bundled_items":[],"bundle_sell_ids":[],"acf":[],"yoast_head":"<!-- This site is optimized with the Yoast SEO plugin v27.3 - https:\/\/yoast.com\/product\/yoast-seo-wordpress\/ -->\n<title>Namiot Topeka 3<\/title>\n<meta name=\"description\" content=\"Namiot Topeka 3 jest przeznaczony dla trzech do czterech os\u00f3b, a jego niska waga i wodoodporno\u015b\u0107 czyni\u0105 go idealnym wyborem.\" \/>\n<meta name=\"robots\" content=\"index, follow, max-snippet:-1, max-image-preview:large, max-video-preview:-1\" \/>\n<link rel=\"canonical\" href=\"https:\/\/toidupakk.ee\/pl\/toode\/namiot-topeka-3\/\" \/>\n<meta property=\"og:locale\" content=\"pl_PL\" \/>\n<meta property=\"og:type\" content=\"article\" \/>\n<meta property=\"og:title\" content=\"Namiot Topeka 3\" \/>\n<meta property=\"og:description\" content=\"Namiot Topeka 3 jest przeznaczony dla trzech do czterech os\u00f3b, a jego niska waga i wodoodporno\u015b\u0107 czyni\u0105 go idealnym wyborem.\" \/>\n<meta property=\"og:url\" content=\"https:\/\/toidupakk.ee\/pl\/toode\/namiot-topeka-3\/\" \/>\n<meta property=\"og:site_name\" content=\"Toidupakk.ee - Tactical Foodpack toidupakid\" \/>\n<meta property=\"article:publisher\" content=\"https:\/\/www.facebook.com\/Toidupakk\" \/>\n<meta property=\"article:modified_time\" content=\"2026-04-29T12:32:00+00:00\" \/>\n<meta property=\"og:image\" content=\"https:\/\/toidupakk.ee\/wp-content\/uploads\/2023\/08\/3-4-inimese-telk-Topeka-3-Grand-Canyon-1.png\" \/>\n\t<meta property=\"og:image:width\" content=\"800\" \/>\n\t<meta property=\"og:image:height\" content=\"800\" \/>\n\t<meta property=\"og:image:type\" content=\"image\/png\" \/>\n<meta name=\"twitter:card\" content=\"summary_large_image\" \/>\n<meta name=\"twitter:label1\" content=\"Szacowany czas czytania\" \/>\n\t<meta name=\"twitter:data1\" content=\"1 minuta\" \/>\n<script type=\"application\/ld+json\" class=\"yoast-schema-graph\">{\"@context\":\"https:\\\/\\\/schema.org\",\"@graph\":[{\"@type\":\"WebPage\",\"@id\":\"https:\\\/\\\/toidupakk.ee\\\/pl\\\/toode\\\/namiot-topeka-3\\\/\",\"url\":\"https:\\\/\\\/toidupakk.ee\\\/pl\\\/toode\\\/namiot-topeka-3\\\/\",\"name\":\"Namiot Topeka 3\",\"isPartOf\":{\"@id\":\"https:\\\/\\\/toidupakk.ee\\\/pl\\\/#website\"},\"primaryImageOfPage\":{\"@id\":\"https:\\\/\\\/toidupakk.ee\\\/pl\\\/toode\\\/namiot-topeka-3\\\/#primaryimage\"},\"image\":{\"@id\":\"https:\\\/\\\/toidupakk.ee\\\/pl\\\/toode\\\/namiot-topeka-3\\\/#primaryimage\"},\"thumbnailUrl\":\"https:\\\/\\\/toidupakk.ee\\\/wp-content\\\/uploads\\\/2023\\\/08\\\/3-4-inimese-telk-Topeka-3-Grand-Canyon-1.png\",\"datePublished\":\"2023-08-17T11:54:46+00:00\",\"dateModified\":\"2026-04-29T12:32:00+00:00\",\"description\":\"Namiot Topeka 3 jest przeznaczony dla trzech do czterech os\u00f3b, a jego niska waga i wodoodporno\u015b\u0107 czyni\u0105 go idealnym wyborem.\",\"breadcrumb\":{\"@id\":\"https:\\\/\\\/toidupakk.ee\\\/pl\\\/toode\\\/namiot-topeka-3\\\/#breadcrumb\"},\"inLanguage\":\"pl-PL\",\"potentialAction\":[{\"@type\":\"ReadAction\",\"target\":[\"https:\\\/\\\/toidupakk.ee\\\/pl\\\/toode\\\/namiot-topeka-3\\\/\"]}]},{\"@type\":\"ImageObject\",\"inLanguage\":\"pl-PL\",\"@id\":\"https:\\\/\\\/toidupakk.ee\\\/pl\\\/toode\\\/namiot-topeka-3\\\/#primaryimage\",\"url\":\"https:\\\/\\\/toidupakk.ee\\\/wp-content\\\/uploads\\\/2023\\\/08\\\/3-4-inimese-telk-Topeka-3-Grand-Canyon-1.png\",\"contentUrl\":\"https:\\\/\\\/toidupakk.ee\\\/wp-content\\\/uploads\\\/2023\\\/08\\\/3-4-inimese-telk-Topeka-3-Grand-Canyon-1.png\",\"width\":800,\"height\":800},{\"@type\":\"BreadcrumbList\",\"@id\":\"https:\\\/\\\/toidupakk.ee\\\/pl\\\/toode\\\/namiot-topeka-3\\\/#breadcrumb\",\"itemListElement\":[{\"@type\":\"ListItem\",\"position\":1,\"name\":\"Avaleht\",\"item\":\"https:\\\/\\\/toidupakk.ee\\\/pl\\\/\"},{\"@type\":\"ListItem\",\"position\":2,\"name\":\"Sklep internetowy\",\"item\":\"https:\\\/\\\/toidupakk.ee\\\/pl\\\/sklep-internetowy\\\/\"},{\"@type\":\"ListItem\",\"position\":3,\"name\":\"Namiot Topeka 3\"}]},{\"@type\":\"WebSite\",\"@id\":\"https:\\\/\\\/toidupakk.ee\\\/pl\\\/#website\",\"url\":\"https:\\\/\\\/toidupakk.ee\\\/pl\\\/\",\"name\":\"Toidupakk.ee - Tactical Foodpack toidupakid\",\"description\":\"Tactical Foodpack k\u00fclmkuivatatud toidupakid ja matkaeined\",\"publisher\":{\"@id\":\"https:\\\/\\\/toidupakk.ee\\\/pl\\\/#organization\"},\"potentialAction\":[{\"@type\":\"SearchAction\",\"target\":{\"@type\":\"EntryPoint\",\"urlTemplate\":\"https:\\\/\\\/toidupakk.ee\\\/pl\\\/?s={search_term_string}\"},\"query-input\":{\"@type\":\"PropertyValueSpecification\",\"valueRequired\":true,\"valueName\":\"search_term_string\"}}],\"inLanguage\":\"pl-PL\"},{\"@type\":\"Organization\",\"@id\":\"https:\\\/\\\/toidupakk.ee\\\/pl\\\/#organization\",\"name\":\"Tactical Foodpack matkaeined\",\"url\":\"https:\\\/\\\/toidupakk.ee\\\/pl\\\/\",\"logo\":{\"@type\":\"ImageObject\",\"inLanguage\":\"pl-PL\",\"@id\":\"https:\\\/\\\/toidupakk.ee\\\/pl\\\/#\\\/schema\\\/logo\\\/image\\\/\",\"url\":\"https:\\\/\\\/toidupakk.ee\\\/wp-content\\\/uploads\\\/2022\\\/01\\\/Toidupakk-matkapood-logo-transparent.png\",\"contentUrl\":\"https:\\\/\\\/toidupakk.ee\\\/wp-content\\\/uploads\\\/2022\\\/01\\\/Toidupakk-matkapood-logo-transparent.png\",\"width\":500,\"height\":500,\"caption\":\"Tactical Foodpack matkaeined\"},\"image\":{\"@id\":\"https:\\\/\\\/toidupakk.ee\\\/pl\\\/#\\\/schema\\\/logo\\\/image\\\/\"},\"sameAs\":[\"https:\\\/\\\/www.facebook.com\\\/Toidupakk\",\"https:\\\/\\\/www.instagram.com\\\/toidupakk\\\/\"]}]}<\/script>\n<!-- \/ Yoast SEO plugin. -->","yoast_head_json":{"title":"Namiot Topeka 3","description":"Namiot Topeka 3 jest przeznaczony dla trzech do czterech os\u00f3b, a jego niska waga i wodoodporno\u015b\u0107 czyni\u0105 go idealnym wyborem.","robots":{"index":"index","follow":"follow","max-snippet":"max-snippet:-1","max-image-preview":"max-image-preview:large","max-video-preview":"max-video-preview:-1"},"canonical":"https:\/\/toidupakk.ee\/pl\/toode\/namiot-topeka-3\/","og_locale":"pl_PL","og_type":"article","og_title":"Namiot Topeka 3","og_description":"Namiot Topeka 3 jest przeznaczony dla trzech do czterech os\u00f3b, a jego niska waga i wodoodporno\u015b\u0107 czyni\u0105 go idealnym wyborem.","og_url":"https:\/\/toidupakk.ee\/pl\/toode\/namiot-topeka-3\/","og_site_name":"Toidupakk.ee - Tactical Foodpack toidupakid","article_publisher":"https:\/\/www.facebook.com\/Toidupakk","article_modified_time":"2026-04-29T12:32:00+00:00","og_image":[{"width":800,"height":800,"url":"https:\/\/toidupakk.ee\/wp-content\/uploads\/2023\/08\/3-4-inimese-telk-Topeka-3-Grand-Canyon-1.png","type":"image\/png"}],"twitter_card":"summary_large_image","twitter_misc":{"Szacowany czas czytania":"1 minuta"},"schema":{"@context":"https:\/\/schema.org","@graph":[{"@type":"WebPage","@id":"https:\/\/toidupakk.ee\/pl\/toode\/namiot-topeka-3\/","url":"https:\/\/toidupakk.ee\/pl\/toode\/namiot-topeka-3\/","name":"Namiot Topeka 3","isPartOf":{"@id":"https:\/\/toidupakk.ee\/pl\/#website"},"primaryImageOfPage":{"@id":"https:\/\/toidupakk.ee\/pl\/toode\/namiot-topeka-3\/#primaryimage"},"image":{"@id":"https:\/\/toidupakk.ee\/pl\/toode\/namiot-topeka-3\/#primaryimage"},"thumbnailUrl":"https:\/\/toidupakk.ee\/wp-content\/uploads\/2023\/08\/3-4-inimese-telk-Topeka-3-Grand-Canyon-1.png","datePublished":"2023-08-17T11:54:46+00:00","dateModified":"2026-04-29T12:32:00+00:00","description":"Namiot Topeka 3 jest przeznaczony dla trzech do czterech os\u00f3b, a jego niska waga i wodoodporno\u015b\u0107 czyni\u0105 go idealnym wyborem.","breadcrumb":{"@id":"https:\/\/toidupakk.ee\/pl\/toode\/namiot-topeka-3\/#breadcrumb"},"inLanguage":"pl-PL","potentialAction":[{"@type":"ReadAction","target":["https:\/\/toidupakk.ee\/pl\/toode\/namiot-topeka-3\/"]}]},{"@type":"ImageObject","inLanguage":"pl-PL","@id":"https:\/\/toidupakk.ee\/pl\/toode\/namiot-topeka-3\/#primaryimage","url":"https:\/\/toidupakk.ee\/wp-content\/uploads\/2023\/08\/3-4-inimese-telk-Topeka-3-Grand-Canyon-1.png","contentUrl":"https:\/\/toidupakk.ee\/wp-content\/uploads\/2023\/08\/3-4-inimese-telk-Topeka-3-Grand-Canyon-1.png","width":800,"height":800},{"@type":"BreadcrumbList","@id":"https:\/\/toidupakk.ee\/pl\/toode\/namiot-topeka-3\/#breadcrumb","itemListElement":[{"@type":"ListItem","position":1,"name":"Avaleht","item":"https:\/\/toidupakk.ee\/pl\/"},{"@type":"ListItem","position":2,"name":"Sklep internetowy","item":"https:\/\/toidupakk.ee\/pl\/sklep-internetowy\/"},{"@type":"ListItem","position":3,"name":"Namiot Topeka 3"}]},{"@type":"WebSite","@id":"https:\/\/toidupakk.ee\/pl\/#website","url":"https:\/\/toidupakk.ee\/pl\/","name":"Toidupakk.ee - Tactical Foodpack toidupakid","description":"Tactical Foodpack k\u00fclmkuivatatud toidupakid ja matkaeined","publisher":{"@id":"https:\/\/toidupakk.ee\/pl\/#organization"},"potentialAction":[{"@type":"SearchAction","target":{"@type":"EntryPoint","urlTemplate":"https:\/\/toidupakk.ee\/pl\/?s={search_term_string}"},"query-input":{"@type":"PropertyValueSpecification","valueRequired":true,"valueName":"search_term_string"}}],"inLanguage":"pl-PL"},{"@type":"Organization","@id":"https:\/\/toidupakk.ee\/pl\/#organization","name":"Tactical Foodpack matkaeined","url":"https:\/\/toidupakk.ee\/pl\/","logo":{"@type":"ImageObject","inLanguage":"pl-PL","@id":"https:\/\/toidupakk.ee\/pl\/#\/schema\/logo\/image\/","url":"https:\/\/toidupakk.ee\/wp-content\/uploads\/2022\/01\/Toidupakk-matkapood-logo-transparent.png","contentUrl":"https:\/\/toidupakk.ee\/wp-content\/uploads\/2022\/01\/Toidupakk-matkapood-logo-transparent.png","width":500,"height":500,"caption":"Tactical Foodpack matkaeined"},"image":{"@id":"https:\/\/toidupakk.ee\/pl\/#\/schema\/logo\/image\/"},"sameAs":["https:\/\/www.facebook.com\/Toidupakk","https:\/\/www.instagram.com\/toidupakk\/"]}]}},"jetpack_sharing_enabled":true,"_links":{"self":[{"href":"https:\/\/toidupakk.ee\/pl\/wp-json\/wp\/v2\/product\/52325","targetHints":{"allow":["GET"]}}],"collection":[{"href":"https:\/\/toidupakk.ee\/pl\/wp-json\/wp\/v2\/product"}],"about":[{"href":"https:\/\/toidupakk.ee\/pl\/wp-json\/wp\/v2\/types\/product"}],"replies":[{"embeddable":true,"href":"https:\/\/toidupakk.ee\/pl\/wp-json\/wp\/v2\/comments?post=52325"}],"wp:featuredmedia":[{"embeddable":true,"href":"https:\/\/toidupakk.ee\/pl\/wp-json\/wp\/v2\/media\/52344"}],"wp:attachment":[{"href":"https:\/\/toidupakk.ee\/pl\/wp-json\/wp\/v2\/media?parent=52325"}],"wp:term":[{"taxonomy":"product_brand","embeddable":true,"href":"https:\/\/toidupakk.ee\/pl\/wp-json\/wp\/v2\/product_brand?post=52325"},{"taxonomy":"product_cat","embeddable":true,"href":"https:\/\/toidupakk.ee\/pl\/wp-json\/wp\/v2\/product_cat?post=52325"},{"taxonomy":"product_tag","embeddable":true,"href":"https:\/\/toidupakk.ee\/pl\/wp-json\/wp\/v2\/product_tag?post=52325"}],"curies":[{"name":"wp","href":"https:\/\/api.w.org\/{rel}","templated":true}]}}