{"id":52323,"date":"2023-08-16T13:34:43","date_gmt":"2023-08-16T10:34:43","guid":{"rendered":"https:\/\/toidupakk.ee\/toode\/czapka-z-daszkiem-baseball-sniper-zielona\/"},"modified":"2026-04-04T01:00:59","modified_gmt":"2026-04-03T22:00:59","slug":"czapka-z-daszkiem-baseball-sniper-zielona","status":"publish","type":"product","link":"https:\/\/toidupakk.ee\/pl\/toode\/czapka-z-daszkiem-baseball-sniper-zielona\/","title":{"rendered":"Czapka z daszkiem Baseball Sniper (zielona)"},"content":{"rendered":"<p>Baseball Sniper to modna i praktyczna czapka bejsbol\u00f3wka, zaprojektowana z my\u015bl\u0105 o komforcie w ka\u017cdej sytuacji. Elastyczny pasek zapewnia idealne dopasowanie do r\u00f3\u017cnych rozmiar\u00f3w g\u0142owy (one size). Wykonana z wysokiej jako\u015bci lekkiego materia\u0142u, jest idealnym towarzyszem codziennych aktywno\u015bci i przyg\u00f3d w terenie.  <\/p>\n<p>Czapka Baseball Sniper wyr\u00f3\u017cnia si\u0119 prostym, ponadczasowym designem z zakrzywionym daszkiem o wy\u017cszym profilu. Skutecznie chroni oczy przed ostrym s\u0142o\u0144cem podczas spacer\u00f3w czy w\u0119dr\u00f3wek. Os\u0142ania te\u017c twarz przed wiatrem, zapewniaj\u0105c komfort nawet w ch\u0142odniejsze dni.  <\/p>\n<p>Marka Fostex Garments s\u0142ynie z wysokiej jako\u015bci odzie\u017cy i akcesori\u00f3w, a ta bejsbol\u00f3wka nie jest wyj\u0105tkiem. Gwarantuje trwa\u0142o\u015b\u0107 i niezawodno\u015b\u0107. Prosty, elegancki design sprawia, \u017ce to uniwersalny wyb\u00f3r dla kobiet i m\u0119\u017cczyzn, pasuj\u0105cy do codziennych i sportowych stylizacji.  <\/p>\n<p>Znajd\u017a inspiracj\u0119 na kolejne przygody na <a href=\"https:\/\/www.instagram.com\/toidupakk\/\">Instagramie<\/a> i <a href=\"https:\/\/www.facebook.com\/Toidupakk\/\">Facebooku<\/a> Toidupakk.<\/p>\n<p>Zobacz sprz\u0119t turystyczny <a href=\"https:\/\/toidupakk.ee\/pl\/tootekategooria\/sprzet-turystyczny\/#section-3-79\">TUTAJ<\/a>.<\/p>\n","protected":false},"excerpt":{"rendered":"<p>Czapka z daszkiem Baseball Sniper jest modna i praktyczna, idealna na ka\u017cd\u0105 okazj\u0119. Prosty fason unisex i elastyczny pasek zapewniaj\u0105 \u015bwietne dopasowanie, a zakrzywiony daszek chroni oczy przed s\u0142o\u0144cem.  <\/p>\n<p>\u2705 Szybka dostawa do paczkomatu w 1-3 dni robocze<br \/>\n\u2705 BEZP\u0141ATNY zwrot i wymiana<\/p>\n","protected":false},"featured_media":52324,"comment_status":"open","ping_status":"closed","template":"","meta":{"_acf_changed":false},"product_brand":[],"product_cat":[303,385,319,301],"product_tag":[],"class_list":{"0":"post-52323","1":"product","2":"type-product","3":"status-publish","4":"has-post-thumbnail","6":"product_cat-akcesoria-turystyczne","7":"product_cat-czapki-z-daszkiem","8":"product_cat-odziez","9":"product_cat-sprzet-turystyczny","11":"first","12":"instock","13":"sale","14":"taxable","15":"shipping-taxable","16":"purchasable","17":"product-type-simple"},"bundled_by":[],"bundle_stock_status":"instock","bundle_stock_quantity":5,"bundle_virtual":false,"bundle_layout":"","bundle_add_to_cart_form_location":"","bundle_editable_in_cart":false,"bundle_sold_individually_context":"","bundle_item_grouping":"","bundle_min_size":"","bundle_max_size":"","bundle_price":[],"bundled_items":[],"bundle_sell_ids":[],"acf":[],"yoast_head":"<!-- This site is optimized with the Yoast SEO plugin v27.1.1 - https:\/\/yoast.com\/product\/yoast-seo-wordpress\/ -->\n<title>Czapka z daszkiem Baseball Sniper (zielona)<\/title>\n<meta name=\"description\" content=\"Czapka z daszkiem Baseball Sniper to praktyczny i stylowy wyb\u00f3r, zapewniaj\u0105cy wygod\u0119 oraz ochron\u0119 przed s\u0142o\u0144cem i wiatrem.\" \/>\n<meta name=\"robots\" content=\"index, follow, max-snippet:-1, max-image-preview:large, max-video-preview:-1\" \/>\n<link rel=\"canonical\" href=\"https:\/\/toidupakk.ee\/pl\/toode\/czapka-z-daszkiem-baseball-sniper-zielona\/\" \/>\n<meta property=\"og:locale\" content=\"pl_PL\" \/>\n<meta property=\"og:type\" content=\"article\" \/>\n<meta property=\"og:title\" content=\"Czapka z daszkiem Baseball Sniper (zielona)\" \/>\n<meta property=\"og:description\" content=\"Czapka z daszkiem Baseball Sniper to praktyczny i stylowy wyb\u00f3r, zapewniaj\u0105cy wygod\u0119 oraz ochron\u0119 przed s\u0142o\u0144cem i wiatrem.\" \/>\n<meta property=\"og:url\" content=\"https:\/\/toidupakk.ee\/pl\/toode\/czapka-z-daszkiem-baseball-sniper-zielona\/\" \/>\n<meta property=\"og:site_name\" content=\"Toidupakk.ee - Tactical Foodpack toidupakid\" \/>\n<meta property=\"article:publisher\" content=\"https:\/\/www.facebook.com\/Toidupakk\" \/>\n<meta property=\"article:modified_time\" content=\"2026-04-03T22:00:59+00:00\" \/>\n<meta property=\"og:image\" content=\"https:\/\/toidupakk.ee\/wp-content\/uploads\/2023\/08\/Baseball-Sniper-nokamuts119.png\" \/>\n\t<meta property=\"og:image:width\" content=\"1080\" \/>\n\t<meta property=\"og:image:height\" content=\"1080\" \/>\n\t<meta property=\"og:image:type\" content=\"image\/png\" \/>\n<meta name=\"twitter:card\" content=\"summary_large_image\" \/>\n<meta name=\"twitter:label1\" content=\"Szacowany czas czytania\" \/>\n\t<meta name=\"twitter:data1\" content=\"1 minuta\" \/>\n<script type=\"application\/ld+json\" class=\"yoast-schema-graph\">{\"@context\":\"https:\/\/schema.org\",\"@graph\":[{\"@type\":\"WebPage\",\"@id\":\"https:\/\/toidupakk.ee\/pl\/toode\/czapka-z-daszkiem-baseball-sniper-zielona\/\",\"url\":\"https:\/\/toidupakk.ee\/pl\/toode\/czapka-z-daszkiem-baseball-sniper-zielona\/\",\"name\":\"Czapka z daszkiem Baseball Sniper (zielona)\",\"isPartOf\":{\"@id\":\"https:\/\/toidupakk.ee\/pl\/#website\"},\"primaryImageOfPage\":{\"@id\":\"https:\/\/toidupakk.ee\/pl\/toode\/czapka-z-daszkiem-baseball-sniper-zielona\/#primaryimage\"},\"image\":{\"@id\":\"https:\/\/toidupakk.ee\/pl\/toode\/czapka-z-daszkiem-baseball-sniper-zielona\/#primaryimage\"},\"thumbnailUrl\":\"https:\/\/toidupakk.ee\/wp-content\/uploads\/2023\/08\/Baseball-Sniper-nokamuts119.png\",\"datePublished\":\"2023-08-16T10:34:43+00:00\",\"dateModified\":\"2026-04-03T22:00:59+00:00\",\"description\":\"Czapka z daszkiem Baseball Sniper to praktyczny i stylowy wyb\u00f3r, zapewniaj\u0105cy wygod\u0119 oraz ochron\u0119 przed s\u0142o\u0144cem i wiatrem.\",\"breadcrumb\":{\"@id\":\"https:\/\/toidupakk.ee\/pl\/toode\/czapka-z-daszkiem-baseball-sniper-zielona\/#breadcrumb\"},\"inLanguage\":\"pl-PL\",\"potentialAction\":[{\"@type\":\"ReadAction\",\"target\":[\"https:\/\/toidupakk.ee\/pl\/toode\/czapka-z-daszkiem-baseball-sniper-zielona\/\"]}]},{\"@type\":\"ImageObject\",\"inLanguage\":\"pl-PL\",\"@id\":\"https:\/\/toidupakk.ee\/pl\/toode\/czapka-z-daszkiem-baseball-sniper-zielona\/#primaryimage\",\"url\":\"https:\/\/toidupakk.ee\/wp-content\/uploads\/2023\/08\/Baseball-Sniper-nokamuts119.png\",\"contentUrl\":\"https:\/\/toidupakk.ee\/wp-content\/uploads\/2023\/08\/Baseball-Sniper-nokamuts119.png\",\"width\":1080,\"height\":1080,\"caption\":\"Czapka z daszkiem Baseball Sniper 3\"},{\"@type\":\"BreadcrumbList\",\"@id\":\"https:\/\/toidupakk.ee\/pl\/toode\/czapka-z-daszkiem-baseball-sniper-zielona\/#breadcrumb\",\"itemListElement\":[{\"@type\":\"ListItem\",\"position\":1,\"name\":\"Avaleht\",\"item\":\"https:\/\/toidupakk.ee\/pl\/\"},{\"@type\":\"ListItem\",\"position\":2,\"name\":\"Sklep internetowy\",\"item\":\"https:\/\/toidupakk.ee\/pl\/sklep-internetowy\/\"},{\"@type\":\"ListItem\",\"position\":3,\"name\":\"Czapka z daszkiem Baseball Sniper (zielona)\"}]},{\"@type\":\"WebSite\",\"@id\":\"https:\/\/toidupakk.ee\/pl\/#website\",\"url\":\"https:\/\/toidupakk.ee\/pl\/\",\"name\":\"Toidupakk.ee - Tactical Foodpack toidupakid\",\"description\":\"Tactical Foodpack k\u00fclmkuivatatud toidupakid ja matkaeined\",\"publisher\":{\"@id\":\"https:\/\/toidupakk.ee\/pl\/#organization\"},\"potentialAction\":[{\"@type\":\"SearchAction\",\"target\":{\"@type\":\"EntryPoint\",\"urlTemplate\":\"https:\/\/toidupakk.ee\/pl\/?s={search_term_string}\"},\"query-input\":{\"@type\":\"PropertyValueSpecification\",\"valueRequired\":true,\"valueName\":\"search_term_string\"}}],\"inLanguage\":\"pl-PL\"},{\"@type\":\"Organization\",\"@id\":\"https:\/\/toidupakk.ee\/pl\/#organization\",\"name\":\"Tactical Foodpack matkaeined\",\"url\":\"https:\/\/toidupakk.ee\/pl\/\",\"logo\":{\"@type\":\"ImageObject\",\"inLanguage\":\"pl-PL\",\"@id\":\"https:\/\/toidupakk.ee\/pl\/#\/schema\/logo\/image\/\",\"url\":\"https:\/\/toidupakk.ee\/wp-content\/uploads\/2022\/01\/Toidupakk-matkapood-logo-transparent.png\",\"contentUrl\":\"https:\/\/toidupakk.ee\/wp-content\/uploads\/2022\/01\/Toidupakk-matkapood-logo-transparent.png\",\"width\":500,\"height\":500,\"caption\":\"Tactical Foodpack matkaeined\"},\"image\":{\"@id\":\"https:\/\/toidupakk.ee\/pl\/#\/schema\/logo\/image\/\"},\"sameAs\":[\"https:\/\/www.facebook.com\/Toidupakk\",\"https:\/\/www.instagram.com\/toidupakk\/\"]}]}<\/script>\n<!-- \/ Yoast SEO plugin. -->","yoast_head_json":{"title":"Czapka z daszkiem Baseball Sniper (zielona)","description":"Czapka z daszkiem Baseball Sniper to praktyczny i stylowy wyb\u00f3r, zapewniaj\u0105cy wygod\u0119 oraz ochron\u0119 przed s\u0142o\u0144cem i wiatrem.","robots":{"index":"index","follow":"follow","max-snippet":"max-snippet:-1","max-image-preview":"max-image-preview:large","max-video-preview":"max-video-preview:-1"},"canonical":"https:\/\/toidupakk.ee\/pl\/toode\/czapka-z-daszkiem-baseball-sniper-zielona\/","og_locale":"pl_PL","og_type":"article","og_title":"Czapka z daszkiem Baseball Sniper (zielona)","og_description":"Czapka z daszkiem Baseball Sniper to praktyczny i stylowy wyb\u00f3r, zapewniaj\u0105cy wygod\u0119 oraz ochron\u0119 przed s\u0142o\u0144cem i wiatrem.","og_url":"https:\/\/toidupakk.ee\/pl\/toode\/czapka-z-daszkiem-baseball-sniper-zielona\/","og_site_name":"Toidupakk.ee - Tactical Foodpack toidupakid","article_publisher":"https:\/\/www.facebook.com\/Toidupakk","article_modified_time":"2026-04-03T22:00:59+00:00","og_image":[{"width":1080,"height":1080,"url":"https:\/\/toidupakk.ee\/wp-content\/uploads\/2023\/08\/Baseball-Sniper-nokamuts119.png","type":"image\/png"}],"twitter_card":"summary_large_image","twitter_misc":{"Szacowany czas czytania":"1 minuta"},"schema":{"@context":"https:\/\/schema.org","@graph":[{"@type":"WebPage","@id":"https:\/\/toidupakk.ee\/pl\/toode\/czapka-z-daszkiem-baseball-sniper-zielona\/","url":"https:\/\/toidupakk.ee\/pl\/toode\/czapka-z-daszkiem-baseball-sniper-zielona\/","name":"Czapka z daszkiem Baseball Sniper (zielona)","isPartOf":{"@id":"https:\/\/toidupakk.ee\/pl\/#website"},"primaryImageOfPage":{"@id":"https:\/\/toidupakk.ee\/pl\/toode\/czapka-z-daszkiem-baseball-sniper-zielona\/#primaryimage"},"image":{"@id":"https:\/\/toidupakk.ee\/pl\/toode\/czapka-z-daszkiem-baseball-sniper-zielona\/#primaryimage"},"thumbnailUrl":"https:\/\/toidupakk.ee\/wp-content\/uploads\/2023\/08\/Baseball-Sniper-nokamuts119.png","datePublished":"2023-08-16T10:34:43+00:00","dateModified":"2026-04-03T22:00:59+00:00","description":"Czapka z daszkiem Baseball Sniper to praktyczny i stylowy wyb\u00f3r, zapewniaj\u0105cy wygod\u0119 oraz ochron\u0119 przed s\u0142o\u0144cem i wiatrem.","breadcrumb":{"@id":"https:\/\/toidupakk.ee\/pl\/toode\/czapka-z-daszkiem-baseball-sniper-zielona\/#breadcrumb"},"inLanguage":"pl-PL","potentialAction":[{"@type":"ReadAction","target":["https:\/\/toidupakk.ee\/pl\/toode\/czapka-z-daszkiem-baseball-sniper-zielona\/"]}]},{"@type":"ImageObject","inLanguage":"pl-PL","@id":"https:\/\/toidupakk.ee\/pl\/toode\/czapka-z-daszkiem-baseball-sniper-zielona\/#primaryimage","url":"https:\/\/toidupakk.ee\/wp-content\/uploads\/2023\/08\/Baseball-Sniper-nokamuts119.png","contentUrl":"https:\/\/toidupakk.ee\/wp-content\/uploads\/2023\/08\/Baseball-Sniper-nokamuts119.png","width":1080,"height":1080,"caption":"Czapka z daszkiem Baseball Sniper 3"},{"@type":"BreadcrumbList","@id":"https:\/\/toidupakk.ee\/pl\/toode\/czapka-z-daszkiem-baseball-sniper-zielona\/#breadcrumb","itemListElement":[{"@type":"ListItem","position":1,"name":"Avaleht","item":"https:\/\/toidupakk.ee\/pl\/"},{"@type":"ListItem","position":2,"name":"Sklep internetowy","item":"https:\/\/toidupakk.ee\/pl\/sklep-internetowy\/"},{"@type":"ListItem","position":3,"name":"Czapka z daszkiem Baseball Sniper (zielona)"}]},{"@type":"WebSite","@id":"https:\/\/toidupakk.ee\/pl\/#website","url":"https:\/\/toidupakk.ee\/pl\/","name":"Toidupakk.ee - Tactical Foodpack toidupakid","description":"Tactical Foodpack k\u00fclmkuivatatud toidupakid ja matkaeined","publisher":{"@id":"https:\/\/toidupakk.ee\/pl\/#organization"},"potentialAction":[{"@type":"SearchAction","target":{"@type":"EntryPoint","urlTemplate":"https:\/\/toidupakk.ee\/pl\/?s={search_term_string}"},"query-input":{"@type":"PropertyValueSpecification","valueRequired":true,"valueName":"search_term_string"}}],"inLanguage":"pl-PL"},{"@type":"Organization","@id":"https:\/\/toidupakk.ee\/pl\/#organization","name":"Tactical Foodpack matkaeined","url":"https:\/\/toidupakk.ee\/pl\/","logo":{"@type":"ImageObject","inLanguage":"pl-PL","@id":"https:\/\/toidupakk.ee\/pl\/#\/schema\/logo\/image\/","url":"https:\/\/toidupakk.ee\/wp-content\/uploads\/2022\/01\/Toidupakk-matkapood-logo-transparent.png","contentUrl":"https:\/\/toidupakk.ee\/wp-content\/uploads\/2022\/01\/Toidupakk-matkapood-logo-transparent.png","width":500,"height":500,"caption":"Tactical Foodpack matkaeined"},"image":{"@id":"https:\/\/toidupakk.ee\/pl\/#\/schema\/logo\/image\/"},"sameAs":["https:\/\/www.facebook.com\/Toidupakk","https:\/\/www.instagram.com\/toidupakk\/"]}]}},"jetpack_sharing_enabled":true,"_links":{"self":[{"href":"https:\/\/toidupakk.ee\/pl\/wp-json\/wp\/v2\/product\/52323","targetHints":{"allow":["GET"]}}],"collection":[{"href":"https:\/\/toidupakk.ee\/pl\/wp-json\/wp\/v2\/product"}],"about":[{"href":"https:\/\/toidupakk.ee\/pl\/wp-json\/wp\/v2\/types\/product"}],"replies":[{"embeddable":true,"href":"https:\/\/toidupakk.ee\/pl\/wp-json\/wp\/v2\/comments?post=52323"}],"wp:featuredmedia":[{"embeddable":true,"href":"https:\/\/toidupakk.ee\/pl\/wp-json\/wp\/v2\/media\/52324"}],"wp:attachment":[{"href":"https:\/\/toidupakk.ee\/pl\/wp-json\/wp\/v2\/media?parent=52323"}],"wp:term":[{"taxonomy":"product_brand","embeddable":true,"href":"https:\/\/toidupakk.ee\/pl\/wp-json\/wp\/v2\/product_brand?post=52323"},{"taxonomy":"product_cat","embeddable":true,"href":"https:\/\/toidupakk.ee\/pl\/wp-json\/wp\/v2\/product_cat?post=52323"},{"taxonomy":"product_tag","embeddable":true,"href":"https:\/\/toidupakk.ee\/pl\/wp-json\/wp\/v2\/product_tag?post=52323"}],"curies":[{"name":"wp","href":"https:\/\/api.w.org\/{rel}","templated":true}]}}