{"id":52308,"date":"2023-08-16T13:32:47","date_gmt":"2023-08-16T10:32:47","guid":{"rendered":"https:\/\/toidupakk.ee\/toode\/czapka-z-daszkiem-fostex-niebieska\/"},"modified":"2026-04-14T11:00:52","modified_gmt":"2026-04-14T08:00:52","slug":"czapka-z-daszkiem-fostex-niebieska","status":"publish","type":"product","link":"https:\/\/toidupakk.ee\/pl\/toode\/czapka-z-daszkiem-fostex-niebieska\/","title":{"rendered":"Czapka z daszkiem Fostex (niebieska)"},"content":{"rendered":"<p>Czapka z daszkiem Fostex to wysokiej jako\u015bci stylowy dodatek. Jej design inspirowany klasyczn\u0105 bejsbol\u00f3wk\u0105 sprawia, \u017ce jest to uniwersalny wyb\u00f3r na co dzie\u0144 i do r\u00f3\u017cnych aktywno\u015bci, takich jak imprezy sportowe, w\u0119dr\u00f3wki czy wypoczynek. <\/p>\n<p>Czapka Fostex jest wykonana z wytrzyma\u0142ego materia\u0142u, zapewniaj\u0105c jako\u015b\u0107 i wygod\u0119. Doda Twojej stylizacji charakteru, pomagaj\u0105c Ci wyr\u00f3\u017cni\u0107 si\u0119 w t\u0142umie lub po prostu podczas codziennych zaj\u0119\u0107. Stylowa kolorystyka \u015bwietnie pasuje do r\u00f3\u017cnych zestaw\u00f3w ubra\u0144.  <\/p>\n<p>Marka Fostex Garments s\u0142ynie z wysokiej jako\u015bci produkt\u00f3w, a ta czapka nie jest wyj\u0105tkiem. Renoma marki gwarantuje trwa\u0142o\u015b\u0107 i odporno\u015b\u0107 na zu\u017cycie, spe\u0142niaj\u0105c oczekiwania nawet najbardziej wymagaj\u0105cych u\u017cytkownik\u00f3w. To niezawodny dodatek, kt\u00f3ry b\u0119dziesz nosi\u0107 przez d\u0142ugi czas bez obaw o utrat\u0119 jako\u015bci.  <\/p>\n<p>Znajd\u017a inspiracj\u0119 na kolejne przygody na <a href=\"https:\/\/www.instagram.com\/toidupakk\/\">Instagramie<\/a> i <a href=\"https:\/\/www.facebook.com\/Toidupakk\/\">Facebooku<\/a> Toidupakk.<\/p>\n<p>Zobacz sprz\u0119t turystyczny <a href=\"https:\/\/toidupakk.ee\/pl\/tootekategooria\/sprzet-turystyczny\/#section-3-79\">TUTAJ<\/a>.<\/p>\n","protected":false},"excerpt":{"rendered":"<p>Czapka z daszkiem Fostex to stylowy produkt wysokiej jako\u015bci, idealny na co dzie\u0144 i do aktywno\u015bci. Ta klasyczna bejsbol\u00f3wka jest wykonana z trwa\u0142ego materia\u0142u, zapewniaj\u0105c wygod\u0119 i styl. <\/p>\n<p>\u2705 Czas dostawy: 1-3 dni robocze<br \/>\n\u2705 BEZP\u0141ATNY zwrot i wymiana<\/p>\n","protected":false},"featured_media":12506,"comment_status":"open","ping_status":"closed","template":"","meta":{"_acf_changed":false},"product_brand":[],"product_cat":[303,385,319,301],"product_tag":[],"class_list":{"0":"post-52308","1":"product","2":"type-product","3":"status-publish","4":"has-post-thumbnail","6":"product_cat-akcesoria-turystyczne","7":"product_cat-czapki-z-daszkiem","8":"product_cat-odziez","9":"product_cat-sprzet-turystyczny","11":"first","12":"instock","13":"sale","14":"taxable","15":"shipping-taxable","16":"purchasable","17":"product-type-simple"},"bundled_by":[],"bundle_stock_status":"instock","bundle_stock_quantity":7,"bundle_virtual":false,"bundle_layout":"","bundle_add_to_cart_form_location":"","bundle_editable_in_cart":false,"bundle_sold_individually_context":"","bundle_item_grouping":"","bundle_min_size":"","bundle_max_size":"","bundle_price":[],"bundled_items":[],"bundle_sell_ids":[],"acf":[],"yoast_head":"<!-- This site is optimized with the Yoast SEO plugin v27.3 - https:\/\/yoast.com\/product\/yoast-seo-wordpress\/ -->\n<title>Czapka z daszkiem Fostex (niebieska)<\/title>\n<meta name=\"description\" content=\"Czapka z daszkiem Fostex \u015bwietnie sprawdza si\u0119 podczas wszelkich aktywno\u015bci. To doskona\u0142y wyb\u00f3r dla os\u00f3b ceni\u0105cych jako\u015b\u0107, mod\u0119 i funkcjonalno\u015b\u0107 dodatk\u00f3w.\" \/>\n<meta name=\"robots\" content=\"index, follow, max-snippet:-1, max-image-preview:large, max-video-preview:-1\" \/>\n<link rel=\"canonical\" href=\"https:\/\/toidupakk.ee\/pl\/toode\/czapka-z-daszkiem-fostex-niebieska\/\" \/>\n<meta property=\"og:locale\" content=\"pl_PL\" \/>\n<meta property=\"og:type\" content=\"article\" \/>\n<meta property=\"og:title\" content=\"Czapka z daszkiem Fostex (niebieska)\" \/>\n<meta property=\"og:description\" content=\"Czapka z daszkiem Fostex \u015bwietnie sprawdza si\u0119 podczas wszelkich aktywno\u015bci. To doskona\u0142y wyb\u00f3r dla os\u00f3b ceni\u0105cych jako\u015b\u0107, mod\u0119 i funkcjonalno\u015b\u0107 dodatk\u00f3w.\" \/>\n<meta property=\"og:url\" content=\"https:\/\/toidupakk.ee\/pl\/toode\/czapka-z-daszkiem-fostex-niebieska\/\" \/>\n<meta property=\"og:site_name\" content=\"Toidupakk.ee - Tactical Foodpack toidupakid\" \/>\n<meta property=\"article:publisher\" content=\"https:\/\/www.facebook.com\/Toidupakk\" \/>\n<meta property=\"article:modified_time\" content=\"2026-04-14T08:00:52+00:00\" \/>\n<meta property=\"og:image\" content=\"https:\/\/toidupakk.ee\/wp-content\/uploads\/2023\/08\/Nokamuts-Fostex125.png\" \/>\n\t<meta property=\"og:image:width\" content=\"1080\" \/>\n\t<meta property=\"og:image:height\" content=\"1080\" \/>\n\t<meta property=\"og:image:type\" content=\"image\/png\" \/>\n<meta name=\"twitter:card\" content=\"summary_large_image\" \/>\n<meta name=\"twitter:label1\" content=\"Szacowany czas czytania\" \/>\n\t<meta name=\"twitter:data1\" content=\"1 minuta\" \/>\n<script type=\"application\/ld+json\" class=\"yoast-schema-graph\">{\"@context\":\"https:\\\/\\\/schema.org\",\"@graph\":[{\"@type\":\"WebPage\",\"@id\":\"https:\\\/\\\/toidupakk.ee\\\/pl\\\/toode\\\/czapka-z-daszkiem-fostex-niebieska\\\/\",\"url\":\"https:\\\/\\\/toidupakk.ee\\\/pl\\\/toode\\\/czapka-z-daszkiem-fostex-niebieska\\\/\",\"name\":\"Czapka z daszkiem Fostex (niebieska)\",\"isPartOf\":{\"@id\":\"https:\\\/\\\/toidupakk.ee\\\/pl\\\/#website\"},\"primaryImageOfPage\":{\"@id\":\"https:\\\/\\\/toidupakk.ee\\\/pl\\\/toode\\\/czapka-z-daszkiem-fostex-niebieska\\\/#primaryimage\"},\"image\":{\"@id\":\"https:\\\/\\\/toidupakk.ee\\\/pl\\\/toode\\\/czapka-z-daszkiem-fostex-niebieska\\\/#primaryimage\"},\"thumbnailUrl\":\"https:\\\/\\\/toidupakk.ee\\\/wp-content\\\/uploads\\\/2023\\\/08\\\/Nokamuts-Fostex125.png\",\"datePublished\":\"2023-08-16T10:32:47+00:00\",\"dateModified\":\"2026-04-14T08:00:52+00:00\",\"description\":\"Czapka z daszkiem Fostex \u015bwietnie sprawdza si\u0119 podczas wszelkich aktywno\u015bci. To doskona\u0142y wyb\u00f3r dla os\u00f3b ceni\u0105cych jako\u015b\u0107, mod\u0119 i funkcjonalno\u015b\u0107 dodatk\u00f3w.\",\"breadcrumb\":{\"@id\":\"https:\\\/\\\/toidupakk.ee\\\/pl\\\/toode\\\/czapka-z-daszkiem-fostex-niebieska\\\/#breadcrumb\"},\"inLanguage\":\"pl-PL\",\"potentialAction\":[{\"@type\":\"ReadAction\",\"target\":[\"https:\\\/\\\/toidupakk.ee\\\/pl\\\/toode\\\/czapka-z-daszkiem-fostex-niebieska\\\/\"]}]},{\"@type\":\"ImageObject\",\"inLanguage\":\"pl-PL\",\"@id\":\"https:\\\/\\\/toidupakk.ee\\\/pl\\\/toode\\\/czapka-z-daszkiem-fostex-niebieska\\\/#primaryimage\",\"url\":\"https:\\\/\\\/toidupakk.ee\\\/wp-content\\\/uploads\\\/2023\\\/08\\\/Nokamuts-Fostex125.png\",\"contentUrl\":\"https:\\\/\\\/toidupakk.ee\\\/wp-content\\\/uploads\\\/2023\\\/08\\\/Nokamuts-Fostex125.png\",\"width\":1080,\"height\":1080,\"caption\":\"Nokam\u00fcts Fostex 1\"},{\"@type\":\"BreadcrumbList\",\"@id\":\"https:\\\/\\\/toidupakk.ee\\\/pl\\\/toode\\\/czapka-z-daszkiem-fostex-niebieska\\\/#breadcrumb\",\"itemListElement\":[{\"@type\":\"ListItem\",\"position\":1,\"name\":\"Avaleht\",\"item\":\"https:\\\/\\\/toidupakk.ee\\\/pl\\\/\"},{\"@type\":\"ListItem\",\"position\":2,\"name\":\"Sklep internetowy\",\"item\":\"https:\\\/\\\/toidupakk.ee\\\/pl\\\/sklep-internetowy\\\/\"},{\"@type\":\"ListItem\",\"position\":3,\"name\":\"Czapka z daszkiem Fostex (niebieska)\"}]},{\"@type\":\"WebSite\",\"@id\":\"https:\\\/\\\/toidupakk.ee\\\/pl\\\/#website\",\"url\":\"https:\\\/\\\/toidupakk.ee\\\/pl\\\/\",\"name\":\"Toidupakk.ee - Tactical Foodpack toidupakid\",\"description\":\"Tactical Foodpack k\u00fclmkuivatatud toidupakid ja matkaeined\",\"publisher\":{\"@id\":\"https:\\\/\\\/toidupakk.ee\\\/pl\\\/#organization\"},\"potentialAction\":[{\"@type\":\"SearchAction\",\"target\":{\"@type\":\"EntryPoint\",\"urlTemplate\":\"https:\\\/\\\/toidupakk.ee\\\/pl\\\/?s={search_term_string}\"},\"query-input\":{\"@type\":\"PropertyValueSpecification\",\"valueRequired\":true,\"valueName\":\"search_term_string\"}}],\"inLanguage\":\"pl-PL\"},{\"@type\":\"Organization\",\"@id\":\"https:\\\/\\\/toidupakk.ee\\\/pl\\\/#organization\",\"name\":\"Tactical Foodpack matkaeined\",\"url\":\"https:\\\/\\\/toidupakk.ee\\\/pl\\\/\",\"logo\":{\"@type\":\"ImageObject\",\"inLanguage\":\"pl-PL\",\"@id\":\"https:\\\/\\\/toidupakk.ee\\\/pl\\\/#\\\/schema\\\/logo\\\/image\\\/\",\"url\":\"https:\\\/\\\/toidupakk.ee\\\/wp-content\\\/uploads\\\/2022\\\/01\\\/Toidupakk-matkapood-logo-transparent.png\",\"contentUrl\":\"https:\\\/\\\/toidupakk.ee\\\/wp-content\\\/uploads\\\/2022\\\/01\\\/Toidupakk-matkapood-logo-transparent.png\",\"width\":500,\"height\":500,\"caption\":\"Tactical Foodpack matkaeined\"},\"image\":{\"@id\":\"https:\\\/\\\/toidupakk.ee\\\/pl\\\/#\\\/schema\\\/logo\\\/image\\\/\"},\"sameAs\":[\"https:\\\/\\\/www.facebook.com\\\/Toidupakk\",\"https:\\\/\\\/www.instagram.com\\\/toidupakk\\\/\"]}]}<\/script>\n<!-- \/ Yoast SEO plugin. -->","yoast_head_json":{"title":"Czapka z daszkiem Fostex (niebieska)","description":"Czapka z daszkiem Fostex \u015bwietnie sprawdza si\u0119 podczas wszelkich aktywno\u015bci. To doskona\u0142y wyb\u00f3r dla os\u00f3b ceni\u0105cych jako\u015b\u0107, mod\u0119 i funkcjonalno\u015b\u0107 dodatk\u00f3w.","robots":{"index":"index","follow":"follow","max-snippet":"max-snippet:-1","max-image-preview":"max-image-preview:large","max-video-preview":"max-video-preview:-1"},"canonical":"https:\/\/toidupakk.ee\/pl\/toode\/czapka-z-daszkiem-fostex-niebieska\/","og_locale":"pl_PL","og_type":"article","og_title":"Czapka z daszkiem Fostex (niebieska)","og_description":"Czapka z daszkiem Fostex \u015bwietnie sprawdza si\u0119 podczas wszelkich aktywno\u015bci. To doskona\u0142y wyb\u00f3r dla os\u00f3b ceni\u0105cych jako\u015b\u0107, mod\u0119 i funkcjonalno\u015b\u0107 dodatk\u00f3w.","og_url":"https:\/\/toidupakk.ee\/pl\/toode\/czapka-z-daszkiem-fostex-niebieska\/","og_site_name":"Toidupakk.ee - Tactical Foodpack toidupakid","article_publisher":"https:\/\/www.facebook.com\/Toidupakk","article_modified_time":"2026-04-14T08:00:52+00:00","og_image":[{"width":1080,"height":1080,"url":"https:\/\/toidupakk.ee\/wp-content\/uploads\/2023\/08\/Nokamuts-Fostex125.png","type":"image\/png"}],"twitter_card":"summary_large_image","twitter_misc":{"Szacowany czas czytania":"1 minuta"},"schema":{"@context":"https:\/\/schema.org","@graph":[{"@type":"WebPage","@id":"https:\/\/toidupakk.ee\/pl\/toode\/czapka-z-daszkiem-fostex-niebieska\/","url":"https:\/\/toidupakk.ee\/pl\/toode\/czapka-z-daszkiem-fostex-niebieska\/","name":"Czapka z daszkiem Fostex (niebieska)","isPartOf":{"@id":"https:\/\/toidupakk.ee\/pl\/#website"},"primaryImageOfPage":{"@id":"https:\/\/toidupakk.ee\/pl\/toode\/czapka-z-daszkiem-fostex-niebieska\/#primaryimage"},"image":{"@id":"https:\/\/toidupakk.ee\/pl\/toode\/czapka-z-daszkiem-fostex-niebieska\/#primaryimage"},"thumbnailUrl":"https:\/\/toidupakk.ee\/wp-content\/uploads\/2023\/08\/Nokamuts-Fostex125.png","datePublished":"2023-08-16T10:32:47+00:00","dateModified":"2026-04-14T08:00:52+00:00","description":"Czapka z daszkiem Fostex \u015bwietnie sprawdza si\u0119 podczas wszelkich aktywno\u015bci. To doskona\u0142y wyb\u00f3r dla os\u00f3b ceni\u0105cych jako\u015b\u0107, mod\u0119 i funkcjonalno\u015b\u0107 dodatk\u00f3w.","breadcrumb":{"@id":"https:\/\/toidupakk.ee\/pl\/toode\/czapka-z-daszkiem-fostex-niebieska\/#breadcrumb"},"inLanguage":"pl-PL","potentialAction":[{"@type":"ReadAction","target":["https:\/\/toidupakk.ee\/pl\/toode\/czapka-z-daszkiem-fostex-niebieska\/"]}]},{"@type":"ImageObject","inLanguage":"pl-PL","@id":"https:\/\/toidupakk.ee\/pl\/toode\/czapka-z-daszkiem-fostex-niebieska\/#primaryimage","url":"https:\/\/toidupakk.ee\/wp-content\/uploads\/2023\/08\/Nokamuts-Fostex125.png","contentUrl":"https:\/\/toidupakk.ee\/wp-content\/uploads\/2023\/08\/Nokamuts-Fostex125.png","width":1080,"height":1080,"caption":"Nokam\u00fcts Fostex 1"},{"@type":"BreadcrumbList","@id":"https:\/\/toidupakk.ee\/pl\/toode\/czapka-z-daszkiem-fostex-niebieska\/#breadcrumb","itemListElement":[{"@type":"ListItem","position":1,"name":"Avaleht","item":"https:\/\/toidupakk.ee\/pl\/"},{"@type":"ListItem","position":2,"name":"Sklep internetowy","item":"https:\/\/toidupakk.ee\/pl\/sklep-internetowy\/"},{"@type":"ListItem","position":3,"name":"Czapka z daszkiem Fostex (niebieska)"}]},{"@type":"WebSite","@id":"https:\/\/toidupakk.ee\/pl\/#website","url":"https:\/\/toidupakk.ee\/pl\/","name":"Toidupakk.ee - Tactical Foodpack toidupakid","description":"Tactical Foodpack k\u00fclmkuivatatud toidupakid ja matkaeined","publisher":{"@id":"https:\/\/toidupakk.ee\/pl\/#organization"},"potentialAction":[{"@type":"SearchAction","target":{"@type":"EntryPoint","urlTemplate":"https:\/\/toidupakk.ee\/pl\/?s={search_term_string}"},"query-input":{"@type":"PropertyValueSpecification","valueRequired":true,"valueName":"search_term_string"}}],"inLanguage":"pl-PL"},{"@type":"Organization","@id":"https:\/\/toidupakk.ee\/pl\/#organization","name":"Tactical Foodpack matkaeined","url":"https:\/\/toidupakk.ee\/pl\/","logo":{"@type":"ImageObject","inLanguage":"pl-PL","@id":"https:\/\/toidupakk.ee\/pl\/#\/schema\/logo\/image\/","url":"https:\/\/toidupakk.ee\/wp-content\/uploads\/2022\/01\/Toidupakk-matkapood-logo-transparent.png","contentUrl":"https:\/\/toidupakk.ee\/wp-content\/uploads\/2022\/01\/Toidupakk-matkapood-logo-transparent.png","width":500,"height":500,"caption":"Tactical Foodpack matkaeined"},"image":{"@id":"https:\/\/toidupakk.ee\/pl\/#\/schema\/logo\/image\/"},"sameAs":["https:\/\/www.facebook.com\/Toidupakk","https:\/\/www.instagram.com\/toidupakk\/"]}]}},"jetpack_sharing_enabled":true,"_links":{"self":[{"href":"https:\/\/toidupakk.ee\/pl\/wp-json\/wp\/v2\/product\/52308","targetHints":{"allow":["GET"]}}],"collection":[{"href":"https:\/\/toidupakk.ee\/pl\/wp-json\/wp\/v2\/product"}],"about":[{"href":"https:\/\/toidupakk.ee\/pl\/wp-json\/wp\/v2\/types\/product"}],"replies":[{"embeddable":true,"href":"https:\/\/toidupakk.ee\/pl\/wp-json\/wp\/v2\/comments?post=52308"}],"wp:featuredmedia":[{"embeddable":true,"href":"https:\/\/toidupakk.ee\/pl\/wp-json\/wp\/v2\/media\/12506"}],"wp:attachment":[{"href":"https:\/\/toidupakk.ee\/pl\/wp-json\/wp\/v2\/media?parent=52308"}],"wp:term":[{"taxonomy":"product_brand","embeddable":true,"href":"https:\/\/toidupakk.ee\/pl\/wp-json\/wp\/v2\/product_brand?post=52308"},{"taxonomy":"product_cat","embeddable":true,"href":"https:\/\/toidupakk.ee\/pl\/wp-json\/wp\/v2\/product_cat?post=52308"},{"taxonomy":"product_tag","embeddable":true,"href":"https:\/\/toidupakk.ee\/pl\/wp-json\/wp\/v2\/product_tag?post=52308"}],"curies":[{"name":"wp","href":"https:\/\/api.w.org\/{rel}","templated":true}]}}