{"id":52307,"date":"2023-08-16T17:00:31","date_gmt":"2023-08-16T14:00:31","guid":{"rendered":"https:\/\/toidupakk.ee\/toode\/namiot-topeka-2\/"},"modified":"2026-04-29T15:30:43","modified_gmt":"2026-04-29T12:30:43","slug":"namiot-topeka-2","status":"publish","type":"product","link":"https:\/\/toidupakk.ee\/pl\/toode\/namiot-topeka-2\/","title":{"rendered":"Namiot Topeka 2"},"content":{"rendered":"<div class=\"group w-full text-gray-800 dark:text-gray-100 border-b border-black\/10 dark:border-gray-900\/50 bg-gray-50 dark:bg-[#444654]\">\n<div class=\"flex p-4 gap-4 text-base md:gap-6 md:max-w-2xl lg:max-w-[38rem] xl:max-w-3xl md:py-6 lg:px-0 m-auto\">\n<div class=\"relative flex w-[calc(100%-50px)] flex-col gap-1 md:gap-3 lg:w-[calc(100%-115px)]\">\n<div class=\"flex flex-grow flex-col gap-3\">\n<div class=\"min-h-[20px] flex items-start overflow-x-auto whitespace-pre-wrap break-words flex-col gap-4\">\n<div class=\"markdown prose w-full break-words dark:prose-invert dark\">\n<h1>Namiot Topeka 2<\/h1>\n<p>Namiot Topeka 2 to najnowszy model w klasycznej serii namiot\u00f3w kopu\u0142owych Topeka. Jest l\u017cejszy i bardziej kompaktowy po spakowaniu, a mimo to oferuje wystarczaj\u0105co du\u017co miejsca dla dw\u00f3ch os\u00f3b i ich sprz\u0119tu. Dzi\u0119ki wentylacji \u201eGrandFlow\u201d namiot zapewnia \u015bwietny, regulowany mikroklimat wewn\u0105trz. Dodatkowo posiada przedsionek, kt\u00f3ry chroni sypialni\u0119 przed deszczem i s\u0142u\u017cy jako miejsce na mokre lub brudne rzeczy. Topeka 2 to idealny towarzysz w\u0119dr\u00f3wek i kemping\u00f3w.    <\/p>\n<p><img fetchpriority=\"high\" decoding=\"async\" class=\"alignnone size-medium wp-image-11348\" src=\"https:\/\/toidupakk.ee\/wp-content\/uploads\/2023\/07\/grandcanyon-logo-300x189.png\" alt=\"\" width=\"300\" height=\"189\" srcset=\"https:\/\/toidupakk.ee\/wp-content\/uploads\/2023\/07\/grandcanyon-logo-300x189.png 300w, https:\/\/toidupakk.ee\/wp-content\/uploads\/2023\/07\/grandcanyon-logo.png 340w\" sizes=\"(max-width: 300px) 100vw, 300px\" \/><\/p>\n<h2>Konstrukcja i elementy dodatkowe namiotu<\/h2>\n<p><span style=\"font-family: -apple-system, BlinkMacSystemFont, 'Segoe UI', Roboto, Oxygen-Sans, Ubuntu, Cantarell, 'Helvetica Neue', sans-serif;\">Namiot posiada wiele cech, kt\u00f3re czyni\u0105 go atrakcyjnym wyborem. Klasyczna konstrukcja kopu\u0142owa z przedsionkiem zapewnia przestronno\u015b\u0107, \u0142atwe i szybkie rozk\u0142adanie oraz stabilno\u015b\u0107 na wietrze. Sypialni\u0119 mo\u017cna rozstawi\u0107 oddzielnie, co pozwala na zdj\u0119cie tropiku w such\u0105 pogod\u0119, aby\u015b m\u00f3g\u0142 si\u0119 sch\u0142odzi\u0107 lub spa\u0107 pod gwiazdami.  <\/span><\/p>\n<\/div>\n<div><\/div>\n<div class=\"markdown prose w-full break-words dark:prose-invert dark\">\n<p>Namiot Topeka 2 oferuje mn\u00f3stwo miejsca dla dw\u00f3ch os\u00f3b i ich rzeczy. Konstrukcja kopu\u0142owa zapewnia \u015bwietn\u0105 odporno\u015b\u0107 na wiatr i niezawodn\u0105 ochron\u0119 przed pogod\u0105. Oddychaj\u0105ca sypialnia z moskitier\u0105 gwarantuje dobry mikroklimat i wentylacj\u0119, co zapewnia komfortowy sen. Topeka 2 wyr\u00f3\u017cnia si\u0119 te\u017c innowacyjnym systemem wentylacji \u201eGrandFlow\u201d. Pozwala on na stopniowe otwieranie otworu wentylacyjnego, zwi\u0119kszaj\u0105c przep\u0142yw powietrza w razie potrzeby. Dzi\u0119ki temu dopasujesz namiot do cieplejszych nocy i upalnych dni.     <img decoding=\"async\" class=\"alignnone size-full wp-image-11597\" src=\"https:\/\/toidupakk.ee\/wp-content\/uploads\/2023\/07\/topeka-2.png\" alt=\"\" width=\"250\" height=\"250\" srcset=\"https:\/\/toidupakk.ee\/wp-content\/uploads\/2023\/07\/topeka-2.png 250w, https:\/\/toidupakk.ee\/wp-content\/uploads\/2023\/07\/topeka-2-100x100.png 100w\" sizes=\"(max-width: 250px) 100vw, 250px\" \/><\/p>\n<p>Sypialnia wykonana jest z oddychaj\u0105cej tkaniny z moskitier\u0105. Zapewnia to \u015bwietny mikroklimat i wentylacj\u0119 oraz przyjemny sen. Lekkie materia\u0142y i komponenty redukuj\u0105 wag\u0119 i wymiary po spakowaniu, dzi\u0119ki czemu mo\u017cesz nosi\u0107 mniej lub zabra\u0107 wi\u0119cej sprz\u0119tu.  <\/p>\n<p>Sprawd\u017a inne akcesoria turystyczne <a href=\"https:\/\/toidupakk.ee\/pl\/tootekategooria\/sprzet-turystyczny\/#section-3-79\">TUTAJ<\/a><\/p>\n<p>Interesuj\u0105 Ci\u0119 posi\u0142ki turystyczne? Zobacz <a href=\"\/?product_cat=snakk#section-3-79\">TUTAJ<\/a><\/p>\n<p>Znajd\u017a inspiracj\u0119 na kolejne przygody na <a href=\"https:\/\/www.instagram.com\/toidupakk\/\">Instagramie<\/a> i <a href=\"https:\/\/www.facebook.com\/Toidupakk\/\">Facebooku<\/a> Toidupakk.<\/p>\n<\/div>\n<\/div>\n<\/div>\n<\/div>\n<\/div>\n<\/div>\n","protected":false},"excerpt":{"rendered":"<p>Topeka 2 to najnowszy model w klasycznej serii namiot\u00f3w kopu\u0142owych Topeka. Jest lekki, kompaktowy i pomie\u015bci dwie osoby wraz z ekwipunkiem. Namiot posiada regulowany mikroklimat dzi\u0119ki systemowi wentylacji. Dodatkowo przedsionek zapewnia cie\u0144 i miejsce do przechowywania. Topeka 2 to idealne rozwi\u0105zanie na wypraw\u0119 pod namiot.    <\/p>\n<ul>\n<li><strong>Liczba os\u00f3b:<\/strong> 2<\/li>\n<li><strong>Marka:<\/strong> GRAND CANYON\u00ae<\/li>\n<li><strong>Materia\u0142 tropiku:<\/strong> 100% poliester 68D (190T) \u2013 wodoodporny, wiatroszczelny, oddychaj\u0105cy<\/li>\n<li><strong>Materia\u0142 namiotu wewn\u0119trznego:<\/strong> wytrzyma\u0142a siatka (chroni przed komarami i innymi owadami)<\/li>\n<li><strong>Materia\u0142 pod\u0142ogi:<\/strong> polietylen powlekany poliuretanem<\/li>\n<li><strong>Pa\u0142\u0105ki:<\/strong> w\u0142\u00f3kno szklane<\/li>\n<li><strong>\u015aledzie:<\/strong> stal<\/li>\n<li><strong>Waga: 3340 g<\/strong><\/li>\n<li><strong>Wymiary:<\/strong> 16&#215;52 cm (po spakowaniu)<\/li>\n<li><strong>Wodoodporno\u015b\u0107:<\/strong> 3000 mm tropik, 4000 mm pod\u0142oga<\/li>\n<li><strong>Kolor:<\/strong> Blue Grass (niebieski)<\/li>\n<\/ul>\n<p>\u2705 Szybka dostawa w 1-3 dni robocze do Twojego paczkomatu<br \/>\n\u2705 BEZP\u0141ATNY zwrot i wymiana<br \/>\n\u2705 Kup teraz, zap\u0142a\u0107 p\u00f3\u017aniej (RRSO 0%)<\/p>\n<p><img decoding=\"async\" class=\"alignnone wp-image-13490 size-medium\" src=\"https:\/\/toidupakk.ee\/wp-content\/uploads\/2023\/02\/ee-split-3-300x68.png\" alt=\"Kup teraz, zap\u0142a\u0107 p\u00f3\u017aniej\" width=\"300\" height=\"68\" srcset=\"https:\/\/toidupakk.ee\/wp-content\/uploads\/2023\/02\/ee-split-3-300x68.png 300w, https:\/\/toidupakk.ee\/wp-content\/uploads\/2023\/02\/ee-split-3.png 600w\" sizes=\"(max-width: 300px) 100vw, 300px\" \/><\/p>\n","protected":false},"featured_media":52322,"comment_status":"open","ping_status":"closed","template":"","meta":{"_acf_changed":false},"product_brand":[],"product_cat":[303,312,314,301],"product_tag":[],"class_list":{"0":"post-52307","1":"product","2":"type-product","3":"status-publish","4":"has-post-thumbnail","6":"product_cat-akcesoria-turystyczne","7":"product_cat-namioty","8":"product_cat-nocowanie-w-naturze","9":"product_cat-sprzet-turystyczny","11":"first","12":"instock","13":"taxable","14":"shipping-taxable","15":"purchasable","16":"product-type-simple"},"bundled_by":[],"bundle_stock_status":"instock","bundle_stock_quantity":2,"bundle_virtual":false,"bundle_layout":"","bundle_add_to_cart_form_location":"","bundle_editable_in_cart":false,"bundle_sold_individually_context":"","bundle_item_grouping":"","bundle_min_size":"","bundle_max_size":"","bundle_price":[],"bundled_items":[],"bundle_sell_ids":[],"acf":[],"yoast_head":"<!-- This site is optimized with the Yoast SEO plugin v27.3 - https:\/\/yoast.com\/product\/yoast-seo-wordpress\/ -->\n<title>Namiot Topeka 2<\/title>\n<meta name=\"description\" content=\"Namiot Topeka 2 to najnowszy model namiotu kopu\u0142owego GRAND CANYON z regulowan\u0105 wentylacj\u0105, przedsionkiem na mokry sprz\u0119t i wodoodpornymi materia\u0142ami.\" \/>\n<meta name=\"robots\" content=\"index, follow, max-snippet:-1, max-image-preview:large, max-video-preview:-1\" \/>\n<link rel=\"canonical\" href=\"https:\/\/toidupakk.ee\/pl\/toode\/namiot-topeka-2\/\" \/>\n<meta property=\"og:locale\" content=\"pl_PL\" \/>\n<meta property=\"og:type\" content=\"article\" \/>\n<meta property=\"og:title\" content=\"Namiot Topeka 2\" \/>\n<meta property=\"og:description\" content=\"Namiot Topeka 2 to najnowszy model namiotu kopu\u0142owego GRAND CANYON z regulowan\u0105 wentylacj\u0105, przedsionkiem na mokry sprz\u0119t i wodoodpornymi materia\u0142ami.\" \/>\n<meta property=\"og:url\" content=\"https:\/\/toidupakk.ee\/pl\/toode\/namiot-topeka-2\/\" \/>\n<meta property=\"og:site_name\" content=\"Toidupakk.ee - Tactical Foodpack toidupakid\" \/>\n<meta property=\"article:publisher\" content=\"https:\/\/www.facebook.com\/Toidupakk\" \/>\n<meta property=\"article:modified_time\" content=\"2026-04-29T12:30:43+00:00\" \/>\n<meta property=\"og:image\" content=\"https:\/\/toidupakk.ee\/wp-content\/uploads\/2023\/07\/Telk-Topeka-2.png\" \/>\n\t<meta property=\"og:image:width\" content=\"1080\" \/>\n\t<meta property=\"og:image:height\" content=\"1080\" \/>\n\t<meta property=\"og:image:type\" content=\"image\/png\" \/>\n<meta name=\"twitter:card\" content=\"summary_large_image\" \/>\n<meta name=\"twitter:label1\" content=\"Szacowany czas czytania\" \/>\n\t<meta name=\"twitter:data1\" content=\"1 minuta\" \/>\n<script type=\"application\/ld+json\" class=\"yoast-schema-graph\">{\"@context\":\"https:\\\/\\\/schema.org\",\"@graph\":[{\"@type\":\"WebPage\",\"@id\":\"https:\\\/\\\/toidupakk.ee\\\/pl\\\/toode\\\/namiot-topeka-2\\\/\",\"url\":\"https:\\\/\\\/toidupakk.ee\\\/pl\\\/toode\\\/namiot-topeka-2\\\/\",\"name\":\"Namiot Topeka 2\",\"isPartOf\":{\"@id\":\"https:\\\/\\\/toidupakk.ee\\\/pl\\\/#website\"},\"primaryImageOfPage\":{\"@id\":\"https:\\\/\\\/toidupakk.ee\\\/pl\\\/toode\\\/namiot-topeka-2\\\/#primaryimage\"},\"image\":{\"@id\":\"https:\\\/\\\/toidupakk.ee\\\/pl\\\/toode\\\/namiot-topeka-2\\\/#primaryimage\"},\"thumbnailUrl\":\"https:\\\/\\\/toidupakk.ee\\\/wp-content\\\/uploads\\\/2023\\\/07\\\/Telk-Topeka-2.png\",\"datePublished\":\"2023-08-16T14:00:31+00:00\",\"dateModified\":\"2026-04-29T12:30:43+00:00\",\"description\":\"Namiot Topeka 2 to najnowszy model namiotu kopu\u0142owego GRAND CANYON z regulowan\u0105 wentylacj\u0105, przedsionkiem na mokry sprz\u0119t i wodoodpornymi materia\u0142ami.\",\"breadcrumb\":{\"@id\":\"https:\\\/\\\/toidupakk.ee\\\/pl\\\/toode\\\/namiot-topeka-2\\\/#breadcrumb\"},\"inLanguage\":\"pl-PL\",\"potentialAction\":[{\"@type\":\"ReadAction\",\"target\":[\"https:\\\/\\\/toidupakk.ee\\\/pl\\\/toode\\\/namiot-topeka-2\\\/\"]}]},{\"@type\":\"ImageObject\",\"inLanguage\":\"pl-PL\",\"@id\":\"https:\\\/\\\/toidupakk.ee\\\/pl\\\/toode\\\/namiot-topeka-2\\\/#primaryimage\",\"url\":\"https:\\\/\\\/toidupakk.ee\\\/wp-content\\\/uploads\\\/2023\\\/07\\\/Telk-Topeka-2.png\",\"contentUrl\":\"https:\\\/\\\/toidupakk.ee\\\/wp-content\\\/uploads\\\/2023\\\/07\\\/Telk-Topeka-2.png\",\"width\":1080,\"height\":1080,\"caption\":\"Namiot topeka 2\"},{\"@type\":\"BreadcrumbList\",\"@id\":\"https:\\\/\\\/toidupakk.ee\\\/pl\\\/toode\\\/namiot-topeka-2\\\/#breadcrumb\",\"itemListElement\":[{\"@type\":\"ListItem\",\"position\":1,\"name\":\"Avaleht\",\"item\":\"https:\\\/\\\/toidupakk.ee\\\/pl\\\/\"},{\"@type\":\"ListItem\",\"position\":2,\"name\":\"Sklep internetowy\",\"item\":\"https:\\\/\\\/toidupakk.ee\\\/pl\\\/sklep-internetowy\\\/\"},{\"@type\":\"ListItem\",\"position\":3,\"name\":\"Namiot Topeka 2\"}]},{\"@type\":\"WebSite\",\"@id\":\"https:\\\/\\\/toidupakk.ee\\\/pl\\\/#website\",\"url\":\"https:\\\/\\\/toidupakk.ee\\\/pl\\\/\",\"name\":\"Toidupakk.ee - Tactical Foodpack toidupakid\",\"description\":\"Tactical Foodpack k\u00fclmkuivatatud toidupakid ja matkaeined\",\"publisher\":{\"@id\":\"https:\\\/\\\/toidupakk.ee\\\/pl\\\/#organization\"},\"potentialAction\":[{\"@type\":\"SearchAction\",\"target\":{\"@type\":\"EntryPoint\",\"urlTemplate\":\"https:\\\/\\\/toidupakk.ee\\\/pl\\\/?s={search_term_string}\"},\"query-input\":{\"@type\":\"PropertyValueSpecification\",\"valueRequired\":true,\"valueName\":\"search_term_string\"}}],\"inLanguage\":\"pl-PL\"},{\"@type\":\"Organization\",\"@id\":\"https:\\\/\\\/toidupakk.ee\\\/pl\\\/#organization\",\"name\":\"Tactical Foodpack matkaeined\",\"url\":\"https:\\\/\\\/toidupakk.ee\\\/pl\\\/\",\"logo\":{\"@type\":\"ImageObject\",\"inLanguage\":\"pl-PL\",\"@id\":\"https:\\\/\\\/toidupakk.ee\\\/pl\\\/#\\\/schema\\\/logo\\\/image\\\/\",\"url\":\"https:\\\/\\\/toidupakk.ee\\\/wp-content\\\/uploads\\\/2022\\\/01\\\/Toidupakk-matkapood-logo-transparent.png\",\"contentUrl\":\"https:\\\/\\\/toidupakk.ee\\\/wp-content\\\/uploads\\\/2022\\\/01\\\/Toidupakk-matkapood-logo-transparent.png\",\"width\":500,\"height\":500,\"caption\":\"Tactical Foodpack matkaeined\"},\"image\":{\"@id\":\"https:\\\/\\\/toidupakk.ee\\\/pl\\\/#\\\/schema\\\/logo\\\/image\\\/\"},\"sameAs\":[\"https:\\\/\\\/www.facebook.com\\\/Toidupakk\",\"https:\\\/\\\/www.instagram.com\\\/toidupakk\\\/\"]}]}<\/script>\n<!-- \/ Yoast SEO plugin. -->","yoast_head_json":{"title":"Namiot Topeka 2","description":"Namiot Topeka 2 to najnowszy model namiotu kopu\u0142owego GRAND CANYON z regulowan\u0105 wentylacj\u0105, przedsionkiem na mokry sprz\u0119t i wodoodpornymi materia\u0142ami.","robots":{"index":"index","follow":"follow","max-snippet":"max-snippet:-1","max-image-preview":"max-image-preview:large","max-video-preview":"max-video-preview:-1"},"canonical":"https:\/\/toidupakk.ee\/pl\/toode\/namiot-topeka-2\/","og_locale":"pl_PL","og_type":"article","og_title":"Namiot Topeka 2","og_description":"Namiot Topeka 2 to najnowszy model namiotu kopu\u0142owego GRAND CANYON z regulowan\u0105 wentylacj\u0105, przedsionkiem na mokry sprz\u0119t i wodoodpornymi materia\u0142ami.","og_url":"https:\/\/toidupakk.ee\/pl\/toode\/namiot-topeka-2\/","og_site_name":"Toidupakk.ee - Tactical Foodpack toidupakid","article_publisher":"https:\/\/www.facebook.com\/Toidupakk","article_modified_time":"2026-04-29T12:30:43+00:00","og_image":[{"width":1080,"height":1080,"url":"https:\/\/toidupakk.ee\/wp-content\/uploads\/2023\/07\/Telk-Topeka-2.png","type":"image\/png"}],"twitter_card":"summary_large_image","twitter_misc":{"Szacowany czas czytania":"1 minuta"},"schema":{"@context":"https:\/\/schema.org","@graph":[{"@type":"WebPage","@id":"https:\/\/toidupakk.ee\/pl\/toode\/namiot-topeka-2\/","url":"https:\/\/toidupakk.ee\/pl\/toode\/namiot-topeka-2\/","name":"Namiot Topeka 2","isPartOf":{"@id":"https:\/\/toidupakk.ee\/pl\/#website"},"primaryImageOfPage":{"@id":"https:\/\/toidupakk.ee\/pl\/toode\/namiot-topeka-2\/#primaryimage"},"image":{"@id":"https:\/\/toidupakk.ee\/pl\/toode\/namiot-topeka-2\/#primaryimage"},"thumbnailUrl":"https:\/\/toidupakk.ee\/wp-content\/uploads\/2023\/07\/Telk-Topeka-2.png","datePublished":"2023-08-16T14:00:31+00:00","dateModified":"2026-04-29T12:30:43+00:00","description":"Namiot Topeka 2 to najnowszy model namiotu kopu\u0142owego GRAND CANYON z regulowan\u0105 wentylacj\u0105, przedsionkiem na mokry sprz\u0119t i wodoodpornymi materia\u0142ami.","breadcrumb":{"@id":"https:\/\/toidupakk.ee\/pl\/toode\/namiot-topeka-2\/#breadcrumb"},"inLanguage":"pl-PL","potentialAction":[{"@type":"ReadAction","target":["https:\/\/toidupakk.ee\/pl\/toode\/namiot-topeka-2\/"]}]},{"@type":"ImageObject","inLanguage":"pl-PL","@id":"https:\/\/toidupakk.ee\/pl\/toode\/namiot-topeka-2\/#primaryimage","url":"https:\/\/toidupakk.ee\/wp-content\/uploads\/2023\/07\/Telk-Topeka-2.png","contentUrl":"https:\/\/toidupakk.ee\/wp-content\/uploads\/2023\/07\/Telk-Topeka-2.png","width":1080,"height":1080,"caption":"Namiot topeka 2"},{"@type":"BreadcrumbList","@id":"https:\/\/toidupakk.ee\/pl\/toode\/namiot-topeka-2\/#breadcrumb","itemListElement":[{"@type":"ListItem","position":1,"name":"Avaleht","item":"https:\/\/toidupakk.ee\/pl\/"},{"@type":"ListItem","position":2,"name":"Sklep internetowy","item":"https:\/\/toidupakk.ee\/pl\/sklep-internetowy\/"},{"@type":"ListItem","position":3,"name":"Namiot Topeka 2"}]},{"@type":"WebSite","@id":"https:\/\/toidupakk.ee\/pl\/#website","url":"https:\/\/toidupakk.ee\/pl\/","name":"Toidupakk.ee - Tactical Foodpack toidupakid","description":"Tactical Foodpack k\u00fclmkuivatatud toidupakid ja matkaeined","publisher":{"@id":"https:\/\/toidupakk.ee\/pl\/#organization"},"potentialAction":[{"@type":"SearchAction","target":{"@type":"EntryPoint","urlTemplate":"https:\/\/toidupakk.ee\/pl\/?s={search_term_string}"},"query-input":{"@type":"PropertyValueSpecification","valueRequired":true,"valueName":"search_term_string"}}],"inLanguage":"pl-PL"},{"@type":"Organization","@id":"https:\/\/toidupakk.ee\/pl\/#organization","name":"Tactical Foodpack matkaeined","url":"https:\/\/toidupakk.ee\/pl\/","logo":{"@type":"ImageObject","inLanguage":"pl-PL","@id":"https:\/\/toidupakk.ee\/pl\/#\/schema\/logo\/image\/","url":"https:\/\/toidupakk.ee\/wp-content\/uploads\/2022\/01\/Toidupakk-matkapood-logo-transparent.png","contentUrl":"https:\/\/toidupakk.ee\/wp-content\/uploads\/2022\/01\/Toidupakk-matkapood-logo-transparent.png","width":500,"height":500,"caption":"Tactical Foodpack matkaeined"},"image":{"@id":"https:\/\/toidupakk.ee\/pl\/#\/schema\/logo\/image\/"},"sameAs":["https:\/\/www.facebook.com\/Toidupakk","https:\/\/www.instagram.com\/toidupakk\/"]}]}},"jetpack_sharing_enabled":true,"_links":{"self":[{"href":"https:\/\/toidupakk.ee\/pl\/wp-json\/wp\/v2\/product\/52307","targetHints":{"allow":["GET"]}}],"collection":[{"href":"https:\/\/toidupakk.ee\/pl\/wp-json\/wp\/v2\/product"}],"about":[{"href":"https:\/\/toidupakk.ee\/pl\/wp-json\/wp\/v2\/types\/product"}],"replies":[{"embeddable":true,"href":"https:\/\/toidupakk.ee\/pl\/wp-json\/wp\/v2\/comments?post=52307"}],"wp:featuredmedia":[{"embeddable":true,"href":"https:\/\/toidupakk.ee\/pl\/wp-json\/wp\/v2\/media\/52322"}],"wp:attachment":[{"href":"https:\/\/toidupakk.ee\/pl\/wp-json\/wp\/v2\/media?parent=52307"}],"wp:term":[{"taxonomy":"product_brand","embeddable":true,"href":"https:\/\/toidupakk.ee\/pl\/wp-json\/wp\/v2\/product_brand?post=52307"},{"taxonomy":"product_cat","embeddable":true,"href":"https:\/\/toidupakk.ee\/pl\/wp-json\/wp\/v2\/product_cat?post=52307"},{"taxonomy":"product_tag","embeddable":true,"href":"https:\/\/toidupakk.ee\/pl\/wp-json\/wp\/v2\/product_tag?post=52307"}],"curies":[{"name":"wp","href":"https:\/\/api.w.org\/{rel}","templated":true}]}}