{"id":52280,"date":"2023-07-27T13:38:23","date_gmt":"2023-07-27T10:38:23","guid":{"rendered":"https:\/\/toidupakk.ee\/toode\/farby-do-twarzy-camouflage-z-lusterkiem\/"},"modified":"2026-04-16T03:30:37","modified_gmt":"2026-04-16T00:30:37","slug":"farby-do-twarzy-camouflage-z-lusterkiem","status":"publish","type":"product","link":"https:\/\/toidupakk.ee\/pl\/toode\/farby-do-twarzy-camouflage-z-lusterkiem\/","title":{"rendered":"Farby do twarzy Camouflage z lusterkiem"},"content":{"rendered":"<h1>Farby do twarzy Camouflage z lusterkiem \u2013 kiedy u\u017cywa\u0107?<\/h1>\n<p>Farby do twarzy Camouflage z lusterkiem s\u0105 szczeg\u00f3lnie przydatne podczas wypraw, \u0107wicze\u0144, gry w airsoft lub paintball oraz innych podobnych aktywno\u015bci. Na\u0142o\u017cenie barw pomaga wtopi\u0107 si\u0119 w otoczenie, zapewniaj\u0105c doskona\u0142y kamufla\u017c i mo\u017cliwo\u015b\u0107 pozostania niezauwa\u017conym. <\/p>\n<p>Stosowanie farb do twarzy ma kilka zalet. Po pierwsze, s\u0105 \u0142atwe w u\u017cyciu. Mo\u017cesz eksperymentowa\u0107 z r\u00f3\u017cnymi kolorami i wzorami, tworz\u0105c unikalny wygl\u0105d. Niezale\u017cnie od tego, czy wybierzesz prosty pasek, czy bardziej z\u0142o\u017cony wz\u00f3r, pomo\u017ce Ci to zharmonizowa\u0107 si\u0119 z natur\u0105, czyni\u0105c Ci\u0119 mniej widocznym.   <\/p>\n<p>Farby do twarzy Camouflage z lusterkiem to praktyczny i wszechstronny produkt przeznaczony do kamufla\u017cu twarzy w r\u00f3\u017cnych sytuacjach. Zestaw zawiera kilka r\u00f3\u017cnych kolor\u00f3w, kt\u00f3re pozwalaj\u0105 dostosowa\u0107 wygl\u0105d do otoczenia i potrzeb. <\/p>\n<p>Produkt jest wyposa\u017cony w wygodne lusterko, kt\u00f3re sprawia, \u017ce aplikacja jest wyj\u0105tkowo prosta i u\u0142atwia dopracowanie precyzyjnych detali oraz tworzenie kszta\u0142t\u00f3w.<\/p>\n<p><img fetchpriority=\"high\" decoding=\"async\" class=\"size-medium wp-image-12112 alignright\" src=\"https:\/\/toidupakk.ee\/wp-content\/uploads\/2023\/07\/97-300x300.png\" alt=\"Farby do twarzy Camouflage z lusterkiem\" width=\"300\" height=\"300\" srcset=\"https:\/\/toidupakk.ee\/wp-content\/uploads\/2023\/07\/97-300x300.png 300w, https:\/\/toidupakk.ee\/wp-content\/uploads\/2023\/07\/97-400x400.png 400w, https:\/\/toidupakk.ee\/wp-content\/uploads\/2023\/07\/97-100x100.png 100w, https:\/\/toidupakk.ee\/wp-content\/uploads\/2023\/07\/97-800x800.png 800w, https:\/\/toidupakk.ee\/wp-content\/uploads\/2023\/07\/97-1024x1024.png 1024w, https:\/\/toidupakk.ee\/wp-content\/uploads\/2023\/07\/97-500x500.png 500w, https:\/\/toidupakk.ee\/wp-content\/uploads\/2023\/07\/97-768x768.png 768w, https:\/\/toidupakk.ee\/wp-content\/uploads\/2023\/07\/97.png 1080w\" sizes=\"(max-width: 300px) 100vw, 300px\" \/><\/p>\n<p>Farby do twarzy Camouflage z lusterkiem s\u0105 kompaktowe i lekkie, co u\u0142atwia ich przenoszenie i czyni idealnym dodatkiem do Twojego ekwipunku, gotowym na ka\u017cd\u0105 przygod\u0119 i wyzwanie. Dzi\u0119ki temu produktowi stworzysz profesjonalne wzory kamufla\u017cu, kt\u00f3re pomog\u0105 Ci pozosta\u0107 niezauwa\u017conym i gotowym na wszystko. Produkt posiada now\u0105 formu\u0142\u0119, kt\u00f3ra d\u0142u\u017cej utrzymuje si\u0119 na twarzy i nie podra\u017cnia sk\u00f3ry.  <\/p>\n<p><strong>Instrukcja obs\u0142ugi<\/strong><\/p>\n<p>Otw\u00f3rz pude\u0142ko.<br \/>\nNa\u0142\u00f3\u017c farb\u0119 palcem na twarz, odzie\u017c lub sprz\u0119t.<br \/>\nRozetrzyj lub wymieszaj odcienie, aby uzyska\u0107 po\u017c\u0105dany efekt kamufla\u017cu.<br \/>\nPo u\u017cyciu dok\u0142adnie zamknij pude\u0142ko.<br \/>\nTe farby do twarzy to niezawodny wyb\u00f3r, czy to na w\u0119dr\u00f3wk\u0119, polowanie, czy inne wydarzenie.<\/p>\n<p>Idealny kamufla\u017c, kt\u00f3ry pomo\u017ce Ci niezauwa\u017calnie wtopi\u0107 si\u0119 w natur\u0119!<\/p>\n<p>Znajd\u017a inspiracj\u0119 na kolejne przygody na <a href=\"https:\/\/www.instagram.com\/toidupakk\/\">Instagramie<\/a> i <a href=\"https:\/\/www.facebook.com\/Toidupakk\/\">Facebooku<\/a> Toidupakk.<\/p>\n<p>Zobacz wi\u0119cej akcesori\u00f3w turystycznych <a href=\"https:\/\/toidupakk.ee\/pl\/tootekategooria\/sprzet-turystyczny\/#section-3-79\">TUTAJ<\/a>.<\/p>\n","protected":false},"excerpt":{"rendered":"<ul>\n<li>Produkt Farby do twarzy Camouflage z lusterkiem to 3-kolorowy, kompaktowy zestaw do kamufla\u017cu.<\/li>\n<li>Zapakowany w wytrzyma\u0142e pude\u0142ko z tworzywa ABS, z wbudowanym w pokrywk\u0119 akrylowym lusterkiem.<\/li>\n<li>Ma kompaktowe wymiary: 8 x 7 x 1,5 cm.<\/li>\n<li>Zatwierdzony przez NATO, zgodny ze standardem NSN-6859-99-978-5980.<\/li>\n<\/ul>\n<p>Waga: 50 g.<\/p>\n<p>Kraj pochodzenia: Holandia<\/p>\n<p>\u2705 Dost\u0119pne w magazynie, szybka dostawa w 1\u20133 dni robocze<\/p>\n","protected":false},"featured_media":12112,"comment_status":"open","ping_status":"closed","template":"","meta":{"_acf_changed":false},"product_brand":[],"product_cat":[303,393,301],"product_tag":[305],"class_list":{"0":"post-52280","1":"product","2":"type-product","3":"status-publish","4":"has-post-thumbnail","6":"product_cat-akcesoria-turystyczne","7":"product_cat-farby-do-kamuflazu-twarzy","8":"product_cat-sprzet-turystyczny","9":"product_tag-no_ads","11":"first","12":"instock","13":"taxable","14":"shipping-taxable","15":"purchasable","16":"product-type-simple"},"bundled_by":[],"bundle_stock_status":"instock","bundle_stock_quantity":5,"bundle_virtual":false,"bundle_layout":"","bundle_add_to_cart_form_location":"","bundle_editable_in_cart":false,"bundle_sold_individually_context":"","bundle_item_grouping":"","bundle_min_size":"","bundle_max_size":"","bundle_price":[],"bundled_items":[],"bundle_sell_ids":[],"acf":[],"yoast_head":"<!-- This site is optimized with the Yoast SEO plugin v27.3 - https:\/\/yoast.com\/product\/yoast-seo-wordpress\/ -->\n<title>Farby do twarzy Camouflage z lusterkiem -<\/title>\n<meta name=\"description\" content=\"\u201eFarby do twarzy Camouflage z lusterkiem\u201d to praktyczny i wszechstronny produkt przeznaczony do kamufla\u017cu twarzy w r\u00f3\u017cnych sytuacjach.\" \/>\n<meta name=\"robots\" content=\"index, follow, max-snippet:-1, max-image-preview:large, max-video-preview:-1\" \/>\n<link rel=\"canonical\" href=\"https:\/\/toidupakk.ee\/pl\/toode\/farby-do-twarzy-camouflage-z-lusterkiem\/\" \/>\n<meta property=\"og:locale\" content=\"pl_PL\" \/>\n<meta property=\"og:type\" content=\"article\" \/>\n<meta property=\"og:title\" content=\"Farby do twarzy Camouflage z lusterkiem -\" \/>\n<meta property=\"og:description\" content=\"\u201eFarby do twarzy Camouflage z lusterkiem\u201d to praktyczny i wszechstronny produkt przeznaczony do kamufla\u017cu twarzy w r\u00f3\u017cnych sytuacjach.\" \/>\n<meta property=\"og:url\" content=\"https:\/\/toidupakk.ee\/pl\/toode\/farby-do-twarzy-camouflage-z-lusterkiem\/\" \/>\n<meta property=\"og:site_name\" content=\"Toidupakk.ee - Tactical Foodpack toidupakid\" \/>\n<meta property=\"article:publisher\" content=\"https:\/\/www.facebook.com\/Toidupakk\" \/>\n<meta property=\"article:modified_time\" content=\"2026-04-16T00:30:37+00:00\" \/>\n<meta property=\"og:image\" content=\"https:\/\/toidupakk.ee\/wp-content\/uploads\/2023\/07\/97.png\" \/>\n\t<meta property=\"og:image:width\" content=\"1080\" \/>\n\t<meta property=\"og:image:height\" content=\"1080\" \/>\n\t<meta property=\"og:image:type\" content=\"image\/png\" \/>\n<meta name=\"twitter:card\" content=\"summary_large_image\" \/>\n<meta name=\"twitter:label1\" content=\"Szacowany czas czytania\" \/>\n\t<meta name=\"twitter:data1\" content=\"2 minuty\" \/>\n<script type=\"application\/ld+json\" class=\"yoast-schema-graph\">{\"@context\":\"https:\\\/\\\/schema.org\",\"@graph\":[{\"@type\":\"WebPage\",\"@id\":\"https:\\\/\\\/toidupakk.ee\\\/pl\\\/toode\\\/farby-do-twarzy-camouflage-z-lusterkiem\\\/\",\"url\":\"https:\\\/\\\/toidupakk.ee\\\/pl\\\/toode\\\/farby-do-twarzy-camouflage-z-lusterkiem\\\/\",\"name\":\"Farby do twarzy Camouflage z lusterkiem -\",\"isPartOf\":{\"@id\":\"https:\\\/\\\/toidupakk.ee\\\/pl\\\/#website\"},\"primaryImageOfPage\":{\"@id\":\"https:\\\/\\\/toidupakk.ee\\\/pl\\\/toode\\\/farby-do-twarzy-camouflage-z-lusterkiem\\\/#primaryimage\"},\"image\":{\"@id\":\"https:\\\/\\\/toidupakk.ee\\\/pl\\\/toode\\\/farby-do-twarzy-camouflage-z-lusterkiem\\\/#primaryimage\"},\"thumbnailUrl\":\"https:\\\/\\\/toidupakk.ee\\\/wp-content\\\/uploads\\\/2023\\\/07\\\/97.png\",\"datePublished\":\"2023-07-27T10:38:23+00:00\",\"dateModified\":\"2026-04-16T00:30:37+00:00\",\"description\":\"\u201eFarby do twarzy Camouflage z lusterkiem\u201d to praktyczny i wszechstronny produkt przeznaczony do kamufla\u017cu twarzy w r\u00f3\u017cnych sytuacjach.\",\"breadcrumb\":{\"@id\":\"https:\\\/\\\/toidupakk.ee\\\/pl\\\/toode\\\/farby-do-twarzy-camouflage-z-lusterkiem\\\/#breadcrumb\"},\"inLanguage\":\"pl-PL\",\"potentialAction\":[{\"@type\":\"ReadAction\",\"target\":[\"https:\\\/\\\/toidupakk.ee\\\/pl\\\/toode\\\/farby-do-twarzy-camouflage-z-lusterkiem\\\/\"]}]},{\"@type\":\"ImageObject\",\"inLanguage\":\"pl-PL\",\"@id\":\"https:\\\/\\\/toidupakk.ee\\\/pl\\\/toode\\\/farby-do-twarzy-camouflage-z-lusterkiem\\\/#primaryimage\",\"url\":\"https:\\\/\\\/toidupakk.ee\\\/wp-content\\\/uploads\\\/2023\\\/07\\\/97.png\",\"contentUrl\":\"https:\\\/\\\/toidupakk.ee\\\/wp-content\\\/uploads\\\/2023\\\/07\\\/97.png\",\"width\":1080,\"height\":1080,\"caption\":\"N\u00e4ov\u00e4rvid Camouflage peegliga\"},{\"@type\":\"BreadcrumbList\",\"@id\":\"https:\\\/\\\/toidupakk.ee\\\/pl\\\/toode\\\/farby-do-twarzy-camouflage-z-lusterkiem\\\/#breadcrumb\",\"itemListElement\":[{\"@type\":\"ListItem\",\"position\":1,\"name\":\"Avaleht\",\"item\":\"https:\\\/\\\/toidupakk.ee\\\/pl\\\/\"},{\"@type\":\"ListItem\",\"position\":2,\"name\":\"Sklep internetowy\",\"item\":\"https:\\\/\\\/toidupakk.ee\\\/pl\\\/sklep-internetowy\\\/\"},{\"@type\":\"ListItem\",\"position\":3,\"name\":\"Farby do twarzy Camouflage z lusterkiem\"}]},{\"@type\":\"WebSite\",\"@id\":\"https:\\\/\\\/toidupakk.ee\\\/pl\\\/#website\",\"url\":\"https:\\\/\\\/toidupakk.ee\\\/pl\\\/\",\"name\":\"Toidupakk.ee - Tactical Foodpack toidupakid\",\"description\":\"Tactical Foodpack k\u00fclmkuivatatud toidupakid ja matkaeined\",\"publisher\":{\"@id\":\"https:\\\/\\\/toidupakk.ee\\\/pl\\\/#organization\"},\"potentialAction\":[{\"@type\":\"SearchAction\",\"target\":{\"@type\":\"EntryPoint\",\"urlTemplate\":\"https:\\\/\\\/toidupakk.ee\\\/pl\\\/?s={search_term_string}\"},\"query-input\":{\"@type\":\"PropertyValueSpecification\",\"valueRequired\":true,\"valueName\":\"search_term_string\"}}],\"inLanguage\":\"pl-PL\"},{\"@type\":\"Organization\",\"@id\":\"https:\\\/\\\/toidupakk.ee\\\/pl\\\/#organization\",\"name\":\"Tactical Foodpack matkaeined\",\"url\":\"https:\\\/\\\/toidupakk.ee\\\/pl\\\/\",\"logo\":{\"@type\":\"ImageObject\",\"inLanguage\":\"pl-PL\",\"@id\":\"https:\\\/\\\/toidupakk.ee\\\/pl\\\/#\\\/schema\\\/logo\\\/image\\\/\",\"url\":\"https:\\\/\\\/toidupakk.ee\\\/wp-content\\\/uploads\\\/2022\\\/01\\\/Toidupakk-matkapood-logo-transparent.png\",\"contentUrl\":\"https:\\\/\\\/toidupakk.ee\\\/wp-content\\\/uploads\\\/2022\\\/01\\\/Toidupakk-matkapood-logo-transparent.png\",\"width\":500,\"height\":500,\"caption\":\"Tactical Foodpack matkaeined\"},\"image\":{\"@id\":\"https:\\\/\\\/toidupakk.ee\\\/pl\\\/#\\\/schema\\\/logo\\\/image\\\/\"},\"sameAs\":[\"https:\\\/\\\/www.facebook.com\\\/Toidupakk\",\"https:\\\/\\\/www.instagram.com\\\/toidupakk\\\/\"]}]}<\/script>\n<!-- \/ Yoast SEO plugin. -->","yoast_head_json":{"title":"Farby do twarzy Camouflage z lusterkiem -","description":"\u201eFarby do twarzy Camouflage z lusterkiem\u201d to praktyczny i wszechstronny produkt przeznaczony do kamufla\u017cu twarzy w r\u00f3\u017cnych sytuacjach.","robots":{"index":"index","follow":"follow","max-snippet":"max-snippet:-1","max-image-preview":"max-image-preview:large","max-video-preview":"max-video-preview:-1"},"canonical":"https:\/\/toidupakk.ee\/pl\/toode\/farby-do-twarzy-camouflage-z-lusterkiem\/","og_locale":"pl_PL","og_type":"article","og_title":"Farby do twarzy Camouflage z lusterkiem -","og_description":"\u201eFarby do twarzy Camouflage z lusterkiem\u201d to praktyczny i wszechstronny produkt przeznaczony do kamufla\u017cu twarzy w r\u00f3\u017cnych sytuacjach.","og_url":"https:\/\/toidupakk.ee\/pl\/toode\/farby-do-twarzy-camouflage-z-lusterkiem\/","og_site_name":"Toidupakk.ee - Tactical Foodpack toidupakid","article_publisher":"https:\/\/www.facebook.com\/Toidupakk","article_modified_time":"2026-04-16T00:30:37+00:00","og_image":[{"width":1080,"height":1080,"url":"https:\/\/toidupakk.ee\/wp-content\/uploads\/2023\/07\/97.png","type":"image\/png"}],"twitter_card":"summary_large_image","twitter_misc":{"Szacowany czas czytania":"2 minuty"},"schema":{"@context":"https:\/\/schema.org","@graph":[{"@type":"WebPage","@id":"https:\/\/toidupakk.ee\/pl\/toode\/farby-do-twarzy-camouflage-z-lusterkiem\/","url":"https:\/\/toidupakk.ee\/pl\/toode\/farby-do-twarzy-camouflage-z-lusterkiem\/","name":"Farby do twarzy Camouflage z lusterkiem -","isPartOf":{"@id":"https:\/\/toidupakk.ee\/pl\/#website"},"primaryImageOfPage":{"@id":"https:\/\/toidupakk.ee\/pl\/toode\/farby-do-twarzy-camouflage-z-lusterkiem\/#primaryimage"},"image":{"@id":"https:\/\/toidupakk.ee\/pl\/toode\/farby-do-twarzy-camouflage-z-lusterkiem\/#primaryimage"},"thumbnailUrl":"https:\/\/toidupakk.ee\/wp-content\/uploads\/2023\/07\/97.png","datePublished":"2023-07-27T10:38:23+00:00","dateModified":"2026-04-16T00:30:37+00:00","description":"\u201eFarby do twarzy Camouflage z lusterkiem\u201d to praktyczny i wszechstronny produkt przeznaczony do kamufla\u017cu twarzy w r\u00f3\u017cnych sytuacjach.","breadcrumb":{"@id":"https:\/\/toidupakk.ee\/pl\/toode\/farby-do-twarzy-camouflage-z-lusterkiem\/#breadcrumb"},"inLanguage":"pl-PL","potentialAction":[{"@type":"ReadAction","target":["https:\/\/toidupakk.ee\/pl\/toode\/farby-do-twarzy-camouflage-z-lusterkiem\/"]}]},{"@type":"ImageObject","inLanguage":"pl-PL","@id":"https:\/\/toidupakk.ee\/pl\/toode\/farby-do-twarzy-camouflage-z-lusterkiem\/#primaryimage","url":"https:\/\/toidupakk.ee\/wp-content\/uploads\/2023\/07\/97.png","contentUrl":"https:\/\/toidupakk.ee\/wp-content\/uploads\/2023\/07\/97.png","width":1080,"height":1080,"caption":"N\u00e4ov\u00e4rvid Camouflage peegliga"},{"@type":"BreadcrumbList","@id":"https:\/\/toidupakk.ee\/pl\/toode\/farby-do-twarzy-camouflage-z-lusterkiem\/#breadcrumb","itemListElement":[{"@type":"ListItem","position":1,"name":"Avaleht","item":"https:\/\/toidupakk.ee\/pl\/"},{"@type":"ListItem","position":2,"name":"Sklep internetowy","item":"https:\/\/toidupakk.ee\/pl\/sklep-internetowy\/"},{"@type":"ListItem","position":3,"name":"Farby do twarzy Camouflage z lusterkiem"}]},{"@type":"WebSite","@id":"https:\/\/toidupakk.ee\/pl\/#website","url":"https:\/\/toidupakk.ee\/pl\/","name":"Toidupakk.ee - Tactical Foodpack toidupakid","description":"Tactical Foodpack k\u00fclmkuivatatud toidupakid ja matkaeined","publisher":{"@id":"https:\/\/toidupakk.ee\/pl\/#organization"},"potentialAction":[{"@type":"SearchAction","target":{"@type":"EntryPoint","urlTemplate":"https:\/\/toidupakk.ee\/pl\/?s={search_term_string}"},"query-input":{"@type":"PropertyValueSpecification","valueRequired":true,"valueName":"search_term_string"}}],"inLanguage":"pl-PL"},{"@type":"Organization","@id":"https:\/\/toidupakk.ee\/pl\/#organization","name":"Tactical Foodpack matkaeined","url":"https:\/\/toidupakk.ee\/pl\/","logo":{"@type":"ImageObject","inLanguage":"pl-PL","@id":"https:\/\/toidupakk.ee\/pl\/#\/schema\/logo\/image\/","url":"https:\/\/toidupakk.ee\/wp-content\/uploads\/2022\/01\/Toidupakk-matkapood-logo-transparent.png","contentUrl":"https:\/\/toidupakk.ee\/wp-content\/uploads\/2022\/01\/Toidupakk-matkapood-logo-transparent.png","width":500,"height":500,"caption":"Tactical Foodpack matkaeined"},"image":{"@id":"https:\/\/toidupakk.ee\/pl\/#\/schema\/logo\/image\/"},"sameAs":["https:\/\/www.facebook.com\/Toidupakk","https:\/\/www.instagram.com\/toidupakk\/"]}]}},"jetpack_sharing_enabled":true,"_links":{"self":[{"href":"https:\/\/toidupakk.ee\/pl\/wp-json\/wp\/v2\/product\/52280","targetHints":{"allow":["GET"]}}],"collection":[{"href":"https:\/\/toidupakk.ee\/pl\/wp-json\/wp\/v2\/product"}],"about":[{"href":"https:\/\/toidupakk.ee\/pl\/wp-json\/wp\/v2\/types\/product"}],"replies":[{"embeddable":true,"href":"https:\/\/toidupakk.ee\/pl\/wp-json\/wp\/v2\/comments?post=52280"}],"wp:featuredmedia":[{"embeddable":true,"href":"https:\/\/toidupakk.ee\/pl\/wp-json\/wp\/v2\/media\/12112"}],"wp:attachment":[{"href":"https:\/\/toidupakk.ee\/pl\/wp-json\/wp\/v2\/media?parent=52280"}],"wp:term":[{"taxonomy":"product_brand","embeddable":true,"href":"https:\/\/toidupakk.ee\/pl\/wp-json\/wp\/v2\/product_brand?post=52280"},{"taxonomy":"product_cat","embeddable":true,"href":"https:\/\/toidupakk.ee\/pl\/wp-json\/wp\/v2\/product_cat?post=52280"},{"taxonomy":"product_tag","embeddable":true,"href":"https:\/\/toidupakk.ee\/pl\/wp-json\/wp\/v2\/product_tag?post=52280"}],"curies":[{"name":"wp","href":"https:\/\/api.w.org\/{rel}","templated":true}]}}