{"id":52255,"date":"2023-07-13T13:30:45","date_gmt":"2023-07-13T10:30:45","guid":{"rendered":"https:\/\/toidupakk.ee\/toode\/namiot-richmond-1\/"},"modified":"2026-04-29T15:31:58","modified_gmt":"2026-04-29T12:31:58","slug":"namiot-richmond-1","status":"publish","type":"product","link":"https:\/\/toidupakk.ee\/pl\/toode\/namiot-richmond-1\/","title":{"rendered":"Namiot Richmond 1"},"content":{"rendered":"<h1>Namiot Richmond 1<\/h1>\n<p>Namioty o konstrukcji tunelowej charakteryzuj\u0105 si\u0119 bardzo dobr\u0105 odporno\u015bci\u0105 na wiatr. Nawet podczas sztormowych dni nie musisz si\u0119 martwi\u0107 o stabilno\u015b\u0107 namiotu. Prawid\u0142owo przytwierdzony \u015bledziami do pod\u0142o\u017ca namiot nie odleci nawet przy silnym wietrze. Richmond 1 sk\u0142ada si\u0119 z namiotu wewn\u0119trznego i tropiku. Oba elementy mo\u017cna rozstawi\u0107 oddzielnie. W ciep\u0142ym klimacie, podczas upalnych nocy, mo\u017cesz u\u017cywa\u0107 tylko namiotu wewn\u0119trznego. Dzi\u0119ki temu przep\u0142yw powietrza jest wi\u0119kszy, co zapewnia ch\u0142odzenie, a siatka chroni przed uci\u0105\u017cliwymi owadami. Dodatkowym atutem jest mo\u017cliwo\u015b\u0107 zasypiania z widokiem na rozgwie\u017cd\u017cone niebo.       <\/p>\n<h2>Namiot Richmond 1 \u2013 jakich materia\u0142\u00f3w u\u017cyto?<\/h2>\n<p>Materia\u0142y poszycia i konstrukcji s\u0105 lekkie. Zastosowano cienkie, ale wytrzyma\u0142e \u201einteligentne\u201d materia\u0142y. Dzi\u0119ki temu ca\u0142kowita waga namiotu jest minimalna, co pozwala w\u0119drowcom na wygodne przenoszenie go w plecaku. Tropik oraz pod\u0142oga s\u0105 pokryte poliuretanem, co zapewnia dobr\u0105 wodoodporno\u015b\u0107. Szwy s\u0105 podklejone. Dzi\u0119ki temu pozostaniesz w suchym i ciep\u0142ym miejscu nawet podczas deszczowej pogody.      <\/p>\n<p><img fetchpriority=\"high\" decoding=\"async\" class=\"alignnone size-medium wp-image-11348\" src=\"https:\/\/toidupakk.ee\/wp-content\/uploads\/2023\/07\/grandcanyon-logo-300x189.png\" alt=\"\" width=\"300\" height=\"189\" srcset=\"https:\/\/toidupakk.ee\/wp-content\/uploads\/2023\/07\/grandcanyon-logo-300x189.png 300w, https:\/\/toidupakk.ee\/wp-content\/uploads\/2023\/07\/grandcanyon-logo.png 340w\" sizes=\"(max-width: 300px) 100vw, 300px\" \/><\/p>\n<p>&nbsp;<\/p>\n<h2>Dodatkowe elementy namiotu<\/h2>\n<p>Znajduj\u0105cy si\u0119 z boku przedsionek pozwala na przechowywanie sprz\u0119tu blisko siebie i w ochronie przed warunkami atmosferycznymi. Jest przeznaczony na wilgotn\u0105 odzie\u017c, buty i plecak trekkingowy. Dzi\u0119ki temu wewn\u0119trzna cz\u0119\u015b\u0107 sypialna pozostaje sucha. Pa\u0142\u0105k od strony g\u0142owy jest wi\u0119kszy\/wy\u017cszy, co pozwala na wygodniejsze poruszanie si\u0119 i zapewnia wi\u0119cej miejsca wewn\u0105trz.   <\/p>\n<p>UWAGA! Dodatkowo linki namiotu maj\u0105 odblaskowy design, co znacznie poprawia ich widoczno\u015b\u0107 w ciemno\u015bci. Koniec z potykaniem si\u0119 o odci\u0105gi po zmroku. Dzi\u0119ki temu \u0142atwiej te\u017c odnajdziesz sw\u00f3j namiot w nocy.  <\/p>\n<p><img decoding=\"async\" class=\"alignnone size-full wp-image-11347\" src=\"https:\/\/toidupakk.ee\/wp-content\/uploads\/2023\/07\/richmond-1-size.png\" alt=\"\" width=\"250\" height=\"250\" srcset=\"https:\/\/toidupakk.ee\/wp-content\/uploads\/2023\/07\/richmond-1-size.png 250w, https:\/\/toidupakk.ee\/wp-content\/uploads\/2023\/07\/richmond-1-size-100x100.png 100w\" sizes=\"(max-width: 250px) 100vw, 250px\" \/><\/p>\n<p>Sprawd\u017a inne akcesoria turystyczne <a href=\"https:\/\/toidupakk.ee\/pl\/tootekategooria\/sprzet-turystyczny\/#section-3-79\">TUTAJ<\/a><\/p>\n<p>Interesuj\u0105 Ci\u0119 posi\u0142ki turystyczne? Zobacz <a href=\"\/?product_cat=snakk#section-3-79\">TUTAJ<\/a><\/p>\n<p>Znajd\u017a inspiracj\u0119 na kolejne przygody na <a href=\"https:\/\/www.instagram.com\/toidupakk\/\">Instagramie<\/a> i <a href=\"https:\/\/www.facebook.com\/Toidupakk\/\">Facebooku<\/a> Toidupakk.<\/p>\n","protected":false},"excerpt":{"rendered":"<p><strong>Namiot jednoosobowy Richmond 1<\/strong> to <strong>najl\u017cejszy model<\/strong> w\u015br\u00f3d namiot\u00f3w GRAND CANYON\u00ae, wa\u017c\u0105cy zaledwie <strong>1700 gram\u00f3w.<\/strong> Niska waga i kompaktowy rozmiar sprawiaj\u0105, \u017ce Richmond 1 jest idealnym towarzyszem twoich w\u0119dr\u00f3wek. Richmond 1 wygodnie pomie\u015bci 1 osob\u0119 wraz z ekwipunkiem. Niski i aerodynamiczny kszta\u0142t sprawia, \u017ce namiot jest <strong>bardzo odporny na wiatr<\/strong>. Boczny <strong>przedsionek bez problemu pomie\u015bci mokre ubrania i buty<\/strong>. W upalnych warunkach <strong>mo\u017cna u\u017cywa\u0107 samej sypialni<\/strong>. Zapewnia to cyrkulacj\u0119 powietrza, chroni przed komarami i owadami, a w bezchmurne noce pozwala nawet na <strong>obserwacj\u0119 gwiazd<\/strong>.     <\/p>\n<p>&nbsp;<\/p>\n<ul>\n<li><strong>Liczba miejsc:<\/strong> 1 osoba<\/li>\n<li><strong>Materia\u0142 tropiku:<\/strong> 100% poliester 68D (190T)<\/li>\n<li><strong>Materia\u0142 namiotu wewn\u0119trznego:<\/strong> wytrzyma\u0142a siatka (chroni przed komarami i innymi owadami)<\/li>\n<li><strong>Materia\u0142 pod\u0142ogi:<\/strong> polietylen powlekany poliuretanem<\/li>\n<li><strong>Pa\u0142\u0105ki:<\/strong> w\u0142\u00f3kno szklane<\/li>\n<li><strong>\u015aledzie:<\/strong> stal<\/li>\n<li><strong>Waga:<\/strong> 1700 gram\u00f3w<\/li>\n<li><strong>Wymiary:<\/strong> 13 x 28 cm (po spakowaniu)<\/li>\n<li><strong>Wodoodporno\u015b\u0107:<\/strong> 3000 mm<\/li>\n<li><strong>Kolor:<\/strong> Blue Grass (niebieski) lub Capulet Olive (oliwkowa ziele\u0144)<\/li>\n<\/ul>\n<p>\u2705 Dost\u0119pne w magazynie, szybka dostawa w 1-3 dni robocze<br \/>\n\u2705 Kup teraz, zap\u0142a\u0107 p\u00f3\u017aniej (RRSO 0%)<\/p>\n","protected":false},"featured_media":52275,"comment_status":"open","ping_status":"closed","template":"","meta":{"_acf_changed":false},"product_brand":[],"product_cat":[303,312,314,301],"product_tag":[],"class_list":{"0":"post-52255","1":"product","2":"type-product","3":"status-publish","4":"has-post-thumbnail","6":"product_cat-akcesoria-turystyczne","7":"product_cat-namioty","8":"product_cat-nocowanie-w-naturze","9":"product_cat-sprzet-turystyczny","11":"first","12":"instock","13":"taxable","14":"shipping-taxable","15":"purchasable","16":"product-type-variable","17":"has-default-attributes"},"bundled_by":[],"bundle_stock_status":"instock","bundle_stock_quantity":null,"bundle_virtual":false,"bundle_layout":"","bundle_add_to_cart_form_location":"","bundle_editable_in_cart":false,"bundle_sold_individually_context":"","bundle_item_grouping":"","bundle_min_size":"","bundle_max_size":"","bundle_price":[],"bundled_items":[],"bundle_sell_ids":[],"acf":[],"yoast_head":"<!-- This site is optimized with the Yoast SEO plugin v27.3 - https:\/\/yoast.com\/product\/yoast-seo-wordpress\/ -->\n<title>Namiot Richmond 1<\/title>\n<meta name=\"description\" content=\"Richmond 1 to jednoosobowy namiot z serii GRAND CANYON, kt\u00f3ry jest najl\u017cejszym modelem w kolekcji (1700 g). Niska waga idzie w parze z kompaktowym rozmiarem.\" \/>\n<meta name=\"robots\" content=\"index, follow, max-snippet:-1, max-image-preview:large, max-video-preview:-1\" \/>\n<link rel=\"canonical\" href=\"https:\/\/toidupakk.ee\/pl\/toode\/namiot-richmond-1\/\" \/>\n<meta property=\"og:locale\" content=\"pl_PL\" \/>\n<meta property=\"og:type\" content=\"article\" \/>\n<meta property=\"og:title\" content=\"Namiot Richmond 1\" \/>\n<meta property=\"og:description\" content=\"Richmond 1 to jednoosobowy namiot z serii GRAND CANYON, kt\u00f3ry jest najl\u017cejszym modelem w kolekcji (1700 g). Niska waga idzie w parze z kompaktowym rozmiarem.\" \/>\n<meta property=\"og:url\" content=\"https:\/\/toidupakk.ee\/pl\/toode\/namiot-richmond-1\/\" \/>\n<meta property=\"og:site_name\" content=\"Toidupakk.ee - Tactical Foodpack toidupakid\" \/>\n<meta property=\"article:publisher\" content=\"https:\/\/www.facebook.com\/Toidupakk\" \/>\n<meta property=\"article:modified_time\" content=\"2026-04-29T12:31:58+00:00\" \/>\n<meta property=\"og:image\" content=\"https:\/\/toidupakk.ee\/wp-content\/uploads\/2023\/07\/Telk-Richmond-1-roheline.png\" \/>\n\t<meta property=\"og:image:width\" content=\"800\" \/>\n\t<meta property=\"og:image:height\" content=\"800\" \/>\n\t<meta property=\"og:image:type\" content=\"image\/png\" \/>\n<meta name=\"twitter:card\" content=\"summary_large_image\" \/>\n<meta name=\"twitter:label1\" content=\"Szacowany czas czytania\" \/>\n\t<meta name=\"twitter:data1\" content=\"1 minuta\" \/>\n<script type=\"application\/ld+json\" class=\"yoast-schema-graph\">{\"@context\":\"https:\\\/\\\/schema.org\",\"@graph\":[{\"@type\":\"WebPage\",\"@id\":\"https:\\\/\\\/toidupakk.ee\\\/pl\\\/toode\\\/namiot-richmond-1\\\/\",\"url\":\"https:\\\/\\\/toidupakk.ee\\\/pl\\\/toode\\\/namiot-richmond-1\\\/\",\"name\":\"Namiot Richmond 1\",\"isPartOf\":{\"@id\":\"https:\\\/\\\/toidupakk.ee\\\/pl\\\/#website\"},\"primaryImageOfPage\":{\"@id\":\"https:\\\/\\\/toidupakk.ee\\\/pl\\\/toode\\\/namiot-richmond-1\\\/#primaryimage\"},\"image\":{\"@id\":\"https:\\\/\\\/toidupakk.ee\\\/pl\\\/toode\\\/namiot-richmond-1\\\/#primaryimage\"},\"thumbnailUrl\":\"https:\\\/\\\/toidupakk.ee\\\/wp-content\\\/uploads\\\/2023\\\/07\\\/Telk-Richmond-1-roheline.png\",\"datePublished\":\"2023-07-13T10:30:45+00:00\",\"dateModified\":\"2026-04-29T12:31:58+00:00\",\"description\":\"Richmond 1 to jednoosobowy namiot z serii GRAND CANYON, kt\u00f3ry jest najl\u017cejszym modelem w kolekcji (1700 g). Niska waga idzie w parze z kompaktowym rozmiarem.\",\"breadcrumb\":{\"@id\":\"https:\\\/\\\/toidupakk.ee\\\/pl\\\/toode\\\/namiot-richmond-1\\\/#breadcrumb\"},\"inLanguage\":\"pl-PL\",\"potentialAction\":[{\"@type\":\"ReadAction\",\"target\":[\"https:\\\/\\\/toidupakk.ee\\\/pl\\\/toode\\\/namiot-richmond-1\\\/\"]}]},{\"@type\":\"ImageObject\",\"inLanguage\":\"pl-PL\",\"@id\":\"https:\\\/\\\/toidupakk.ee\\\/pl\\\/toode\\\/namiot-richmond-1\\\/#primaryimage\",\"url\":\"https:\\\/\\\/toidupakk.ee\\\/wp-content\\\/uploads\\\/2023\\\/07\\\/Telk-Richmond-1-roheline.png\",\"contentUrl\":\"https:\\\/\\\/toidupakk.ee\\\/wp-content\\\/uploads\\\/2023\\\/07\\\/Telk-Richmond-1-roheline.png\",\"width\":800,\"height\":800,\"caption\":\"Namiot jednoosobowy Grand Canyon Richmond 1 olive green\"},{\"@type\":\"BreadcrumbList\",\"@id\":\"https:\\\/\\\/toidupakk.ee\\\/pl\\\/toode\\\/namiot-richmond-1\\\/#breadcrumb\",\"itemListElement\":[{\"@type\":\"ListItem\",\"position\":1,\"name\":\"Avaleht\",\"item\":\"https:\\\/\\\/toidupakk.ee\\\/pl\\\/\"},{\"@type\":\"ListItem\",\"position\":2,\"name\":\"Sklep internetowy\",\"item\":\"https:\\\/\\\/toidupakk.ee\\\/pl\\\/sklep-internetowy\\\/\"},{\"@type\":\"ListItem\",\"position\":3,\"name\":\"Namiot Richmond 1\"}]},{\"@type\":\"WebSite\",\"@id\":\"https:\\\/\\\/toidupakk.ee\\\/pl\\\/#website\",\"url\":\"https:\\\/\\\/toidupakk.ee\\\/pl\\\/\",\"name\":\"Toidupakk.ee - Tactical Foodpack toidupakid\",\"description\":\"Tactical Foodpack k\u00fclmkuivatatud toidupakid ja matkaeined\",\"publisher\":{\"@id\":\"https:\\\/\\\/toidupakk.ee\\\/pl\\\/#organization\"},\"potentialAction\":[{\"@type\":\"SearchAction\",\"target\":{\"@type\":\"EntryPoint\",\"urlTemplate\":\"https:\\\/\\\/toidupakk.ee\\\/pl\\\/?s={search_term_string}\"},\"query-input\":{\"@type\":\"PropertyValueSpecification\",\"valueRequired\":true,\"valueName\":\"search_term_string\"}}],\"inLanguage\":\"pl-PL\"},{\"@type\":\"Organization\",\"@id\":\"https:\\\/\\\/toidupakk.ee\\\/pl\\\/#organization\",\"name\":\"Tactical Foodpack matkaeined\",\"url\":\"https:\\\/\\\/toidupakk.ee\\\/pl\\\/\",\"logo\":{\"@type\":\"ImageObject\",\"inLanguage\":\"pl-PL\",\"@id\":\"https:\\\/\\\/toidupakk.ee\\\/pl\\\/#\\\/schema\\\/logo\\\/image\\\/\",\"url\":\"https:\\\/\\\/toidupakk.ee\\\/wp-content\\\/uploads\\\/2022\\\/01\\\/Toidupakk-matkapood-logo-transparent.png\",\"contentUrl\":\"https:\\\/\\\/toidupakk.ee\\\/wp-content\\\/uploads\\\/2022\\\/01\\\/Toidupakk-matkapood-logo-transparent.png\",\"width\":500,\"height\":500,\"caption\":\"Tactical Foodpack matkaeined\"},\"image\":{\"@id\":\"https:\\\/\\\/toidupakk.ee\\\/pl\\\/#\\\/schema\\\/logo\\\/image\\\/\"},\"sameAs\":[\"https:\\\/\\\/www.facebook.com\\\/Toidupakk\",\"https:\\\/\\\/www.instagram.com\\\/toidupakk\\\/\"]}]}<\/script>\n<!-- \/ Yoast SEO plugin. -->","yoast_head_json":{"title":"Namiot Richmond 1","description":"Richmond 1 to jednoosobowy namiot z serii GRAND CANYON, kt\u00f3ry jest najl\u017cejszym modelem w kolekcji (1700 g). Niska waga idzie w parze z kompaktowym rozmiarem.","robots":{"index":"index","follow":"follow","max-snippet":"max-snippet:-1","max-image-preview":"max-image-preview:large","max-video-preview":"max-video-preview:-1"},"canonical":"https:\/\/toidupakk.ee\/pl\/toode\/namiot-richmond-1\/","og_locale":"pl_PL","og_type":"article","og_title":"Namiot Richmond 1","og_description":"Richmond 1 to jednoosobowy namiot z serii GRAND CANYON, kt\u00f3ry jest najl\u017cejszym modelem w kolekcji (1700 g). Niska waga idzie w parze z kompaktowym rozmiarem.","og_url":"https:\/\/toidupakk.ee\/pl\/toode\/namiot-richmond-1\/","og_site_name":"Toidupakk.ee - Tactical Foodpack toidupakid","article_publisher":"https:\/\/www.facebook.com\/Toidupakk","article_modified_time":"2026-04-29T12:31:58+00:00","og_image":[{"width":800,"height":800,"url":"https:\/\/toidupakk.ee\/wp-content\/uploads\/2023\/07\/Telk-Richmond-1-roheline.png","type":"image\/png"}],"twitter_card":"summary_large_image","twitter_misc":{"Szacowany czas czytania":"1 minuta"},"schema":{"@context":"https:\/\/schema.org","@graph":[{"@type":"WebPage","@id":"https:\/\/toidupakk.ee\/pl\/toode\/namiot-richmond-1\/","url":"https:\/\/toidupakk.ee\/pl\/toode\/namiot-richmond-1\/","name":"Namiot Richmond 1","isPartOf":{"@id":"https:\/\/toidupakk.ee\/pl\/#website"},"primaryImageOfPage":{"@id":"https:\/\/toidupakk.ee\/pl\/toode\/namiot-richmond-1\/#primaryimage"},"image":{"@id":"https:\/\/toidupakk.ee\/pl\/toode\/namiot-richmond-1\/#primaryimage"},"thumbnailUrl":"https:\/\/toidupakk.ee\/wp-content\/uploads\/2023\/07\/Telk-Richmond-1-roheline.png","datePublished":"2023-07-13T10:30:45+00:00","dateModified":"2026-04-29T12:31:58+00:00","description":"Richmond 1 to jednoosobowy namiot z serii GRAND CANYON, kt\u00f3ry jest najl\u017cejszym modelem w kolekcji (1700 g). Niska waga idzie w parze z kompaktowym rozmiarem.","breadcrumb":{"@id":"https:\/\/toidupakk.ee\/pl\/toode\/namiot-richmond-1\/#breadcrumb"},"inLanguage":"pl-PL","potentialAction":[{"@type":"ReadAction","target":["https:\/\/toidupakk.ee\/pl\/toode\/namiot-richmond-1\/"]}]},{"@type":"ImageObject","inLanguage":"pl-PL","@id":"https:\/\/toidupakk.ee\/pl\/toode\/namiot-richmond-1\/#primaryimage","url":"https:\/\/toidupakk.ee\/wp-content\/uploads\/2023\/07\/Telk-Richmond-1-roheline.png","contentUrl":"https:\/\/toidupakk.ee\/wp-content\/uploads\/2023\/07\/Telk-Richmond-1-roheline.png","width":800,"height":800,"caption":"Namiot jednoosobowy Grand Canyon Richmond 1 olive green"},{"@type":"BreadcrumbList","@id":"https:\/\/toidupakk.ee\/pl\/toode\/namiot-richmond-1\/#breadcrumb","itemListElement":[{"@type":"ListItem","position":1,"name":"Avaleht","item":"https:\/\/toidupakk.ee\/pl\/"},{"@type":"ListItem","position":2,"name":"Sklep internetowy","item":"https:\/\/toidupakk.ee\/pl\/sklep-internetowy\/"},{"@type":"ListItem","position":3,"name":"Namiot Richmond 1"}]},{"@type":"WebSite","@id":"https:\/\/toidupakk.ee\/pl\/#website","url":"https:\/\/toidupakk.ee\/pl\/","name":"Toidupakk.ee - Tactical Foodpack toidupakid","description":"Tactical Foodpack k\u00fclmkuivatatud toidupakid ja matkaeined","publisher":{"@id":"https:\/\/toidupakk.ee\/pl\/#organization"},"potentialAction":[{"@type":"SearchAction","target":{"@type":"EntryPoint","urlTemplate":"https:\/\/toidupakk.ee\/pl\/?s={search_term_string}"},"query-input":{"@type":"PropertyValueSpecification","valueRequired":true,"valueName":"search_term_string"}}],"inLanguage":"pl-PL"},{"@type":"Organization","@id":"https:\/\/toidupakk.ee\/pl\/#organization","name":"Tactical Foodpack matkaeined","url":"https:\/\/toidupakk.ee\/pl\/","logo":{"@type":"ImageObject","inLanguage":"pl-PL","@id":"https:\/\/toidupakk.ee\/pl\/#\/schema\/logo\/image\/","url":"https:\/\/toidupakk.ee\/wp-content\/uploads\/2022\/01\/Toidupakk-matkapood-logo-transparent.png","contentUrl":"https:\/\/toidupakk.ee\/wp-content\/uploads\/2022\/01\/Toidupakk-matkapood-logo-transparent.png","width":500,"height":500,"caption":"Tactical Foodpack matkaeined"},"image":{"@id":"https:\/\/toidupakk.ee\/pl\/#\/schema\/logo\/image\/"},"sameAs":["https:\/\/www.facebook.com\/Toidupakk","https:\/\/www.instagram.com\/toidupakk\/"]}]}},"jetpack_sharing_enabled":true,"_links":{"self":[{"href":"https:\/\/toidupakk.ee\/pl\/wp-json\/wp\/v2\/product\/52255","targetHints":{"allow":["GET"]}}],"collection":[{"href":"https:\/\/toidupakk.ee\/pl\/wp-json\/wp\/v2\/product"}],"about":[{"href":"https:\/\/toidupakk.ee\/pl\/wp-json\/wp\/v2\/types\/product"}],"replies":[{"embeddable":true,"href":"https:\/\/toidupakk.ee\/pl\/wp-json\/wp\/v2\/comments?post=52255"}],"wp:featuredmedia":[{"embeddable":true,"href":"https:\/\/toidupakk.ee\/pl\/wp-json\/wp\/v2\/media\/52275"}],"wp:attachment":[{"href":"https:\/\/toidupakk.ee\/pl\/wp-json\/wp\/v2\/media?parent=52255"}],"wp:term":[{"taxonomy":"product_brand","embeddable":true,"href":"https:\/\/toidupakk.ee\/pl\/wp-json\/wp\/v2\/product_brand?post=52255"},{"taxonomy":"product_cat","embeddable":true,"href":"https:\/\/toidupakk.ee\/pl\/wp-json\/wp\/v2\/product_cat?post=52255"},{"taxonomy":"product_tag","embeddable":true,"href":"https:\/\/toidupakk.ee\/pl\/wp-json\/wp\/v2\/product_tag?post=52255"}],"curies":[{"name":"wp","href":"https:\/\/api.w.org\/{rel}","templated":true}]}}