{"id":52246,"date":"2023-07-10T17:20:37","date_gmt":"2023-07-10T14:20:37","guid":{"rendered":"https:\/\/toidupakk.ee\/toode\/mini-wentylator-skladany-wentylator-kieszonkowy\/"},"modified":"2026-04-15T01:31:33","modified_gmt":"2026-04-14T22:31:33","slug":"mini-wentylator-skladany-wentylator-kieszonkowy","status":"publish","type":"product","link":"https:\/\/toidupakk.ee\/pl\/toode\/mini-wentylator-skladany-wentylator-kieszonkowy\/","title":{"rendered":"Mini wentylator \/ Sk\u0142adany wentylator kieszonkowy"},"content":{"rendered":"<p>Przeno\u015bny mini wentylator to praktyczne i funkcjonalne urz\u0105dzenie, kt\u00f3re zapewnia orze\u017awienie w upalne dni. Posiada szereg cech i zalet, dzi\u0119ki kt\u00f3rym jest wszechstronny i wygodny w u\u017cyciu w r\u00f3\u017cnych sytuacjach. <\/p>\n<p>Mini wentylator wykonano z wytrzyma\u0142ego tworzywa ABS, co gwarantuje d\u0142ugie u\u017cytkowanie. Jego wymiary to 3,5 x 3,7 x 11,9 cm, dzi\u0119ki czemu jest kompaktowy i \u0142atwy do przenoszenia. Wa\u017cy tylko 90 gram\u00f3w, wi\u0119c bez problemu zabierzesz go wsz\u0119dzie ze sob\u0105.  <\/p>\n<p>Wentylator posiada akumulator 2000 mAh, kt\u00f3ry na\u0142adujesz przez z\u0142\u0105cze USB-C, co zapewnia szybkie i wydajne \u0142adowanie. Kabel do \u0142adowania jest w zestawie. Na jednym \u0142adowaniu mo\u017ce pracowa\u0107 nieprzerwanie przez 7\u201310 h bez konieczno\u015bci do\u0142adowywania. To wygodne, zw\u0142aszcza w upalne letnie dni lub tam, gdzie nie masz dost\u0119pu do gniazdka.   <\/p>\n<p>Wentylator ma 3 poziomy nawiewu, kt\u00f3re dostosujesz do swoich potrzeb. Dodatkowo posiada funkcj\u0119 regulacji w zakresie 270 stopni, co pozwala skierowa\u0107 powietrze w dowoln\u0105 stron\u0119 i zapewnia skuteczne ch\u0142odzenie. Niezale\u017cnie od tego, czy potrzebujesz delikatnego powiewu, czy mocnego ch\u0142odzenia, ustawisz go tak, jak lubisz.  <\/p>\n<p>Podstawka wentylatora pozwala na wygodne korzystanie z niego np. na biurku, kieruj\u0105c nawiew w wybrane miejsce.<\/p>\n<p><img fetchpriority=\"high\" decoding=\"async\" class=\"alignnone wp-image-11197 size-thumbnail\" src=\"https:\/\/toidupakk.ee\/wp-content\/uploads\/2023\/07\/Mini-ventilaator-Kokkuklapitav-taskuventilaator-1-500x500.png\" alt=\"Sk\u0142adany mini wentylator kieszonkowy\" width=\"500\" height=\"500\" srcset=\"https:\/\/toidupakk.ee\/wp-content\/uploads\/2023\/07\/Mini-ventilaator-Kokkuklapitav-taskuventilaator-1-500x500.png 500w, https:\/\/toidupakk.ee\/wp-content\/uploads\/2023\/07\/Mini-ventilaator-Kokkuklapitav-taskuventilaator-1-400x400.png 400w, https:\/\/toidupakk.ee\/wp-content\/uploads\/2023\/07\/Mini-ventilaator-Kokkuklapitav-taskuventilaator-1-100x100.png 100w, https:\/\/toidupakk.ee\/wp-content\/uploads\/2023\/07\/Mini-ventilaator-Kokkuklapitav-taskuventilaator-1-800x800.png 800w, https:\/\/toidupakk.ee\/wp-content\/uploads\/2023\/07\/Mini-ventilaator-Kokkuklapitav-taskuventilaator-1-300x300.png 300w, https:\/\/toidupakk.ee\/wp-content\/uploads\/2023\/07\/Mini-ventilaator-Kokkuklapitav-taskuventilaator-1-1024x1024.png 1024w, https:\/\/toidupakk.ee\/wp-content\/uploads\/2023\/07\/Mini-ventilaator-Kokkuklapitav-taskuventilaator-1-768x768.png 768w, https:\/\/toidupakk.ee\/wp-content\/uploads\/2023\/07\/Mini-ventilaator-Kokkuklapitav-taskuventilaator-1.png 1080w\" sizes=\"(max-width: 500px) 100vw, 500px\" \/><\/p>\n<p>\u0141opatki wentylatora wykonano z wysokiej jako\u015bci mi\u0119kkiej gumy TPE, kt\u00f3ra jest przyjazna dla sk\u00f3ry i bezpieczna. Zosta\u0142y zaprojektowane tak, aby zatrzymywa\u0142y si\u0119 automatycznie przy dotkni\u0119ciu, co zapobiega urazom i zapewnia bezpiecze\u0144stwo. <\/p>\n<p>Opr\u00f3cz ch\u0142odzenia, urz\u0105dzenie posiada funkcj\u0119 \u0142adowania. W sytuacjach awaryjnych mo\u017cesz u\u017cy\u0107 go jako powerbanku, gdy telefon si\u0119 roz\u0142adowuje. Jest to szczeg\u00f3lnie przydatne tam, gdzie nie masz innych opcji \u0142adowania, np. na pla\u017cy czy w lesie.  <\/p>\n<p>Wentylator wyposa\u017cono w smycz na nadgarstek, kt\u00f3ra u\u0142atwia przenoszenie. W zestawie znajdziesz te\u017c kabel USB i instrukcj\u0119 w j\u0119zyku angielskim, kt\u00f3ra pomo\u017ce Ci w obs\u0142udze i konserwacji urz\u0105dzenia. <\/p>\n<p>Design wentylatora jest funkcjonalny i przyjazny dla u\u017cytkownika. Jest sk\u0142adany, wi\u0119c zajmuje ma\u0142o miejsca w torbie. Wentylator kieszonkowy jest ma\u0142y i kompaktowy \u2013 bez problemu zmie\u015bci si\u0119 nawet w kieszeni, pozwalaj\u0105c cieszy\u0107 si\u0119 orze\u017awieniem zawsze i wsz\u0119dzie, zw\u0142aszcza w upa\u0142y.   <\/p>\n<p>&nbsp;<\/p>\n<p>Zobacz wi\u0119cej akcesori\u00f3w turystycznych <a href=\"https:\/\/toidupakk.ee\/pl\/tootekategooria\/sprzet-turystyczny\/#section-3-79\">TUTAJ<\/a><\/p>\n<p>Znajd\u017a inspiracj\u0119 na kolejne przygody na <a href=\"https:\/\/www.instagram.com\/toidupakk\/\">Instagramie<\/a> i <a href=\"https:\/\/www.facebook.com\/Toidupakk\/\">Facebooku<\/a> Toidupakk.<\/p>\n","protected":false},"excerpt":{"rendered":"<p><strong>Ma\u0142y, ale mocny wentylator kieszonkowy pomo\u017ce Ci przetrwa\u0107 upa\u0142y.<\/strong><br \/>\n<strong>Do u\u017cytku w dusznych pomieszczeniach, autobusie, na pla\u017cy lub w pracy.<\/strong><\/p>\n<ul>\n<li>Silny nawiew pomaga <strong>sch\u0142odzi\u0107 twarz i cia\u0142o<\/strong><\/li>\n<li>3 tryby ch\u0142odzenia o r\u00f3\u017cnej mocy<\/li>\n<li>Kompaktowy, ale mocny \u2013 idealnie mie\u015bci si\u0119 w <strong>kieszeni lub torebce<\/strong><\/li>\n<li>Bateria trzyma <strong>do 10 h<\/strong> (zale\u017cnie od trybu)<\/li>\n<li>Trzymaj w d\u0142oni lub postaw na biurku<\/li>\n<li>Uchwyt regulowany w zakresie 270\u00b0<\/li>\n<li>Bezpieczne gumowe \u0142opatki, kt\u00f3re zatrzymuj\u0105 si\u0119 przy przypadkowym dotkni\u0119ciu<\/li>\n<li>UWAGA! Urz\u0105dzenie dzia\u0142a te\u017c jako <strong>zapasowy powerbank<\/strong> do telefonu (2000 mAh) \u26a1<\/li>\n<\/ul>\n<p>\u2705 Dost\u0119pny w magazynie, szybka dostawa w 1\u20133 dni robocze lub odbi\u00f3r osobisty<\/p>\n","protected":false},"featured_media":11203,"comment_status":"open","ping_status":"closed","template":"","meta":{"_acf_changed":false},"product_brand":[],"product_cat":[303,315,311,301],"product_tag":[],"class_list":{"0":"post-52246","1":"product","2":"type-product","3":"status-publish","4":"has-post-thumbnail","6":"product_cat-akcesoria-turystyczne","7":"product_cat-elektronika","8":"product_cat-praktyczne-pomysly-na-prezent","9":"product_cat-sprzet-turystyczny","11":"first","12":"instock","13":"sale","14":"taxable","15":"shipping-taxable","16":"purchasable","17":"product-type-simple"},"bundled_by":[],"bundle_stock_status":"instock","bundle_stock_quantity":49,"bundle_virtual":false,"bundle_layout":"","bundle_add_to_cart_form_location":"","bundle_editable_in_cart":false,"bundle_sold_individually_context":"","bundle_item_grouping":"","bundle_min_size":"","bundle_max_size":"","bundle_price":[],"bundled_items":[],"bundle_sell_ids":[],"acf":[],"yoast_head":"<!-- This site is optimized with the Yoast SEO plugin v27.3 - https:\/\/yoast.com\/product\/yoast-seo-wordpress\/ -->\n<title>Mini wentylator \/ Sk\u0142adany wentylator kieszonkowy<\/title>\n<meta name=\"description\" content=\"Mini wentylator, czyli sk\u0142adany wentylator kieszonkowy do u\u017cytku w dusznych pomieszczeniach, na pla\u017cy, w autobusie lub w pracy. Silny nawiew pomaga sch\u0142odzi\u0107 cia\u0142o.\" \/>\n<meta name=\"robots\" content=\"index, follow, max-snippet:-1, max-image-preview:large, max-video-preview:-1\" \/>\n<link rel=\"canonical\" href=\"https:\/\/toidupakk.ee\/pl\/toode\/mini-wentylator-skladany-wentylator-kieszonkowy\/\" \/>\n<meta property=\"og:locale\" content=\"pl_PL\" \/>\n<meta property=\"og:type\" content=\"article\" \/>\n<meta property=\"og:title\" content=\"Mini wentylator \/ Sk\u0142adany wentylator kieszonkowy\" \/>\n<meta property=\"og:description\" content=\"Mini wentylator, czyli sk\u0142adany wentylator kieszonkowy do u\u017cytku w dusznych pomieszczeniach, na pla\u017cy, w autobusie lub w pracy. Silny nawiew pomaga sch\u0142odzi\u0107 cia\u0142o.\" \/>\n<meta property=\"og:url\" content=\"https:\/\/toidupakk.ee\/pl\/toode\/mini-wentylator-skladany-wentylator-kieszonkowy\/\" \/>\n<meta property=\"og:site_name\" content=\"Toidupakk.ee - Tactical Foodpack toidupakid\" \/>\n<meta property=\"article:publisher\" content=\"https:\/\/www.facebook.com\/Toidupakk\" \/>\n<meta property=\"article:modified_time\" content=\"2026-04-14T22:31:33+00:00\" \/>\n<meta property=\"og:image\" content=\"https:\/\/toidupakk.ee\/wp-content\/uploads\/2023\/07\/Mini-ventilaator-Kokkuklapitav-taskuventilaator-1-1.png\" \/>\n\t<meta property=\"og:image:width\" content=\"1080\" \/>\n\t<meta property=\"og:image:height\" content=\"1080\" \/>\n\t<meta property=\"og:image:type\" content=\"image\/png\" \/>\n<meta name=\"twitter:card\" content=\"summary_large_image\" \/>\n<meta name=\"twitter:label1\" content=\"Szacowany czas czytania\" \/>\n\t<meta name=\"twitter:data1\" content=\"2 minuty\" \/>\n<script type=\"application\/ld+json\" class=\"yoast-schema-graph\">{\"@context\":\"https:\\\/\\\/schema.org\",\"@graph\":[{\"@type\":\"WebPage\",\"@id\":\"https:\\\/\\\/toidupakk.ee\\\/pl\\\/toode\\\/mini-wentylator-skladany-wentylator-kieszonkowy\\\/\",\"url\":\"https:\\\/\\\/toidupakk.ee\\\/pl\\\/toode\\\/mini-wentylator-skladany-wentylator-kieszonkowy\\\/\",\"name\":\"Mini wentylator \\\/ Sk\u0142adany wentylator kieszonkowy\",\"isPartOf\":{\"@id\":\"https:\\\/\\\/toidupakk.ee\\\/pl\\\/#website\"},\"primaryImageOfPage\":{\"@id\":\"https:\\\/\\\/toidupakk.ee\\\/pl\\\/toode\\\/mini-wentylator-skladany-wentylator-kieszonkowy\\\/#primaryimage\"},\"image\":{\"@id\":\"https:\\\/\\\/toidupakk.ee\\\/pl\\\/toode\\\/mini-wentylator-skladany-wentylator-kieszonkowy\\\/#primaryimage\"},\"thumbnailUrl\":\"https:\\\/\\\/toidupakk.ee\\\/wp-content\\\/uploads\\\/2023\\\/07\\\/Mini-ventilaator-Kokkuklapitav-taskuventilaator-1-1.png\",\"datePublished\":\"2023-07-10T14:20:37+00:00\",\"dateModified\":\"2026-04-14T22:31:33+00:00\",\"description\":\"Mini wentylator, czyli sk\u0142adany wentylator kieszonkowy do u\u017cytku w dusznych pomieszczeniach, na pla\u017cy, w autobusie lub w pracy. Silny nawiew pomaga sch\u0142odzi\u0107 cia\u0142o.\",\"breadcrumb\":{\"@id\":\"https:\\\/\\\/toidupakk.ee\\\/pl\\\/toode\\\/mini-wentylator-skladany-wentylator-kieszonkowy\\\/#breadcrumb\"},\"inLanguage\":\"pl-PL\",\"potentialAction\":[{\"@type\":\"ReadAction\",\"target\":[\"https:\\\/\\\/toidupakk.ee\\\/pl\\\/toode\\\/mini-wentylator-skladany-wentylator-kieszonkowy\\\/\"]}]},{\"@type\":\"ImageObject\",\"inLanguage\":\"pl-PL\",\"@id\":\"https:\\\/\\\/toidupakk.ee\\\/pl\\\/toode\\\/mini-wentylator-skladany-wentylator-kieszonkowy\\\/#primaryimage\",\"url\":\"https:\\\/\\\/toidupakk.ee\\\/wp-content\\\/uploads\\\/2023\\\/07\\\/Mini-ventilaator-Kokkuklapitav-taskuventilaator-1-1.png\",\"contentUrl\":\"https:\\\/\\\/toidupakk.ee\\\/wp-content\\\/uploads\\\/2023\\\/07\\\/Mini-ventilaator-Kokkuklapitav-taskuventilaator-1-1.png\",\"width\":1080,\"height\":1080,\"caption\":\"Kaasaskantav ventilaator\"},{\"@type\":\"BreadcrumbList\",\"@id\":\"https:\\\/\\\/toidupakk.ee\\\/pl\\\/toode\\\/mini-wentylator-skladany-wentylator-kieszonkowy\\\/#breadcrumb\",\"itemListElement\":[{\"@type\":\"ListItem\",\"position\":1,\"name\":\"Avaleht\",\"item\":\"https:\\\/\\\/toidupakk.ee\\\/pl\\\/\"},{\"@type\":\"ListItem\",\"position\":2,\"name\":\"Sklep internetowy\",\"item\":\"https:\\\/\\\/toidupakk.ee\\\/pl\\\/sklep-internetowy\\\/\"},{\"@type\":\"ListItem\",\"position\":3,\"name\":\"Mini wentylator \\\/ Sk\u0142adany wentylator kieszonkowy\"}]},{\"@type\":\"WebSite\",\"@id\":\"https:\\\/\\\/toidupakk.ee\\\/pl\\\/#website\",\"url\":\"https:\\\/\\\/toidupakk.ee\\\/pl\\\/\",\"name\":\"Toidupakk.ee - Tactical Foodpack toidupakid\",\"description\":\"Tactical Foodpack k\u00fclmkuivatatud toidupakid ja matkaeined\",\"publisher\":{\"@id\":\"https:\\\/\\\/toidupakk.ee\\\/pl\\\/#organization\"},\"potentialAction\":[{\"@type\":\"SearchAction\",\"target\":{\"@type\":\"EntryPoint\",\"urlTemplate\":\"https:\\\/\\\/toidupakk.ee\\\/pl\\\/?s={search_term_string}\"},\"query-input\":{\"@type\":\"PropertyValueSpecification\",\"valueRequired\":true,\"valueName\":\"search_term_string\"}}],\"inLanguage\":\"pl-PL\"},{\"@type\":\"Organization\",\"@id\":\"https:\\\/\\\/toidupakk.ee\\\/pl\\\/#organization\",\"name\":\"Tactical Foodpack matkaeined\",\"url\":\"https:\\\/\\\/toidupakk.ee\\\/pl\\\/\",\"logo\":{\"@type\":\"ImageObject\",\"inLanguage\":\"pl-PL\",\"@id\":\"https:\\\/\\\/toidupakk.ee\\\/pl\\\/#\\\/schema\\\/logo\\\/image\\\/\",\"url\":\"https:\\\/\\\/toidupakk.ee\\\/wp-content\\\/uploads\\\/2022\\\/01\\\/Toidupakk-matkapood-logo-transparent.png\",\"contentUrl\":\"https:\\\/\\\/toidupakk.ee\\\/wp-content\\\/uploads\\\/2022\\\/01\\\/Toidupakk-matkapood-logo-transparent.png\",\"width\":500,\"height\":500,\"caption\":\"Tactical Foodpack matkaeined\"},\"image\":{\"@id\":\"https:\\\/\\\/toidupakk.ee\\\/pl\\\/#\\\/schema\\\/logo\\\/image\\\/\"},\"sameAs\":[\"https:\\\/\\\/www.facebook.com\\\/Toidupakk\",\"https:\\\/\\\/www.instagram.com\\\/toidupakk\\\/\"]}]}<\/script>\n<!-- \/ Yoast SEO plugin. -->","yoast_head_json":{"title":"Mini wentylator \/ Sk\u0142adany wentylator kieszonkowy","description":"Mini wentylator, czyli sk\u0142adany wentylator kieszonkowy do u\u017cytku w dusznych pomieszczeniach, na pla\u017cy, w autobusie lub w pracy. Silny nawiew pomaga sch\u0142odzi\u0107 cia\u0142o.","robots":{"index":"index","follow":"follow","max-snippet":"max-snippet:-1","max-image-preview":"max-image-preview:large","max-video-preview":"max-video-preview:-1"},"canonical":"https:\/\/toidupakk.ee\/pl\/toode\/mini-wentylator-skladany-wentylator-kieszonkowy\/","og_locale":"pl_PL","og_type":"article","og_title":"Mini wentylator \/ Sk\u0142adany wentylator kieszonkowy","og_description":"Mini wentylator, czyli sk\u0142adany wentylator kieszonkowy do u\u017cytku w dusznych pomieszczeniach, na pla\u017cy, w autobusie lub w pracy. Silny nawiew pomaga sch\u0142odzi\u0107 cia\u0142o.","og_url":"https:\/\/toidupakk.ee\/pl\/toode\/mini-wentylator-skladany-wentylator-kieszonkowy\/","og_site_name":"Toidupakk.ee - Tactical Foodpack toidupakid","article_publisher":"https:\/\/www.facebook.com\/Toidupakk","article_modified_time":"2026-04-14T22:31:33+00:00","og_image":[{"width":1080,"height":1080,"url":"https:\/\/toidupakk.ee\/wp-content\/uploads\/2023\/07\/Mini-ventilaator-Kokkuklapitav-taskuventilaator-1-1.png","type":"image\/png"}],"twitter_card":"summary_large_image","twitter_misc":{"Szacowany czas czytania":"2 minuty"},"schema":{"@context":"https:\/\/schema.org","@graph":[{"@type":"WebPage","@id":"https:\/\/toidupakk.ee\/pl\/toode\/mini-wentylator-skladany-wentylator-kieszonkowy\/","url":"https:\/\/toidupakk.ee\/pl\/toode\/mini-wentylator-skladany-wentylator-kieszonkowy\/","name":"Mini wentylator \/ Sk\u0142adany wentylator kieszonkowy","isPartOf":{"@id":"https:\/\/toidupakk.ee\/pl\/#website"},"primaryImageOfPage":{"@id":"https:\/\/toidupakk.ee\/pl\/toode\/mini-wentylator-skladany-wentylator-kieszonkowy\/#primaryimage"},"image":{"@id":"https:\/\/toidupakk.ee\/pl\/toode\/mini-wentylator-skladany-wentylator-kieszonkowy\/#primaryimage"},"thumbnailUrl":"https:\/\/toidupakk.ee\/wp-content\/uploads\/2023\/07\/Mini-ventilaator-Kokkuklapitav-taskuventilaator-1-1.png","datePublished":"2023-07-10T14:20:37+00:00","dateModified":"2026-04-14T22:31:33+00:00","description":"Mini wentylator, czyli sk\u0142adany wentylator kieszonkowy do u\u017cytku w dusznych pomieszczeniach, na pla\u017cy, w autobusie lub w pracy. Silny nawiew pomaga sch\u0142odzi\u0107 cia\u0142o.","breadcrumb":{"@id":"https:\/\/toidupakk.ee\/pl\/toode\/mini-wentylator-skladany-wentylator-kieszonkowy\/#breadcrumb"},"inLanguage":"pl-PL","potentialAction":[{"@type":"ReadAction","target":["https:\/\/toidupakk.ee\/pl\/toode\/mini-wentylator-skladany-wentylator-kieszonkowy\/"]}]},{"@type":"ImageObject","inLanguage":"pl-PL","@id":"https:\/\/toidupakk.ee\/pl\/toode\/mini-wentylator-skladany-wentylator-kieszonkowy\/#primaryimage","url":"https:\/\/toidupakk.ee\/wp-content\/uploads\/2023\/07\/Mini-ventilaator-Kokkuklapitav-taskuventilaator-1-1.png","contentUrl":"https:\/\/toidupakk.ee\/wp-content\/uploads\/2023\/07\/Mini-ventilaator-Kokkuklapitav-taskuventilaator-1-1.png","width":1080,"height":1080,"caption":"Kaasaskantav ventilaator"},{"@type":"BreadcrumbList","@id":"https:\/\/toidupakk.ee\/pl\/toode\/mini-wentylator-skladany-wentylator-kieszonkowy\/#breadcrumb","itemListElement":[{"@type":"ListItem","position":1,"name":"Avaleht","item":"https:\/\/toidupakk.ee\/pl\/"},{"@type":"ListItem","position":2,"name":"Sklep internetowy","item":"https:\/\/toidupakk.ee\/pl\/sklep-internetowy\/"},{"@type":"ListItem","position":3,"name":"Mini wentylator \/ Sk\u0142adany wentylator kieszonkowy"}]},{"@type":"WebSite","@id":"https:\/\/toidupakk.ee\/pl\/#website","url":"https:\/\/toidupakk.ee\/pl\/","name":"Toidupakk.ee - Tactical Foodpack toidupakid","description":"Tactical Foodpack k\u00fclmkuivatatud toidupakid ja matkaeined","publisher":{"@id":"https:\/\/toidupakk.ee\/pl\/#organization"},"potentialAction":[{"@type":"SearchAction","target":{"@type":"EntryPoint","urlTemplate":"https:\/\/toidupakk.ee\/pl\/?s={search_term_string}"},"query-input":{"@type":"PropertyValueSpecification","valueRequired":true,"valueName":"search_term_string"}}],"inLanguage":"pl-PL"},{"@type":"Organization","@id":"https:\/\/toidupakk.ee\/pl\/#organization","name":"Tactical Foodpack matkaeined","url":"https:\/\/toidupakk.ee\/pl\/","logo":{"@type":"ImageObject","inLanguage":"pl-PL","@id":"https:\/\/toidupakk.ee\/pl\/#\/schema\/logo\/image\/","url":"https:\/\/toidupakk.ee\/wp-content\/uploads\/2022\/01\/Toidupakk-matkapood-logo-transparent.png","contentUrl":"https:\/\/toidupakk.ee\/wp-content\/uploads\/2022\/01\/Toidupakk-matkapood-logo-transparent.png","width":500,"height":500,"caption":"Tactical Foodpack matkaeined"},"image":{"@id":"https:\/\/toidupakk.ee\/pl\/#\/schema\/logo\/image\/"},"sameAs":["https:\/\/www.facebook.com\/Toidupakk","https:\/\/www.instagram.com\/toidupakk\/"]}]}},"jetpack_sharing_enabled":true,"_links":{"self":[{"href":"https:\/\/toidupakk.ee\/pl\/wp-json\/wp\/v2\/product\/52246","targetHints":{"allow":["GET"]}}],"collection":[{"href":"https:\/\/toidupakk.ee\/pl\/wp-json\/wp\/v2\/product"}],"about":[{"href":"https:\/\/toidupakk.ee\/pl\/wp-json\/wp\/v2\/types\/product"}],"replies":[{"embeddable":true,"href":"https:\/\/toidupakk.ee\/pl\/wp-json\/wp\/v2\/comments?post=52246"}],"wp:featuredmedia":[{"embeddable":true,"href":"https:\/\/toidupakk.ee\/pl\/wp-json\/wp\/v2\/media\/11203"}],"wp:attachment":[{"href":"https:\/\/toidupakk.ee\/pl\/wp-json\/wp\/v2\/media?parent=52246"}],"wp:term":[{"taxonomy":"product_brand","embeddable":true,"href":"https:\/\/toidupakk.ee\/pl\/wp-json\/wp\/v2\/product_brand?post=52246"},{"taxonomy":"product_cat","embeddable":true,"href":"https:\/\/toidupakk.ee\/pl\/wp-json\/wp\/v2\/product_cat?post=52246"},{"taxonomy":"product_tag","embeddable":true,"href":"https:\/\/toidupakk.ee\/pl\/wp-json\/wp\/v2\/product_tag?post=52246"}],"curies":[{"name":"wp","href":"https:\/\/api.w.org\/{rel}","templated":true}]}}