{"id":52245,"date":"2023-07-24T16:05:24","date_gmt":"2023-07-24T13:05:24","guid":{"rendered":"https:\/\/toidupakk.ee\/toode\/farby-do-twarzy-w-sztyfcie-camouflage\/"},"modified":"2026-04-21T11:31:43","modified_gmt":"2026-04-21T08:31:43","slug":"farby-do-twarzy-w-sztyfcie-camouflage","status":"publish","type":"product","link":"https:\/\/toidupakk.ee\/pl\/toode\/farby-do-twarzy-w-sztyfcie-camouflage\/","title":{"rendered":"Farby do twarzy w sztyfcie Camouflage"},"content":{"rendered":"<h1>Sztyft do kamufla\u017cu Camouflage \u2013 kiedy go u\u017cywa\u0107?<\/h1>\n<p>Sztyftu Camouflage mo\u017cesz u\u017cywa\u0107 przede wszystkim w paintballu, podczas \u0107wicze\u0144 wojskowych, a nawet na imprezach przebieranych \ud83e\udd23<\/p>\n<p>B\u0105d\u017a niewidoczny dzi\u0119ki farbom do twarzy!<\/p>\n<p>Wi\u0119cej o u\u017cywaniu farb do twarzy.<\/p>\n<p>Po pierwsze, farby s\u0105 \u0142atwe w u\u017cyciu. Mo\u017cesz eksperymentowa\u0107 z kolorami i wzorami, tworz\u0105c unikalny wygl\u0105d. Niezale\u017cnie od tego, czy wybierzesz prost\u0105 kresk\u0119, czy z\u0142o\u017cony wz\u00f3r, pomo\u017ce Ci to zgra\u0107 si\u0119 z otoczeniem i sta\u0107 si\u0119 mniej widocznym.  <\/p>\n<p>Po drugie, farby s\u0105 lekkie i wygodne. Nie klej\u0105 si\u0119 i nie kr\u0119puj\u0105 ruch\u00f3w, wi\u0119c mo\u017cesz swobodnie dzia\u0142a\u0107 bez ogranicze\u0144. Czy to paintball, bieg z przeszkodami czy taniec na urodzinach \u2013 farba do twarzy to niezawodny kompan, kt\u00f3ry pomo\u017ce Ci pozosta\u0107 w cieniu natury.  <\/p>\n<p><img fetchpriority=\"high\" decoding=\"async\" class=\"alignnone size-medium wp-image-12115\" src=\"https:\/\/toidupakk.ee\/wp-content\/uploads\/2023\/07\/96-300x300.png\" alt=\"Farby do twarzy w sztyfcie Camouflage\" width=\"300\" height=\"300\" srcset=\"https:\/\/toidupakk.ee\/wp-content\/uploads\/2023\/07\/96-300x300.png 300w, https:\/\/toidupakk.ee\/wp-content\/uploads\/2023\/07\/96-400x400.png 400w, https:\/\/toidupakk.ee\/wp-content\/uploads\/2023\/07\/96-100x100.png 100w, https:\/\/toidupakk.ee\/wp-content\/uploads\/2023\/07\/96-800x800.png 800w, https:\/\/toidupakk.ee\/wp-content\/uploads\/2023\/07\/96-1024x1024.png 1024w, https:\/\/toidupakk.ee\/wp-content\/uploads\/2023\/07\/96-500x500.png 500w, https:\/\/toidupakk.ee\/wp-content\/uploads\/2023\/07\/96-768x768.png 768w, https:\/\/toidupakk.ee\/wp-content\/uploads\/2023\/07\/96.png 1080w\" sizes=\"(max-width: 300px) 100vw, 300px\" \/><\/p>\n<p>Sztyft Camouflage jest przyjazny dla \u015brodowiska. Wykonano go z nietoksycznych sk\u0142adnik\u00f3w i \u0142atwo zmywa si\u0119 wod\u0105.<br \/>\nTo oznacza, \u017ce Twoja sk\u00f3ra jest bezpieczna, a wp\u0142yw na \u015brodowisko minimalny. <\/p>\n<p>Sztyft Camouflage to praktyczny i wszechstronny produkt do kamufla\u017cu twarzy w r\u00f3\u017cnych sytuacjach. Zestaw zawiera r\u00f3\u017cne kolory, kt\u00f3re pozwol\u0105 Ci dopasowa\u0107 wygl\u0105d do otoczenia i potrzeb. <\/p>\n<p><strong>Instrukcja u\u017cycia<\/strong><br \/>\nZdejmij zatyczk\u0119.<br \/>\nNa\u0142\u00f3\u017c farb\u0119 sztyftem na twarz, odzie\u017c lub sprz\u0119t.<br \/>\nRozetrzyj lub wymieszaj kolory, aby uzyska\u0107 po\u017c\u0105dany efekt kamufla\u017cu.<br \/>\nPo u\u017cyciu szczelnie zamknij zatyczk\u0119.<br \/>\nSztyft Camouflage to niezawodny wyb\u00f3r na w\u0119dr\u00f3wki, polowania i inne okazje.<\/p>\n<p>Idealny sztyft do kamufla\u017cu, kt\u00f3ry pomo\u017ce Ci niezauwa\u017cenie stopi\u0107 si\u0119 z natur\u0105!<\/p>\n<p>Znajd\u017a inspiracj\u0119 na kolejne przygody na <a href=\"https:\/\/www.instagram.com\/toidupakk\/\">Instagramie<\/a> i <a href=\"https:\/\/www.facebook.com\/Toidupakk\/\">Facebooku<\/a> Toidupakk.<\/p>\n<p>Zobacz sprz\u0119t turystyczny <a href=\"https:\/\/toidupakk.ee\/pl\/tootekategooria\/sprzet-turystyczny\/#section-3-79\">TUTAJ<\/a>.<\/p>\n<p>&nbsp;<\/p>\n","protected":false},"excerpt":{"rendered":"<ul>\n<li>Sztyft Camouflage to idealny wyb\u00f3r, je\u015bli chcesz uzyska\u0107 perfekcyjny kamufla\u017c i stopi\u0107 si\u0119 z otoczeniem.<\/li>\n<li>Wygodny i skuteczny spos\u00f3b na zamaskowanie siebie i swojego sprz\u0119tu.<\/li>\n<li>Dwa kolory \u2013 czarny i zielony<\/li>\n<li>Kompaktowy i lekki<\/li>\n<li>Waga: 30 g<\/li>\n<\/ul>\n<p>Kraj pochodzenia: Niemcy<\/p>\n<p>\u2705 Dost\u0119pne w magazynie, szybka dostawa w 1\u20133 dni robocze<\/p>\n","protected":false},"featured_media":12115,"comment_status":"open","ping_status":"closed","template":"","meta":{"_acf_changed":false},"product_brand":[],"product_cat":[303,393,301],"product_tag":[305],"class_list":{"0":"post-52245","1":"product","2":"type-product","3":"status-publish","4":"has-post-thumbnail","6":"product_cat-akcesoria-turystyczne","7":"product_cat-farby-do-kamuflazu-twarzy","8":"product_cat-sprzet-turystyczny","9":"product_tag-no_ads","11":"first","12":"instock","13":"taxable","14":"shipping-taxable","15":"purchasable","16":"product-type-simple"},"bundled_by":[],"bundle_stock_status":"instock","bundle_stock_quantity":2,"bundle_virtual":false,"bundle_layout":"","bundle_add_to_cart_form_location":"","bundle_editable_in_cart":false,"bundle_sold_individually_context":"","bundle_item_grouping":"","bundle_min_size":"","bundle_max_size":"","bundle_price":[],"bundled_items":[],"bundle_sell_ids":[],"acf":[],"yoast_head":"<!-- This site is optimized with the Yoast SEO plugin v27.3 - https:\/\/yoast.com\/product\/yoast-seo-wordpress\/ -->\n<title>Farby do twarzy w sztyfcie Camouflage<\/title>\n<meta name=\"description\" content=\"Sztyft Camouflage to dwukolorowa farba do maskowania twarzy i cia\u0142a, dzi\u0119ki kt\u00f3rej staniesz si\u0119 niewidoczny w terenie i idealnie stopisz si\u0119 z natur\u0105.\" \/>\n<meta name=\"robots\" content=\"index, follow, max-snippet:-1, max-image-preview:large, max-video-preview:-1\" \/>\n<link rel=\"canonical\" href=\"https:\/\/toidupakk.ee\/pl\/toode\/farby-do-twarzy-w-sztyfcie-camouflage\/\" \/>\n<meta property=\"og:locale\" content=\"pl_PL\" \/>\n<meta property=\"og:type\" content=\"article\" \/>\n<meta property=\"og:title\" content=\"Farby do twarzy w sztyfcie Camouflage\" \/>\n<meta property=\"og:description\" content=\"Sztyft Camouflage to dwukolorowa farba do maskowania twarzy i cia\u0142a, dzi\u0119ki kt\u00f3rej staniesz si\u0119 niewidoczny w terenie i idealnie stopisz si\u0119 z natur\u0105.\" \/>\n<meta property=\"og:url\" content=\"https:\/\/toidupakk.ee\/pl\/toode\/farby-do-twarzy-w-sztyfcie-camouflage\/\" \/>\n<meta property=\"og:site_name\" content=\"Toidupakk.ee - Tactical Foodpack toidupakid\" \/>\n<meta property=\"article:publisher\" content=\"https:\/\/www.facebook.com\/Toidupakk\" \/>\n<meta property=\"article:modified_time\" content=\"2026-04-21T08:31:43+00:00\" \/>\n<meta property=\"og:image\" content=\"https:\/\/toidupakk.ee\/wp-content\/uploads\/2023\/07\/96.png\" \/>\n\t<meta property=\"og:image:width\" content=\"1080\" \/>\n\t<meta property=\"og:image:height\" content=\"1080\" \/>\n\t<meta property=\"og:image:type\" content=\"image\/png\" \/>\n<meta name=\"twitter:card\" content=\"summary_large_image\" \/>\n<meta name=\"twitter:label1\" content=\"Szacowany czas czytania\" \/>\n\t<meta name=\"twitter:data1\" content=\"1 minuta\" \/>\n<script type=\"application\/ld+json\" class=\"yoast-schema-graph\">{\"@context\":\"https:\\\/\\\/schema.org\",\"@graph\":[{\"@type\":\"WebPage\",\"@id\":\"https:\\\/\\\/toidupakk.ee\\\/pl\\\/toode\\\/farby-do-twarzy-w-sztyfcie-camouflage\\\/\",\"url\":\"https:\\\/\\\/toidupakk.ee\\\/pl\\\/toode\\\/farby-do-twarzy-w-sztyfcie-camouflage\\\/\",\"name\":\"Farby do twarzy w sztyfcie Camouflage\",\"isPartOf\":{\"@id\":\"https:\\\/\\\/toidupakk.ee\\\/pl\\\/#website\"},\"primaryImageOfPage\":{\"@id\":\"https:\\\/\\\/toidupakk.ee\\\/pl\\\/toode\\\/farby-do-twarzy-w-sztyfcie-camouflage\\\/#primaryimage\"},\"image\":{\"@id\":\"https:\\\/\\\/toidupakk.ee\\\/pl\\\/toode\\\/farby-do-twarzy-w-sztyfcie-camouflage\\\/#primaryimage\"},\"thumbnailUrl\":\"https:\\\/\\\/toidupakk.ee\\\/wp-content\\\/uploads\\\/2023\\\/07\\\/96.png\",\"datePublished\":\"2023-07-24T13:05:24+00:00\",\"dateModified\":\"2026-04-21T08:31:43+00:00\",\"description\":\"Sztyft Camouflage to dwukolorowa farba do maskowania twarzy i cia\u0142a, dzi\u0119ki kt\u00f3rej staniesz si\u0119 niewidoczny w terenie i idealnie stopisz si\u0119 z natur\u0105.\",\"breadcrumb\":{\"@id\":\"https:\\\/\\\/toidupakk.ee\\\/pl\\\/toode\\\/farby-do-twarzy-w-sztyfcie-camouflage\\\/#breadcrumb\"},\"inLanguage\":\"pl-PL\",\"potentialAction\":[{\"@type\":\"ReadAction\",\"target\":[\"https:\\\/\\\/toidupakk.ee\\\/pl\\\/toode\\\/farby-do-twarzy-w-sztyfcie-camouflage\\\/\"]}]},{\"@type\":\"ImageObject\",\"inLanguage\":\"pl-PL\",\"@id\":\"https:\\\/\\\/toidupakk.ee\\\/pl\\\/toode\\\/farby-do-twarzy-w-sztyfcie-camouflage\\\/#primaryimage\",\"url\":\"https:\\\/\\\/toidupakk.ee\\\/wp-content\\\/uploads\\\/2023\\\/07\\\/96.png\",\"contentUrl\":\"https:\\\/\\\/toidupakk.ee\\\/wp-content\\\/uploads\\\/2023\\\/07\\\/96.png\",\"width\":1080,\"height\":1080,\"caption\":\"N\u00e4ov\u00e4rvid Camouflage pulk\"},{\"@type\":\"BreadcrumbList\",\"@id\":\"https:\\\/\\\/toidupakk.ee\\\/pl\\\/toode\\\/farby-do-twarzy-w-sztyfcie-camouflage\\\/#breadcrumb\",\"itemListElement\":[{\"@type\":\"ListItem\",\"position\":1,\"name\":\"Avaleht\",\"item\":\"https:\\\/\\\/toidupakk.ee\\\/pl\\\/\"},{\"@type\":\"ListItem\",\"position\":2,\"name\":\"Sklep internetowy\",\"item\":\"https:\\\/\\\/toidupakk.ee\\\/pl\\\/sklep-internetowy\\\/\"},{\"@type\":\"ListItem\",\"position\":3,\"name\":\"Farby do twarzy w sztyfcie Camouflage\"}]},{\"@type\":\"WebSite\",\"@id\":\"https:\\\/\\\/toidupakk.ee\\\/pl\\\/#website\",\"url\":\"https:\\\/\\\/toidupakk.ee\\\/pl\\\/\",\"name\":\"Toidupakk.ee - Tactical Foodpack toidupakid\",\"description\":\"Tactical Foodpack k\u00fclmkuivatatud toidupakid ja matkaeined\",\"publisher\":{\"@id\":\"https:\\\/\\\/toidupakk.ee\\\/pl\\\/#organization\"},\"potentialAction\":[{\"@type\":\"SearchAction\",\"target\":{\"@type\":\"EntryPoint\",\"urlTemplate\":\"https:\\\/\\\/toidupakk.ee\\\/pl\\\/?s={search_term_string}\"},\"query-input\":{\"@type\":\"PropertyValueSpecification\",\"valueRequired\":true,\"valueName\":\"search_term_string\"}}],\"inLanguage\":\"pl-PL\"},{\"@type\":\"Organization\",\"@id\":\"https:\\\/\\\/toidupakk.ee\\\/pl\\\/#organization\",\"name\":\"Tactical Foodpack matkaeined\",\"url\":\"https:\\\/\\\/toidupakk.ee\\\/pl\\\/\",\"logo\":{\"@type\":\"ImageObject\",\"inLanguage\":\"pl-PL\",\"@id\":\"https:\\\/\\\/toidupakk.ee\\\/pl\\\/#\\\/schema\\\/logo\\\/image\\\/\",\"url\":\"https:\\\/\\\/toidupakk.ee\\\/wp-content\\\/uploads\\\/2022\\\/01\\\/Toidupakk-matkapood-logo-transparent.png\",\"contentUrl\":\"https:\\\/\\\/toidupakk.ee\\\/wp-content\\\/uploads\\\/2022\\\/01\\\/Toidupakk-matkapood-logo-transparent.png\",\"width\":500,\"height\":500,\"caption\":\"Tactical Foodpack matkaeined\"},\"image\":{\"@id\":\"https:\\\/\\\/toidupakk.ee\\\/pl\\\/#\\\/schema\\\/logo\\\/image\\\/\"},\"sameAs\":[\"https:\\\/\\\/www.facebook.com\\\/Toidupakk\",\"https:\\\/\\\/www.instagram.com\\\/toidupakk\\\/\"]}]}<\/script>\n<!-- \/ Yoast SEO plugin. -->","yoast_head_json":{"title":"Farby do twarzy w sztyfcie Camouflage","description":"Sztyft Camouflage to dwukolorowa farba do maskowania twarzy i cia\u0142a, dzi\u0119ki kt\u00f3rej staniesz si\u0119 niewidoczny w terenie i idealnie stopisz si\u0119 z natur\u0105.","robots":{"index":"index","follow":"follow","max-snippet":"max-snippet:-1","max-image-preview":"max-image-preview:large","max-video-preview":"max-video-preview:-1"},"canonical":"https:\/\/toidupakk.ee\/pl\/toode\/farby-do-twarzy-w-sztyfcie-camouflage\/","og_locale":"pl_PL","og_type":"article","og_title":"Farby do twarzy w sztyfcie Camouflage","og_description":"Sztyft Camouflage to dwukolorowa farba do maskowania twarzy i cia\u0142a, dzi\u0119ki kt\u00f3rej staniesz si\u0119 niewidoczny w terenie i idealnie stopisz si\u0119 z natur\u0105.","og_url":"https:\/\/toidupakk.ee\/pl\/toode\/farby-do-twarzy-w-sztyfcie-camouflage\/","og_site_name":"Toidupakk.ee - Tactical Foodpack toidupakid","article_publisher":"https:\/\/www.facebook.com\/Toidupakk","article_modified_time":"2026-04-21T08:31:43+00:00","og_image":[{"width":1080,"height":1080,"url":"https:\/\/toidupakk.ee\/wp-content\/uploads\/2023\/07\/96.png","type":"image\/png"}],"twitter_card":"summary_large_image","twitter_misc":{"Szacowany czas czytania":"1 minuta"},"schema":{"@context":"https:\/\/schema.org","@graph":[{"@type":"WebPage","@id":"https:\/\/toidupakk.ee\/pl\/toode\/farby-do-twarzy-w-sztyfcie-camouflage\/","url":"https:\/\/toidupakk.ee\/pl\/toode\/farby-do-twarzy-w-sztyfcie-camouflage\/","name":"Farby do twarzy w sztyfcie Camouflage","isPartOf":{"@id":"https:\/\/toidupakk.ee\/pl\/#website"},"primaryImageOfPage":{"@id":"https:\/\/toidupakk.ee\/pl\/toode\/farby-do-twarzy-w-sztyfcie-camouflage\/#primaryimage"},"image":{"@id":"https:\/\/toidupakk.ee\/pl\/toode\/farby-do-twarzy-w-sztyfcie-camouflage\/#primaryimage"},"thumbnailUrl":"https:\/\/toidupakk.ee\/wp-content\/uploads\/2023\/07\/96.png","datePublished":"2023-07-24T13:05:24+00:00","dateModified":"2026-04-21T08:31:43+00:00","description":"Sztyft Camouflage to dwukolorowa farba do maskowania twarzy i cia\u0142a, dzi\u0119ki kt\u00f3rej staniesz si\u0119 niewidoczny w terenie i idealnie stopisz si\u0119 z natur\u0105.","breadcrumb":{"@id":"https:\/\/toidupakk.ee\/pl\/toode\/farby-do-twarzy-w-sztyfcie-camouflage\/#breadcrumb"},"inLanguage":"pl-PL","potentialAction":[{"@type":"ReadAction","target":["https:\/\/toidupakk.ee\/pl\/toode\/farby-do-twarzy-w-sztyfcie-camouflage\/"]}]},{"@type":"ImageObject","inLanguage":"pl-PL","@id":"https:\/\/toidupakk.ee\/pl\/toode\/farby-do-twarzy-w-sztyfcie-camouflage\/#primaryimage","url":"https:\/\/toidupakk.ee\/wp-content\/uploads\/2023\/07\/96.png","contentUrl":"https:\/\/toidupakk.ee\/wp-content\/uploads\/2023\/07\/96.png","width":1080,"height":1080,"caption":"N\u00e4ov\u00e4rvid Camouflage pulk"},{"@type":"BreadcrumbList","@id":"https:\/\/toidupakk.ee\/pl\/toode\/farby-do-twarzy-w-sztyfcie-camouflage\/#breadcrumb","itemListElement":[{"@type":"ListItem","position":1,"name":"Avaleht","item":"https:\/\/toidupakk.ee\/pl\/"},{"@type":"ListItem","position":2,"name":"Sklep internetowy","item":"https:\/\/toidupakk.ee\/pl\/sklep-internetowy\/"},{"@type":"ListItem","position":3,"name":"Farby do twarzy w sztyfcie Camouflage"}]},{"@type":"WebSite","@id":"https:\/\/toidupakk.ee\/pl\/#website","url":"https:\/\/toidupakk.ee\/pl\/","name":"Toidupakk.ee - Tactical Foodpack toidupakid","description":"Tactical Foodpack k\u00fclmkuivatatud toidupakid ja matkaeined","publisher":{"@id":"https:\/\/toidupakk.ee\/pl\/#organization"},"potentialAction":[{"@type":"SearchAction","target":{"@type":"EntryPoint","urlTemplate":"https:\/\/toidupakk.ee\/pl\/?s={search_term_string}"},"query-input":{"@type":"PropertyValueSpecification","valueRequired":true,"valueName":"search_term_string"}}],"inLanguage":"pl-PL"},{"@type":"Organization","@id":"https:\/\/toidupakk.ee\/pl\/#organization","name":"Tactical Foodpack matkaeined","url":"https:\/\/toidupakk.ee\/pl\/","logo":{"@type":"ImageObject","inLanguage":"pl-PL","@id":"https:\/\/toidupakk.ee\/pl\/#\/schema\/logo\/image\/","url":"https:\/\/toidupakk.ee\/wp-content\/uploads\/2022\/01\/Toidupakk-matkapood-logo-transparent.png","contentUrl":"https:\/\/toidupakk.ee\/wp-content\/uploads\/2022\/01\/Toidupakk-matkapood-logo-transparent.png","width":500,"height":500,"caption":"Tactical Foodpack matkaeined"},"image":{"@id":"https:\/\/toidupakk.ee\/pl\/#\/schema\/logo\/image\/"},"sameAs":["https:\/\/www.facebook.com\/Toidupakk","https:\/\/www.instagram.com\/toidupakk\/"]}]}},"jetpack_sharing_enabled":true,"_links":{"self":[{"href":"https:\/\/toidupakk.ee\/pl\/wp-json\/wp\/v2\/product\/52245","targetHints":{"allow":["GET"]}}],"collection":[{"href":"https:\/\/toidupakk.ee\/pl\/wp-json\/wp\/v2\/product"}],"about":[{"href":"https:\/\/toidupakk.ee\/pl\/wp-json\/wp\/v2\/types\/product"}],"replies":[{"embeddable":true,"href":"https:\/\/toidupakk.ee\/pl\/wp-json\/wp\/v2\/comments?post=52245"}],"wp:featuredmedia":[{"embeddable":true,"href":"https:\/\/toidupakk.ee\/pl\/wp-json\/wp\/v2\/media\/12115"}],"wp:attachment":[{"href":"https:\/\/toidupakk.ee\/pl\/wp-json\/wp\/v2\/media?parent=52245"}],"wp:term":[{"taxonomy":"product_brand","embeddable":true,"href":"https:\/\/toidupakk.ee\/pl\/wp-json\/wp\/v2\/product_brand?post=52245"},{"taxonomy":"product_cat","embeddable":true,"href":"https:\/\/toidupakk.ee\/pl\/wp-json\/wp\/v2\/product_cat?post=52245"},{"taxonomy":"product_tag","embeddable":true,"href":"https:\/\/toidupakk.ee\/pl\/wp-json\/wp\/v2\/product_tag?post=52245"}],"curies":[{"name":"wp","href":"https:\/\/api.w.org\/{rel}","templated":true}]}}