{"id":52215,"date":"2023-07-21T11:09:01","date_gmt":"2023-07-21T08:09:01","guid":{"rendered":"https:\/\/toidupakk.ee\/toode\/namiot-robson-2\/"},"modified":"2026-04-29T15:32:03","modified_gmt":"2026-04-29T12:32:03","slug":"namiot-robson-2","status":"publish","type":"product","link":"https:\/\/toidupakk.ee\/pl\/toode\/namiot-robson-2\/","title":{"rendered":"Namiot Robson 2"},"content":{"rendered":"<h1>Namiot Robson 2<\/h1>\n<p>Namiot Robson 2 oferuje mn\u00f3stwo miejsca dla dw\u00f3ch os\u00f3b i ich baga\u017cu. Konstrukcja tunelowa zapewnia doskona\u0142\u0105 odporno\u015b\u0107 na wiatr wzd\u0142u\u017cny i niezawodn\u0105 ochron\u0119 przed warunkami atmosferycznymi. Oddychaj\u0105ca sypialnia z moskitier\u0105 gwarantuje \u015bwietny klimat i wentylacj\u0119, co pozwala na swobodn\u0105 cyrkulacj\u0119 powietrza i zapewnia komfortowy sen.   <\/p>\n<p><img fetchpriority=\"high\" decoding=\"async\" class=\"alignnone size-medium wp-image-11348\" src=\"https:\/\/toidupakk.ee\/wp-content\/uploads\/2023\/07\/grandcanyon-logo-300x189.png\" alt=\"\" width=\"300\" height=\"189\" srcset=\"https:\/\/toidupakk.ee\/wp-content\/uploads\/2023\/07\/grandcanyon-logo-300x189.png 300w, https:\/\/toidupakk.ee\/wp-content\/uploads\/2023\/07\/grandcanyon-logo.png 340w\" sizes=\"(max-width: 300px) 100vw, 300px\" \/><\/p>\n<h2>Konstrukcja i elementy dodatkowe namiotu<\/h2>\n<p>Du\u017ce otwory wentylacyjne w tropiku zapewniaj\u0105 lepszy przep\u0142yw powietrza i zapobiegaj\u0105 kondensacji pary wodnej, dbaj\u0105c o Tw\u00f3j komfort. Lekkie materia\u0142y i komponenty redukuj\u0105 wag\u0119 oraz wymiary po spakowaniu, co u\u0142atwia transport i daje wi\u0119ksz\u0105 swobod\u0119 przy kompletowaniu ekwipunku.   <\/p>\n<p><img decoding=\"async\" class=\"alignnone size-full wp-image-11651\" src=\"https:\/\/toidupakk.ee\/wp-content\/uploads\/2023\/07\/Robson-2-13.png\" alt=\"\" width=\"250\" height=\"250\" srcset=\"https:\/\/toidupakk.ee\/wp-content\/uploads\/2023\/07\/Robson-2-13.png 250w, https:\/\/toidupakk.ee\/wp-content\/uploads\/2023\/07\/Robson-2-13-100x100.png 100w\" sizes=\"(max-width: 250px) 100vw, 250px\" \/><\/p>\n<p>Tropik i pod\u0142oga namiotu Robson 2 s\u0105 pokryte pow\u0142ok\u0105 poliuretanow\u0105, a szwy s\u0105 podklejone, co gwarantuje wodoodporno\u015b\u0107 nawet podczas ulewnego deszczu. Dzi\u0119ki temu pozostaniesz suchy bez wzgl\u0119du na intensywno\u015b\u0107 opad\u00f3w. <\/p>\n<p>Namiot posiada funkcje zwi\u0119kszaj\u0105ce wygod\u0119 u\u017cytkowania. Przedni przedsionek oferuje dodatkowe miejsce na mokre lub brudne rzeczy, chroni\u0105c sypialni\u0119 przed wilgoci\u0105 i zabrudzeniem. Odblaskowe odci\u0105gi poprawiaj\u0105 widoczno\u015b\u0107 namiotu po zmroku, u\u0142atwiaj\u0105c odnalezienie obozowiska i zapobiegaj\u0105c potkni\u0119ciom.  <\/p>\n<p>Sprawd\u017a inne akcesoria turystyczne <a href=\"https:\/\/toidupakk.ee\/pl\/tootekategooria\/sprzet-turystyczny\/#section-3-79\">TUTAJ<\/a><\/p>\n<p>Interesuj\u0105 Ci\u0119 posi\u0142ki turystyczne? Zobacz <a href=\"\/?product_cat=snakk#section-3-79\">TUTAJ<\/a><\/p>\n<p>Znajd\u017a inspiracj\u0119 na kolejne przygody na <a href=\"https:\/\/www.instagram.com\/toidupakk\/\">Instagramie<\/a> i <a href=\"https:\/\/www.facebook.com\/Toidupakk\/\">Facebooku<\/a> Toidupakk.<\/p>\n","protected":false},"excerpt":{"rendered":"<p>Namiot Robson 2 to najnowszy model w serii namiot\u00f3w tunelowych GRAND CANYON\u00ae, oferuj\u0105cy przestronno\u015b\u0107, trwa\u0142o\u015b\u0107 i wygod\u0119. Sta\u0142a wysoko\u015b\u0107 sypialni i przedni przedsionek czyni\u0105 go idealnym towarzyszem wypraw i kemping\u00f3w. Zapewnia do\u015b\u0107 miejsca do spania i przechowywania sprz\u0119tu dla 2 os\u00f3b. Przedsionek pomie\u015bci mokre ubrania i buty. Oddychaj\u0105ca sypialnia z siatki chroni przed komarami, a sypialni\u0119 mo\u017cna rozstawi\u0107 niezale\u017cnie od tropiku.     <\/p>\n<ul>\n<li><strong>Liczba miejsc:<\/strong> 2 osoby<\/li>\n<li><strong>Marka:<\/strong> GRAND CANYON\u00ae<\/li>\n<li><strong>Materia\u0142 tropiku:<\/strong> 100% poliester 68D (190T) \u2013 <em>wodoodporny, wiatroszczelny, oddychaj\u0105cy<\/em><\/li>\n<li><strong>Materia\u0142 sypialni:<\/strong> wytrzyma\u0142a siatka <em>(chroni przed komarami i innymi owadami)<\/em><\/li>\n<li><strong>Materia\u0142 pod\u0142ogi:<\/strong> polietylen powlekany poliuretanem<\/li>\n<li><strong>Pa\u0142\u0105ki:<\/strong> w\u0142\u00f3kno szklane<\/li>\n<li><strong>\u015aledzie:<\/strong> stal<\/li>\n<li><strong>Waga:<\/strong> 3300 gram\u00f3w<\/li>\n<li><strong>Wymiary:<\/strong> \u00d816 x 58 cm (po spakowaniu)<\/li>\n<li><strong>Wodoodporno\u015b\u0107:<\/strong> 3000 mm tropik, 4000 mm pod\u0142oga<\/li>\n<li><strong>Kolor:<\/strong> Blue Grass (niebieski) lub le\u015bna ziele\u0144 (Capulet Olive)<\/li>\n<\/ul>\n<p>\u2705 Produkt chwilowo niedost\u0119pny<br \/>\n\u2705 Kup teraz, zap\u0142a\u0107 p\u00f3\u017aniej (RRSO 0%)<\/p>\n","protected":false},"featured_media":52234,"comment_status":"open","ping_status":"closed","template":"","meta":{"_acf_changed":false},"product_brand":[],"product_cat":[303,312,314,301],"product_tag":[],"class_list":{"0":"post-52215","1":"product","2":"type-product","3":"status-publish","4":"has-post-thumbnail","6":"product_cat-akcesoria-turystyczne","7":"product_cat-namioty","8":"product_cat-nocowanie-w-naturze","9":"product_cat-sprzet-turystyczny","11":"first","12":"instock","13":"taxable","14":"shipping-taxable","15":"purchasable","16":"product-type-variable","17":"has-default-attributes"},"bundled_by":[],"bundle_stock_status":"instock","bundle_stock_quantity":null,"bundle_virtual":false,"bundle_layout":"","bundle_add_to_cart_form_location":"","bundle_editable_in_cart":false,"bundle_sold_individually_context":"","bundle_item_grouping":"","bundle_min_size":"","bundle_max_size":"","bundle_price":[],"bundled_items":[],"bundle_sell_ids":[],"acf":[],"yoast_head":"<!-- This site is optimized with the Yoast SEO plugin v27.3 - https:\/\/yoast.com\/product\/yoast-seo-wordpress\/ -->\n<title>Namiot Robson 2<\/title>\n<meta name=\"description\" content=\"Namiot Robson 2 to najnowszy cz\u0142onek rodziny GRAND CANYON\u00ae. Ten 2-osobowy namiot tunelowy o sta\u0142ej wysoko\u015bci to dwuwarstwowa konstrukcja z przedsionkiem i moskitier\u0105, wa\u017c\u0105ca zaledwie 3300 g.\" \/>\n<meta name=\"robots\" content=\"index, follow, max-snippet:-1, max-image-preview:large, max-video-preview:-1\" \/>\n<link rel=\"canonical\" href=\"https:\/\/toidupakk.ee\/pl\/toode\/namiot-robson-2\/\" \/>\n<meta property=\"og:locale\" content=\"pl_PL\" \/>\n<meta property=\"og:type\" content=\"article\" \/>\n<meta property=\"og:title\" content=\"Namiot Robson 2\" \/>\n<meta property=\"og:description\" content=\"Namiot Robson 2 to najnowszy cz\u0142onek rodziny GRAND CANYON\u00ae. Ten 2-osobowy namiot tunelowy o sta\u0142ej wysoko\u015bci to dwuwarstwowa konstrukcja z przedsionkiem i moskitier\u0105, wa\u017c\u0105ca zaledwie 3300 g.\" \/>\n<meta property=\"og:url\" content=\"https:\/\/toidupakk.ee\/pl\/toode\/namiot-robson-2\/\" \/>\n<meta property=\"og:site_name\" content=\"Toidupakk.ee - Tactical Foodpack toidupakid\" \/>\n<meta property=\"article:publisher\" content=\"https:\/\/www.facebook.com\/Toidupakk\" \/>\n<meta property=\"article:modified_time\" content=\"2026-04-29T12:32:03+00:00\" \/>\n<meta property=\"og:image\" content=\"https:\/\/toidupakk.ee\/wp-content\/uploads\/2023\/07\/Robson-2-.png\" \/>\n\t<meta property=\"og:image:width\" content=\"1080\" \/>\n\t<meta property=\"og:image:height\" content=\"1080\" \/>\n\t<meta property=\"og:image:type\" content=\"image\/png\" \/>\n<meta name=\"twitter:card\" content=\"summary_large_image\" \/>\n<meta name=\"twitter:label1\" content=\"Szacowany czas czytania\" \/>\n\t<meta name=\"twitter:data1\" content=\"1 minuta\" \/>\n<script type=\"application\/ld+json\" class=\"yoast-schema-graph\">{\"@context\":\"https:\\\/\\\/schema.org\",\"@graph\":[{\"@type\":\"WebPage\",\"@id\":\"https:\\\/\\\/toidupakk.ee\\\/pl\\\/toode\\\/namiot-robson-2\\\/\",\"url\":\"https:\\\/\\\/toidupakk.ee\\\/pl\\\/toode\\\/namiot-robson-2\\\/\",\"name\":\"Namiot Robson 2\",\"isPartOf\":{\"@id\":\"https:\\\/\\\/toidupakk.ee\\\/pl\\\/#website\"},\"primaryImageOfPage\":{\"@id\":\"https:\\\/\\\/toidupakk.ee\\\/pl\\\/toode\\\/namiot-robson-2\\\/#primaryimage\"},\"image\":{\"@id\":\"https:\\\/\\\/toidupakk.ee\\\/pl\\\/toode\\\/namiot-robson-2\\\/#primaryimage\"},\"thumbnailUrl\":\"https:\\\/\\\/toidupakk.ee\\\/wp-content\\\/uploads\\\/2023\\\/07\\\/Robson-2-.png\",\"datePublished\":\"2023-07-21T08:09:01+00:00\",\"dateModified\":\"2026-04-29T12:32:03+00:00\",\"description\":\"Namiot Robson 2 to najnowszy cz\u0142onek rodziny GRAND CANYON\u00ae. Ten 2-osobowy namiot tunelowy o sta\u0142ej wysoko\u015bci to dwuwarstwowa konstrukcja z przedsionkiem i moskitier\u0105, wa\u017c\u0105ca zaledwie 3300 g.\",\"breadcrumb\":{\"@id\":\"https:\\\/\\\/toidupakk.ee\\\/pl\\\/toode\\\/namiot-robson-2\\\/#breadcrumb\"},\"inLanguage\":\"pl-PL\",\"potentialAction\":[{\"@type\":\"ReadAction\",\"target\":[\"https:\\\/\\\/toidupakk.ee\\\/pl\\\/toode\\\/namiot-robson-2\\\/\"]}]},{\"@type\":\"ImageObject\",\"inLanguage\":\"pl-PL\",\"@id\":\"https:\\\/\\\/toidupakk.ee\\\/pl\\\/toode\\\/namiot-robson-2\\\/#primaryimage\",\"url\":\"https:\\\/\\\/toidupakk.ee\\\/wp-content\\\/uploads\\\/2023\\\/07\\\/Robson-2-.png\",\"contentUrl\":\"https:\\\/\\\/toidupakk.ee\\\/wp-content\\\/uploads\\\/2023\\\/07\\\/Robson-2-.png\",\"width\":1080,\"height\":1080},{\"@type\":\"BreadcrumbList\",\"@id\":\"https:\\\/\\\/toidupakk.ee\\\/pl\\\/toode\\\/namiot-robson-2\\\/#breadcrumb\",\"itemListElement\":[{\"@type\":\"ListItem\",\"position\":1,\"name\":\"Avaleht\",\"item\":\"https:\\\/\\\/toidupakk.ee\\\/pl\\\/\"},{\"@type\":\"ListItem\",\"position\":2,\"name\":\"Sklep internetowy\",\"item\":\"https:\\\/\\\/toidupakk.ee\\\/pl\\\/sklep-internetowy\\\/\"},{\"@type\":\"ListItem\",\"position\":3,\"name\":\"Namiot Robson 2\"}]},{\"@type\":\"WebSite\",\"@id\":\"https:\\\/\\\/toidupakk.ee\\\/pl\\\/#website\",\"url\":\"https:\\\/\\\/toidupakk.ee\\\/pl\\\/\",\"name\":\"Toidupakk.ee - Tactical Foodpack toidupakid\",\"description\":\"Tactical Foodpack k\u00fclmkuivatatud toidupakid ja matkaeined\",\"publisher\":{\"@id\":\"https:\\\/\\\/toidupakk.ee\\\/pl\\\/#organization\"},\"potentialAction\":[{\"@type\":\"SearchAction\",\"target\":{\"@type\":\"EntryPoint\",\"urlTemplate\":\"https:\\\/\\\/toidupakk.ee\\\/pl\\\/?s={search_term_string}\"},\"query-input\":{\"@type\":\"PropertyValueSpecification\",\"valueRequired\":true,\"valueName\":\"search_term_string\"}}],\"inLanguage\":\"pl-PL\"},{\"@type\":\"Organization\",\"@id\":\"https:\\\/\\\/toidupakk.ee\\\/pl\\\/#organization\",\"name\":\"Tactical Foodpack matkaeined\",\"url\":\"https:\\\/\\\/toidupakk.ee\\\/pl\\\/\",\"logo\":{\"@type\":\"ImageObject\",\"inLanguage\":\"pl-PL\",\"@id\":\"https:\\\/\\\/toidupakk.ee\\\/pl\\\/#\\\/schema\\\/logo\\\/image\\\/\",\"url\":\"https:\\\/\\\/toidupakk.ee\\\/wp-content\\\/uploads\\\/2022\\\/01\\\/Toidupakk-matkapood-logo-transparent.png\",\"contentUrl\":\"https:\\\/\\\/toidupakk.ee\\\/wp-content\\\/uploads\\\/2022\\\/01\\\/Toidupakk-matkapood-logo-transparent.png\",\"width\":500,\"height\":500,\"caption\":\"Tactical Foodpack matkaeined\"},\"image\":{\"@id\":\"https:\\\/\\\/toidupakk.ee\\\/pl\\\/#\\\/schema\\\/logo\\\/image\\\/\"},\"sameAs\":[\"https:\\\/\\\/www.facebook.com\\\/Toidupakk\",\"https:\\\/\\\/www.instagram.com\\\/toidupakk\\\/\"]}]}<\/script>\n<!-- \/ Yoast SEO plugin. -->","yoast_head_json":{"title":"Namiot Robson 2","description":"Namiot Robson 2 to najnowszy cz\u0142onek rodziny GRAND CANYON\u00ae. Ten 2-osobowy namiot tunelowy o sta\u0142ej wysoko\u015bci to dwuwarstwowa konstrukcja z przedsionkiem i moskitier\u0105, wa\u017c\u0105ca zaledwie 3300 g.","robots":{"index":"index","follow":"follow","max-snippet":"max-snippet:-1","max-image-preview":"max-image-preview:large","max-video-preview":"max-video-preview:-1"},"canonical":"https:\/\/toidupakk.ee\/pl\/toode\/namiot-robson-2\/","og_locale":"pl_PL","og_type":"article","og_title":"Namiot Robson 2","og_description":"Namiot Robson 2 to najnowszy cz\u0142onek rodziny GRAND CANYON\u00ae. Ten 2-osobowy namiot tunelowy o sta\u0142ej wysoko\u015bci to dwuwarstwowa konstrukcja z przedsionkiem i moskitier\u0105, wa\u017c\u0105ca zaledwie 3300 g.","og_url":"https:\/\/toidupakk.ee\/pl\/toode\/namiot-robson-2\/","og_site_name":"Toidupakk.ee - Tactical Foodpack toidupakid","article_publisher":"https:\/\/www.facebook.com\/Toidupakk","article_modified_time":"2026-04-29T12:32:03+00:00","og_image":[{"width":1080,"height":1080,"url":"https:\/\/toidupakk.ee\/wp-content\/uploads\/2023\/07\/Robson-2-.png","type":"image\/png"}],"twitter_card":"summary_large_image","twitter_misc":{"Szacowany czas czytania":"1 minuta"},"schema":{"@context":"https:\/\/schema.org","@graph":[{"@type":"WebPage","@id":"https:\/\/toidupakk.ee\/pl\/toode\/namiot-robson-2\/","url":"https:\/\/toidupakk.ee\/pl\/toode\/namiot-robson-2\/","name":"Namiot Robson 2","isPartOf":{"@id":"https:\/\/toidupakk.ee\/pl\/#website"},"primaryImageOfPage":{"@id":"https:\/\/toidupakk.ee\/pl\/toode\/namiot-robson-2\/#primaryimage"},"image":{"@id":"https:\/\/toidupakk.ee\/pl\/toode\/namiot-robson-2\/#primaryimage"},"thumbnailUrl":"https:\/\/toidupakk.ee\/wp-content\/uploads\/2023\/07\/Robson-2-.png","datePublished":"2023-07-21T08:09:01+00:00","dateModified":"2026-04-29T12:32:03+00:00","description":"Namiot Robson 2 to najnowszy cz\u0142onek rodziny GRAND CANYON\u00ae. Ten 2-osobowy namiot tunelowy o sta\u0142ej wysoko\u015bci to dwuwarstwowa konstrukcja z przedsionkiem i moskitier\u0105, wa\u017c\u0105ca zaledwie 3300 g.","breadcrumb":{"@id":"https:\/\/toidupakk.ee\/pl\/toode\/namiot-robson-2\/#breadcrumb"},"inLanguage":"pl-PL","potentialAction":[{"@type":"ReadAction","target":["https:\/\/toidupakk.ee\/pl\/toode\/namiot-robson-2\/"]}]},{"@type":"ImageObject","inLanguage":"pl-PL","@id":"https:\/\/toidupakk.ee\/pl\/toode\/namiot-robson-2\/#primaryimage","url":"https:\/\/toidupakk.ee\/wp-content\/uploads\/2023\/07\/Robson-2-.png","contentUrl":"https:\/\/toidupakk.ee\/wp-content\/uploads\/2023\/07\/Robson-2-.png","width":1080,"height":1080},{"@type":"BreadcrumbList","@id":"https:\/\/toidupakk.ee\/pl\/toode\/namiot-robson-2\/#breadcrumb","itemListElement":[{"@type":"ListItem","position":1,"name":"Avaleht","item":"https:\/\/toidupakk.ee\/pl\/"},{"@type":"ListItem","position":2,"name":"Sklep internetowy","item":"https:\/\/toidupakk.ee\/pl\/sklep-internetowy\/"},{"@type":"ListItem","position":3,"name":"Namiot Robson 2"}]},{"@type":"WebSite","@id":"https:\/\/toidupakk.ee\/pl\/#website","url":"https:\/\/toidupakk.ee\/pl\/","name":"Toidupakk.ee - Tactical Foodpack toidupakid","description":"Tactical Foodpack k\u00fclmkuivatatud toidupakid ja matkaeined","publisher":{"@id":"https:\/\/toidupakk.ee\/pl\/#organization"},"potentialAction":[{"@type":"SearchAction","target":{"@type":"EntryPoint","urlTemplate":"https:\/\/toidupakk.ee\/pl\/?s={search_term_string}"},"query-input":{"@type":"PropertyValueSpecification","valueRequired":true,"valueName":"search_term_string"}}],"inLanguage":"pl-PL"},{"@type":"Organization","@id":"https:\/\/toidupakk.ee\/pl\/#organization","name":"Tactical Foodpack matkaeined","url":"https:\/\/toidupakk.ee\/pl\/","logo":{"@type":"ImageObject","inLanguage":"pl-PL","@id":"https:\/\/toidupakk.ee\/pl\/#\/schema\/logo\/image\/","url":"https:\/\/toidupakk.ee\/wp-content\/uploads\/2022\/01\/Toidupakk-matkapood-logo-transparent.png","contentUrl":"https:\/\/toidupakk.ee\/wp-content\/uploads\/2022\/01\/Toidupakk-matkapood-logo-transparent.png","width":500,"height":500,"caption":"Tactical Foodpack matkaeined"},"image":{"@id":"https:\/\/toidupakk.ee\/pl\/#\/schema\/logo\/image\/"},"sameAs":["https:\/\/www.facebook.com\/Toidupakk","https:\/\/www.instagram.com\/toidupakk\/"]}]}},"jetpack_sharing_enabled":true,"_links":{"self":[{"href":"https:\/\/toidupakk.ee\/pl\/wp-json\/wp\/v2\/product\/52215","targetHints":{"allow":["GET"]}}],"collection":[{"href":"https:\/\/toidupakk.ee\/pl\/wp-json\/wp\/v2\/product"}],"about":[{"href":"https:\/\/toidupakk.ee\/pl\/wp-json\/wp\/v2\/types\/product"}],"replies":[{"embeddable":true,"href":"https:\/\/toidupakk.ee\/pl\/wp-json\/wp\/v2\/comments?post=52215"}],"wp:featuredmedia":[{"embeddable":true,"href":"https:\/\/toidupakk.ee\/pl\/wp-json\/wp\/v2\/media\/52234"}],"wp:attachment":[{"href":"https:\/\/toidupakk.ee\/pl\/wp-json\/wp\/v2\/media?parent=52215"}],"wp:term":[{"taxonomy":"product_brand","embeddable":true,"href":"https:\/\/toidupakk.ee\/pl\/wp-json\/wp\/v2\/product_brand?post=52215"},{"taxonomy":"product_cat","embeddable":true,"href":"https:\/\/toidupakk.ee\/pl\/wp-json\/wp\/v2\/product_cat?post=52215"},{"taxonomy":"product_tag","embeddable":true,"href":"https:\/\/toidupakk.ee\/pl\/wp-json\/wp\/v2\/product_tag?post=52215"}],"curies":[{"name":"wp","href":"https:\/\/api.w.org\/{rel}","templated":true}]}}