{"id":52214,"date":"2023-07-06T16:36:35","date_gmt":"2023-07-06T13:36:35","guid":{"rendered":"https:\/\/toidupakk.ee\/toode\/worki-prozniowe-na-ubrania\/"},"modified":"2026-04-20T14:32:09","modified_gmt":"2026-04-20T11:32:09","slug":"worki-prozniowe-na-ubrania","status":"publish","type":"product","link":"https:\/\/toidupakk.ee\/pl\/toode\/worki-prozniowe-na-ubrania\/","title":{"rendered":"Worki pr\u00f3\u017cniowe na ubrania"},"content":{"rendered":"<h1><img fetchpriority=\"high\" decoding=\"async\" class=\"alignright wp-image-10992 size-thumbnail\" style=\"font-size: 16px; font-weight: 400;\" src=\"https:\/\/toidupakk.ee\/wp-content\/uploads\/2023\/07\/Vaakumkotid-riietele-5-500x500.png\" alt=\"Worek pr\u00f3\u017cniowy do pompki pr\u00f3\u017cniowej\" width=\"500\" height=\"500\" srcset=\"https:\/\/toidupakk.ee\/wp-content\/uploads\/2023\/07\/Vaakumkotid-riietele-5-500x500.png 500w, https:\/\/toidupakk.ee\/wp-content\/uploads\/2023\/07\/Vaakumkotid-riietele-5-400x400.png 400w, https:\/\/toidupakk.ee\/wp-content\/uploads\/2023\/07\/Vaakumkotid-riietele-5-100x100.png 100w, https:\/\/toidupakk.ee\/wp-content\/uploads\/2023\/07\/Vaakumkotid-riietele-5-800x800.png 800w, https:\/\/toidupakk.ee\/wp-content\/uploads\/2023\/07\/Vaakumkotid-riietele-5-300x300.png 300w, https:\/\/toidupakk.ee\/wp-content\/uploads\/2023\/07\/Vaakumkotid-riietele-5-1024x1024.png 1024w, https:\/\/toidupakk.ee\/wp-content\/uploads\/2023\/07\/Vaakumkotid-riietele-5-768x768.png 768w, https:\/\/toidupakk.ee\/wp-content\/uploads\/2023\/07\/Vaakumkotid-riietele-5.png 1080w\" sizes=\"(max-width: 500px) 100vw, 500px\" \/><\/h1>\n<h1>Worki pr\u00f3\u017cniowe FLEXTAIL<\/h1>\n<p>Worki pr\u00f3\u017cniowe FLEXTAIL to idealny spos\u00f3b na zachowanie \u015bwie\u017co\u015bci ubra\u0144 i oszcz\u0119dno\u015b\u0107 miejsca. Te wysokiej jako\u015bci worki pozwalaj\u0105 stworzy\u0107 hermetyczne \u015brodowisko, chroni\u0105c odzie\u017c przed wilgoci\u0105, kurzem i nieprzyjemnymi zapachami. <\/p>\n<p>Worki pr\u00f3\u017cniowe FLEXTAIL s\u0105 wykonane z wytrzyma\u0142ego i bezpiecznego materia\u0142u, kt\u00f3ry zapewnia ubraniom d\u0142ugotrwa\u0142\u0105 ochron\u0119. Szczelna konstrukcja chroni przed kurzem, wilgoci\u0105 i zapachami.<br \/>\n\u0141atwe u\u017cycie: worki s\u0105 wyposa\u017cone w szczelny zaw\u00f3r, kt\u00f3ry pozwala na szybkie i \u0142atwe otwieranie oraz zamykanie. Przeznaczone do u\u017cytku z <a href=\"https:\/\/toidupakk.ee\/pl\/toode\/pompka-do-materaca-z-akumulatorem\/\">akumulatorow\u0105 pompk\u0105 do materacy<\/a> lub zwyk\u0142ym odkurzaczem.  <\/p>\n<p>Du\u017ca pojemno\u015b\u0107: dost\u0119pne w trzech rozmiarach, idealnie nadaj\u0105 si\u0119 do przechowywania ubra\u0144 \u2013 od kurtek i sukienek po spodnie i odzie\u017c sezonow\u0105.<\/p>\n<p><img decoding=\"async\" class=\"alignnone wp-image-10994 size-thumbnail\" src=\"https:\/\/toidupakk.ee\/wp-content\/uploads\/2023\/07\/Vaakumkotid-riietele-7-500x500.jpg\" alt=\"Worek pr\u00f3\u017cniowy zwalnia 80% miejsca\" width=\"500\" height=\"500\" srcset=\"https:\/\/toidupakk.ee\/wp-content\/uploads\/2023\/07\/Vaakumkotid-riietele-7-500x500.jpg 500w, https:\/\/toidupakk.ee\/wp-content\/uploads\/2023\/07\/Vaakumkotid-riietele-7-400x400.jpg 400w, https:\/\/toidupakk.ee\/wp-content\/uploads\/2023\/07\/Vaakumkotid-riietele-7-100x100.jpg 100w, https:\/\/toidupakk.ee\/wp-content\/uploads\/2023\/07\/Vaakumkotid-riietele-7-800x800.jpg 800w, https:\/\/toidupakk.ee\/wp-content\/uploads\/2023\/07\/Vaakumkotid-riietele-7-300x300.jpg 300w, https:\/\/toidupakk.ee\/wp-content\/uploads\/2023\/07\/Vaakumkotid-riietele-7-1024x1024.jpg 1024w, https:\/\/toidupakk.ee\/wp-content\/uploads\/2023\/07\/Vaakumkotid-riietele-7-768x768.jpg 768w, https:\/\/toidupakk.ee\/wp-content\/uploads\/2023\/07\/Vaakumkotid-riietele-7.jpg 1080w\" sizes=\"(max-width: 500px) 100vw, 500px\" \/><\/p>\n<p>Oszcz\u0119dno\u015b\u0107 miejsca: worki pr\u00f3\u017cniowe FLEXTAIL pozwalaj\u0105 zaoszcz\u0119dzi\u0107 mn\u00f3stwo przestrzeni w szafie, szufladzie czy walizce. To \u015bwietny wyb\u00f3r w podr\u00f3\u017cy, by utrzyma\u0107 porz\u0105dek i kompaktowo spakowa\u0107 baga\u017c. <\/p>\n<p><img decoding=\"async\" class=\"alignnone wp-image-10991 size-thumbnail\" src=\"https:\/\/toidupakk.ee\/wp-content\/uploads\/2023\/07\/Vaakumkotid-riietele-4-500x500.png\" alt=\"Worki pr\u00f3\u017cniowe 60x80 cm\" width=\"500\" height=\"500\" srcset=\"https:\/\/toidupakk.ee\/wp-content\/uploads\/2023\/07\/Vaakumkotid-riietele-4-500x500.png 500w, https:\/\/toidupakk.ee\/wp-content\/uploads\/2023\/07\/Vaakumkotid-riietele-4-400x400.png 400w, https:\/\/toidupakk.ee\/wp-content\/uploads\/2023\/07\/Vaakumkotid-riietele-4-100x100.png 100w, https:\/\/toidupakk.ee\/wp-content\/uploads\/2023\/07\/Vaakumkotid-riietele-4-800x800.png 800w, https:\/\/toidupakk.ee\/wp-content\/uploads\/2023\/07\/Vaakumkotid-riietele-4-300x300.png 300w, https:\/\/toidupakk.ee\/wp-content\/uploads\/2023\/07\/Vaakumkotid-riietele-4-1024x1024.png 1024w, https:\/\/toidupakk.ee\/wp-content\/uploads\/2023\/07\/Vaakumkotid-riietele-4-768x768.png 768w, https:\/\/toidupakk.ee\/wp-content\/uploads\/2023\/07\/Vaakumkotid-riietele-4.png 1080w\" sizes=\"(max-width: 500px) 100vw, 500px\" \/><br \/>\nNiezale\u017cnie od tego, czy chcesz przechowa\u0107 odzie\u017c sezonow\u0105, zaoszcz\u0119dzi\u0107 miejsce w walizce, czy utrzyma\u0107 porz\u0105dek i \u015bwie\u017co\u015b\u0107 w garderobie, worki FLEXTAIL to praktyczne i skuteczne rozwi\u0105zanie. Zapewnij swoim ubraniom najlepsz\u0105 ochron\u0119 i wybierz worki pr\u00f3\u017cniowe FLEXTAIL! <\/p>\n<p>Chcesz mie\u0107 wi\u0119cej miejsca w szafie? Nasze worki pr\u00f3\u017cniowe to idealne rozwi\u0105zanie! Dzi\u0119ki nim przechowasz ubrania w bardziej kompaktowy spos\u00f3b, oszcz\u0119dzaj\u0105c miejsce i chroni\u0105c je przed kurzem oraz wilgoci\u0105.  <\/p>\n<p><strong>Cechy produktu:<\/strong><\/p>\n<ul>\n<li><strong>Kompaktowe przechowywanie:<\/strong> dzi\u0119ki workom pr\u00f3\u017cniowym obj\u0119to\u015b\u0107 ubra\u0144 zmniejsza si\u0119 nawet o 80%, co pozwala na znaczn\u0105 oszcz\u0119dno\u015b\u0107 miejsca.<\/li>\n<li><strong>Ochrona przed kurzem i wilgoci\u0105:<\/strong> ubrania zapakowane w worki pr\u00f3\u017cniowe s\u0105 chronione przed kurzem, wilgoci\u0105 i szkodnikami.<\/li>\n<li><strong>\u0141atwe u\u017cycie:<\/strong> po prostu odessij powietrze za pomoc\u0105 odkurzacza i zamknij worek. Do zestawu do\u0142\u0105czony jest specjalny klips do zamykania. <\/li>\n<li><strong>Uniwersalne wymiary:<\/strong> nasz zestaw zawiera worki w r\u00f3\u017cnych rozmiarach, odpowiednie zar\u00f3wno do mniejszych rzeczy, jak i wi\u0119kszych ubra\u0144 czy po\u015bcieli.<\/li>\n<li><strong>Wielokrotnego u\u017cytku:<\/strong> worki pr\u00f3\u017cniowe s\u0105 wykonane z wysokiej jako\u015bci wytrzyma\u0142ego materia\u0142u, co zapewnia ich d\u0142ug\u0105 \u017cywotno\u015b\u0107.<\/li>\n<\/ul>\n<p><strong>Instrukcja obs\u0142ugi:<\/strong><\/p>\n<ol>\n<li>W\u0142\u00f3\u017c ubrania do worka.<\/li>\n<li>Zamknij worek za pomoc\u0105 specjalnego klipsa.<\/li>\n<li>Odessij powietrze z worka za pomoc\u0105 odkurzacza lub specjalnej akumulatorowej <a href=\"https:\/\/toidupakk.ee\/pl\/toode\/pompka-do-materaca-z-akumulatorem\/\">minipompki<\/a>, kt\u00f3ra s\u0142u\u017cy r\u00f3wnie\u017c do pompowania materacy i posiada lampk\u0119 LED.<\/li>\n<li>Przechowuj worek w bezpiecznym i suchym miejscu.<\/li>\n<\/ol>\n<p><strong>W zestawie:<\/strong><\/p>\n<ul>\n<li>4 x worek pr\u00f3\u017cniowy<\/li>\n<li>Specjalny klips do zamykania work\u00f3w<\/li>\n<\/ul>\n<p>Zobacz wi\u0119cej akcesori\u00f3w turystycznych <a href=\"https:\/\/toidupakk.ee\/pl\/tootekategooria\/sprzet-turystyczny\/#section-3-79\">TUTAJ<\/a><\/p>\n<p>Znajd\u017a inspiracj\u0119 na kolejne przygody na <a href=\"https:\/\/www.instagram.com\/toidupakk\/\">Instagramie<\/a> i <a href=\"https:\/\/www.facebook.com\/Toidupakk\/\">Facebooku<\/a> Toidupakk.<\/p>\n","protected":false},"excerpt":{"rendered":"<p>Worki pr\u00f3\u017cniowe pomog\u0105 Ci zyska\u0107 miejsce w szafie oraz ochroni\u0105 Twoje ubrania przed wilgoci\u0105, nieprzyjemnym zapachem, ple\u015bni\u0105 i owadami. Idealne do u\u017cytku z <strong><a href=\"https:\/\/toidupakk.ee\/pl\/toode\/pompka-do-materaca-z-akumulatorem\/\">akumulatorow\u0105 pompk\u0105 do materacy<\/a>.<\/strong> Mo\u017cna ich u\u017cywa\u0107 r\u00f3wnie\u017c ze zwyk\u0142ym odkurzaczem. <\/p>\n<p><strong>UWAGA! W zestawie 4 worki pr\u00f3\u017cniowe<\/strong><\/p>\n<ul>\n<li><strong>Wi\u0119cej miejsca w szafach<\/strong> \u2013 ubrania i po\u015bciel umieszczone w workach pr\u00f3\u017cniowych <strong>zajmuj\u0105 o 80% mniej miejsca.<\/strong><\/li>\n<li>Odzie\u017c sezonowa, koce, poduszki, po\u015bciel.<\/li>\n<li><strong>Szczelne i mocne<\/strong> worki foliowe.<\/li>\n<li><strong>U\u017cywaj wielokrotnie<\/strong>, raz za razem.<\/li>\n<li>Chroni\u0105 ubrania przed wilgoci\u0105, nieprzyjemnym zapachem, ple\u015bni\u0105 i owadami.<\/li>\n<li>Idealny spos\u00f3b na <strong>przechowywanie niepotrzebnych ubra\u0144<\/strong> w gara\u017cu, piwnicy, magazynie, na strychu, w walizce lub na dnie szafy.<\/li>\n<\/ul>\n<p>\u2705 Dost\u0119pne w magazynie, szybka dostawa w 1\u20133 dni robocze<\/p>\n","protected":false},"featured_media":52220,"comment_status":"open","ping_status":"closed","template":"","meta":{"_acf_changed":false},"product_brand":[],"product_cat":[303,311,301],"product_tag":[],"class_list":{"0":"post-52214","1":"product","2":"type-product","3":"status-publish","4":"has-post-thumbnail","6":"product_cat-akcesoria-turystyczne","7":"product_cat-praktyczne-pomysly-na-prezent","8":"product_cat-sprzet-turystyczny","10":"first","11":"onbackorder","12":"sale","13":"taxable","14":"shipping-taxable","15":"purchasable","16":"product-type-variable","17":"has-default-attributes"},"bundled_by":[],"bundle_stock_status":"onbackorder","bundle_stock_quantity":null,"bundle_virtual":false,"bundle_layout":"","bundle_add_to_cart_form_location":"","bundle_editable_in_cart":false,"bundle_sold_individually_context":"","bundle_item_grouping":"","bundle_min_size":"","bundle_max_size":"","bundle_price":[],"bundled_items":[],"bundle_sell_ids":[],"acf":[],"yoast_head":"<!-- This site is optimized with the Yoast SEO plugin v27.3 - https:\/\/yoast.com\/product\/yoast-seo-wordpress\/ -->\n<title>Worki pr\u00f3\u017cniowe na ubrania FLEXTAIL\u00ae w 3 rozmiarach<\/title>\n<meta name=\"description\" content=\"Worki pr\u00f3\u017cniowe pomog\u0105 Ci zyska\u0107 miejsce w szafie oraz ochroni\u0105 Twoje ubrania przed wilgoci\u0105, nieprzyjemnym zapachem, ple\u015bni\u0105 i owadami.\" \/>\n<meta name=\"robots\" content=\"index, follow, max-snippet:-1, max-image-preview:large, max-video-preview:-1\" \/>\n<link rel=\"canonical\" href=\"https:\/\/toidupakk.ee\/pl\/toode\/worki-prozniowe-na-ubrania\/\" \/>\n<meta property=\"og:locale\" content=\"pl_PL\" \/>\n<meta property=\"og:type\" content=\"article\" \/>\n<meta property=\"og:title\" content=\"Worki pr\u00f3\u017cniowe na ubrania FLEXTAIL\u00ae w 3 rozmiarach\" \/>\n<meta property=\"og:description\" content=\"Worki pr\u00f3\u017cniowe pomog\u0105 Ci zyska\u0107 miejsce w szafie oraz ochroni\u0105 Twoje ubrania przed wilgoci\u0105, nieprzyjemnym zapachem, ple\u015bni\u0105 i owadami.\" \/>\n<meta property=\"og:url\" content=\"https:\/\/toidupakk.ee\/pl\/toode\/worki-prozniowe-na-ubrania\/\" \/>\n<meta property=\"og:site_name\" content=\"Toidupakk.ee - Tactical Foodpack toidupakid\" \/>\n<meta property=\"article:publisher\" content=\"https:\/\/www.facebook.com\/Toidupakk\" \/>\n<meta property=\"article:modified_time\" content=\"2026-04-20T11:32:09+00:00\" \/>\n<meta property=\"og:image\" content=\"https:\/\/toidupakk.ee\/wp-content\/uploads\/2023\/07\/Vaakumkotid-riietele-1.png\" \/>\n\t<meta property=\"og:image:width\" content=\"1080\" \/>\n\t<meta property=\"og:image:height\" content=\"1080\" \/>\n\t<meta property=\"og:image:type\" content=\"image\/png\" \/>\n<meta name=\"twitter:card\" content=\"summary_large_image\" \/>\n<meta name=\"twitter:label1\" content=\"Szacowany czas czytania\" \/>\n\t<meta name=\"twitter:data1\" content=\"2 minuty\" \/>\n<script type=\"application\/ld+json\" class=\"yoast-schema-graph\">{\"@context\":\"https:\\\/\\\/schema.org\",\"@graph\":[{\"@type\":\"WebPage\",\"@id\":\"https:\\\/\\\/toidupakk.ee\\\/pl\\\/toode\\\/worki-prozniowe-na-ubrania\\\/\",\"url\":\"https:\\\/\\\/toidupakk.ee\\\/pl\\\/toode\\\/worki-prozniowe-na-ubrania\\\/\",\"name\":\"Worki pr\u00f3\u017cniowe na ubrania FLEXTAIL\u00ae w 3 rozmiarach\",\"isPartOf\":{\"@id\":\"https:\\\/\\\/toidupakk.ee\\\/pl\\\/#website\"},\"primaryImageOfPage\":{\"@id\":\"https:\\\/\\\/toidupakk.ee\\\/pl\\\/toode\\\/worki-prozniowe-na-ubrania\\\/#primaryimage\"},\"image\":{\"@id\":\"https:\\\/\\\/toidupakk.ee\\\/pl\\\/toode\\\/worki-prozniowe-na-ubrania\\\/#primaryimage\"},\"thumbnailUrl\":\"https:\\\/\\\/toidupakk.ee\\\/wp-content\\\/uploads\\\/2023\\\/07\\\/Vaakumkotid-riietele-1.png\",\"datePublished\":\"2023-07-06T13:36:35+00:00\",\"dateModified\":\"2026-04-20T11:32:09+00:00\",\"description\":\"Worki pr\u00f3\u017cniowe pomog\u0105 Ci zyska\u0107 miejsce w szafie oraz ochroni\u0105 Twoje ubrania przed wilgoci\u0105, nieprzyjemnym zapachem, ple\u015bni\u0105 i owadami.\",\"breadcrumb\":{\"@id\":\"https:\\\/\\\/toidupakk.ee\\\/pl\\\/toode\\\/worki-prozniowe-na-ubrania\\\/#breadcrumb\"},\"inLanguage\":\"pl-PL\",\"potentialAction\":[{\"@type\":\"ReadAction\",\"target\":[\"https:\\\/\\\/toidupakk.ee\\\/pl\\\/toode\\\/worki-prozniowe-na-ubrania\\\/\"]}]},{\"@type\":\"ImageObject\",\"inLanguage\":\"pl-PL\",\"@id\":\"https:\\\/\\\/toidupakk.ee\\\/pl\\\/toode\\\/worki-prozniowe-na-ubrania\\\/#primaryimage\",\"url\":\"https:\\\/\\\/toidupakk.ee\\\/wp-content\\\/uploads\\\/2023\\\/07\\\/Vaakumkotid-riietele-1.png\",\"contentUrl\":\"https:\\\/\\\/toidupakk.ee\\\/wp-content\\\/uploads\\\/2023\\\/07\\\/Vaakumkotid-riietele-1.png\",\"width\":1080,\"height\":1080,\"caption\":\"Worki pr\u00f3\u017cniowe na ubrania\"},{\"@type\":\"BreadcrumbList\",\"@id\":\"https:\\\/\\\/toidupakk.ee\\\/pl\\\/toode\\\/worki-prozniowe-na-ubrania\\\/#breadcrumb\",\"itemListElement\":[{\"@type\":\"ListItem\",\"position\":1,\"name\":\"Avaleht\",\"item\":\"https:\\\/\\\/toidupakk.ee\\\/pl\\\/\"},{\"@type\":\"ListItem\",\"position\":2,\"name\":\"Sklep internetowy\",\"item\":\"https:\\\/\\\/toidupakk.ee\\\/pl\\\/sklep-internetowy\\\/\"},{\"@type\":\"ListItem\",\"position\":3,\"name\":\"Worki pr\u00f3\u017cniowe na ubrania\"}]},{\"@type\":\"WebSite\",\"@id\":\"https:\\\/\\\/toidupakk.ee\\\/pl\\\/#website\",\"url\":\"https:\\\/\\\/toidupakk.ee\\\/pl\\\/\",\"name\":\"Toidupakk.ee - Tactical Foodpack toidupakid\",\"description\":\"Tactical Foodpack k\u00fclmkuivatatud toidupakid ja matkaeined\",\"publisher\":{\"@id\":\"https:\\\/\\\/toidupakk.ee\\\/pl\\\/#organization\"},\"potentialAction\":[{\"@type\":\"SearchAction\",\"target\":{\"@type\":\"EntryPoint\",\"urlTemplate\":\"https:\\\/\\\/toidupakk.ee\\\/pl\\\/?s={search_term_string}\"},\"query-input\":{\"@type\":\"PropertyValueSpecification\",\"valueRequired\":true,\"valueName\":\"search_term_string\"}}],\"inLanguage\":\"pl-PL\"},{\"@type\":\"Organization\",\"@id\":\"https:\\\/\\\/toidupakk.ee\\\/pl\\\/#organization\",\"name\":\"Tactical Foodpack matkaeined\",\"url\":\"https:\\\/\\\/toidupakk.ee\\\/pl\\\/\",\"logo\":{\"@type\":\"ImageObject\",\"inLanguage\":\"pl-PL\",\"@id\":\"https:\\\/\\\/toidupakk.ee\\\/pl\\\/#\\\/schema\\\/logo\\\/image\\\/\",\"url\":\"https:\\\/\\\/toidupakk.ee\\\/wp-content\\\/uploads\\\/2022\\\/01\\\/Toidupakk-matkapood-logo-transparent.png\",\"contentUrl\":\"https:\\\/\\\/toidupakk.ee\\\/wp-content\\\/uploads\\\/2022\\\/01\\\/Toidupakk-matkapood-logo-transparent.png\",\"width\":500,\"height\":500,\"caption\":\"Tactical Foodpack matkaeined\"},\"image\":{\"@id\":\"https:\\\/\\\/toidupakk.ee\\\/pl\\\/#\\\/schema\\\/logo\\\/image\\\/\"},\"sameAs\":[\"https:\\\/\\\/www.facebook.com\\\/Toidupakk\",\"https:\\\/\\\/www.instagram.com\\\/toidupakk\\\/\"]}]}<\/script>\n<!-- \/ Yoast SEO plugin. -->","yoast_head_json":{"title":"Worki pr\u00f3\u017cniowe na ubrania FLEXTAIL\u00ae w 3 rozmiarach","description":"Worki pr\u00f3\u017cniowe pomog\u0105 Ci zyska\u0107 miejsce w szafie oraz ochroni\u0105 Twoje ubrania przed wilgoci\u0105, nieprzyjemnym zapachem, ple\u015bni\u0105 i owadami.","robots":{"index":"index","follow":"follow","max-snippet":"max-snippet:-1","max-image-preview":"max-image-preview:large","max-video-preview":"max-video-preview:-1"},"canonical":"https:\/\/toidupakk.ee\/pl\/toode\/worki-prozniowe-na-ubrania\/","og_locale":"pl_PL","og_type":"article","og_title":"Worki pr\u00f3\u017cniowe na ubrania FLEXTAIL\u00ae w 3 rozmiarach","og_description":"Worki pr\u00f3\u017cniowe pomog\u0105 Ci zyska\u0107 miejsce w szafie oraz ochroni\u0105 Twoje ubrania przed wilgoci\u0105, nieprzyjemnym zapachem, ple\u015bni\u0105 i owadami.","og_url":"https:\/\/toidupakk.ee\/pl\/toode\/worki-prozniowe-na-ubrania\/","og_site_name":"Toidupakk.ee - Tactical Foodpack toidupakid","article_publisher":"https:\/\/www.facebook.com\/Toidupakk","article_modified_time":"2026-04-20T11:32:09+00:00","og_image":[{"width":1080,"height":1080,"url":"https:\/\/toidupakk.ee\/wp-content\/uploads\/2023\/07\/Vaakumkotid-riietele-1.png","type":"image\/png"}],"twitter_card":"summary_large_image","twitter_misc":{"Szacowany czas czytania":"2 minuty"},"schema":{"@context":"https:\/\/schema.org","@graph":[{"@type":"WebPage","@id":"https:\/\/toidupakk.ee\/pl\/toode\/worki-prozniowe-na-ubrania\/","url":"https:\/\/toidupakk.ee\/pl\/toode\/worki-prozniowe-na-ubrania\/","name":"Worki pr\u00f3\u017cniowe na ubrania FLEXTAIL\u00ae w 3 rozmiarach","isPartOf":{"@id":"https:\/\/toidupakk.ee\/pl\/#website"},"primaryImageOfPage":{"@id":"https:\/\/toidupakk.ee\/pl\/toode\/worki-prozniowe-na-ubrania\/#primaryimage"},"image":{"@id":"https:\/\/toidupakk.ee\/pl\/toode\/worki-prozniowe-na-ubrania\/#primaryimage"},"thumbnailUrl":"https:\/\/toidupakk.ee\/wp-content\/uploads\/2023\/07\/Vaakumkotid-riietele-1.png","datePublished":"2023-07-06T13:36:35+00:00","dateModified":"2026-04-20T11:32:09+00:00","description":"Worki pr\u00f3\u017cniowe pomog\u0105 Ci zyska\u0107 miejsce w szafie oraz ochroni\u0105 Twoje ubrania przed wilgoci\u0105, nieprzyjemnym zapachem, ple\u015bni\u0105 i owadami.","breadcrumb":{"@id":"https:\/\/toidupakk.ee\/pl\/toode\/worki-prozniowe-na-ubrania\/#breadcrumb"},"inLanguage":"pl-PL","potentialAction":[{"@type":"ReadAction","target":["https:\/\/toidupakk.ee\/pl\/toode\/worki-prozniowe-na-ubrania\/"]}]},{"@type":"ImageObject","inLanguage":"pl-PL","@id":"https:\/\/toidupakk.ee\/pl\/toode\/worki-prozniowe-na-ubrania\/#primaryimage","url":"https:\/\/toidupakk.ee\/wp-content\/uploads\/2023\/07\/Vaakumkotid-riietele-1.png","contentUrl":"https:\/\/toidupakk.ee\/wp-content\/uploads\/2023\/07\/Vaakumkotid-riietele-1.png","width":1080,"height":1080,"caption":"Worki pr\u00f3\u017cniowe na ubrania"},{"@type":"BreadcrumbList","@id":"https:\/\/toidupakk.ee\/pl\/toode\/worki-prozniowe-na-ubrania\/#breadcrumb","itemListElement":[{"@type":"ListItem","position":1,"name":"Avaleht","item":"https:\/\/toidupakk.ee\/pl\/"},{"@type":"ListItem","position":2,"name":"Sklep internetowy","item":"https:\/\/toidupakk.ee\/pl\/sklep-internetowy\/"},{"@type":"ListItem","position":3,"name":"Worki pr\u00f3\u017cniowe na ubrania"}]},{"@type":"WebSite","@id":"https:\/\/toidupakk.ee\/pl\/#website","url":"https:\/\/toidupakk.ee\/pl\/","name":"Toidupakk.ee - Tactical Foodpack toidupakid","description":"Tactical Foodpack k\u00fclmkuivatatud toidupakid ja matkaeined","publisher":{"@id":"https:\/\/toidupakk.ee\/pl\/#organization"},"potentialAction":[{"@type":"SearchAction","target":{"@type":"EntryPoint","urlTemplate":"https:\/\/toidupakk.ee\/pl\/?s={search_term_string}"},"query-input":{"@type":"PropertyValueSpecification","valueRequired":true,"valueName":"search_term_string"}}],"inLanguage":"pl-PL"},{"@type":"Organization","@id":"https:\/\/toidupakk.ee\/pl\/#organization","name":"Tactical Foodpack matkaeined","url":"https:\/\/toidupakk.ee\/pl\/","logo":{"@type":"ImageObject","inLanguage":"pl-PL","@id":"https:\/\/toidupakk.ee\/pl\/#\/schema\/logo\/image\/","url":"https:\/\/toidupakk.ee\/wp-content\/uploads\/2022\/01\/Toidupakk-matkapood-logo-transparent.png","contentUrl":"https:\/\/toidupakk.ee\/wp-content\/uploads\/2022\/01\/Toidupakk-matkapood-logo-transparent.png","width":500,"height":500,"caption":"Tactical Foodpack matkaeined"},"image":{"@id":"https:\/\/toidupakk.ee\/pl\/#\/schema\/logo\/image\/"},"sameAs":["https:\/\/www.facebook.com\/Toidupakk","https:\/\/www.instagram.com\/toidupakk\/"]}]}},"jetpack_sharing_enabled":true,"_links":{"self":[{"href":"https:\/\/toidupakk.ee\/pl\/wp-json\/wp\/v2\/product\/52214","targetHints":{"allow":["GET"]}}],"collection":[{"href":"https:\/\/toidupakk.ee\/pl\/wp-json\/wp\/v2\/product"}],"about":[{"href":"https:\/\/toidupakk.ee\/pl\/wp-json\/wp\/v2\/types\/product"}],"replies":[{"embeddable":true,"href":"https:\/\/toidupakk.ee\/pl\/wp-json\/wp\/v2\/comments?post=52214"}],"wp:featuredmedia":[{"embeddable":true,"href":"https:\/\/toidupakk.ee\/pl\/wp-json\/wp\/v2\/media\/52220"}],"wp:attachment":[{"href":"https:\/\/toidupakk.ee\/pl\/wp-json\/wp\/v2\/media?parent=52214"}],"wp:term":[{"taxonomy":"product_brand","embeddable":true,"href":"https:\/\/toidupakk.ee\/pl\/wp-json\/wp\/v2\/product_brand?post=52214"},{"taxonomy":"product_cat","embeddable":true,"href":"https:\/\/toidupakk.ee\/pl\/wp-json\/wp\/v2\/product_cat?post=52214"},{"taxonomy":"product_tag","embeddable":true,"href":"https:\/\/toidupakk.ee\/pl\/wp-json\/wp\/v2\/product_tag?post=52214"}],"curies":[{"name":"wp","href":"https:\/\/api.w.org\/{rel}","templated":true}]}}