{"id":52188,"date":"2023-07-18T13:22:37","date_gmt":"2023-07-18T10:22:37","guid":{"rendered":"https:\/\/toidupakk.ee\/toode\/namiot-apex-1\/"},"modified":"2026-04-29T15:32:05","modified_gmt":"2026-04-29T12:32:05","slug":"namiot-apex-1","status":"publish","type":"product","link":"https:\/\/toidupakk.ee\/pl\/toode\/namiot-apex-1\/","title":{"rendered":"Namiot Apex 1"},"content":{"rendered":"<h1>Namiot Apex 1<\/h1>\n<p>Namiot APEX 1 to najnowszy dodatek do linii namiot\u00f3w GRAND CANYON. Geodezyjna konstrukcja kopu\u0142owa i aerodynamiczny kszta\u0142t czyni\u0105 z niego wytrzyma\u0142ego i niezawodnego towarzysza w\u0119dr\u00f3wek. Na kamienistym lub piaszczystym pod\u0142o\u017cu mo\u017cna go rozstawi\u0107 bez u\u017cycia \u015bledzi. Namiot oferuje wystarczaj\u0105co du\u017co miejsca dla jednej lub dw\u00f3ch os\u00f3b oraz sprz\u0119tu. Boczny przedsionek jest przeznaczony na mokr\u0105 odzie\u017c i brudne buty.    <\/p>\n<p><img fetchpriority=\"high\" decoding=\"async\" class=\"alignnone size-full wp-image-11442\" src=\"https:\/\/toidupakk.ee\/wp-content\/uploads\/2023\/07\/apex-1-2.png\" alt=\"\" width=\"250\" height=\"250\" srcset=\"https:\/\/toidupakk.ee\/wp-content\/uploads\/2023\/07\/apex-1-2.png 250w, https:\/\/toidupakk.ee\/wp-content\/uploads\/2023\/07\/apex-1-2-100x100.png 100w\" sizes=\"(max-width: 250px) 100vw, 250px\" \/><\/p>\n<h2>Namiot Apex 1 \u2013 jakich materia\u0142\u00f3w u\u017cyto?<\/h2>\n<p>Materia\u0142y poszycia i konstrukcji s\u0105 lekkie. Zastosowano cienkie, ale wytrzyma\u0142e \u201einteligentne\u201d materia\u0142y. Dzi\u0119ki temu waga namiotu jest minimalna, co pozwala na wygodne przenoszenie go podczas pieszych w\u0119dr\u00f3wek. Tropik oraz pod\u0142oga s\u0105 pokryte poliuretanem, co zapewnia \u015bwietn\u0105 wodoodporno\u015b\u0107. Szwy s\u0105 podklejane. Dzi\u0119ki temu zachowasz ciep\u0142o i sucho\u015b\u0107 nawet podczas deszczu.      <\/p>\n<p><img decoding=\"async\" class=\"alignnone size-medium wp-image-11348\" src=\"https:\/\/toidupakk.ee\/wp-content\/uploads\/2023\/07\/grandcanyon-logo-300x189.png\" alt=\"\" width=\"300\" height=\"189\" srcset=\"https:\/\/toidupakk.ee\/wp-content\/uploads\/2023\/07\/grandcanyon-logo-300x189.png 300w, https:\/\/toidupakk.ee\/wp-content\/uploads\/2023\/07\/grandcanyon-logo.png 340w\" sizes=\"(max-width: 300px) 100vw, 300px\" \/><\/p>\n<p>&nbsp;<\/p>\n<h2>Dodatkowe elementy namiotu<\/h2>\n<p>Pod tropikiem znajduje si\u0119 przestrze\u0144, kt\u00f3ra pozwala przechowywa\u0107 sprz\u0119t blisko siebie i chroni\u0107 go przed pogod\u0105. Jest przeznaczona na wilgotne ubrania, buty i plecak. Dzi\u0119ki temu sypialnia pozostaje sucha. Pa\u0142\u0105k od strony g\u0142owy jest wi\u0119kszy i wy\u017cszy, co zapewnia wi\u0119cej miejsca i swobod\u0119 ruch\u00f3w wewn\u0105trz.   <\/p>\n<p>UWAGA! Dodatkowo odci\u0105gi maj\u0105 odblaskowy design, co znacznie poprawia ich widoczno\u015b\u0107 w ciemno\u015bci. Koniec z potykaniem si\u0119 o linki po zmroku. Dzi\u0119ki temu \u0142atwiej te\u017c odnajdziesz sw\u00f3j namiot w nocy.  <\/p>\n<p>Sprawd\u017a inne akcesoria turystyczne <a href=\"https:\/\/toidupakk.ee\/pl\/tootekategooria\/sprzet-turystyczny\/#section-3-79\">TUTAJ<\/a><\/p>\n<p>Interesuj\u0105 Ci\u0119 posi\u0142ki turystyczne? Zobacz <a href=\"\/?product_cat=snakk#section-3-79\">TUTAJ<\/a><\/p>\n<p>Znajd\u017a inspiracj\u0119 na kolejne przygody na <a href=\"https:\/\/www.instagram.com\/toidupakk\/\">Instagramie<\/a> i <a href=\"https:\/\/www.facebook.com\/Toidupakk\/\">Facebooku<\/a> Toidupakk.<\/p>\n","protected":false},"excerpt":{"rendered":"<p>Namiot APEX 1 to najnowszy model marki GRAND CANYON\u00ae, zaprojektowany dla jednej lub dw\u00f3ch os\u00f3b wraz z ekwipunkiem. Aerodynamiczny kszta\u0142t sprawia, \u017ce jest niezwykle stabilny i wytrzyma\u0142y na wietrze. Na piasku lub kamienistym pod\u0142o\u017cu mo\u017cna go u\u017cywa\u0107 bez \u015bledzi. Wewn\u0105trz jest wystarczaj\u0105co du\u017co miejsca do spania dla 1-2 os\u00f3b i na baga\u017c. Z boku znajduje si\u0119 dodatkowe miejsce na mokr\u0105 odzie\u017c i buty. Oddychaj\u0105ca sypialnia z siatki chroni przed komarami i innymi uci\u0105\u017cliwymi owadami. Mo\u017cna j\u0105 rozstawi\u0107 niezale\u017cnie od tropiku.      <\/p>\n<ul>\n<li><strong>Liczba miejsc:<\/strong> od 1 do 2 os\u00f3b<\/li>\n<li><strong>Marka:<\/strong> GRAND CANYON\u00ae<\/li>\n<li><strong>Materia\u0142 tropiku:<\/strong> 100% poliester 68D (190T) \u2013 <em>wodoodporny, wiatroszczelny, oddychaj\u0105cy<\/em><\/li>\n<li><strong>Materia\u0142 sypialni:<\/strong> wytrzyma\u0142a siatka <em>(chroni przed komarami i innymi owadami)<\/em><\/li>\n<li><strong>Materia\u0142 pod\u0142ogi:<\/strong> polietylen powlekany poliuretanem<\/li>\n<li><strong>Pa\u0142\u0105ki:<\/strong> w\u0142\u00f3kno szklane<\/li>\n<li><strong>\u015aledzie:<\/strong> stal<\/li>\n<li><strong>Waga:<\/strong> 2350 gram\u00f3w<\/li>\n<li><strong>Wymiary:<\/strong> 15 x 58 cm (po spakowaniu)<\/li>\n<li><strong>Wymiary po rozstawieniu:<\/strong> 235 x 165 x 80 cm<\/li>\n<li><strong>Wodoodporno\u015b\u0107:<\/strong> 3000 mm<\/li>\n<li><strong>Kolor:<\/strong> Blue Grass (niebieski) lub Capulet Olive (zielony)<\/li>\n<li><strong>W zestawie:<\/strong> linki, \u015bledzie, pokrowiec, sypialnia, tropik i odblaski<\/li>\n<li><strong>Sezonowo\u015b\u0107:<\/strong> wiosna, lato, jesie\u0144<\/li>\n<\/ul>\n<p>\u2705 Dost\u0119pne w magazynie, szybka dostawa w 1-3 dni robocze<br \/>\n\u2705 BEZP\u0141ATNY zwrot i wymiana<br \/>\n\u2705 Kup teraz, zap\u0142a\u0107 p\u00f3\u017aniej (RRSO 0%)<\/p>\n","protected":false},"featured_media":52208,"comment_status":"open","ping_status":"closed","template":"","meta":{"_acf_changed":false},"product_brand":[],"product_cat":[303,312,314,301],"product_tag":[],"class_list":{"0":"post-52188","1":"product","2":"type-product","3":"status-publish","4":"has-post-thumbnail","6":"product_cat-akcesoria-turystyczne","7":"product_cat-namioty","8":"product_cat-nocowanie-w-naturze","9":"product_cat-sprzet-turystyczny","11":"first","12":"instock","13":"taxable","14":"shipping-taxable","15":"purchasable","16":"product-type-variable","17":"has-default-attributes"},"bundled_by":[],"bundle_stock_status":"instock","bundle_stock_quantity":1,"bundle_virtual":false,"bundle_layout":"","bundle_add_to_cart_form_location":"","bundle_editable_in_cart":false,"bundle_sold_individually_context":"","bundle_item_grouping":"","bundle_min_size":"","bundle_max_size":"","bundle_price":[],"bundled_items":[],"bundle_sell_ids":[],"acf":[],"yoast_head":"<!-- This site is optimized with the Yoast SEO plugin v27.3 - https:\/\/yoast.com\/product\/yoast-seo-wordpress\/ -->\n<title>Namiot Apex 1<\/title>\n<meta name=\"description\" content=\"Namiot APEX 1 to najnowszy model marki GRAND CANYON\u00ae, przeznaczony dla 1-2 os\u00f3b wraz z ekwipunkiem. Aerodynamiczny kszta\u0142t sprawia, \u017ce jest niezwykle stabilny na wietrze.\" \/>\n<meta name=\"robots\" content=\"index, follow, max-snippet:-1, max-image-preview:large, max-video-preview:-1\" \/>\n<link rel=\"canonical\" href=\"https:\/\/toidupakk.ee\/pl\/toode\/namiot-apex-1\/\" \/>\n<meta property=\"og:locale\" content=\"pl_PL\" \/>\n<meta property=\"og:type\" content=\"article\" \/>\n<meta property=\"og:title\" content=\"Namiot Apex 1\" \/>\n<meta property=\"og:description\" content=\"Namiot APEX 1 to najnowszy model marki GRAND CANYON\u00ae, przeznaczony dla 1-2 os\u00f3b wraz z ekwipunkiem. Aerodynamiczny kszta\u0142t sprawia, \u017ce jest niezwykle stabilny na wietrze.\" \/>\n<meta property=\"og:url\" content=\"https:\/\/toidupakk.ee\/pl\/toode\/namiot-apex-1\/\" \/>\n<meta property=\"og:site_name\" content=\"Toidupakk.ee - Tactical Foodpack toidupakid\" \/>\n<meta property=\"article:publisher\" content=\"https:\/\/www.facebook.com\/Toidupakk\" \/>\n<meta property=\"article:modified_time\" content=\"2026-04-29T12:32:05+00:00\" \/>\n<meta property=\"og:image\" content=\"https:\/\/toidupakk.ee\/wp-content\/uploads\/2023\/07\/Telk-Apex-1-.png\" \/>\n\t<meta property=\"og:image:width\" content=\"1080\" \/>\n\t<meta property=\"og:image:height\" content=\"1080\" \/>\n\t<meta property=\"og:image:type\" content=\"image\/png\" \/>\n<meta name=\"twitter:card\" content=\"summary_large_image\" \/>\n<meta name=\"twitter:label1\" content=\"Szacowany czas czytania\" \/>\n\t<meta name=\"twitter:data1\" content=\"1 minuta\" \/>\n<script type=\"application\/ld+json\" class=\"yoast-schema-graph\">{\"@context\":\"https:\\\/\\\/schema.org\",\"@graph\":[{\"@type\":\"WebPage\",\"@id\":\"https:\\\/\\\/toidupakk.ee\\\/pl\\\/toode\\\/namiot-apex-1\\\/\",\"url\":\"https:\\\/\\\/toidupakk.ee\\\/pl\\\/toode\\\/namiot-apex-1\\\/\",\"name\":\"Namiot Apex 1\",\"isPartOf\":{\"@id\":\"https:\\\/\\\/toidupakk.ee\\\/pl\\\/#website\"},\"primaryImageOfPage\":{\"@id\":\"https:\\\/\\\/toidupakk.ee\\\/pl\\\/toode\\\/namiot-apex-1\\\/#primaryimage\"},\"image\":{\"@id\":\"https:\\\/\\\/toidupakk.ee\\\/pl\\\/toode\\\/namiot-apex-1\\\/#primaryimage\"},\"thumbnailUrl\":\"https:\\\/\\\/toidupakk.ee\\\/wp-content\\\/uploads\\\/2023\\\/07\\\/Telk-Apex-1-.png\",\"datePublished\":\"2023-07-18T10:22:37+00:00\",\"dateModified\":\"2026-04-29T12:32:05+00:00\",\"description\":\"Namiot APEX 1 to najnowszy model marki GRAND CANYON\u00ae, przeznaczony dla 1-2 os\u00f3b wraz z ekwipunkiem. Aerodynamiczny kszta\u0142t sprawia, \u017ce jest niezwykle stabilny na wietrze.\",\"breadcrumb\":{\"@id\":\"https:\\\/\\\/toidupakk.ee\\\/pl\\\/toode\\\/namiot-apex-1\\\/#breadcrumb\"},\"inLanguage\":\"pl-PL\",\"potentialAction\":[{\"@type\":\"ReadAction\",\"target\":[\"https:\\\/\\\/toidupakk.ee\\\/pl\\\/toode\\\/namiot-apex-1\\\/\"]}]},{\"@type\":\"ImageObject\",\"inLanguage\":\"pl-PL\",\"@id\":\"https:\\\/\\\/toidupakk.ee\\\/pl\\\/toode\\\/namiot-apex-1\\\/#primaryimage\",\"url\":\"https:\\\/\\\/toidupakk.ee\\\/wp-content\\\/uploads\\\/2023\\\/07\\\/Telk-Apex-1-.png\",\"contentUrl\":\"https:\\\/\\\/toidupakk.ee\\\/wp-content\\\/uploads\\\/2023\\\/07\\\/Telk-Apex-1-.png\",\"width\":1080,\"height\":1080,\"caption\":\"Namiot Apex 1\"},{\"@type\":\"BreadcrumbList\",\"@id\":\"https:\\\/\\\/toidupakk.ee\\\/pl\\\/toode\\\/namiot-apex-1\\\/#breadcrumb\",\"itemListElement\":[{\"@type\":\"ListItem\",\"position\":1,\"name\":\"Avaleht\",\"item\":\"https:\\\/\\\/toidupakk.ee\\\/pl\\\/\"},{\"@type\":\"ListItem\",\"position\":2,\"name\":\"Sklep internetowy\",\"item\":\"https:\\\/\\\/toidupakk.ee\\\/pl\\\/sklep-internetowy\\\/\"},{\"@type\":\"ListItem\",\"position\":3,\"name\":\"Namiot Apex 1\"}]},{\"@type\":\"WebSite\",\"@id\":\"https:\\\/\\\/toidupakk.ee\\\/pl\\\/#website\",\"url\":\"https:\\\/\\\/toidupakk.ee\\\/pl\\\/\",\"name\":\"Toidupakk.ee - Tactical Foodpack toidupakid\",\"description\":\"Tactical Foodpack k\u00fclmkuivatatud toidupakid ja matkaeined\",\"publisher\":{\"@id\":\"https:\\\/\\\/toidupakk.ee\\\/pl\\\/#organization\"},\"potentialAction\":[{\"@type\":\"SearchAction\",\"target\":{\"@type\":\"EntryPoint\",\"urlTemplate\":\"https:\\\/\\\/toidupakk.ee\\\/pl\\\/?s={search_term_string}\"},\"query-input\":{\"@type\":\"PropertyValueSpecification\",\"valueRequired\":true,\"valueName\":\"search_term_string\"}}],\"inLanguage\":\"pl-PL\"},{\"@type\":\"Organization\",\"@id\":\"https:\\\/\\\/toidupakk.ee\\\/pl\\\/#organization\",\"name\":\"Tactical Foodpack matkaeined\",\"url\":\"https:\\\/\\\/toidupakk.ee\\\/pl\\\/\",\"logo\":{\"@type\":\"ImageObject\",\"inLanguage\":\"pl-PL\",\"@id\":\"https:\\\/\\\/toidupakk.ee\\\/pl\\\/#\\\/schema\\\/logo\\\/image\\\/\",\"url\":\"https:\\\/\\\/toidupakk.ee\\\/wp-content\\\/uploads\\\/2022\\\/01\\\/Toidupakk-matkapood-logo-transparent.png\",\"contentUrl\":\"https:\\\/\\\/toidupakk.ee\\\/wp-content\\\/uploads\\\/2022\\\/01\\\/Toidupakk-matkapood-logo-transparent.png\",\"width\":500,\"height\":500,\"caption\":\"Tactical Foodpack matkaeined\"},\"image\":{\"@id\":\"https:\\\/\\\/toidupakk.ee\\\/pl\\\/#\\\/schema\\\/logo\\\/image\\\/\"},\"sameAs\":[\"https:\\\/\\\/www.facebook.com\\\/Toidupakk\",\"https:\\\/\\\/www.instagram.com\\\/toidupakk\\\/\"]}]}<\/script>\n<!-- \/ Yoast SEO plugin. -->","yoast_head_json":{"title":"Namiot Apex 1","description":"Namiot APEX 1 to najnowszy model marki GRAND CANYON\u00ae, przeznaczony dla 1-2 os\u00f3b wraz z ekwipunkiem. Aerodynamiczny kszta\u0142t sprawia, \u017ce jest niezwykle stabilny na wietrze.","robots":{"index":"index","follow":"follow","max-snippet":"max-snippet:-1","max-image-preview":"max-image-preview:large","max-video-preview":"max-video-preview:-1"},"canonical":"https:\/\/toidupakk.ee\/pl\/toode\/namiot-apex-1\/","og_locale":"pl_PL","og_type":"article","og_title":"Namiot Apex 1","og_description":"Namiot APEX 1 to najnowszy model marki GRAND CANYON\u00ae, przeznaczony dla 1-2 os\u00f3b wraz z ekwipunkiem. Aerodynamiczny kszta\u0142t sprawia, \u017ce jest niezwykle stabilny na wietrze.","og_url":"https:\/\/toidupakk.ee\/pl\/toode\/namiot-apex-1\/","og_site_name":"Toidupakk.ee - Tactical Foodpack toidupakid","article_publisher":"https:\/\/www.facebook.com\/Toidupakk","article_modified_time":"2026-04-29T12:32:05+00:00","og_image":[{"width":1080,"height":1080,"url":"https:\/\/toidupakk.ee\/wp-content\/uploads\/2023\/07\/Telk-Apex-1-.png","type":"image\/png"}],"twitter_card":"summary_large_image","twitter_misc":{"Szacowany czas czytania":"1 minuta"},"schema":{"@context":"https:\/\/schema.org","@graph":[{"@type":"WebPage","@id":"https:\/\/toidupakk.ee\/pl\/toode\/namiot-apex-1\/","url":"https:\/\/toidupakk.ee\/pl\/toode\/namiot-apex-1\/","name":"Namiot Apex 1","isPartOf":{"@id":"https:\/\/toidupakk.ee\/pl\/#website"},"primaryImageOfPage":{"@id":"https:\/\/toidupakk.ee\/pl\/toode\/namiot-apex-1\/#primaryimage"},"image":{"@id":"https:\/\/toidupakk.ee\/pl\/toode\/namiot-apex-1\/#primaryimage"},"thumbnailUrl":"https:\/\/toidupakk.ee\/wp-content\/uploads\/2023\/07\/Telk-Apex-1-.png","datePublished":"2023-07-18T10:22:37+00:00","dateModified":"2026-04-29T12:32:05+00:00","description":"Namiot APEX 1 to najnowszy model marki GRAND CANYON\u00ae, przeznaczony dla 1-2 os\u00f3b wraz z ekwipunkiem. Aerodynamiczny kszta\u0142t sprawia, \u017ce jest niezwykle stabilny na wietrze.","breadcrumb":{"@id":"https:\/\/toidupakk.ee\/pl\/toode\/namiot-apex-1\/#breadcrumb"},"inLanguage":"pl-PL","potentialAction":[{"@type":"ReadAction","target":["https:\/\/toidupakk.ee\/pl\/toode\/namiot-apex-1\/"]}]},{"@type":"ImageObject","inLanguage":"pl-PL","@id":"https:\/\/toidupakk.ee\/pl\/toode\/namiot-apex-1\/#primaryimage","url":"https:\/\/toidupakk.ee\/wp-content\/uploads\/2023\/07\/Telk-Apex-1-.png","contentUrl":"https:\/\/toidupakk.ee\/wp-content\/uploads\/2023\/07\/Telk-Apex-1-.png","width":1080,"height":1080,"caption":"Namiot Apex 1"},{"@type":"BreadcrumbList","@id":"https:\/\/toidupakk.ee\/pl\/toode\/namiot-apex-1\/#breadcrumb","itemListElement":[{"@type":"ListItem","position":1,"name":"Avaleht","item":"https:\/\/toidupakk.ee\/pl\/"},{"@type":"ListItem","position":2,"name":"Sklep internetowy","item":"https:\/\/toidupakk.ee\/pl\/sklep-internetowy\/"},{"@type":"ListItem","position":3,"name":"Namiot Apex 1"}]},{"@type":"WebSite","@id":"https:\/\/toidupakk.ee\/pl\/#website","url":"https:\/\/toidupakk.ee\/pl\/","name":"Toidupakk.ee - Tactical Foodpack toidupakid","description":"Tactical Foodpack k\u00fclmkuivatatud toidupakid ja matkaeined","publisher":{"@id":"https:\/\/toidupakk.ee\/pl\/#organization"},"potentialAction":[{"@type":"SearchAction","target":{"@type":"EntryPoint","urlTemplate":"https:\/\/toidupakk.ee\/pl\/?s={search_term_string}"},"query-input":{"@type":"PropertyValueSpecification","valueRequired":true,"valueName":"search_term_string"}}],"inLanguage":"pl-PL"},{"@type":"Organization","@id":"https:\/\/toidupakk.ee\/pl\/#organization","name":"Tactical Foodpack matkaeined","url":"https:\/\/toidupakk.ee\/pl\/","logo":{"@type":"ImageObject","inLanguage":"pl-PL","@id":"https:\/\/toidupakk.ee\/pl\/#\/schema\/logo\/image\/","url":"https:\/\/toidupakk.ee\/wp-content\/uploads\/2022\/01\/Toidupakk-matkapood-logo-transparent.png","contentUrl":"https:\/\/toidupakk.ee\/wp-content\/uploads\/2022\/01\/Toidupakk-matkapood-logo-transparent.png","width":500,"height":500,"caption":"Tactical Foodpack matkaeined"},"image":{"@id":"https:\/\/toidupakk.ee\/pl\/#\/schema\/logo\/image\/"},"sameAs":["https:\/\/www.facebook.com\/Toidupakk","https:\/\/www.instagram.com\/toidupakk\/"]}]}},"jetpack_sharing_enabled":true,"_links":{"self":[{"href":"https:\/\/toidupakk.ee\/pl\/wp-json\/wp\/v2\/product\/52188","targetHints":{"allow":["GET"]}}],"collection":[{"href":"https:\/\/toidupakk.ee\/pl\/wp-json\/wp\/v2\/product"}],"about":[{"href":"https:\/\/toidupakk.ee\/pl\/wp-json\/wp\/v2\/types\/product"}],"replies":[{"embeddable":true,"href":"https:\/\/toidupakk.ee\/pl\/wp-json\/wp\/v2\/comments?post=52188"}],"wp:featuredmedia":[{"embeddable":true,"href":"https:\/\/toidupakk.ee\/pl\/wp-json\/wp\/v2\/media\/52208"}],"wp:attachment":[{"href":"https:\/\/toidupakk.ee\/pl\/wp-json\/wp\/v2\/media?parent=52188"}],"wp:term":[{"taxonomy":"product_brand","embeddable":true,"href":"https:\/\/toidupakk.ee\/pl\/wp-json\/wp\/v2\/product_brand?post=52188"},{"taxonomy":"product_cat","embeddable":true,"href":"https:\/\/toidupakk.ee\/pl\/wp-json\/wp\/v2\/product_cat?post=52188"},{"taxonomy":"product_tag","embeddable":true,"href":"https:\/\/toidupakk.ee\/pl\/wp-json\/wp\/v2\/product_tag?post=52188"}],"curies":[{"name":"wp","href":"https:\/\/api.w.org\/{rel}","templated":true}]}}