{"id":52156,"date":"2023-07-17T16:56:20","date_gmt":"2023-07-17T13:56:20","guid":{"rendered":"https:\/\/toidupakk.ee\/toode\/namiot-cardova-1\/"},"modified":"2026-04-29T15:32:02","modified_gmt":"2026-04-29T12:32:02","slug":"namiot-cardova-1","status":"publish","type":"product","link":"https:\/\/toidupakk.ee\/pl\/toode\/namiot-cardova-1\/","title":{"rendered":"Namiot Cardova 1"},"content":{"rendered":"<h1>Namiot Cardova 1<\/h1>\n<p>Namioty o konstrukcji tunelowej s\u0105 bardzo odporne na wiatr. Nawet w burzowy dzie\u0144 nie musisz si\u0119 martwi\u0107, czy namiot utrzyma si\u0119 na ziemi. Prawid\u0142owo przymocowany \u015bledziami namiot nie odleci nawet przy silnym wietrze. Cardova 1 sk\u0142ada si\u0119 z sypialni i tropiku. Oba elementy mo\u017cna rozstawi\u0107 oddzielnie. W ciep\u0142ym klimacie, podczas upalnych nocy, mo\u017cesz u\u017cywa\u0107 tylko cz\u0119\u015bci wewn\u0119trznej. Dzi\u0119ki temu zyskasz lepszy przep\u0142yw powietrza i ch\u0142odzenie, a siatka zatrzyma owady z dala od Ciebie. Dodatkowym atutem jest mo\u017cliwo\u015b\u0107 zasypiania z widokiem na rozgwie\u017cd\u017cone niebo.       <\/p>\n<h2>Namiot Cardova 1 \u2013 jakie materia\u0142y zosta\u0142y u\u017cyte?<\/h2>\n<p>Materia\u0142y poszycia i konstrukcji s\u0105 lekkie. Zastosowano cienkie, ale wytrzyma\u0142e \u201einteligentne\u201d tkaniny. Dzi\u0119ki temu waga namiotu jest minimalna, co pozwala w\u0119drowcom na wygodne przenoszenie go. Tropik i pod\u0142oga s\u0105 powlekane poliuretanem, co zapewnia dobr\u0105 wodoodporno\u015b\u0107. Szwy s\u0105 podklejane. Dzi\u0119ki temu pozostaniesz w suchym i ciep\u0142ym miejscu nawet podczas deszczu.      <\/p>\n<p><img fetchpriority=\"high\" decoding=\"async\" class=\"size-medium wp-image-11348 alignright\" src=\"https:\/\/toidupakk.ee\/wp-content\/uploads\/2023\/07\/grandcanyon-logo-300x189.png\" alt=\"\" width=\"300\" height=\"189\" srcset=\"https:\/\/toidupakk.ee\/wp-content\/uploads\/2023\/07\/grandcanyon-logo-300x189.png 300w, https:\/\/toidupakk.ee\/wp-content\/uploads\/2023\/07\/grandcanyon-logo.png 340w\" sizes=\"(max-width: 300px) 100vw, 300px\" \/><\/p>\n<p>&nbsp;<\/p>\n<h2>Elementy zestawu<\/h2>\n<p>Pod tropikiem znajduje si\u0119 przestrze\u0144, kt\u00f3ra pozwala na przechowywanie sprz\u0119tu blisko siebie i pod os\u0142on\u0105. Jest to idealne miejsce na wilgotn\u0105 odzie\u017c, buty i plecak. Dzi\u0119ki temu sypialnia pozostaje sucha. Pa\u0142\u0105k przy g\u0142owie jest wy\u017cszy, co zapewnia wi\u0119cej miejsca i swobod\u0119 ruch\u00f3w wewn\u0105trz.   <\/p>\n<p>UWAGA! Dodatkowo odci\u0105gi s\u0105 odblaskowe, co znacznie poprawia ich widoczno\u015b\u0107 w ciemno\u015bci. Koniec z potykaniem si\u0119 o linki w nocy. Dzi\u0119ki temu \u0142atwiej te\u017c odnajdziesz sw\u00f3j namiot po zmroku.  <\/p>\n<p>&nbsp;<\/p>\n<p><img decoding=\"async\" class=\"alignnone size-full wp-image-11579\" src=\"https:\/\/toidupakk.ee\/wp-content\/uploads\/2023\/07\/Telk-Cardova12.png\" alt=\"\" width=\"250\" height=\"250\" srcset=\"https:\/\/toidupakk.ee\/wp-content\/uploads\/2023\/07\/Telk-Cardova12.png 250w, https:\/\/toidupakk.ee\/wp-content\/uploads\/2023\/07\/Telk-Cardova12-100x100.png 100w\" sizes=\"(max-width: 250px) 100vw, 250px\" \/><\/p>\n<p>&nbsp;<\/p>\n<p>Sprawd\u017a inne akcesoria turystyczne <a href=\"https:\/\/toidupakk.ee\/pl\/tootekategooria\/sprzet-turystyczny\/#section-3-79\">TUTAJ<\/a><\/p>\n<p>Interesuj\u0105 Ci\u0119 posi\u0142ki turystyczne? Zobacz <a href=\"\/?product_cat=snakk#section-3-79\">TUTAJ<\/a><\/p>\n<p>Znajd\u017a inspiracj\u0119 na kolejne przygody na <a href=\"https:\/\/www.instagram.com\/toidupakk\/\">Instagramie<\/a> i <a href=\"https:\/\/www.facebook.com\/Toidupakk\/\">Facebooku<\/a> Toidupakk.<\/p>\n","protected":false},"excerpt":{"rendered":"<p>Cardova 1 to namiot jedno- lub dwuosobowy z jednym pa\u0142\u0105kiem. Wyr\u00f3\u017cnia go prosta konstrukcja, kt\u00f3ra pozwala na bardzo szybkie i \u0142atwe rozstawienie. Namiot pomie\u015bci 1-2 osoby, a pod tropikiem znajduje si\u0119 miejsce na baga\u017c. W por\u00f3wnaniu do standardowych namiot\u00f3w 1-osobowych jest wysoki, co daje wi\u0119cej swobody w \u015brodku. Oddychaj\u0105ca, siatkowa sypialnia chroni przed komarami i innymi owadami. Mo\u017cna j\u0105 rozstawi\u0107 bez tropiku.     <\/p>\n<ul>\n<li><strong>Liczba miejsc:<\/strong> od 1 do 2 os\u00f3b<\/li>\n<li><strong>Marka:<\/strong> GRAND CANYON\u00ae<\/li>\n<li><strong>Materia\u0142 tropiku:<\/strong> 100% poliester 68D (190T) \u2013 <em>wodoodporny, wiatroszczelny, oddychaj\u0105cy<\/em><\/li>\n<li><strong>Materia\u0142 sypialni:<\/strong> wytrzyma\u0142a siatka <em>(chroni przed komarami i innymi owadami)<\/em><\/li>\n<li><strong>Materia\u0142 pod\u0142ogi:<\/strong> polietylen powlekany poliuretanem<\/li>\n<li><strong>Pa\u0142\u0105ki:<\/strong> w\u0142\u00f3kno szklane<\/li>\n<li><strong>\u015aledzie:<\/strong> stal<\/li>\n<li><strong>Waga:<\/strong> 2200 gram\u00f3w<\/li>\n<li><strong>Wymiary:<\/strong> 13 x 56 cm (po spakowaniu)<\/li>\n<li><strong>Wymiary po rozstawieniu:<\/strong> 270 x 165 x 115 cm<\/li>\n<li><strong>Wodoodporno\u015b\u0107:<\/strong> tropik 3000 mm, pod\u0142oga 4000 mm<\/li>\n<li><strong>Kolor:<\/strong> Blue Grass (niebieski)<\/li>\n<li><strong>W zestawie:<\/strong> linki, \u015bledzie, pokrowiec, sypialnia, tropik i elementy odblaskowe<\/li>\n<li><strong>Sezonowo\u015b\u0107:<\/strong> wiosna, lato, jesie\u0144<\/li>\n<\/ul>\n<p>\u2705 Dost\u0119pne w magazynie, szybka dostawa w 1-3 dni robocze<br \/>\n\u2705 Kup teraz, zap\u0142a\u0107 p\u00f3\u017aniej (RRSO 0%)<\/p>\n","protected":false},"featured_media":52179,"comment_status":"open","ping_status":"closed","template":"","meta":{"_acf_changed":false},"product_brand":[],"product_cat":[303,312,314,301],"product_tag":[],"class_list":{"0":"post-52156","1":"product","2":"type-product","3":"status-publish","4":"has-post-thumbnail","6":"product_cat-akcesoria-turystyczne","7":"product_cat-namioty","8":"product_cat-nocowanie-w-naturze","9":"product_cat-sprzet-turystyczny","11":"first","12":"instock","13":"taxable","14":"shipping-taxable","15":"purchasable","16":"product-type-variable","17":"has-default-attributes"},"bundled_by":[],"bundle_stock_status":"instock","bundle_stock_quantity":null,"bundle_virtual":false,"bundle_layout":"","bundle_add_to_cart_form_location":"","bundle_editable_in_cart":false,"bundle_sold_individually_context":"","bundle_item_grouping":"","bundle_min_size":"","bundle_max_size":"","bundle_price":[],"bundled_items":[],"bundle_sell_ids":[],"acf":[],"yoast_head":"<!-- This site is optimized with the Yoast SEO plugin v27.3 - https:\/\/yoast.com\/product\/yoast-seo-wordpress\/ -->\n<title>Namiot Cardova 1<\/title>\n<meta name=\"description\" content=\"Namiot Cardova pomie\u015bci 1-2 osoby. Prosta konstrukcja pozwala na szybkie i \u0142atwe rozstawienie. Siatkowa sypialnia chroni przed komarami i innymi uci\u0105\u017cliwymi owadami.\" \/>\n<meta name=\"robots\" content=\"index, follow, max-snippet:-1, max-image-preview:large, max-video-preview:-1\" \/>\n<link rel=\"canonical\" href=\"https:\/\/toidupakk.ee\/pl\/toode\/namiot-cardova-1\/\" \/>\n<meta property=\"og:locale\" content=\"pl_PL\" \/>\n<meta property=\"og:type\" content=\"article\" \/>\n<meta property=\"og:title\" content=\"Namiot Cardova 1\" \/>\n<meta property=\"og:description\" content=\"Namiot Cardova pomie\u015bci 1-2 osoby. Prosta konstrukcja pozwala na szybkie i \u0142atwe rozstawienie. Siatkowa sypialnia chroni przed komarami i innymi uci\u0105\u017cliwymi owadami.\" \/>\n<meta property=\"og:url\" content=\"https:\/\/toidupakk.ee\/pl\/toode\/namiot-cardova-1\/\" \/>\n<meta property=\"og:site_name\" content=\"Toidupakk.ee - Tactical Foodpack toidupakid\" \/>\n<meta property=\"article:publisher\" content=\"https:\/\/www.facebook.com\/Toidupakk\" \/>\n<meta property=\"article:modified_time\" content=\"2026-04-29T12:32:02+00:00\" \/>\n<meta property=\"og:image\" content=\"https:\/\/toidupakk.ee\/wp-content\/uploads\/2023\/07\/Telk-Cardova13.png\" \/>\n\t<meta property=\"og:image:width\" content=\"1080\" \/>\n\t<meta property=\"og:image:height\" content=\"1080\" \/>\n\t<meta property=\"og:image:type\" content=\"image\/png\" \/>\n<meta name=\"twitter:card\" content=\"summary_large_image\" \/>\n<meta name=\"twitter:label1\" content=\"Szacowany czas czytania\" \/>\n\t<meta name=\"twitter:data1\" content=\"1 minuta\" \/>\n<script type=\"application\/ld+json\" class=\"yoast-schema-graph\">{\"@context\":\"https:\\\/\\\/schema.org\",\"@graph\":[{\"@type\":\"WebPage\",\"@id\":\"https:\\\/\\\/toidupakk.ee\\\/pl\\\/toode\\\/namiot-cardova-1\\\/\",\"url\":\"https:\\\/\\\/toidupakk.ee\\\/pl\\\/toode\\\/namiot-cardova-1\\\/\",\"name\":\"Namiot Cardova 1\",\"isPartOf\":{\"@id\":\"https:\\\/\\\/toidupakk.ee\\\/pl\\\/#website\"},\"primaryImageOfPage\":{\"@id\":\"https:\\\/\\\/toidupakk.ee\\\/pl\\\/toode\\\/namiot-cardova-1\\\/#primaryimage\"},\"image\":{\"@id\":\"https:\\\/\\\/toidupakk.ee\\\/pl\\\/toode\\\/namiot-cardova-1\\\/#primaryimage\"},\"thumbnailUrl\":\"https:\\\/\\\/toidupakk.ee\\\/wp-content\\\/uploads\\\/2023\\\/07\\\/Telk-Cardova13.png\",\"datePublished\":\"2023-07-17T13:56:20+00:00\",\"dateModified\":\"2026-04-29T12:32:02+00:00\",\"description\":\"Namiot Cardova pomie\u015bci 1-2 osoby. Prosta konstrukcja pozwala na szybkie i \u0142atwe rozstawienie. Siatkowa sypialnia chroni przed komarami i innymi uci\u0105\u017cliwymi owadami.\",\"breadcrumb\":{\"@id\":\"https:\\\/\\\/toidupakk.ee\\\/pl\\\/toode\\\/namiot-cardova-1\\\/#breadcrumb\"},\"inLanguage\":\"pl-PL\",\"potentialAction\":[{\"@type\":\"ReadAction\",\"target\":[\"https:\\\/\\\/toidupakk.ee\\\/pl\\\/toode\\\/namiot-cardova-1\\\/\"]}]},{\"@type\":\"ImageObject\",\"inLanguage\":\"pl-PL\",\"@id\":\"https:\\\/\\\/toidupakk.ee\\\/pl\\\/toode\\\/namiot-cardova-1\\\/#primaryimage\",\"url\":\"https:\\\/\\\/toidupakk.ee\\\/wp-content\\\/uploads\\\/2023\\\/07\\\/Telk-Cardova13.png\",\"contentUrl\":\"https:\\\/\\\/toidupakk.ee\\\/wp-content\\\/uploads\\\/2023\\\/07\\\/Telk-Cardova13.png\",\"width\":1080,\"height\":1080,\"caption\":\"Namiot Cardova 1\"},{\"@type\":\"BreadcrumbList\",\"@id\":\"https:\\\/\\\/toidupakk.ee\\\/pl\\\/toode\\\/namiot-cardova-1\\\/#breadcrumb\",\"itemListElement\":[{\"@type\":\"ListItem\",\"position\":1,\"name\":\"Avaleht\",\"item\":\"https:\\\/\\\/toidupakk.ee\\\/pl\\\/\"},{\"@type\":\"ListItem\",\"position\":2,\"name\":\"Sklep internetowy\",\"item\":\"https:\\\/\\\/toidupakk.ee\\\/pl\\\/sklep-internetowy\\\/\"},{\"@type\":\"ListItem\",\"position\":3,\"name\":\"Namiot Cardova 1\"}]},{\"@type\":\"WebSite\",\"@id\":\"https:\\\/\\\/toidupakk.ee\\\/pl\\\/#website\",\"url\":\"https:\\\/\\\/toidupakk.ee\\\/pl\\\/\",\"name\":\"Toidupakk.ee - Tactical Foodpack toidupakid\",\"description\":\"Tactical Foodpack k\u00fclmkuivatatud toidupakid ja matkaeined\",\"publisher\":{\"@id\":\"https:\\\/\\\/toidupakk.ee\\\/pl\\\/#organization\"},\"potentialAction\":[{\"@type\":\"SearchAction\",\"target\":{\"@type\":\"EntryPoint\",\"urlTemplate\":\"https:\\\/\\\/toidupakk.ee\\\/pl\\\/?s={search_term_string}\"},\"query-input\":{\"@type\":\"PropertyValueSpecification\",\"valueRequired\":true,\"valueName\":\"search_term_string\"}}],\"inLanguage\":\"pl-PL\"},{\"@type\":\"Organization\",\"@id\":\"https:\\\/\\\/toidupakk.ee\\\/pl\\\/#organization\",\"name\":\"Tactical Foodpack matkaeined\",\"url\":\"https:\\\/\\\/toidupakk.ee\\\/pl\\\/\",\"logo\":{\"@type\":\"ImageObject\",\"inLanguage\":\"pl-PL\",\"@id\":\"https:\\\/\\\/toidupakk.ee\\\/pl\\\/#\\\/schema\\\/logo\\\/image\\\/\",\"url\":\"https:\\\/\\\/toidupakk.ee\\\/wp-content\\\/uploads\\\/2022\\\/01\\\/Toidupakk-matkapood-logo-transparent.png\",\"contentUrl\":\"https:\\\/\\\/toidupakk.ee\\\/wp-content\\\/uploads\\\/2022\\\/01\\\/Toidupakk-matkapood-logo-transparent.png\",\"width\":500,\"height\":500,\"caption\":\"Tactical Foodpack matkaeined\"},\"image\":{\"@id\":\"https:\\\/\\\/toidupakk.ee\\\/pl\\\/#\\\/schema\\\/logo\\\/image\\\/\"},\"sameAs\":[\"https:\\\/\\\/www.facebook.com\\\/Toidupakk\",\"https:\\\/\\\/www.instagram.com\\\/toidupakk\\\/\"]}]}<\/script>\n<!-- \/ Yoast SEO plugin. -->","yoast_head_json":{"title":"Namiot Cardova 1","description":"Namiot Cardova pomie\u015bci 1-2 osoby. Prosta konstrukcja pozwala na szybkie i \u0142atwe rozstawienie. Siatkowa sypialnia chroni przed komarami i innymi uci\u0105\u017cliwymi owadami.","robots":{"index":"index","follow":"follow","max-snippet":"max-snippet:-1","max-image-preview":"max-image-preview:large","max-video-preview":"max-video-preview:-1"},"canonical":"https:\/\/toidupakk.ee\/pl\/toode\/namiot-cardova-1\/","og_locale":"pl_PL","og_type":"article","og_title":"Namiot Cardova 1","og_description":"Namiot Cardova pomie\u015bci 1-2 osoby. Prosta konstrukcja pozwala na szybkie i \u0142atwe rozstawienie. Siatkowa sypialnia chroni przed komarami i innymi uci\u0105\u017cliwymi owadami.","og_url":"https:\/\/toidupakk.ee\/pl\/toode\/namiot-cardova-1\/","og_site_name":"Toidupakk.ee - Tactical Foodpack toidupakid","article_publisher":"https:\/\/www.facebook.com\/Toidupakk","article_modified_time":"2026-04-29T12:32:02+00:00","og_image":[{"width":1080,"height":1080,"url":"https:\/\/toidupakk.ee\/wp-content\/uploads\/2023\/07\/Telk-Cardova13.png","type":"image\/png"}],"twitter_card":"summary_large_image","twitter_misc":{"Szacowany czas czytania":"1 minuta"},"schema":{"@context":"https:\/\/schema.org","@graph":[{"@type":"WebPage","@id":"https:\/\/toidupakk.ee\/pl\/toode\/namiot-cardova-1\/","url":"https:\/\/toidupakk.ee\/pl\/toode\/namiot-cardova-1\/","name":"Namiot Cardova 1","isPartOf":{"@id":"https:\/\/toidupakk.ee\/pl\/#website"},"primaryImageOfPage":{"@id":"https:\/\/toidupakk.ee\/pl\/toode\/namiot-cardova-1\/#primaryimage"},"image":{"@id":"https:\/\/toidupakk.ee\/pl\/toode\/namiot-cardova-1\/#primaryimage"},"thumbnailUrl":"https:\/\/toidupakk.ee\/wp-content\/uploads\/2023\/07\/Telk-Cardova13.png","datePublished":"2023-07-17T13:56:20+00:00","dateModified":"2026-04-29T12:32:02+00:00","description":"Namiot Cardova pomie\u015bci 1-2 osoby. Prosta konstrukcja pozwala na szybkie i \u0142atwe rozstawienie. Siatkowa sypialnia chroni przed komarami i innymi uci\u0105\u017cliwymi owadami.","breadcrumb":{"@id":"https:\/\/toidupakk.ee\/pl\/toode\/namiot-cardova-1\/#breadcrumb"},"inLanguage":"pl-PL","potentialAction":[{"@type":"ReadAction","target":["https:\/\/toidupakk.ee\/pl\/toode\/namiot-cardova-1\/"]}]},{"@type":"ImageObject","inLanguage":"pl-PL","@id":"https:\/\/toidupakk.ee\/pl\/toode\/namiot-cardova-1\/#primaryimage","url":"https:\/\/toidupakk.ee\/wp-content\/uploads\/2023\/07\/Telk-Cardova13.png","contentUrl":"https:\/\/toidupakk.ee\/wp-content\/uploads\/2023\/07\/Telk-Cardova13.png","width":1080,"height":1080,"caption":"Namiot Cardova 1"},{"@type":"BreadcrumbList","@id":"https:\/\/toidupakk.ee\/pl\/toode\/namiot-cardova-1\/#breadcrumb","itemListElement":[{"@type":"ListItem","position":1,"name":"Avaleht","item":"https:\/\/toidupakk.ee\/pl\/"},{"@type":"ListItem","position":2,"name":"Sklep internetowy","item":"https:\/\/toidupakk.ee\/pl\/sklep-internetowy\/"},{"@type":"ListItem","position":3,"name":"Namiot Cardova 1"}]},{"@type":"WebSite","@id":"https:\/\/toidupakk.ee\/pl\/#website","url":"https:\/\/toidupakk.ee\/pl\/","name":"Toidupakk.ee - Tactical Foodpack toidupakid","description":"Tactical Foodpack k\u00fclmkuivatatud toidupakid ja matkaeined","publisher":{"@id":"https:\/\/toidupakk.ee\/pl\/#organization"},"potentialAction":[{"@type":"SearchAction","target":{"@type":"EntryPoint","urlTemplate":"https:\/\/toidupakk.ee\/pl\/?s={search_term_string}"},"query-input":{"@type":"PropertyValueSpecification","valueRequired":true,"valueName":"search_term_string"}}],"inLanguage":"pl-PL"},{"@type":"Organization","@id":"https:\/\/toidupakk.ee\/pl\/#organization","name":"Tactical Foodpack matkaeined","url":"https:\/\/toidupakk.ee\/pl\/","logo":{"@type":"ImageObject","inLanguage":"pl-PL","@id":"https:\/\/toidupakk.ee\/pl\/#\/schema\/logo\/image\/","url":"https:\/\/toidupakk.ee\/wp-content\/uploads\/2022\/01\/Toidupakk-matkapood-logo-transparent.png","contentUrl":"https:\/\/toidupakk.ee\/wp-content\/uploads\/2022\/01\/Toidupakk-matkapood-logo-transparent.png","width":500,"height":500,"caption":"Tactical Foodpack matkaeined"},"image":{"@id":"https:\/\/toidupakk.ee\/pl\/#\/schema\/logo\/image\/"},"sameAs":["https:\/\/www.facebook.com\/Toidupakk","https:\/\/www.instagram.com\/toidupakk\/"]}]}},"jetpack_sharing_enabled":true,"_links":{"self":[{"href":"https:\/\/toidupakk.ee\/pl\/wp-json\/wp\/v2\/product\/52156","targetHints":{"allow":["GET"]}}],"collection":[{"href":"https:\/\/toidupakk.ee\/pl\/wp-json\/wp\/v2\/product"}],"about":[{"href":"https:\/\/toidupakk.ee\/pl\/wp-json\/wp\/v2\/types\/product"}],"replies":[{"embeddable":true,"href":"https:\/\/toidupakk.ee\/pl\/wp-json\/wp\/v2\/comments?post=52156"}],"wp:featuredmedia":[{"embeddable":true,"href":"https:\/\/toidupakk.ee\/pl\/wp-json\/wp\/v2\/media\/52179"}],"wp:attachment":[{"href":"https:\/\/toidupakk.ee\/pl\/wp-json\/wp\/v2\/media?parent=52156"}],"wp:term":[{"taxonomy":"product_brand","embeddable":true,"href":"https:\/\/toidupakk.ee\/pl\/wp-json\/wp\/v2\/product_brand?post=52156"},{"taxonomy":"product_cat","embeddable":true,"href":"https:\/\/toidupakk.ee\/pl\/wp-json\/wp\/v2\/product_cat?post=52156"},{"taxonomy":"product_tag","embeddable":true,"href":"https:\/\/toidupakk.ee\/pl\/wp-json\/wp\/v2\/product_tag?post=52156"}],"curies":[{"name":"wp","href":"https:\/\/api.w.org\/{rel}","templated":true}]}}