{"id":52136,"date":"2023-07-04T14:22:20","date_gmt":"2023-07-04T11:22:20","guid":{"rendered":"https:\/\/toidupakk.ee\/toode\/worek-wodoszczelny-bear-creek-drybag-100l\/"},"modified":"2026-04-14T11:01:01","modified_gmt":"2026-04-14T08:01:01","slug":"worek-wodoszczelny-bear-creek-drybag-100l","status":"publish","type":"product","link":"https:\/\/toidupakk.ee\/pl\/toode\/worek-wodoszczelny-bear-creek-drybag-100l\/","title":{"rendered":"Worek wodoszczelny Bear Creek Drybag 100L"},"content":{"rendered":"<p>&nbsp;<\/p>\n<p>Worek TF-2215 Bear Creek 100L to wytrzyma\u0142y worek wodoszczelny, zaprojektowany specjalnie do wymagaj\u0105cych aktywno\u015bci outdoorowych.<\/p>\n<p><img fetchpriority=\"high\" decoding=\"async\" class=\"alignright size-full wp-image-42623\" src=\"https:\/\/toidupakk.ee\/wp-content\/uploads\/2023\/07\/Nimetu-kujundus-4.png\" alt=\"\" width=\"800\" height=\"800\" srcset=\"https:\/\/toidupakk.ee\/wp-content\/uploads\/2023\/07\/Nimetu-kujundus-4.png 800w, https:\/\/toidupakk.ee\/wp-content\/uploads\/2023\/07\/Nimetu-kujundus-4-300x300.png 300w, https:\/\/toidupakk.ee\/wp-content\/uploads\/2023\/07\/Nimetu-kujundus-4-500x500.png 500w, https:\/\/toidupakk.ee\/wp-content\/uploads\/2023\/07\/Nimetu-kujundus-4-768x768.png 768w, https:\/\/toidupakk.ee\/wp-content\/uploads\/2023\/07\/Nimetu-kujundus-4-400x400.png 400w, https:\/\/toidupakk.ee\/wp-content\/uploads\/2023\/07\/Nimetu-kujundus-4-100x100.png 100w, https:\/\/toidupakk.ee\/wp-content\/uploads\/2023\/07\/Nimetu-kujundus-4-50x50.png 50w\" sizes=\"(max-width: 800px) 100vw, 800px\" \/><\/p>\n<p>Ten wodoszczelny worek oferuje mn\u00f3stwo miejsca i jest idealny do przenoszenia ca\u0142ego ekwipunku.<\/p>\n<p>Worek wyposa\u017cono w system wentylacji, kt\u00f3ry pozwala wypu\u015bci\u0107 z niego powietrze. Dzi\u0119ki wodoodpornemu materia\u0142owi PVC, uszczelnionym szwom i funkcjonalnemu systemowi zamykania zawarto\u015b\u0107 pozostaje sucha. <\/p>\n<p>&nbsp;<\/p>\n<p>Wodoodporno\u015b\u0107: Odporny na zachlapania i kr\u00f3tkotrwa\u0142e zanurzenie. Doskonale nadaje si\u0119 do aktywno\u015bci takich jak kajakarstwo, rafting, \u017ceglarstwo, trekking, kemping, w\u0119dkarstwo, sporty zimowe, kanu itp. <\/p>\n<p>System zamykania: Aby zapewni\u0107 wodoszczelno\u015b\u0107, zamknij otw\u00f3r worka, zwi\u0144 go 2\u20133 razy i zabezpiecz klamr\u0105.<\/p>\n<p>Uwaga! Worek nie jest przeznaczony do trzymania pod wod\u0105. Nie nadaje si\u0119 do nurkowania itp.  <\/p>\n<p>&nbsp;<\/p>\n<p>Zobacz wszystkie przek\u0105ski <a href=\"\/?product_cat=snakk#section-3-79\">TUTAJ<\/a><\/p>\n<p>Zobacz sprz\u0119t turystyczny <a href=\"https:\/\/toidupakk.ee\/pl\/tootekategooria\/sprzet-turystyczny\/#section-3-79\">TUTAJ<\/a><\/p>\n<p>Znajd\u017a inspiracj\u0119 na kolejne przygody na <a href=\"https:\/\/www.instagram.com\/toidupakk\/\">Instagramie<\/a> i <a href=\"https:\/\/www.facebook.com\/Toidupakk\/\">Facebooku<\/a> Toidupakk.<\/p>\n","protected":false},"excerpt":{"rendered":"<p><strong>Worek wodoszczelny Bear Creek Drybag 100L doskonale sprawdza si\u0119 w takich aktywno\u015bciach jak kajakarstwo, rafting, \u017ceglarstwo, trekking, jazda na motocyklu, kemping, w\u0119dkarstwo, sporty zimowe, kanu itp.<\/strong><\/p>\n<ul>\n<li>Torba transportowa z mocnego, wodoodpornego materia\u0142u<\/li>\n<li>Pomie\u015bci ca\u0142y niezb\u0119dny sprz\u0119t (pojemno\u015b\u0107 100 litr\u00f3w)<\/li>\n<li>Zaw\u00f3r wentylacyjny do wypuszczania nadmiaru powietrza z worka<\/li>\n<li>Mocny materia\u0142 odporny na \u015bcieranie<\/li>\n<li>Wzmocniony uchwyt do przenoszenia<\/li>\n<li>Podw\u00f3jnie wy\u015bcie\u0142any pasek na rami\u0119 dla wygodnego noszenia<\/li>\n<li>Funkcjonalny system zamykania zapewniaj\u0105cy wodoszczelno\u015b\u0107<\/li>\n<li>Wymiary: 82 x 32 x 40 cm (zamkni\u0119ty worek)<\/li>\n<li>Pojemno\u015b\u0107: 100 litr\u00f3w<\/li>\n<li>Waga: 1,35 kg<\/li>\n<li>Kolor: \u017b\u00f3\u0142ty<\/li>\n<li>Materia\u0142: 100% PVC<\/li>\n<li>Wodoodporno\u015b\u0107: Odporny na krople wody i kr\u00f3tkotrwa\u0142e przebywanie w \u015brodowisku wodnym.<\/li>\n<\/ul>\n<p>\u2705 Dost\u0119pne w magazynie, szybka dostawa w 1-3 dni robocze<br \/>\n\u2705 Kup teraz, zap\u0142a\u0107 p\u00f3\u017aniej (RRSO 0%)<\/p>\n","protected":false},"featured_media":10151,"comment_status":"open","ping_status":"closed","template":"","meta":{"_acf_changed":false},"product_brand":[],"product_cat":[303,301,310,372,369],"product_tag":[],"class_list":{"0":"post-52136","1":"product","2":"type-product","3":"status-publish","4":"has-post-thumbnail","6":"product_cat-akcesoria-turystyczne","7":"product_cat-sprzet-turystyczny","8":"product_cat-torby","9":"product_cat-torby-podrozne","10":"product_cat-torby-wodoszczelne-drybag","12":"first","13":"instock","14":"sale","15":"taxable","16":"shipping-taxable","17":"purchasable","18":"product-type-simple"},"bundled_by":[],"bundle_stock_status":"instock","bundle_stock_quantity":2,"bundle_virtual":false,"bundle_layout":"","bundle_add_to_cart_form_location":"","bundle_editable_in_cart":false,"bundle_sold_individually_context":"","bundle_item_grouping":"","bundle_min_size":"","bundle_max_size":"","bundle_price":[],"bundled_items":[],"bundle_sell_ids":[],"acf":[],"yoast_head":"<!-- This site is optimized with the Yoast SEO plugin v27.3 - https:\/\/yoast.com\/product\/yoast-seo-wordpress\/ -->\n<title>Worek wodoszczelny Bear Creek Drybag 100L<\/title>\n<meta name=\"description\" content=\"Worek wodoszczelny Bear Creek to wytrzyma\u0142a i wodoodporna torba transportowa, kt\u00f3ra oferuje mn\u00f3stwo miejsca (100 L) i jest idealnym wsparciem podczas aktywno\u015bci na \u015bwie\u017cym powietrzu.\" \/>\n<meta name=\"robots\" content=\"index, follow, max-snippet:-1, max-image-preview:large, max-video-preview:-1\" \/>\n<link rel=\"canonical\" href=\"https:\/\/toidupakk.ee\/pl\/toode\/worek-wodoszczelny-bear-creek-drybag-100l\/\" \/>\n<meta property=\"og:locale\" content=\"pl_PL\" \/>\n<meta property=\"og:type\" content=\"article\" \/>\n<meta property=\"og:title\" content=\"Worek wodoszczelny Bear Creek Drybag 100L\" \/>\n<meta property=\"og:description\" content=\"Worek wodoszczelny Bear Creek to wytrzyma\u0142a i wodoodporna torba transportowa, kt\u00f3ra oferuje mn\u00f3stwo miejsca (100 L) i jest idealnym wsparciem podczas aktywno\u015bci na \u015bwie\u017cym powietrzu.\" \/>\n<meta property=\"og:url\" content=\"https:\/\/toidupakk.ee\/pl\/toode\/worek-wodoszczelny-bear-creek-drybag-100l\/\" \/>\n<meta property=\"og:site_name\" content=\"Toidupakk.ee - Tactical Foodpack toidupakid\" \/>\n<meta property=\"article:publisher\" content=\"https:\/\/www.facebook.com\/Toidupakk\" \/>\n<meta property=\"article:modified_time\" content=\"2026-04-14T08:01:01+00:00\" \/>\n<meta property=\"og:image\" content=\"https:\/\/toidupakk.ee\/wp-content\/uploads\/2023\/06\/Veekindel-kott-Bear-Creek-Drybag-100L58.png\" \/>\n\t<meta property=\"og:image:width\" content=\"1080\" \/>\n\t<meta property=\"og:image:height\" content=\"1080\" \/>\n\t<meta property=\"og:image:type\" content=\"image\/png\" \/>\n<meta name=\"twitter:card\" content=\"summary_large_image\" \/>\n<meta name=\"twitter:label1\" content=\"Szacowany czas czytania\" \/>\n\t<meta name=\"twitter:data1\" content=\"1 minuta\" \/>\n<script type=\"application\/ld+json\" class=\"yoast-schema-graph\">{\"@context\":\"https:\\\/\\\/schema.org\",\"@graph\":[{\"@type\":\"WebPage\",\"@id\":\"https:\\\/\\\/toidupakk.ee\\\/pl\\\/toode\\\/worek-wodoszczelny-bear-creek-drybag-100l\\\/\",\"url\":\"https:\\\/\\\/toidupakk.ee\\\/pl\\\/toode\\\/worek-wodoszczelny-bear-creek-drybag-100l\\\/\",\"name\":\"Worek wodoszczelny Bear Creek Drybag 100L\",\"isPartOf\":{\"@id\":\"https:\\\/\\\/toidupakk.ee\\\/pl\\\/#website\"},\"primaryImageOfPage\":{\"@id\":\"https:\\\/\\\/toidupakk.ee\\\/pl\\\/toode\\\/worek-wodoszczelny-bear-creek-drybag-100l\\\/#primaryimage\"},\"image\":{\"@id\":\"https:\\\/\\\/toidupakk.ee\\\/pl\\\/toode\\\/worek-wodoszczelny-bear-creek-drybag-100l\\\/#primaryimage\"},\"thumbnailUrl\":\"https:\\\/\\\/toidupakk.ee\\\/wp-content\\\/uploads\\\/2023\\\/06\\\/Veekindel-kott-Bear-Creek-Drybag-100L58.png\",\"datePublished\":\"2023-07-04T11:22:20+00:00\",\"dateModified\":\"2026-04-14T08:01:01+00:00\",\"description\":\"Worek wodoszczelny Bear Creek to wytrzyma\u0142a i wodoodporna torba transportowa, kt\u00f3ra oferuje mn\u00f3stwo miejsca (100 L) i jest idealnym wsparciem podczas aktywno\u015bci na \u015bwie\u017cym powietrzu.\",\"breadcrumb\":{\"@id\":\"https:\\\/\\\/toidupakk.ee\\\/pl\\\/toode\\\/worek-wodoszczelny-bear-creek-drybag-100l\\\/#breadcrumb\"},\"inLanguage\":\"pl-PL\",\"potentialAction\":[{\"@type\":\"ReadAction\",\"target\":[\"https:\\\/\\\/toidupakk.ee\\\/pl\\\/toode\\\/worek-wodoszczelny-bear-creek-drybag-100l\\\/\"]}]},{\"@type\":\"ImageObject\",\"inLanguage\":\"pl-PL\",\"@id\":\"https:\\\/\\\/toidupakk.ee\\\/pl\\\/toode\\\/worek-wodoszczelny-bear-creek-drybag-100l\\\/#primaryimage\",\"url\":\"https:\\\/\\\/toidupakk.ee\\\/wp-content\\\/uploads\\\/2023\\\/06\\\/Veekindel-kott-Bear-Creek-Drybag-100L58.png\",\"contentUrl\":\"https:\\\/\\\/toidupakk.ee\\\/wp-content\\\/uploads\\\/2023\\\/06\\\/Veekindel-kott-Bear-Creek-Drybag-100L58.png\",\"width\":1080,\"height\":1080,\"caption\":\"Veekindel kott Bear Creek Drybag 100L 1\"},{\"@type\":\"BreadcrumbList\",\"@id\":\"https:\\\/\\\/toidupakk.ee\\\/pl\\\/toode\\\/worek-wodoszczelny-bear-creek-drybag-100l\\\/#breadcrumb\",\"itemListElement\":[{\"@type\":\"ListItem\",\"position\":1,\"name\":\"Avaleht\",\"item\":\"https:\\\/\\\/toidupakk.ee\\\/pl\\\/\"},{\"@type\":\"ListItem\",\"position\":2,\"name\":\"Sklep internetowy\",\"item\":\"https:\\\/\\\/toidupakk.ee\\\/pl\\\/sklep-internetowy\\\/\"},{\"@type\":\"ListItem\",\"position\":3,\"name\":\"Worek wodoszczelny Bear Creek Drybag 100L\"}]},{\"@type\":\"WebSite\",\"@id\":\"https:\\\/\\\/toidupakk.ee\\\/pl\\\/#website\",\"url\":\"https:\\\/\\\/toidupakk.ee\\\/pl\\\/\",\"name\":\"Toidupakk.ee - Tactical Foodpack toidupakid\",\"description\":\"Tactical Foodpack k\u00fclmkuivatatud toidupakid ja matkaeined\",\"publisher\":{\"@id\":\"https:\\\/\\\/toidupakk.ee\\\/pl\\\/#organization\"},\"potentialAction\":[{\"@type\":\"SearchAction\",\"target\":{\"@type\":\"EntryPoint\",\"urlTemplate\":\"https:\\\/\\\/toidupakk.ee\\\/pl\\\/?s={search_term_string}\"},\"query-input\":{\"@type\":\"PropertyValueSpecification\",\"valueRequired\":true,\"valueName\":\"search_term_string\"}}],\"inLanguage\":\"pl-PL\"},{\"@type\":\"Organization\",\"@id\":\"https:\\\/\\\/toidupakk.ee\\\/pl\\\/#organization\",\"name\":\"Tactical Foodpack matkaeined\",\"url\":\"https:\\\/\\\/toidupakk.ee\\\/pl\\\/\",\"logo\":{\"@type\":\"ImageObject\",\"inLanguage\":\"pl-PL\",\"@id\":\"https:\\\/\\\/toidupakk.ee\\\/pl\\\/#\\\/schema\\\/logo\\\/image\\\/\",\"url\":\"https:\\\/\\\/toidupakk.ee\\\/wp-content\\\/uploads\\\/2022\\\/01\\\/Toidupakk-matkapood-logo-transparent.png\",\"contentUrl\":\"https:\\\/\\\/toidupakk.ee\\\/wp-content\\\/uploads\\\/2022\\\/01\\\/Toidupakk-matkapood-logo-transparent.png\",\"width\":500,\"height\":500,\"caption\":\"Tactical Foodpack matkaeined\"},\"image\":{\"@id\":\"https:\\\/\\\/toidupakk.ee\\\/pl\\\/#\\\/schema\\\/logo\\\/image\\\/\"},\"sameAs\":[\"https:\\\/\\\/www.facebook.com\\\/Toidupakk\",\"https:\\\/\\\/www.instagram.com\\\/toidupakk\\\/\"]}]}<\/script>\n<!-- \/ Yoast SEO plugin. -->","yoast_head_json":{"title":"Worek wodoszczelny Bear Creek Drybag 100L","description":"Worek wodoszczelny Bear Creek to wytrzyma\u0142a i wodoodporna torba transportowa, kt\u00f3ra oferuje mn\u00f3stwo miejsca (100 L) i jest idealnym wsparciem podczas aktywno\u015bci na \u015bwie\u017cym powietrzu.","robots":{"index":"index","follow":"follow","max-snippet":"max-snippet:-1","max-image-preview":"max-image-preview:large","max-video-preview":"max-video-preview:-1"},"canonical":"https:\/\/toidupakk.ee\/pl\/toode\/worek-wodoszczelny-bear-creek-drybag-100l\/","og_locale":"pl_PL","og_type":"article","og_title":"Worek wodoszczelny Bear Creek Drybag 100L","og_description":"Worek wodoszczelny Bear Creek to wytrzyma\u0142a i wodoodporna torba transportowa, kt\u00f3ra oferuje mn\u00f3stwo miejsca (100 L) i jest idealnym wsparciem podczas aktywno\u015bci na \u015bwie\u017cym powietrzu.","og_url":"https:\/\/toidupakk.ee\/pl\/toode\/worek-wodoszczelny-bear-creek-drybag-100l\/","og_site_name":"Toidupakk.ee - Tactical Foodpack toidupakid","article_publisher":"https:\/\/www.facebook.com\/Toidupakk","article_modified_time":"2026-04-14T08:01:01+00:00","og_image":[{"width":1080,"height":1080,"url":"https:\/\/toidupakk.ee\/wp-content\/uploads\/2023\/06\/Veekindel-kott-Bear-Creek-Drybag-100L58.png","type":"image\/png"}],"twitter_card":"summary_large_image","twitter_misc":{"Szacowany czas czytania":"1 minuta"},"schema":{"@context":"https:\/\/schema.org","@graph":[{"@type":"WebPage","@id":"https:\/\/toidupakk.ee\/pl\/toode\/worek-wodoszczelny-bear-creek-drybag-100l\/","url":"https:\/\/toidupakk.ee\/pl\/toode\/worek-wodoszczelny-bear-creek-drybag-100l\/","name":"Worek wodoszczelny Bear Creek Drybag 100L","isPartOf":{"@id":"https:\/\/toidupakk.ee\/pl\/#website"},"primaryImageOfPage":{"@id":"https:\/\/toidupakk.ee\/pl\/toode\/worek-wodoszczelny-bear-creek-drybag-100l\/#primaryimage"},"image":{"@id":"https:\/\/toidupakk.ee\/pl\/toode\/worek-wodoszczelny-bear-creek-drybag-100l\/#primaryimage"},"thumbnailUrl":"https:\/\/toidupakk.ee\/wp-content\/uploads\/2023\/06\/Veekindel-kott-Bear-Creek-Drybag-100L58.png","datePublished":"2023-07-04T11:22:20+00:00","dateModified":"2026-04-14T08:01:01+00:00","description":"Worek wodoszczelny Bear Creek to wytrzyma\u0142a i wodoodporna torba transportowa, kt\u00f3ra oferuje mn\u00f3stwo miejsca (100 L) i jest idealnym wsparciem podczas aktywno\u015bci na \u015bwie\u017cym powietrzu.","breadcrumb":{"@id":"https:\/\/toidupakk.ee\/pl\/toode\/worek-wodoszczelny-bear-creek-drybag-100l\/#breadcrumb"},"inLanguage":"pl-PL","potentialAction":[{"@type":"ReadAction","target":["https:\/\/toidupakk.ee\/pl\/toode\/worek-wodoszczelny-bear-creek-drybag-100l\/"]}]},{"@type":"ImageObject","inLanguage":"pl-PL","@id":"https:\/\/toidupakk.ee\/pl\/toode\/worek-wodoszczelny-bear-creek-drybag-100l\/#primaryimage","url":"https:\/\/toidupakk.ee\/wp-content\/uploads\/2023\/06\/Veekindel-kott-Bear-Creek-Drybag-100L58.png","contentUrl":"https:\/\/toidupakk.ee\/wp-content\/uploads\/2023\/06\/Veekindel-kott-Bear-Creek-Drybag-100L58.png","width":1080,"height":1080,"caption":"Veekindel kott Bear Creek Drybag 100L 1"},{"@type":"BreadcrumbList","@id":"https:\/\/toidupakk.ee\/pl\/toode\/worek-wodoszczelny-bear-creek-drybag-100l\/#breadcrumb","itemListElement":[{"@type":"ListItem","position":1,"name":"Avaleht","item":"https:\/\/toidupakk.ee\/pl\/"},{"@type":"ListItem","position":2,"name":"Sklep internetowy","item":"https:\/\/toidupakk.ee\/pl\/sklep-internetowy\/"},{"@type":"ListItem","position":3,"name":"Worek wodoszczelny Bear Creek Drybag 100L"}]},{"@type":"WebSite","@id":"https:\/\/toidupakk.ee\/pl\/#website","url":"https:\/\/toidupakk.ee\/pl\/","name":"Toidupakk.ee - Tactical Foodpack toidupakid","description":"Tactical Foodpack k\u00fclmkuivatatud toidupakid ja matkaeined","publisher":{"@id":"https:\/\/toidupakk.ee\/pl\/#organization"},"potentialAction":[{"@type":"SearchAction","target":{"@type":"EntryPoint","urlTemplate":"https:\/\/toidupakk.ee\/pl\/?s={search_term_string}"},"query-input":{"@type":"PropertyValueSpecification","valueRequired":true,"valueName":"search_term_string"}}],"inLanguage":"pl-PL"},{"@type":"Organization","@id":"https:\/\/toidupakk.ee\/pl\/#organization","name":"Tactical Foodpack matkaeined","url":"https:\/\/toidupakk.ee\/pl\/","logo":{"@type":"ImageObject","inLanguage":"pl-PL","@id":"https:\/\/toidupakk.ee\/pl\/#\/schema\/logo\/image\/","url":"https:\/\/toidupakk.ee\/wp-content\/uploads\/2022\/01\/Toidupakk-matkapood-logo-transparent.png","contentUrl":"https:\/\/toidupakk.ee\/wp-content\/uploads\/2022\/01\/Toidupakk-matkapood-logo-transparent.png","width":500,"height":500,"caption":"Tactical Foodpack matkaeined"},"image":{"@id":"https:\/\/toidupakk.ee\/pl\/#\/schema\/logo\/image\/"},"sameAs":["https:\/\/www.facebook.com\/Toidupakk","https:\/\/www.instagram.com\/toidupakk\/"]}]}},"jetpack_sharing_enabled":true,"_links":{"self":[{"href":"https:\/\/toidupakk.ee\/pl\/wp-json\/wp\/v2\/product\/52136","targetHints":{"allow":["GET"]}}],"collection":[{"href":"https:\/\/toidupakk.ee\/pl\/wp-json\/wp\/v2\/product"}],"about":[{"href":"https:\/\/toidupakk.ee\/pl\/wp-json\/wp\/v2\/types\/product"}],"replies":[{"embeddable":true,"href":"https:\/\/toidupakk.ee\/pl\/wp-json\/wp\/v2\/comments?post=52136"}],"wp:featuredmedia":[{"embeddable":true,"href":"https:\/\/toidupakk.ee\/pl\/wp-json\/wp\/v2\/media\/10151"}],"wp:attachment":[{"href":"https:\/\/toidupakk.ee\/pl\/wp-json\/wp\/v2\/media?parent=52136"}],"wp:term":[{"taxonomy":"product_brand","embeddable":true,"href":"https:\/\/toidupakk.ee\/pl\/wp-json\/wp\/v2\/product_brand?post=52136"},{"taxonomy":"product_cat","embeddable":true,"href":"https:\/\/toidupakk.ee\/pl\/wp-json\/wp\/v2\/product_cat?post=52136"},{"taxonomy":"product_tag","embeddable":true,"href":"https:\/\/toidupakk.ee\/pl\/wp-json\/wp\/v2\/product_tag?post=52136"}],"curies":[{"name":"wp","href":"https:\/\/api.w.org\/{rel}","templated":true}]}}