{"id":52125,"date":"2023-06-09T11:29:30","date_gmt":"2023-06-09T08:29:30","guid":{"rendered":"https:\/\/toidupakk.ee\/toode\/szyna-uniwersalna-dodatek-do-apteczki\/"},"modified":"2026-04-13T19:00:39","modified_gmt":"2026-04-13T16:00:39","slug":"szyna-uniwersalna-dodatek-do-apteczki","status":"publish","type":"product","link":"https:\/\/toidupakk.ee\/pl\/toode\/szyna-uniwersalna-dodatek-do-apteczki\/","title":{"rendered":"Szyna uniwersalna (dodatek do apteczki)"},"content":{"rendered":"<h1>Instrukcja obs\u0142ugi szyny<\/h1>\n<ol>\n<li>Uformuj szyn\u0119 do po\u017c\u0105danego kszta\u0142tu. Idealny kszta\u0142t to taki, kt\u00f3ry unieruchamia ko\u0144czyn\u0119 w sta\u0142ej pozycji. <\/li>\n<li>Owi\u0144 szyn\u0119 wok\u00f3\u0142 ko\u0144czyny i zabezpiecz banda\u017cem elastycznym. Je\u015bli nie masz go pod r\u0119k\u0105, mo\u017cesz tymczasowo u\u017cy\u0107 np. ta\u015bmy. <\/li>\n<li>Przy mocowaniu szyny upewnij si\u0119, \u017ce ucisk nie jest zbyt silny i nie zaburza kr\u0105\u017cenia.<\/li>\n<\/ol>\n<p>UWAGA! Otwarte rany musz\u0105 zosta\u0107 przykryte sterylnym opatrunkiem przed u\u017cyciem szyny.<\/p>\n<p>Zastosowane materia\u0142y:<\/p>\n<p>Pow\u0142oka: pianka polietylenowa (PU)<\/p>\n<p>Rdze\u0144: aluminium<\/p>\n<p>&nbsp;<\/p>\n<p>Sprawd\u017a inne akcesoria turystyczne <a href=\"https:\/\/toidupakk.ee\/pl\/tootekategooria\/sprzet-turystyczny\/#section-3-79\">TUTAJ<\/a><\/p>\n<p>Interesuj\u0105 Ci\u0119 posi\u0142ki turystyczne? Zobacz <a href=\"\/?product_cat=snakk#section-3-79\">TUTAJ<\/a><\/p>\n<p>Znajd\u017a inspiracj\u0119 na kolejne przygody na <a href=\"https:\/\/www.instagram.com\/toidupakk\/\">Instagramie<\/a> i <a href=\"https:\/\/www.facebook.com\/Toidupakk\/\">Facebooku<\/a> Toidupakk.<\/p>\n","protected":false},"excerpt":{"rendered":"<p>Szyna uniwersalna zaprojektowana jako element apteczki. \u015arodek pierwszej pomocy stworzony dla os\u00f3b aktywnych \u2013 turyst\u00f3w i wspinaczy. Popularny element wyposa\u017cenia s\u0142u\u017cb mundurowych.  <\/p>\n<ul>\n<li>Szyna uniwersalna, odpowiednia do unieruchamiania ko\u0144czyn przy urazach r\u0105k lub n\u00f3g<\/li>\n<li>Wewn\u0105trz znajduje si\u0119 cienki arkusz aluminium, kt\u00f3ry pozwala nada\u0107 szynie kszta\u0142t. Z zewn\u0105trz pokryta jest mi\u0119kk\u0105, przyjazn\u0105 dla sk\u00f3ry piank\u0105. <\/li>\n<li>Umo\u017cliwia unieruchomienie zranionej ko\u0144czyny.<\/li>\n<li>Ultralekka (140 g)<\/li>\n<li>Kompaktowa, nie zajmuje du\u017co miejsca w plecaku (po z\u0142o\u017ceniu 8 cm x 11 cm)<\/li>\n<li>Wodoodporna<\/li>\n<li>W razie potrzeby \u0142atwo j\u0105 przeci\u0105\u0107 no\u017cyczkami<\/li>\n<li>D\u0142ugo\u015b\u0107 po rozwini\u0119ciu: 91 cm.<\/li>\n<li>Wielokrotnego u\u017cytku<\/li>\n<li>\u0141atwa do mycia<\/li>\n<\/ul>\n<p>\u2705 Czas dostawy: 1-3 dni robocze<br \/>\n\u2705 BEZP\u0141ATNY zwrot i wymiana<\/p>\n","protected":false},"featured_media":9863,"comment_status":"open","ping_status":"closed","template":"","meta":{"_acf_changed":false},"product_brand":[],"product_cat":[303,301],"product_tag":[],"class_list":{"0":"post-52125","1":"product","2":"type-product","3":"status-publish","4":"has-post-thumbnail","6":"product_cat-akcesoria-turystyczne","7":"product_cat-sprzet-turystyczny","9":"first","10":"instock","11":"sale","12":"taxable","13":"shipping-taxable","14":"purchasable","15":"product-type-simple"},"bundled_by":[],"bundle_stock_status":"instock","bundle_stock_quantity":1,"bundle_virtual":false,"bundle_layout":"","bundle_add_to_cart_form_location":"","bundle_editable_in_cart":false,"bundle_sold_individually_context":"","bundle_item_grouping":"","bundle_min_size":"","bundle_max_size":"","bundle_price":[],"bundled_items":[],"bundle_sell_ids":[],"acf":[],"yoast_head":"<!-- This site is optimized with the Yoast SEO plugin v27.3 - https:\/\/yoast.com\/product\/yoast-seo-wordpress\/ -->\n<title>Szyna uniwersalna (dodatek do apteczki)<\/title>\n<meta name=\"description\" content=\"Szyna uniwersalna, zaprojektowana jako element apteczki. Do unieruchamiania ko\u0144czyn przy urazach r\u0105k lub n\u00f3g. Ultralekka (140 g), idealnie mie\u015bci si\u0119 w plecaku\" \/>\n<meta name=\"robots\" content=\"index, follow, max-snippet:-1, max-image-preview:large, max-video-preview:-1\" \/>\n<link rel=\"canonical\" href=\"https:\/\/toidupakk.ee\/pl\/toode\/szyna-uniwersalna-dodatek-do-apteczki\/\" \/>\n<meta property=\"og:locale\" content=\"pl_PL\" \/>\n<meta property=\"og:type\" content=\"article\" \/>\n<meta property=\"og:title\" content=\"Szyna uniwersalna (dodatek do apteczki)\" \/>\n<meta property=\"og:description\" content=\"Szyna uniwersalna, zaprojektowana jako element apteczki. Do unieruchamiania ko\u0144czyn przy urazach r\u0105k lub n\u00f3g. Ultralekka (140 g), idealnie mie\u015bci si\u0119 w plecaku\" \/>\n<meta property=\"og:url\" content=\"https:\/\/toidupakk.ee\/pl\/toode\/szyna-uniwersalna-dodatek-do-apteczki\/\" \/>\n<meta property=\"og:site_name\" content=\"Toidupakk.ee - Tactical Foodpack toidupakid\" \/>\n<meta property=\"article:publisher\" content=\"https:\/\/www.facebook.com\/Toidupakk\" \/>\n<meta property=\"article:modified_time\" content=\"2026-04-13T16:00:39+00:00\" \/>\n<meta property=\"og:image\" content=\"https:\/\/toidupakk.ee\/wp-content\/uploads\/2023\/06\/Universaalne-lahas-kaele-jalale-1.png\" \/>\n\t<meta property=\"og:image:width\" content=\"1080\" \/>\n\t<meta property=\"og:image:height\" content=\"1080\" \/>\n\t<meta property=\"og:image:type\" content=\"image\/png\" \/>\n<meta name=\"twitter:card\" content=\"summary_large_image\" \/>\n<meta name=\"twitter:label1\" content=\"Szacowany czas czytania\" \/>\n\t<meta name=\"twitter:data1\" content=\"1 minuta\" \/>\n<script type=\"application\/ld+json\" class=\"yoast-schema-graph\">{\"@context\":\"https:\\\/\\\/schema.org\",\"@graph\":[{\"@type\":\"WebPage\",\"@id\":\"https:\\\/\\\/toidupakk.ee\\\/pl\\\/toode\\\/szyna-uniwersalna-dodatek-do-apteczki\\\/\",\"url\":\"https:\\\/\\\/toidupakk.ee\\\/pl\\\/toode\\\/szyna-uniwersalna-dodatek-do-apteczki\\\/\",\"name\":\"Szyna uniwersalna (dodatek do apteczki)\",\"isPartOf\":{\"@id\":\"https:\\\/\\\/toidupakk.ee\\\/pl\\\/#website\"},\"primaryImageOfPage\":{\"@id\":\"https:\\\/\\\/toidupakk.ee\\\/pl\\\/toode\\\/szyna-uniwersalna-dodatek-do-apteczki\\\/#primaryimage\"},\"image\":{\"@id\":\"https:\\\/\\\/toidupakk.ee\\\/pl\\\/toode\\\/szyna-uniwersalna-dodatek-do-apteczki\\\/#primaryimage\"},\"thumbnailUrl\":\"https:\\\/\\\/toidupakk.ee\\\/wp-content\\\/uploads\\\/2023\\\/06\\\/Universaalne-lahas-kaele-jalale-1.png\",\"datePublished\":\"2023-06-09T08:29:30+00:00\",\"dateModified\":\"2026-04-13T16:00:39+00:00\",\"description\":\"Szyna uniwersalna, zaprojektowana jako element apteczki. Do unieruchamiania ko\u0144czyn przy urazach r\u0105k lub n\u00f3g. Ultralekka (140 g), idealnie mie\u015bci si\u0119 w plecaku\",\"breadcrumb\":{\"@id\":\"https:\\\/\\\/toidupakk.ee\\\/pl\\\/toode\\\/szyna-uniwersalna-dodatek-do-apteczki\\\/#breadcrumb\"},\"inLanguage\":\"pl-PL\",\"potentialAction\":[{\"@type\":\"ReadAction\",\"target\":[\"https:\\\/\\\/toidupakk.ee\\\/pl\\\/toode\\\/szyna-uniwersalna-dodatek-do-apteczki\\\/\"]}]},{\"@type\":\"ImageObject\",\"inLanguage\":\"pl-PL\",\"@id\":\"https:\\\/\\\/toidupakk.ee\\\/pl\\\/toode\\\/szyna-uniwersalna-dodatek-do-apteczki\\\/#primaryimage\",\"url\":\"https:\\\/\\\/toidupakk.ee\\\/wp-content\\\/uploads\\\/2023\\\/06\\\/Universaalne-lahas-kaele-jalale-1.png\",\"contentUrl\":\"https:\\\/\\\/toidupakk.ee\\\/wp-content\\\/uploads\\\/2023\\\/06\\\/Universaalne-lahas-kaele-jalale-1.png\",\"width\":1080,\"height\":1080,\"caption\":\"K\u00e4elahas jalalahas\"},{\"@type\":\"BreadcrumbList\",\"@id\":\"https:\\\/\\\/toidupakk.ee\\\/pl\\\/toode\\\/szyna-uniwersalna-dodatek-do-apteczki\\\/#breadcrumb\",\"itemListElement\":[{\"@type\":\"ListItem\",\"position\":1,\"name\":\"Avaleht\",\"item\":\"https:\\\/\\\/toidupakk.ee\\\/pl\\\/\"},{\"@type\":\"ListItem\",\"position\":2,\"name\":\"Sklep internetowy\",\"item\":\"https:\\\/\\\/toidupakk.ee\\\/pl\\\/sklep-internetowy\\\/\"},{\"@type\":\"ListItem\",\"position\":3,\"name\":\"Szyna uniwersalna (dodatek do apteczki)\"}]},{\"@type\":\"WebSite\",\"@id\":\"https:\\\/\\\/toidupakk.ee\\\/pl\\\/#website\",\"url\":\"https:\\\/\\\/toidupakk.ee\\\/pl\\\/\",\"name\":\"Toidupakk.ee - Tactical Foodpack toidupakid\",\"description\":\"Tactical Foodpack k\u00fclmkuivatatud toidupakid ja matkaeined\",\"publisher\":{\"@id\":\"https:\\\/\\\/toidupakk.ee\\\/pl\\\/#organization\"},\"potentialAction\":[{\"@type\":\"SearchAction\",\"target\":{\"@type\":\"EntryPoint\",\"urlTemplate\":\"https:\\\/\\\/toidupakk.ee\\\/pl\\\/?s={search_term_string}\"},\"query-input\":{\"@type\":\"PropertyValueSpecification\",\"valueRequired\":true,\"valueName\":\"search_term_string\"}}],\"inLanguage\":\"pl-PL\"},{\"@type\":\"Organization\",\"@id\":\"https:\\\/\\\/toidupakk.ee\\\/pl\\\/#organization\",\"name\":\"Tactical Foodpack matkaeined\",\"url\":\"https:\\\/\\\/toidupakk.ee\\\/pl\\\/\",\"logo\":{\"@type\":\"ImageObject\",\"inLanguage\":\"pl-PL\",\"@id\":\"https:\\\/\\\/toidupakk.ee\\\/pl\\\/#\\\/schema\\\/logo\\\/image\\\/\",\"url\":\"https:\\\/\\\/toidupakk.ee\\\/wp-content\\\/uploads\\\/2022\\\/01\\\/Toidupakk-matkapood-logo-transparent.png\",\"contentUrl\":\"https:\\\/\\\/toidupakk.ee\\\/wp-content\\\/uploads\\\/2022\\\/01\\\/Toidupakk-matkapood-logo-transparent.png\",\"width\":500,\"height\":500,\"caption\":\"Tactical Foodpack matkaeined\"},\"image\":{\"@id\":\"https:\\\/\\\/toidupakk.ee\\\/pl\\\/#\\\/schema\\\/logo\\\/image\\\/\"},\"sameAs\":[\"https:\\\/\\\/www.facebook.com\\\/Toidupakk\",\"https:\\\/\\\/www.instagram.com\\\/toidupakk\\\/\"]}]}<\/script>\n<!-- \/ Yoast SEO plugin. -->","yoast_head_json":{"title":"Szyna uniwersalna (dodatek do apteczki)","description":"Szyna uniwersalna, zaprojektowana jako element apteczki. Do unieruchamiania ko\u0144czyn przy urazach r\u0105k lub n\u00f3g. Ultralekka (140 g), idealnie mie\u015bci si\u0119 w plecaku","robots":{"index":"index","follow":"follow","max-snippet":"max-snippet:-1","max-image-preview":"max-image-preview:large","max-video-preview":"max-video-preview:-1"},"canonical":"https:\/\/toidupakk.ee\/pl\/toode\/szyna-uniwersalna-dodatek-do-apteczki\/","og_locale":"pl_PL","og_type":"article","og_title":"Szyna uniwersalna (dodatek do apteczki)","og_description":"Szyna uniwersalna, zaprojektowana jako element apteczki. Do unieruchamiania ko\u0144czyn przy urazach r\u0105k lub n\u00f3g. Ultralekka (140 g), idealnie mie\u015bci si\u0119 w plecaku","og_url":"https:\/\/toidupakk.ee\/pl\/toode\/szyna-uniwersalna-dodatek-do-apteczki\/","og_site_name":"Toidupakk.ee - Tactical Foodpack toidupakid","article_publisher":"https:\/\/www.facebook.com\/Toidupakk","article_modified_time":"2026-04-13T16:00:39+00:00","og_image":[{"width":1080,"height":1080,"url":"https:\/\/toidupakk.ee\/wp-content\/uploads\/2023\/06\/Universaalne-lahas-kaele-jalale-1.png","type":"image\/png"}],"twitter_card":"summary_large_image","twitter_misc":{"Szacowany czas czytania":"1 minuta"},"schema":{"@context":"https:\/\/schema.org","@graph":[{"@type":"WebPage","@id":"https:\/\/toidupakk.ee\/pl\/toode\/szyna-uniwersalna-dodatek-do-apteczki\/","url":"https:\/\/toidupakk.ee\/pl\/toode\/szyna-uniwersalna-dodatek-do-apteczki\/","name":"Szyna uniwersalna (dodatek do apteczki)","isPartOf":{"@id":"https:\/\/toidupakk.ee\/pl\/#website"},"primaryImageOfPage":{"@id":"https:\/\/toidupakk.ee\/pl\/toode\/szyna-uniwersalna-dodatek-do-apteczki\/#primaryimage"},"image":{"@id":"https:\/\/toidupakk.ee\/pl\/toode\/szyna-uniwersalna-dodatek-do-apteczki\/#primaryimage"},"thumbnailUrl":"https:\/\/toidupakk.ee\/wp-content\/uploads\/2023\/06\/Universaalne-lahas-kaele-jalale-1.png","datePublished":"2023-06-09T08:29:30+00:00","dateModified":"2026-04-13T16:00:39+00:00","description":"Szyna uniwersalna, zaprojektowana jako element apteczki. Do unieruchamiania ko\u0144czyn przy urazach r\u0105k lub n\u00f3g. Ultralekka (140 g), idealnie mie\u015bci si\u0119 w plecaku","breadcrumb":{"@id":"https:\/\/toidupakk.ee\/pl\/toode\/szyna-uniwersalna-dodatek-do-apteczki\/#breadcrumb"},"inLanguage":"pl-PL","potentialAction":[{"@type":"ReadAction","target":["https:\/\/toidupakk.ee\/pl\/toode\/szyna-uniwersalna-dodatek-do-apteczki\/"]}]},{"@type":"ImageObject","inLanguage":"pl-PL","@id":"https:\/\/toidupakk.ee\/pl\/toode\/szyna-uniwersalna-dodatek-do-apteczki\/#primaryimage","url":"https:\/\/toidupakk.ee\/wp-content\/uploads\/2023\/06\/Universaalne-lahas-kaele-jalale-1.png","contentUrl":"https:\/\/toidupakk.ee\/wp-content\/uploads\/2023\/06\/Universaalne-lahas-kaele-jalale-1.png","width":1080,"height":1080,"caption":"K\u00e4elahas jalalahas"},{"@type":"BreadcrumbList","@id":"https:\/\/toidupakk.ee\/pl\/toode\/szyna-uniwersalna-dodatek-do-apteczki\/#breadcrumb","itemListElement":[{"@type":"ListItem","position":1,"name":"Avaleht","item":"https:\/\/toidupakk.ee\/pl\/"},{"@type":"ListItem","position":2,"name":"Sklep internetowy","item":"https:\/\/toidupakk.ee\/pl\/sklep-internetowy\/"},{"@type":"ListItem","position":3,"name":"Szyna uniwersalna (dodatek do apteczki)"}]},{"@type":"WebSite","@id":"https:\/\/toidupakk.ee\/pl\/#website","url":"https:\/\/toidupakk.ee\/pl\/","name":"Toidupakk.ee - Tactical Foodpack toidupakid","description":"Tactical Foodpack k\u00fclmkuivatatud toidupakid ja matkaeined","publisher":{"@id":"https:\/\/toidupakk.ee\/pl\/#organization"},"potentialAction":[{"@type":"SearchAction","target":{"@type":"EntryPoint","urlTemplate":"https:\/\/toidupakk.ee\/pl\/?s={search_term_string}"},"query-input":{"@type":"PropertyValueSpecification","valueRequired":true,"valueName":"search_term_string"}}],"inLanguage":"pl-PL"},{"@type":"Organization","@id":"https:\/\/toidupakk.ee\/pl\/#organization","name":"Tactical Foodpack matkaeined","url":"https:\/\/toidupakk.ee\/pl\/","logo":{"@type":"ImageObject","inLanguage":"pl-PL","@id":"https:\/\/toidupakk.ee\/pl\/#\/schema\/logo\/image\/","url":"https:\/\/toidupakk.ee\/wp-content\/uploads\/2022\/01\/Toidupakk-matkapood-logo-transparent.png","contentUrl":"https:\/\/toidupakk.ee\/wp-content\/uploads\/2022\/01\/Toidupakk-matkapood-logo-transparent.png","width":500,"height":500,"caption":"Tactical Foodpack matkaeined"},"image":{"@id":"https:\/\/toidupakk.ee\/pl\/#\/schema\/logo\/image\/"},"sameAs":["https:\/\/www.facebook.com\/Toidupakk","https:\/\/www.instagram.com\/toidupakk\/"]}]}},"jetpack_sharing_enabled":true,"_links":{"self":[{"href":"https:\/\/toidupakk.ee\/pl\/wp-json\/wp\/v2\/product\/52125","targetHints":{"allow":["GET"]}}],"collection":[{"href":"https:\/\/toidupakk.ee\/pl\/wp-json\/wp\/v2\/product"}],"about":[{"href":"https:\/\/toidupakk.ee\/pl\/wp-json\/wp\/v2\/types\/product"}],"replies":[{"embeddable":true,"href":"https:\/\/toidupakk.ee\/pl\/wp-json\/wp\/v2\/comments?post=52125"}],"wp:featuredmedia":[{"embeddable":true,"href":"https:\/\/toidupakk.ee\/pl\/wp-json\/wp\/v2\/media\/9863"}],"wp:attachment":[{"href":"https:\/\/toidupakk.ee\/pl\/wp-json\/wp\/v2\/media?parent=52125"}],"wp:term":[{"taxonomy":"product_brand","embeddable":true,"href":"https:\/\/toidupakk.ee\/pl\/wp-json\/wp\/v2\/product_brand?post=52125"},{"taxonomy":"product_cat","embeddable":true,"href":"https:\/\/toidupakk.ee\/pl\/wp-json\/wp\/v2\/product_cat?post=52125"},{"taxonomy":"product_tag","embeddable":true,"href":"https:\/\/toidupakk.ee\/pl\/wp-json\/wp\/v2\/product_tag?post=52125"}],"curies":[{"name":"wp","href":"https:\/\/api.w.org\/{rel}","templated":true}]}}