{"id":52124,"date":"2023-06-29T11:52:51","date_gmt":"2023-06-29T08:52:51","guid":{"rendered":"https:\/\/toidupakk.ee\/toode\/przekaska-ze-swierszczy-smietanka-z-cebula\/"},"modified":"2026-04-29T15:30:44","modified_gmt":"2026-04-29T12:30:44","slug":"przekaska-ze-swierszczy-smietanka-z-cebula","status":"publish","type":"product","link":"https:\/\/toidupakk.ee\/pl\/toode\/przekaska-ze-swierszczy-smietanka-z-cebula\/","title":{"rendered":"Przek\u0105ska ze \u015bwierszczy \u015bmietanka z cebul\u0105"},"content":{"rendered":"<p>Przek\u0105ska ze \u015bwierszczy o smaku \u015bmietanki z cebul\u0105 to zdrowa i warto\u015bciowa przek\u0105ska na bazie \u015bwierszczy. Te chrupi\u0105ce smako\u0142yki maj\u0105 pyszny smak \u015bmietanki z cebul\u0105, a jednocze\u015bnie s\u0105 bogate w bia\u0142ko, witaminy i minera\u0142y. Przek\u0105ska powstaje dzi\u0119ki specjalnej technologii, kt\u00f3ra zachowuje chrupko\u015b\u0107 i walory smakowe \u015bwierszczy. Dodatkowo s\u0105 zapakowane w wygodne opakowanie nadaj\u0105ce si\u0119 do recyklingu, kt\u00f3re zapewnia \u015bwie\u017co\u015b\u0107 i u\u0142atwia zabranie ich ze sob\u0105.   <\/p>\n<p><img fetchpriority=\"high\" decoding=\"async\" class=\"alignnone size-medium wp-image-10627\" src=\"https:\/\/toidupakk.ee\/wp-content\/uploads\/2023\/06\/Kilgisnakk-Green-bite--300x300.png\" alt=\"Przek\u0105ska ze \u015bwierszczy musztardowy bekon 6\" width=\"300\" height=\"300\" srcset=\"https:\/\/toidupakk.ee\/wp-content\/uploads\/2023\/06\/Kilgisnakk-Green-bite--300x300.png 300w, https:\/\/toidupakk.ee\/wp-content\/uploads\/2023\/06\/Kilgisnakk-Green-bite--400x400.png 400w, https:\/\/toidupakk.ee\/wp-content\/uploads\/2023\/06\/Kilgisnakk-Green-bite--100x100.png 100w, https:\/\/toidupakk.ee\/wp-content\/uploads\/2023\/06\/Kilgisnakk-Green-bite--800x800.png 800w, https:\/\/toidupakk.ee\/wp-content\/uploads\/2023\/06\/Kilgisnakk-Green-bite--1024x1024.png 1024w, https:\/\/toidupakk.ee\/wp-content\/uploads\/2023\/06\/Kilgisnakk-Green-bite--500x500.png 500w, https:\/\/toidupakk.ee\/wp-content\/uploads\/2023\/06\/Kilgisnakk-Green-bite--768x768.png 768w, https:\/\/toidupakk.ee\/wp-content\/uploads\/2023\/06\/Kilgisnakk-Green-bite-.png 1080w\" sizes=\"(max-width: 300px) 100vw, 300px\" \/><\/p>\n<p>Wyb\u00f3r przek\u0105sek ze \u015bwierszczy Green Bite to \u015bwietna alternatywa dla tradycyjnych chips\u00f3w. Maj\u0105 one wiele zalet. Po pierwsze, wybieraj\u0105c je, pomagasz oszcz\u0119dza\u0107 wod\u0119, poniewa\u017c ich produkcja wymaga znacznie mniej wody ni\u017c w przypadku chips\u00f3w. Po drugie, s\u0105 bogatym \u017ar\u00f3d\u0142em wapnia, \u017celaza i bia\u0142ka, a tak\u017ce zawieraj\u0105 84% dziennego zapotrzebowania na witamin\u0119 B12. Witamina B12 jest kluczowa dla zmniejszenia zm\u0119czenia i znu\u017cenia oraz prawid\u0142owego funkcjonowania uk\u0142adu nerwowego.    <\/p>\n<p>Sprawd\u017a inne akcesoria turystyczne <a href=\"https:\/\/toidupakk.ee\/pl\/tootekategooria\/sprzet-turystyczny\/#section-3-79\">TUTAJ<\/a><\/p>\n<p>Interesuj\u0105 Ci\u0119 posi\u0142ki turystyczne? Zobacz <a href=\"\/?product_cat=snakk#section-3-79\">TUTAJ<\/a><\/p>\n<p>Znajd\u017a inspiracj\u0119 na kolejne przygody na <a href=\"https:\/\/www.instagram.com\/toidupakk\/\">Instagramie<\/a> i <a href=\"https:\/\/www.facebook.com\/Toidupakk\/\">Facebooku<\/a> Toidupakk.<\/p>\n","protected":false},"excerpt":{"rendered":"<div class=\"page\" title=\"Strona 1\">\n<div class=\"section\">\n<div class=\"layoutArea\">\n<div class=\"column\">\n<div class=\"page\" title=\"Strona 1\">\n<div class=\"section\">\n<div class=\"layoutArea\">\n<div class=\"column\">\n<p><strong>WYBIERZ ZDROWE \u015aWIERSZCZE ZAMIAST CHIPS\u00d3W!<\/strong><br \/>\nZyskasz dawk\u0119 emocji, mn\u00f3stwo korzy\u015bci dla zdrowia i zrobisz co\u015b dobrego dla \u015brodowiska. Idealne na prezent, jako zdrowa przek\u0105ska lub dodatek do da\u0144 \u2013 na przyk\u0142ad do sa\u0142atek. <\/p>\n<\/div>\n<\/div>\n<\/div>\n<\/div>\n<pre><\/pre>\n<\/div>\n<\/div>\n<\/div>\n<\/div>\n<p>Przek\u0105ska ze \u015bwierszczy to smaczna i zdrowa przek\u0105ska, kt\u00f3ra cieszy podniebienie i cia\u0142o. Wykonane z wysokiej jako\u015bci naturalnych sk\u0142adnik\u00f3w, idealnie sprawdz\u0105 si\u0119 jako zdrowy posi\u0142ek lub zastrzyk energii w aktywny dzie\u0144. <\/p>\n<ul>\n<li><strong>termin przydatno\u015bci 9 miesi\u0119cy<\/strong><\/li>\n<li>\u017ar\u00f3d\u0142o wapnia<\/li>\n<li>\u017ar\u00f3d\u0142o \u017celaza<\/li>\n<li>\u017ar\u00f3d\u0142o bia\u0142ka<\/li>\n<li>\u017ar\u00f3d\u0142o witaminy B12 (84% dziennego zapotrzebowania) \u2013 witamina B12 zmniejsza uczucie zm\u0119czenia i znu\u017cenia oraz wspiera prawid\u0142owe funkcjonowanie uk\u0142adu nerwowego<\/li>\n<li>Waga produktu 25 g<\/li>\n<li>\u015awierszcze (Acheta domesticus) hodowane w Estonii<\/li>\n<li>Bez cukru rafinowanego<\/li>\n<li>Bez sztucznych dodatk\u00f3w i konserwant\u00f3w<\/li>\n<\/ul>\n<p>\u2705 Dost\u0119pny w magazynie, szybka dostawa w 1-3 dni robocze<\/p>\n","protected":false},"featured_media":10717,"comment_status":"open","ping_status":"closed","template":"","meta":{"_acf_changed":false},"product_brand":[],"product_cat":[303,364,322,340,301],"product_tag":[305],"class_list":{"0":"post-52124","1":"product","2":"type-product","3":"status-publish","4":"has-post-thumbnail","6":"product_cat-akcesoria-turystyczne","7":"product_cat-dodatki","8":"product_cat-przekaski","9":"product_cat-przekaski-ze-swierszczy","10":"product_cat-sprzet-turystyczny","11":"product_tag-no_ads","13":"first","14":"instock","15":"taxable","16":"shipping-taxable","17":"purchasable","18":"product-type-simple"},"bundled_by":[],"bundle_stock_status":"instock","bundle_stock_quantity":6,"bundle_virtual":false,"bundle_layout":"","bundle_add_to_cart_form_location":"","bundle_editable_in_cart":false,"bundle_sold_individually_context":"","bundle_item_grouping":"","bundle_min_size":"","bundle_max_size":"","bundle_price":[],"bundled_items":[],"bundle_sell_ids":[],"acf":[],"yoast_head":"<!-- This site is optimized with the Yoast SEO plugin v27.3 - https:\/\/yoast.com\/product\/yoast-seo-wordpress\/ -->\n<title>Przek\u0105ska ze \u015bwierszczy \u015bmietanka z cebul\u0105<\/title>\n<meta name=\"description\" content=\"Przek\u0105ska ze \u015bwierszczy ma pyszny smak \u015bmietanki z cebul\u0105 i jest bogata w bia\u0142ko, witaminy oraz minera\u0142y.\" \/>\n<meta name=\"robots\" content=\"index, follow, max-snippet:-1, max-image-preview:large, max-video-preview:-1\" \/>\n<link rel=\"canonical\" href=\"https:\/\/toidupakk.ee\/pl\/toode\/przekaska-ze-swierszczy-smietanka-z-cebula\/\" \/>\n<meta property=\"og:locale\" content=\"pl_PL\" \/>\n<meta property=\"og:type\" content=\"article\" \/>\n<meta property=\"og:title\" content=\"Przek\u0105ska ze \u015bwierszczy \u015bmietanka z cebul\u0105\" \/>\n<meta property=\"og:description\" content=\"Przek\u0105ska ze \u015bwierszczy ma pyszny smak \u015bmietanki z cebul\u0105 i jest bogata w bia\u0142ko, witaminy oraz minera\u0142y.\" \/>\n<meta property=\"og:url\" content=\"https:\/\/toidupakk.ee\/pl\/toode\/przekaska-ze-swierszczy-smietanka-z-cebula\/\" \/>\n<meta property=\"og:site_name\" content=\"Toidupakk.ee - Tactical Foodpack toidupakid\" \/>\n<meta property=\"article:publisher\" content=\"https:\/\/www.facebook.com\/Toidupakk\" \/>\n<meta property=\"article:modified_time\" content=\"2026-04-29T12:30:44+00:00\" \/>\n<meta property=\"og:image\" content=\"https:\/\/toidupakk.ee\/wp-content\/uploads\/2023\/06\/kilgikrops-hapukoore-sibula80.png\" \/>\n\t<meta property=\"og:image:width\" content=\"1080\" \/>\n\t<meta property=\"og:image:height\" content=\"1080\" \/>\n\t<meta property=\"og:image:type\" content=\"image\/png\" \/>\n<meta name=\"twitter:card\" content=\"summary_large_image\" \/>\n<meta name=\"twitter:label1\" content=\"Szacowany czas czytania\" \/>\n\t<meta name=\"twitter:data1\" content=\"1 minuta\" \/>\n<script type=\"application\/ld+json\" class=\"yoast-schema-graph\">{\"@context\":\"https:\\\/\\\/schema.org\",\"@graph\":[{\"@type\":\"WebPage\",\"@id\":\"https:\\\/\\\/toidupakk.ee\\\/pl\\\/toode\\\/przekaska-ze-swierszczy-smietanka-z-cebula\\\/\",\"url\":\"https:\\\/\\\/toidupakk.ee\\\/pl\\\/toode\\\/przekaska-ze-swierszczy-smietanka-z-cebula\\\/\",\"name\":\"Przek\u0105ska ze \u015bwierszczy \u015bmietanka z cebul\u0105\",\"isPartOf\":{\"@id\":\"https:\\\/\\\/toidupakk.ee\\\/pl\\\/#website\"},\"primaryImageOfPage\":{\"@id\":\"https:\\\/\\\/toidupakk.ee\\\/pl\\\/toode\\\/przekaska-ze-swierszczy-smietanka-z-cebula\\\/#primaryimage\"},\"image\":{\"@id\":\"https:\\\/\\\/toidupakk.ee\\\/pl\\\/toode\\\/przekaska-ze-swierszczy-smietanka-z-cebula\\\/#primaryimage\"},\"thumbnailUrl\":\"https:\\\/\\\/toidupakk.ee\\\/wp-content\\\/uploads\\\/2023\\\/06\\\/kilgikrops-hapukoore-sibula80.png\",\"datePublished\":\"2023-06-29T08:52:51+00:00\",\"dateModified\":\"2026-04-29T12:30:44+00:00\",\"description\":\"Przek\u0105ska ze \u015bwierszczy ma pyszny smak \u015bmietanki z cebul\u0105 i jest bogata w bia\u0142ko, witaminy oraz minera\u0142y.\",\"breadcrumb\":{\"@id\":\"https:\\\/\\\/toidupakk.ee\\\/pl\\\/toode\\\/przekaska-ze-swierszczy-smietanka-z-cebula\\\/#breadcrumb\"},\"inLanguage\":\"pl-PL\",\"potentialAction\":[{\"@type\":\"ReadAction\",\"target\":[\"https:\\\/\\\/toidupakk.ee\\\/pl\\\/toode\\\/przekaska-ze-swierszczy-smietanka-z-cebula\\\/\"]}]},{\"@type\":\"ImageObject\",\"inLanguage\":\"pl-PL\",\"@id\":\"https:\\\/\\\/toidupakk.ee\\\/pl\\\/toode\\\/przekaska-ze-swierszczy-smietanka-z-cebula\\\/#primaryimage\",\"url\":\"https:\\\/\\\/toidupakk.ee\\\/wp-content\\\/uploads\\\/2023\\\/06\\\/kilgikrops-hapukoore-sibula80.png\",\"contentUrl\":\"https:\\\/\\\/toidupakk.ee\\\/wp-content\\\/uploads\\\/2023\\\/06\\\/kilgikrops-hapukoore-sibula80.png\",\"width\":1080,\"height\":1080,\"caption\":\"Kilgisn\u00e4kk 74\"},{\"@type\":\"BreadcrumbList\",\"@id\":\"https:\\\/\\\/toidupakk.ee\\\/pl\\\/toode\\\/przekaska-ze-swierszczy-smietanka-z-cebula\\\/#breadcrumb\",\"itemListElement\":[{\"@type\":\"ListItem\",\"position\":1,\"name\":\"Avaleht\",\"item\":\"https:\\\/\\\/toidupakk.ee\\\/pl\\\/\"},{\"@type\":\"ListItem\",\"position\":2,\"name\":\"Sklep internetowy\",\"item\":\"https:\\\/\\\/toidupakk.ee\\\/pl\\\/sklep-internetowy\\\/\"},{\"@type\":\"ListItem\",\"position\":3,\"name\":\"Przek\u0105ska ze \u015bwierszczy \u015bmietanka z cebul\u0105\"}]},{\"@type\":\"WebSite\",\"@id\":\"https:\\\/\\\/toidupakk.ee\\\/pl\\\/#website\",\"url\":\"https:\\\/\\\/toidupakk.ee\\\/pl\\\/\",\"name\":\"Toidupakk.ee - Tactical Foodpack toidupakid\",\"description\":\"Tactical Foodpack k\u00fclmkuivatatud toidupakid ja matkaeined\",\"publisher\":{\"@id\":\"https:\\\/\\\/toidupakk.ee\\\/pl\\\/#organization\"},\"potentialAction\":[{\"@type\":\"SearchAction\",\"target\":{\"@type\":\"EntryPoint\",\"urlTemplate\":\"https:\\\/\\\/toidupakk.ee\\\/pl\\\/?s={search_term_string}\"},\"query-input\":{\"@type\":\"PropertyValueSpecification\",\"valueRequired\":true,\"valueName\":\"search_term_string\"}}],\"inLanguage\":\"pl-PL\"},{\"@type\":\"Organization\",\"@id\":\"https:\\\/\\\/toidupakk.ee\\\/pl\\\/#organization\",\"name\":\"Tactical Foodpack matkaeined\",\"url\":\"https:\\\/\\\/toidupakk.ee\\\/pl\\\/\",\"logo\":{\"@type\":\"ImageObject\",\"inLanguage\":\"pl-PL\",\"@id\":\"https:\\\/\\\/toidupakk.ee\\\/pl\\\/#\\\/schema\\\/logo\\\/image\\\/\",\"url\":\"https:\\\/\\\/toidupakk.ee\\\/wp-content\\\/uploads\\\/2022\\\/01\\\/Toidupakk-matkapood-logo-transparent.png\",\"contentUrl\":\"https:\\\/\\\/toidupakk.ee\\\/wp-content\\\/uploads\\\/2022\\\/01\\\/Toidupakk-matkapood-logo-transparent.png\",\"width\":500,\"height\":500,\"caption\":\"Tactical Foodpack matkaeined\"},\"image\":{\"@id\":\"https:\\\/\\\/toidupakk.ee\\\/pl\\\/#\\\/schema\\\/logo\\\/image\\\/\"},\"sameAs\":[\"https:\\\/\\\/www.facebook.com\\\/Toidupakk\",\"https:\\\/\\\/www.instagram.com\\\/toidupakk\\\/\"]}]}<\/script>\n<!-- \/ Yoast SEO plugin. -->","yoast_head_json":{"title":"Przek\u0105ska ze \u015bwierszczy \u015bmietanka z cebul\u0105","description":"Przek\u0105ska ze \u015bwierszczy ma pyszny smak \u015bmietanki z cebul\u0105 i jest bogata w bia\u0142ko, witaminy oraz minera\u0142y.","robots":{"index":"index","follow":"follow","max-snippet":"max-snippet:-1","max-image-preview":"max-image-preview:large","max-video-preview":"max-video-preview:-1"},"canonical":"https:\/\/toidupakk.ee\/pl\/toode\/przekaska-ze-swierszczy-smietanka-z-cebula\/","og_locale":"pl_PL","og_type":"article","og_title":"Przek\u0105ska ze \u015bwierszczy \u015bmietanka z cebul\u0105","og_description":"Przek\u0105ska ze \u015bwierszczy ma pyszny smak \u015bmietanki z cebul\u0105 i jest bogata w bia\u0142ko, witaminy oraz minera\u0142y.","og_url":"https:\/\/toidupakk.ee\/pl\/toode\/przekaska-ze-swierszczy-smietanka-z-cebula\/","og_site_name":"Toidupakk.ee - Tactical Foodpack toidupakid","article_publisher":"https:\/\/www.facebook.com\/Toidupakk","article_modified_time":"2026-04-29T12:30:44+00:00","og_image":[{"width":1080,"height":1080,"url":"https:\/\/toidupakk.ee\/wp-content\/uploads\/2023\/06\/kilgikrops-hapukoore-sibula80.png","type":"image\/png"}],"twitter_card":"summary_large_image","twitter_misc":{"Szacowany czas czytania":"1 minuta"},"schema":{"@context":"https:\/\/schema.org","@graph":[{"@type":"WebPage","@id":"https:\/\/toidupakk.ee\/pl\/toode\/przekaska-ze-swierszczy-smietanka-z-cebula\/","url":"https:\/\/toidupakk.ee\/pl\/toode\/przekaska-ze-swierszczy-smietanka-z-cebula\/","name":"Przek\u0105ska ze \u015bwierszczy \u015bmietanka z cebul\u0105","isPartOf":{"@id":"https:\/\/toidupakk.ee\/pl\/#website"},"primaryImageOfPage":{"@id":"https:\/\/toidupakk.ee\/pl\/toode\/przekaska-ze-swierszczy-smietanka-z-cebula\/#primaryimage"},"image":{"@id":"https:\/\/toidupakk.ee\/pl\/toode\/przekaska-ze-swierszczy-smietanka-z-cebula\/#primaryimage"},"thumbnailUrl":"https:\/\/toidupakk.ee\/wp-content\/uploads\/2023\/06\/kilgikrops-hapukoore-sibula80.png","datePublished":"2023-06-29T08:52:51+00:00","dateModified":"2026-04-29T12:30:44+00:00","description":"Przek\u0105ska ze \u015bwierszczy ma pyszny smak \u015bmietanki z cebul\u0105 i jest bogata w bia\u0142ko, witaminy oraz minera\u0142y.","breadcrumb":{"@id":"https:\/\/toidupakk.ee\/pl\/toode\/przekaska-ze-swierszczy-smietanka-z-cebula\/#breadcrumb"},"inLanguage":"pl-PL","potentialAction":[{"@type":"ReadAction","target":["https:\/\/toidupakk.ee\/pl\/toode\/przekaska-ze-swierszczy-smietanka-z-cebula\/"]}]},{"@type":"ImageObject","inLanguage":"pl-PL","@id":"https:\/\/toidupakk.ee\/pl\/toode\/przekaska-ze-swierszczy-smietanka-z-cebula\/#primaryimage","url":"https:\/\/toidupakk.ee\/wp-content\/uploads\/2023\/06\/kilgikrops-hapukoore-sibula80.png","contentUrl":"https:\/\/toidupakk.ee\/wp-content\/uploads\/2023\/06\/kilgikrops-hapukoore-sibula80.png","width":1080,"height":1080,"caption":"Kilgisn\u00e4kk 74"},{"@type":"BreadcrumbList","@id":"https:\/\/toidupakk.ee\/pl\/toode\/przekaska-ze-swierszczy-smietanka-z-cebula\/#breadcrumb","itemListElement":[{"@type":"ListItem","position":1,"name":"Avaleht","item":"https:\/\/toidupakk.ee\/pl\/"},{"@type":"ListItem","position":2,"name":"Sklep internetowy","item":"https:\/\/toidupakk.ee\/pl\/sklep-internetowy\/"},{"@type":"ListItem","position":3,"name":"Przek\u0105ska ze \u015bwierszczy \u015bmietanka z cebul\u0105"}]},{"@type":"WebSite","@id":"https:\/\/toidupakk.ee\/pl\/#website","url":"https:\/\/toidupakk.ee\/pl\/","name":"Toidupakk.ee - Tactical Foodpack toidupakid","description":"Tactical Foodpack k\u00fclmkuivatatud toidupakid ja matkaeined","publisher":{"@id":"https:\/\/toidupakk.ee\/pl\/#organization"},"potentialAction":[{"@type":"SearchAction","target":{"@type":"EntryPoint","urlTemplate":"https:\/\/toidupakk.ee\/pl\/?s={search_term_string}"},"query-input":{"@type":"PropertyValueSpecification","valueRequired":true,"valueName":"search_term_string"}}],"inLanguage":"pl-PL"},{"@type":"Organization","@id":"https:\/\/toidupakk.ee\/pl\/#organization","name":"Tactical Foodpack matkaeined","url":"https:\/\/toidupakk.ee\/pl\/","logo":{"@type":"ImageObject","inLanguage":"pl-PL","@id":"https:\/\/toidupakk.ee\/pl\/#\/schema\/logo\/image\/","url":"https:\/\/toidupakk.ee\/wp-content\/uploads\/2022\/01\/Toidupakk-matkapood-logo-transparent.png","contentUrl":"https:\/\/toidupakk.ee\/wp-content\/uploads\/2022\/01\/Toidupakk-matkapood-logo-transparent.png","width":500,"height":500,"caption":"Tactical Foodpack matkaeined"},"image":{"@id":"https:\/\/toidupakk.ee\/pl\/#\/schema\/logo\/image\/"},"sameAs":["https:\/\/www.facebook.com\/Toidupakk","https:\/\/www.instagram.com\/toidupakk\/"]}]}},"jetpack_sharing_enabled":true,"_links":{"self":[{"href":"https:\/\/toidupakk.ee\/pl\/wp-json\/wp\/v2\/product\/52124","targetHints":{"allow":["GET"]}}],"collection":[{"href":"https:\/\/toidupakk.ee\/pl\/wp-json\/wp\/v2\/product"}],"about":[{"href":"https:\/\/toidupakk.ee\/pl\/wp-json\/wp\/v2\/types\/product"}],"replies":[{"embeddable":true,"href":"https:\/\/toidupakk.ee\/pl\/wp-json\/wp\/v2\/comments?post=52124"}],"wp:featuredmedia":[{"embeddable":true,"href":"https:\/\/toidupakk.ee\/pl\/wp-json\/wp\/v2\/media\/10717"}],"wp:attachment":[{"href":"https:\/\/toidupakk.ee\/pl\/wp-json\/wp\/v2\/media?parent=52124"}],"wp:term":[{"taxonomy":"product_brand","embeddable":true,"href":"https:\/\/toidupakk.ee\/pl\/wp-json\/wp\/v2\/product_brand?post=52124"},{"taxonomy":"product_cat","embeddable":true,"href":"https:\/\/toidupakk.ee\/pl\/wp-json\/wp\/v2\/product_cat?post=52124"},{"taxonomy":"product_tag","embeddable":true,"href":"https:\/\/toidupakk.ee\/pl\/wp-json\/wp\/v2\/product_tag?post=52124"}],"curies":[{"name":"wp","href":"https:\/\/api.w.org\/{rel}","templated":true}]}}