{"id":52111,"date":"2023-06-29T11:52:49","date_gmt":"2023-06-29T08:52:49","guid":{"rendered":"https:\/\/toidupakk.ee\/toode\/przekaska-z-swierszczy-naturalna\/"},"modified":"2026-04-15T20:30:11","modified_gmt":"2026-04-15T17:30:11","slug":"przekaska-z-swierszczy-naturalna","status":"publish","type":"product","link":"https:\/\/toidupakk.ee\/pl\/toode\/przekaska-z-swierszczy-naturalna\/","title":{"rendered":"Przek\u0105ska z \u015bwierszczy naturalna"},"content":{"rendered":"<p>Naturalna przek\u0105ska z \u015bwierszczy to zdrowy i smaczny produkt na bazie \u015bwierszczy. W wersji naturalnej \u015bwietnie sprawdzi si\u0119 jako dodatek do r\u00f3\u017cnych potraw. Mo\u017cesz doda\u0107 j\u0105 do sa\u0142atek, zup krem\u00f3w, owsianek lub chrupa\u0107 jako zdrow\u0105 przek\u0105sk\u0119. Chrupi\u0105ce i bogate w sk\u0142adniki od\u017cywcze \u015bwierszcze wzbogacaj\u0105 smak da\u0144, zapewniaj\u0105c zdrowe i przyjemne doznania kulinarne.   <\/p>\n<p>Przek\u0105ska powstaje dzi\u0119ki specjalnej technologii, kt\u00f3ra pozwala zachowa\u0107 chrupi\u0105c\u0105 tekstur\u0119 i walory smakowe \u015bwierszczy. Dodatkowo produkt jest zamkni\u0119ty w wygodnym opakowaniu nadaj\u0105cym si\u0119 do recyklingu, co zapewnia \u015bwie\u017co\u015b\u0107 i u\u0142atwia zabranie go ze sob\u0105. <\/p>\n<p><img fetchpriority=\"high\" decoding=\"async\" class=\"alignnone size-medium wp-image-10627\" src=\"https:\/\/toidupakk.ee\/wp-content\/uploads\/2023\/06\/Kilgisnakk-Green-bite--300x300.png\" alt=\"Przek\u0105ska z \u015bwierszczy musztardowy bekon 6\" width=\"300\" height=\"300\" srcset=\"https:\/\/toidupakk.ee\/wp-content\/uploads\/2023\/06\/Kilgisnakk-Green-bite--300x300.png 300w, https:\/\/toidupakk.ee\/wp-content\/uploads\/2023\/06\/Kilgisnakk-Green-bite--400x400.png 400w, https:\/\/toidupakk.ee\/wp-content\/uploads\/2023\/06\/Kilgisnakk-Green-bite--100x100.png 100w, https:\/\/toidupakk.ee\/wp-content\/uploads\/2023\/06\/Kilgisnakk-Green-bite--800x800.png 800w, https:\/\/toidupakk.ee\/wp-content\/uploads\/2023\/06\/Kilgisnakk-Green-bite--1024x1024.png 1024w, https:\/\/toidupakk.ee\/wp-content\/uploads\/2023\/06\/Kilgisnakk-Green-bite--500x500.png 500w, https:\/\/toidupakk.ee\/wp-content\/uploads\/2023\/06\/Kilgisnakk-Green-bite--768x768.png 768w, https:\/\/toidupakk.ee\/wp-content\/uploads\/2023\/06\/Kilgisnakk-Green-bite-.png 1080w\" sizes=\"(max-width: 300px) 100vw, 300px\" \/><\/p>\n<p>Przek\u0105ski z \u015bwierszczy Green Bite to \u015bwietna alternatywa dla tradycyjnych chips\u00f3w. Wybieraj\u0105c je, oszcz\u0119dzasz wod\u0119, poniewa\u017c ich produkcja wymaga jej znacznie mniej. S\u0105 bogatym \u017ar\u00f3d\u0142em wapnia, \u017celaza i bia\u0142ka, a tak\u017ce pokrywaj\u0105 84% dziennego zapotrzebowania na witamin\u0119 B12. Witamina B12 pomaga zmniejszy\u0107 uczucie zm\u0119czenia i znu\u017cenia oraz wspiera prawid\u0142owe funkcjonowanie uk\u0142adu nerwowego.    <\/p>\n<p>Sprawd\u017a inne akcesoria turystyczne <a href=\"https:\/\/toidupakk.ee\/pl\/tootekategooria\/sprzet-turystyczny\/#section-3-79\">TUTAJ<\/a><\/p>\n<p>Interesuj\u0105 Ci\u0119 posi\u0142ki turystyczne? Zobacz <a href=\"\/?product_cat=snakk#section-3-79\">TUTAJ<\/a><\/p>\n<p>Znajd\u017a inspiracj\u0119 na kolejne przygody na <a href=\"https:\/\/www.instagram.com\/toidupakk\/\">Instagramie<\/a> i <a href=\"https:\/\/www.facebook.com\/Toidupakk\/\">Facebooku<\/a> Toidupakk.<\/p>\n","protected":false},"excerpt":{"rendered":"<div class=\"page\" title=\"Strona 1\">\n<div class=\"section\">\n<div class=\"layoutArea\">\n<div class=\"column\">\n<p><strong>WYBIERZ PO\u017bYWNE \u015aWIERSZCZE ZAMIAST CHIPS\u00d3W!<\/strong><br \/>\nZyskasz dawk\u0119 emocji, mn\u00f3stwo korzy\u015bci dla zdrowia i zrobisz co\u015b dobrego dla \u015brodowiska. Idealne na prezent, jako zdrowa przek\u0105ska lub dodatek do da\u0144 \u2013 np. do sa\u0142atki. <\/p>\n<\/div>\n<\/div>\n<\/div>\n<\/div>\n<p>Przek\u0105ska z \u015bwierszczy to smaczny i zdrowy wyb\u00f3r, kt\u00f3ry ucieszy Twoje podniebienie i cia\u0142o. Wykonana z wysokiej jako\u015bci naturalnych sk\u0142adnik\u00f3w, idealnie sprawdzi si\u0119 jako zdrowa przegryzka lub zastrzyk energii w trakcie aktywnego dnia. <\/p>\n<ul>\n<li style=\"list-style-type: none;\">\n<ul>\n<li><strong>termin przydatno\u015bci 9 miesi\u0119cy<\/strong><\/li>\n<li>\u017ar\u00f3d\u0142o wapnia<\/li>\n<li>\u017ar\u00f3d\u0142o \u017celaza<\/li>\n<li>\u017ar\u00f3d\u0142o bia\u0142ka<\/li>\n<li>\u017ar\u00f3d\u0142o witaminy B12 (84% dziennego zapotrzebowania) \u2013 witamina B12 zmniejsza uczucie zm\u0119czenia i znu\u017cenia oraz wspiera uk\u0142ad nerwowy<\/li>\n<li>Waga produktu 25 g<\/li>\n<li>\u015awierszcze (Acheta domesticus) hodowane w Estonii<\/li>\n<li>Bez rafinowanego cukru<\/li>\n<li>Bez sztucznych barwnik\u00f3w i konserwant\u00f3w<\/li>\n<\/ul>\n<\/li>\n<\/ul>\n<p>\u2705 Dost\u0119pny w magazynie, szybka dostawa w 1-3 dni robocze<\/p>\n","protected":false},"featured_media":10716,"comment_status":"open","ping_status":"closed","template":"","meta":{"_acf_changed":false},"product_brand":[],"product_cat":[303,364,322,340,301],"product_tag":[305],"class_list":{"0":"post-52111","1":"product","2":"type-product","3":"status-publish","4":"has-post-thumbnail","6":"product_cat-akcesoria-turystyczne","7":"product_cat-dodatki","8":"product_cat-przekaski","9":"product_cat-przekaski-ze-swierszczy","10":"product_cat-sprzet-turystyczny","11":"product_tag-no_ads","13":"first","14":"instock","15":"taxable","16":"shipping-taxable","17":"purchasable","18":"product-type-simple"},"bundled_by":[],"bundle_stock_status":"instock","bundle_stock_quantity":8,"bundle_virtual":false,"bundle_layout":"","bundle_add_to_cart_form_location":"","bundle_editable_in_cart":false,"bundle_sold_individually_context":"","bundle_item_grouping":"","bundle_min_size":"","bundle_max_size":"","bundle_price":[],"bundled_items":[],"bundle_sell_ids":[],"acf":[],"yoast_head":"<!-- This site is optimized with the Yoast SEO plugin v27.3 - https:\/\/yoast.com\/product\/yoast-seo-wordpress\/ -->\n<title>Przek\u0105ska z \u015bwierszczy naturalna<\/title>\n<meta name=\"description\" content=\"Naturalna przek\u0105ska z \u015bwierszczy to zdrowy i smaczny wyb\u00f3r dla ka\u017cdego, kto szuka warto\u015bciowej alternatywy.\" \/>\n<meta name=\"robots\" content=\"index, follow, max-snippet:-1, max-image-preview:large, max-video-preview:-1\" \/>\n<link rel=\"canonical\" href=\"https:\/\/toidupakk.ee\/pl\/toode\/przekaska-z-swierszczy-naturalna\/\" \/>\n<meta property=\"og:locale\" content=\"pl_PL\" \/>\n<meta property=\"og:type\" content=\"article\" \/>\n<meta property=\"og:title\" content=\"Przek\u0105ska z \u015bwierszczy naturalna\" \/>\n<meta property=\"og:description\" content=\"Naturalna przek\u0105ska z \u015bwierszczy to zdrowy i smaczny wyb\u00f3r dla ka\u017cdego, kto szuka warto\u015bciowej alternatywy.\" \/>\n<meta property=\"og:url\" content=\"https:\/\/toidupakk.ee\/pl\/toode\/przekaska-z-swierszczy-naturalna\/\" \/>\n<meta property=\"og:site_name\" content=\"Toidupakk.ee - Tactical Foodpack toidupakid\" \/>\n<meta property=\"article:publisher\" content=\"https:\/\/www.facebook.com\/Toidupakk\" \/>\n<meta property=\"article:modified_time\" content=\"2026-04-15T17:30:11+00:00\" \/>\n<meta property=\"og:image\" content=\"https:\/\/toidupakk.ee\/wp-content\/uploads\/2023\/06\/kilgikrops-naturaalne79.png\" \/>\n\t<meta property=\"og:image:width\" content=\"1080\" \/>\n\t<meta property=\"og:image:height\" content=\"1080\" \/>\n\t<meta property=\"og:image:type\" content=\"image\/png\" \/>\n<meta name=\"twitter:card\" content=\"summary_large_image\" \/>\n<meta name=\"twitter:label1\" content=\"Szacowany czas czytania\" \/>\n\t<meta name=\"twitter:data1\" content=\"1 minuta\" \/>\n<script type=\"application\/ld+json\" class=\"yoast-schema-graph\">{\"@context\":\"https:\\\/\\\/schema.org\",\"@graph\":[{\"@type\":\"WebPage\",\"@id\":\"https:\\\/\\\/toidupakk.ee\\\/pl\\\/toode\\\/przekaska-z-swierszczy-naturalna\\\/\",\"url\":\"https:\\\/\\\/toidupakk.ee\\\/pl\\\/toode\\\/przekaska-z-swierszczy-naturalna\\\/\",\"name\":\"Przek\u0105ska z \u015bwierszczy naturalna\",\"isPartOf\":{\"@id\":\"https:\\\/\\\/toidupakk.ee\\\/pl\\\/#website\"},\"primaryImageOfPage\":{\"@id\":\"https:\\\/\\\/toidupakk.ee\\\/pl\\\/toode\\\/przekaska-z-swierszczy-naturalna\\\/#primaryimage\"},\"image\":{\"@id\":\"https:\\\/\\\/toidupakk.ee\\\/pl\\\/toode\\\/przekaska-z-swierszczy-naturalna\\\/#primaryimage\"},\"thumbnailUrl\":\"https:\\\/\\\/toidupakk.ee\\\/wp-content\\\/uploads\\\/2023\\\/06\\\/kilgikrops-naturaalne79.png\",\"datePublished\":\"2023-06-29T08:52:49+00:00\",\"dateModified\":\"2026-04-15T17:30:11+00:00\",\"description\":\"Naturalna przek\u0105ska z \u015bwierszczy to zdrowy i smaczny wyb\u00f3r dla ka\u017cdego, kto szuka warto\u015bciowej alternatywy.\",\"breadcrumb\":{\"@id\":\"https:\\\/\\\/toidupakk.ee\\\/pl\\\/toode\\\/przekaska-z-swierszczy-naturalna\\\/#breadcrumb\"},\"inLanguage\":\"pl-PL\",\"potentialAction\":[{\"@type\":\"ReadAction\",\"target\":[\"https:\\\/\\\/toidupakk.ee\\\/pl\\\/toode\\\/przekaska-z-swierszczy-naturalna\\\/\"]}]},{\"@type\":\"ImageObject\",\"inLanguage\":\"pl-PL\",\"@id\":\"https:\\\/\\\/toidupakk.ee\\\/pl\\\/toode\\\/przekaska-z-swierszczy-naturalna\\\/#primaryimage\",\"url\":\"https:\\\/\\\/toidupakk.ee\\\/wp-content\\\/uploads\\\/2023\\\/06\\\/kilgikrops-naturaalne79.png\",\"contentUrl\":\"https:\\\/\\\/toidupakk.ee\\\/wp-content\\\/uploads\\\/2023\\\/06\\\/kilgikrops-naturaalne79.png\",\"width\":1080,\"height\":1080,\"caption\":\"kilgisn\u00e4kk naturaalne\"},{\"@type\":\"BreadcrumbList\",\"@id\":\"https:\\\/\\\/toidupakk.ee\\\/pl\\\/toode\\\/przekaska-z-swierszczy-naturalna\\\/#breadcrumb\",\"itemListElement\":[{\"@type\":\"ListItem\",\"position\":1,\"name\":\"Avaleht\",\"item\":\"https:\\\/\\\/toidupakk.ee\\\/pl\\\/\"},{\"@type\":\"ListItem\",\"position\":2,\"name\":\"Sklep internetowy\",\"item\":\"https:\\\/\\\/toidupakk.ee\\\/pl\\\/sklep-internetowy\\\/\"},{\"@type\":\"ListItem\",\"position\":3,\"name\":\"Przek\u0105ska z \u015bwierszczy naturalna\"}]},{\"@type\":\"WebSite\",\"@id\":\"https:\\\/\\\/toidupakk.ee\\\/pl\\\/#website\",\"url\":\"https:\\\/\\\/toidupakk.ee\\\/pl\\\/\",\"name\":\"Toidupakk.ee - Tactical Foodpack toidupakid\",\"description\":\"Tactical Foodpack k\u00fclmkuivatatud toidupakid ja matkaeined\",\"publisher\":{\"@id\":\"https:\\\/\\\/toidupakk.ee\\\/pl\\\/#organization\"},\"potentialAction\":[{\"@type\":\"SearchAction\",\"target\":{\"@type\":\"EntryPoint\",\"urlTemplate\":\"https:\\\/\\\/toidupakk.ee\\\/pl\\\/?s={search_term_string}\"},\"query-input\":{\"@type\":\"PropertyValueSpecification\",\"valueRequired\":true,\"valueName\":\"search_term_string\"}}],\"inLanguage\":\"pl-PL\"},{\"@type\":\"Organization\",\"@id\":\"https:\\\/\\\/toidupakk.ee\\\/pl\\\/#organization\",\"name\":\"Tactical Foodpack matkaeined\",\"url\":\"https:\\\/\\\/toidupakk.ee\\\/pl\\\/\",\"logo\":{\"@type\":\"ImageObject\",\"inLanguage\":\"pl-PL\",\"@id\":\"https:\\\/\\\/toidupakk.ee\\\/pl\\\/#\\\/schema\\\/logo\\\/image\\\/\",\"url\":\"https:\\\/\\\/toidupakk.ee\\\/wp-content\\\/uploads\\\/2022\\\/01\\\/Toidupakk-matkapood-logo-transparent.png\",\"contentUrl\":\"https:\\\/\\\/toidupakk.ee\\\/wp-content\\\/uploads\\\/2022\\\/01\\\/Toidupakk-matkapood-logo-transparent.png\",\"width\":500,\"height\":500,\"caption\":\"Tactical Foodpack matkaeined\"},\"image\":{\"@id\":\"https:\\\/\\\/toidupakk.ee\\\/pl\\\/#\\\/schema\\\/logo\\\/image\\\/\"},\"sameAs\":[\"https:\\\/\\\/www.facebook.com\\\/Toidupakk\",\"https:\\\/\\\/www.instagram.com\\\/toidupakk\\\/\"]}]}<\/script>\n<!-- \/ Yoast SEO plugin. -->","yoast_head_json":{"title":"Przek\u0105ska z \u015bwierszczy naturalna","description":"Naturalna przek\u0105ska z \u015bwierszczy to zdrowy i smaczny wyb\u00f3r dla ka\u017cdego, kto szuka warto\u015bciowej alternatywy.","robots":{"index":"index","follow":"follow","max-snippet":"max-snippet:-1","max-image-preview":"max-image-preview:large","max-video-preview":"max-video-preview:-1"},"canonical":"https:\/\/toidupakk.ee\/pl\/toode\/przekaska-z-swierszczy-naturalna\/","og_locale":"pl_PL","og_type":"article","og_title":"Przek\u0105ska z \u015bwierszczy naturalna","og_description":"Naturalna przek\u0105ska z \u015bwierszczy to zdrowy i smaczny wyb\u00f3r dla ka\u017cdego, kto szuka warto\u015bciowej alternatywy.","og_url":"https:\/\/toidupakk.ee\/pl\/toode\/przekaska-z-swierszczy-naturalna\/","og_site_name":"Toidupakk.ee - Tactical Foodpack toidupakid","article_publisher":"https:\/\/www.facebook.com\/Toidupakk","article_modified_time":"2026-04-15T17:30:11+00:00","og_image":[{"width":1080,"height":1080,"url":"https:\/\/toidupakk.ee\/wp-content\/uploads\/2023\/06\/kilgikrops-naturaalne79.png","type":"image\/png"}],"twitter_card":"summary_large_image","twitter_misc":{"Szacowany czas czytania":"1 minuta"},"schema":{"@context":"https:\/\/schema.org","@graph":[{"@type":"WebPage","@id":"https:\/\/toidupakk.ee\/pl\/toode\/przekaska-z-swierszczy-naturalna\/","url":"https:\/\/toidupakk.ee\/pl\/toode\/przekaska-z-swierszczy-naturalna\/","name":"Przek\u0105ska z \u015bwierszczy naturalna","isPartOf":{"@id":"https:\/\/toidupakk.ee\/pl\/#website"},"primaryImageOfPage":{"@id":"https:\/\/toidupakk.ee\/pl\/toode\/przekaska-z-swierszczy-naturalna\/#primaryimage"},"image":{"@id":"https:\/\/toidupakk.ee\/pl\/toode\/przekaska-z-swierszczy-naturalna\/#primaryimage"},"thumbnailUrl":"https:\/\/toidupakk.ee\/wp-content\/uploads\/2023\/06\/kilgikrops-naturaalne79.png","datePublished":"2023-06-29T08:52:49+00:00","dateModified":"2026-04-15T17:30:11+00:00","description":"Naturalna przek\u0105ska z \u015bwierszczy to zdrowy i smaczny wyb\u00f3r dla ka\u017cdego, kto szuka warto\u015bciowej alternatywy.","breadcrumb":{"@id":"https:\/\/toidupakk.ee\/pl\/toode\/przekaska-z-swierszczy-naturalna\/#breadcrumb"},"inLanguage":"pl-PL","potentialAction":[{"@type":"ReadAction","target":["https:\/\/toidupakk.ee\/pl\/toode\/przekaska-z-swierszczy-naturalna\/"]}]},{"@type":"ImageObject","inLanguage":"pl-PL","@id":"https:\/\/toidupakk.ee\/pl\/toode\/przekaska-z-swierszczy-naturalna\/#primaryimage","url":"https:\/\/toidupakk.ee\/wp-content\/uploads\/2023\/06\/kilgikrops-naturaalne79.png","contentUrl":"https:\/\/toidupakk.ee\/wp-content\/uploads\/2023\/06\/kilgikrops-naturaalne79.png","width":1080,"height":1080,"caption":"kilgisn\u00e4kk naturaalne"},{"@type":"BreadcrumbList","@id":"https:\/\/toidupakk.ee\/pl\/toode\/przekaska-z-swierszczy-naturalna\/#breadcrumb","itemListElement":[{"@type":"ListItem","position":1,"name":"Avaleht","item":"https:\/\/toidupakk.ee\/pl\/"},{"@type":"ListItem","position":2,"name":"Sklep internetowy","item":"https:\/\/toidupakk.ee\/pl\/sklep-internetowy\/"},{"@type":"ListItem","position":3,"name":"Przek\u0105ska z \u015bwierszczy naturalna"}]},{"@type":"WebSite","@id":"https:\/\/toidupakk.ee\/pl\/#website","url":"https:\/\/toidupakk.ee\/pl\/","name":"Toidupakk.ee - Tactical Foodpack toidupakid","description":"Tactical Foodpack k\u00fclmkuivatatud toidupakid ja matkaeined","publisher":{"@id":"https:\/\/toidupakk.ee\/pl\/#organization"},"potentialAction":[{"@type":"SearchAction","target":{"@type":"EntryPoint","urlTemplate":"https:\/\/toidupakk.ee\/pl\/?s={search_term_string}"},"query-input":{"@type":"PropertyValueSpecification","valueRequired":true,"valueName":"search_term_string"}}],"inLanguage":"pl-PL"},{"@type":"Organization","@id":"https:\/\/toidupakk.ee\/pl\/#organization","name":"Tactical Foodpack matkaeined","url":"https:\/\/toidupakk.ee\/pl\/","logo":{"@type":"ImageObject","inLanguage":"pl-PL","@id":"https:\/\/toidupakk.ee\/pl\/#\/schema\/logo\/image\/","url":"https:\/\/toidupakk.ee\/wp-content\/uploads\/2022\/01\/Toidupakk-matkapood-logo-transparent.png","contentUrl":"https:\/\/toidupakk.ee\/wp-content\/uploads\/2022\/01\/Toidupakk-matkapood-logo-transparent.png","width":500,"height":500,"caption":"Tactical Foodpack matkaeined"},"image":{"@id":"https:\/\/toidupakk.ee\/pl\/#\/schema\/logo\/image\/"},"sameAs":["https:\/\/www.facebook.com\/Toidupakk","https:\/\/www.instagram.com\/toidupakk\/"]}]}},"jetpack_sharing_enabled":true,"_links":{"self":[{"href":"https:\/\/toidupakk.ee\/pl\/wp-json\/wp\/v2\/product\/52111","targetHints":{"allow":["GET"]}}],"collection":[{"href":"https:\/\/toidupakk.ee\/pl\/wp-json\/wp\/v2\/product"}],"about":[{"href":"https:\/\/toidupakk.ee\/pl\/wp-json\/wp\/v2\/types\/product"}],"replies":[{"embeddable":true,"href":"https:\/\/toidupakk.ee\/pl\/wp-json\/wp\/v2\/comments?post=52111"}],"wp:featuredmedia":[{"embeddable":true,"href":"https:\/\/toidupakk.ee\/pl\/wp-json\/wp\/v2\/media\/10716"}],"wp:attachment":[{"href":"https:\/\/toidupakk.ee\/pl\/wp-json\/wp\/v2\/media?parent=52111"}],"wp:term":[{"taxonomy":"product_brand","embeddable":true,"href":"https:\/\/toidupakk.ee\/pl\/wp-json\/wp\/v2\/product_brand?post=52111"},{"taxonomy":"product_cat","embeddable":true,"href":"https:\/\/toidupakk.ee\/pl\/wp-json\/wp\/v2\/product_cat?post=52111"},{"taxonomy":"product_tag","embeddable":true,"href":"https:\/\/toidupakk.ee\/pl\/wp-json\/wp\/v2\/product_tag?post=52111"}],"curies":[{"name":"wp","href":"https:\/\/api.w.org\/{rel}","templated":true}]}}