{"id":52095,"date":"2023-06-19T15:19:01","date_gmt":"2023-06-19T12:19:01","guid":{"rendered":"https:\/\/toidupakk.ee\/toode\/koc-termiczny\/"},"modified":"2026-04-16T21:30:39","modified_gmt":"2026-04-16T18:30:39","slug":"koc-termiczny","status":"publish","type":"product","link":"https:\/\/toidupakk.ee\/pl\/toode\/koc-termiczny\/","title":{"rendered":"Koc termiczny"},"content":{"rendered":"<h1><img fetchpriority=\"high\" decoding=\"async\" class=\"alignright wp-image-9922 size-thumbnail\" style=\"font-size: 16px; font-weight: 400;\" src=\"https:\/\/toidupakk.ee\/wp-content\/uploads\/2023\/06\/Termotekk56-500x500.jpg\" alt=\"Koc termiczny 5\" width=\"500\" height=\"500\" srcset=\"https:\/\/toidupakk.ee\/wp-content\/uploads\/2023\/06\/Termotekk56-500x500.jpg 500w, https:\/\/toidupakk.ee\/wp-content\/uploads\/2023\/06\/Termotekk56-400x400.jpg 400w, https:\/\/toidupakk.ee\/wp-content\/uploads\/2023\/06\/Termotekk56-100x100.jpg 100w, https:\/\/toidupakk.ee\/wp-content\/uploads\/2023\/06\/Termotekk56-800x800.jpg 800w, https:\/\/toidupakk.ee\/wp-content\/uploads\/2023\/06\/Termotekk56-300x300.jpg 300w, https:\/\/toidupakk.ee\/wp-content\/uploads\/2023\/06\/Termotekk56-1024x1024.jpg 1024w, https:\/\/toidupakk.ee\/wp-content\/uploads\/2023\/06\/Termotekk56-768x768.jpg 768w, https:\/\/toidupakk.ee\/wp-content\/uploads\/2023\/06\/Termotekk56.jpg 1080w\" sizes=\"(max-width: 500px) 100vw, 500px\" \/><\/h1>\n<h1>Koc termiczny \/ Koc ratunkowy zgodny z normami NATO<\/h1>\n<p>Koc termiczny wykonany jest ze specjalnej folii, kt\u00f3ra odbija ciep\u0142o cia\u0142a, pomagaj\u0105c utrzyma\u0107 stabiln\u0105 temperatur\u0119 nawet w zimnym otoczeniu. To przydatne narz\u0119dzie w sytuacjach awaryjnych, podczas w\u0119dr\u00f3wek, biwakowania lub wsz\u0119dzie tam, gdzie chcesz si\u0119 ogrza\u0107 i zapobiec wych\u0142odzeniu organizmu. <\/p>\n<p>Wymiary koca s\u0105 wystarczaj\u0105ce, by okry\u0107 wi\u0119kszo\u015b\u0107 cia\u0142a. Jednocze\u015bnie jest na tyle kompaktowy, \u017ce bez problemu zmie\u015bci si\u0119 w plecaku lub apteczce. Dzi\u0119ki zatwierdzeniu przez NATO, produkt ten cechuje si\u0119 uznan\u0105 jako\u015bci\u0105 i wydajno\u015bci\u0105.  <\/p>\n<p>Koc ratunkowy BCB to istotny element wyposa\u017cenia awaryjnego, kt\u00f3ry pomaga zatrzyma\u0107 ciep\u0142o cia\u0142a i zapewnia bezpiecze\u0144stwo w niskich temperaturach.<\/p>\n<p>Koc termiczny przeznaczony jest do u\u017cytku w sytuacjach awaryjnych, gdy istnieje ryzyko wych\u0142odzenia lub przegrzania poszkodowanego. Chroni r\u00f3wnie\u017c przed wiatrem i deszczem. Opakowanie jest kompaktowe i lekkie, nie zajmuje du\u017co miejsca w plecaku i mie\u015bci si\u0119 w kieszeni kurtki. Niezb\u0119dny element ekwipunku turystycznego.   <\/p>\n<p>Mo\u017cna go r\u00f3wnie\u017c wykorzysta\u0107 do budowy schronienia lub jako koc podczas spania w lesie. Sprawdzi si\u0119 tak\u017ce jako podk\u0142ad pod materac lub \u015bpiw\u00f3r na zimnym pod\u0142o\u017cu, izoluj\u0105c od ch\u0142odu ziemi. W sytuacjach awaryjnych odblaskowa powierzchnia koca mo\u017ce s\u0142u\u017cy\u0107 do sygnalizacji ratunkowej.  <\/p>\n<p>Sprawd\u017a inne akcesoria turystyczne <a href=\"https:\/\/toidupakk.ee\/pl\/tootekategooria\/sprzet-turystyczny\/#section-3-79\">TUTAJ<\/a><\/p>\n<p>Interesuj\u0105 Ci\u0119 posi\u0142ki turystyczne? Zobacz <a href=\"\/?product_cat=snakk#section-3-79\">TUTAJ<\/a><\/p>\n<p>Znajd\u017a inspiracj\u0119 na kolejne przygody na <a href=\"https:\/\/www.instagram.com\/toidupakk\/\">Instagramie<\/a> i <a href=\"https:\/\/www.facebook.com\/Toidupakk\/\">Facebooku<\/a> Toidupakk.<\/p>\n","protected":false},"excerpt":{"rendered":"<p>Koc termiczny chroni\u0105cy poszkodowanego przed hipotermi\u0105, zimnem, deszczem lub wiatrem. Odbija ciep\u0142o z powrotem do cia\u0142a. Koc ratunkowy <strong>zgodny z normami NATO<\/strong>. <\/p>\n<ul>\n<li>Odbija <strong>do 90% ciep\u0142a cia\u0142a<\/strong><\/li>\n<li>Lekki i kompaktowy, <strong>wa\u017cy tylko 85 g<\/strong><\/li>\n<li>Zatwierdzony przez NATO: NSN-7210-99-991-0460<\/li>\n<li>Wymiary: 202 cm x 132 cm<\/li>\n<\/ul>\n<p>\u2705 Dost\u0119pne w magazynie, szybka dostawa w 1\u20133 dni robocze<\/p>\n","protected":false},"featured_media":9918,"comment_status":"open","ping_status":"closed","template":"","meta":{"_acf_changed":false},"product_brand":[],"product_cat":[303,374,314,301],"product_tag":[305],"class_list":{"0":"post-52095","1":"product","2":"type-product","3":"status-publish","4":"has-post-thumbnail","6":"product_cat-akcesoria-turystyczne","7":"product_cat-materace-i-maty-turystyczne","8":"product_cat-nocowanie-w-naturze","9":"product_cat-sprzet-turystyczny","10":"product_tag-no_ads","12":"first","13":"instock","14":"sale","15":"taxable","16":"shipping-taxable","17":"purchasable","18":"product-type-simple"},"bundled_by":[],"bundle_stock_status":"instock","bundle_stock_quantity":52,"bundle_virtual":false,"bundle_layout":"","bundle_add_to_cart_form_location":"","bundle_editable_in_cart":false,"bundle_sold_individually_context":"","bundle_item_grouping":"","bundle_min_size":"","bundle_max_size":"","bundle_price":[],"bundled_items":[],"bundle_sell_ids":[],"acf":[],"yoast_head":"<!-- This site is optimized with the Yoast SEO plugin v27.3 - https:\/\/yoast.com\/product\/yoast-seo-wordpress\/ -->\n<title>Koc termiczny - Koc ratunkowy zgodny z normami NATO przeciw hipotermii<\/title>\n<meta name=\"description\" content=\"Koc termiczny chroni\u0105cy poszkodowanego przed hipotermi\u0105, zimnem, deszczem lub wiatrem. Odbija ciep\u0142o z powrotem do cia\u0142a. Koc ratunkowy zgodny z normami NATO.\" \/>\n<meta name=\"robots\" content=\"index, follow, max-snippet:-1, max-image-preview:large, max-video-preview:-1\" \/>\n<link rel=\"canonical\" href=\"https:\/\/toidupakk.ee\/pl\/toode\/koc-termiczny\/\" \/>\n<meta property=\"og:locale\" content=\"pl_PL\" \/>\n<meta property=\"og:type\" content=\"article\" \/>\n<meta property=\"og:title\" content=\"Koc termiczny - Koc ratunkowy zgodny z normami NATO przeciw hipotermii\" \/>\n<meta property=\"og:description\" content=\"Koc termiczny chroni\u0105cy poszkodowanego przed hipotermi\u0105, zimnem, deszczem lub wiatrem. Odbija ciep\u0142o z powrotem do cia\u0142a. Koc ratunkowy zgodny z normami NATO.\" \/>\n<meta property=\"og:url\" content=\"https:\/\/toidupakk.ee\/pl\/toode\/koc-termiczny\/\" \/>\n<meta property=\"og:site_name\" content=\"Toidupakk.ee - Tactical Foodpack toidupakid\" \/>\n<meta property=\"article:publisher\" content=\"https:\/\/www.facebook.com\/Toidupakk\" \/>\n<meta property=\"article:modified_time\" content=\"2026-04-16T18:30:39+00:00\" \/>\n<meta property=\"og:image\" content=\"https:\/\/toidupakk.ee\/wp-content\/uploads\/2023\/06\/Termotekk52.png\" \/>\n\t<meta property=\"og:image:width\" content=\"1080\" \/>\n\t<meta property=\"og:image:height\" content=\"1080\" \/>\n\t<meta property=\"og:image:type\" content=\"image\/png\" \/>\n<meta name=\"twitter:card\" content=\"summary_large_image\" \/>\n<meta name=\"twitter:label1\" content=\"Szacowany czas czytania\" \/>\n\t<meta name=\"twitter:data1\" content=\"1 minuta\" \/>\n<script type=\"application\/ld+json\" class=\"yoast-schema-graph\">{\"@context\":\"https:\\\/\\\/schema.org\",\"@graph\":[{\"@type\":\"WebPage\",\"@id\":\"https:\\\/\\\/toidupakk.ee\\\/pl\\\/toode\\\/koc-termiczny\\\/\",\"url\":\"https:\\\/\\\/toidupakk.ee\\\/pl\\\/toode\\\/koc-termiczny\\\/\",\"name\":\"Koc termiczny - Koc ratunkowy zgodny z normami NATO przeciw hipotermii\",\"isPartOf\":{\"@id\":\"https:\\\/\\\/toidupakk.ee\\\/pl\\\/#website\"},\"primaryImageOfPage\":{\"@id\":\"https:\\\/\\\/toidupakk.ee\\\/pl\\\/toode\\\/koc-termiczny\\\/#primaryimage\"},\"image\":{\"@id\":\"https:\\\/\\\/toidupakk.ee\\\/pl\\\/toode\\\/koc-termiczny\\\/#primaryimage\"},\"thumbnailUrl\":\"https:\\\/\\\/toidupakk.ee\\\/wp-content\\\/uploads\\\/2023\\\/06\\\/Termotekk52.png\",\"datePublished\":\"2023-06-19T12:19:01+00:00\",\"dateModified\":\"2026-04-16T18:30:39+00:00\",\"description\":\"Koc termiczny chroni\u0105cy poszkodowanego przed hipotermi\u0105, zimnem, deszczem lub wiatrem. Odbija ciep\u0142o z powrotem do cia\u0142a. Koc ratunkowy zgodny z normami NATO.\",\"breadcrumb\":{\"@id\":\"https:\\\/\\\/toidupakk.ee\\\/pl\\\/toode\\\/koc-termiczny\\\/#breadcrumb\"},\"inLanguage\":\"pl-PL\",\"potentialAction\":[{\"@type\":\"ReadAction\",\"target\":[\"https:\\\/\\\/toidupakk.ee\\\/pl\\\/toode\\\/koc-termiczny\\\/\"]}]},{\"@type\":\"ImageObject\",\"inLanguage\":\"pl-PL\",\"@id\":\"https:\\\/\\\/toidupakk.ee\\\/pl\\\/toode\\\/koc-termiczny\\\/#primaryimage\",\"url\":\"https:\\\/\\\/toidupakk.ee\\\/wp-content\\\/uploads\\\/2023\\\/06\\\/Termotekk52.png\",\"contentUrl\":\"https:\\\/\\\/toidupakk.ee\\\/wp-content\\\/uploads\\\/2023\\\/06\\\/Termotekk52.png\",\"width\":1080,\"height\":1080,\"caption\":\"Termotekk 1\"},{\"@type\":\"BreadcrumbList\",\"@id\":\"https:\\\/\\\/toidupakk.ee\\\/pl\\\/toode\\\/koc-termiczny\\\/#breadcrumb\",\"itemListElement\":[{\"@type\":\"ListItem\",\"position\":1,\"name\":\"Avaleht\",\"item\":\"https:\\\/\\\/toidupakk.ee\\\/pl\\\/\"},{\"@type\":\"ListItem\",\"position\":2,\"name\":\"Sklep internetowy\",\"item\":\"https:\\\/\\\/toidupakk.ee\\\/pl\\\/sklep-internetowy\\\/\"},{\"@type\":\"ListItem\",\"position\":3,\"name\":\"Koc termiczny\"}]},{\"@type\":\"WebSite\",\"@id\":\"https:\\\/\\\/toidupakk.ee\\\/pl\\\/#website\",\"url\":\"https:\\\/\\\/toidupakk.ee\\\/pl\\\/\",\"name\":\"Toidupakk.ee - Tactical Foodpack toidupakid\",\"description\":\"Tactical Foodpack k\u00fclmkuivatatud toidupakid ja matkaeined\",\"publisher\":{\"@id\":\"https:\\\/\\\/toidupakk.ee\\\/pl\\\/#organization\"},\"potentialAction\":[{\"@type\":\"SearchAction\",\"target\":{\"@type\":\"EntryPoint\",\"urlTemplate\":\"https:\\\/\\\/toidupakk.ee\\\/pl\\\/?s={search_term_string}\"},\"query-input\":{\"@type\":\"PropertyValueSpecification\",\"valueRequired\":true,\"valueName\":\"search_term_string\"}}],\"inLanguage\":\"pl-PL\"},{\"@type\":\"Organization\",\"@id\":\"https:\\\/\\\/toidupakk.ee\\\/pl\\\/#organization\",\"name\":\"Tactical Foodpack matkaeined\",\"url\":\"https:\\\/\\\/toidupakk.ee\\\/pl\\\/\",\"logo\":{\"@type\":\"ImageObject\",\"inLanguage\":\"pl-PL\",\"@id\":\"https:\\\/\\\/toidupakk.ee\\\/pl\\\/#\\\/schema\\\/logo\\\/image\\\/\",\"url\":\"https:\\\/\\\/toidupakk.ee\\\/wp-content\\\/uploads\\\/2022\\\/01\\\/Toidupakk-matkapood-logo-transparent.png\",\"contentUrl\":\"https:\\\/\\\/toidupakk.ee\\\/wp-content\\\/uploads\\\/2022\\\/01\\\/Toidupakk-matkapood-logo-transparent.png\",\"width\":500,\"height\":500,\"caption\":\"Tactical Foodpack matkaeined\"},\"image\":{\"@id\":\"https:\\\/\\\/toidupakk.ee\\\/pl\\\/#\\\/schema\\\/logo\\\/image\\\/\"},\"sameAs\":[\"https:\\\/\\\/www.facebook.com\\\/Toidupakk\",\"https:\\\/\\\/www.instagram.com\\\/toidupakk\\\/\"]}]}<\/script>\n<!-- \/ Yoast SEO plugin. -->","yoast_head_json":{"title":"Koc termiczny - Koc ratunkowy zgodny z normami NATO przeciw hipotermii","description":"Koc termiczny chroni\u0105cy poszkodowanego przed hipotermi\u0105, zimnem, deszczem lub wiatrem. Odbija ciep\u0142o z powrotem do cia\u0142a. Koc ratunkowy zgodny z normami NATO.","robots":{"index":"index","follow":"follow","max-snippet":"max-snippet:-1","max-image-preview":"max-image-preview:large","max-video-preview":"max-video-preview:-1"},"canonical":"https:\/\/toidupakk.ee\/pl\/toode\/koc-termiczny\/","og_locale":"pl_PL","og_type":"article","og_title":"Koc termiczny - Koc ratunkowy zgodny z normami NATO przeciw hipotermii","og_description":"Koc termiczny chroni\u0105cy poszkodowanego przed hipotermi\u0105, zimnem, deszczem lub wiatrem. Odbija ciep\u0142o z powrotem do cia\u0142a. Koc ratunkowy zgodny z normami NATO.","og_url":"https:\/\/toidupakk.ee\/pl\/toode\/koc-termiczny\/","og_site_name":"Toidupakk.ee - Tactical Foodpack toidupakid","article_publisher":"https:\/\/www.facebook.com\/Toidupakk","article_modified_time":"2026-04-16T18:30:39+00:00","og_image":[{"width":1080,"height":1080,"url":"https:\/\/toidupakk.ee\/wp-content\/uploads\/2023\/06\/Termotekk52.png","type":"image\/png"}],"twitter_card":"summary_large_image","twitter_misc":{"Szacowany czas czytania":"1 minuta"},"schema":{"@context":"https:\/\/schema.org","@graph":[{"@type":"WebPage","@id":"https:\/\/toidupakk.ee\/pl\/toode\/koc-termiczny\/","url":"https:\/\/toidupakk.ee\/pl\/toode\/koc-termiczny\/","name":"Koc termiczny - Koc ratunkowy zgodny z normami NATO przeciw hipotermii","isPartOf":{"@id":"https:\/\/toidupakk.ee\/pl\/#website"},"primaryImageOfPage":{"@id":"https:\/\/toidupakk.ee\/pl\/toode\/koc-termiczny\/#primaryimage"},"image":{"@id":"https:\/\/toidupakk.ee\/pl\/toode\/koc-termiczny\/#primaryimage"},"thumbnailUrl":"https:\/\/toidupakk.ee\/wp-content\/uploads\/2023\/06\/Termotekk52.png","datePublished":"2023-06-19T12:19:01+00:00","dateModified":"2026-04-16T18:30:39+00:00","description":"Koc termiczny chroni\u0105cy poszkodowanego przed hipotermi\u0105, zimnem, deszczem lub wiatrem. Odbija ciep\u0142o z powrotem do cia\u0142a. Koc ratunkowy zgodny z normami NATO.","breadcrumb":{"@id":"https:\/\/toidupakk.ee\/pl\/toode\/koc-termiczny\/#breadcrumb"},"inLanguage":"pl-PL","potentialAction":[{"@type":"ReadAction","target":["https:\/\/toidupakk.ee\/pl\/toode\/koc-termiczny\/"]}]},{"@type":"ImageObject","inLanguage":"pl-PL","@id":"https:\/\/toidupakk.ee\/pl\/toode\/koc-termiczny\/#primaryimage","url":"https:\/\/toidupakk.ee\/wp-content\/uploads\/2023\/06\/Termotekk52.png","contentUrl":"https:\/\/toidupakk.ee\/wp-content\/uploads\/2023\/06\/Termotekk52.png","width":1080,"height":1080,"caption":"Termotekk 1"},{"@type":"BreadcrumbList","@id":"https:\/\/toidupakk.ee\/pl\/toode\/koc-termiczny\/#breadcrumb","itemListElement":[{"@type":"ListItem","position":1,"name":"Avaleht","item":"https:\/\/toidupakk.ee\/pl\/"},{"@type":"ListItem","position":2,"name":"Sklep internetowy","item":"https:\/\/toidupakk.ee\/pl\/sklep-internetowy\/"},{"@type":"ListItem","position":3,"name":"Koc termiczny"}]},{"@type":"WebSite","@id":"https:\/\/toidupakk.ee\/pl\/#website","url":"https:\/\/toidupakk.ee\/pl\/","name":"Toidupakk.ee - Tactical Foodpack toidupakid","description":"Tactical Foodpack k\u00fclmkuivatatud toidupakid ja matkaeined","publisher":{"@id":"https:\/\/toidupakk.ee\/pl\/#organization"},"potentialAction":[{"@type":"SearchAction","target":{"@type":"EntryPoint","urlTemplate":"https:\/\/toidupakk.ee\/pl\/?s={search_term_string}"},"query-input":{"@type":"PropertyValueSpecification","valueRequired":true,"valueName":"search_term_string"}}],"inLanguage":"pl-PL"},{"@type":"Organization","@id":"https:\/\/toidupakk.ee\/pl\/#organization","name":"Tactical Foodpack matkaeined","url":"https:\/\/toidupakk.ee\/pl\/","logo":{"@type":"ImageObject","inLanguage":"pl-PL","@id":"https:\/\/toidupakk.ee\/pl\/#\/schema\/logo\/image\/","url":"https:\/\/toidupakk.ee\/wp-content\/uploads\/2022\/01\/Toidupakk-matkapood-logo-transparent.png","contentUrl":"https:\/\/toidupakk.ee\/wp-content\/uploads\/2022\/01\/Toidupakk-matkapood-logo-transparent.png","width":500,"height":500,"caption":"Tactical Foodpack matkaeined"},"image":{"@id":"https:\/\/toidupakk.ee\/pl\/#\/schema\/logo\/image\/"},"sameAs":["https:\/\/www.facebook.com\/Toidupakk","https:\/\/www.instagram.com\/toidupakk\/"]}]}},"jetpack_sharing_enabled":true,"_links":{"self":[{"href":"https:\/\/toidupakk.ee\/pl\/wp-json\/wp\/v2\/product\/52095","targetHints":{"allow":["GET"]}}],"collection":[{"href":"https:\/\/toidupakk.ee\/pl\/wp-json\/wp\/v2\/product"}],"about":[{"href":"https:\/\/toidupakk.ee\/pl\/wp-json\/wp\/v2\/types\/product"}],"replies":[{"embeddable":true,"href":"https:\/\/toidupakk.ee\/pl\/wp-json\/wp\/v2\/comments?post=52095"}],"wp:featuredmedia":[{"embeddable":true,"href":"https:\/\/toidupakk.ee\/pl\/wp-json\/wp\/v2\/media\/9918"}],"wp:attachment":[{"href":"https:\/\/toidupakk.ee\/pl\/wp-json\/wp\/v2\/media?parent=52095"}],"wp:term":[{"taxonomy":"product_brand","embeddable":true,"href":"https:\/\/toidupakk.ee\/pl\/wp-json\/wp\/v2\/product_brand?post=52095"},{"taxonomy":"product_cat","embeddable":true,"href":"https:\/\/toidupakk.ee\/pl\/wp-json\/wp\/v2\/product_cat?post=52095"},{"taxonomy":"product_tag","embeddable":true,"href":"https:\/\/toidupakk.ee\/pl\/wp-json\/wp\/v2\/product_tag?post=52095"}],"curies":[{"name":"wp","href":"https:\/\/api.w.org\/{rel}","templated":true}]}}