{"id":52071,"date":"2024-09-16T15:41:22","date_gmt":"2024-09-16T12:41:22","guid":{"rendered":"https:\/\/toidupakk.ee\/toode\/tabletki-do-mycia-zebow-fresmy\/"},"modified":"2026-04-15T03:01:48","modified_gmt":"2026-04-15T00:01:48","slug":"tabletki-do-mycia-zebow-fresmy","status":"publish","type":"product","link":"https:\/\/toidupakk.ee\/pl\/toode\/tabletki-do-mycia-zebow-fresmy\/","title":{"rendered":"Tabletki do mycia z\u0119b\u00f3w Fresmy"},"content":{"rendered":"<h1><img fetchpriority=\"high\" decoding=\"async\" class=\"wp-image-27021 size-thumbnail alignright\" src=\"https:\/\/toidupakk.ee\/wp-content\/uploads\/2024\/09\/fresmy-hambapesutabletid-toidupakk-ee-500x500.jpg\" alt=\"\" width=\"500\" height=\"500\" srcset=\"https:\/\/toidupakk.ee\/wp-content\/uploads\/2024\/09\/fresmy-hambapesutabletid-toidupakk-ee-500x500.jpg 500w, https:\/\/toidupakk.ee\/wp-content\/uploads\/2024\/09\/fresmy-hambapesutabletid-toidupakk-ee-400x400.jpg 400w, https:\/\/toidupakk.ee\/wp-content\/uploads\/2024\/09\/fresmy-hambapesutabletid-toidupakk-ee-100x100.jpg 100w\" sizes=\"(max-width: 500px) 100vw, 500px\" \/><\/h1>\n<h1>Tabletki do mycia z\u0119b\u00f3w \u2013 wyj\u0105tkowo wygodny spos\u00f3b na mycie z\u0119b\u00f3w poza domem<\/h1>\n<h2>Wygodne w u\u017cyciu tabletki do mycia z\u0119b\u00f3w to naturalna alternatywa dla pasty do z\u0119b\u00f3w<\/h2>\n<p>Tabletki do mycia z\u0119b\u00f3w to wygodne i naturalne rozwi\u0105zanie dla mi\u0142o\u015bnik\u00f3w w\u0119dr\u00f3wek, kemping\u00f3w i podr\u00f3\u017cy. Te w 100% naturalne tabletki s\u0105 \u0142atwe w u\u017cyciu i zapakowane w por\u0119czne aluminiowe pude\u0142ko, kt\u00f3re bez trudu zabierzesz wsz\u0119dzie ze sob\u0105. <\/p>\n<h2>Jak u\u017cywa\u0107 tabletek do mycia z\u0119b\u00f3w<\/h2>\n<p>Stosowanie tabletek jest banalnie proste:<\/p>\n<ol>\n<li>Pogry\u017a tabletk\u0119.<\/li>\n<li>Szczotkuj wilgotn\u0105 szczoteczk\u0105.<\/li>\n<li>Wypluj pian\u0119.<\/li>\n<\/ol>\n<p>Po u\u017cyciu nie zaleca si\u0119 p\u0142ukania ust, aby sk\u0142adniki tabletek mog\u0142y dzia\u0142a\u0107 jak najd\u0142u\u017cej i wspiera\u0107 higien\u0119 jamy ustnej.<\/p>\n<p><img decoding=\"async\" class=\"alignnone size-thumbnail wp-image-24185\" src=\"https:\/\/toidupakk.ee\/wp-content\/uploads\/2024\/06\/Hambapesutabletid-Fresmy-3-500x500.jpg\" alt=\"Tabletki do mycia z\u0119b\u00f3w z jod\u0142\u0105 syberyjsk\u0105 i w\u0119glem aktywnym\" width=\"500\" height=\"500\" srcset=\"https:\/\/toidupakk.ee\/wp-content\/uploads\/2024\/06\/Hambapesutabletid-Fresmy-3-500x500.jpg 500w, https:\/\/toidupakk.ee\/wp-content\/uploads\/2024\/06\/Hambapesutabletid-Fresmy-3-400x400.jpg 400w, https:\/\/toidupakk.ee\/wp-content\/uploads\/2024\/06\/Hambapesutabletid-Fresmy-3-100x100.jpg 100w, https:\/\/toidupakk.ee\/wp-content\/uploads\/2024\/06\/Hambapesutabletid-Fresmy-3-300x300.jpg 300w, https:\/\/toidupakk.ee\/wp-content\/uploads\/2024\/06\/Hambapesutabletid-Fresmy-3-768x768.jpg 768w, https:\/\/toidupakk.ee\/wp-content\/uploads\/2024\/06\/Hambapesutabletid-Fresmy-3.jpg 800w\" sizes=\"(max-width: 500px) 100vw, 500px\" \/><\/p>\n<h2>Tabletki do mycia z\u0119b\u00f3w w czterech r\u00f3\u017cnych smakach<\/h2>\n<h3>Tabletki o smaku cytrynowym<\/h3>\n<p>Tabletki o smaku cytrynowym zapewniaj\u0105 kwa\u015bny i od\u015bwie\u017caj\u0105cy smak. Zawieraj\u0105 cytrynian potasu i olejek cytrynowy, kt\u00f3re pomagaj\u0105 utrzyma\u0107 r\u00f3wnowag\u0119 pH, chroni\u0105 z\u0119by przed atakami kwas\u00f3w i maj\u0105 w\u0142a\u015bciwo\u015bci przeciwdrobnoustrojowe. Dodatkowo zawieraj\u0105 hydroksyapatyt (HAp), kt\u00f3ry jest nietoksyczn\u0105 alternatyw\u0105 dla fluoru, pomagaj\u0105c w naturalny spos\u00f3b odbudowa\u0107 szkliwo z\u0119b\u00f3w.  <\/p>\n<h3>Tabletki o smaku mi\u0119ty zielonej<\/h3>\n<p>Tabletki o smaku mi\u0119ty zielonej przynosz\u0105 ustom \u015bwie\u017co\u015b\u0107 i spok\u00f3j. Olejek z mi\u0119ty zielonej nadaje koj\u0105cy i o\u017cywczy smak, \u0142agodzi nadwra\u017cliwo\u015b\u0107 z\u0119b\u00f3w i poprawia higien\u0119 jamy ustnej. Tabletki te zawieraj\u0105 hydroksyapatyt (HAp) oraz fluor (1450 ppm), zapewniaj\u0105c z\u0119bom dodatkow\u0105 ochron\u0119 i wsparcie.  <\/p>\n<h3>Tabletki o smaku mi\u0119ty pieprzowej<\/h3>\n<p>Tabletki o smaku mi\u0119ty pieprzowej zapewniaj\u0105 ustom intensywn\u0105 \u015bwie\u017co\u015b\u0107 i pobudzenie. Mentol nadaje mocny i od\u015bwie\u017caj\u0105cy smak, dzia\u0142a znieczulaj\u0105co, zmniejsza nadwra\u017cliwo\u015b\u0107 z\u0119b\u00f3w i usuwa szkodliwe bakterie. Podobnie jak inne tabletki, zawieraj\u0105 one hydroksyapatyt (HAp), kt\u00f3ry pomaga naturalnie odbudowa\u0107 szkliwo z\u0119b\u00f3w.  <\/p>\n<h3>Tabletki z jod\u0142\u0105 syberyjsk\u0105 i w\u0119glem aktywnym<\/h3>\n<p>Tabletki z jod\u0142\u0105 syberyjsk\u0105 i w\u0119glem aktywnym zapewniaj\u0105 efekt polerowania i wybielania. W\u0119giel aktywny usuwa przebarwienia z z\u0119b\u00f3w i je wybiela, a olejek z jod\u0142y zapewnia wsparcie przeciwdrobnoustrojowe i od\u015bwie\u017ca oddech. Tabletki te r\u00f3wnie\u017c zawieraj\u0105 hydroksyapatyt (HAp), kt\u00f3ry naturalnie odbudowuje szkliwo z\u0119b\u00f3w.  <\/p>\n<h2>Tabletki do mycia z\u0119b\u00f3w w por\u0119cznym opakowaniu<\/h2>\n<p>Tabletki s\u0105 zapakowane w ma\u0142e aluminiowe pude\u0142ko, kt\u00f3re mie\u015bci 30 sztuk. Dzi\u0119ki temu s\u0105 idealnym towarzyszem w\u0119dr\u00f3wek, biwak\u00f3w czy d\u0142u\u017cszych podr\u00f3\u017cy, gdzie liczy si\u0119 miejsce i waga. <\/p>\n<p><img decoding=\"async\" class=\"alignnone size-thumbnail wp-image-24187\" src=\"https:\/\/toidupakk.ee\/wp-content\/uploads\/2024\/06\/Hambapesutabletid-Fresmy-5-500x500.jpg\" alt=\"mi\u0119towe tabletki do mycia z\u0119b\u00f3w\" width=\"500\" height=\"500\" srcset=\"https:\/\/toidupakk.ee\/wp-content\/uploads\/2024\/06\/Hambapesutabletid-Fresmy-5-500x500.jpg 500w, https:\/\/toidupakk.ee\/wp-content\/uploads\/2024\/06\/Hambapesutabletid-Fresmy-5-400x400.jpg 400w, https:\/\/toidupakk.ee\/wp-content\/uploads\/2024\/06\/Hambapesutabletid-Fresmy-5-100x100.jpg 100w, https:\/\/toidupakk.ee\/wp-content\/uploads\/2024\/06\/Hambapesutabletid-Fresmy-5-300x300.jpg 300w, https:\/\/toidupakk.ee\/wp-content\/uploads\/2024\/06\/Hambapesutabletid-Fresmy-5-768x768.jpg 768w, https:\/\/toidupakk.ee\/wp-content\/uploads\/2024\/06\/Hambapesutabletid-Fresmy-5.jpg 800w\" sizes=\"(max-width: 500px) 100vw, 500px\" \/><\/p>\n<p>Je\u015bli szukasz wygodnej i naturalnej alternatywy dla tradycyjnej pasty, tabletki do z\u0119b\u00f3w s\u0105 strza\u0142em w dziesi\u0105tk\u0119. Wypr\u00f3buj wariant cytrynowy, mi\u0119towy lub z jod\u0142\u0105 syberyjsk\u0105 i w\u0119glem aktywnym. Ciesz si\u0119 \u015bwie\u017cym oddechem i zdrowymi z\u0119bami, gdziekolwiek poniesie Ci\u0119 przygoda. <\/p>\n<p><img loading=\"lazy\" decoding=\"async\" class=\"alignnone size-full wp-image-27022\" src=\"https:\/\/toidupakk.ee\/wp-content\/uploads\/2024\/09\/peppermint-toothpaste-tablets-in-aluminium-tin-30-tablets-600x600-1.jpg\" alt=\"\" width=\"600\" height=\"600\" srcset=\"https:\/\/toidupakk.ee\/wp-content\/uploads\/2024\/09\/peppermint-toothpaste-tablets-in-aluminium-tin-30-tablets-600x600-1.jpg 600w, https:\/\/toidupakk.ee\/wp-content\/uploads\/2024\/09\/peppermint-toothpaste-tablets-in-aluminium-tin-30-tablets-600x600-1-400x400.jpg 400w, https:\/\/toidupakk.ee\/wp-content\/uploads\/2024\/09\/peppermint-toothpaste-tablets-in-aluminium-tin-30-tablets-600x600-1-100x100.jpg 100w, https:\/\/toidupakk.ee\/wp-content\/uploads\/2024\/09\/peppermint-toothpaste-tablets-in-aluminium-tin-30-tablets-600x600-1-300x300.jpg 300w, https:\/\/toidupakk.ee\/wp-content\/uploads\/2024\/09\/peppermint-toothpaste-tablets-in-aluminium-tin-30-tablets-600x600-1-500x500.jpg 500w\" sizes=\"(max-width: 600px) 100vw, 600px\" \/> <img loading=\"lazy\" decoding=\"async\" class=\"alignnone size-full wp-image-27023\" src=\"https:\/\/toidupakk.ee\/wp-content\/uploads\/2024\/09\/rohemundi-fluoriidiga-hambapasta-tabletid-alumiinium-purgis-30tk-spearmint-with-fluoride-toothpaste-tablets-in-aluminium-tin-30-tablets-600x600-1.jpg\" alt=\"\" width=\"600\" height=\"600\" srcset=\"https:\/\/toidupakk.ee\/wp-content\/uploads\/2024\/09\/rohemundi-fluoriidiga-hambapasta-tabletid-alumiinium-purgis-30tk-spearmint-with-fluoride-toothpaste-tablets-in-aluminium-tin-30-tablets-600x600-1.jpg 600w, https:\/\/toidupakk.ee\/wp-content\/uploads\/2024\/09\/rohemundi-fluoriidiga-hambapasta-tabletid-alumiinium-purgis-30tk-spearmint-with-fluoride-toothpaste-tablets-in-aluminium-tin-30-tablets-600x600-1-400x400.jpg 400w, https:\/\/toidupakk.ee\/wp-content\/uploads\/2024\/09\/rohemundi-fluoriidiga-hambapasta-tabletid-alumiinium-purgis-30tk-spearmint-with-fluoride-toothpaste-tablets-in-aluminium-tin-30-tablets-600x600-1-100x100.jpg 100w, https:\/\/toidupakk.ee\/wp-content\/uploads\/2024\/09\/rohemundi-fluoriidiga-hambapasta-tabletid-alumiinium-purgis-30tk-spearmint-with-fluoride-toothpaste-tablets-in-aluminium-tin-30-tablets-600x600-1-300x300.jpg 300w, https:\/\/toidupakk.ee\/wp-content\/uploads\/2024\/09\/rohemundi-fluoriidiga-hambapasta-tabletid-alumiinium-purgis-30tk-spearmint-with-fluoride-toothpaste-tablets-in-aluminium-tin-30-tablets-600x600-1-500x500.jpg 500w\" sizes=\"(max-width: 600px) 100vw, 600px\" \/> <img loading=\"lazy\" decoding=\"async\" class=\"alignnone size-full wp-image-27024\" src=\"https:\/\/toidupakk.ee\/wp-content\/uploads\/2024\/09\/lemon-toothpaste-tablets-in-aluminium-tin-30-tablets-600x600-1.jpg\" alt=\"\" width=\"600\" height=\"600\" srcset=\"https:\/\/toidupakk.ee\/wp-content\/uploads\/2024\/09\/lemon-toothpaste-tablets-in-aluminium-tin-30-tablets-600x600-1.jpg 600w, https:\/\/toidupakk.ee\/wp-content\/uploads\/2024\/09\/lemon-toothpaste-tablets-in-aluminium-tin-30-tablets-600x600-1-400x400.jpg 400w, https:\/\/toidupakk.ee\/wp-content\/uploads\/2024\/09\/lemon-toothpaste-tablets-in-aluminium-tin-30-tablets-600x600-1-100x100.jpg 100w, https:\/\/toidupakk.ee\/wp-content\/uploads\/2024\/09\/lemon-toothpaste-tablets-in-aluminium-tin-30-tablets-600x600-1-300x300.jpg 300w, https:\/\/toidupakk.ee\/wp-content\/uploads\/2024\/09\/lemon-toothpaste-tablets-in-aluminium-tin-30-tablets-600x600-1-500x500.jpg 500w\" sizes=\"(max-width: 600px) 100vw, 600px\" \/> <img loading=\"lazy\" decoding=\"async\" class=\"alignnone size-full wp-image-27025\" src=\"https:\/\/toidupakk.ee\/wp-content\/uploads\/2024\/09\/siberian-fir-activated-charcoal-toothpaste-tablets-in-aluminium-tin-30-tablets-600x600-1.jpg\" alt=\"\" width=\"600\" height=\"600\" srcset=\"https:\/\/toidupakk.ee\/wp-content\/uploads\/2024\/09\/siberian-fir-activated-charcoal-toothpaste-tablets-in-aluminium-tin-30-tablets-600x600-1.jpg 600w, https:\/\/toidupakk.ee\/wp-content\/uploads\/2024\/09\/siberian-fir-activated-charcoal-toothpaste-tablets-in-aluminium-tin-30-tablets-600x600-1-400x400.jpg 400w, https:\/\/toidupakk.ee\/wp-content\/uploads\/2024\/09\/siberian-fir-activated-charcoal-toothpaste-tablets-in-aluminium-tin-30-tablets-600x600-1-100x100.jpg 100w, https:\/\/toidupakk.ee\/wp-content\/uploads\/2024\/09\/siberian-fir-activated-charcoal-toothpaste-tablets-in-aluminium-tin-30-tablets-600x600-1-300x300.jpg 300w, https:\/\/toidupakk.ee\/wp-content\/uploads\/2024\/09\/siberian-fir-activated-charcoal-toothpaste-tablets-in-aluminium-tin-30-tablets-600x600-1-500x500.jpg 500w\" sizes=\"(max-width: 600px) 100vw, 600px\" \/><\/p>\n<p>Zobacz wi\u0119cej akcesori\u00f3w turystycznych <a href=\"https:\/\/toidupakk.ee\/pl\/tootekategooria\/sprzet-turystyczny\/#section-3-79\">TUTAJ<\/a><\/p>\n<p>Znajd\u017a inspiracj\u0119 na kolejne przygody na <a href=\"https:\/\/www.instagram.com\/toidupakk\/\">Instagramie<\/a> i <a href=\"https:\/\/www.facebook.com\/Toidupakk\/\">Facebooku<\/a> Toidupakk.<\/p>\n","protected":false},"excerpt":{"rendered":"<p><strong>Wygodne w u\u017cyciu i w 100% naturalne tabletki do mycia z\u0119b\u00f3w<\/strong><\/p>\n<ul>\n<li>\u0141atwe u\u017cycie: pogry\u017a tabletk\u0119, szczotkuj wilgotn\u0105 szczoteczk\u0105, wypluj pian\u0119<\/li>\n<li>Po u\u017cyciu nie zaleca si\u0119 p\u0142ukania ust, aby minera\u0142y mog\u0142y zadzia\u0142a\u0107 jak najlepiej<\/li>\n<li>Zapakowane w ma\u0142e, por\u0119czne aluminiowe pude\u0142ko<\/li>\n<li>Dost\u0119pne w czterech r\u00f3\u017cnych rodzajach: o smaku cytrynowym, mi\u0119ty zielonej, mi\u0119ty pieprzowej oraz z jod\u0142\u0105 syberyjsk\u0105 i w\u0119glem aktywnym<\/li>\n<li>30 tabletek w jednym pude\u0142ku<\/li>\n<\/ul>\n<p>\u2705 Dost\u0119pne w magazynie, szybka dostawa w 1\u20133 dni robocze<\/p>\n<p><img loading=\"lazy\" decoding=\"async\" class=\"alignnone wp-image-27017\" src=\"https:\/\/toidupakk.ee\/wp-content\/uploads\/2024\/09\/Icon_made_in-1-300x300-1.png\" alt=\"\" width=\"100\" height=\"100\" srcset=\"https:\/\/toidupakk.ee\/wp-content\/uploads\/2024\/09\/Icon_made_in-1-300x300-1.png 300w, https:\/\/toidupakk.ee\/wp-content\/uploads\/2024\/09\/Icon_made_in-1-300x300-1-100x100.png 100w\" sizes=\"(max-width: 100px) 100vw, 100px\" \/> <img loading=\"lazy\" decoding=\"async\" class=\"alignnone wp-image-27018\" src=\"https:\/\/toidupakk.ee\/wp-content\/uploads\/2024\/09\/Icon_against_cavities-300x300-1.png\" alt=\"\" width=\"100\" height=\"100\" srcset=\"https:\/\/toidupakk.ee\/wp-content\/uploads\/2024\/09\/Icon_against_cavities-300x300-1.png 300w, https:\/\/toidupakk.ee\/wp-content\/uploads\/2024\/09\/Icon_against_cavities-300x300-1-100x100.png 100w\" sizes=\"(max-width: 100px) 100vw, 100px\" \/> <img loading=\"lazy\" decoding=\"async\" class=\"alignnone wp-image-27019\" src=\"https:\/\/toidupakk.ee\/wp-content\/uploads\/2024\/09\/Icon_Fresh_breath-300x300-1.png\" alt=\"\" width=\"100\" height=\"100\" srcset=\"https:\/\/toidupakk.ee\/wp-content\/uploads\/2024\/09\/Icon_Fresh_breath-300x300-1.png 300w, https:\/\/toidupakk.ee\/wp-content\/uploads\/2024\/09\/Icon_Fresh_breath-300x300-1-100x100.png 100w\" sizes=\"(max-width: 100px) 100vw, 100px\" \/> <img loading=\"lazy\" decoding=\"async\" class=\"alignnone wp-image-27020\" src=\"https:\/\/toidupakk.ee\/wp-content\/uploads\/2024\/09\/Icon_approved_dentists-300x300-1.png\" alt=\"\" width=\"100\" height=\"100\" srcset=\"https:\/\/toidupakk.ee\/wp-content\/uploads\/2024\/09\/Icon_approved_dentists-300x300-1.png 300w, https:\/\/toidupakk.ee\/wp-content\/uploads\/2024\/09\/Icon_approved_dentists-300x300-1-100x100.png 100w\" sizes=\"(max-width: 100px) 100vw, 100px\" \/><\/p>\n","protected":false},"featured_media":24189,"comment_status":"open","ping_status":"closed","template":"","meta":{"_acf_changed":false},"product_brand":[],"product_cat":[303,301],"product_tag":[305],"class_list":{"0":"post-52071","1":"product","2":"type-product","3":"status-publish","4":"has-post-thumbnail","6":"product_cat-akcesoria-turystyczne","7":"product_cat-sprzet-turystyczny","8":"product_tag-no_ads","10":"first","11":"instock","12":"sale","13":"taxable","14":"shipping-taxable","15":"purchasable","16":"product-type-variable","17":"has-default-attributes"},"bundled_by":[],"bundle_stock_status":"instock","bundle_stock_quantity":null,"bundle_virtual":false,"bundle_layout":"","bundle_add_to_cart_form_location":"","bundle_editable_in_cart":false,"bundle_sold_individually_context":"","bundle_item_grouping":"","bundle_min_size":"","bundle_max_size":"","bundle_price":[],"bundled_items":[],"bundle_sell_ids":[],"acf":[],"yoast_head":"<!-- This site is optimized with the Yoast SEO plugin v27.3 - https:\/\/yoast.com\/product\/yoast-seo-wordpress\/ -->\n<title>Tabletki do mycia z\u0119b\u00f3w Fresmy<\/title>\n<meta name=\"description\" content=\"Tabletki do mycia z\u0119b\u00f3w: \u017buj, szczotkuj, wypluj. Dost\u0119pne w 4 rodzajach: cytrynowym, mi\u0119towym, z mi\u0119t\u0105 zielon\u0105 oraz z jod\u0142\u0105 syberyjsk\u0105 i w\u0119glem aktywnym. W opakowaniu 30 szt.\" \/>\n<meta name=\"robots\" content=\"index, follow, max-snippet:-1, max-image-preview:large, max-video-preview:-1\" \/>\n<link rel=\"canonical\" href=\"https:\/\/toidupakk.ee\/pl\/toode\/tabletki-do-mycia-zebow-fresmy\/\" \/>\n<meta property=\"og:locale\" content=\"pl_PL\" \/>\n<meta property=\"og:type\" content=\"article\" \/>\n<meta property=\"og:title\" content=\"Tabletki do mycia z\u0119b\u00f3w Fresmy\" \/>\n<meta property=\"og:description\" content=\"Tabletki do mycia z\u0119b\u00f3w: \u017buj, szczotkuj, wypluj. Dost\u0119pne w 4 rodzajach: cytrynowym, mi\u0119towym, z mi\u0119t\u0105 zielon\u0105 oraz z jod\u0142\u0105 syberyjsk\u0105 i w\u0119glem aktywnym. W opakowaniu 30 szt.\" \/>\n<meta property=\"og:url\" content=\"https:\/\/toidupakk.ee\/pl\/toode\/tabletki-do-mycia-zebow-fresmy\/\" \/>\n<meta property=\"og:site_name\" content=\"Toidupakk.ee - Tactical Foodpack toidupakid\" \/>\n<meta property=\"article:publisher\" content=\"https:\/\/www.facebook.com\/Toidupakk\" \/>\n<meta property=\"article:modified_time\" content=\"2026-04-15T00:01:48+00:00\" \/>\n<meta property=\"og:image\" content=\"https:\/\/toidupakk.ee\/wp-content\/uploads\/2024\/06\/Hambapesutabletid-Fresmy-7.png\" \/>\n\t<meta property=\"og:image:width\" content=\"800\" \/>\n\t<meta property=\"og:image:height\" content=\"800\" \/>\n\t<meta property=\"og:image:type\" content=\"image\/png\" \/>\n<meta name=\"twitter:card\" content=\"summary_large_image\" \/>\n<meta name=\"twitter:label1\" content=\"Szacowany czas czytania\" \/>\n\t<meta name=\"twitter:data1\" content=\"3 minuty\" \/>\n<script type=\"application\/ld+json\" class=\"yoast-schema-graph\">{\"@context\":\"https:\\\/\\\/schema.org\",\"@graph\":[{\"@type\":\"WebPage\",\"@id\":\"https:\\\/\\\/toidupakk.ee\\\/pl\\\/toode\\\/tabletki-do-mycia-zebow-fresmy\\\/\",\"url\":\"https:\\\/\\\/toidupakk.ee\\\/pl\\\/toode\\\/tabletki-do-mycia-zebow-fresmy\\\/\",\"name\":\"Tabletki do mycia z\u0119b\u00f3w Fresmy\",\"isPartOf\":{\"@id\":\"https:\\\/\\\/toidupakk.ee\\\/pl\\\/#website\"},\"primaryImageOfPage\":{\"@id\":\"https:\\\/\\\/toidupakk.ee\\\/pl\\\/toode\\\/tabletki-do-mycia-zebow-fresmy\\\/#primaryimage\"},\"image\":{\"@id\":\"https:\\\/\\\/toidupakk.ee\\\/pl\\\/toode\\\/tabletki-do-mycia-zebow-fresmy\\\/#primaryimage\"},\"thumbnailUrl\":\"https:\\\/\\\/toidupakk.ee\\\/wp-content\\\/uploads\\\/2024\\\/06\\\/Hambapesutabletid-Fresmy-7.png\",\"datePublished\":\"2024-09-16T12:41:22+00:00\",\"dateModified\":\"2026-04-15T00:01:48+00:00\",\"description\":\"Tabletki do mycia z\u0119b\u00f3w: \u017buj, szczotkuj, wypluj. Dost\u0119pne w 4 rodzajach: cytrynowym, mi\u0119towym, z mi\u0119t\u0105 zielon\u0105 oraz z jod\u0142\u0105 syberyjsk\u0105 i w\u0119glem aktywnym. W opakowaniu 30 szt.\",\"breadcrumb\":{\"@id\":\"https:\\\/\\\/toidupakk.ee\\\/pl\\\/toode\\\/tabletki-do-mycia-zebow-fresmy\\\/#breadcrumb\"},\"inLanguage\":\"pl-PL\",\"potentialAction\":[{\"@type\":\"ReadAction\",\"target\":[\"https:\\\/\\\/toidupakk.ee\\\/pl\\\/toode\\\/tabletki-do-mycia-zebow-fresmy\\\/\"]}]},{\"@type\":\"ImageObject\",\"inLanguage\":\"pl-PL\",\"@id\":\"https:\\\/\\\/toidupakk.ee\\\/pl\\\/toode\\\/tabletki-do-mycia-zebow-fresmy\\\/#primaryimage\",\"url\":\"https:\\\/\\\/toidupakk.ee\\\/wp-content\\\/uploads\\\/2024\\\/06\\\/Hambapesutabletid-Fresmy-7.png\",\"contentUrl\":\"https:\\\/\\\/toidupakk.ee\\\/wp-content\\\/uploads\\\/2024\\\/06\\\/Hambapesutabletid-Fresmy-7.png\",\"width\":800,\"height\":800,\"caption\":\"hambapesutabletid\"},{\"@type\":\"BreadcrumbList\",\"@id\":\"https:\\\/\\\/toidupakk.ee\\\/pl\\\/toode\\\/tabletki-do-mycia-zebow-fresmy\\\/#breadcrumb\",\"itemListElement\":[{\"@type\":\"ListItem\",\"position\":1,\"name\":\"Avaleht\",\"item\":\"https:\\\/\\\/toidupakk.ee\\\/pl\\\/\"},{\"@type\":\"ListItem\",\"position\":2,\"name\":\"Sklep internetowy\",\"item\":\"https:\\\/\\\/toidupakk.ee\\\/pl\\\/sklep-internetowy\\\/\"},{\"@type\":\"ListItem\",\"position\":3,\"name\":\"Tabletki do mycia z\u0119b\u00f3w Fresmy\"}]},{\"@type\":\"WebSite\",\"@id\":\"https:\\\/\\\/toidupakk.ee\\\/pl\\\/#website\",\"url\":\"https:\\\/\\\/toidupakk.ee\\\/pl\\\/\",\"name\":\"Toidupakk.ee - Tactical Foodpack toidupakid\",\"description\":\"Tactical Foodpack k\u00fclmkuivatatud toidupakid ja matkaeined\",\"publisher\":{\"@id\":\"https:\\\/\\\/toidupakk.ee\\\/pl\\\/#organization\"},\"potentialAction\":[{\"@type\":\"SearchAction\",\"target\":{\"@type\":\"EntryPoint\",\"urlTemplate\":\"https:\\\/\\\/toidupakk.ee\\\/pl\\\/?s={search_term_string}\"},\"query-input\":{\"@type\":\"PropertyValueSpecification\",\"valueRequired\":true,\"valueName\":\"search_term_string\"}}],\"inLanguage\":\"pl-PL\"},{\"@type\":\"Organization\",\"@id\":\"https:\\\/\\\/toidupakk.ee\\\/pl\\\/#organization\",\"name\":\"Tactical Foodpack matkaeined\",\"url\":\"https:\\\/\\\/toidupakk.ee\\\/pl\\\/\",\"logo\":{\"@type\":\"ImageObject\",\"inLanguage\":\"pl-PL\",\"@id\":\"https:\\\/\\\/toidupakk.ee\\\/pl\\\/#\\\/schema\\\/logo\\\/image\\\/\",\"url\":\"https:\\\/\\\/toidupakk.ee\\\/wp-content\\\/uploads\\\/2022\\\/01\\\/Toidupakk-matkapood-logo-transparent.png\",\"contentUrl\":\"https:\\\/\\\/toidupakk.ee\\\/wp-content\\\/uploads\\\/2022\\\/01\\\/Toidupakk-matkapood-logo-transparent.png\",\"width\":500,\"height\":500,\"caption\":\"Tactical Foodpack matkaeined\"},\"image\":{\"@id\":\"https:\\\/\\\/toidupakk.ee\\\/pl\\\/#\\\/schema\\\/logo\\\/image\\\/\"},\"sameAs\":[\"https:\\\/\\\/www.facebook.com\\\/Toidupakk\",\"https:\\\/\\\/www.instagram.com\\\/toidupakk\\\/\"]}]}<\/script>\n<!-- \/ Yoast SEO plugin. -->","yoast_head_json":{"title":"Tabletki do mycia z\u0119b\u00f3w Fresmy","description":"Tabletki do mycia z\u0119b\u00f3w: \u017buj, szczotkuj, wypluj. Dost\u0119pne w 4 rodzajach: cytrynowym, mi\u0119towym, z mi\u0119t\u0105 zielon\u0105 oraz z jod\u0142\u0105 syberyjsk\u0105 i w\u0119glem aktywnym. W opakowaniu 30 szt.","robots":{"index":"index","follow":"follow","max-snippet":"max-snippet:-1","max-image-preview":"max-image-preview:large","max-video-preview":"max-video-preview:-1"},"canonical":"https:\/\/toidupakk.ee\/pl\/toode\/tabletki-do-mycia-zebow-fresmy\/","og_locale":"pl_PL","og_type":"article","og_title":"Tabletki do mycia z\u0119b\u00f3w Fresmy","og_description":"Tabletki do mycia z\u0119b\u00f3w: \u017buj, szczotkuj, wypluj. Dost\u0119pne w 4 rodzajach: cytrynowym, mi\u0119towym, z mi\u0119t\u0105 zielon\u0105 oraz z jod\u0142\u0105 syberyjsk\u0105 i w\u0119glem aktywnym. W opakowaniu 30 szt.","og_url":"https:\/\/toidupakk.ee\/pl\/toode\/tabletki-do-mycia-zebow-fresmy\/","og_site_name":"Toidupakk.ee - Tactical Foodpack toidupakid","article_publisher":"https:\/\/www.facebook.com\/Toidupakk","article_modified_time":"2026-04-15T00:01:48+00:00","og_image":[{"width":800,"height":800,"url":"https:\/\/toidupakk.ee\/wp-content\/uploads\/2024\/06\/Hambapesutabletid-Fresmy-7.png","type":"image\/png"}],"twitter_card":"summary_large_image","twitter_misc":{"Szacowany czas czytania":"3 minuty"},"schema":{"@context":"https:\/\/schema.org","@graph":[{"@type":"WebPage","@id":"https:\/\/toidupakk.ee\/pl\/toode\/tabletki-do-mycia-zebow-fresmy\/","url":"https:\/\/toidupakk.ee\/pl\/toode\/tabletki-do-mycia-zebow-fresmy\/","name":"Tabletki do mycia z\u0119b\u00f3w Fresmy","isPartOf":{"@id":"https:\/\/toidupakk.ee\/pl\/#website"},"primaryImageOfPage":{"@id":"https:\/\/toidupakk.ee\/pl\/toode\/tabletki-do-mycia-zebow-fresmy\/#primaryimage"},"image":{"@id":"https:\/\/toidupakk.ee\/pl\/toode\/tabletki-do-mycia-zebow-fresmy\/#primaryimage"},"thumbnailUrl":"https:\/\/toidupakk.ee\/wp-content\/uploads\/2024\/06\/Hambapesutabletid-Fresmy-7.png","datePublished":"2024-09-16T12:41:22+00:00","dateModified":"2026-04-15T00:01:48+00:00","description":"Tabletki do mycia z\u0119b\u00f3w: \u017buj, szczotkuj, wypluj. Dost\u0119pne w 4 rodzajach: cytrynowym, mi\u0119towym, z mi\u0119t\u0105 zielon\u0105 oraz z jod\u0142\u0105 syberyjsk\u0105 i w\u0119glem aktywnym. W opakowaniu 30 szt.","breadcrumb":{"@id":"https:\/\/toidupakk.ee\/pl\/toode\/tabletki-do-mycia-zebow-fresmy\/#breadcrumb"},"inLanguage":"pl-PL","potentialAction":[{"@type":"ReadAction","target":["https:\/\/toidupakk.ee\/pl\/toode\/tabletki-do-mycia-zebow-fresmy\/"]}]},{"@type":"ImageObject","inLanguage":"pl-PL","@id":"https:\/\/toidupakk.ee\/pl\/toode\/tabletki-do-mycia-zebow-fresmy\/#primaryimage","url":"https:\/\/toidupakk.ee\/wp-content\/uploads\/2024\/06\/Hambapesutabletid-Fresmy-7.png","contentUrl":"https:\/\/toidupakk.ee\/wp-content\/uploads\/2024\/06\/Hambapesutabletid-Fresmy-7.png","width":800,"height":800,"caption":"hambapesutabletid"},{"@type":"BreadcrumbList","@id":"https:\/\/toidupakk.ee\/pl\/toode\/tabletki-do-mycia-zebow-fresmy\/#breadcrumb","itemListElement":[{"@type":"ListItem","position":1,"name":"Avaleht","item":"https:\/\/toidupakk.ee\/pl\/"},{"@type":"ListItem","position":2,"name":"Sklep internetowy","item":"https:\/\/toidupakk.ee\/pl\/sklep-internetowy\/"},{"@type":"ListItem","position":3,"name":"Tabletki do mycia z\u0119b\u00f3w Fresmy"}]},{"@type":"WebSite","@id":"https:\/\/toidupakk.ee\/pl\/#website","url":"https:\/\/toidupakk.ee\/pl\/","name":"Toidupakk.ee - Tactical Foodpack toidupakid","description":"Tactical Foodpack k\u00fclmkuivatatud toidupakid ja matkaeined","publisher":{"@id":"https:\/\/toidupakk.ee\/pl\/#organization"},"potentialAction":[{"@type":"SearchAction","target":{"@type":"EntryPoint","urlTemplate":"https:\/\/toidupakk.ee\/pl\/?s={search_term_string}"},"query-input":{"@type":"PropertyValueSpecification","valueRequired":true,"valueName":"search_term_string"}}],"inLanguage":"pl-PL"},{"@type":"Organization","@id":"https:\/\/toidupakk.ee\/pl\/#organization","name":"Tactical Foodpack matkaeined","url":"https:\/\/toidupakk.ee\/pl\/","logo":{"@type":"ImageObject","inLanguage":"pl-PL","@id":"https:\/\/toidupakk.ee\/pl\/#\/schema\/logo\/image\/","url":"https:\/\/toidupakk.ee\/wp-content\/uploads\/2022\/01\/Toidupakk-matkapood-logo-transparent.png","contentUrl":"https:\/\/toidupakk.ee\/wp-content\/uploads\/2022\/01\/Toidupakk-matkapood-logo-transparent.png","width":500,"height":500,"caption":"Tactical Foodpack matkaeined"},"image":{"@id":"https:\/\/toidupakk.ee\/pl\/#\/schema\/logo\/image\/"},"sameAs":["https:\/\/www.facebook.com\/Toidupakk","https:\/\/www.instagram.com\/toidupakk\/"]}]}},"jetpack_sharing_enabled":true,"_links":{"self":[{"href":"https:\/\/toidupakk.ee\/pl\/wp-json\/wp\/v2\/product\/52071","targetHints":{"allow":["GET"]}}],"collection":[{"href":"https:\/\/toidupakk.ee\/pl\/wp-json\/wp\/v2\/product"}],"about":[{"href":"https:\/\/toidupakk.ee\/pl\/wp-json\/wp\/v2\/types\/product"}],"replies":[{"embeddable":true,"href":"https:\/\/toidupakk.ee\/pl\/wp-json\/wp\/v2\/comments?post=52071"}],"wp:featuredmedia":[{"embeddable":true,"href":"https:\/\/toidupakk.ee\/pl\/wp-json\/wp\/v2\/media\/24189"}],"wp:attachment":[{"href":"https:\/\/toidupakk.ee\/pl\/wp-json\/wp\/v2\/media?parent=52071"}],"wp:term":[{"taxonomy":"product_brand","embeddable":true,"href":"https:\/\/toidupakk.ee\/pl\/wp-json\/wp\/v2\/product_brand?post=52071"},{"taxonomy":"product_cat","embeddable":true,"href":"https:\/\/toidupakk.ee\/pl\/wp-json\/wp\/v2\/product_cat?post=52071"},{"taxonomy":"product_tag","embeddable":true,"href":"https:\/\/toidupakk.ee\/pl\/wp-json\/wp\/v2\/product_tag?post=52071"}],"curies":[{"name":"wp","href":"https:\/\/api.w.org\/{rel}","templated":true}]}}